{"id":1489,"date":"2023-07-14T07:59:06","date_gmt":"2023-07-14T07:59:06","guid":{"rendered":"https:\/\/chemuza.org\/it\/cesio\/"},"modified":"2023-07-14T07:59:06","modified_gmt":"2023-07-14T07:59:06","slug":"cesio","status":"publish","type":"page","link":"https:\/\/chemuza.org\/it\/cesio\/","title":{"rendered":"Cesio"},"content":{"rendered":"<p>Il cesio \u00e8 presente nei minerali pollucite e lepidolite, nelle polveri e nelle rocce in concentrazioni minime a causa della sua elevata reattivit\u00e0. Si trova allo stato naturale stabile solo con il suo isotopo 133. Inoltre i suoi composti sono molto apprezzati nei settori elettronico, chimico, medico ed elettrico. Vi informiamo sulle sue propriet\u00e0, usi e altri aspetti in questo articolo.<\/p>\n<h2> <strong>Cos&#8217;\u00e8 il cesio?<\/strong><\/h2>\n<p> \u00c8 un metallo alcalino situato nel gruppo 1 con numero atomico 55 nella tavola periodica. \u00c8 il pi\u00f9 pesante degli elementi alcalini e si distingue per la formazione di composti inorganici. Inoltre \u00e8 di colore bianco argenteo lucido, che si ossida rapidamente in presenza di aria umida.<\/p>\n<h3> <strong>Simbolo del cesio<\/strong><\/h3>\n<p> <span class=\"content-chemical-element\" style=\"float: left;width: 65px;height: 65px;border: 3px solid #666; display:flex;\n    justify-content: center;align-items: center;margin-right: 15px;\"><span style=\"font-size: 38px;\">Cs<\/span><\/span> Il suo nome deriva dal latino <em>caesius<\/em> , che significa cielo azzurro. Prende questo nome perch\u00e9 al momento della sua scoperta rifletteva 2 linee spettroscopiche blu in un campione di acqua minerale.<\/p>\n<h2> <strong>Caratteristiche del cesio<\/strong><\/h2>\n<p> Corrisponde ad un metallo pesante, molto tenero, che ha un basso punto di fusione. \u00c8 uno degli alcali pi\u00f9 reattivi del suo gruppo, \u00e8 piroforico, cio\u00e8 infiammabile nell&#8217;aria umida. Inoltre, ad alte temperature, reagisce con l&#8217;idrogeno per formare composti di idrogeno. Altre funzionalit\u00e0 sono elencate di seguito:<\/p>\n<ul>\n<li> <strong>Stato<\/strong> : Solido e liquido a bassa temperatura.<\/li>\n<li> <strong>Sapore e odore<\/strong> : \u00e8 inodore e senza sapore caratteristico.<\/li>\n<li> <strong>Composizione<\/strong> : Composto da 55 elettroni e protoni, 78 neutroni. Nel nucleo gli elettroni hanno livello energetico 6.<\/li>\n<li> <strong>Tossicit\u00e0<\/strong> : moderata. Tuttavia, un\u2019esposizione eccessiva a questo elemento provoca malattie digestive, emorragie e morte.<\/li>\n<li> <strong>Reattivit\u00e0:<\/strong> Elevata, reagisce violentemente con l&#8217;acqua, dove forma idrossido di cesio, con alogeni, ghiaccio, monossido di carbonio e ammoniaca.<\/li>\n<li> <strong>Solubilit\u00e0<\/strong> : l&#8217;elemento e i suoi composti sono solubili in acqua.<\/li>\n<li> <strong>Cristallizzazione<\/strong> : cubica centrata su tutto il corpo.<\/li>\n<li> <strong>Conduttivit\u00e0<\/strong> : Presenta una buona conduttivit\u00e0 elettrica.<\/li>\n<\/ul>\n<h2> <strong>Propriet\u00e0 chimiche e fisiche del cesio<\/strong><\/h2>\n<ol>\n<li> <strong>Numero atomico<\/strong> : 55<\/li>\n<li> <strong>Periodo<\/strong> : 6<\/li>\n<li> <strong>Blocco<\/strong> : S<\/li>\n<li> <strong>Gruppo<\/strong> : 1<\/li>\n<li> <strong>Stato di ossidazione<\/strong> : 1<\/li>\n<li> <strong>Energia di ionizzazione:<\/strong> 375,7<\/li>\n<li> <strong>Ruggine:<\/strong> forte<\/li>\n<li> <strong>Massa atomica (g\/mol):<\/strong> 132,90545<strong> <\/strong>Oro<\/li>\n<li> <strong>Densit\u00e0:<\/strong> 1879 Kg\/m3<\/li>\n<li> <strong>Punto di ebollizione:<\/strong> 671<strong> <\/strong>\u00b0C<\/li>\n<li> <strong>Punto di fusione:<\/strong> 28<strong> <\/strong>\u00b0C<\/li>\n<li> <strong>Raggio covalente:<\/strong> 225 pm<\/li>\n<li> <strong>Raggio atomico:<\/strong> 298 pm<\/li>\n<li> <strong>Raggio medio:<\/strong> 260 ore<\/li>\n<li> <strong>Elettronegativit\u00e0:<\/strong> 0,79<\/li>\n<li> <strong>Calore specifico:<\/strong> 240 J \/ (K kg)<\/li>\n<li> <strong>Configurazione elettronica:<\/strong> [Xe] 6s1<\/li>\n<li> <strong>Elettroni per strato:<\/strong> 2, 8, 18, 18, 8,<strong> <\/strong>1<\/li>\n<li> <strong>Conduttivit\u00e0 termica:<\/strong> 35,9 W\/(Km)<\/li>\n<li> <strong>Conduttivit\u00e0 elettrica:<\/strong> 4,89 x 106 S\/m<\/li>\n<\/ol>\n<h2> <strong>Origine del cesio<\/strong><\/h2>\n<p> Questo elemento fu scoperto da Gustav Kirchhoff e Robert Bunsen nel 1860 utilizzando uno spettroscopio. Sull&#8217;attrezzatura si riflettevano 2 linee blu luminose, che erano due sali metallici. Bunsen riusc\u00ec a isolarli con l&#8217;acqua minerale, ma non con l&#8217;elemento allo stato metallico. Fu solo nel 1862 che Carl Setterberg lo isol\u00f2 mediante elettrolisi con cianuro di cesio.<\/p>\n<h2> <strong>A cosa serve il Cesio?<\/strong><\/h2>\n<p> Viene utilizzato per produrre fotocellule, contatori a scintillazione, lampade a infrarossi militari, apparecchiature spettrografiche, dispositivi ottici e di rilevamento. Viene utilizzato nella produzione di cristalli, ceramiche e come assorbente negli impianti di purificazione dell&#8217;anidride carbonica. Altri usi sono:<\/p>\n<h3> <strong>Medicinale<\/strong><\/h3>\n<p> Il cesio-137 \u00e8 utilizzato nei trattamenti radioterapici per il cancro, in una procedura chiamata brachiterapia. Il materiale utilizzato \u00e8 costituito da perline inserite in pazienti affetti da tumori e prive di effetti avversi. Inoltre, i sali dell&#8217;elemento vengono utilizzati come antishock topico dopo la somministrazione di farmaci contenenti arsenico.<\/p>\n<h3> <strong>Scienza<\/strong><\/h3>\n<p> In ambito scientifico questo elemento viene utilizzato nello sviluppo degli orologi atomici, deputati alla misurazione del tempo basandosi sull&#8217;energia degli atomi di cesio 133. Inoltre, serve per specificare le unit\u00e0 del Sistema Internazionale o SI, composto da 7 scale di misura. . .<\/p>\n<h3> <strong>Industriale<\/strong><\/h3>\n<p> Nei generatori termonici il vapore proveniente dall&#8217;elemento viene utilizzato nella trasformazione del calore in energia elettrica a bassa potenza. Altre propriet\u00e0 del cesio vengono utilizzate nella calibrazione dei magnetometri che misurano l&#8217;intensit\u00e0 di un campo magnetico.<\/p>\n<h2> <strong>Dove si trova il cesio?<\/strong><\/h2>\n<p> Viene eliminato nell&#8217;ambiente miscelato con minerali in una proporzione di 7 ppm. Non \u00e8 comune nella sua forma metallica nella crosta terrestre, ma piccoli campioni puri provengono dall&#8217;erosione e dalle rocce. Inoltre, durante l&#8217;estrazione e la frantumazione dei minerali, l&#8217;elemento viene rilasciato nell&#8217;aria, nel suolo e nell&#8217;acqua. Nella sua forma radioattiva si trova in natura attraverso le centrali nucleari, le detonazioni di armi e gli incidenti nucleari.<\/p>\n<h2> <strong>Come si ottiene il cesio?<\/strong><\/h2>\n<p> Si ottiene dal suo composto principale, ovvero la pollucite, attraverso la digestione di questo minerale in acidi forti. I pi\u00f9 utilizzati sono cloridrico, bromidrico, fluoridrico e solforico. Nel processo vengono utilizzati metodi di decomposizione alcalina e riduzione diretta. Infine, viene applicata l&#8217;elettrolisi del cianuro di cesio per ottenere il metallo puro.<\/p>\n<p> In sintesi, questo metallo alcalino si distingue per il suo carattere pesante ed \u00e8 il pi\u00f9 reattivo del suo gruppo. Gli usi e le applicazioni del cesio si estendono al campo medico e scientifico, grazie al suo basso punto di fusione e conduttivit\u00e0.<\/p>\n","protected":false},"excerpt":{"rendered":"<p>Il cesio \u00e8 presente nei minerali pollucite e lepidolite, nelle polveri e nelle rocce in concentrazioni minime a causa della sua elevata reattivit\u00e0. Si trova allo stato naturale stabile solo con il suo isotopo 133. Inoltre i suoi composti sono molto apprezzati nei settori elettronico, chimico, medico ed elettrico. Vi informiamo sulle sue propriet\u00e0, usi &#8230; <a title=\"Cesio\" class=\"read-more\" href=\"https:\/\/chemuza.org\/it\/cesio\/\" aria-label=\"More on Cesio\">Per saperne di pi\u00f9<\/a><\/p>\n","protected":false},"author":1,"featured_media":0,"parent":0,"menu_order":0,"comment_status":"closed","ping_status":"closed","template":"","meta":{"footnotes":""},"yoast_head":"<!-- This site is optimized with the Yoast SEO plugin v21.4 - https:\/\/yoast.com\/wordpress\/plugins\/seo\/ -->\n<title>Cesio - Chemuza<\/title>\n<meta name=\"robots\" content=\"index, follow, max-snippet:-1, max-image-preview:large, max-video-preview:-1\" \/>\n<link rel=\"canonical\" href=\"https:\/\/chemuza.org\/it\/cesio\/\" \/>\n<meta property=\"og:locale\" content=\"it_IT\" \/>\n<meta property=\"og:type\" content=\"article\" \/>\n<meta property=\"og:title\" content=\"Cesio - Chemuza\" \/>\n<meta property=\"og:description\" content=\"Il cesio \u00e8 presente nei minerali pollucite e lepidolite, nelle polveri e nelle rocce in concentrazioni minime a causa della sua elevata reattivit\u00e0. Si trova allo stato naturale stabile solo con il suo isotopo 133. Inoltre i suoi composti sono molto apprezzati nei settori elettronico, chimico, medico ed elettrico. Vi informiamo sulle sue propriet\u00e0, usi ... Per saperne di pi\u00f9\" \/>\n<meta property=\"og:url\" content=\"https:\/\/chemuza.org\/it\/cesio\/\" \/>\n<meta property=\"og:site_name\" content=\"Chemuza\" \/>\n<meta name=\"twitter:card\" content=\"summary_large_image\" \/>\n<meta name=\"twitter:label1\" content=\"Tempo di lettura stimato\" \/>\n\t<meta name=\"twitter:data1\" content=\"4 minuti\" \/>\n<script type=\"application\/ld+json\" class=\"yoast-schema-graph\">{\"@context\":\"https:\/\/schema.org\",\"@graph\":[{\"@type\":\"WebPage\",\"@id\":\"https:\/\/chemuza.org\/it\/cesio\/\",\"url\":\"https:\/\/chemuza.org\/it\/cesio\/\",\"name\":\"Cesio - Chemuza\",\"isPartOf\":{\"@id\":\"https:\/\/chemuza.org\/it\/#website\"},\"datePublished\":\"2023-07-14T07:59:06+00:00\",\"dateModified\":\"2023-07-14T07:59:06+00:00\",\"breadcrumb\":{\"@id\":\"https:\/\/chemuza.org\/it\/cesio\/#breadcrumb\"},\"inLanguage\":\"it-IT\",\"potentialAction\":[{\"@type\":\"ReadAction\",\"target\":[\"https:\/\/chemuza.org\/it\/cesio\/\"]}]},{\"@type\":\"BreadcrumbList\",\"@id\":\"https:\/\/chemuza.org\/it\/cesio\/#breadcrumb\",\"itemListElement\":[{\"@type\":\"ListItem\",\"position\":1,\"name\":\"Casa\",\"item\":\"https:\/\/chemuza.org\/it\/\"},{\"@type\":\"ListItem\",\"position\":2,\"name\":\"Cesio\"}]},{\"@type\":\"WebSite\",\"@id\":\"https:\/\/chemuza.org\/it\/#website\",\"url\":\"https:\/\/chemuza.org\/it\/\",\"name\":\"Chemuza\",\"description\":\"La tua porta d&#039;accesso alla scoperta chimica!\",\"publisher\":{\"@id\":\"https:\/\/chemuza.org\/it\/#organization\"},\"potentialAction\":[{\"@type\":\"SearchAction\",\"target\":{\"@type\":\"EntryPoint\",\"urlTemplate\":\"https:\/\/chemuza.org\/it\/?s={search_term_string}\"},\"query-input\":\"required name=search_term_string\"}],\"inLanguage\":\"it-IT\"},{\"@type\":\"Organization\",\"@id\":\"https:\/\/chemuza.org\/it\/#organization\",\"name\":\"Chemuza\",\"url\":\"https:\/\/chemuza.org\/it\/\",\"logo\":{\"@type\":\"ImageObject\",\"inLanguage\":\"it-IT\",\"@id\":\"https:\/\/chemuza.org\/it\/#\/schema\/logo\/image\/\",\"url\":\"https:\/\/chemuza.org\/it\/wp-content\/uploads\/2023\/10\/chemuza-logo.png\",\"contentUrl\":\"https:\/\/chemuza.org\/it\/wp-content\/uploads\/2023\/10\/chemuza-logo.png\",\"width\":387,\"height\":70,\"caption\":\"Chemuza\"},\"image\":{\"@id\":\"https:\/\/chemuza.org\/it\/#\/schema\/logo\/image\/\"}}]}<\/script>\n<!-- \/ Yoast SEO plugin. -->","yoast_head_json":{"title":"Cesio - Chemuza","robots":{"index":"index","follow":"follow","max-snippet":"max-snippet:-1","max-image-preview":"max-image-preview:large","max-video-preview":"max-video-preview:-1"},"canonical":"https:\/\/chemuza.org\/it\/cesio\/","og_locale":"it_IT","og_type":"article","og_title":"Cesio - Chemuza","og_description":"Il cesio \u00e8 presente nei minerali pollucite e lepidolite, nelle polveri e nelle rocce in concentrazioni minime a causa della sua elevata reattivit\u00e0. Si trova allo stato naturale stabile solo con il suo isotopo 133. Inoltre i suoi composti sono molto apprezzati nei settori elettronico, chimico, medico ed elettrico. Vi informiamo sulle sue propriet\u00e0, usi ... Per saperne di pi\u00f9","og_url":"https:\/\/chemuza.org\/it\/cesio\/","og_site_name":"Chemuza","twitter_card":"summary_large_image","twitter_misc":{"Tempo di lettura stimato":"4 minuti"},"schema":{"@context":"https:\/\/schema.org","@graph":[{"@type":"WebPage","@id":"https:\/\/chemuza.org\/it\/cesio\/","url":"https:\/\/chemuza.org\/it\/cesio\/","name":"Cesio - Chemuza","isPartOf":{"@id":"https:\/\/chemuza.org\/it\/#website"},"datePublished":"2023-07-14T07:59:06+00:00","dateModified":"2023-07-14T07:59:06+00:00","breadcrumb":{"@id":"https:\/\/chemuza.org\/it\/cesio\/#breadcrumb"},"inLanguage":"it-IT","potentialAction":[{"@type":"ReadAction","target":["https:\/\/chemuza.org\/it\/cesio\/"]}]},{"@type":"BreadcrumbList","@id":"https:\/\/chemuza.org\/it\/cesio\/#breadcrumb","itemListElement":[{"@type":"ListItem","position":1,"name":"Casa","item":"https:\/\/chemuza.org\/it\/"},{"@type":"ListItem","position":2,"name":"Cesio"}]},{"@type":"WebSite","@id":"https:\/\/chemuza.org\/it\/#website","url":"https:\/\/chemuza.org\/it\/","name":"Chemuza","description":"La tua porta d&#039;accesso alla scoperta chimica!","publisher":{"@id":"https:\/\/chemuza.org\/it\/#organization"},"potentialAction":[{"@type":"SearchAction","target":{"@type":"EntryPoint","urlTemplate":"https:\/\/chemuza.org\/it\/?s={search_term_string}"},"query-input":"required name=search_term_string"}],"inLanguage":"it-IT"},{"@type":"Organization","@id":"https:\/\/chemuza.org\/it\/#organization","name":"Chemuza","url":"https:\/\/chemuza.org\/it\/","logo":{"@type":"ImageObject","inLanguage":"it-IT","@id":"https:\/\/chemuza.org\/it\/#\/schema\/logo\/image\/","url":"https:\/\/chemuza.org\/it\/wp-content\/uploads\/2023\/10\/chemuza-logo.png","contentUrl":"https:\/\/chemuza.org\/it\/wp-content\/uploads\/2023\/10\/chemuza-logo.png","width":387,"height":70,"caption":"Chemuza"},"image":{"@id":"https:\/\/chemuza.org\/it\/#\/schema\/logo\/image\/"}}]}},"yoast_meta":{"yoast_wpseo_title":"","yoast_wpseo_metadesc":"","yoast_wpseo_canonical":""},"_links":{"self":[{"href":"https:\/\/chemuza.org\/it\/wp-json\/wp\/v2\/pages\/1489"}],"collection":[{"href":"https:\/\/chemuza.org\/it\/wp-json\/wp\/v2\/pages"}],"about":[{"href":"https:\/\/chemuza.org\/it\/wp-json\/wp\/v2\/types\/page"}],"author":[{"embeddable":true,"href":"https:\/\/chemuza.org\/it\/wp-json\/wp\/v2\/users\/1"}],"replies":[{"embeddable":true,"href":"https:\/\/chemuza.org\/it\/wp-json\/wp\/v2\/comments?post=1489"}],"version-history":[{"count":0,"href":"https:\/\/chemuza.org\/it\/wp-json\/wp\/v2\/pages\/1489\/revisions"}],"wp:attachment":[{"href":"https:\/\/chemuza.org\/it\/wp-json\/wp\/v2\/media?parent=1489"}],"curies":[{"name":"wp","href":"https:\/\/api.w.org\/{rel}","templated":true}]}}