{"id":1488,"date":"2023-07-14T08:02:41","date_gmt":"2023-07-14T08:02:41","guid":{"rendered":"https:\/\/chemuza.org\/it\/iodio\/"},"modified":"2023-07-14T08:02:41","modified_gmt":"2023-07-14T08:02:41","slug":"iodio","status":"publish","type":"page","link":"https:\/\/chemuza.org\/it\/iodio\/","title":{"rendered":"Iodio"},"content":{"rendered":"<p>Lo iodio \u00e8 un elemento chimico presente nell&#8217;aria, nel suolo e nell&#8217;acqua di mare. Si trova anche nei meteoriti, nelle stelle e nel sole. Si ottiene grazie agli ioduri presenti nelle alghe e nel mare e sotto forma di iodati da nitrati di salnitro. In piccole quantit\u00e0, \u00e8 essenziale per la vita, come puoi vedere qui.<\/p>\n<h2> <strong>Cos&#8217;\u00e8 lo iodio?<\/strong><\/h2>\n<p> Appartiene al gruppo 17 degli alogeni della tavola periodica e costituisce un elemento molto particolare. Il colore dello iodio \u00e8 un nero bluastro lucido, non \u00e8 metallico e allo stato naturale \u00e8 solido, anche se pu\u00f2 assumere una colorazione gassosa e rosa e viola. In acqua ha difficolt\u00e0 a dissolversi, tuttavia con altri composti come il tetracloruro di carbonio, il disolfuro di carbonio o il cloroformio si dissolve rapidamente.<\/p>\n<h3> <strong>Simbolo dello iodio<\/strong><\/h3>\n<p> <span class=\"content-chemical-element\" style=\"float: left;width: 65px;height: 65px;border: 3px solid #666; display:flex;\n    justify-content: center;align-items: center;margin-right: 15px;\"><span style=\"font-size: 38px;\">I<\/span><\/span> Il suo numero atomico \u00e8 53 e la sua massa atomica \u00e8 126.904 e tra gli alogeni \u00e8 il pi\u00f9 pesante. Non \u00e8 metallico e si conoscono 37 isotopi di iodio, ma solo 127 sono stabili.<\/p>\n<h2> <strong>Caratteristiche dello iodio<\/strong><\/h2>\n<p> Come altri alogeni, \u00e8 in grado di formare grandi molecole. Tuttavia, \u00e8 il meno reattivo del gruppo e ha propriet\u00e0 metalliche. Alcune delle caratteristiche dello iodio sono:<\/p>\n<ul>\n<li> <strong>Reattivit\u00e0 chimica:<\/strong> gli isotopi radioattivi possono formarsi naturalmente durante le reazioni chimiche nell&#8217;atmosfera.<\/li>\n<li> <strong>Solubilit\u00e0<\/strong> : Leggermente solubile in acqua e in una soluzione acquosa di Ioduro di Potassio, si dissolve facilmente.<\/li>\n<li> <strong>Gusto:<\/strong> metallico.<\/li>\n<li> <strong>Stato<\/strong> : Il suo stato naturale \u00e8 solido, ma pu\u00f2 trasformarsi in gas.<\/li>\n<\/ul>\n<h2> <strong>Propriet\u00e0 chimiche e fisiche dello iodio<\/strong><\/h2>\n<ol>\n<li> <strong>Numero atomico<\/strong> : 53<\/li>\n<li> <strong>Periodo:<\/strong> 5<\/li>\n<li> <strong>blocco:<\/strong> pag<\/li>\n<li> <strong>Punto di fusione:<\/strong> 386,85K<\/li>\n<li> <strong>Punto di ebollizione:<\/strong> 457,4K<\/li>\n<li> <strong>Densit\u00e0:<\/strong> 4930 kg\/m\u00b3<\/li>\n<li> <strong>Calore specifico:<\/strong> 145 J<\/li>\n<li> <strong>Raggio covalente (\u00c5):<\/strong> 133<\/li>\n<li> <strong>Raggio atomico:<\/strong> 115<\/li>\n<li> <strong>Elettronegativit\u00e0:<\/strong> 2,66<\/li>\n<li> <strong>Conduttivit\u00e0 elettrica:<\/strong> 8,0 x 10 <sup>-8<\/sup> S\/m<\/li>\n<li> <strong>Conduttivit\u00e0 termica:<\/strong> 0,449 W<\/li>\n<li> <strong>Configurazione elettronica:<\/strong> [Kr]4d <sup>10<\/sup> 5s <sup>2<\/sup> 5p <sup>5<\/sup><\/li>\n<li> <strong>Entalpia di vaporizzazione:<\/strong> 20.752 kJ\/mol<\/li>\n<li> <strong>Entalpia di fusione:<\/strong> 7.824 Kj\/mol<\/li>\n<li> <strong>Stato di ossidazione:<\/strong> -1, 1, 3, 5, 7<\/li>\n<\/ol>\n<h2> <strong>Origine dello iodio<\/strong><\/h2>\n<p> Fu scoperto nel 1811 nelle ceneri di alghe da Bernard Courtois. Questo chimico francese fu il primo a isolare lo iodio e trov\u00f2 accidentalmente questo elemento mentre cercava di isolare alcuni composti di potassio e sodio dalle ceneri di alcune specie di alghe marine. Quando aggiunse alle ceneri una quantit\u00e0 eccessiva di acido solforico, not\u00f2 la formazione di iodio dai gas violacei. Inoltre, il nome dell&#8217;elemento deriva dalla parola greca <em>Iodes<\/em> , che significa viola, poich\u00e9 le sfumature dei gas erano viola.<\/p>\n<h2> <strong>A cosa serve lo iodio?<\/strong><\/h2>\n<p> Lo iodio \u00e8 molto utile in campo medico, soprattutto per combattere le infezioni. Allo stesso modo, \u00e8 necessario per la vita umana e viene utilizzato anche nelle industrie.<\/p>\n<h3> <strong>Industria<\/strong><\/h3>\n<p> I biocidi contenenti iodio sono ampiamente utilizzati per produrre vernici, adesivi, trattare il legno e fluidi per la lavorazione dei metalli. \u00c8 inoltre essenziale nella produzione della polarizzazione dei fogli LCD e LED, che sono uno dei componenti di televisori, telefoni e monitor.<\/p>\n<h3> <strong>Campo farmaceutico<\/strong><\/h3>\n<p> In questo campo funge da antisettico, antibiotico, corticosteroide e farmaco cardiovascolare, nonch\u00e9 come materia prima per il contrasto dei raggi X. Inoltre, viene utilizzato per purificare l&#8217;acqua. In commercio, infatti, esistono compresse di iodio che vengono aggiunte all&#8217;acqua per eliminare le sostanze dannose per l&#8217;organismo umano.<\/p>\n<h3> <strong>Medicinale<\/strong><\/h3>\n<p> L&#8217;isotopo iodio-131, che ha un&#8217;emivita di 8 giorni, \u00e8 usato per trattare alcuni disturbi della tiroide. Inoltre, la tintura di iodio \u00e8 un ottimo prodotto di sterilizzazione, motivo per cui viene utilizzata per curare le ferite. Inoltre, aiuta ad eliminare le tossine dal corpo e purifica il sangue.<\/p>\n<p> D&#8217;altra parte, lo iodio durante la gravidanza impedisce al feto di deformarsi. Riduce le irritazioni e le infiammazioni delle parti intime della donna e riduce le perdite vaginali, soprattutto se dovute a candidosi cronica. Inoltre, combatte le infezioni batteriche come la congiuntivite e allevia tosse e raffreddore.<\/p>\n<h2> <strong>Alimenti contenenti iodio<\/strong><\/h2>\n<p> Poich\u00e9 il corpo umano non produce iodio, \u00e8 fondamentale ottenerlo attraverso gli alimenti che dobbiamo includere nella dieta. La carenza di questo elemento pu\u00f2 essere controproducente per la salute. Pertanto, alcuni alimenti ricchi di iodio:<\/p>\n<ul>\n<li> Latte, formaggio, yogurt, uova.<\/li>\n<li> Pesce di mare, crostacei, cozze, ostriche, gamberi.<\/li>\n<li> Pollo.<\/li>\n<li> Sale iodato.<\/li>\n<li> Mirtilli, fragole, mele, arachidi.<\/li>\n<li> Semole.<\/li>\n<li> Aglio, spinaci, broccoli, patate.<\/li>\n<\/ul>\n<p> In conclusione, lo Iodio o Iodio \u00e8 un elemento della tavola periodica presente sulla terra, essenziale per l&#8217;essere umano. Inoltre, le sue applicazioni sono numerose sia in medicina che nell&#8217;industria.<\/p>\n","protected":false},"excerpt":{"rendered":"<p>Lo iodio \u00e8 un elemento chimico presente nell&#8217;aria, nel suolo e nell&#8217;acqua di mare. Si trova anche nei meteoriti, nelle stelle e nel sole. Si ottiene grazie agli ioduri presenti nelle alghe e nel mare e sotto forma di iodati da nitrati di salnitro. In piccole quantit\u00e0, \u00e8 essenziale per la vita, come puoi vedere &#8230; <a title=\"Iodio\" class=\"read-more\" href=\"https:\/\/chemuza.org\/it\/iodio\/\" aria-label=\"More on Iodio\">Per saperne di pi\u00f9<\/a><\/p>\n","protected":false},"author":1,"featured_media":0,"parent":0,"menu_order":0,"comment_status":"closed","ping_status":"closed","template":"","meta":{"footnotes":""},"yoast_head":"<!-- This site is optimized with the Yoast SEO plugin v21.4 - https:\/\/yoast.com\/wordpress\/plugins\/seo\/ -->\n<title>Iodio - Chemuza<\/title>\n<meta name=\"robots\" content=\"index, follow, max-snippet:-1, max-image-preview:large, max-video-preview:-1\" \/>\n<link rel=\"canonical\" href=\"https:\/\/chemuza.org\/it\/iodio\/\" \/>\n<meta property=\"og:locale\" content=\"it_IT\" \/>\n<meta property=\"og:type\" content=\"article\" \/>\n<meta property=\"og:title\" content=\"Iodio - Chemuza\" \/>\n<meta property=\"og:description\" content=\"Lo iodio \u00e8 un elemento chimico presente nell&#8217;aria, nel suolo e nell&#8217;acqua di mare. Si trova anche nei meteoriti, nelle stelle e nel sole. Si ottiene grazie agli ioduri presenti nelle alghe e nel mare e sotto forma di iodati da nitrati di salnitro. In piccole quantit\u00e0, \u00e8 essenziale per la vita, come puoi vedere ... Per saperne di pi\u00f9\" \/>\n<meta property=\"og:url\" content=\"https:\/\/chemuza.org\/it\/iodio\/\" \/>\n<meta property=\"og:site_name\" content=\"Chemuza\" \/>\n<meta name=\"twitter:card\" content=\"summary_large_image\" \/>\n<meta name=\"twitter:label1\" content=\"Tempo di lettura stimato\" \/>\n\t<meta name=\"twitter:data1\" content=\"3 minuti\" \/>\n<script type=\"application\/ld+json\" class=\"yoast-schema-graph\">{\"@context\":\"https:\/\/schema.org\",\"@graph\":[{\"@type\":\"WebPage\",\"@id\":\"https:\/\/chemuza.org\/it\/iodio\/\",\"url\":\"https:\/\/chemuza.org\/it\/iodio\/\",\"name\":\"Iodio - Chemuza\",\"isPartOf\":{\"@id\":\"https:\/\/chemuza.org\/it\/#website\"},\"datePublished\":\"2023-07-14T08:02:41+00:00\",\"dateModified\":\"2023-07-14T08:02:41+00:00\",\"breadcrumb\":{\"@id\":\"https:\/\/chemuza.org\/it\/iodio\/#breadcrumb\"},\"inLanguage\":\"it-IT\",\"potentialAction\":[{\"@type\":\"ReadAction\",\"target\":[\"https:\/\/chemuza.org\/it\/iodio\/\"]}]},{\"@type\":\"BreadcrumbList\",\"@id\":\"https:\/\/chemuza.org\/it\/iodio\/#breadcrumb\",\"itemListElement\":[{\"@type\":\"ListItem\",\"position\":1,\"name\":\"Casa\",\"item\":\"https:\/\/chemuza.org\/it\/\"},{\"@type\":\"ListItem\",\"position\":2,\"name\":\"Iodio\"}]},{\"@type\":\"WebSite\",\"@id\":\"https:\/\/chemuza.org\/it\/#website\",\"url\":\"https:\/\/chemuza.org\/it\/\",\"name\":\"Chemuza\",\"description\":\"La tua porta d&#039;accesso alla scoperta chimica!\",\"publisher\":{\"@id\":\"https:\/\/chemuza.org\/it\/#organization\"},\"potentialAction\":[{\"@type\":\"SearchAction\",\"target\":{\"@type\":\"EntryPoint\",\"urlTemplate\":\"https:\/\/chemuza.org\/it\/?s={search_term_string}\"},\"query-input\":\"required name=search_term_string\"}],\"inLanguage\":\"it-IT\"},{\"@type\":\"Organization\",\"@id\":\"https:\/\/chemuza.org\/it\/#organization\",\"name\":\"Chemuza\",\"url\":\"https:\/\/chemuza.org\/it\/\",\"logo\":{\"@type\":\"ImageObject\",\"inLanguage\":\"it-IT\",\"@id\":\"https:\/\/chemuza.org\/it\/#\/schema\/logo\/image\/\",\"url\":\"https:\/\/chemuza.org\/it\/wp-content\/uploads\/2023\/10\/chemuza-logo.png\",\"contentUrl\":\"https:\/\/chemuza.org\/it\/wp-content\/uploads\/2023\/10\/chemuza-logo.png\",\"width\":387,\"height\":70,\"caption\":\"Chemuza\"},\"image\":{\"@id\":\"https:\/\/chemuza.org\/it\/#\/schema\/logo\/image\/\"}}]}<\/script>\n<!-- \/ Yoast SEO plugin. -->","yoast_head_json":{"title":"Iodio - Chemuza","robots":{"index":"index","follow":"follow","max-snippet":"max-snippet:-1","max-image-preview":"max-image-preview:large","max-video-preview":"max-video-preview:-1"},"canonical":"https:\/\/chemuza.org\/it\/iodio\/","og_locale":"it_IT","og_type":"article","og_title":"Iodio - Chemuza","og_description":"Lo iodio \u00e8 un elemento chimico presente nell&#8217;aria, nel suolo e nell&#8217;acqua di mare. Si trova anche nei meteoriti, nelle stelle e nel sole. Si ottiene grazie agli ioduri presenti nelle alghe e nel mare e sotto forma di iodati da nitrati di salnitro. In piccole quantit\u00e0, \u00e8 essenziale per la vita, come puoi vedere ... Per saperne di pi\u00f9","og_url":"https:\/\/chemuza.org\/it\/iodio\/","og_site_name":"Chemuza","twitter_card":"summary_large_image","twitter_misc":{"Tempo di lettura stimato":"3 minuti"},"schema":{"@context":"https:\/\/schema.org","@graph":[{"@type":"WebPage","@id":"https:\/\/chemuza.org\/it\/iodio\/","url":"https:\/\/chemuza.org\/it\/iodio\/","name":"Iodio - Chemuza","isPartOf":{"@id":"https:\/\/chemuza.org\/it\/#website"},"datePublished":"2023-07-14T08:02:41+00:00","dateModified":"2023-07-14T08:02:41+00:00","breadcrumb":{"@id":"https:\/\/chemuza.org\/it\/iodio\/#breadcrumb"},"inLanguage":"it-IT","potentialAction":[{"@type":"ReadAction","target":["https:\/\/chemuza.org\/it\/iodio\/"]}]},{"@type":"BreadcrumbList","@id":"https:\/\/chemuza.org\/it\/iodio\/#breadcrumb","itemListElement":[{"@type":"ListItem","position":1,"name":"Casa","item":"https:\/\/chemuza.org\/it\/"},{"@type":"ListItem","position":2,"name":"Iodio"}]},{"@type":"WebSite","@id":"https:\/\/chemuza.org\/it\/#website","url":"https:\/\/chemuza.org\/it\/","name":"Chemuza","description":"La tua porta d&#039;accesso alla scoperta chimica!","publisher":{"@id":"https:\/\/chemuza.org\/it\/#organization"},"potentialAction":[{"@type":"SearchAction","target":{"@type":"EntryPoint","urlTemplate":"https:\/\/chemuza.org\/it\/?s={search_term_string}"},"query-input":"required name=search_term_string"}],"inLanguage":"it-IT"},{"@type":"Organization","@id":"https:\/\/chemuza.org\/it\/#organization","name":"Chemuza","url":"https:\/\/chemuza.org\/it\/","logo":{"@type":"ImageObject","inLanguage":"it-IT","@id":"https:\/\/chemuza.org\/it\/#\/schema\/logo\/image\/","url":"https:\/\/chemuza.org\/it\/wp-content\/uploads\/2023\/10\/chemuza-logo.png","contentUrl":"https:\/\/chemuza.org\/it\/wp-content\/uploads\/2023\/10\/chemuza-logo.png","width":387,"height":70,"caption":"Chemuza"},"image":{"@id":"https:\/\/chemuza.org\/it\/#\/schema\/logo\/image\/"}}]}},"yoast_meta":{"yoast_wpseo_title":"","yoast_wpseo_metadesc":"","yoast_wpseo_canonical":""},"_links":{"self":[{"href":"https:\/\/chemuza.org\/it\/wp-json\/wp\/v2\/pages\/1488"}],"collection":[{"href":"https:\/\/chemuza.org\/it\/wp-json\/wp\/v2\/pages"}],"about":[{"href":"https:\/\/chemuza.org\/it\/wp-json\/wp\/v2\/types\/page"}],"author":[{"embeddable":true,"href":"https:\/\/chemuza.org\/it\/wp-json\/wp\/v2\/users\/1"}],"replies":[{"embeddable":true,"href":"https:\/\/chemuza.org\/it\/wp-json\/wp\/v2\/comments?post=1488"}],"version-history":[{"count":0,"href":"https:\/\/chemuza.org\/it\/wp-json\/wp\/v2\/pages\/1488\/revisions"}],"wp:attachment":[{"href":"https:\/\/chemuza.org\/it\/wp-json\/wp\/v2\/media?parent=1488"}],"curies":[{"name":"wp","href":"https:\/\/api.w.org\/{rel}","templated":true}]}}