{"id":1486,"date":"2023-07-14T08:29:47","date_gmt":"2023-07-14T08:29:47","guid":{"rendered":"https:\/\/chemuza.org\/it\/xeno\/"},"modified":"2023-07-14T08:29:47","modified_gmt":"2023-07-14T08:29:47","slug":"xeno","status":"publish","type":"page","link":"https:\/\/chemuza.org\/it\/xeno\/","title":{"rendered":"Xeno"},"content":{"rendered":"<p>Lo xeno si trova nell&#8217;atmosfera terrestre in tracce, ma \u00e8 presente anche in forma gassosa in alcune sorgenti minerali e nei meteoriti. Per l\u2019uomo \u00e8 classificato come gas asfissiante, sebbene non sia tossico. L&#8217;aria \u00e8 la fonte commerciale di questo elemento. Scopri di seguito le sue propriet\u00e0, applicazioni e caratteristiche.<\/p>\n<h2> <strong>Cos&#8217;\u00e8 lo xeno?<\/strong><\/h2>\n<p> \u00c8 uno degli elementi chimici della tavola periodica ed \u00e8 considerato un gas pesante. Circa un litro di Xenon pesa 5.842 grammi. \u00c8 l&#8217;unico gas nobile che, a temperatura ambiente, \u00e8 in grado di formare composti chimici stabili, come il tetrafluoruro di xeno, l&#8217;esafluoruro di xeno e il perxenato di sodio.<\/p>\n<h3> <strong>Simbolo dello xeno<\/strong><\/h3>\n<p> <span class=\"content-chemical-element\" style=\"float: left;width: 65px;height: 65px;border: 3px solid #666; display:flex;\n    justify-content: center;align-items: center;margin-right: 15px;\"><span style=\"font-size: 38px;\">Xe<\/span><\/span> Questo elemento si trova nel gruppo 18 della tavola periodica con una massa atomica di 131.293 e numero atomico 54. Ha nove isotopi stabili e 20 instabili.<\/p>\n<h2> <strong>Caratteristiche dello xeno<\/strong><\/h2>\n<p> Condivide alcune qualit\u00e0 con il resto dei gas nobili, come avere valenza zero, essere molto pesante e non avere colore o odore. Inoltre, quando racchiuso in un tubo e sottoposto a una scossa elettrica, \u00e8 in grado di emettere luce blu. Altre caratteristiche dello Xenon:<\/p>\n<ul>\n<li> <strong>Reattivit\u00e0 chimica<\/strong> : In condizioni normali, mostra una reattivit\u00e0 molto bassa.<\/li>\n<li> <strong>Aspetto<\/strong> : \u00c8 incolore e inodore.<\/li>\n<li> <strong>Stato<\/strong> : il suo stato naturale \u00e8 gas non magnetico.<\/li>\n<li> <strong>Struttura<\/strong> : cubica centrata sulle facce.<\/li>\n<\/ul>\n<h2> <strong>Propriet\u00e0 chimiche e fisiche dello Xenon<\/strong><\/h2>\n<ol>\n<li> <strong>Numero atomico<\/strong> : 54<\/li>\n<li> <strong>Serie chimica:<\/strong> Gas nobili<\/li>\n<li> <strong>Periodo:<\/strong> 5<\/li>\n<li> <strong>blocco:<\/strong> pag<\/li>\n<li> <strong>Densit\u00e0:<\/strong> 5,9 kg\/m\u00b3<\/li>\n<li> <strong>Calore specifico:<\/strong> 158 J<\/li>\n<li> <strong>Raggio covalente (\u00c5):<\/strong> 130<\/li>\n<li> <strong>Raggio atomico:<\/strong> 108<\/li>\n<li> <strong>Elettronegativit\u00e0:<\/strong> 2.6<\/li>\n<li> <strong>Stato di ossidazione:<\/strong> 0<\/li>\n<li> <strong>Punto di fusione:<\/strong> 161,4K<\/li>\n<li> <strong>Punto di ebollizione:<\/strong> 165,1K<\/li>\n<li> <strong>Velocit\u00e0 del suono:<\/strong> 1090 m\/s a 293,15 K<\/li>\n<li> <strong>Entalpia di fusione:<\/strong> 2.297 Kj\/mol<\/li>\n<li> <strong>Entalpia di vaporizzazione:<\/strong> 12.636 kJ\/mol<\/li>\n<li> <strong>Configurazione elettronica:<\/strong> [Kr] 5s <sup>2<\/sup> 4d <sup>10<\/sup> 5p <sup>6<\/sup><\/li>\n<li> <strong>Massa atomica (g\/mol):<\/strong> 131.293<\/li>\n<\/ol>\n<h2> <strong>Origine dello xeno<\/strong><\/h2>\n<p> Il nome deriva dalla parola greca <em>xenos<\/em> , che ha uno strano significato ed \u00e8 stato il primo gas sintetizzato. Fu scoperto nel 1898 dai chimici britannici Morris Travers e William Ramsay quando ottennero residui dopo l&#8217;evaporazione dei componenti liquidi dell&#8217;aria.<\/p>\n<h2> <strong>A cosa serve lo xeno?<\/strong><\/h2>\n<p> Questo gas viene utilizzato per realizzare dispositivi elettroluminescenti, come luci stroboscopiche, battericidi e tubi elettronici. Allo stesso modo, nelle lampade utilizzate per produrre laser a rubino, che generano luce coerente. Scopri altre applicazioni di questo gas inerte:<\/p>\n<h3> <strong>Gas<\/strong><\/h3>\n<p> Allo stato gassoso \u00e8 uno dei componenti delle lampade allo xeno, perch\u00e9 quando riceve una scarica elettrica genera un tipo di illuminazione simile alla luce del giorno. Inoltre, viene utilizzato per ridurre al minimo i rischi di esplosioni associati alla propulsione chimica. Inoltre, per il riempimento di tubi radiotelevisivi e nelle centrali nucleari.<\/p>\n<h3> <strong>carburante e industria<\/strong><\/h3>\n<p> Come combustibile, \u00e8 ideale nei sistemi di propulsione elettrica utilizzati nei viaggi spaziali. Inoltre, viene utilizzato nella produzione di fari di veicoli, nonch\u00e9 in fotocopiatrici e stampanti come agente che consente all&#8217;inchiostro di sigillare il foglio.<\/p>\n<h3> <strong>Liquido<\/strong><\/h3>\n<p> Allo stato liquido viene utilizzato come solvente nelle reazioni chimiche e nella spettroscopia infrarossa. Viene utilizzato anche nelle sonde delle centrali nucleari e nelle camere a bolle.<\/p>\n<h3> <strong>Gas anestetici e medicinali<\/strong><\/h3>\n<p> Nel 1951 lo xeno fu identificato come anestetico. Se somministrato con il 30% di ossigeno, \u00e8 in grado di generare una potente anestesia, ma non \u00e8 approvato per l&#8217;uso negli esseri umani. \u00c8 insolubile nei tessuti corporei e nel sangue, il che influenza la rapida induzione e il rapido recupero.<\/p>\n<p> Inoltre, viene utilizzato in alcuni dispositivi per realizzare immagini mediche, come raggi X e risonanza magnetica. Inoltre, lo usano in alcuni farmaci per trattare alcuni tipi di cancro. Viene invece utilizzato in campo oftalmologico per le terapie laser e in campo dermatologico per eliminare lesioni cutanee.<\/p>\n<h3> <strong>Luci allo xeno<\/strong><\/h3>\n<p> Il gas xeno \u00e8 molto utilizzato nella produzione dei fari delle automobili, anche se il suo costo \u00e8 elevato. Questi tipi di apparecchi sono costituiti da un bulbo di vetro con all&#8217;interno gas xeno al posto di un filamento. Il risultato \u00e8 un&#8217;illuminazione potente e a basso consumo, perfetta per la guida in condizioni di nebbia.<\/p>\n<p> In breve, lo xeno \u00e8 un gas inerte che, insieme ad altri gas, fa parte della tavola periodica. Si trova in piccole tracce nei meteoriti e nei minerali e pu\u00f2 essere ottenuto commercialmente mediante estrazione di aria liquida. Sebbene non sia molto reattivo, pu\u00f2 formare composti chimici.<\/p>\n","protected":false},"excerpt":{"rendered":"<p>Lo xeno si trova nell&#8217;atmosfera terrestre in tracce, ma \u00e8 presente anche in forma gassosa in alcune sorgenti minerali e nei meteoriti. Per l\u2019uomo \u00e8 classificato come gas asfissiante, sebbene non sia tossico. L&#8217;aria \u00e8 la fonte commerciale di questo elemento. Scopri di seguito le sue propriet\u00e0, applicazioni e caratteristiche. Cos&#8217;\u00e8 lo xeno? \u00c8 uno &#8230; <a title=\"Xeno\" class=\"read-more\" href=\"https:\/\/chemuza.org\/it\/xeno\/\" aria-label=\"More on Xeno\">Per saperne di pi\u00f9<\/a><\/p>\n","protected":false},"author":1,"featured_media":0,"parent":0,"menu_order":0,"comment_status":"closed","ping_status":"closed","template":"","meta":{"footnotes":""},"yoast_head":"<!-- This site is optimized with the Yoast SEO plugin v21.4 - https:\/\/yoast.com\/wordpress\/plugins\/seo\/ -->\n<title>Xeno - Chemuza<\/title>\n<meta name=\"robots\" content=\"index, follow, max-snippet:-1, max-image-preview:large, max-video-preview:-1\" \/>\n<link rel=\"canonical\" href=\"https:\/\/chemuza.org\/it\/xeno\/\" \/>\n<meta property=\"og:locale\" content=\"it_IT\" \/>\n<meta property=\"og:type\" content=\"article\" \/>\n<meta property=\"og:title\" content=\"Xeno - Chemuza\" \/>\n<meta property=\"og:description\" content=\"Lo xeno si trova nell&#8217;atmosfera terrestre in tracce, ma \u00e8 presente anche in forma gassosa in alcune sorgenti minerali e nei meteoriti. Per l\u2019uomo \u00e8 classificato come gas asfissiante, sebbene non sia tossico. L&#8217;aria \u00e8 la fonte commerciale di questo elemento. Scopri di seguito le sue propriet\u00e0, applicazioni e caratteristiche. Cos&#8217;\u00e8 lo xeno? \u00c8 uno ... Per saperne di pi\u00f9\" \/>\n<meta property=\"og:url\" content=\"https:\/\/chemuza.org\/it\/xeno\/\" \/>\n<meta property=\"og:site_name\" content=\"Chemuza\" \/>\n<meta name=\"twitter:card\" content=\"summary_large_image\" \/>\n<meta name=\"twitter:label1\" content=\"Tempo di lettura stimato\" \/>\n\t<meta name=\"twitter:data1\" content=\"3 minuti\" \/>\n<script type=\"application\/ld+json\" class=\"yoast-schema-graph\">{\"@context\":\"https:\/\/schema.org\",\"@graph\":[{\"@type\":\"WebPage\",\"@id\":\"https:\/\/chemuza.org\/it\/xeno\/\",\"url\":\"https:\/\/chemuza.org\/it\/xeno\/\",\"name\":\"Xeno - Chemuza\",\"isPartOf\":{\"@id\":\"https:\/\/chemuza.org\/it\/#website\"},\"datePublished\":\"2023-07-14T08:29:47+00:00\",\"dateModified\":\"2023-07-14T08:29:47+00:00\",\"breadcrumb\":{\"@id\":\"https:\/\/chemuza.org\/it\/xeno\/#breadcrumb\"},\"inLanguage\":\"it-IT\",\"potentialAction\":[{\"@type\":\"ReadAction\",\"target\":[\"https:\/\/chemuza.org\/it\/xeno\/\"]}]},{\"@type\":\"BreadcrumbList\",\"@id\":\"https:\/\/chemuza.org\/it\/xeno\/#breadcrumb\",\"itemListElement\":[{\"@type\":\"ListItem\",\"position\":1,\"name\":\"Casa\",\"item\":\"https:\/\/chemuza.org\/it\/\"},{\"@type\":\"ListItem\",\"position\":2,\"name\":\"Xeno\"}]},{\"@type\":\"WebSite\",\"@id\":\"https:\/\/chemuza.org\/it\/#website\",\"url\":\"https:\/\/chemuza.org\/it\/\",\"name\":\"Chemuza\",\"description\":\"La tua porta d&#039;accesso alla scoperta chimica!\",\"publisher\":{\"@id\":\"https:\/\/chemuza.org\/it\/#organization\"},\"potentialAction\":[{\"@type\":\"SearchAction\",\"target\":{\"@type\":\"EntryPoint\",\"urlTemplate\":\"https:\/\/chemuza.org\/it\/?s={search_term_string}\"},\"query-input\":\"required name=search_term_string\"}],\"inLanguage\":\"it-IT\"},{\"@type\":\"Organization\",\"@id\":\"https:\/\/chemuza.org\/it\/#organization\",\"name\":\"Chemuza\",\"url\":\"https:\/\/chemuza.org\/it\/\",\"logo\":{\"@type\":\"ImageObject\",\"inLanguage\":\"it-IT\",\"@id\":\"https:\/\/chemuza.org\/it\/#\/schema\/logo\/image\/\",\"url\":\"https:\/\/chemuza.org\/it\/wp-content\/uploads\/2023\/10\/chemuza-logo.png\",\"contentUrl\":\"https:\/\/chemuza.org\/it\/wp-content\/uploads\/2023\/10\/chemuza-logo.png\",\"width\":387,\"height\":70,\"caption\":\"Chemuza\"},\"image\":{\"@id\":\"https:\/\/chemuza.org\/it\/#\/schema\/logo\/image\/\"}}]}<\/script>\n<!-- \/ Yoast SEO plugin. -->","yoast_head_json":{"title":"Xeno - Chemuza","robots":{"index":"index","follow":"follow","max-snippet":"max-snippet:-1","max-image-preview":"max-image-preview:large","max-video-preview":"max-video-preview:-1"},"canonical":"https:\/\/chemuza.org\/it\/xeno\/","og_locale":"it_IT","og_type":"article","og_title":"Xeno - Chemuza","og_description":"Lo xeno si trova nell&#8217;atmosfera terrestre in tracce, ma \u00e8 presente anche in forma gassosa in alcune sorgenti minerali e nei meteoriti. Per l\u2019uomo \u00e8 classificato come gas asfissiante, sebbene non sia tossico. L&#8217;aria \u00e8 la fonte commerciale di questo elemento. Scopri di seguito le sue propriet\u00e0, applicazioni e caratteristiche. Cos&#8217;\u00e8 lo xeno? \u00c8 uno ... Per saperne di pi\u00f9","og_url":"https:\/\/chemuza.org\/it\/xeno\/","og_site_name":"Chemuza","twitter_card":"summary_large_image","twitter_misc":{"Tempo di lettura stimato":"3 minuti"},"schema":{"@context":"https:\/\/schema.org","@graph":[{"@type":"WebPage","@id":"https:\/\/chemuza.org\/it\/xeno\/","url":"https:\/\/chemuza.org\/it\/xeno\/","name":"Xeno - Chemuza","isPartOf":{"@id":"https:\/\/chemuza.org\/it\/#website"},"datePublished":"2023-07-14T08:29:47+00:00","dateModified":"2023-07-14T08:29:47+00:00","breadcrumb":{"@id":"https:\/\/chemuza.org\/it\/xeno\/#breadcrumb"},"inLanguage":"it-IT","potentialAction":[{"@type":"ReadAction","target":["https:\/\/chemuza.org\/it\/xeno\/"]}]},{"@type":"BreadcrumbList","@id":"https:\/\/chemuza.org\/it\/xeno\/#breadcrumb","itemListElement":[{"@type":"ListItem","position":1,"name":"Casa","item":"https:\/\/chemuza.org\/it\/"},{"@type":"ListItem","position":2,"name":"Xeno"}]},{"@type":"WebSite","@id":"https:\/\/chemuza.org\/it\/#website","url":"https:\/\/chemuza.org\/it\/","name":"Chemuza","description":"La tua porta d&#039;accesso alla scoperta chimica!","publisher":{"@id":"https:\/\/chemuza.org\/it\/#organization"},"potentialAction":[{"@type":"SearchAction","target":{"@type":"EntryPoint","urlTemplate":"https:\/\/chemuza.org\/it\/?s={search_term_string}"},"query-input":"required name=search_term_string"}],"inLanguage":"it-IT"},{"@type":"Organization","@id":"https:\/\/chemuza.org\/it\/#organization","name":"Chemuza","url":"https:\/\/chemuza.org\/it\/","logo":{"@type":"ImageObject","inLanguage":"it-IT","@id":"https:\/\/chemuza.org\/it\/#\/schema\/logo\/image\/","url":"https:\/\/chemuza.org\/it\/wp-content\/uploads\/2023\/10\/chemuza-logo.png","contentUrl":"https:\/\/chemuza.org\/it\/wp-content\/uploads\/2023\/10\/chemuza-logo.png","width":387,"height":70,"caption":"Chemuza"},"image":{"@id":"https:\/\/chemuza.org\/it\/#\/schema\/logo\/image\/"}}]}},"yoast_meta":{"yoast_wpseo_title":"","yoast_wpseo_metadesc":"","yoast_wpseo_canonical":""},"_links":{"self":[{"href":"https:\/\/chemuza.org\/it\/wp-json\/wp\/v2\/pages\/1486"}],"collection":[{"href":"https:\/\/chemuza.org\/it\/wp-json\/wp\/v2\/pages"}],"about":[{"href":"https:\/\/chemuza.org\/it\/wp-json\/wp\/v2\/types\/page"}],"author":[{"embeddable":true,"href":"https:\/\/chemuza.org\/it\/wp-json\/wp\/v2\/users\/1"}],"replies":[{"embeddable":true,"href":"https:\/\/chemuza.org\/it\/wp-json\/wp\/v2\/comments?post=1486"}],"version-history":[{"count":0,"href":"https:\/\/chemuza.org\/it\/wp-json\/wp\/v2\/pages\/1486\/revisions"}],"wp:attachment":[{"href":"https:\/\/chemuza.org\/it\/wp-json\/wp\/v2\/media?parent=1486"}],"curies":[{"name":"wp","href":"https:\/\/api.w.org\/{rel}","templated":true}]}}