{"id":1484,"date":"2023-07-14T08:56:42","date_gmt":"2023-07-14T08:56:42","guid":{"rendered":"https:\/\/chemuza.org\/it\/neodimio\/"},"modified":"2023-07-14T08:56:42","modified_gmt":"2023-07-14T08:56:42","slug":"neodimio","status":"publish","type":"page","link":"https:\/\/chemuza.org\/it\/neodimio\/","title":{"rendered":"Neodimio"},"content":{"rendered":"<p>Sapevate che il Mischmetall o Misch metal \u00e8 una lega composta al 18% di neodimio? \u00c8 presente negli elettrodomestici come televisori, vetreria varia e lampade fluorescenti. Tuttavia, \u00e8 un elemento chimico che non esiste liberamente sul pianeta Terra. Scopri le sue propriet\u00e0, caratteristiche e applicazioni.<\/p>\n<h2> <strong>Cos&#8217;\u00e8 il<\/strong> <strong>neodimio<\/strong> <strong>?<\/strong><\/h2>\n<p> L&#8217;elemento chimico Neodimio \u00e8 un metallo che fa parte della serie dei Lantanidi e appartiene al gruppo delle terre rare. Generalmente \u00e8 molto reattivo, si corrode facilmente e ha una lucentezza metallica utilizzata per produrre soluzioni rosso-viola. Possiede invece 6 diversi isotopi stabili presenti in natura, 60 elettroni e un peso atomico di 144,24.<\/p>\n<h3> <strong>Simbolo del neodimio<\/strong><\/h3>\n<p> <span class=\"content-chemical-element\" style=\"float: left;width: 65px;height: 65px;border: 3px solid #666; display:flex;\n    justify-content: center;align-items: center;margin-right: 15px;\"><span style=\"font-size: 38px;\">Nd<\/span><\/span> L&#8217;abbreviazione dell&#8217;elemento deriva dalle espressioni greche <em>neos<\/em> e <em>didymos<\/em> , che hanno il <em>nuovo significato di gemello<\/em> . Riceve questo nome perch\u00e9 l&#8217;elemento fu scoperto insieme al praseodimio, e anche perch\u00e9 era la frazione che conteneva la maggiore abbondanza di didimio.<\/p>\n<h2> <strong>Caratteristiche del neodimio<\/strong><\/h2>\n<p> Questo metallo ha la capacit\u00e0 di emettere un suono squillante simile a quello del bronzo quando viene colpito. Inoltre, i suoi atomi interagiscono tra loro tramite un legame metallico. Allo stesso modo ha una malleabilit\u00e0 e una densit\u00e0 di 6,89 g\/cm\u00b3 fino al punto di fusione. Nota altre caratteristiche speciali di seguito:<\/p>\n<ul>\n<li> <strong>Reattivit\u00e0 chimica:<\/strong> Reagisce rapidamente con l&#8217;ossigeno, le sostanze acide e l&#8217;acqua calda.<\/li>\n<li> <strong>Condizione<\/strong> : \u00e8 solido a temperatura ambiente.<\/li>\n<li> <strong>Colore<\/strong> : Ha un aspetto bianco argenteo giallastro brillante e forma composti rosati o violacei.<\/li>\n<li> <strong>Modifiche<\/strong> : Scurisce facilmente in presenza di ossigeno. Le soluzioni acquose illuminate dalla luce fluorescente diventano gialle.<\/li>\n<li> <strong>Struttura chimica<\/strong> : Ha una struttura cristallina compatta a doppio esagono, ma quando riscaldato a 863\u00ba C, si trasforma in un corpo cubico centrato.<\/li>\n<li> <strong>Conduttore<\/strong> : conduce bene il calore e l&#8217;elettricit\u00e0.<\/li>\n<li> <strong>Durezza<\/strong> : Ha una durezza simile a quella del ferro.<\/li>\n<li> <strong>Ordine magnetico<\/strong> : \u00e8 paramagnetico. Pu\u00f2 acquisire la saturazione magnetica a -253,15\u00b0C e diventa antiferromagnetico.<\/li>\n<li> <strong>Stati di ossidazione<\/strong> : i suoi composti partecipano agli stati di ossidazione 0, +1, +2, +3 e +4, sebbene il pi\u00f9 comune e stabile sia +3.<\/li>\n<\/ul>\n<h2> <strong>Propriet\u00e0<\/strong> <strong>chimiche<\/strong> e fisiche <strong>del neodimio<\/strong><\/h2>\n<ol>\n<li> <strong>Numero atomico<\/strong> : 60<\/li>\n<li> <strong>Stati di ossidazione<\/strong> : +3<\/li>\n<li> <strong>Raggio covalente (\u00c5)<\/strong> : 164 pm<\/li>\n<li> <strong>Calore specifico<\/strong> : 190 J\/(K-kg)<\/li>\n<li> <strong>Elettroni per livello<\/strong> : 2, 8, 18, 22, 8, 2<\/li>\n<li> <strong>Entalpia di vaporizzazione<\/strong> : 273 kJ\/mol<\/li>\n<li> <strong>Configurazione elettronica<\/strong> : [Xe]4f <sup>4<\/sup> 6s <sup>2<\/sup><\/li>\n<li> <strong>Punto di ebollizione<\/strong> : 3100 \u00b0C (3373 K)<\/li>\n<li> <strong>Massa atomica (g\/mol)<\/strong> : 144,24 u<\/li>\n<li> <strong>Potenziale di prima ionizzazione (eV)<\/strong> : 533,1 kJ\/mol<\/li>\n<li> <strong>Elettronegativit\u00e0<\/strong> : 1,14 (scala Pauling)<\/li>\n<li> <strong>Velocit\u00e0 del suono<\/strong> : 2330 m\/s a 293,15 K<\/li>\n<li> <strong>Entalpia di fusione<\/strong> : 7,14 kJ\/mol<\/li>\n<li> <strong>Condizioni ordinarie<\/strong> : solido.<\/li>\n<li> <strong>Densit\u00e0<\/strong> : 7,00 g\/ml<\/li>\n<li> <strong>Ossido<\/strong> : Leggermente basico.<\/li>\n<li> <strong>Raggio atomico (\u00c5)<\/strong> : 206 pm (raggio di Bohr)<\/li>\n<li> <strong>Punto di fusione<\/strong> : 1024\u00b0C (1297K)<\/li>\n<\/ol>\n<h2> <strong>Origine del<\/strong> <strong>neodimio<\/strong><\/h2>\n<p> Secondo la storia la sua scoperta ebbe inizio grazie al Didimio, fino ad allora erroneamente considerato un elemento chimico. Ci\u00f2 avvenne specificamente nel 1885 per mano di Carl Auer von Welsbach. Questo chimico \u00e8 riuscito a frazionare il didimio utilizzando l&#8217;analisi spettroscopica.<\/p>\n<p> Successivamente il barone Welsbach, dopo aver effettuato difficili cristallizzazioni frazionate in sali di ammonio e nitrato, riusc\u00ec a separare l&#8217;elemento Neodimio dal Praseodimio, poich\u00e9 entrambi costituivano Didimio. Il sale del primo aveva un colore rosa, mentre il secondo aveva un tono verdastro. Infine, lo stato puro venne isolato poco prima del 1925.<\/p>\n<h2> <strong>A cosa serve il neodimio?<\/strong><\/h2>\n<p> \u00c8 un elemento utilizzato per realizzare lenti protettive, perch\u00e9 pu\u00f2 assorbire luci incandescenti giallastre durante la saldatura. Inoltre, questo conferisce ai cristalli colori diversi che cambiano a seconda della luce incidente. Altri usi del neodimio sono:<\/p>\n<ul>\n<li> \u00c8 riciclabile e l\u2019industria dei veicoli elettrici lo utilizza per realizzare potenti magneti.<\/li>\n<li> L&#8217;ossido di neodimio viene utilizzato nei laser ad alta potenza, come le radiazioni infrarosse e le fotocamere.<\/li>\n<li> Viene utilizzato come sostituto della vernice metallizzata sulle automobili.<\/li>\n<li> I suoi sali vengono utilizzati come colorante per smalti.<\/li>\n<li> Viene utilizzato come fertilizzante per aumentare la crescita delle piante.<\/li>\n<li> Grazie al suo buon comportamento elettronico viene spesso utilizzato come materiale per i pickup delle chitarre.<\/li>\n<\/ul>\n<h2> Cos&#8217;\u00e8 un <strong>magnete<\/strong> <strong>al neodimio<\/strong> <strong>?<\/strong><\/h2>\n<p> \u00c8 un tipo di magnete permanente di terre rare, costituito da una lega di neodimio, ferro e boro. \u00c8 stato creato dalla societ\u00e0 General Motors e dal produttore Sumitomo Metal Industries. Viene utilizzato per diverse applicazioni nell&#8217;industria moderna, ad esempio per utensili a batteria, cuscinetti magnetici e dischi rigidi.<\/p>\n<p> In sintesi, il neodimio \u00e8 un elemento metallico della serie dei lantanidi e appartiene al gruppo delle terre rare. \u00c8 malleabile, reattivo, solido, bianco argenteo, paramagnetico, buon conduttore termico ed elettrico. Alcune delle sue applicazioni sono magneti al neodimio, colorazione del vetro e sostituti delle vernici metalliche.<\/p>\n","protected":false},"excerpt":{"rendered":"<p>Sapevate che il Mischmetall o Misch metal \u00e8 una lega composta al 18% di neodimio? \u00c8 presente negli elettrodomestici come televisori, vetreria varia e lampade fluorescenti. Tuttavia, \u00e8 un elemento chimico che non esiste liberamente sul pianeta Terra. Scopri le sue propriet\u00e0, caratteristiche e applicazioni. Cos&#8217;\u00e8 il neodimio ? L&#8217;elemento chimico Neodimio \u00e8 un metallo &#8230; <a title=\"Neodimio\" class=\"read-more\" href=\"https:\/\/chemuza.org\/it\/neodimio\/\" aria-label=\"More on Neodimio\">Per saperne di pi\u00f9<\/a><\/p>\n","protected":false},"author":1,"featured_media":0,"parent":0,"menu_order":0,"comment_status":"closed","ping_status":"closed","template":"","meta":{"footnotes":""},"yoast_head":"<!-- This site is optimized with the Yoast SEO plugin v21.4 - https:\/\/yoast.com\/wordpress\/plugins\/seo\/ -->\n<title>Neodimio - Chemuza<\/title>\n<meta name=\"robots\" content=\"index, follow, max-snippet:-1, max-image-preview:large, max-video-preview:-1\" \/>\n<link rel=\"canonical\" href=\"https:\/\/chemuza.org\/it\/neodimio\/\" \/>\n<meta property=\"og:locale\" content=\"it_IT\" \/>\n<meta property=\"og:type\" content=\"article\" \/>\n<meta property=\"og:title\" content=\"Neodimio - Chemuza\" \/>\n<meta property=\"og:description\" content=\"Sapevate che il Mischmetall o Misch metal \u00e8 una lega composta al 18% di neodimio? \u00c8 presente negli elettrodomestici come televisori, vetreria varia e lampade fluorescenti. Tuttavia, \u00e8 un elemento chimico che non esiste liberamente sul pianeta Terra. Scopri le sue propriet\u00e0, caratteristiche e applicazioni. Cos&#8217;\u00e8 il neodimio ? L&#8217;elemento chimico Neodimio \u00e8 un metallo ... Per saperne di pi\u00f9\" \/>\n<meta property=\"og:url\" content=\"https:\/\/chemuza.org\/it\/neodimio\/\" \/>\n<meta property=\"og:site_name\" content=\"Chemuza\" \/>\n<meta name=\"twitter:card\" content=\"summary_large_image\" \/>\n<meta name=\"twitter:label1\" content=\"Tempo di lettura stimato\" \/>\n\t<meta name=\"twitter:data1\" content=\"3 minuti\" \/>\n<script type=\"application\/ld+json\" class=\"yoast-schema-graph\">{\"@context\":\"https:\/\/schema.org\",\"@graph\":[{\"@type\":\"WebPage\",\"@id\":\"https:\/\/chemuza.org\/it\/neodimio\/\",\"url\":\"https:\/\/chemuza.org\/it\/neodimio\/\",\"name\":\"Neodimio - Chemuza\",\"isPartOf\":{\"@id\":\"https:\/\/chemuza.org\/it\/#website\"},\"datePublished\":\"2023-07-14T08:56:42+00:00\",\"dateModified\":\"2023-07-14T08:56:42+00:00\",\"breadcrumb\":{\"@id\":\"https:\/\/chemuza.org\/it\/neodimio\/#breadcrumb\"},\"inLanguage\":\"it-IT\",\"potentialAction\":[{\"@type\":\"ReadAction\",\"target\":[\"https:\/\/chemuza.org\/it\/neodimio\/\"]}]},{\"@type\":\"BreadcrumbList\",\"@id\":\"https:\/\/chemuza.org\/it\/neodimio\/#breadcrumb\",\"itemListElement\":[{\"@type\":\"ListItem\",\"position\":1,\"name\":\"Casa\",\"item\":\"https:\/\/chemuza.org\/it\/\"},{\"@type\":\"ListItem\",\"position\":2,\"name\":\"Neodimio\"}]},{\"@type\":\"WebSite\",\"@id\":\"https:\/\/chemuza.org\/it\/#website\",\"url\":\"https:\/\/chemuza.org\/it\/\",\"name\":\"Chemuza\",\"description\":\"La tua porta d&#039;accesso alla scoperta chimica!\",\"publisher\":{\"@id\":\"https:\/\/chemuza.org\/it\/#organization\"},\"potentialAction\":[{\"@type\":\"SearchAction\",\"target\":{\"@type\":\"EntryPoint\",\"urlTemplate\":\"https:\/\/chemuza.org\/it\/?s={search_term_string}\"},\"query-input\":\"required name=search_term_string\"}],\"inLanguage\":\"it-IT\"},{\"@type\":\"Organization\",\"@id\":\"https:\/\/chemuza.org\/it\/#organization\",\"name\":\"Chemuza\",\"url\":\"https:\/\/chemuza.org\/it\/\",\"logo\":{\"@type\":\"ImageObject\",\"inLanguage\":\"it-IT\",\"@id\":\"https:\/\/chemuza.org\/it\/#\/schema\/logo\/image\/\",\"url\":\"https:\/\/chemuza.org\/it\/wp-content\/uploads\/2023\/10\/chemuza-logo.png\",\"contentUrl\":\"https:\/\/chemuza.org\/it\/wp-content\/uploads\/2023\/10\/chemuza-logo.png\",\"width\":387,\"height\":70,\"caption\":\"Chemuza\"},\"image\":{\"@id\":\"https:\/\/chemuza.org\/it\/#\/schema\/logo\/image\/\"}}]}<\/script>\n<!-- \/ Yoast SEO plugin. -->","yoast_head_json":{"title":"Neodimio - Chemuza","robots":{"index":"index","follow":"follow","max-snippet":"max-snippet:-1","max-image-preview":"max-image-preview:large","max-video-preview":"max-video-preview:-1"},"canonical":"https:\/\/chemuza.org\/it\/neodimio\/","og_locale":"it_IT","og_type":"article","og_title":"Neodimio - Chemuza","og_description":"Sapevate che il Mischmetall o Misch metal \u00e8 una lega composta al 18% di neodimio? \u00c8 presente negli elettrodomestici come televisori, vetreria varia e lampade fluorescenti. Tuttavia, \u00e8 un elemento chimico che non esiste liberamente sul pianeta Terra. Scopri le sue propriet\u00e0, caratteristiche e applicazioni. Cos&#8217;\u00e8 il neodimio ? L&#8217;elemento chimico Neodimio \u00e8 un metallo ... Per saperne di pi\u00f9","og_url":"https:\/\/chemuza.org\/it\/neodimio\/","og_site_name":"Chemuza","twitter_card":"summary_large_image","twitter_misc":{"Tempo di lettura stimato":"3 minuti"},"schema":{"@context":"https:\/\/schema.org","@graph":[{"@type":"WebPage","@id":"https:\/\/chemuza.org\/it\/neodimio\/","url":"https:\/\/chemuza.org\/it\/neodimio\/","name":"Neodimio - Chemuza","isPartOf":{"@id":"https:\/\/chemuza.org\/it\/#website"},"datePublished":"2023-07-14T08:56:42+00:00","dateModified":"2023-07-14T08:56:42+00:00","breadcrumb":{"@id":"https:\/\/chemuza.org\/it\/neodimio\/#breadcrumb"},"inLanguage":"it-IT","potentialAction":[{"@type":"ReadAction","target":["https:\/\/chemuza.org\/it\/neodimio\/"]}]},{"@type":"BreadcrumbList","@id":"https:\/\/chemuza.org\/it\/neodimio\/#breadcrumb","itemListElement":[{"@type":"ListItem","position":1,"name":"Casa","item":"https:\/\/chemuza.org\/it\/"},{"@type":"ListItem","position":2,"name":"Neodimio"}]},{"@type":"WebSite","@id":"https:\/\/chemuza.org\/it\/#website","url":"https:\/\/chemuza.org\/it\/","name":"Chemuza","description":"La tua porta d&#039;accesso alla scoperta chimica!","publisher":{"@id":"https:\/\/chemuza.org\/it\/#organization"},"potentialAction":[{"@type":"SearchAction","target":{"@type":"EntryPoint","urlTemplate":"https:\/\/chemuza.org\/it\/?s={search_term_string}"},"query-input":"required name=search_term_string"}],"inLanguage":"it-IT"},{"@type":"Organization","@id":"https:\/\/chemuza.org\/it\/#organization","name":"Chemuza","url":"https:\/\/chemuza.org\/it\/","logo":{"@type":"ImageObject","inLanguage":"it-IT","@id":"https:\/\/chemuza.org\/it\/#\/schema\/logo\/image\/","url":"https:\/\/chemuza.org\/it\/wp-content\/uploads\/2023\/10\/chemuza-logo.png","contentUrl":"https:\/\/chemuza.org\/it\/wp-content\/uploads\/2023\/10\/chemuza-logo.png","width":387,"height":70,"caption":"Chemuza"},"image":{"@id":"https:\/\/chemuza.org\/it\/#\/schema\/logo\/image\/"}}]}},"yoast_meta":{"yoast_wpseo_title":"","yoast_wpseo_metadesc":"","yoast_wpseo_canonical":""},"_links":{"self":[{"href":"https:\/\/chemuza.org\/it\/wp-json\/wp\/v2\/pages\/1484"}],"collection":[{"href":"https:\/\/chemuza.org\/it\/wp-json\/wp\/v2\/pages"}],"about":[{"href":"https:\/\/chemuza.org\/it\/wp-json\/wp\/v2\/types\/page"}],"author":[{"embeddable":true,"href":"https:\/\/chemuza.org\/it\/wp-json\/wp\/v2\/users\/1"}],"replies":[{"embeddable":true,"href":"https:\/\/chemuza.org\/it\/wp-json\/wp\/v2\/comments?post=1484"}],"version-history":[{"count":0,"href":"https:\/\/chemuza.org\/it\/wp-json\/wp\/v2\/pages\/1484\/revisions"}],"wp:attachment":[{"href":"https:\/\/chemuza.org\/it\/wp-json\/wp\/v2\/media?parent=1484"}],"curies":[{"name":"wp","href":"https:\/\/api.w.org\/{rel}","templated":true}]}}