{"id":1483,"date":"2023-07-14T09:34:11","date_gmt":"2023-07-14T09:34:11","guid":{"rendered":"https:\/\/chemuza.org\/it\/praseodimio\/"},"modified":"2023-07-14T09:34:11","modified_gmt":"2023-07-14T09:34:11","slug":"praseodimio","status":"publish","type":"page","link":"https:\/\/chemuza.org\/it\/praseodimio\/","title":{"rendered":"Praseodimio"},"content":{"rendered":"<p>Il praseodimio \u00e8 uno degli elementi rari nella tavola periodica perch\u00e9 \u00e8 raro come elemento e si trova solo in due tipi di minerali. Tra le sue applicazioni, viene utilizzato nelle lampade fluorescenti, nel vetro e nei televisori a colori, nella lucidatura del vetro e nella produzione di catalizzatori. Guarda gli altri usi e scopri cosa comporta questo metallo con le sue propriet\u00e0 e caratteristiche.<\/p>\n<h2> <strong>Cos&#8217;\u00e8 il praseodimio?<\/strong><\/h2>\n<p> \u00c8 un morbido elemento metallico bianco argenteo giallastro. Esposto all&#8217;aria reagisce molto lentamente con l&#8217;ossigeno e crea un ossido verde che non lo protegge dall&#8217;ossidazione. Rispetto ad altri metalli rari, pu\u00f2 resistere maggiormente alla corrosione nell&#8217;aria.<\/p>\n<p> Ha un solo isotopo stabile, <sup>il 141<\/sup> Pr, si conoscono 38 radioisotopi, i pi\u00f9 lunghi dei quali sono <sup>143<\/sup> Pr e <sup>142<\/sup> Pr, con una durata di vita di poco pi\u00f9 di 13 giorni. Inoltre, alcuni dei suoi composti includono cloruri, bromuri, ossidi, ioduri, seleniuri, fluoruri, solfuri, nitruri e elementi tellurici.<\/p>\n<h3> <strong>Simbolo del praseodimio<\/strong><\/h3>\n<p> <span class=\"content-chemical-element\" style=\"float: left;width: 65px;height: 65px;border: 3px solid #666; display:flex;\n    justify-content: center;align-items: center;margin-right: 15px;\"><span style=\"font-size: 38px;\">Pr<\/span><\/span> Come elemento chimico appartiene al gruppo dei lantanidi o pi\u00f9 conosciuti elementi delle terre rare, disponibili sotto forma di ossido. Il suo numero atomico \u00e8 59 e il suo peso atomico \u00e8 140.907.<\/p>\n<h2> <strong>Caratteristiche del praseodimio<\/strong><\/h2>\n<p> Questo metallo \u00e8 pi\u00f9 resistente alla corrosione nell&#8217;aria rispetto al lantanio, al neodimio, all&#8217;europio e al cerio. \u00c8 un buon conduttore di elettricit\u00e0 e calore, oltre ad altre caratteristiche qui riassunte:<\/p>\n<ul>\n<li> <strong>Reattivit\u00e0:<\/strong> l&#8217;acqua reagisce per creare idrogeno, cosa che non avviene in presenza di aria secca.<\/li>\n<li> <strong>Aspetto<\/strong> : \u00c8 liscio e argenteo.<\/li>\n<li> <strong>Condizione<\/strong> : solido.<\/li>\n<li> <strong>Magnetismo<\/strong> : a tutte le temperature superiori a 1 K \u00e8 paramagnetico.<\/li>\n<li> <strong>Struttura<\/strong> : A temperatura ambiente \u00e8 doppiamente esagonale e quando la temperatura supera i 560\u00b0C \u00e8 cubica centrata.<\/li>\n<\/ul>\n<h2> <strong>Propriet\u00e0 chimiche e fisiche del praseodimio<\/strong><\/h2>\n<ol>\n<li> <strong>Numero atomico<\/strong> : 59<\/li>\n<li> <strong>Massa atomica:<\/strong> 140,90765 u<\/li>\n<li> <strong>Periodo:<\/strong> 6<\/li>\n<li> <strong>blocco:<\/strong> f<\/li>\n<li> <strong>Raggio covalente (\u00c5):<\/strong> 165<\/li>\n<li> <strong>Raggio atomico:<\/strong> 247<\/li>\n<li> <strong>Elettronegativit\u00e0:<\/strong> 1,13<\/li>\n<li> <strong>Densit\u00e0:<\/strong> 6640 kg\/m\u00b3<\/li>\n<li> <strong>Entalpia di fusione:<\/strong> 6,89 Kj\/mol<\/li>\n<li> <strong>Stato di ossidazione:<\/strong> 3<\/li>\n<li> <strong>Punto di fusione:<\/strong> 1204K<\/li>\n<li> <strong>Punto di ebollizione:<\/strong> 3793K<\/li>\n<li> <strong>Configurazione elettronica:<\/strong> [Xe] 6s <sup>2<\/sup> 4f <sup>3<\/sup><\/li>\n<li> <strong>Velocit\u00e0 del suono:<\/strong> 2280 m\/s a 293,15 K<\/li>\n<li> <strong>Pressione di vapore:<\/strong> 1.333224 10 <sup>-6<\/sup> Pa a 1070 K<\/li>\n<li> <strong>Entalpia di vaporizzazione:<\/strong> 269,8 kJ\/mol<\/li>\n<li> <strong>Conduttivit\u00e0 elettrica:<\/strong> 1,48 10 <sup>6<\/sup> S\/m<\/li>\n<li> <strong>Conduttivit\u00e0 termica:<\/strong> 12,5 W<\/li>\n<\/ol>\n<h2> <strong>Origine del praseodimio<\/strong><\/h2>\n<p> Il nome deriva dalle parole greche <em>prasios<\/em> <em>didymos<\/em> , che significa gemelli verdi, poich\u00e9 \u00e8 stato scoperto con il neodimio. Nel 1841, il chimico svedese Carl Gustaf Mosander estrasse un elemento noto come Didyma, sebbene si fosse sempre pensato che non fosse un elemento puro. Tuttavia, nel 1885, il chimico austriaco Carl Auer von Welsbach scopr\u00ec di poter separare il didimio in sostanze pi\u00f9 semplici. Sebbene gli ci siano voluti molti anni, ha sviluppato un metodo che lo ha aiutato a dividere il Didimio in due elementi diversi, incluso il Praseodimio.<\/p>\n<h2> <strong>A cosa serve il praseodimio?<\/strong><\/h2>\n<p> Poich\u00e9 \u00e8 un elemento raro, non \u00e8 molto presente nell&#8217;attivit\u00e0 umana. Non si conosce, infatti, l\u2019uso biologico sfruttabile. L&#8217;uso maggiore che gli viene dato oggi \u00e8 nell&#8217;industria aeronautica. Questo metallo forma una lega con il magnesio e si traduce in un metallo ad alta resistenza perfetto per i motori degli aerei. Scopri altre applicazioni dell&#8217;elemento:<\/p>\n<ul>\n<li> Viene utilizzato per produrre selce per accendini e lampade ad arco di carbonio, che illuminano studi di registrazione e proiettori.<\/li>\n<li> Viene utilizzato per amplificare i segnali, questo elemento viene aggiunto ai cavi in fibra ottica.<\/li>\n<li> Il vetro didimio, il cui ingrediente principale \u00e8 il praseodimio, \u00e8 un colorante utilizzato per realizzare occhiali di sicurezza per i soffiatori di vetro.<\/li>\n<li> I suoi composti sono utili per tingere di giallo vetri e smalti.<\/li>\n<li> Con l&#8217;ossido di zirconio imitano la pietra preziosa peridoto.<\/li>\n<li> Legato al Nichel conferisce un effetto magnetocalorico che permette di avvicinarsi al millesimo di grado dello zero assoluto.<\/li>\n<\/ul>\n<h2> <strong>Praseodimio e salute<\/strong><\/h2>\n<p> La pericolosit\u00e0 di questo elemento \u00e8 rappresentata dall&#8217;inalazione dei suoi gas in ambienti di lavoro industriali. In questi casi pu\u00f2 causare embolia polmonare e danni al fegato. D\u2019altro canto, l\u2019esposizione in casa \u00e8 minima grazie alle lampade fluorescenti e al vetro.<\/p>\n<h2> <strong>Dove si trova il praseodimio?<\/strong><\/h2>\n<p> Nella crosta terrestre si trova in piccole quantit\u00e0, sotto minerali come Bastnasite e Monacite. Inoltre entra nell&#8217;ambiente attraverso le industrie petrolifere e attraverso lo smaltimento di elettrodomestici difettosi. Inoltre, le principali aree minerarie del Praseodimio si trovano negli Stati Uniti, Cina, Sri Lanka, Australia e Brasile.<\/p>\n<p> In breve, il praseodimio \u00e8 un elemento chimico della tavola periodica che si trova in piccole proporzioni nella crosta terrestre. Pu\u00f2 essere ottenuto attraverso moderne tecniche di estrazione, ad esempio l&#8217;uso di composti solventi e lo scambio ionico.<\/p>\n","protected":false},"excerpt":{"rendered":"<p>Il praseodimio \u00e8 uno degli elementi rari nella tavola periodica perch\u00e9 \u00e8 raro come elemento e si trova solo in due tipi di minerali. Tra le sue applicazioni, viene utilizzato nelle lampade fluorescenti, nel vetro e nei televisori a colori, nella lucidatura del vetro e nella produzione di catalizzatori. Guarda gli altri usi e scopri &#8230; <a title=\"Praseodimio\" class=\"read-more\" href=\"https:\/\/chemuza.org\/it\/praseodimio\/\" aria-label=\"More on Praseodimio\">Per saperne di pi\u00f9<\/a><\/p>\n","protected":false},"author":1,"featured_media":0,"parent":0,"menu_order":0,"comment_status":"closed","ping_status":"closed","template":"","meta":{"footnotes":""},"yoast_head":"<!-- This site is optimized with the Yoast SEO plugin v21.4 - https:\/\/yoast.com\/wordpress\/plugins\/seo\/ -->\n<title>Praseodimio - Chemuza<\/title>\n<meta name=\"robots\" content=\"index, follow, max-snippet:-1, max-image-preview:large, max-video-preview:-1\" \/>\n<link rel=\"canonical\" href=\"https:\/\/chemuza.org\/it\/praseodimio\/\" \/>\n<meta property=\"og:locale\" content=\"it_IT\" \/>\n<meta property=\"og:type\" content=\"article\" \/>\n<meta property=\"og:title\" content=\"Praseodimio - Chemuza\" \/>\n<meta property=\"og:description\" content=\"Il praseodimio \u00e8 uno degli elementi rari nella tavola periodica perch\u00e9 \u00e8 raro come elemento e si trova solo in due tipi di minerali. Tra le sue applicazioni, viene utilizzato nelle lampade fluorescenti, nel vetro e nei televisori a colori, nella lucidatura del vetro e nella produzione di catalizzatori. Guarda gli altri usi e scopri ... Per saperne di pi\u00f9\" \/>\n<meta property=\"og:url\" content=\"https:\/\/chemuza.org\/it\/praseodimio\/\" \/>\n<meta property=\"og:site_name\" content=\"Chemuza\" \/>\n<meta name=\"twitter:card\" content=\"summary_large_image\" \/>\n<meta name=\"twitter:label1\" content=\"Tempo di lettura stimato\" \/>\n\t<meta name=\"twitter:data1\" content=\"4 minuti\" \/>\n<script type=\"application\/ld+json\" class=\"yoast-schema-graph\">{\"@context\":\"https:\/\/schema.org\",\"@graph\":[{\"@type\":\"WebPage\",\"@id\":\"https:\/\/chemuza.org\/it\/praseodimio\/\",\"url\":\"https:\/\/chemuza.org\/it\/praseodimio\/\",\"name\":\"Praseodimio - Chemuza\",\"isPartOf\":{\"@id\":\"https:\/\/chemuza.org\/it\/#website\"},\"datePublished\":\"2023-07-14T09:34:11+00:00\",\"dateModified\":\"2023-07-14T09:34:11+00:00\",\"breadcrumb\":{\"@id\":\"https:\/\/chemuza.org\/it\/praseodimio\/#breadcrumb\"},\"inLanguage\":\"it-IT\",\"potentialAction\":[{\"@type\":\"ReadAction\",\"target\":[\"https:\/\/chemuza.org\/it\/praseodimio\/\"]}]},{\"@type\":\"BreadcrumbList\",\"@id\":\"https:\/\/chemuza.org\/it\/praseodimio\/#breadcrumb\",\"itemListElement\":[{\"@type\":\"ListItem\",\"position\":1,\"name\":\"Casa\",\"item\":\"https:\/\/chemuza.org\/it\/\"},{\"@type\":\"ListItem\",\"position\":2,\"name\":\"Praseodimio\"}]},{\"@type\":\"WebSite\",\"@id\":\"https:\/\/chemuza.org\/it\/#website\",\"url\":\"https:\/\/chemuza.org\/it\/\",\"name\":\"Chemuza\",\"description\":\"La tua porta d&#039;accesso alla scoperta chimica!\",\"publisher\":{\"@id\":\"https:\/\/chemuza.org\/it\/#organization\"},\"potentialAction\":[{\"@type\":\"SearchAction\",\"target\":{\"@type\":\"EntryPoint\",\"urlTemplate\":\"https:\/\/chemuza.org\/it\/?s={search_term_string}\"},\"query-input\":\"required name=search_term_string\"}],\"inLanguage\":\"it-IT\"},{\"@type\":\"Organization\",\"@id\":\"https:\/\/chemuza.org\/it\/#organization\",\"name\":\"Chemuza\",\"url\":\"https:\/\/chemuza.org\/it\/\",\"logo\":{\"@type\":\"ImageObject\",\"inLanguage\":\"it-IT\",\"@id\":\"https:\/\/chemuza.org\/it\/#\/schema\/logo\/image\/\",\"url\":\"https:\/\/chemuza.org\/it\/wp-content\/uploads\/2023\/10\/chemuza-logo.png\",\"contentUrl\":\"https:\/\/chemuza.org\/it\/wp-content\/uploads\/2023\/10\/chemuza-logo.png\",\"width\":387,\"height\":70,\"caption\":\"Chemuza\"},\"image\":{\"@id\":\"https:\/\/chemuza.org\/it\/#\/schema\/logo\/image\/\"}}]}<\/script>\n<!-- \/ Yoast SEO plugin. -->","yoast_head_json":{"title":"Praseodimio - Chemuza","robots":{"index":"index","follow":"follow","max-snippet":"max-snippet:-1","max-image-preview":"max-image-preview:large","max-video-preview":"max-video-preview:-1"},"canonical":"https:\/\/chemuza.org\/it\/praseodimio\/","og_locale":"it_IT","og_type":"article","og_title":"Praseodimio - Chemuza","og_description":"Il praseodimio \u00e8 uno degli elementi rari nella tavola periodica perch\u00e9 \u00e8 raro come elemento e si trova solo in due tipi di minerali. Tra le sue applicazioni, viene utilizzato nelle lampade fluorescenti, nel vetro e nei televisori a colori, nella lucidatura del vetro e nella produzione di catalizzatori. Guarda gli altri usi e scopri ... Per saperne di pi\u00f9","og_url":"https:\/\/chemuza.org\/it\/praseodimio\/","og_site_name":"Chemuza","twitter_card":"summary_large_image","twitter_misc":{"Tempo di lettura stimato":"4 minuti"},"schema":{"@context":"https:\/\/schema.org","@graph":[{"@type":"WebPage","@id":"https:\/\/chemuza.org\/it\/praseodimio\/","url":"https:\/\/chemuza.org\/it\/praseodimio\/","name":"Praseodimio - Chemuza","isPartOf":{"@id":"https:\/\/chemuza.org\/it\/#website"},"datePublished":"2023-07-14T09:34:11+00:00","dateModified":"2023-07-14T09:34:11+00:00","breadcrumb":{"@id":"https:\/\/chemuza.org\/it\/praseodimio\/#breadcrumb"},"inLanguage":"it-IT","potentialAction":[{"@type":"ReadAction","target":["https:\/\/chemuza.org\/it\/praseodimio\/"]}]},{"@type":"BreadcrumbList","@id":"https:\/\/chemuza.org\/it\/praseodimio\/#breadcrumb","itemListElement":[{"@type":"ListItem","position":1,"name":"Casa","item":"https:\/\/chemuza.org\/it\/"},{"@type":"ListItem","position":2,"name":"Praseodimio"}]},{"@type":"WebSite","@id":"https:\/\/chemuza.org\/it\/#website","url":"https:\/\/chemuza.org\/it\/","name":"Chemuza","description":"La tua porta d&#039;accesso alla scoperta chimica!","publisher":{"@id":"https:\/\/chemuza.org\/it\/#organization"},"potentialAction":[{"@type":"SearchAction","target":{"@type":"EntryPoint","urlTemplate":"https:\/\/chemuza.org\/it\/?s={search_term_string}"},"query-input":"required name=search_term_string"}],"inLanguage":"it-IT"},{"@type":"Organization","@id":"https:\/\/chemuza.org\/it\/#organization","name":"Chemuza","url":"https:\/\/chemuza.org\/it\/","logo":{"@type":"ImageObject","inLanguage":"it-IT","@id":"https:\/\/chemuza.org\/it\/#\/schema\/logo\/image\/","url":"https:\/\/chemuza.org\/it\/wp-content\/uploads\/2023\/10\/chemuza-logo.png","contentUrl":"https:\/\/chemuza.org\/it\/wp-content\/uploads\/2023\/10\/chemuza-logo.png","width":387,"height":70,"caption":"Chemuza"},"image":{"@id":"https:\/\/chemuza.org\/it\/#\/schema\/logo\/image\/"}}]}},"yoast_meta":{"yoast_wpseo_title":"","yoast_wpseo_metadesc":"","yoast_wpseo_canonical":""},"_links":{"self":[{"href":"https:\/\/chemuza.org\/it\/wp-json\/wp\/v2\/pages\/1483"}],"collection":[{"href":"https:\/\/chemuza.org\/it\/wp-json\/wp\/v2\/pages"}],"about":[{"href":"https:\/\/chemuza.org\/it\/wp-json\/wp\/v2\/types\/page"}],"author":[{"embeddable":true,"href":"https:\/\/chemuza.org\/it\/wp-json\/wp\/v2\/users\/1"}],"replies":[{"embeddable":true,"href":"https:\/\/chemuza.org\/it\/wp-json\/wp\/v2\/comments?post=1483"}],"version-history":[{"count":0,"href":"https:\/\/chemuza.org\/it\/wp-json\/wp\/v2\/pages\/1483\/revisions"}],"wp:attachment":[{"href":"https:\/\/chemuza.org\/it\/wp-json\/wp\/v2\/media?parent=1483"}],"curies":[{"name":"wp","href":"https:\/\/api.w.org\/{rel}","templated":true}]}}