{"id":1482,"date":"2023-07-14T09:38:28","date_gmt":"2023-07-14T09:38:28","guid":{"rendered":"https:\/\/chemuza.org\/it\/cerio\/"},"modified":"2023-07-14T09:38:28","modified_gmt":"2023-07-14T09:38:28","slug":"cerio","status":"publish","type":"page","link":"https:\/\/chemuza.org\/it\/cerio\/","title":{"rendered":"Cerio"},"content":{"rendered":"<p>Il cerio costituisce lo 0,0046% della crosta terrestre, disperso in minerali come Monacite, Cerite e Bastnasite. Viene utilizzato in diverse applicazioni industriali e ambientali come la riduzione dell&#8217;inquinamento. I suoi usi principali sono nella produzione di catalizzatori, riduttori di emissioni di veicoli, detergenti per vetri e pigmenti. Pertanto, scopri di pi\u00f9 sulle sue caratteristiche chimiche e fisiche in questa voce.<\/p>\n<h2> <strong>Cos&#8217;\u00e8 il cerio?<\/strong><\/h2>\n<p> Come elemento chimico, \u00e8 un metallo appartenente ai lantanidi della tavola periodica. \u00c8 di colore grigio lucido, simile all&#8217;acciaio e si trova accanto al lantanio, contrassegnato con il numero atomico 58. Si distingue per essere duttile e malleabile, si ossida all&#8217;aria e diventa rossastro, oltre ad essere altamente infiammabile.<\/p>\n<h3> <strong>Simbolo del cerio<\/strong><\/h3>\n<p> <span class=\"content-chemical-element\" style=\"float: left;width: 65px;height: 65px;border: 3px solid #666; display:flex;\n    justify-content: center;align-items: center;margin-right: 15px;\"><span style=\"font-size: 38px;\">Questo<\/span><\/span> nome deriva dal pianeta Cerere, scoperto nel 1801, 2 anni prima della scoperta del minerale. Sia l&#8217;elemento che il pianeta prendono il nome dalla dea romana dell&#8217;agricoltura, Cerere.<\/p>\n<h2> <strong>Caratteristiche del cerio<\/strong><\/h2>\n<p> L&#8217;elemento Cerio si trova nel gruppo 3 della tavola periodica sotto il simbolo Ce. \u00c8 un lantanide duro e abbondante che cambia colore in presenza di aria. Inoltre, \u00e8 un metallo piroforico che brucia facilmente ed \u00e8 in grado di formare composti tetravalenti o composti quadrivalenti stabili. Tra le diverse funzionalit\u00e0 figurano anche:<\/p>\n<ul>\n<li> <strong>Condizione<\/strong> : solido, duro e pesante.<\/li>\n<li> <strong>Sapore e odore<\/strong> : Molto amaro, metallico e inodore.<\/li>\n<li> <strong>Allotropia<\/strong> : presenta 4 forme allotropiche che variano a seconda della temperatura.<\/li>\n<li> <strong>Composizione<\/strong> : Il suo nucleo \u00e8 composto da 58 protoni ed elettroni con 81 neutroni.<\/li>\n<li> <strong>Tossicit\u00e0<\/strong> : bassa, ma l&#8217;esposizione all&#8217;elemento polvere in grandi quantit\u00e0 influisce sul sistema polmonare.<\/li>\n<li> <strong>Reattivit\u00e0<\/strong> : Alta, reagisce con acqua, aria e acidi diluiti.<\/li>\n<li> <strong>Solubilit\u00e0<\/strong> : \u00e8 solubile in acqua. Tuttavia, quando forma composti, \u00e8 insolubile.<\/li>\n<li> <strong>Cristallizzazione<\/strong> : Varia a seconda della temperatura, che pu\u00f2 essere cubica centrata sul corpo e sul viso.<\/li>\n<li> <strong>Conduttivit\u00e0<\/strong> : Buona poich\u00e9 distribuisce stabilmente l&#8217;elettricit\u00e0 e il calore.<\/li>\n<\/ul>\n<h2> <strong>Propriet\u00e0 chimiche e fisiche del cerio<\/strong><\/h2>\n<ol>\n<li> <strong>Numero atomico<\/strong> : 58<\/li>\n<li> <strong>Periodo<\/strong> : 6<\/li>\n<li> <strong>Blocco<\/strong> : F<\/li>\n<li> <strong>Gruppo<\/strong> : 3<\/li>\n<li> <strong>Ossido:<\/strong> basico<\/li>\n<li> <strong>Densit\u00e0:<\/strong> 6689 Kg\/m3<\/li>\n<li> <strong>Stato di ossidazione<\/strong> : 3.4<\/li>\n<li> <strong>Punto di fusione:<\/strong> 798\u00b0C<\/li>\n<li> <strong>Configurazione elettronica:<\/strong> [Xe] 4f15d16s2<\/li>\n<li> <strong>Energia di ionizzazione:<\/strong> 534,4<\/li>\n<li> <strong>Massa atomica (g\/mol):<\/strong> 140 116<strong> <\/strong>Oro<\/li>\n<li> <strong>Elettroni per strato:<\/strong> 2, 8, 18, 19, 9, 2<\/li>\n<li> <strong>Raggio atomico:<\/strong> 185 ore<\/li>\n<li> <strong>Elettronegativit\u00e0:<\/strong> 1.12<\/li>\n<li> <strong>Calore specifico:<\/strong> 190 J\/(K kg)<\/li>\n<li> <strong>Punto di ebollizione:<\/strong> 3426\u00b0C<\/li>\n<li> <strong>Conduttivit\u00e0 termica:<\/strong> 11,4 W\/(Km)<\/li>\n<li> <strong>Conduttivit\u00e0 elettrica:<\/strong> 1.15.106 S\/m<\/li>\n<\/ol>\n<h2> <strong>Origine del cerio<\/strong><\/h2>\n<p> Nel 1803, i chimici J\u00f6ns Jacob Berzelius e Martin Heinrich Klaproth scoprirono questo metallo durante le loro ricerche a Bastn\u00e4s, in Svezia. Lo trovarono sotto forma di un ossido che chiamarono cerio. Successivamente, nel 1875, lo isolarono in una miniera di ferro, dove notarono la sua durezza e il suo carattere pesante come parte delle sue propriet\u00e0 chimiche con applicazioni industriali.<\/p>\n<h2> <strong>A cosa serve il cerio?<\/strong><\/h2>\n<p> Viene utilizzato nella produzione di leghe metalliche con neodimio e lantanio. Ci\u00f2 consente una maggiore malleabilit\u00e0 e resistenza che possono essere utilizzate nelle leghe di elettrodi di tungsteno per varie saldature. Altri usi sono:<\/p>\n<h3> <strong>Fulmine<\/strong><\/h3>\n<p> Viene utilizzato nell&#8217;illuminazione ad arco di carbonio per l&#8217;industria cinematografica. Inoltre, viene utilizzato come fosforo nella produzione di lampade fluorescenti e televisori a colori.<\/p>\n<h3> <strong>Metallurgia<\/strong><\/h3>\n<p> Grazie alla sua ottima conducibilit\u00e0 elettrica, l&#8217;elemento viene utilizzato come stabilizzante per elettrodi e leghe nel settore metallurgico. Aumenta la sua resistenza e durata.<\/p>\n<h3> <strong>Vetro e cristalli<\/strong><\/h3>\n<p> L&#8217;ossido di cerio viene utilizzato nella lucidatura di basi ottiche di alta qualit\u00e0 come agente sbiancante per il vetro. Inoltre, se miscelato con l&#8217;ossido di torio, crea un fascio di luce bianca brillante, che impedisce l&#8217;oscuramento delle lastre di vetro del televisore.<\/p>\n<h3> <strong>Ambiente<\/strong><\/h3>\n<p> Il suo composto di ossido di cerio viene utilizzato come trasformatore catalitico che riduce le emissioni di monossido di carbonio dai veicoli. La sua funzione \u00e8 quella di eliminare tutte le particelle per fermare l&#8217;inquinamento.<\/p>\n<h3> <strong>campo medico<\/strong><\/h3>\n<p> Sotto forma di ossalato, viene utilizzato nei farmaci contro la nausea e il vomito. Inoltre, viene utilizzato nel trattamento delle ustioni di terzo grado, per le sue propriet\u00e0 sistemiche e antisettiche.<\/p>\n<h2> <strong>Ossido di cerio<\/strong><\/h2>\n<p> \u00c8 un composto utilizzato per rimuovere graffi e difetti da vetri o cristalli. \u00c8 in grado di migliorare la finitura e l&#8217;aspetto del vetro a seconda del suo spessore e qualit\u00e0. Inoltre, agisce come un agente altamente abrasivo che lucida schermi LCD, parabrezza, pezzi di vetro decorativi, gioielli e dischi rigidi.<\/p>\n<p> In sintesi, il cerio \u00e8 un lantanide malleabile e duttile con una composizione chimica stabile. \u00c8 infiammabile se esposto all&#8217;aria secca e i suoi composti sono ideali per creare leghe metalliche stabili.<\/p>\n","protected":false},"excerpt":{"rendered":"<p>Il cerio costituisce lo 0,0046% della crosta terrestre, disperso in minerali come Monacite, Cerite e Bastnasite. Viene utilizzato in diverse applicazioni industriali e ambientali come la riduzione dell&#8217;inquinamento. I suoi usi principali sono nella produzione di catalizzatori, riduttori di emissioni di veicoli, detergenti per vetri e pigmenti. Pertanto, scopri di pi\u00f9 sulle sue caratteristiche chimiche &#8230; <a title=\"Cerio\" class=\"read-more\" href=\"https:\/\/chemuza.org\/it\/cerio\/\" aria-label=\"More on Cerio\">Per saperne di pi\u00f9<\/a><\/p>\n","protected":false},"author":1,"featured_media":0,"parent":0,"menu_order":0,"comment_status":"closed","ping_status":"closed","template":"","meta":{"footnotes":""},"yoast_head":"<!-- This site is optimized with the Yoast SEO plugin v21.4 - https:\/\/yoast.com\/wordpress\/plugins\/seo\/ -->\n<title>Cerio - Chemuza<\/title>\n<meta name=\"robots\" content=\"index, follow, max-snippet:-1, max-image-preview:large, max-video-preview:-1\" \/>\n<link rel=\"canonical\" href=\"https:\/\/chemuza.org\/it\/cerio\/\" \/>\n<meta property=\"og:locale\" content=\"it_IT\" \/>\n<meta property=\"og:type\" content=\"article\" \/>\n<meta property=\"og:title\" content=\"Cerio - Chemuza\" \/>\n<meta property=\"og:description\" content=\"Il cerio costituisce lo 0,0046% della crosta terrestre, disperso in minerali come Monacite, Cerite e Bastnasite. Viene utilizzato in diverse applicazioni industriali e ambientali come la riduzione dell&#8217;inquinamento. I suoi usi principali sono nella produzione di catalizzatori, riduttori di emissioni di veicoli, detergenti per vetri e pigmenti. Pertanto, scopri di pi\u00f9 sulle sue caratteristiche chimiche ... Per saperne di pi\u00f9\" \/>\n<meta property=\"og:url\" content=\"https:\/\/chemuza.org\/it\/cerio\/\" \/>\n<meta property=\"og:site_name\" content=\"Chemuza\" \/>\n<meta name=\"twitter:card\" content=\"summary_large_image\" \/>\n<meta name=\"twitter:label1\" content=\"Tempo di lettura stimato\" \/>\n\t<meta name=\"twitter:data1\" content=\"3 minuti\" \/>\n<script type=\"application\/ld+json\" class=\"yoast-schema-graph\">{\"@context\":\"https:\/\/schema.org\",\"@graph\":[{\"@type\":\"WebPage\",\"@id\":\"https:\/\/chemuza.org\/it\/cerio\/\",\"url\":\"https:\/\/chemuza.org\/it\/cerio\/\",\"name\":\"Cerio - Chemuza\",\"isPartOf\":{\"@id\":\"https:\/\/chemuza.org\/it\/#website\"},\"datePublished\":\"2023-07-14T09:38:28+00:00\",\"dateModified\":\"2023-07-14T09:38:28+00:00\",\"breadcrumb\":{\"@id\":\"https:\/\/chemuza.org\/it\/cerio\/#breadcrumb\"},\"inLanguage\":\"it-IT\",\"potentialAction\":[{\"@type\":\"ReadAction\",\"target\":[\"https:\/\/chemuza.org\/it\/cerio\/\"]}]},{\"@type\":\"BreadcrumbList\",\"@id\":\"https:\/\/chemuza.org\/it\/cerio\/#breadcrumb\",\"itemListElement\":[{\"@type\":\"ListItem\",\"position\":1,\"name\":\"Casa\",\"item\":\"https:\/\/chemuza.org\/it\/\"},{\"@type\":\"ListItem\",\"position\":2,\"name\":\"Cerio\"}]},{\"@type\":\"WebSite\",\"@id\":\"https:\/\/chemuza.org\/it\/#website\",\"url\":\"https:\/\/chemuza.org\/it\/\",\"name\":\"Chemuza\",\"description\":\"La tua porta d&#039;accesso alla scoperta chimica!\",\"publisher\":{\"@id\":\"https:\/\/chemuza.org\/it\/#organization\"},\"potentialAction\":[{\"@type\":\"SearchAction\",\"target\":{\"@type\":\"EntryPoint\",\"urlTemplate\":\"https:\/\/chemuza.org\/it\/?s={search_term_string}\"},\"query-input\":\"required name=search_term_string\"}],\"inLanguage\":\"it-IT\"},{\"@type\":\"Organization\",\"@id\":\"https:\/\/chemuza.org\/it\/#organization\",\"name\":\"Chemuza\",\"url\":\"https:\/\/chemuza.org\/it\/\",\"logo\":{\"@type\":\"ImageObject\",\"inLanguage\":\"it-IT\",\"@id\":\"https:\/\/chemuza.org\/it\/#\/schema\/logo\/image\/\",\"url\":\"https:\/\/chemuza.org\/it\/wp-content\/uploads\/2023\/10\/chemuza-logo.png\",\"contentUrl\":\"https:\/\/chemuza.org\/it\/wp-content\/uploads\/2023\/10\/chemuza-logo.png\",\"width\":387,\"height\":70,\"caption\":\"Chemuza\"},\"image\":{\"@id\":\"https:\/\/chemuza.org\/it\/#\/schema\/logo\/image\/\"}}]}<\/script>\n<!-- \/ Yoast SEO plugin. -->","yoast_head_json":{"title":"Cerio - Chemuza","robots":{"index":"index","follow":"follow","max-snippet":"max-snippet:-1","max-image-preview":"max-image-preview:large","max-video-preview":"max-video-preview:-1"},"canonical":"https:\/\/chemuza.org\/it\/cerio\/","og_locale":"it_IT","og_type":"article","og_title":"Cerio - Chemuza","og_description":"Il cerio costituisce lo 0,0046% della crosta terrestre, disperso in minerali come Monacite, Cerite e Bastnasite. Viene utilizzato in diverse applicazioni industriali e ambientali come la riduzione dell&#8217;inquinamento. I suoi usi principali sono nella produzione di catalizzatori, riduttori di emissioni di veicoli, detergenti per vetri e pigmenti. Pertanto, scopri di pi\u00f9 sulle sue caratteristiche chimiche ... Per saperne di pi\u00f9","og_url":"https:\/\/chemuza.org\/it\/cerio\/","og_site_name":"Chemuza","twitter_card":"summary_large_image","twitter_misc":{"Tempo di lettura stimato":"3 minuti"},"schema":{"@context":"https:\/\/schema.org","@graph":[{"@type":"WebPage","@id":"https:\/\/chemuza.org\/it\/cerio\/","url":"https:\/\/chemuza.org\/it\/cerio\/","name":"Cerio - Chemuza","isPartOf":{"@id":"https:\/\/chemuza.org\/it\/#website"},"datePublished":"2023-07-14T09:38:28+00:00","dateModified":"2023-07-14T09:38:28+00:00","breadcrumb":{"@id":"https:\/\/chemuza.org\/it\/cerio\/#breadcrumb"},"inLanguage":"it-IT","potentialAction":[{"@type":"ReadAction","target":["https:\/\/chemuza.org\/it\/cerio\/"]}]},{"@type":"BreadcrumbList","@id":"https:\/\/chemuza.org\/it\/cerio\/#breadcrumb","itemListElement":[{"@type":"ListItem","position":1,"name":"Casa","item":"https:\/\/chemuza.org\/it\/"},{"@type":"ListItem","position":2,"name":"Cerio"}]},{"@type":"WebSite","@id":"https:\/\/chemuza.org\/it\/#website","url":"https:\/\/chemuza.org\/it\/","name":"Chemuza","description":"La tua porta d&#039;accesso alla scoperta chimica!","publisher":{"@id":"https:\/\/chemuza.org\/it\/#organization"},"potentialAction":[{"@type":"SearchAction","target":{"@type":"EntryPoint","urlTemplate":"https:\/\/chemuza.org\/it\/?s={search_term_string}"},"query-input":"required name=search_term_string"}],"inLanguage":"it-IT"},{"@type":"Organization","@id":"https:\/\/chemuza.org\/it\/#organization","name":"Chemuza","url":"https:\/\/chemuza.org\/it\/","logo":{"@type":"ImageObject","inLanguage":"it-IT","@id":"https:\/\/chemuza.org\/it\/#\/schema\/logo\/image\/","url":"https:\/\/chemuza.org\/it\/wp-content\/uploads\/2023\/10\/chemuza-logo.png","contentUrl":"https:\/\/chemuza.org\/it\/wp-content\/uploads\/2023\/10\/chemuza-logo.png","width":387,"height":70,"caption":"Chemuza"},"image":{"@id":"https:\/\/chemuza.org\/it\/#\/schema\/logo\/image\/"}}]}},"yoast_meta":{"yoast_wpseo_title":"","yoast_wpseo_metadesc":"","yoast_wpseo_canonical":""},"_links":{"self":[{"href":"https:\/\/chemuza.org\/it\/wp-json\/wp\/v2\/pages\/1482"}],"collection":[{"href":"https:\/\/chemuza.org\/it\/wp-json\/wp\/v2\/pages"}],"about":[{"href":"https:\/\/chemuza.org\/it\/wp-json\/wp\/v2\/types\/page"}],"author":[{"embeddable":true,"href":"https:\/\/chemuza.org\/it\/wp-json\/wp\/v2\/users\/1"}],"replies":[{"embeddable":true,"href":"https:\/\/chemuza.org\/it\/wp-json\/wp\/v2\/comments?post=1482"}],"version-history":[{"count":0,"href":"https:\/\/chemuza.org\/it\/wp-json\/wp\/v2\/pages\/1482\/revisions"}],"wp:attachment":[{"href":"https:\/\/chemuza.org\/it\/wp-json\/wp\/v2\/media?parent=1482"}],"curies":[{"name":"wp","href":"https:\/\/api.w.org\/{rel}","templated":true}]}}