{"id":1481,"date":"2023-07-14T10:20:34","date_gmt":"2023-07-14T10:20:34","guid":{"rendered":"https:\/\/chemuza.org\/it\/lantanio\/"},"modified":"2023-07-14T10:20:34","modified_gmt":"2023-07-14T10:20:34","slug":"lantanio","status":"publish","type":"page","link":"https:\/\/chemuza.org\/it\/lantanio\/","title":{"rendered":"Lantanio"},"content":{"rendered":"<p>\u00c8 l&#8217;elemento che inizia la serie chimica dei lantanoidi o lantanidi e fa parte del noto gruppo delle terre rare. D&#8217;altra parte, viene utilizzato nella metallurgia, nell&#8217;ingegneria chimica, nell&#8217;elettronica e nella medicina per le sue propriet\u00e0 magnetiche, catalitiche, chimiche e ottiche. Scopri cos&#8217;\u00e8 il Lantanio, quali sono le sue caratteristiche e tutte le sue propriet\u00e0 e utilizzi.<\/p>\n<h2> <strong>Cos&#8217;\u00e8 il lantanio?<\/strong><\/h2>\n<p> L&#8217;elemento Lantanio \u00e8 un metallo con minore volatilit\u00e0, lucentezza argentata, alta densit\u00e0, buona malleabilit\u00e0 e reattivit\u00e0. Produce diversi composti chimici contenenti molti elementi, \u00e8 generalmente ossidato in presenza di aria ed \u00e8 solubile negli acidi. Inoltre, la sua forma metallica e i suoi composti mostrano una leggera tossicit\u00e0. Tipicamente \u00e8 associato al cerio e lo trovi in minerali come Alanite, Monazite e Bastnasite.<\/p>\n<h3> <strong>Simbolo del lantanio<\/strong><\/h3>\n<p> <span class=\"content-chemical-element\" style=\"float: left;width: 65px;height: 65px;border: 3px solid #666; display:flex;\n    justify-content: center;align-items: center;margin-right: 15px;\"><span style=\"font-size: 38px;\">L&#8217;<\/span><\/span> origine etimologica del simbolo Lanthanum deriva dalla parola greca <em>lanthano<\/em> , che significa <em>essere nascosto<\/em> o <em>luogo nascosto<\/em> . A sua volta deriva dall&#8217;espressione <em>lantanomai<\/em> che implica <em>qualcosa di dimenticato<\/em> . Il suo nome \u00e8 stato scelto perch\u00e9 quando l&#8217;elemento \u00e8 stato rilevato, era ricoperto dal minerale di cerio chiamato cerite.<\/p>\n<h2> <strong>Caratteristiche del lantanio<\/strong><\/h2>\n<p> Tra le sue principali caratteristiche ha una massa atomica di 138,90 u, una densit\u00e0 di 6,146 kg\/m\u00b3 e sensibilit\u00e0 alla corrosione. Presenta l&#8217;ossido basico o metallico pi\u00f9 forte dei lantanidi, \u00e8 duttile, malleabile e i suoi elettroni oscillano secondo 6 livelli energetici. Inoltre, dei 38 isotopi disponibili, solo due si trovano naturalmente nella crosta terrestre. Altri sono:<\/p>\n<ul>\n<li> <strong>Reattivit\u00e0 chimica:<\/strong> reagisce con azoto, selenio, carbonio elementare, boro, fosforo, silicio, alogeni e altri elementi chimici.<\/li>\n<li> <strong>Fusione:<\/strong> ha il secondo punto di fusione pi\u00f9 basso tra le serie dei lantanoidi.<\/li>\n<li> <strong>Caratteristiche organolettiche:<\/strong> \u00c8 inodore, pesante e di colore bianco argenteo brillante.<\/li>\n<li> <strong>Condizione<\/strong> : in condizioni ambientali ordinarie, \u00e8 solido.<\/li>\n<li> <strong>Cambiamenti<\/strong> : Si ossida rapidamente nell&#8217;aria, scompone l&#8217;acqua per rilasciare idrogeno, reagisce con acidi diluiti per formare sali e brucia a temperature superiori a 450\u00b0C per produrre La\u2082O\u2083.<\/li>\n<li> <strong>Fragilit\u00e0<\/strong> : \u00e8 cos\u00ec morbido che pu\u00f2 essere tagliato a pezzi con un coltello o un rasoio.<\/li>\n<li> <strong>Resistenza elettrica<\/strong> : a temperatura ambiente ha un&#8217;elevata resistivit\u00e0 di 615 n\u03a9m.<\/li>\n<li> <strong>Durezza<\/strong> : La scala di Mohs lo colloca con una durezza minerale di 2,5.<\/li>\n<li> <strong>Struttura cristallina<\/strong> : A 20\u00b0C ha una struttura cristallina esagonale, a 310\u00b0C si trasforma in cubica a facce centrate, ma a 865\u00b0C \u00e8 cubica a corpo centrato.<\/li>\n<li> <strong>Ordine magnetico<\/strong> : \u00e8 un elemento con paramagnetismo debole.<\/li>\n<\/ul>\n<h2> <strong>Propriet\u00e0 chimiche e fisiche del lantanio<\/strong><\/h2>\n<ol>\n<li> <strong>Numero atomico<\/strong> : 57<\/li>\n<li> <strong>Stati di ossidazione<\/strong> : +3<\/li>\n<li> <strong>Raggio covalente (\u00c5)<\/strong> : 169 pm<\/li>\n<li> <strong>Densit\u00e0<\/strong> : 6146 kg\/m\u00b3<\/li>\n<li> <strong>Configurazione elettronica<\/strong> : [Xe]5d <sup>1<\/sup> 6s <sup>2<\/sup><\/li>\n<li> <strong>Punto di ebollizione<\/strong> : 3457\u00b0C (3730 K)<\/li>\n<li> <strong>Massa atomica (g\/mol)<\/strong> : 138,9055 u<\/li>\n<li> <strong>Entalpia di vaporizzazione<\/strong> : 414 kJ\/mol<\/li>\n<li> <strong>Entalpia di fusione<\/strong> : 6,2 kJ\/mol<\/li>\n<li> <strong>Ossido<\/strong> : base forte<\/li>\n<li> <strong>Raggio atomico (\u00c5)<\/strong> : 187 pm<\/li>\n<li> <strong>Calore specifico<\/strong> : 190 J\/(K-kg)<\/li>\n<li> <strong>Punto di fusione<\/strong> : 920\u00b0C (1193K)<\/li>\n<li> <strong>Velocit\u00e0 del suono<\/strong> : 2475 m\/s a 293,15 K<\/li>\n<li> <strong>Potenziale di prima ionizzazione (eV)<\/strong> : 538,1 kJ\/mol<\/li>\n<li> <strong>Elettronegativit\u00e0<\/strong> : 1.1 (scala Pauling)<\/li>\n<li> <strong>Elettroni per livello<\/strong> : 2, 8, 18, 18, 9, 2<\/li>\n<\/ol>\n<h2> <strong>Origine del lantanio<\/strong><\/h2>\n<p> Se si indaga, colui che scopr\u00ec il lantanio fu il chimico Carl Gustaf Mosander negli anni 1839-1843. Questo svedese riusc\u00ec a separare da un campione di cerio due ossidi, uno dei quali era il lantanio. Tuttavia, nel 1839, Axel Erdmann lo scopr\u00ec in un minerale proveniente dalla Norvegia. La scoperta fu per\u00f2 attribuita a Mosander, poich\u00e9 dovette estrarre un secondo nuovo elemento. A sua volta scelse il nome dall&#8217;espressione greca <em>lanthano<\/em> perch\u00e9 era nascosto tra i campioni analizzati. Successivamente, nel 1923, venne isolata per la prima volta.<\/p>\n<h2> <strong>A cosa serve il lantanio?<\/strong><\/h2>\n<p> Uno degli usi \u00e8 il lavoro di proiezione e illuminazione nell&#8217;industria cinematografica. Inoltre, molti derivati dell&#8217;elemento vengono utilizzati per realizzare lenti di alta qualit\u00e0. Inoltre, alcuni composti vengono utilizzati nelle videocamere. Scopri altre app:<\/p>\n<ul>\n<li> Insieme a cerio, praseodimio, neodimio, gadolinio e itterbio, forma la lega Mischmetall, utilizzata nelle pietre pi\u00f9 leggere e nelle batterie al nichel-metallo idruro.<\/li>\n<li> Viene utilizzato nelle leghe di spugne di idrogeno che possono immagazzinare fino a 400 volte il loro volume di gas in processi di assorbimento reversibili.<\/li>\n<li> L&#8217;ossido di lantanio viene utilizzato per formare speciali vetri ottimali perch\u00e9 fornisce resistenza alle basi.<\/li>\n<li> \u00c8 un componente degli schermi intensificatori degli apparecchi radiografici.<\/li>\n<li> Nella metallurgia, tracce di questo elemento vengono aggiunte all&#8217;acciaio per aumentarne la malleabilit\u00e0, la resistenza e la duttilit\u00e0.<\/li>\n<li> In medicina, il carbonato di lantanio viene utilizzato come trattamento per l&#8217;iperfosfatemia e l&#8217;insufficienza renale cronica.<\/li>\n<\/ul>\n<p> In sintesi, il lantanio \u00e8 il capostipite della serie chimica dei lantanidi, \u00e8 malleabile, duttile e resistente. Inoltre, questo metalloide reagisce molto bene con il carbonio elementare, il selenio, l&#8217;azoto, gli alogeni, tra gli altri elementi. Si ossida se esposto all&#8217;aria e solitamente \u00e8 cos\u00ec morbido che pu\u00f2 essere tagliato con un coltello.<\/p>\n","protected":false},"excerpt":{"rendered":"<p>\u00c8 l&#8217;elemento che inizia la serie chimica dei lantanoidi o lantanidi e fa parte del noto gruppo delle terre rare. D&#8217;altra parte, viene utilizzato nella metallurgia, nell&#8217;ingegneria chimica, nell&#8217;elettronica e nella medicina per le sue propriet\u00e0 magnetiche, catalitiche, chimiche e ottiche. Scopri cos&#8217;\u00e8 il Lantanio, quali sono le sue caratteristiche e tutte le sue propriet\u00e0 &#8230; <a title=\"Lantanio\" class=\"read-more\" href=\"https:\/\/chemuza.org\/it\/lantanio\/\" aria-label=\"More on Lantanio\">Per saperne di pi\u00f9<\/a><\/p>\n","protected":false},"author":1,"featured_media":0,"parent":0,"menu_order":0,"comment_status":"closed","ping_status":"closed","template":"","meta":{"footnotes":""},"yoast_head":"<!-- This site is optimized with the Yoast SEO plugin v21.4 - https:\/\/yoast.com\/wordpress\/plugins\/seo\/ -->\n<title>Lantanio - Chemuza<\/title>\n<meta name=\"robots\" content=\"index, follow, max-snippet:-1, max-image-preview:large, max-video-preview:-1\" \/>\n<link rel=\"canonical\" href=\"https:\/\/chemuza.org\/it\/lantanio\/\" \/>\n<meta property=\"og:locale\" content=\"it_IT\" \/>\n<meta property=\"og:type\" content=\"article\" \/>\n<meta property=\"og:title\" content=\"Lantanio - Chemuza\" \/>\n<meta property=\"og:description\" content=\"\u00c8 l&#8217;elemento che inizia la serie chimica dei lantanoidi o lantanidi e fa parte del noto gruppo delle terre rare. D&#8217;altra parte, viene utilizzato nella metallurgia, nell&#8217;ingegneria chimica, nell&#8217;elettronica e nella medicina per le sue propriet\u00e0 magnetiche, catalitiche, chimiche e ottiche. Scopri cos&#8217;\u00e8 il Lantanio, quali sono le sue caratteristiche e tutte le sue propriet\u00e0 ... Per saperne di pi\u00f9\" \/>\n<meta property=\"og:url\" content=\"https:\/\/chemuza.org\/it\/lantanio\/\" \/>\n<meta property=\"og:site_name\" content=\"Chemuza\" \/>\n<meta name=\"twitter:card\" content=\"summary_large_image\" \/>\n<meta name=\"twitter:label1\" content=\"Tempo di lettura stimato\" \/>\n\t<meta name=\"twitter:data1\" content=\"4 minuti\" \/>\n<script type=\"application\/ld+json\" class=\"yoast-schema-graph\">{\"@context\":\"https:\/\/schema.org\",\"@graph\":[{\"@type\":\"WebPage\",\"@id\":\"https:\/\/chemuza.org\/it\/lantanio\/\",\"url\":\"https:\/\/chemuza.org\/it\/lantanio\/\",\"name\":\"Lantanio - Chemuza\",\"isPartOf\":{\"@id\":\"https:\/\/chemuza.org\/it\/#website\"},\"datePublished\":\"2023-07-14T10:20:34+00:00\",\"dateModified\":\"2023-07-14T10:20:34+00:00\",\"breadcrumb\":{\"@id\":\"https:\/\/chemuza.org\/it\/lantanio\/#breadcrumb\"},\"inLanguage\":\"it-IT\",\"potentialAction\":[{\"@type\":\"ReadAction\",\"target\":[\"https:\/\/chemuza.org\/it\/lantanio\/\"]}]},{\"@type\":\"BreadcrumbList\",\"@id\":\"https:\/\/chemuza.org\/it\/lantanio\/#breadcrumb\",\"itemListElement\":[{\"@type\":\"ListItem\",\"position\":1,\"name\":\"Casa\",\"item\":\"https:\/\/chemuza.org\/it\/\"},{\"@type\":\"ListItem\",\"position\":2,\"name\":\"Lantanio\"}]},{\"@type\":\"WebSite\",\"@id\":\"https:\/\/chemuza.org\/it\/#website\",\"url\":\"https:\/\/chemuza.org\/it\/\",\"name\":\"Chemuza\",\"description\":\"La tua porta d&#039;accesso alla scoperta chimica!\",\"publisher\":{\"@id\":\"https:\/\/chemuza.org\/it\/#organization\"},\"potentialAction\":[{\"@type\":\"SearchAction\",\"target\":{\"@type\":\"EntryPoint\",\"urlTemplate\":\"https:\/\/chemuza.org\/it\/?s={search_term_string}\"},\"query-input\":\"required name=search_term_string\"}],\"inLanguage\":\"it-IT\"},{\"@type\":\"Organization\",\"@id\":\"https:\/\/chemuza.org\/it\/#organization\",\"name\":\"Chemuza\",\"url\":\"https:\/\/chemuza.org\/it\/\",\"logo\":{\"@type\":\"ImageObject\",\"inLanguage\":\"it-IT\",\"@id\":\"https:\/\/chemuza.org\/it\/#\/schema\/logo\/image\/\",\"url\":\"https:\/\/chemuza.org\/it\/wp-content\/uploads\/2023\/10\/chemuza-logo.png\",\"contentUrl\":\"https:\/\/chemuza.org\/it\/wp-content\/uploads\/2023\/10\/chemuza-logo.png\",\"width\":387,\"height\":70,\"caption\":\"Chemuza\"},\"image\":{\"@id\":\"https:\/\/chemuza.org\/it\/#\/schema\/logo\/image\/\"}}]}<\/script>\n<!-- \/ Yoast SEO plugin. -->","yoast_head_json":{"title":"Lantanio - Chemuza","robots":{"index":"index","follow":"follow","max-snippet":"max-snippet:-1","max-image-preview":"max-image-preview:large","max-video-preview":"max-video-preview:-1"},"canonical":"https:\/\/chemuza.org\/it\/lantanio\/","og_locale":"it_IT","og_type":"article","og_title":"Lantanio - Chemuza","og_description":"\u00c8 l&#8217;elemento che inizia la serie chimica dei lantanoidi o lantanidi e fa parte del noto gruppo delle terre rare. D&#8217;altra parte, viene utilizzato nella metallurgia, nell&#8217;ingegneria chimica, nell&#8217;elettronica e nella medicina per le sue propriet\u00e0 magnetiche, catalitiche, chimiche e ottiche. Scopri cos&#8217;\u00e8 il Lantanio, quali sono le sue caratteristiche e tutte le sue propriet\u00e0 ... Per saperne di pi\u00f9","og_url":"https:\/\/chemuza.org\/it\/lantanio\/","og_site_name":"Chemuza","twitter_card":"summary_large_image","twitter_misc":{"Tempo di lettura stimato":"4 minuti"},"schema":{"@context":"https:\/\/schema.org","@graph":[{"@type":"WebPage","@id":"https:\/\/chemuza.org\/it\/lantanio\/","url":"https:\/\/chemuza.org\/it\/lantanio\/","name":"Lantanio - Chemuza","isPartOf":{"@id":"https:\/\/chemuza.org\/it\/#website"},"datePublished":"2023-07-14T10:20:34+00:00","dateModified":"2023-07-14T10:20:34+00:00","breadcrumb":{"@id":"https:\/\/chemuza.org\/it\/lantanio\/#breadcrumb"},"inLanguage":"it-IT","potentialAction":[{"@type":"ReadAction","target":["https:\/\/chemuza.org\/it\/lantanio\/"]}]},{"@type":"BreadcrumbList","@id":"https:\/\/chemuza.org\/it\/lantanio\/#breadcrumb","itemListElement":[{"@type":"ListItem","position":1,"name":"Casa","item":"https:\/\/chemuza.org\/it\/"},{"@type":"ListItem","position":2,"name":"Lantanio"}]},{"@type":"WebSite","@id":"https:\/\/chemuza.org\/it\/#website","url":"https:\/\/chemuza.org\/it\/","name":"Chemuza","description":"La tua porta d&#039;accesso alla scoperta chimica!","publisher":{"@id":"https:\/\/chemuza.org\/it\/#organization"},"potentialAction":[{"@type":"SearchAction","target":{"@type":"EntryPoint","urlTemplate":"https:\/\/chemuza.org\/it\/?s={search_term_string}"},"query-input":"required name=search_term_string"}],"inLanguage":"it-IT"},{"@type":"Organization","@id":"https:\/\/chemuza.org\/it\/#organization","name":"Chemuza","url":"https:\/\/chemuza.org\/it\/","logo":{"@type":"ImageObject","inLanguage":"it-IT","@id":"https:\/\/chemuza.org\/it\/#\/schema\/logo\/image\/","url":"https:\/\/chemuza.org\/it\/wp-content\/uploads\/2023\/10\/chemuza-logo.png","contentUrl":"https:\/\/chemuza.org\/it\/wp-content\/uploads\/2023\/10\/chemuza-logo.png","width":387,"height":70,"caption":"Chemuza"},"image":{"@id":"https:\/\/chemuza.org\/it\/#\/schema\/logo\/image\/"}}]}},"yoast_meta":{"yoast_wpseo_title":"","yoast_wpseo_metadesc":"","yoast_wpseo_canonical":""},"_links":{"self":[{"href":"https:\/\/chemuza.org\/it\/wp-json\/wp\/v2\/pages\/1481"}],"collection":[{"href":"https:\/\/chemuza.org\/it\/wp-json\/wp\/v2\/pages"}],"about":[{"href":"https:\/\/chemuza.org\/it\/wp-json\/wp\/v2\/types\/page"}],"author":[{"embeddable":true,"href":"https:\/\/chemuza.org\/it\/wp-json\/wp\/v2\/users\/1"}],"replies":[{"embeddable":true,"href":"https:\/\/chemuza.org\/it\/wp-json\/wp\/v2\/comments?post=1481"}],"version-history":[{"count":0,"href":"https:\/\/chemuza.org\/it\/wp-json\/wp\/v2\/pages\/1481\/revisions"}],"wp:attachment":[{"href":"https:\/\/chemuza.org\/it\/wp-json\/wp\/v2\/media?parent=1481"}],"curies":[{"name":"wp","href":"https:\/\/api.w.org\/{rel}","templated":true}]}}