{"id":1480,"date":"2023-07-14T10:42:50","date_gmt":"2023-07-14T10:42:50","guid":{"rendered":"https:\/\/chemuza.org\/it\/bario\/"},"modified":"2023-07-14T10:42:50","modified_gmt":"2023-07-14T10:42:50","slug":"bario","status":"publish","type":"page","link":"https:\/\/chemuza.org\/it\/bario\/","title":{"rendered":"Bario"},"content":{"rendered":"<p>Il bario \u00e8 distribuito nella crosta terrestre in quantit\u00e0 pari allo 0,04% e occupa il diciottesimo posto, tenendo conto della sua scarsa presenza allo stato naturale. I suoi composti sono ottenuti dall&#8217;estrazione e trasformazione dei suoi due composti principali, barite e witherite. Scopri di pi\u00f9 sulle sue funzionalit\u00e0 e app di seguito.<\/p>\n<h2> <strong>Cos&#8217;\u00e8 il bario?<\/strong><\/h2>\n<p> \u00c8 un metallo alcalino terroso con numero atomico 56 nella tavola periodica. \u00c8 molto reattivo, avendo una massa atomica di 137,34 e un colore argento biancastro. La sua presenza nell&#8217;ambiente \u00e8 bassa, quindi si trova solo in composti solidi, polvere e cristalli. Inoltre la sua presenza \u00e8 quasi inesistente negli alimenti e nell\u2019acqua potabile.<\/p>\n<h3> <strong>Simbolo del bario<\/strong><\/h3>\n<p> <span class=\"content-chemical-element\" style=\"float: left;width: 65px;height: 65px;border: 3px solid #666; display:flex;\n    justify-content: center;align-items: center;margin-right: 15px;\"><span style=\"font-size: 38px;\">Ba<\/span><\/span> Il suo nome deriva dal greco barys ovvero pesante. Fu estratto per la prima volta da Sir Humphrey Davy mediante elettrolisi della barite, che risult\u00f2 in un&#8217;elevata densit\u00e0 allo stato puro, da cui il nome.<\/p>\n<h2> <strong>Caratteristiche del bario<\/strong><\/h2>\n<p> L&#8217;elemento Bario si trova nel gruppo 2 della tavola periodica, \u00e8 duttile, ci\u00f2 significa che si ossida facilmente in presenza di aria e reagisce rapidamente con l&#8217;acqua. Inoltre, \u00e8 molto attivo chimicamente perch\u00e9 interagisce con i non metalli per formare composti. Scopri di pi\u00f9 sulla sua composizione:<\/p>\n<ul>\n<li> <strong>Condizione<\/strong> : solido.<\/li>\n<li> <strong>Colore<\/strong> : bianco argento.<\/li>\n<li> <strong>Sapore e odore<\/strong> : amaro metallico, molto sgradevole e inodore.<\/li>\n<li> <strong>Composizione<\/strong> : \u00c8 composto da 57 protoni ed elettroni con 81 neutroni.<\/li>\n<li> <strong>Tossicit\u00e0<\/strong> : elevata, pu\u00f2 causare gravi danni alla salute.<\/li>\n<li> <strong>Reattivit\u00e0<\/strong> : Elevata, a contatto con acqua o alcool forma idrogeno gassoso.<\/li>\n<li> <strong>Solubilit\u00e0<\/strong> : Solubile in acqua.<\/li>\n<li> <strong>Cristallizzazione<\/strong> : cubica centrata sulle parti del corpo.<\/li>\n<li> <strong>Conducibilit\u00e0<\/strong> : Buona, sia elettrica che termica.<\/li>\n<\/ul>\n<h2> <strong>Propriet\u00e0 chimiche e fisiche del bario<\/strong><\/h2>\n<ol>\n<li> <strong>Numero atomico<\/strong> : 56<\/li>\n<li> <strong>Periodo<\/strong> : 6<\/li>\n<li> <strong>Blocco<\/strong> : S<\/li>\n<li> <strong>Gruppo<\/strong> : 2<\/li>\n<li> <strong>Stato di ossidazione<\/strong> : 2<\/li>\n<li> <strong>Raggio covalente (\u00c5):<\/strong> 198<strong> <\/strong>pomeriggio<\/li>\n<li> <strong>Calore specifico:<\/strong> 204 J \/ (K kg)<\/li>\n<li> <strong>Energia di ionizzazione:<\/strong> 502,9<\/li>\n<li> <strong>Massa atomica (g\/mol):<\/strong> 137,34u<\/li>\n<li> <strong>Densit\u00e0:<\/strong> 3620 Kg\/m3<\/li>\n<li> <strong>Punto di ebollizione:<\/strong> 1845<strong> <\/strong>\u00b0C<\/li>\n<li> <strong>Punto di fusione:<\/strong> 727<strong> <\/strong>\u00b0C<\/li>\n<li> <strong>Raggio atomico:<\/strong> 253 pm<\/li>\n<li> <strong>Raggio medio:<\/strong> 215h<\/li>\n<li> <strong>Elettroni per guscio:<\/strong> 2, 8, 18, 8, 2<\/li>\n<li> <strong>Elettronegativit\u00e0:<\/strong> 0,89 <strong>&nbsp;<\/strong><\/li>\n<li> <strong>Configurazione elettronica:<\/strong> [Xe] 6s2<\/li>\n<li> <strong>Conduttivit\u00e0 termica:<\/strong> 18,4 W\/(Km)<\/li>\n<li> <strong>Conduttivit\u00e0 elettrica:<\/strong> 3106 S\/m<\/li>\n<\/ol>\n<h2> <strong>Origine del bario<\/strong><\/h2>\n<p> L&#8217;elemento Bario ed i suoi minerali erano gi\u00e0 conosciuti nel Medioevo in Italia sotto forma di pietre. Veniva utilizzato per le sue caratteristiche fosforescenti, perch\u00e9 quando riscaldato emette luci colorate. Pi\u00f9 tardi, nel 1774, Carl Scheele not\u00f2 che la barite conteneva un altro composto, che non riusc\u00ec a isolare allo stato puro, quindi ne ottenne solo l&#8217;ossido.<\/p>\n<p> Finalmente, nel 1808, Sir Humphry Davy riusc\u00ec a trovare l&#8217;elemento attraverso l&#8217;elettrolisi con sali fusi. Solo in questo modo si ottenne un campione puro, che gli permise di stabilire le sue propriet\u00e0 alcalino-terrose.<\/p>\n<h2> <strong>A cosa serve il bario?<\/strong><\/h2>\n<p> Questo metallo \u00e8 molto reattivo e raramente \u00e8 abbondante nel suo stato naturale. Tuttavia, con i suoi composti si producono pigmenti di vernice, l&#8217;ossigeno proveniente dalle valvole elettriche \u00e8 ridotto al minimo e si creano fiamme verdi. Altre applicazioni sono dettagliate di seguito:<\/p>\n<h3> <strong>Pozzo di petrolio<\/strong><\/h3>\n<p> L&#8217;ossido di bario viene utilizzato come fango nella perforazione di pozzi petroliferi in diverse parti. L&#8217;obiettivo \u00e8 aumentare la densit\u00e0 dei fanghi e preservare il carburante.<\/p>\n<h3> <strong>Conduttori elettrici<\/strong><\/h3>\n<p> Allo stato metallico viene utilizzato per rivestire cablaggi e conduttori di apparecchi elettrici. Inoltre, viene utilizzato nei meccanismi di accensione delle automobili che regolano il livello di elettricit\u00e0.<\/p>\n<h3> <strong>Pirotecnica<\/strong><\/h3>\n<p> Poich\u00e9 il nitrato di bario ha caratteristiche esplosive, viene utilizzato nella produzione di fuochi d&#8217;artificio e luci artificiali. Anche se si ossida rapidamente nell&#8217;aria e cambia colore, viene utilizzato nella produzione di illuminazione fosforescente.<\/p>\n<h3> <strong>Ingrediente del veleno<\/strong><\/h3>\n<p> Il composto carbonato di bario viene utilizzato nella produzione di veleno per topi. Data la sua elevata tossicit\u00e0, elimina il roditore pochi secondi dopo la sua ingestione.<\/p>\n<h3> <strong>produzione di elettrodi<\/strong><\/h3>\n<p> Il solfato di bario e la lignina, un polimero organico, vengono utilizzati nella produzione di elettrodi negativi. In questo modo svolge la funzione di espansore nelle batterie al piombo.<\/p>\n<h3> <strong>Radiologia<\/strong><\/h3>\n<p> Il composto di solfato di bario viene utilizzato per rivestire le sale radiologiche grazie alla sua elevata opacit\u00e0. Inoltre, essendo solubile in acqua, crea contrasti ai raggi X e consente di visualizzare le anomalie con buona precisione.<\/p>\n<h2> <strong>Cos&#8217;\u00e8 il cloruro di bario?<\/strong><\/h2>\n<p> \u00c8 un composto inorganico con la formula BaCl2 del tipo sale solubile tossico con una tinta bluastra se esposto al fuoco. \u00c8 molto apprezzato nell&#8217;industria, poich\u00e9 viene utilizzato come purificatore della salamoia negli impianti cloro-alcalini. Inoltre, viene utilizzato come indurente per l&#8217;acciaio e nella creazione di sali durante i trattamenti termici.<\/p>\n<p> In conclusione, questo metallo alcalino terroso \u00e8 molto radioattivo, motivo per cui \u00e8 raro allo stato naturale. Ha un&#8217;ottima conducibilit\u00e0 termica ed elettrica, perfetta per diverse applicazioni in campo industriale, chimico e medico.<\/p>\n","protected":false},"excerpt":{"rendered":"<p>Il bario \u00e8 distribuito nella crosta terrestre in quantit\u00e0 pari allo 0,04% e occupa il diciottesimo posto, tenendo conto della sua scarsa presenza allo stato naturale. I suoi composti sono ottenuti dall&#8217;estrazione e trasformazione dei suoi due composti principali, barite e witherite. Scopri di pi\u00f9 sulle sue funzionalit\u00e0 e app di seguito. Cos&#8217;\u00e8 il bario? &#8230; <a title=\"Bario\" class=\"read-more\" href=\"https:\/\/chemuza.org\/it\/bario\/\" aria-label=\"More on Bario\">Per saperne di pi\u00f9<\/a><\/p>\n","protected":false},"author":1,"featured_media":0,"parent":0,"menu_order":0,"comment_status":"closed","ping_status":"closed","template":"","meta":{"footnotes":""},"yoast_head":"<!-- This site is optimized with the Yoast SEO plugin v21.4 - https:\/\/yoast.com\/wordpress\/plugins\/seo\/ -->\n<title>Bario - Chemuza<\/title>\n<meta name=\"robots\" content=\"index, follow, max-snippet:-1, max-image-preview:large, max-video-preview:-1\" \/>\n<link rel=\"canonical\" href=\"https:\/\/chemuza.org\/it\/bario\/\" \/>\n<meta property=\"og:locale\" content=\"it_IT\" \/>\n<meta property=\"og:type\" content=\"article\" \/>\n<meta property=\"og:title\" content=\"Bario - Chemuza\" \/>\n<meta property=\"og:description\" content=\"Il bario \u00e8 distribuito nella crosta terrestre in quantit\u00e0 pari allo 0,04% e occupa il diciottesimo posto, tenendo conto della sua scarsa presenza allo stato naturale. I suoi composti sono ottenuti dall&#8217;estrazione e trasformazione dei suoi due composti principali, barite e witherite. Scopri di pi\u00f9 sulle sue funzionalit\u00e0 e app di seguito. Cos&#8217;\u00e8 il bario? ... Per saperne di pi\u00f9\" \/>\n<meta property=\"og:url\" content=\"https:\/\/chemuza.org\/it\/bario\/\" \/>\n<meta property=\"og:site_name\" content=\"Chemuza\" \/>\n<meta name=\"twitter:card\" content=\"summary_large_image\" \/>\n<meta name=\"twitter:label1\" content=\"Tempo di lettura stimato\" \/>\n\t<meta name=\"twitter:data1\" content=\"4 minuti\" \/>\n<script type=\"application\/ld+json\" class=\"yoast-schema-graph\">{\"@context\":\"https:\/\/schema.org\",\"@graph\":[{\"@type\":\"WebPage\",\"@id\":\"https:\/\/chemuza.org\/it\/bario\/\",\"url\":\"https:\/\/chemuza.org\/it\/bario\/\",\"name\":\"Bario - Chemuza\",\"isPartOf\":{\"@id\":\"https:\/\/chemuza.org\/it\/#website\"},\"datePublished\":\"2023-07-14T10:42:50+00:00\",\"dateModified\":\"2023-07-14T10:42:50+00:00\",\"breadcrumb\":{\"@id\":\"https:\/\/chemuza.org\/it\/bario\/#breadcrumb\"},\"inLanguage\":\"it-IT\",\"potentialAction\":[{\"@type\":\"ReadAction\",\"target\":[\"https:\/\/chemuza.org\/it\/bario\/\"]}]},{\"@type\":\"BreadcrumbList\",\"@id\":\"https:\/\/chemuza.org\/it\/bario\/#breadcrumb\",\"itemListElement\":[{\"@type\":\"ListItem\",\"position\":1,\"name\":\"Casa\",\"item\":\"https:\/\/chemuza.org\/it\/\"},{\"@type\":\"ListItem\",\"position\":2,\"name\":\"Bario\"}]},{\"@type\":\"WebSite\",\"@id\":\"https:\/\/chemuza.org\/it\/#website\",\"url\":\"https:\/\/chemuza.org\/it\/\",\"name\":\"Chemuza\",\"description\":\"La tua porta d&#039;accesso alla scoperta chimica!\",\"publisher\":{\"@id\":\"https:\/\/chemuza.org\/it\/#organization\"},\"potentialAction\":[{\"@type\":\"SearchAction\",\"target\":{\"@type\":\"EntryPoint\",\"urlTemplate\":\"https:\/\/chemuza.org\/it\/?s={search_term_string}\"},\"query-input\":\"required name=search_term_string\"}],\"inLanguage\":\"it-IT\"},{\"@type\":\"Organization\",\"@id\":\"https:\/\/chemuza.org\/it\/#organization\",\"name\":\"Chemuza\",\"url\":\"https:\/\/chemuza.org\/it\/\",\"logo\":{\"@type\":\"ImageObject\",\"inLanguage\":\"it-IT\",\"@id\":\"https:\/\/chemuza.org\/it\/#\/schema\/logo\/image\/\",\"url\":\"https:\/\/chemuza.org\/it\/wp-content\/uploads\/2023\/10\/chemuza-logo.png\",\"contentUrl\":\"https:\/\/chemuza.org\/it\/wp-content\/uploads\/2023\/10\/chemuza-logo.png\",\"width\":387,\"height\":70,\"caption\":\"Chemuza\"},\"image\":{\"@id\":\"https:\/\/chemuza.org\/it\/#\/schema\/logo\/image\/\"}}]}<\/script>\n<!-- \/ Yoast SEO plugin. -->","yoast_head_json":{"title":"Bario - Chemuza","robots":{"index":"index","follow":"follow","max-snippet":"max-snippet:-1","max-image-preview":"max-image-preview:large","max-video-preview":"max-video-preview:-1"},"canonical":"https:\/\/chemuza.org\/it\/bario\/","og_locale":"it_IT","og_type":"article","og_title":"Bario - Chemuza","og_description":"Il bario \u00e8 distribuito nella crosta terrestre in quantit\u00e0 pari allo 0,04% e occupa il diciottesimo posto, tenendo conto della sua scarsa presenza allo stato naturale. I suoi composti sono ottenuti dall&#8217;estrazione e trasformazione dei suoi due composti principali, barite e witherite. Scopri di pi\u00f9 sulle sue funzionalit\u00e0 e app di seguito. Cos&#8217;\u00e8 il bario? ... Per saperne di pi\u00f9","og_url":"https:\/\/chemuza.org\/it\/bario\/","og_site_name":"Chemuza","twitter_card":"summary_large_image","twitter_misc":{"Tempo di lettura stimato":"4 minuti"},"schema":{"@context":"https:\/\/schema.org","@graph":[{"@type":"WebPage","@id":"https:\/\/chemuza.org\/it\/bario\/","url":"https:\/\/chemuza.org\/it\/bario\/","name":"Bario - Chemuza","isPartOf":{"@id":"https:\/\/chemuza.org\/it\/#website"},"datePublished":"2023-07-14T10:42:50+00:00","dateModified":"2023-07-14T10:42:50+00:00","breadcrumb":{"@id":"https:\/\/chemuza.org\/it\/bario\/#breadcrumb"},"inLanguage":"it-IT","potentialAction":[{"@type":"ReadAction","target":["https:\/\/chemuza.org\/it\/bario\/"]}]},{"@type":"BreadcrumbList","@id":"https:\/\/chemuza.org\/it\/bario\/#breadcrumb","itemListElement":[{"@type":"ListItem","position":1,"name":"Casa","item":"https:\/\/chemuza.org\/it\/"},{"@type":"ListItem","position":2,"name":"Bario"}]},{"@type":"WebSite","@id":"https:\/\/chemuza.org\/it\/#website","url":"https:\/\/chemuza.org\/it\/","name":"Chemuza","description":"La tua porta d&#039;accesso alla scoperta chimica!","publisher":{"@id":"https:\/\/chemuza.org\/it\/#organization"},"potentialAction":[{"@type":"SearchAction","target":{"@type":"EntryPoint","urlTemplate":"https:\/\/chemuza.org\/it\/?s={search_term_string}"},"query-input":"required name=search_term_string"}],"inLanguage":"it-IT"},{"@type":"Organization","@id":"https:\/\/chemuza.org\/it\/#organization","name":"Chemuza","url":"https:\/\/chemuza.org\/it\/","logo":{"@type":"ImageObject","inLanguage":"it-IT","@id":"https:\/\/chemuza.org\/it\/#\/schema\/logo\/image\/","url":"https:\/\/chemuza.org\/it\/wp-content\/uploads\/2023\/10\/chemuza-logo.png","contentUrl":"https:\/\/chemuza.org\/it\/wp-content\/uploads\/2023\/10\/chemuza-logo.png","width":387,"height":70,"caption":"Chemuza"},"image":{"@id":"https:\/\/chemuza.org\/it\/#\/schema\/logo\/image\/"}}]}},"yoast_meta":{"yoast_wpseo_title":"","yoast_wpseo_metadesc":"","yoast_wpseo_canonical":""},"_links":{"self":[{"href":"https:\/\/chemuza.org\/it\/wp-json\/wp\/v2\/pages\/1480"}],"collection":[{"href":"https:\/\/chemuza.org\/it\/wp-json\/wp\/v2\/pages"}],"about":[{"href":"https:\/\/chemuza.org\/it\/wp-json\/wp\/v2\/types\/page"}],"author":[{"embeddable":true,"href":"https:\/\/chemuza.org\/it\/wp-json\/wp\/v2\/users\/1"}],"replies":[{"embeddable":true,"href":"https:\/\/chemuza.org\/it\/wp-json\/wp\/v2\/comments?post=1480"}],"version-history":[{"count":0,"href":"https:\/\/chemuza.org\/it\/wp-json\/wp\/v2\/pages\/1480\/revisions"}],"wp:attachment":[{"href":"https:\/\/chemuza.org\/it\/wp-json\/wp\/v2\/media?parent=1480"}],"curies":[{"name":"wp","href":"https:\/\/api.w.org\/{rel}","templated":true}]}}