{"id":1479,"date":"2023-07-14T10:56:18","date_gmt":"2023-07-14T10:56:18","guid":{"rendered":"https:\/\/chemuza.org\/it\/tellurio\/"},"modified":"2023-07-14T10:56:18","modified_gmt":"2023-07-14T10:56:18","slug":"tellurio","status":"publish","type":"page","link":"https:\/\/chemuza.org\/it\/tellurio\/","title":{"rendered":"Tellurio"},"content":{"rendered":"<p>Il tellurio \u00e8 uno degli elementi pi\u00f9 rari che esistono sulla Terra e si trova insieme al selenio, all&#8217;ossigeno, al polonio e allo zolfo. Questo pu\u00f2 essere isolato utilizzando le polveri fini di alcuni minerali d&#8217;oro tellurici. Inoltre, \u00e8 possibile trovarlo sotto forma di Telluride grafico o Nagiagite e altre forme sono Altaite, Coloradoite, Telluride d&#8217;oro e d&#8217;argento.<\/p>\n<h2> <strong>Cos&#8217;\u00e8 il tellurio?<\/strong><\/h2>\n<p> \u00c8 un elemento della tavola periodica che si trova tra i semimetalli. Se ne conoscono due forme allotropiche, una \u00e8 cristallina, bianco argentea, con un peso specifico di 6,24. L&#8217;altra forma \u00e8 il castagno amorfo, che ha un peso specifico di 6.015. Inoltre, \u00e8 fragile e molto spesso appare come una polvere grigio scuro.<\/p>\n<p> Quando brucia all&#8217;aria, genera una fiamma blu-verde e rilascia biossido di tellurio. Pu\u00f2 essere sciolto nell&#8217;acido nitrito, ma nell&#8217;acido cloridrico o nell&#8217;acqua non viene influenzato. Inoltre, ha propriet\u00e0 sia metalliche che non metalliche.<\/p>\n<h3> <strong>Simbolo del tellurio<\/strong><\/h3>\n<p> <span class=\"content-chemical-element\" style=\"float: left;width: 65px;height: 65px;border: 3px solid #666; display:flex;\n    justify-content: center;align-items: center;margin-right: 15px;\"><span style=\"font-size: 38px;\">Te<\/span><\/span> Si trova come elemento chimico situato nel gruppo 16, periodo 5 della tavola periodica. Il peso atomico \u00e8 127,60 e il suo numero atomico \u00e8 52. Sono conosciuti 29 isotopi di cui 8 presenti in natura, tre di loro sono radioattivi. Alcuni dei suoi composti includono tellururo di idrogeno, triossido di tellurio, tetracloruro di tellurio e biossido di tellurio, tra gli altri.<\/p>\n<h2> <strong>Caratteristiche del tellurio<\/strong><\/h2>\n<p> Il tellurio \u00e8 relativamente stabile, insolubile in acido cloridrico e acqua, ma diventa solubile in acqua regia e acido nitrico. Inoltre, pu\u00f2 reagire con il cloro in eccesso e formare un composto chiamato tellururo dicloruro o tellururo tetracloruro. Tra le sue altre caratteristiche importanti abbiamo:<\/p>\n<ul>\n<li> <strong>Stato<\/strong> : Il tellurio nel suo stato naturale \u00e8 solido.<\/li>\n<li> <strong>Sapore e odore<\/strong> : Sebbene non abbia un odore particolare, quando metabolizzato dall&#8217;organismo ha un odore agliaceo e un sapore metallico.<\/li>\n<li> <strong>Struttura<\/strong> : \u00c8 un polimero costituito da catene di atomi a zigzag.<\/li>\n<li> <strong>Conduttivit\u00e0 elettrica:<\/strong> dipende dall&#8217;allineamento atomico, presenta una conduttivit\u00e0 maggiore, che aumenta se esposto alla luce.<\/li>\n<\/ul>\n<h2> <strong>Propriet\u00e0 chimiche e fisiche del tellurio<\/strong><\/h2>\n<ol>\n<li> <strong>Numero atomico<\/strong> : 52<\/li>\n<li> <strong>Periodo:<\/strong> 5<\/li>\n<li> <strong>Blocco:<\/strong> pag<\/li>\n<li> <strong>Raggio covalente (\u00c5):<\/strong> 135<\/li>\n<li> <strong>Raggio atomico:<\/strong> 123<\/li>\n<li> <strong>Elettronegativit\u00e0:<\/strong> 2.1<\/li>\n<li> <strong>Massa atomica (g\/mol):<\/strong> 127,6<\/li>\n<li> <strong>Densit\u00e0:<\/strong> 6240 kg\/m\u00b3<\/li>\n<li> <strong>Entalpia di fusione:<\/strong> 17,49 Kj\/mol<\/li>\n<li> <strong>Stato di ossidazione:<\/strong> +2, 4, 6<\/li>\n<li> <strong>Punto di fusione:<\/strong> 722,66K<\/li>\n<li> <strong>Punto di ebollizione:<\/strong> 1261 K<\/li>\n<li> <strong>Velocit\u00e0 del suono:<\/strong> 2610<strong> <\/strong>m\/s 293,15K<\/li>\n<li> <strong>Pressione di vapore:<\/strong> 23,1 Pa a 272,65 K<\/li>\n<li> <strong>Configurazione elettronica:<\/strong> [Kr] 4d <sup>10<\/sup> 5s <sup>2<\/sup> 5p <sup>41<\/sup><\/li>\n<li> <strong>Entalpia di vaporizzazione:<\/strong> 52,55 kJ\/mol<\/li>\n<\/ol>\n<h2> <strong>Origine del tellurio<\/strong><\/h2>\n<p> Il nome Tellurium o Tellurium deriva dal latino <em>tellus<\/em> , che significa Terra, in omaggio alla dea Tellus. Questo elemento fu scoperto dall&#8217;ingegnere minerario austriaco Frannz Joseph Muller von Reichenstein nel 1782. Era curioso di sapere un elemento che trov\u00f2 in una miniera che emetteva un incredibile bagliore metallico. All&#8217;inizio pens\u00f2 che fosse Antimonio.<\/p>\n<p> Tuttavia, dopo averlo analizzato per circa tre anni, not\u00f2 che si trattava di qualcosa di nuovo. Osserv\u00f2 anche che quando riscaldato emetteva un fumo rosso che diventava nero se mescolato con l&#8217;acqua, e per questo lo chiam\u00f2 oro paradossale. Ma fu nel 1798 che il chimico tedesco Martin Heinrich Klaproth gli diede il nome Tellurium.<\/p>\n<h2> <strong>A cosa serve il tellurio?<\/strong><\/h2>\n<p> Inizialmente veniva utilizzato come lucidante nella galvanica come materiale colorante per il vetro. Inoltre, viene utilizzato come additivo al piombo per migliorarne la resistenza alla corrosione e la durata. Inoltre, la sua lega con ferro favorisce il raffreddamento per la spettroscopia. Altre applicazioni di questo elemento sono:<\/p>\n<h3> <strong>Industria<\/strong><\/h3>\n<p> Grazie alle sue propriet\u00e0 conduttive, viene utilizzato nella produzione di dispositivi termoelettrici e compact disc. Viene anche utilizzato per migliorare la lavorabilit\u00e0 dell&#8217;acciaio e del rame. Viene utilizzato per vulcanizzare le gomme, rendendole pi\u00f9 resistenti al calore. Allo stesso modo, i composti del tellurio servono come pigmenti per produrre ceramiche e aumentare la rifrazione ottica dei vetri, utilizzati nelle fibre ottiche per le telecomunicazioni.<\/p>\n<h3> <strong>Medicinale<\/strong><\/h3>\n<p> Il tellurato di potassio \u00e8 usato per trattare l&#8217;eccessiva sudorazione notturna nei pazienti affetti da tubercolosi. \u00c8 stato utilizzato anche come trattamento per i disturbi della tiroide. D&#8217;altra parte, Tellurite Agar aiuta a identificare il Corynebacterium diphtheriae, un batterio patogeno responsabile della difterite.<\/p>\n<p> In conclusione, il tellurio appartiene al gruppo dei metalloidi e si trova in natura allo stato solido non magnetico. Inoltre, costituisce circa il 10% delle rocce ignee presenti sulla superficie terrestre.<\/p>\n","protected":false},"excerpt":{"rendered":"<p>Il tellurio \u00e8 uno degli elementi pi\u00f9 rari che esistono sulla Terra e si trova insieme al selenio, all&#8217;ossigeno, al polonio e allo zolfo. Questo pu\u00f2 essere isolato utilizzando le polveri fini di alcuni minerali d&#8217;oro tellurici. Inoltre, \u00e8 possibile trovarlo sotto forma di Telluride grafico o Nagiagite e altre forme sono Altaite, Coloradoite, Telluride &#8230; <a title=\"Tellurio\" class=\"read-more\" href=\"https:\/\/chemuza.org\/it\/tellurio\/\" aria-label=\"More on Tellurio\">Per saperne di pi\u00f9<\/a><\/p>\n","protected":false},"author":1,"featured_media":0,"parent":0,"menu_order":0,"comment_status":"closed","ping_status":"closed","template":"","meta":{"footnotes":""},"yoast_head":"<!-- This site is optimized with the Yoast SEO plugin v21.4 - https:\/\/yoast.com\/wordpress\/plugins\/seo\/ -->\n<title>Tellurio - Chemuza<\/title>\n<meta name=\"robots\" content=\"index, follow, max-snippet:-1, max-image-preview:large, max-video-preview:-1\" \/>\n<link rel=\"canonical\" href=\"https:\/\/chemuza.org\/it\/tellurio\/\" \/>\n<meta property=\"og:locale\" content=\"it_IT\" \/>\n<meta property=\"og:type\" content=\"article\" \/>\n<meta property=\"og:title\" content=\"Tellurio - Chemuza\" \/>\n<meta property=\"og:description\" content=\"Il tellurio \u00e8 uno degli elementi pi\u00f9 rari che esistono sulla Terra e si trova insieme al selenio, all&#8217;ossigeno, al polonio e allo zolfo. Questo pu\u00f2 essere isolato utilizzando le polveri fini di alcuni minerali d&#8217;oro tellurici. Inoltre, \u00e8 possibile trovarlo sotto forma di Telluride grafico o Nagiagite e altre forme sono Altaite, Coloradoite, Telluride ... Per saperne di pi\u00f9\" \/>\n<meta property=\"og:url\" content=\"https:\/\/chemuza.org\/it\/tellurio\/\" \/>\n<meta property=\"og:site_name\" content=\"Chemuza\" \/>\n<meta name=\"twitter:card\" content=\"summary_large_image\" \/>\n<meta name=\"twitter:label1\" content=\"Tempo di lettura stimato\" \/>\n\t<meta name=\"twitter:data1\" content=\"3 minuti\" \/>\n<script type=\"application\/ld+json\" class=\"yoast-schema-graph\">{\"@context\":\"https:\/\/schema.org\",\"@graph\":[{\"@type\":\"WebPage\",\"@id\":\"https:\/\/chemuza.org\/it\/tellurio\/\",\"url\":\"https:\/\/chemuza.org\/it\/tellurio\/\",\"name\":\"Tellurio - Chemuza\",\"isPartOf\":{\"@id\":\"https:\/\/chemuza.org\/it\/#website\"},\"datePublished\":\"2023-07-14T10:56:18+00:00\",\"dateModified\":\"2023-07-14T10:56:18+00:00\",\"breadcrumb\":{\"@id\":\"https:\/\/chemuza.org\/it\/tellurio\/#breadcrumb\"},\"inLanguage\":\"it-IT\",\"potentialAction\":[{\"@type\":\"ReadAction\",\"target\":[\"https:\/\/chemuza.org\/it\/tellurio\/\"]}]},{\"@type\":\"BreadcrumbList\",\"@id\":\"https:\/\/chemuza.org\/it\/tellurio\/#breadcrumb\",\"itemListElement\":[{\"@type\":\"ListItem\",\"position\":1,\"name\":\"Casa\",\"item\":\"https:\/\/chemuza.org\/it\/\"},{\"@type\":\"ListItem\",\"position\":2,\"name\":\"Tellurio\"}]},{\"@type\":\"WebSite\",\"@id\":\"https:\/\/chemuza.org\/it\/#website\",\"url\":\"https:\/\/chemuza.org\/it\/\",\"name\":\"Chemuza\",\"description\":\"La tua porta d&#039;accesso alla scoperta chimica!\",\"publisher\":{\"@id\":\"https:\/\/chemuza.org\/it\/#organization\"},\"potentialAction\":[{\"@type\":\"SearchAction\",\"target\":{\"@type\":\"EntryPoint\",\"urlTemplate\":\"https:\/\/chemuza.org\/it\/?s={search_term_string}\"},\"query-input\":\"required name=search_term_string\"}],\"inLanguage\":\"it-IT\"},{\"@type\":\"Organization\",\"@id\":\"https:\/\/chemuza.org\/it\/#organization\",\"name\":\"Chemuza\",\"url\":\"https:\/\/chemuza.org\/it\/\",\"logo\":{\"@type\":\"ImageObject\",\"inLanguage\":\"it-IT\",\"@id\":\"https:\/\/chemuza.org\/it\/#\/schema\/logo\/image\/\",\"url\":\"https:\/\/chemuza.org\/it\/wp-content\/uploads\/2023\/10\/chemuza-logo.png\",\"contentUrl\":\"https:\/\/chemuza.org\/it\/wp-content\/uploads\/2023\/10\/chemuza-logo.png\",\"width\":387,\"height\":70,\"caption\":\"Chemuza\"},\"image\":{\"@id\":\"https:\/\/chemuza.org\/it\/#\/schema\/logo\/image\/\"}}]}<\/script>\n<!-- \/ Yoast SEO plugin. -->","yoast_head_json":{"title":"Tellurio - Chemuza","robots":{"index":"index","follow":"follow","max-snippet":"max-snippet:-1","max-image-preview":"max-image-preview:large","max-video-preview":"max-video-preview:-1"},"canonical":"https:\/\/chemuza.org\/it\/tellurio\/","og_locale":"it_IT","og_type":"article","og_title":"Tellurio - Chemuza","og_description":"Il tellurio \u00e8 uno degli elementi pi\u00f9 rari che esistono sulla Terra e si trova insieme al selenio, all&#8217;ossigeno, al polonio e allo zolfo. Questo pu\u00f2 essere isolato utilizzando le polveri fini di alcuni minerali d&#8217;oro tellurici. Inoltre, \u00e8 possibile trovarlo sotto forma di Telluride grafico o Nagiagite e altre forme sono Altaite, Coloradoite, Telluride ... Per saperne di pi\u00f9","og_url":"https:\/\/chemuza.org\/it\/tellurio\/","og_site_name":"Chemuza","twitter_card":"summary_large_image","twitter_misc":{"Tempo di lettura stimato":"3 minuti"},"schema":{"@context":"https:\/\/schema.org","@graph":[{"@type":"WebPage","@id":"https:\/\/chemuza.org\/it\/tellurio\/","url":"https:\/\/chemuza.org\/it\/tellurio\/","name":"Tellurio - Chemuza","isPartOf":{"@id":"https:\/\/chemuza.org\/it\/#website"},"datePublished":"2023-07-14T10:56:18+00:00","dateModified":"2023-07-14T10:56:18+00:00","breadcrumb":{"@id":"https:\/\/chemuza.org\/it\/tellurio\/#breadcrumb"},"inLanguage":"it-IT","potentialAction":[{"@type":"ReadAction","target":["https:\/\/chemuza.org\/it\/tellurio\/"]}]},{"@type":"BreadcrumbList","@id":"https:\/\/chemuza.org\/it\/tellurio\/#breadcrumb","itemListElement":[{"@type":"ListItem","position":1,"name":"Casa","item":"https:\/\/chemuza.org\/it\/"},{"@type":"ListItem","position":2,"name":"Tellurio"}]},{"@type":"WebSite","@id":"https:\/\/chemuza.org\/it\/#website","url":"https:\/\/chemuza.org\/it\/","name":"Chemuza","description":"La tua porta d&#039;accesso alla scoperta chimica!","publisher":{"@id":"https:\/\/chemuza.org\/it\/#organization"},"potentialAction":[{"@type":"SearchAction","target":{"@type":"EntryPoint","urlTemplate":"https:\/\/chemuza.org\/it\/?s={search_term_string}"},"query-input":"required name=search_term_string"}],"inLanguage":"it-IT"},{"@type":"Organization","@id":"https:\/\/chemuza.org\/it\/#organization","name":"Chemuza","url":"https:\/\/chemuza.org\/it\/","logo":{"@type":"ImageObject","inLanguage":"it-IT","@id":"https:\/\/chemuza.org\/it\/#\/schema\/logo\/image\/","url":"https:\/\/chemuza.org\/it\/wp-content\/uploads\/2023\/10\/chemuza-logo.png","contentUrl":"https:\/\/chemuza.org\/it\/wp-content\/uploads\/2023\/10\/chemuza-logo.png","width":387,"height":70,"caption":"Chemuza"},"image":{"@id":"https:\/\/chemuza.org\/it\/#\/schema\/logo\/image\/"}}]}},"yoast_meta":{"yoast_wpseo_title":"","yoast_wpseo_metadesc":"","yoast_wpseo_canonical":""},"_links":{"self":[{"href":"https:\/\/chemuza.org\/it\/wp-json\/wp\/v2\/pages\/1479"}],"collection":[{"href":"https:\/\/chemuza.org\/it\/wp-json\/wp\/v2\/pages"}],"about":[{"href":"https:\/\/chemuza.org\/it\/wp-json\/wp\/v2\/types\/page"}],"author":[{"embeddable":true,"href":"https:\/\/chemuza.org\/it\/wp-json\/wp\/v2\/users\/1"}],"replies":[{"embeddable":true,"href":"https:\/\/chemuza.org\/it\/wp-json\/wp\/v2\/comments?post=1479"}],"version-history":[{"count":0,"href":"https:\/\/chemuza.org\/it\/wp-json\/wp\/v2\/pages\/1479\/revisions"}],"wp:attachment":[{"href":"https:\/\/chemuza.org\/it\/wp-json\/wp\/v2\/media?parent=1479"}],"curies":[{"name":"wp","href":"https:\/\/api.w.org\/{rel}","templated":true}]}}