{"id":1478,"date":"2023-07-14T11:26:19","date_gmt":"2023-07-14T11:26:19","guid":{"rendered":"https:\/\/chemuza.org\/it\/antimonio\/"},"modified":"2023-07-14T11:26:19","modified_gmt":"2023-07-14T11:26:19","slug":"antimonio","status":"publish","type":"page","link":"https:\/\/chemuza.org\/it\/antimonio\/","title":{"rendered":"Antimonio"},"content":{"rendered":"<p>L&#8217;antimonio \u00e8 abbondante nell&#8217;ambiente sotto forma di minerali e solfuri; raramente si trova in natura. \u00c8 in grado di rimanere nell&#8217;aria attaccato ad un minimo di particelle per diversi giorni. Successivamente va nel terreno per mescolarsi con tracce di Ferro, Manganese e Alluminio, motivo per cui \u00e8 ampiamente utilizzato per le leghe. Scopri di pi\u00f9 su questo articolo in questa voce.<\/p>\n<h2> <strong>Cos&#8217;\u00e8 l&#8217;antimonio?<\/strong><\/h2>\n<p> \u00c8 un metalloide firmato con il numero atomico 51 nella tavola periodica che ha due forme metalliche, una forma argentata dura e lucida e una polvere grigia non metallica. Inoltre, mantengono una temperatura stabile nell&#8217;aria secca e resistono all&#8217;attacco di acidi e alcali forti. Si ottiene come sottoprodotto della raffinazione dei minerali con rame e piombo, utile nella stampa e nelle leghe.<\/p>\n<h3> <strong>Simbolo dell&#8217;antimonio<\/strong><\/h3>\n<p> <span class=\"content-chemical-element\" style=\"float: left;width: 65px;height: 65px;border: 3px solid #666; display:flex;\n    justify-content: center;align-items: center;margin-right: 15px;\"><span style=\"font-size: 38px;\">Sb<\/span><\/span> Il nome deriva dal latino <em>stibium<\/em> , espressione data all&#8217;ombretto nero che le donne usavano nell&#8217;antico Israele e in Egitto. Successivamente adott\u00f2 la forma latina <em>antimonium,<\/em> il cui significato \u00e8 legato all&#8217;ombreggiatura degli occhi e delle sopracciglia.<\/p>\n<h2> <strong>Caratteristiche dell&#8217;antimonio<\/strong><\/h2>\n<p> \u00c8 un fusibile solido, cristallino e fragile con bassa conduttivit\u00e0 termica, che volatilizza a basse temperature. Consiste in propriet\u00e0 chimiche metalliche e non metalliche a seconda del composto che forma. Nonostante la sua costituzione forte, viene facilmente attaccato da alogenuri e ossidanti. Le altre caratteristiche dell&#8217;antimonio sono:<\/p>\n<ul>\n<li> <strong>Condizione<\/strong> : fragile solido e liquido.<\/li>\n<li> <strong>Colore<\/strong> : bianco argento brillante.<\/li>\n<li> <strong>Sapore e odore<\/strong> : amaro metallico, molto sgradevole e inodore.<\/li>\n<li> <strong>Allotropia:<\/strong> esistono quattro forme allotropiche. Una forma metallica blu-bianca stabile. Altri due sono gialli e neri e il quarto corrisponde ad una forma non metallica, molto instabile ed esplosiva.<\/li>\n<li> <strong>Composizione:<\/strong> Il suo nucleo \u00e8 composto da 51 protoni ed elettroni con 71 neutroni.<\/li>\n<li> <strong>Durezza:<\/strong> Ha una durezza bassa pari a 3 sulla scala Mohs, lucente e morbida.<\/li>\n<li> <strong>Tossicit\u00e0<\/strong> : bassa, ma \u00e8 molto tossica se esposta a grandi quantit\u00e0 dell&#8217;elemento.<\/li>\n<li> <strong>Reattivit\u00e0<\/strong> : moderata, rimane stabile nell&#8217;aria a temperatura ambiente. Tuttavia, quando riscaldato, reagisce violentemente con l&#8217;ossigeno.<\/li>\n<li> <strong>Struttura<\/strong> : Una volta raffreddato forma cristalli romboedrici organizzati.<\/li>\n<li> <strong>Solubilit\u00e0<\/strong> : Leggermente solubile in acqua.<\/li>\n<\/ul>\n<h2> <strong>Propriet\u00e0 chimiche e fisiche dell&#8217;antimonio<\/strong><\/h2>\n<ol>\n<li> <strong>Numero atomico<\/strong> : 51<\/li>\n<li> <strong>Periodo<\/strong> : 5<\/li>\n<li> <strong>Blocca<\/strong> \ud83d\ude1b<\/li>\n<li> <strong>Gruppo<\/strong> : 15<\/li>\n<li> <strong>Stato di ossidazione<\/strong> : +3,5<\/li>\n<li> <strong>Raggio covalente (\u00c5):<\/strong> 138 pm<\/li>\n<li> <strong>Raggio medio:<\/strong> 145 ore<\/li>\n<li> <strong>Punto di ebollizione:<\/strong> 1587\u00b0C<\/li>\n<li> <strong>Massa atomica (g\/mol):<\/strong> 121.760 u<\/li>\n<li> <strong>Elettroni per guscio:<\/strong> 2, 8, 18, 18, 5<\/li>\n<li> <strong>Potenziale di prima ionizzazione:<\/strong> (eV): 8,68<\/li>\n<li> <strong>Configurazione elettronica:<\/strong> [Kr] 4d105s25p3<\/li>\n<li> <strong>Punto di fusione:<\/strong> 631<strong> <\/strong>\u00b0C<\/li>\n<li> <strong>Raggio atomico:<\/strong> 133 ore<\/li>\n<li> <strong>Densit\u00e0:<\/strong> 6697 Kg\/m3<\/li>\n<li> <strong>Elettronegativit\u00e0:<\/strong> 2,05<\/li>\n<li> <strong>Calore specifico:<\/strong> 210 J\/(K kg)<\/li>\n<li> <strong>Conduttivit\u00e0 termica:<\/strong> 24,3 W\/(Km)<\/li>\n<\/ol>\n<h2> <strong>Origine dell&#8217;antimonio<\/strong><\/h2>\n<p> La storia dell&#8217;antimonio grezzo risale ai tempi antichi, quando il suo composto principale, la stibnite, veniva utilizzato per produrre una pasta nera utilizzata come trucco in Egitto, Babilonia e Israele. Inoltre, veniva utilizzato come ornamento su navi antiche. Successivamente, nel 1565, il chimico Basilio Valentino lo scopr\u00ec come elemento, estraendolo da uno dei suoi composti naturali, dove pot\u00e9 verificarne le propriet\u00e0.<\/p>\n<h2> <strong>A cosa serve il minerale Antimonio?<\/strong><\/h2>\n<p> Viene utilizzato nella produzione di rilevatori a infrarossi, diodi e dispositivi ad effetto Hall grazie alle sue propriet\u00e0 di semiconduttore. Essendo un semimetallo, viene utilizzato nelle leghe di stagno, peltro e zinco, per aumentarne la resistenza. Altre applicazioni sono descritte di seguito:<\/p>\n<h3> <strong>Leghe<\/strong><\/h3>\n<p> L&#8217;antimonio della tavola periodica viene utilizzato in lega con piombo per realizzare le piastre delle batterie delle automobili. Inoltre, quelli mescolati con lo stagno vengono utilizzati nelle saldature, nei detonatori a cartuccia e nei proiettili. Vengono utilizzati anche nel rivestimento dei cavi ad alta tensione.<\/p>\n<h3> <strong>campo medico<\/strong><\/h3>\n<p> I composti dell&#8217;elemento vengono utilizzati nella produzione di farmaci antiprotozoari ed emetici o che inducono il vomito. Inoltre, vengono utilizzati come ingrediente in farmaci espettoranti e diaforetici o che rilasciano tossine.<\/p>\n<h3> <strong>ritardante di fiamma<\/strong><\/h3>\n<p> Il composto triossido di antimonio \u00e8 miscelato con bromuri, cloruri ed elementi alogenati per inibire la fiamma. Vengono utilizzati nella produzione di giocattoli, aeroplani e sedili per motivi di sicurezza.<\/p>\n<h3> <strong>Pigmenti<\/strong><\/h3>\n<p> I suoi composti sono utilizzati nella produzione di vernici e smalti. Vengono utilizzati nella pigmentazione dei colori giallo, arancio e vermiglio, che risultano dalla lenta ossidazione dei solfuri dell&#8217;elemento. Viene utilizzato anche nel settore tessile come colorante.<\/p>\n<h2> <strong>Danno dell&#8217;antimonio<\/strong><\/h2>\n<p> Questo elemento si trova in dosi basse e non tossiche in alcuni alimenti, nonch\u00e9 nell&#8217;aria e nell&#8217;acqua. Tuttavia, l\u2019esposizione ad alti livelli di antimonio provoca irritazione agli occhi e ai polmoni, problemi cardiaci, diarrea, dolore, ulcere allo stomaco, mal di testa e sbalzi d\u2019umore.<\/p>\n<p> In sintesi, questo elemento \u00e8 un metalloide composto da quattro forme allotropiche, con propriet\u00e0 metalliche e non metalliche. Data la sua stabilit\u00e0 a temperatura ambiente, viene utilizzato come semiconduttore e in leghe di altri metalli.<\/p>\n","protected":false},"excerpt":{"rendered":"<p>L&#8217;antimonio \u00e8 abbondante nell&#8217;ambiente sotto forma di minerali e solfuri; raramente si trova in natura. \u00c8 in grado di rimanere nell&#8217;aria attaccato ad un minimo di particelle per diversi giorni. Successivamente va nel terreno per mescolarsi con tracce di Ferro, Manganese e Alluminio, motivo per cui \u00e8 ampiamente utilizzato per le leghe. Scopri di pi\u00f9 &#8230; <a title=\"Antimonio\" class=\"read-more\" href=\"https:\/\/chemuza.org\/it\/antimonio\/\" aria-label=\"More on Antimonio\">Per saperne di pi\u00f9<\/a><\/p>\n","protected":false},"author":1,"featured_media":0,"parent":0,"menu_order":0,"comment_status":"closed","ping_status":"closed","template":"","meta":{"footnotes":""},"yoast_head":"<!-- This site is optimized with the Yoast SEO plugin v21.4 - https:\/\/yoast.com\/wordpress\/plugins\/seo\/ -->\n<title>Antimonio - Chemuza<\/title>\n<meta name=\"robots\" content=\"index, follow, max-snippet:-1, max-image-preview:large, max-video-preview:-1\" \/>\n<link rel=\"canonical\" href=\"https:\/\/chemuza.org\/it\/antimonio\/\" \/>\n<meta property=\"og:locale\" content=\"it_IT\" \/>\n<meta property=\"og:type\" content=\"article\" \/>\n<meta property=\"og:title\" content=\"Antimonio - Chemuza\" \/>\n<meta property=\"og:description\" content=\"L&#8217;antimonio \u00e8 abbondante nell&#8217;ambiente sotto forma di minerali e solfuri; raramente si trova in natura. \u00c8 in grado di rimanere nell&#8217;aria attaccato ad un minimo di particelle per diversi giorni. Successivamente va nel terreno per mescolarsi con tracce di Ferro, Manganese e Alluminio, motivo per cui \u00e8 ampiamente utilizzato per le leghe. Scopri di pi\u00f9 ... Per saperne di pi\u00f9\" \/>\n<meta property=\"og:url\" content=\"https:\/\/chemuza.org\/it\/antimonio\/\" \/>\n<meta property=\"og:site_name\" content=\"Chemuza\" \/>\n<meta name=\"twitter:card\" content=\"summary_large_image\" \/>\n<meta name=\"twitter:label1\" content=\"Tempo di lettura stimato\" \/>\n\t<meta name=\"twitter:data1\" content=\"4 minuti\" \/>\n<script type=\"application\/ld+json\" class=\"yoast-schema-graph\">{\"@context\":\"https:\/\/schema.org\",\"@graph\":[{\"@type\":\"WebPage\",\"@id\":\"https:\/\/chemuza.org\/it\/antimonio\/\",\"url\":\"https:\/\/chemuza.org\/it\/antimonio\/\",\"name\":\"Antimonio - Chemuza\",\"isPartOf\":{\"@id\":\"https:\/\/chemuza.org\/it\/#website\"},\"datePublished\":\"2023-07-14T11:26:19+00:00\",\"dateModified\":\"2023-07-14T11:26:19+00:00\",\"breadcrumb\":{\"@id\":\"https:\/\/chemuza.org\/it\/antimonio\/#breadcrumb\"},\"inLanguage\":\"it-IT\",\"potentialAction\":[{\"@type\":\"ReadAction\",\"target\":[\"https:\/\/chemuza.org\/it\/antimonio\/\"]}]},{\"@type\":\"BreadcrumbList\",\"@id\":\"https:\/\/chemuza.org\/it\/antimonio\/#breadcrumb\",\"itemListElement\":[{\"@type\":\"ListItem\",\"position\":1,\"name\":\"Casa\",\"item\":\"https:\/\/chemuza.org\/it\/\"},{\"@type\":\"ListItem\",\"position\":2,\"name\":\"Antimonio\"}]},{\"@type\":\"WebSite\",\"@id\":\"https:\/\/chemuza.org\/it\/#website\",\"url\":\"https:\/\/chemuza.org\/it\/\",\"name\":\"Chemuza\",\"description\":\"La tua porta d&#039;accesso alla scoperta chimica!\",\"publisher\":{\"@id\":\"https:\/\/chemuza.org\/it\/#organization\"},\"potentialAction\":[{\"@type\":\"SearchAction\",\"target\":{\"@type\":\"EntryPoint\",\"urlTemplate\":\"https:\/\/chemuza.org\/it\/?s={search_term_string}\"},\"query-input\":\"required name=search_term_string\"}],\"inLanguage\":\"it-IT\"},{\"@type\":\"Organization\",\"@id\":\"https:\/\/chemuza.org\/it\/#organization\",\"name\":\"Chemuza\",\"url\":\"https:\/\/chemuza.org\/it\/\",\"logo\":{\"@type\":\"ImageObject\",\"inLanguage\":\"it-IT\",\"@id\":\"https:\/\/chemuza.org\/it\/#\/schema\/logo\/image\/\",\"url\":\"https:\/\/chemuza.org\/it\/wp-content\/uploads\/2023\/10\/chemuza-logo.png\",\"contentUrl\":\"https:\/\/chemuza.org\/it\/wp-content\/uploads\/2023\/10\/chemuza-logo.png\",\"width\":387,\"height\":70,\"caption\":\"Chemuza\"},\"image\":{\"@id\":\"https:\/\/chemuza.org\/it\/#\/schema\/logo\/image\/\"}}]}<\/script>\n<!-- \/ Yoast SEO plugin. -->","yoast_head_json":{"title":"Antimonio - Chemuza","robots":{"index":"index","follow":"follow","max-snippet":"max-snippet:-1","max-image-preview":"max-image-preview:large","max-video-preview":"max-video-preview:-1"},"canonical":"https:\/\/chemuza.org\/it\/antimonio\/","og_locale":"it_IT","og_type":"article","og_title":"Antimonio - Chemuza","og_description":"L&#8217;antimonio \u00e8 abbondante nell&#8217;ambiente sotto forma di minerali e solfuri; raramente si trova in natura. \u00c8 in grado di rimanere nell&#8217;aria attaccato ad un minimo di particelle per diversi giorni. Successivamente va nel terreno per mescolarsi con tracce di Ferro, Manganese e Alluminio, motivo per cui \u00e8 ampiamente utilizzato per le leghe. Scopri di pi\u00f9 ... Per saperne di pi\u00f9","og_url":"https:\/\/chemuza.org\/it\/antimonio\/","og_site_name":"Chemuza","twitter_card":"summary_large_image","twitter_misc":{"Tempo di lettura stimato":"4 minuti"},"schema":{"@context":"https:\/\/schema.org","@graph":[{"@type":"WebPage","@id":"https:\/\/chemuza.org\/it\/antimonio\/","url":"https:\/\/chemuza.org\/it\/antimonio\/","name":"Antimonio - Chemuza","isPartOf":{"@id":"https:\/\/chemuza.org\/it\/#website"},"datePublished":"2023-07-14T11:26:19+00:00","dateModified":"2023-07-14T11:26:19+00:00","breadcrumb":{"@id":"https:\/\/chemuza.org\/it\/antimonio\/#breadcrumb"},"inLanguage":"it-IT","potentialAction":[{"@type":"ReadAction","target":["https:\/\/chemuza.org\/it\/antimonio\/"]}]},{"@type":"BreadcrumbList","@id":"https:\/\/chemuza.org\/it\/antimonio\/#breadcrumb","itemListElement":[{"@type":"ListItem","position":1,"name":"Casa","item":"https:\/\/chemuza.org\/it\/"},{"@type":"ListItem","position":2,"name":"Antimonio"}]},{"@type":"WebSite","@id":"https:\/\/chemuza.org\/it\/#website","url":"https:\/\/chemuza.org\/it\/","name":"Chemuza","description":"La tua porta d&#039;accesso alla scoperta chimica!","publisher":{"@id":"https:\/\/chemuza.org\/it\/#organization"},"potentialAction":[{"@type":"SearchAction","target":{"@type":"EntryPoint","urlTemplate":"https:\/\/chemuza.org\/it\/?s={search_term_string}"},"query-input":"required name=search_term_string"}],"inLanguage":"it-IT"},{"@type":"Organization","@id":"https:\/\/chemuza.org\/it\/#organization","name":"Chemuza","url":"https:\/\/chemuza.org\/it\/","logo":{"@type":"ImageObject","inLanguage":"it-IT","@id":"https:\/\/chemuza.org\/it\/#\/schema\/logo\/image\/","url":"https:\/\/chemuza.org\/it\/wp-content\/uploads\/2023\/10\/chemuza-logo.png","contentUrl":"https:\/\/chemuza.org\/it\/wp-content\/uploads\/2023\/10\/chemuza-logo.png","width":387,"height":70,"caption":"Chemuza"},"image":{"@id":"https:\/\/chemuza.org\/it\/#\/schema\/logo\/image\/"}}]}},"yoast_meta":{"yoast_wpseo_title":"","yoast_wpseo_metadesc":"","yoast_wpseo_canonical":""},"_links":{"self":[{"href":"https:\/\/chemuza.org\/it\/wp-json\/wp\/v2\/pages\/1478"}],"collection":[{"href":"https:\/\/chemuza.org\/it\/wp-json\/wp\/v2\/pages"}],"about":[{"href":"https:\/\/chemuza.org\/it\/wp-json\/wp\/v2\/types\/page"}],"author":[{"embeddable":true,"href":"https:\/\/chemuza.org\/it\/wp-json\/wp\/v2\/users\/1"}],"replies":[{"embeddable":true,"href":"https:\/\/chemuza.org\/it\/wp-json\/wp\/v2\/comments?post=1478"}],"version-history":[{"count":0,"href":"https:\/\/chemuza.org\/it\/wp-json\/wp\/v2\/pages\/1478\/revisions"}],"wp:attachment":[{"href":"https:\/\/chemuza.org\/it\/wp-json\/wp\/v2\/media?parent=1478"}],"curies":[{"name":"wp","href":"https:\/\/api.w.org\/{rel}","templated":true}]}}