{"id":1477,"date":"2023-07-14T11:46:58","date_gmt":"2023-07-14T11:46:58","guid":{"rendered":"https:\/\/chemuza.org\/it\/lattina\/"},"modified":"2023-07-14T11:46:58","modified_gmt":"2023-07-14T11:46:58","slug":"lattina","status":"publish","type":"page","link":"https:\/\/chemuza.org\/it\/lattina\/","title":{"rendered":"Lattina"},"content":{"rendered":"<p>Sapevi che le statuette degli Oscar sono placcate con elementi lucenti e realizzate in peltro, una lega di peltro e altri metalli? Inoltre, le vecchie scatole di ferro o acciaio venivano ricoperte con questo elemento per proteggerle dalla ruggine. Al giorno d&#8217;oggi, data la sua versatilit\u00e0, sono molte le applicazioni che puoi scoprire qui.<\/p>\n<h2> <strong>Cos&#8217;\u00e8 lo stagno?<\/strong><\/h2>\n<p> \u00c8 un metallo post-transitorio che, a seconda della sua variet\u00e0 allotropica, pu\u00f2 essere bianco o grigio. \u00c8 malleabile, ossidabile a temperatura ambiente, resistente alla corrosione e utilizzato per rivestire altri metalli. Si trova comunemente in diverse leghe ed \u00e8 simile al piombo e al germanio. D&#8217;altra parte, quando una barra dell&#8217;elemento viene piegata, si forma un suono noto come grido dell&#8217;elemento di stagno.<\/p>\n<h3> <strong>Simbolo dello stagno<\/strong><\/h3>\n<p> <span class=\"content-chemical-element\" style=\"float: left;width: 65px;height: 65px;border: 3px solid #666; display:flex;\n    justify-content: center;align-items: center;margin-right: 15px;\"><span style=\"font-size: 38px;\">Sn<\/span><\/span> Corrisponde ad un&#8217;abbreviazione della parola latina <em>Stannum<\/em> , a sua volta, dell&#8217;antico termine celtico <em>Stagnum<\/em> , che era correlato all&#8217;elemento. Riceve questo nome perch\u00e9 \u00e8 noto agli esseri umani fin dai tempi antichi.<\/p>\n<h2> <strong>Caratteristiche dello stagno<\/strong><\/h2>\n<p> Tra le caratteristiche dello stagno ricordiamo la durezza di 1,5 sulla scala di Mohs, la struttura metallica e l&#8217;essere catalizzatore in presenza di ossigeno. Inoltre, non ha odore, \u00e8 morbido, liscio, ha toni argento biancastri e contiene 9 isotopi stabili. Inoltre, a livello atomico, \u00e8 composto da 69 neutroni, 50 protoni e 50 elettroni. Altri dati degli elementi sono:<\/p>\n<ul>\n<li> <strong>Forme allotropiche:<\/strong> esistono due variet\u00e0, bianca e grigia.<\/li>\n<li> <strong>Reattivit\u00e0 chimica<\/strong> : Resiste alla corrosione dell&#8217;aria e dell&#8217;acqua a temperatura ambiente. Viene generalmente attaccato da acidi e basi.<\/li>\n<li> <strong>Fusione<\/strong> : Contiene il punto di fusione pi\u00f9 basso nel gruppo 14 della tavola periodica.<\/li>\n<li> <strong>Condizione<\/strong> : solido.<\/li>\n<li> <strong>Cambiamenti<\/strong> : Quando ha una temperatura inferiore a 13,2\u00b0C, cambia spontaneamente dal bianco al grigio, fenomeno chiamato peste di stagno.<\/li>\n<li> <strong>Struttura cristallina<\/strong> : il bianco \u00e8 tetragonale, mentre il grigio forma una struttura cubica.<\/li>\n<li> <strong>Malleabilit\u00e0<\/strong> : il grigio \u00e8 fragile mentre il bianco \u00e8 malleabile e duttile e pu\u00f2 quindi essere laminato a freddo e filato.<\/li>\n<li> <strong>Ordine magnetico<\/strong> : il bianco \u00e8 paramagnetico mentre il grigio \u00e8 diamagnetico.<\/li>\n<li> <strong>Conduttivit\u00e0<\/strong> : \u00c8 un superconduttore a temperature inferiori a -269,28\u00b0C. Il bianco funge da conduttore elettrico e il grigio \u00e8 un semiconduttore.<\/li>\n<\/ul>\n<h2> <strong>Propriet\u00e0 chimiche e fisiche dello stagno<\/strong><\/h2>\n<ol>\n<li> <strong>Numero atomico<\/strong> : 50<\/li>\n<li> <strong>Stati di ossidazione<\/strong> : +4.2<\/li>\n<li> <strong>Densit\u00e0<\/strong> : 7365 kg\/m\u00b3<\/li>\n<li> <strong>Ossido<\/strong> : anfotero<\/li>\n<li> <strong>Calore specifico<\/strong> : 228 J\/(K-kg)<\/li>\n<li> <strong>Elettroni per livello<\/strong> : 2, 8, 18, 18, 4<\/li>\n<li> <strong>Punto di fusione<\/strong> : 232\u00b0C (505,08 K)<\/li>\n<li> <strong>Velocit\u00e0 del suono<\/strong> : 2500 m\/s a 293,15 K<\/li>\n<li> <strong>Punto di ebollizione<\/strong> : 2602 \u00b0C (2875 K)<\/li>\n<li> <strong>Entalpia di vaporizzazione<\/strong> : 295,8 kJ\/mol<\/li>\n<li> <strong>Configurazione elettronica<\/strong> : [Kr]4d <sup>10<\/sup> 5s <sup>2<\/sup> 5p <sup>2<\/sup><\/li>\n<li> <strong>Raggio covalente (\u00c5)<\/strong> : 180 pm<\/li>\n<li> <strong>Massa atomica (g\/mol)<\/strong> : 118.710 u<\/li>\n<li> <strong>Entalpia di fusione<\/strong> : 7.029 kJ\/mol<\/li>\n<li> <strong>Raggio atomico (\u00c5)<\/strong> : 145 pm (raggio di Bohr)<\/li>\n<li> <strong>Potenziale di prima ionizzazione (eV)<\/strong> : 708,6 kJ\/mol<\/li>\n<li> <strong>Elettronegativit\u00e0<\/strong> : 1,96 (scala Pauling)<\/li>\n<\/ol>\n<h2> <strong>Origine dello stagno<\/strong><\/h2>\n<p> Non si sa esattamente chi abbia scoperto lo stagno, poich\u00e9 \u00e8 un metallo conosciuto fin dall&#8217;antichit\u00e0. Tuttavia, alcuni ritengono che la data approssimativa della sua scoperta sia il 2000 a.C., tra localit\u00e0 del Vicino Oriente e dei Balcani.<\/p>\n<p> Secondo la storia dello Stagno, i primi sfruttamenti dei suoi giacimenti risalgono al 3000 a.C., inoltre, si scopr\u00ec che i primi manufatti dell&#8217;elemento contenevano il 2% di arsenico. Ci\u00f2 gli conferisce maggiore durezza, una temperatura di fusione pi\u00f9 bassa ed evidente tossicit\u00e0. Pertanto, la fonte principale \u00e8 stata sostituita dal minerale Cassiterite.<\/p>\n<p> Allo stesso modo, fu legato con il rame per formare il materiale bronzo, che segn\u00f2 l\u2019inizio della prospera et\u00e0 del bronzo, poich\u00e9 questa nuova lega era perfetta per realizzare armi a lungo raggio e strumenti pratici. Allo stesso modo, i commercianti iniziarono a distribuire questo metallo in tutta Europa e in Egitto.<\/p>\n<h2> <strong>A cosa serve lo stagno?<\/strong><\/h2>\n<p> Attualmente gli usi pi\u00f9 comuni sono le leghe e le saldature per circuiti elettronici. Tuttavia, ci sono altri ambiti che traggono beneficio dalle sue propriet\u00e0, come ad esempio:<\/p>\n<ul>\n<li> Ridurre la fragilit\u00e0 del vetro.<\/li>\n<li> Elemento protettivo per altri metalli, come ferro o acciaio, utilizzato per realizzare lattine.<\/li>\n<li> I suoi composti sono utilizzati per coloranti, pigmenti, fungicidi e dentifrici.<\/li>\n<li> Utilizzato nella saldatura dolce quando legato con piombo.<\/li>\n<li> Dalla lega di stagno e rame si ottiene il bronzo.<\/li>\n<li> Alleato con il Piombo, crea gli strati dei tubi dei diversi organi musicali.<\/li>\n<li> Viene utilizzato nell&#8217;industria ceramica per realizzare smalti ceramici.<\/li>\n<li> Viene utilizzato come busta sigillante nei tappi delle bottiglie di vino.<\/li>\n<\/ul>\n<h2> <strong>Dove si trova lo stagno?<\/strong><\/h2>\n<p> \u00c8 un prodotto importante nella provincia dello Yunna in Cina, nel Devon, in Malesia e in Cornovaglia in Inghilterra. Inoltre, la produzione mineraria raggiunge paesi come Germania, Portogallo, Francia, Repubblica Ceca, Italia, Spagna, Sud Africa, Siria, Egitto e Iran.<\/p>\n<p> In conclusione, lo stagno \u00e8 un metallo malleabile, duttile, resistente alla corrosione, morbido e inodore, dalla consistenza metallica e che agisce da catalizzatore in presenza di ossigeno. Inoltre presenta due forme allotropiche, bianca e grigia, e ad una temperatura inferiore a 13,2\u00b0C cambia colore, fenomeno chiamato peste dello stagno.<\/p>\n","protected":false},"excerpt":{"rendered":"<p>Sapevi che le statuette degli Oscar sono placcate con elementi lucenti e realizzate in peltro, una lega di peltro e altri metalli? Inoltre, le vecchie scatole di ferro o acciaio venivano ricoperte con questo elemento per proteggerle dalla ruggine. Al giorno d&#8217;oggi, data la sua versatilit\u00e0, sono molte le applicazioni che puoi scoprire qui. Cos&#8217;\u00e8 &#8230; <a title=\"Lattina\" class=\"read-more\" href=\"https:\/\/chemuza.org\/it\/lattina\/\" aria-label=\"More on Lattina\">Per saperne di pi\u00f9<\/a><\/p>\n","protected":false},"author":1,"featured_media":0,"parent":0,"menu_order":0,"comment_status":"closed","ping_status":"closed","template":"","meta":{"footnotes":""},"yoast_head":"<!-- This site is optimized with the Yoast SEO plugin v21.4 - https:\/\/yoast.com\/wordpress\/plugins\/seo\/ -->\n<title>Stagno - Chemuza<\/title>\n<meta name=\"robots\" content=\"index, follow, max-snippet:-1, max-image-preview:large, max-video-preview:-1\" \/>\n<link rel=\"canonical\" href=\"https:\/\/chemuza.org\/it\/lattina\/\" \/>\n<meta property=\"og:locale\" content=\"it_IT\" \/>\n<meta property=\"og:type\" content=\"article\" \/>\n<meta property=\"og:title\" content=\"Stagno - Chemuza\" \/>\n<meta property=\"og:description\" content=\"Sapevi che le statuette degli Oscar sono placcate con elementi lucenti e realizzate in peltro, una lega di peltro e altri metalli? Inoltre, le vecchie scatole di ferro o acciaio venivano ricoperte con questo elemento per proteggerle dalla ruggine. Al giorno d&#8217;oggi, data la sua versatilit\u00e0, sono molte le applicazioni che puoi scoprire qui. Cos&#8217;\u00e8 ... Per saperne di pi\u00f9\" \/>\n<meta property=\"og:url\" content=\"https:\/\/chemuza.org\/it\/lattina\/\" \/>\n<meta property=\"og:site_name\" content=\"Chemuza\" \/>\n<meta name=\"twitter:card\" content=\"summary_large_image\" \/>\n<meta name=\"twitter:label1\" content=\"Tempo di lettura stimato\" \/>\n\t<meta name=\"twitter:data1\" content=\"4 minuti\" \/>\n<script type=\"application\/ld+json\" class=\"yoast-schema-graph\">{\"@context\":\"https:\/\/schema.org\",\"@graph\":[{\"@type\":\"WebPage\",\"@id\":\"https:\/\/chemuza.org\/it\/lattina\/\",\"url\":\"https:\/\/chemuza.org\/it\/lattina\/\",\"name\":\"Stagno - Chemuza\",\"isPartOf\":{\"@id\":\"https:\/\/chemuza.org\/it\/#website\"},\"datePublished\":\"2023-07-14T11:46:58+00:00\",\"dateModified\":\"2023-07-14T11:46:58+00:00\",\"breadcrumb\":{\"@id\":\"https:\/\/chemuza.org\/it\/lattina\/#breadcrumb\"},\"inLanguage\":\"it-IT\",\"potentialAction\":[{\"@type\":\"ReadAction\",\"target\":[\"https:\/\/chemuza.org\/it\/lattina\/\"]}]},{\"@type\":\"BreadcrumbList\",\"@id\":\"https:\/\/chemuza.org\/it\/lattina\/#breadcrumb\",\"itemListElement\":[{\"@type\":\"ListItem\",\"position\":1,\"name\":\"Casa\",\"item\":\"https:\/\/chemuza.org\/it\/\"},{\"@type\":\"ListItem\",\"position\":2,\"name\":\"Lattina\"}]},{\"@type\":\"WebSite\",\"@id\":\"https:\/\/chemuza.org\/it\/#website\",\"url\":\"https:\/\/chemuza.org\/it\/\",\"name\":\"Chemuza\",\"description\":\"La tua porta d&#039;accesso alla scoperta chimica!\",\"publisher\":{\"@id\":\"https:\/\/chemuza.org\/it\/#organization\"},\"potentialAction\":[{\"@type\":\"SearchAction\",\"target\":{\"@type\":\"EntryPoint\",\"urlTemplate\":\"https:\/\/chemuza.org\/it\/?s={search_term_string}\"},\"query-input\":\"required name=search_term_string\"}],\"inLanguage\":\"it-IT\"},{\"@type\":\"Organization\",\"@id\":\"https:\/\/chemuza.org\/it\/#organization\",\"name\":\"Chemuza\",\"url\":\"https:\/\/chemuza.org\/it\/\",\"logo\":{\"@type\":\"ImageObject\",\"inLanguage\":\"it-IT\",\"@id\":\"https:\/\/chemuza.org\/it\/#\/schema\/logo\/image\/\",\"url\":\"https:\/\/chemuza.org\/it\/wp-content\/uploads\/2023\/10\/chemuza-logo.png\",\"contentUrl\":\"https:\/\/chemuza.org\/it\/wp-content\/uploads\/2023\/10\/chemuza-logo.png\",\"width\":387,\"height\":70,\"caption\":\"Chemuza\"},\"image\":{\"@id\":\"https:\/\/chemuza.org\/it\/#\/schema\/logo\/image\/\"}}]}<\/script>\n<!-- \/ Yoast SEO plugin. -->","yoast_head_json":{"title":"Stagno - Chemuza","robots":{"index":"index","follow":"follow","max-snippet":"max-snippet:-1","max-image-preview":"max-image-preview:large","max-video-preview":"max-video-preview:-1"},"canonical":"https:\/\/chemuza.org\/it\/lattina\/","og_locale":"it_IT","og_type":"article","og_title":"Stagno - Chemuza","og_description":"Sapevi che le statuette degli Oscar sono placcate con elementi lucenti e realizzate in peltro, una lega di peltro e altri metalli? Inoltre, le vecchie scatole di ferro o acciaio venivano ricoperte con questo elemento per proteggerle dalla ruggine. Al giorno d&#8217;oggi, data la sua versatilit\u00e0, sono molte le applicazioni che puoi scoprire qui. Cos&#8217;\u00e8 ... Per saperne di pi\u00f9","og_url":"https:\/\/chemuza.org\/it\/lattina\/","og_site_name":"Chemuza","twitter_card":"summary_large_image","twitter_misc":{"Tempo di lettura stimato":"4 minuti"},"schema":{"@context":"https:\/\/schema.org","@graph":[{"@type":"WebPage","@id":"https:\/\/chemuza.org\/it\/lattina\/","url":"https:\/\/chemuza.org\/it\/lattina\/","name":"Stagno - Chemuza","isPartOf":{"@id":"https:\/\/chemuza.org\/it\/#website"},"datePublished":"2023-07-14T11:46:58+00:00","dateModified":"2023-07-14T11:46:58+00:00","breadcrumb":{"@id":"https:\/\/chemuza.org\/it\/lattina\/#breadcrumb"},"inLanguage":"it-IT","potentialAction":[{"@type":"ReadAction","target":["https:\/\/chemuza.org\/it\/lattina\/"]}]},{"@type":"BreadcrumbList","@id":"https:\/\/chemuza.org\/it\/lattina\/#breadcrumb","itemListElement":[{"@type":"ListItem","position":1,"name":"Casa","item":"https:\/\/chemuza.org\/it\/"},{"@type":"ListItem","position":2,"name":"Lattina"}]},{"@type":"WebSite","@id":"https:\/\/chemuza.org\/it\/#website","url":"https:\/\/chemuza.org\/it\/","name":"Chemuza","description":"La tua porta d&#039;accesso alla scoperta chimica!","publisher":{"@id":"https:\/\/chemuza.org\/it\/#organization"},"potentialAction":[{"@type":"SearchAction","target":{"@type":"EntryPoint","urlTemplate":"https:\/\/chemuza.org\/it\/?s={search_term_string}"},"query-input":"required name=search_term_string"}],"inLanguage":"it-IT"},{"@type":"Organization","@id":"https:\/\/chemuza.org\/it\/#organization","name":"Chemuza","url":"https:\/\/chemuza.org\/it\/","logo":{"@type":"ImageObject","inLanguage":"it-IT","@id":"https:\/\/chemuza.org\/it\/#\/schema\/logo\/image\/","url":"https:\/\/chemuza.org\/it\/wp-content\/uploads\/2023\/10\/chemuza-logo.png","contentUrl":"https:\/\/chemuza.org\/it\/wp-content\/uploads\/2023\/10\/chemuza-logo.png","width":387,"height":70,"caption":"Chemuza"},"image":{"@id":"https:\/\/chemuza.org\/it\/#\/schema\/logo\/image\/"}}]}},"yoast_meta":{"yoast_wpseo_title":"","yoast_wpseo_metadesc":"","yoast_wpseo_canonical":""},"_links":{"self":[{"href":"https:\/\/chemuza.org\/it\/wp-json\/wp\/v2\/pages\/1477"}],"collection":[{"href":"https:\/\/chemuza.org\/it\/wp-json\/wp\/v2\/pages"}],"about":[{"href":"https:\/\/chemuza.org\/it\/wp-json\/wp\/v2\/types\/page"}],"author":[{"embeddable":true,"href":"https:\/\/chemuza.org\/it\/wp-json\/wp\/v2\/users\/1"}],"replies":[{"embeddable":true,"href":"https:\/\/chemuza.org\/it\/wp-json\/wp\/v2\/comments?post=1477"}],"version-history":[{"count":0,"href":"https:\/\/chemuza.org\/it\/wp-json\/wp\/v2\/pages\/1477\/revisions"}],"wp:attachment":[{"href":"https:\/\/chemuza.org\/it\/wp-json\/wp\/v2\/media?parent=1477"}],"curies":[{"name":"wp","href":"https:\/\/api.w.org\/{rel}","templated":true}]}}