{"id":1476,"date":"2023-07-14T12:02:00","date_gmt":"2023-07-14T12:02:00","guid":{"rendered":"https:\/\/chemuza.org\/it\/indiano\/"},"modified":"2023-07-14T12:02:00","modified_gmt":"2023-07-14T12:02:00","slug":"indiano","status":"publish","type":"page","link":"https:\/\/chemuza.org\/it\/indiano\/","title":{"rendered":"Indiano"},"content":{"rendered":"<p>Sapevi che la componente indiana fa parte dello schermo del tuo dispositivo elettronico? Inoltre, una volta veniva utilizzato per rivestire i motori degli aerei durante la seconda guerra mondiale. Resta e scopri di pi\u00f9 su questo composto chimico, chi lo ha scoperto e quali sono le sue caratteristiche.<\/p>\n<h2> <strong>Cos&#8217;\u00e8 l&#8217;indiano?<\/strong><\/h2>\n<p> \u00c8 un metallo morbido, post-transitorio, dall&#8217;aspetto bianco-argento lucido e, quando piegato, emette un suono caratteristico. L&#8217;elemento chimico Indio \u00e8 malleabile e raro nella crosta terrestre. Ha somiglianze chimiche con l&#8217;alluminio e il gallio, sebbene sia pi\u00f9 simile allo zinco. Uno dei suoi principali vantaggi \u00e8 che non \u00e8 pericoloso per l\u2019uomo.<\/p>\n<h3> <strong>simbolo indiano<\/strong><\/h3>\n<p> <span class=\"content-chemical-element\" style=\"float: left;width: 65px;height: 65px;border: 3px solid #666; display:flex;\n    justify-content: center;align-items: center;margin-right: 15px;\"><span style=\"font-size: 38px;\">Il<\/span><\/span> simbolo dell&#8217;elemento indiano \u00e8 una riduzione del suo nome, che deriva dalla parola indaco e, a sua volta, dal latino <em>indicum<\/em> , il cui significato originario \u00e8 India. \u00c8 stato chiamato cos\u00ec da due chimici che hanno osservato una brillante linea indaco nel suo spettro atomico.<\/p>\n<h2> <strong>Caratteristiche indiane<\/strong><\/h2>\n<p> Pu\u00f2 essere trasformato in un liquido se si trova nell&#8217;intervallo 2000K, uno stato in cui presenta una pellicola sottile sul vetro. D&#8217;altra parte, quando riscaldato, produce una fiamma indaco brillante e colorata. Inoltre, \u00e8 insolubile in acqua calda, acqua salata e i suoi composti sono agenti riducenti. Altre caratteristiche dell&#8217;articolo:<\/p>\n<ul>\n<li> <strong>Reattivit\u00e0 chimica<\/strong> : Si dissolve negli acidi per formare sali, ma generalmente non si dissolve nelle soluzioni alcaline. Reagisce direttamente con l&#8217;ossigeno, lo zolfo e gli alogeni.<\/li>\n<li> <strong>Fusione ed ebollizione<\/strong> : questi due punti hanno un ampio intervallo di temperature tra loro.<\/li>\n<li> <strong>Stato<\/strong> : La sua fase di aggregazione ordinaria \u00e8 solida.<\/li>\n<li> <strong>Conduttivit\u00e0 elettrica<\/strong> : generalmente \u00e8 migliore della conduttivit\u00e0 elettrica del ferro.<\/li>\n<li> <strong>Struttura cristallina<\/strong> : I suoi atomi si uniscono per stabilire un legame metallico, ordinato in una struttura tetragonale centrata al centro.<\/li>\n<li> <strong>Ordine magnetico<\/strong> : \u00e8 diamagnetico.<\/li>\n<li> <strong>Malleabilit\u00e0<\/strong> : ha propriet\u00e0 plastiche.<\/li>\n<li> <strong>Fragilit\u00e0<\/strong> : \u00e8 cos\u00ec morbido che pu\u00f2 essere strappato con un&#8217;unghia, raschiato su un foglio di carta, tagliato con un coltello e perfino masticato e deformato con i denti.<\/li>\n<li> <strong>Durezza<\/strong> : Presenta 1,5 secondo la scala di Mohs, poco pi\u00f9 duro del talco.<\/li>\n<li> <strong>Composto di ossido<\/strong> : sebbene sia un elemento anfotero, generalmente si comporta come una base.<\/li>\n<\/ul>\n<h2> <strong>Propriet\u00e0 chimiche e fisiche dell&#8217;Indio<\/strong><\/h2>\n<ol>\n<li> <strong>Numero atomico<\/strong> : 49<\/li>\n<li> <strong>Punto di fusione<\/strong> : 157\u00b0C (429,75K)<\/li>\n<li> <strong>Entalpia di vaporizzazione<\/strong> : 231,5 kJ\/mol<\/li>\n<li> <strong>Raggio covalente (\u00c5)<\/strong> : 144 pm<\/li>\n<li> <strong>Configurazione elettronica<\/strong> : [Kr]4d <sup>10<\/sup> 5s <sup>2<\/sup> 5p <sup>1<\/sup><\/li>\n<li> <strong>Punto di ebollizione<\/strong> : 2072 \u00b0C (2345 K)<\/li>\n<li> <strong>Massa atomica (g\/mol)<\/strong> : 114.818 u<\/li>\n<li> <strong>Entalpia di fusione<\/strong> : 3.263 kJ\/mol<\/li>\n<li> <strong>Densit\u00e0<\/strong> : 7310 kg\/m\u00b3<\/li>\n<li> <strong>Ossido<\/strong> : anfotero<\/li>\n<li> <strong>Calore specifico<\/strong> : 233 J\/(K-kg)<\/li>\n<li> <strong>Stati di ossidazione<\/strong> : +3<\/li>\n<li> <strong>Raggio atomico (\u00c5)<\/strong> : 156 pm (raggio di Bohr)<\/li>\n<li> <strong>Velocit\u00e0 del suono<\/strong> : 1215 m\/s a 293,15 K<\/li>\n<li> <strong>Potenziale di prima ionizzazione (eV)<\/strong> : 558,3 kJ\/mol<\/li>\n<li> <strong>Elettronegativit\u00e0<\/strong> : 1,78 (scala Pauling)<\/li>\n<li> <strong>Elettroni per livello<\/strong> : 2, 8, 18, 18, 3<\/li>\n<\/ol>\n<h2> <strong>Origine indiana<\/strong><\/h2>\n<p> Per scoprire chi scopr\u00ec l&#8217;elemento indiano, ci imbattemmo nel chimico Ferdinand Reich nel 1863. Questa scoperta avvenne vicino alla Sassonia mentre cercava tracce di tallio nei minerali di zinco. Dopo tostatura del minerale, eliminazione dello zolfo, assorbimento in acido cloridrico ed evaporazione del cloruro di zinco si otteneva un precipitato di colore paglierino.<\/p>\n<p> La storia dell&#8217;elemento Indio racconta che dopo la scoperta ottenuta, Reich effettu\u00f2 un&#8217;analisi spettroscopica in collaborazione con il collega chimico Hieronymus Theodor Richter. Fu proprio quest&#8217;ultimo ad osservare la linea bluastra all&#8217;interno dello spettro atomico, caratteristica che non coincideva con nessun altro elemento.<\/p>\n<p> I due chimici scelsero il loro nome dalla variet\u00e0 di fiamme dal blu intenso all&#8217;indaco che emanavano quando i loro composti bruciavano. Successivamente, dopo innumerevoli tentativi di precipitarlo e purificarlo, nel 1864 ne fu isolato un campione attraverso l&#8217;elettrolisi dei suoi sali.<\/p>\n<h2> <strong>A cosa serve l&#8217;indiano?<\/strong><\/h2>\n<p> \u00c8 un metallo utilizzato in diverse applicazioni, ad esempio per le leghe, saldature e nell&#8217;industria elettronica. Il suo utilizzo principale avvenne durante l&#8217;SGM e dopo gli anni &#8217;80 guadagn\u00f2 popolarit\u00e0 da quando inizi\u00f2 ad essere utilizzato nei display LCD. Altri usi dell&#8217;elemento indiano sono:<\/p>\n<ul>\n<li> Produrre leghe con punti di fusione bassi, come la lega liquida composta da 24% indio e 76% gallio a 20\u00b0C.<\/li>\n<li> Crea transistor al germanio, fotoconduttori, raddrizzatori e termistori.<\/li>\n<li> Il suo ossido viene utilizzato per realizzare pannelli elettroluminescenti.<\/li>\n<li> Tende a depositarsi su altri metalli ed evaporare sul vetro formando uno specchio resistente alla corrosione.<\/li>\n<li> Per la produzione di elettrodi trasparenti presenti su touch screen, come tablet o smartphone.<\/li>\n<\/ul>\n<p> In sintesi, l&#8217;indio \u00e8 un metallo post-transitorio malleabile, morbido, anfotero e facile da sciogliere. \u00c8 un elemento diamagnetico, conduttore di elettricit\u00e0, solvente negli acidi, ma insolubile in acqua calda, salata e alcalina. Inoltre, forma una fiamma o pasta di colore blu intenso, \u00e8 uguale allo zinco e non presenta rischi per l&#8217;uomo.<\/p>\n","protected":false},"excerpt":{"rendered":"<p>Sapevi che la componente indiana fa parte dello schermo del tuo dispositivo elettronico? Inoltre, una volta veniva utilizzato per rivestire i motori degli aerei durante la seconda guerra mondiale. Resta e scopri di pi\u00f9 su questo composto chimico, chi lo ha scoperto e quali sono le sue caratteristiche. Cos&#8217;\u00e8 l&#8217;indiano? \u00c8 un metallo morbido, post-transitorio, &#8230; <a title=\"Indiano\" class=\"read-more\" href=\"https:\/\/chemuza.org\/it\/indiano\/\" aria-label=\"More on Indiano\">Per saperne di pi\u00f9<\/a><\/p>\n","protected":false},"author":1,"featured_media":0,"parent":0,"menu_order":0,"comment_status":"closed","ping_status":"closed","template":"","meta":{"footnotes":""},"yoast_head":"<!-- This site is optimized with the Yoast SEO plugin v21.4 - https:\/\/yoast.com\/wordpress\/plugins\/seo\/ -->\n<title>Indiano - Chemuza<\/title>\n<meta name=\"robots\" content=\"index, follow, max-snippet:-1, max-image-preview:large, max-video-preview:-1\" \/>\n<link rel=\"canonical\" href=\"https:\/\/chemuza.org\/it\/indiano\/\" \/>\n<meta property=\"og:locale\" content=\"it_IT\" \/>\n<meta property=\"og:type\" content=\"article\" \/>\n<meta property=\"og:title\" content=\"Indiano - Chemuza\" \/>\n<meta property=\"og:description\" content=\"Sapevi che la componente indiana fa parte dello schermo del tuo dispositivo elettronico? Inoltre, una volta veniva utilizzato per rivestire i motori degli aerei durante la seconda guerra mondiale. Resta e scopri di pi\u00f9 su questo composto chimico, chi lo ha scoperto e quali sono le sue caratteristiche. Cos&#8217;\u00e8 l&#8217;indiano? \u00c8 un metallo morbido, post-transitorio, ... Per saperne di pi\u00f9\" \/>\n<meta property=\"og:url\" content=\"https:\/\/chemuza.org\/it\/indiano\/\" \/>\n<meta property=\"og:site_name\" content=\"Chemuza\" \/>\n<meta name=\"twitter:card\" content=\"summary_large_image\" \/>\n<meta name=\"twitter:label1\" content=\"Tempo di lettura stimato\" \/>\n\t<meta name=\"twitter:data1\" content=\"4 minuti\" \/>\n<script type=\"application\/ld+json\" class=\"yoast-schema-graph\">{\"@context\":\"https:\/\/schema.org\",\"@graph\":[{\"@type\":\"WebPage\",\"@id\":\"https:\/\/chemuza.org\/it\/indiano\/\",\"url\":\"https:\/\/chemuza.org\/it\/indiano\/\",\"name\":\"Indiano - Chemuza\",\"isPartOf\":{\"@id\":\"https:\/\/chemuza.org\/it\/#website\"},\"datePublished\":\"2023-07-14T12:02:00+00:00\",\"dateModified\":\"2023-07-14T12:02:00+00:00\",\"breadcrumb\":{\"@id\":\"https:\/\/chemuza.org\/it\/indiano\/#breadcrumb\"},\"inLanguage\":\"it-IT\",\"potentialAction\":[{\"@type\":\"ReadAction\",\"target\":[\"https:\/\/chemuza.org\/it\/indiano\/\"]}]},{\"@type\":\"BreadcrumbList\",\"@id\":\"https:\/\/chemuza.org\/it\/indiano\/#breadcrumb\",\"itemListElement\":[{\"@type\":\"ListItem\",\"position\":1,\"name\":\"Casa\",\"item\":\"https:\/\/chemuza.org\/it\/\"},{\"@type\":\"ListItem\",\"position\":2,\"name\":\"Indiano\"}]},{\"@type\":\"WebSite\",\"@id\":\"https:\/\/chemuza.org\/it\/#website\",\"url\":\"https:\/\/chemuza.org\/it\/\",\"name\":\"Chemuza\",\"description\":\"La tua porta d&#039;accesso alla scoperta chimica!\",\"publisher\":{\"@id\":\"https:\/\/chemuza.org\/it\/#organization\"},\"potentialAction\":[{\"@type\":\"SearchAction\",\"target\":{\"@type\":\"EntryPoint\",\"urlTemplate\":\"https:\/\/chemuza.org\/it\/?s={search_term_string}\"},\"query-input\":\"required name=search_term_string\"}],\"inLanguage\":\"it-IT\"},{\"@type\":\"Organization\",\"@id\":\"https:\/\/chemuza.org\/it\/#organization\",\"name\":\"Chemuza\",\"url\":\"https:\/\/chemuza.org\/it\/\",\"logo\":{\"@type\":\"ImageObject\",\"inLanguage\":\"it-IT\",\"@id\":\"https:\/\/chemuza.org\/it\/#\/schema\/logo\/image\/\",\"url\":\"https:\/\/chemuza.org\/it\/wp-content\/uploads\/2023\/10\/chemuza-logo.png\",\"contentUrl\":\"https:\/\/chemuza.org\/it\/wp-content\/uploads\/2023\/10\/chemuza-logo.png\",\"width\":387,\"height\":70,\"caption\":\"Chemuza\"},\"image\":{\"@id\":\"https:\/\/chemuza.org\/it\/#\/schema\/logo\/image\/\"}}]}<\/script>\n<!-- \/ Yoast SEO plugin. -->","yoast_head_json":{"title":"Indiano - Chemuza","robots":{"index":"index","follow":"follow","max-snippet":"max-snippet:-1","max-image-preview":"max-image-preview:large","max-video-preview":"max-video-preview:-1"},"canonical":"https:\/\/chemuza.org\/it\/indiano\/","og_locale":"it_IT","og_type":"article","og_title":"Indiano - Chemuza","og_description":"Sapevi che la componente indiana fa parte dello schermo del tuo dispositivo elettronico? Inoltre, una volta veniva utilizzato per rivestire i motori degli aerei durante la seconda guerra mondiale. Resta e scopri di pi\u00f9 su questo composto chimico, chi lo ha scoperto e quali sono le sue caratteristiche. Cos&#8217;\u00e8 l&#8217;indiano? \u00c8 un metallo morbido, post-transitorio, ... Per saperne di pi\u00f9","og_url":"https:\/\/chemuza.org\/it\/indiano\/","og_site_name":"Chemuza","twitter_card":"summary_large_image","twitter_misc":{"Tempo di lettura stimato":"4 minuti"},"schema":{"@context":"https:\/\/schema.org","@graph":[{"@type":"WebPage","@id":"https:\/\/chemuza.org\/it\/indiano\/","url":"https:\/\/chemuza.org\/it\/indiano\/","name":"Indiano - Chemuza","isPartOf":{"@id":"https:\/\/chemuza.org\/it\/#website"},"datePublished":"2023-07-14T12:02:00+00:00","dateModified":"2023-07-14T12:02:00+00:00","breadcrumb":{"@id":"https:\/\/chemuza.org\/it\/indiano\/#breadcrumb"},"inLanguage":"it-IT","potentialAction":[{"@type":"ReadAction","target":["https:\/\/chemuza.org\/it\/indiano\/"]}]},{"@type":"BreadcrumbList","@id":"https:\/\/chemuza.org\/it\/indiano\/#breadcrumb","itemListElement":[{"@type":"ListItem","position":1,"name":"Casa","item":"https:\/\/chemuza.org\/it\/"},{"@type":"ListItem","position":2,"name":"Indiano"}]},{"@type":"WebSite","@id":"https:\/\/chemuza.org\/it\/#website","url":"https:\/\/chemuza.org\/it\/","name":"Chemuza","description":"La tua porta d&#039;accesso alla scoperta chimica!","publisher":{"@id":"https:\/\/chemuza.org\/it\/#organization"},"potentialAction":[{"@type":"SearchAction","target":{"@type":"EntryPoint","urlTemplate":"https:\/\/chemuza.org\/it\/?s={search_term_string}"},"query-input":"required name=search_term_string"}],"inLanguage":"it-IT"},{"@type":"Organization","@id":"https:\/\/chemuza.org\/it\/#organization","name":"Chemuza","url":"https:\/\/chemuza.org\/it\/","logo":{"@type":"ImageObject","inLanguage":"it-IT","@id":"https:\/\/chemuza.org\/it\/#\/schema\/logo\/image\/","url":"https:\/\/chemuza.org\/it\/wp-content\/uploads\/2023\/10\/chemuza-logo.png","contentUrl":"https:\/\/chemuza.org\/it\/wp-content\/uploads\/2023\/10\/chemuza-logo.png","width":387,"height":70,"caption":"Chemuza"},"image":{"@id":"https:\/\/chemuza.org\/it\/#\/schema\/logo\/image\/"}}]}},"yoast_meta":{"yoast_wpseo_title":"","yoast_wpseo_metadesc":"","yoast_wpseo_canonical":""},"_links":{"self":[{"href":"https:\/\/chemuza.org\/it\/wp-json\/wp\/v2\/pages\/1476"}],"collection":[{"href":"https:\/\/chemuza.org\/it\/wp-json\/wp\/v2\/pages"}],"about":[{"href":"https:\/\/chemuza.org\/it\/wp-json\/wp\/v2\/types\/page"}],"author":[{"embeddable":true,"href":"https:\/\/chemuza.org\/it\/wp-json\/wp\/v2\/users\/1"}],"replies":[{"embeddable":true,"href":"https:\/\/chemuza.org\/it\/wp-json\/wp\/v2\/comments?post=1476"}],"version-history":[{"count":0,"href":"https:\/\/chemuza.org\/it\/wp-json\/wp\/v2\/pages\/1476\/revisions"}],"wp:attachment":[{"href":"https:\/\/chemuza.org\/it\/wp-json\/wp\/v2\/media?parent=1476"}],"curies":[{"name":"wp","href":"https:\/\/api.w.org\/{rel}","templated":true}]}}