{"id":1475,"date":"2023-07-14T12:46:12","date_gmt":"2023-07-14T12:46:12","guid":{"rendered":"https:\/\/chemuza.org\/it\/cadmio\/"},"modified":"2023-07-14T12:46:12","modified_gmt":"2023-07-14T12:46:12","slug":"cadmio","status":"publish","type":"page","link":"https:\/\/chemuza.org\/it\/cadmio\/","title":{"rendered":"Cadmio"},"content":{"rendered":"<p>Il cadmio si trova nella crosta terrestre, mescolato con minerali, rocce, terreni e nell&#8217;acqua. Un&#8217;altra parte dell&#8217;elemento si muove nell&#8217;atmosfera a causa dell&#8217;attivit\u00e0 vulcanica, degli incendi e dei rifiuti industriali. Poich\u00e9 non \u00e8 molto diffuso allo stato naturale, si ottiene attraverso la produzione di metalli come piombo, rame e zinco. Scopri di pi\u00f9 su questo metallo nella voce seguente.<\/p>\n<h2> <strong>Cos&#8217;\u00e8 il cadmio?<\/strong><\/h2>\n<p> Come elemento chimico, \u00e8 un metallo di transizione contrassegnato con il numero atomico 48 nella tavola periodica. \u00c8 pesante, tossico, morbido, di colore bianco bluastro e ha un basso punto di fusione, perfetto per creare leghe di nichel, saldature e batterie.<\/p>\n<h3> <strong>Simbolo del cadmio<\/strong><\/h3>\n<p> <span class=\"content-chemical-element\" style=\"float: left;width: 65px;height: 65px;border: 3px solid #666; display:flex;\n    justify-content: center;align-items: center;margin-right: 15px;\"><span style=\"font-size: 38px;\">Cd<\/span><\/span> Il nome deriva dal greco <em>kadmeia<\/em> , che significa calamina o impurit\u00e0. Prende questo nome perch\u00e9 l&#8217;elemento \u00e8 stato trovato in tracce di carbonato di zinco, che ha cambiato il colore di questo composto, azione che non si verificava quando era puro.<\/p>\n<h2> <strong>Caratteristiche del cadmio<\/strong><\/h2>\n<p> L&#8217;elemento Cadmio \u00e8 un metallo morbido e duttile situato nel gruppo 12 della tavola periodica sotto il simbolo Cd. Ha la capacit\u00e0 di cambiare tonalit\u00e0 se sottoposto ad alte temperature. Inoltre, il calore consente la sua transizione allo stato liquido e gassoso. Altre propriet\u00e0 sono elencate di seguito:<\/p>\n<ul>\n<li> <strong>Condizione<\/strong> : solido e pesante.<\/li>\n<li> <strong>Malleabilit\u00e0:<\/strong> elevata, che consente di ottenere lamine sottili dell&#8217;elemento per diverse applicazioni industriali.<\/li>\n<li> <strong>Sapore e odore<\/strong> : metallico e non ha odore caratteristico.<\/li>\n<li> <strong>Composizione:<\/strong> Ha 48 elettroni e protoni con 64 neutroni.<\/li>\n<li> <strong>Tossicit\u00e0<\/strong> : \u00e8 elevata ed \u00e8 considerato il metallo pi\u00f9 tossico della crosta terrestre.<\/li>\n<li> <strong>Reattivit\u00e0<\/strong> : Contro gli acidi e l&#8217;ossigeno \u00e8 elevata. Inoltre, ad alte temperature \u00e8 infiammabile, creando ossido di cadmio.<\/li>\n<li> <strong>Struttura<\/strong> : \u00c8 cristallina una volta raffreddata dove forma figure ottaedriche.<\/li>\n<li> <strong>Solubilit\u00e0<\/strong> : \u00e8 insolubile in acqua. Tuttavia, quando si unisce ad altri elementi, \u00e8 solubile e si trasporta rapidamente in acqua.<\/li>\n<\/ul>\n<h2> <strong>Propriet\u00e0 chimiche e fisiche del Cadmio<\/strong><\/h2>\n<ol>\n<li> <strong>Numero atomico<\/strong> : 48<\/li>\n<li> <strong>Periodo<\/strong> : 5<\/li>\n<li> <strong>Blocco<\/strong> : D<\/li>\n<li> <strong>Gruppo<\/strong> : 12<\/li>\n<li> <strong>Stato di ossidazione<\/strong> : +1,+2<\/li>\n<li> <strong>Raggio covalente (\u00c5):<\/strong> 148 pm<\/li>\n<li> <strong>Raggio medio:<\/strong> 155 ore<\/li>\n<li> <strong>Densit\u00e0:<\/strong> 8650 Kg\/m3<\/li>\n<li> <strong>Configurazione elettronica:<\/strong> [Kr] 4d10 5s2<\/li>\n<li> <strong>Massa atomica (g\/mol):<\/strong> 112.411 u<\/li>\n<li> <strong>Elettroni per guscio:<\/strong> 2, 8, 18, 18, 2<\/li>\n<li> <strong>Potenziale di prima ionizzazione:<\/strong> (eV): 867,8<\/li>\n<li> <strong>Punto di ebollizione:<\/strong> 768<strong> <\/strong>\u00b0C<\/li>\n<li> <strong>Punto di fusione:<\/strong> 321<strong> <\/strong>\u00b0C<\/li>\n<li> <strong>Raggio atomico:<\/strong> 161 ore<\/li>\n<li> <strong>Elettronegativit\u00e0:<\/strong> 1,69<\/li>\n<li> <strong>Calore specifico:<\/strong> 233 J \/ (K kg)<\/li>\n<li> <strong>Conduttivit\u00e0 termica:<\/strong> 96,8 W\/(Km)<\/li>\n<\/ol>\n<h2> <strong>Origine del cadmio<\/strong><\/h2>\n<p> L&#8217;elemento chimico cadmio fu scoperto nel 1817 da Friedrich Strohmeyer in Germania. Lo ottenne come residuo impuro in un campione di carbonato di zinco. Not\u00f2 che il tono del composto cambiava se sottoposto al calore. Effettu\u00f2 quindi alcuni esperimenti per isolarlo mediante arrostimento e riduzione dello zolfo. Successivamente si accorse delle sue propriet\u00e0 tossiche e metalliche, per cui oggi \u00e8 possibile utilizzarlo ampiamente nel settore chimico.<\/p>\n<h2> <strong>A cosa serve il cadmio?<\/strong><\/h2>\n<p> Questo elemento resiste alla corrosione, ha un basso punto di fusione ed elevata duttilit\u00e0. Questi motivi ne consentono l&#8217;utilizzo nella produzione di batterie, nel rivestimento dei metalli e nella creazione di conduttori elettrici. Altri usi del cadmio sono:<\/p>\n<ul>\n<li> Progettazione di leghe a bassa temperatura, con un minimo coefficiente di attrito ed elevata resistenza alle reazioni instabili.<\/li>\n<li> Produzione di allarmi di sicurezza antincendio utilizzando fusibili che si attivano ad alte temperature.<\/li>\n<li> Fabbricazione di barre di controllo nel flusso di neutroni dei reattori atomici.<\/li>\n<li> Il composto di idrossido di cadmio viene utilizzato nella galvanica e nella produzione di elettrodi nelle batterie al nichel-cadmio.<\/li>\n<li> Viene utilizzato nella creazione di smalti, pigmenti nel vetro e come catalizzatore di idrogenazione.<\/li>\n<li> Il suo composto stearato di cadmio funge da stabilizzante nei materiali in PVC contro l&#8217;azione della luce e degli agenti climatici.<\/li>\n<li> Viene utilizzato in pirotecnica per dare colore ai fuochi d&#8217;artificio.<\/li>\n<li> Il solfato di cadmio \u00e8 utilizzato in campo medico come astringente.<\/li>\n<\/ul>\n<h2> <strong>Come si ottiene il cadmio?<\/strong><\/h2>\n<p> Si ottiene dall&#8217;estrazione dello zinco come sottoprodotto del rame e del piombo, che contiene una percentuale pari allo 0,50% dell&#8217;elemento. Dopo essere stati riscaldati, i due elementi si presentano come un ossido che si riduce a carbonio, azione che libera il metallo. Quindi viene distillato frazionalmente per ottenere un campione completamente puro.<\/p>\n<h2> <strong>Tossicit\u00e0 del cadmio<\/strong><\/h2>\n<p> Rientra nella categoria degli agenti cancerogeni per l&#8217;uomo. Attualmente l&#8217;uomo ha aumentato l&#8217;uso dei metalli, i rischi di tossicit\u00e0 sono quindi presenti quotidianamente. \u00c8 in grado di percorrere grandi distanze nell&#8217;aria e le persone che fumano tabacco o lavorano nell&#8217;industria metallurgica sono direttamente esposte alla sua inalazione.<\/p>\n<p> In sintesi, il cadmio \u00e8 un elemento di transizione ambientale molto pesante e tossico. \u00c8 duttile e malleabile con un basso punto di fusione, che ne consente l&#8217;utilizzo in varie leghe termiche e nucleari.<\/p>\n","protected":false},"excerpt":{"rendered":"<p>Il cadmio si trova nella crosta terrestre, mescolato con minerali, rocce, terreni e nell&#8217;acqua. Un&#8217;altra parte dell&#8217;elemento si muove nell&#8217;atmosfera a causa dell&#8217;attivit\u00e0 vulcanica, degli incendi e dei rifiuti industriali. Poich\u00e9 non \u00e8 molto diffuso allo stato naturale, si ottiene attraverso la produzione di metalli come piombo, rame e zinco. Scopri di pi\u00f9 su questo &#8230; <a title=\"Cadmio\" class=\"read-more\" href=\"https:\/\/chemuza.org\/it\/cadmio\/\" aria-label=\"More on Cadmio\">Per saperne di pi\u00f9<\/a><\/p>\n","protected":false},"author":1,"featured_media":0,"parent":0,"menu_order":0,"comment_status":"closed","ping_status":"closed","template":"","meta":{"footnotes":""},"yoast_head":"<!-- This site is optimized with the Yoast SEO plugin v21.4 - https:\/\/yoast.com\/wordpress\/plugins\/seo\/ -->\n<title>Cadmio - Chemuza<\/title>\n<meta name=\"robots\" content=\"index, follow, max-snippet:-1, max-image-preview:large, max-video-preview:-1\" \/>\n<link rel=\"canonical\" href=\"https:\/\/chemuza.org\/it\/cadmio\/\" \/>\n<meta property=\"og:locale\" content=\"it_IT\" \/>\n<meta property=\"og:type\" content=\"article\" \/>\n<meta property=\"og:title\" content=\"Cadmio - Chemuza\" \/>\n<meta property=\"og:description\" content=\"Il cadmio si trova nella crosta terrestre, mescolato con minerali, rocce, terreni e nell&#8217;acqua. Un&#8217;altra parte dell&#8217;elemento si muove nell&#8217;atmosfera a causa dell&#8217;attivit\u00e0 vulcanica, degli incendi e dei rifiuti industriali. Poich\u00e9 non \u00e8 molto diffuso allo stato naturale, si ottiene attraverso la produzione di metalli come piombo, rame e zinco. Scopri di pi\u00f9 su questo ... Per saperne di pi\u00f9\" \/>\n<meta property=\"og:url\" content=\"https:\/\/chemuza.org\/it\/cadmio\/\" \/>\n<meta property=\"og:site_name\" content=\"Chemuza\" \/>\n<meta name=\"twitter:card\" content=\"summary_large_image\" \/>\n<meta name=\"twitter:label1\" content=\"Tempo di lettura stimato\" \/>\n\t<meta name=\"twitter:data1\" content=\"4 minuti\" \/>\n<script type=\"application\/ld+json\" class=\"yoast-schema-graph\">{\"@context\":\"https:\/\/schema.org\",\"@graph\":[{\"@type\":\"WebPage\",\"@id\":\"https:\/\/chemuza.org\/it\/cadmio\/\",\"url\":\"https:\/\/chemuza.org\/it\/cadmio\/\",\"name\":\"Cadmio - Chemuza\",\"isPartOf\":{\"@id\":\"https:\/\/chemuza.org\/it\/#website\"},\"datePublished\":\"2023-07-14T12:46:12+00:00\",\"dateModified\":\"2023-07-14T12:46:12+00:00\",\"breadcrumb\":{\"@id\":\"https:\/\/chemuza.org\/it\/cadmio\/#breadcrumb\"},\"inLanguage\":\"it-IT\",\"potentialAction\":[{\"@type\":\"ReadAction\",\"target\":[\"https:\/\/chemuza.org\/it\/cadmio\/\"]}]},{\"@type\":\"BreadcrumbList\",\"@id\":\"https:\/\/chemuza.org\/it\/cadmio\/#breadcrumb\",\"itemListElement\":[{\"@type\":\"ListItem\",\"position\":1,\"name\":\"Casa\",\"item\":\"https:\/\/chemuza.org\/it\/\"},{\"@type\":\"ListItem\",\"position\":2,\"name\":\"Cadmio\"}]},{\"@type\":\"WebSite\",\"@id\":\"https:\/\/chemuza.org\/it\/#website\",\"url\":\"https:\/\/chemuza.org\/it\/\",\"name\":\"Chemuza\",\"description\":\"La tua porta d&#039;accesso alla scoperta chimica!\",\"publisher\":{\"@id\":\"https:\/\/chemuza.org\/it\/#organization\"},\"potentialAction\":[{\"@type\":\"SearchAction\",\"target\":{\"@type\":\"EntryPoint\",\"urlTemplate\":\"https:\/\/chemuza.org\/it\/?s={search_term_string}\"},\"query-input\":\"required name=search_term_string\"}],\"inLanguage\":\"it-IT\"},{\"@type\":\"Organization\",\"@id\":\"https:\/\/chemuza.org\/it\/#organization\",\"name\":\"Chemuza\",\"url\":\"https:\/\/chemuza.org\/it\/\",\"logo\":{\"@type\":\"ImageObject\",\"inLanguage\":\"it-IT\",\"@id\":\"https:\/\/chemuza.org\/it\/#\/schema\/logo\/image\/\",\"url\":\"https:\/\/chemuza.org\/it\/wp-content\/uploads\/2023\/10\/chemuza-logo.png\",\"contentUrl\":\"https:\/\/chemuza.org\/it\/wp-content\/uploads\/2023\/10\/chemuza-logo.png\",\"width\":387,\"height\":70,\"caption\":\"Chemuza\"},\"image\":{\"@id\":\"https:\/\/chemuza.org\/it\/#\/schema\/logo\/image\/\"}}]}<\/script>\n<!-- \/ Yoast SEO plugin. -->","yoast_head_json":{"title":"Cadmio - Chemuza","robots":{"index":"index","follow":"follow","max-snippet":"max-snippet:-1","max-image-preview":"max-image-preview:large","max-video-preview":"max-video-preview:-1"},"canonical":"https:\/\/chemuza.org\/it\/cadmio\/","og_locale":"it_IT","og_type":"article","og_title":"Cadmio - Chemuza","og_description":"Il cadmio si trova nella crosta terrestre, mescolato con minerali, rocce, terreni e nell&#8217;acqua. Un&#8217;altra parte dell&#8217;elemento si muove nell&#8217;atmosfera a causa dell&#8217;attivit\u00e0 vulcanica, degli incendi e dei rifiuti industriali. Poich\u00e9 non \u00e8 molto diffuso allo stato naturale, si ottiene attraverso la produzione di metalli come piombo, rame e zinco. Scopri di pi\u00f9 su questo ... Per saperne di pi\u00f9","og_url":"https:\/\/chemuza.org\/it\/cadmio\/","og_site_name":"Chemuza","twitter_card":"summary_large_image","twitter_misc":{"Tempo di lettura stimato":"4 minuti"},"schema":{"@context":"https:\/\/schema.org","@graph":[{"@type":"WebPage","@id":"https:\/\/chemuza.org\/it\/cadmio\/","url":"https:\/\/chemuza.org\/it\/cadmio\/","name":"Cadmio - Chemuza","isPartOf":{"@id":"https:\/\/chemuza.org\/it\/#website"},"datePublished":"2023-07-14T12:46:12+00:00","dateModified":"2023-07-14T12:46:12+00:00","breadcrumb":{"@id":"https:\/\/chemuza.org\/it\/cadmio\/#breadcrumb"},"inLanguage":"it-IT","potentialAction":[{"@type":"ReadAction","target":["https:\/\/chemuza.org\/it\/cadmio\/"]}]},{"@type":"BreadcrumbList","@id":"https:\/\/chemuza.org\/it\/cadmio\/#breadcrumb","itemListElement":[{"@type":"ListItem","position":1,"name":"Casa","item":"https:\/\/chemuza.org\/it\/"},{"@type":"ListItem","position":2,"name":"Cadmio"}]},{"@type":"WebSite","@id":"https:\/\/chemuza.org\/it\/#website","url":"https:\/\/chemuza.org\/it\/","name":"Chemuza","description":"La tua porta d&#039;accesso alla scoperta chimica!","publisher":{"@id":"https:\/\/chemuza.org\/it\/#organization"},"potentialAction":[{"@type":"SearchAction","target":{"@type":"EntryPoint","urlTemplate":"https:\/\/chemuza.org\/it\/?s={search_term_string}"},"query-input":"required name=search_term_string"}],"inLanguage":"it-IT"},{"@type":"Organization","@id":"https:\/\/chemuza.org\/it\/#organization","name":"Chemuza","url":"https:\/\/chemuza.org\/it\/","logo":{"@type":"ImageObject","inLanguage":"it-IT","@id":"https:\/\/chemuza.org\/it\/#\/schema\/logo\/image\/","url":"https:\/\/chemuza.org\/it\/wp-content\/uploads\/2023\/10\/chemuza-logo.png","contentUrl":"https:\/\/chemuza.org\/it\/wp-content\/uploads\/2023\/10\/chemuza-logo.png","width":387,"height":70,"caption":"Chemuza"},"image":{"@id":"https:\/\/chemuza.org\/it\/#\/schema\/logo\/image\/"}}]}},"yoast_meta":{"yoast_wpseo_title":"","yoast_wpseo_metadesc":"","yoast_wpseo_canonical":""},"_links":{"self":[{"href":"https:\/\/chemuza.org\/it\/wp-json\/wp\/v2\/pages\/1475"}],"collection":[{"href":"https:\/\/chemuza.org\/it\/wp-json\/wp\/v2\/pages"}],"about":[{"href":"https:\/\/chemuza.org\/it\/wp-json\/wp\/v2\/types\/page"}],"author":[{"embeddable":true,"href":"https:\/\/chemuza.org\/it\/wp-json\/wp\/v2\/users\/1"}],"replies":[{"embeddable":true,"href":"https:\/\/chemuza.org\/it\/wp-json\/wp\/v2\/comments?post=1475"}],"version-history":[{"count":0,"href":"https:\/\/chemuza.org\/it\/wp-json\/wp\/v2\/pages\/1475\/revisions"}],"wp:attachment":[{"href":"https:\/\/chemuza.org\/it\/wp-json\/wp\/v2\/media?parent=1475"}],"curies":[{"name":"wp","href":"https:\/\/api.w.org\/{rel}","templated":true}]}}