{"id":1474,"date":"2023-07-14T13:08:52","date_gmt":"2023-07-14T13:08:52","guid":{"rendered":"https:\/\/chemuza.org\/it\/soldi\/"},"modified":"2023-07-14T13:08:52","modified_gmt":"2023-07-14T13:08:52","slug":"soldi","status":"publish","type":"page","link":"https:\/\/chemuza.org\/it\/soldi\/","title":{"rendered":"Soldi"},"content":{"rendered":"<p>L&#8217;argento \u00e8 uno dei sette metalli pi\u00f9 riconosciuti sul pianeta. Sebbene sia raro, si trova in natura come elemento libero o insieme ad altri metalli. Tuttavia, la maggior parte si trova nei minerali contenenti composti metallici. In passato veniva utilizzato per realizzare armi da guerra e successivamente nella realizzazione di ornamenti e utensili. Scopri tutto ci\u00f2 che devi sapere su questo elemento chimico.<\/p>\n<h2> <strong>Cos&#8217;\u00e8 il denaro?<\/strong><\/h2>\n<p> \u00c8 un elemento della tavola periodica e fa parte dei metalli di transizione. Il suo colore \u00e8 bianco metallizzato e pu\u00f2 essere facilmente combinato con altri metalli tranne Cobalto, Ferro o Nichel. \u00c8 malleabile e duttile, ma non tanto quanto l&#8217;oro.<\/p>\n<p> Alcuni dei suoi composti sono cloruro d&#8217;argento, ioduro d&#8217;argento, bromuro d&#8217;argento e carbonato d&#8217;argento. \u00c8 stabile in presenza di aria e acqua, mentre si ossida se esposto ad idrogeno solforato, ozono o zolfo.<\/p>\n<h3> <strong>Simbolo dei soldi<\/strong><\/h3>\n<p> <span class=\"content-chemical-element\" style=\"float: left;width: 65px;height: 65px;border: 3px solid #666; display:flex;\n    justify-content: center;align-items: center;margin-right: 15px;\"><span style=\"font-size: 38px;\">Ag<\/span><\/span> Si trova nel gruppo 11 della tavola periodica con numero atomico 47 e massa atomica 107,84. Ha due isotopi stabili che sono Ag 107 e Ag 109, meno abbondanti del primo. Inoltre, ha 28 isotopi instabili con emivita compresa tra circa 29 e 41.<\/p>\n<h2> <strong>Caratteristiche del denaro<\/strong><\/h2>\n<p> Allo stato puro ha una buona conducibilit\u00e0 termica ed elettrica e, nella sua forma chimica, \u00e8 uno dei metalli nobili e pesanti. Tuttavia, dal punto di vista commerciale, \u00e8 un metallo prezioso. Spiccano altre caratteristiche:<\/p>\n<ul>\n<li> <strong>Lucentezza:<\/strong> tra tutti i metalli \u00e8 il pi\u00f9 brillante.<\/li>\n<li> <strong>Durezza:<\/strong> moderatamente morbido, anche se un po&#8217; pi\u00f9 duro dell&#8217;oro.<\/li>\n<li> <strong>Magnetismo<\/strong> : debole.<\/li>\n<li> <strong>Struttura:<\/strong> ottaedri, isometrici, cubici e centrati sulle loro facce.<\/li>\n<li> <strong>Condizione<\/strong> : in forma naturale, \u00e8 solido.<\/li>\n<\/ul>\n<h2> <strong>Propriet\u00e0 chimiche e fisiche dell&#8217;argento<\/strong><\/h2>\n<ol>\n<li> <strong>Numero atomico<\/strong> : 47<\/li>\n<li> <strong>Periodo:<\/strong> 5<\/li>\n<li> <strong>Blocco:<\/strong> d<\/li>\n<li> <strong>Raggio covalente (\u00c5):<\/strong> 153<\/li>\n<li> <strong>Raggio atomico:<\/strong> 165<\/li>\n<li> <strong>Entalpia di fusione:<\/strong> 11,3 Kj\/mol<\/li>\n<li> <strong>Punto di fusione:<\/strong> 1234,93K<\/li>\n<li> <strong>Punto di ebollizione:<\/strong> 2435K<\/li>\n<li> <strong>Configurazione elettronica:<\/strong> [Kr] 5s <sup>1<\/sup> 4d <sup>10<\/sup><\/li>\n<li> <strong>Entalpia di vaporizzazione:<\/strong> 250,58 kJ\/mol<\/li>\n<li> <strong>Velocit\u00e0 del suono:<\/strong> 2600 m\/s a 293,15 K<\/li>\n<li> <strong>Pressione di vapore:<\/strong> 0,34 Pa a 1234 K<\/li>\n<li> <strong>Densit\u00e0:<\/strong> 10490 kg\/m\u00b3<\/li>\n<li> <strong>Conduttivit\u00e0 termica:<\/strong> 429 W<\/li>\n<li> <strong>Conduttivit\u00e0 elettrica:<\/strong> 63 x 10 <sup>6<\/sup><\/li>\n<li> <strong>Calore specifico:<\/strong> 232 J<\/li>\n<\/ol>\n<h2> <strong>Origine del denaro<\/strong><\/h2>\n<p> Si ritiene che civilt\u00e0 come quella egiziana apprezzassero molto questo elemento, che veniva utilizzato per forgiare oggetti domestici. Successivamente i Greci utilizzarono questo materiale per realizzare i loro strumenti di guerra. Durante l&#8217;epoca coloniale furono scoperte miniere d&#8217;argento a Zacatecas in Messico, cos\u00ec come a Potos\u00ed in Bolivia e Paramillos de Uspallata in Argentina.<\/p>\n<p> Il nome di questo metallo deriva da un&#8217;evoluzione dell&#8217;aggettivo plattus che deriva dal latino medievale, che significa largo, appiattito. COS\u00cc. I romani lo chiamavano argentum, che deriva da una parola latina che significa argento.<\/p>\n<h2> <strong>A cosa servono i soldi?<\/strong><\/h2>\n<p> L&#8217;argento era molto utile per scopi industriali, in campo chimico, fotografico e anche orafo. Ecco alcune delle sue applicazioni pi\u00f9 popolari:<\/p>\n<h3> <strong>Industria<\/strong><strong><\/strong><\/h3>\n<p> Tutti i generatori elettrici per locomotive diesel ed elettriche utilizzano contatti in argento puro spessi un pollice. Grazie alla sua buona conduttivit\u00e0 viene utilizzato per tastiere di computer e circuiti chiusi. Viene utilizzato anche nelle batterie elettriche di grande capacit\u00e0.<\/p>\n<p> Questo viene utilizzato per realizzare pannelli solari perch\u00e9 ha una buona conduttivit\u00e0 termica ed elettrica. Utilizzato sotto forma di pasta \u00e8 in grado di intrappolare i raggi solari e trasformarli in energia fotovoltaica. Inoltre, lo usano per realizzare armi a lama, come spade, punte di freccia e lance. Infine, da anni viene utilizzato per realizzare stoviglie, specchi, biancheria, vetri e monete.<\/p>\n<h3> <strong>Vita di ogni giorno<\/strong><\/h3>\n<p> Il cloruro di questo metallo viene utilizzato nell&#8217;industria cosmetica per realizzare deodoranti, perch\u00e9 previene i cattivi odori e ritarda la crescita dei batteri. Inoltre, l\u2019argento ionizzato purifica l\u2019acqua ed \u00e8 utile nei detersivi per il bucato perch\u00e9 combatte i germi.<\/p>\n<h3> <strong>Medicinale<\/strong><\/h3>\n<p> In campo medico, il nitrato d&#8217;argento viene utilizzato come battericida, antisettico e anche per rimuovere le verruche. Inoltre, le sue leghe consentono la fabbricazione di parti dentali.<\/p>\n<h2> <strong>Come identificare i soldi?<\/strong><\/h2>\n<p> Per verificarne l&#8217;autenticit\u00e0 si pu\u00f2 ricorrere ad alcuni metodi non scientifici che rivelano se si sta guardando un oggetto in argento originale, come ad esempio:<\/p>\n<ul>\n<li> Non presenta eccessiva lucentezza.<\/li>\n<li> Aggiungi qualche goccia di candeggina e se inizia ad ossidarsi \u00e8 argento.<\/li>\n<li> Lascia andare la canzone e controlla che il suono sia simile a quello di una campana.<\/li>\n<li> Usa un magnete per vedere se scivola sull&#8217;oggetto. Se ti iscrivi, hai a che fare con un&#8217;imitazione economica.<\/li>\n<\/ul>\n<p> In conclusione l\u2019argento \u00e8 un metallo di transizione che si trova in natura allo stato libero. Il suo colore \u00e8 bianco metallizzato, ma diventa brillante una volta lucidato. Allo stato solido naturale, \u00e8 un materiale prezioso ampiamente utilizzato in gioielleria, medicina e industria.<\/p>\n","protected":false},"excerpt":{"rendered":"<p>L&#8217;argento \u00e8 uno dei sette metalli pi\u00f9 riconosciuti sul pianeta. Sebbene sia raro, si trova in natura come elemento libero o insieme ad altri metalli. Tuttavia, la maggior parte si trova nei minerali contenenti composti metallici. In passato veniva utilizzato per realizzare armi da guerra e successivamente nella realizzazione di ornamenti e utensili. Scopri tutto &#8230; <a title=\"Soldi\" class=\"read-more\" href=\"https:\/\/chemuza.org\/it\/soldi\/\" aria-label=\"More on Soldi\">Per saperne di pi\u00f9<\/a><\/p>\n","protected":false},"author":1,"featured_media":0,"parent":0,"menu_order":0,"comment_status":"closed","ping_status":"closed","template":"","meta":{"footnotes":""},"yoast_head":"<!-- This site is optimized with the Yoast SEO plugin v21.4 - https:\/\/yoast.com\/wordpress\/plugins\/seo\/ -->\n<title>Argento - Chemuza<\/title>\n<meta name=\"robots\" content=\"index, follow, max-snippet:-1, max-image-preview:large, max-video-preview:-1\" \/>\n<link rel=\"canonical\" href=\"https:\/\/chemuza.org\/it\/soldi\/\" \/>\n<meta property=\"og:locale\" content=\"it_IT\" \/>\n<meta property=\"og:type\" content=\"article\" \/>\n<meta property=\"og:title\" content=\"Argento - Chemuza\" \/>\n<meta property=\"og:description\" content=\"L&#8217;argento \u00e8 uno dei sette metalli pi\u00f9 riconosciuti sul pianeta. Sebbene sia raro, si trova in natura come elemento libero o insieme ad altri metalli. Tuttavia, la maggior parte si trova nei minerali contenenti composti metallici. In passato veniva utilizzato per realizzare armi da guerra e successivamente nella realizzazione di ornamenti e utensili. Scopri tutto ... Per saperne di pi\u00f9\" \/>\n<meta property=\"og:url\" content=\"https:\/\/chemuza.org\/it\/soldi\/\" \/>\n<meta property=\"og:site_name\" content=\"Chemuza\" \/>\n<meta name=\"twitter:card\" content=\"summary_large_image\" \/>\n<meta name=\"twitter:label1\" content=\"Tempo di lettura stimato\" \/>\n\t<meta name=\"twitter:data1\" content=\"4 minuti\" \/>\n<script type=\"application\/ld+json\" class=\"yoast-schema-graph\">{\"@context\":\"https:\/\/schema.org\",\"@graph\":[{\"@type\":\"WebPage\",\"@id\":\"https:\/\/chemuza.org\/it\/soldi\/\",\"url\":\"https:\/\/chemuza.org\/it\/soldi\/\",\"name\":\"Argento - Chemuza\",\"isPartOf\":{\"@id\":\"https:\/\/chemuza.org\/it\/#website\"},\"datePublished\":\"2023-07-14T13:08:52+00:00\",\"dateModified\":\"2023-07-14T13:08:52+00:00\",\"breadcrumb\":{\"@id\":\"https:\/\/chemuza.org\/it\/soldi\/#breadcrumb\"},\"inLanguage\":\"it-IT\",\"potentialAction\":[{\"@type\":\"ReadAction\",\"target\":[\"https:\/\/chemuza.org\/it\/soldi\/\"]}]},{\"@type\":\"BreadcrumbList\",\"@id\":\"https:\/\/chemuza.org\/it\/soldi\/#breadcrumb\",\"itemListElement\":[{\"@type\":\"ListItem\",\"position\":1,\"name\":\"Casa\",\"item\":\"https:\/\/chemuza.org\/it\/\"},{\"@type\":\"ListItem\",\"position\":2,\"name\":\"Soldi\"}]},{\"@type\":\"WebSite\",\"@id\":\"https:\/\/chemuza.org\/it\/#website\",\"url\":\"https:\/\/chemuza.org\/it\/\",\"name\":\"Chemuza\",\"description\":\"La tua porta d&#039;accesso alla scoperta chimica!\",\"publisher\":{\"@id\":\"https:\/\/chemuza.org\/it\/#organization\"},\"potentialAction\":[{\"@type\":\"SearchAction\",\"target\":{\"@type\":\"EntryPoint\",\"urlTemplate\":\"https:\/\/chemuza.org\/it\/?s={search_term_string}\"},\"query-input\":\"required name=search_term_string\"}],\"inLanguage\":\"it-IT\"},{\"@type\":\"Organization\",\"@id\":\"https:\/\/chemuza.org\/it\/#organization\",\"name\":\"Chemuza\",\"url\":\"https:\/\/chemuza.org\/it\/\",\"logo\":{\"@type\":\"ImageObject\",\"inLanguage\":\"it-IT\",\"@id\":\"https:\/\/chemuza.org\/it\/#\/schema\/logo\/image\/\",\"url\":\"https:\/\/chemuza.org\/it\/wp-content\/uploads\/2023\/10\/chemuza-logo.png\",\"contentUrl\":\"https:\/\/chemuza.org\/it\/wp-content\/uploads\/2023\/10\/chemuza-logo.png\",\"width\":387,\"height\":70,\"caption\":\"Chemuza\"},\"image\":{\"@id\":\"https:\/\/chemuza.org\/it\/#\/schema\/logo\/image\/\"}}]}<\/script>\n<!-- \/ Yoast SEO plugin. -->","yoast_head_json":{"title":"Argento - Chemuza","robots":{"index":"index","follow":"follow","max-snippet":"max-snippet:-1","max-image-preview":"max-image-preview:large","max-video-preview":"max-video-preview:-1"},"canonical":"https:\/\/chemuza.org\/it\/soldi\/","og_locale":"it_IT","og_type":"article","og_title":"Argento - Chemuza","og_description":"L&#8217;argento \u00e8 uno dei sette metalli pi\u00f9 riconosciuti sul pianeta. Sebbene sia raro, si trova in natura come elemento libero o insieme ad altri metalli. Tuttavia, la maggior parte si trova nei minerali contenenti composti metallici. In passato veniva utilizzato per realizzare armi da guerra e successivamente nella realizzazione di ornamenti e utensili. Scopri tutto ... Per saperne di pi\u00f9","og_url":"https:\/\/chemuza.org\/it\/soldi\/","og_site_name":"Chemuza","twitter_card":"summary_large_image","twitter_misc":{"Tempo di lettura stimato":"4 minuti"},"schema":{"@context":"https:\/\/schema.org","@graph":[{"@type":"WebPage","@id":"https:\/\/chemuza.org\/it\/soldi\/","url":"https:\/\/chemuza.org\/it\/soldi\/","name":"Argento - Chemuza","isPartOf":{"@id":"https:\/\/chemuza.org\/it\/#website"},"datePublished":"2023-07-14T13:08:52+00:00","dateModified":"2023-07-14T13:08:52+00:00","breadcrumb":{"@id":"https:\/\/chemuza.org\/it\/soldi\/#breadcrumb"},"inLanguage":"it-IT","potentialAction":[{"@type":"ReadAction","target":["https:\/\/chemuza.org\/it\/soldi\/"]}]},{"@type":"BreadcrumbList","@id":"https:\/\/chemuza.org\/it\/soldi\/#breadcrumb","itemListElement":[{"@type":"ListItem","position":1,"name":"Casa","item":"https:\/\/chemuza.org\/it\/"},{"@type":"ListItem","position":2,"name":"Soldi"}]},{"@type":"WebSite","@id":"https:\/\/chemuza.org\/it\/#website","url":"https:\/\/chemuza.org\/it\/","name":"Chemuza","description":"La tua porta d&#039;accesso alla scoperta chimica!","publisher":{"@id":"https:\/\/chemuza.org\/it\/#organization"},"potentialAction":[{"@type":"SearchAction","target":{"@type":"EntryPoint","urlTemplate":"https:\/\/chemuza.org\/it\/?s={search_term_string}"},"query-input":"required name=search_term_string"}],"inLanguage":"it-IT"},{"@type":"Organization","@id":"https:\/\/chemuza.org\/it\/#organization","name":"Chemuza","url":"https:\/\/chemuza.org\/it\/","logo":{"@type":"ImageObject","inLanguage":"it-IT","@id":"https:\/\/chemuza.org\/it\/#\/schema\/logo\/image\/","url":"https:\/\/chemuza.org\/it\/wp-content\/uploads\/2023\/10\/chemuza-logo.png","contentUrl":"https:\/\/chemuza.org\/it\/wp-content\/uploads\/2023\/10\/chemuza-logo.png","width":387,"height":70,"caption":"Chemuza"},"image":{"@id":"https:\/\/chemuza.org\/it\/#\/schema\/logo\/image\/"}}]}},"yoast_meta":{"yoast_wpseo_title":"","yoast_wpseo_metadesc":"","yoast_wpseo_canonical":""},"_links":{"self":[{"href":"https:\/\/chemuza.org\/it\/wp-json\/wp\/v2\/pages\/1474"}],"collection":[{"href":"https:\/\/chemuza.org\/it\/wp-json\/wp\/v2\/pages"}],"about":[{"href":"https:\/\/chemuza.org\/it\/wp-json\/wp\/v2\/types\/page"}],"author":[{"embeddable":true,"href":"https:\/\/chemuza.org\/it\/wp-json\/wp\/v2\/users\/1"}],"replies":[{"embeddable":true,"href":"https:\/\/chemuza.org\/it\/wp-json\/wp\/v2\/comments?post=1474"}],"version-history":[{"count":0,"href":"https:\/\/chemuza.org\/it\/wp-json\/wp\/v2\/pages\/1474\/revisions"}],"wp:attachment":[{"href":"https:\/\/chemuza.org\/it\/wp-json\/wp\/v2\/media?parent=1474"}],"curies":[{"name":"wp","href":"https:\/\/api.w.org\/{rel}","templated":true}]}}