{"id":1473,"date":"2023-07-14T13:16:56","date_gmt":"2023-07-14T13:16:56","guid":{"rendered":"https:\/\/chemuza.org\/it\/palladio\/"},"modified":"2023-07-14T13:16:56","modified_gmt":"2023-07-14T13:16:56","slug":"palladio","status":"publish","type":"page","link":"https:\/\/chemuza.org\/it\/palladio\/","title":{"rendered":"Palladio"},"content":{"rendered":"<p>Sapevi che il palladio ha una codifica standard internazionale per etichettarne l&#8217;uso in gioielleria? Oltre a questa applicazione, viene utilizzato nei convertitori catalitici, nell&#8217;odontoiatria, nella medicina, negli orologi, nelle candele per aerei e nei prodotti elettronici. Quindi conosci tutte le caratteristiche e le propriet\u00e0 di detto elemento.<\/p>\n<h2> <strong>Cos&#8217;\u00e8 il palladio?<\/strong><\/h2>\n<p> \u00c8 un raro metallo di transizione che presenta una tale somiglianza con il platino, motivo per cui \u00e8 possibile confonderli. L&#8217;elemento Palladio \u00e8 duttile, tenero, malleabile, di colore bianco argenteo, poco abbondante nella crosta terrestre e resistente alla corrosione.<\/p>\n<h3> <strong>Simbolo del palladio<\/strong><\/h3>\n<p> <span class=\"content-chemical-element\" style=\"float: left;width: 65px;height: 65px;border: 3px solid #666; display:flex;\n    justify-content: center;align-items: center;margin-right: 15px;\"><span style=\"font-size: 38px;\">Pd<\/span><\/span> Il simbolo Palladium \u00e8 l&#8217;abbreviazione della parola latina <em>palladium<\/em> e, allo stesso tempo, dell&#8217;espressione <em>pallas<\/em> . Prende il nome dall&#8217;asteroide Pallade, scoperto due mesi prima dell&#8217;elemento, e anche in onore della dea greca Pallade di Atene. Inoltre \u00e8 stato aggiunto il suffisso scientifico <em>ium,<\/em> riferito agli elementi chimici.<\/p>\n<h2> <strong>Caratteristiche del palladio<\/strong><\/h2>\n<p> A temperatura ambiente, questo elemento chimico \u00e8 resistente agli acidi fosforico, fluoridrico, perclorico, cloridrico e acetico. Allo stesso modo non si ossida in presenza di aria n\u00e9 forma un sottile strato di ossido verdastro. \u00c8 un buon conduttore elettrico e termico. Inoltre, atomicamente contiene 60 neutroni, 46 elettroni e 46 protoni. Altre caratteristiche degne di nota sono:<\/p>\n<ul>\n<li> <strong>Reattivit\u00e0 chimica:<\/strong> Si dissolve in acqua regia, acido solforico e acido nitrico. A temperatura ambiente assorbe enormi quantit\u00e0 di idrogeno molecolare.<\/li>\n<li> <strong>Fusione<\/strong> : Contiene il punto di fusione pi\u00f9 basso del gruppo del Platino, che \u00e8 1555\u00b0C.<\/li>\n<li> <strong>Densit\u00e0:<\/strong> \u00c8 12023 kg\/m\u00b3, l&#8217;elemento meno denso tra tutti i metalli del blocco D.<\/li>\n<li> <strong>Stato<\/strong> : A temperature e pressioni normali, \u00e8 allo stato solido.<\/li>\n<li> <strong>Cambiamenti<\/strong> : Quando assorbe idrogeno, lo fa fino a 900 volte il suo volume, una propriet\u00e0 che ne amplifica le dimensioni.<\/li>\n<li> <strong>Temperatura<\/strong> : Se riscaldato oltre gli 80\u00b0C forma un ossido leggero, opaco, aderente, che non si screpola n\u00e9 si distacca.<\/li>\n<li> <strong>Caratteristiche organolettiche<\/strong> : Ha un tono bianco argenteo brillante, consistenza metallica, ma inodore.<\/li>\n<li> <strong>Malleabilit\u00e0<\/strong> : Ha una grande malleabilit\u00e0 senza la necessit\u00e0 di sottoporlo a temperature elevate.<\/li>\n<li> <strong>Durezza<\/strong> : 4,75 sulla scala Mohs.<\/li>\n<li> <strong>Ordine magnetico<\/strong> : Ha propriet\u00e0 non magnetiche, poich\u00e9 \u00e8 un metallo nobile.<\/li>\n<\/ul>\n<h2> <strong>Propriet\u00e0 chimiche e fisiche del palladio<\/strong><\/h2>\n<ol>\n<li> <strong>Numero atomico<\/strong> : 46<\/li>\n<li> <strong>Raggio covalente (\u00c5)<\/strong> : 131 pm<\/li>\n<li> <strong>Entalpia di fusione<\/strong> : 17,6 kJ\/mol<\/li>\n<li> <strong>Ossido<\/strong> : Leggermente basico<\/li>\n<li> <strong>Entalpia di vaporizzazione<\/strong> : 357 kJ\/mol<\/li>\n<li> <strong>Stati di ossidazione<\/strong> : 0, +1, +2, +4, +6<\/li>\n<li> <strong>Configurazione elettronica<\/strong> : [Kr]4d <sup>10<\/sup><\/li>\n<li> <strong>Punto di ebollizione<\/strong> : 2963\u00b0C (3236K)<\/li>\n<li> <strong>Velocit\u00e0 del suono<\/strong> : 3070 m\/s a 293,15 K<\/li>\n<li> <strong>Massa atomica (g\/mol)<\/strong> : 106,42 u<\/li>\n<li> <strong>Punto di fusione<\/strong> : 1555\u00b0C (1828,05K)<\/li>\n<li> <strong>Raggio atomico (\u00c5)<\/strong> : 137 pm (raggio di Bohr)<\/li>\n<li> <strong>Potenziale di prima ionizzazione (eV)<\/strong> : 804,4 kJ\/mol<\/li>\n<li> <strong>Densit\u00e0<\/strong> : 12023 kg\/m\u00b3<\/li>\n<li> <strong>Elettroni per livello<\/strong> : 2, 8, 18, 18<\/li>\n<li> <strong>Calore specifico<\/strong> : 244 J\/(K-kg)<\/li>\n<li> <strong>Elettronegativit\u00e0<\/strong> : 2,20 (scala Pauling)<\/li>\n<\/ol>\n<h2> <strong>Origine del palladio<\/strong><\/h2>\n<p> Si trovano tracce del suo utilizzo nelle civilt\u00e0 precolombiane, dove era considerato un metallo prezioso, insieme all&#8217;oro e all&#8217;argento. Tuttavia, a chi viene attribuito il titolo di scopritore del palladio \u00e8 William Hyde Wollaston. Nel 1803, questo chimico riusc\u00ec a isolarlo da un altro minerale e gli diede il nome dell&#8217;asteroide Pallade recentemente scoperto.<\/p>\n<p> Secondo la storia del Palladium, da quel momento in poi, guadagn\u00f2 un posto all&#8217;interno della comunit\u00e0 scientifica. Tuttavia, a quel tempo, non disponevano delle tecniche necessarie per la loro separazione. Successivamente furono creati nuovi metodi di raffinazione per elaborare gli elementi di platino ed estrarli correttamente.<\/p>\n<h2> <strong>A cosa serve il palladio?<\/strong><\/h2>\n<p> Una delle applicazioni del palladio \u00e8 quella di legarlo con altri metalli per realizzare componenti conduttivi, condensatori e utilizzarlo come materiale di saldatura nell&#8217;industria elettronica. Inoltre, grazie alla sua capacit\u00e0 assorbente, viene spesso utilizzato per realizzare depuratori e rilevatori di gas. Scopri altri usi per questo articolo:<\/p>\n<ul>\n<li> Viene utilizzato nella produzione di abbigliamento, gioielleria e leghe preziose, ad esempio l&#8217;oro bianco, che ha un alto valore nell&#8217;industria della gioielleria.<\/li>\n<li> Viene generalmente utilizzato come agente legante nella produzione di parti soggette ad ambienti corrosivi.<\/li>\n<li> Nell&#8217;industria farmaceutica funge da catalizzatore poich\u00e9 contribuisce alla formazione di reazioni di idrogenazione e deidrogenazione.<\/li>\n<li> Viene utilizzato in campo dentale per produrre componenti dentali e parti ortodontiche.<\/li>\n<li> Le leghe dell&#8217;elemento con metalli diversi vengono utilizzate per realizzare candele, molle, filtri, elementi decorativi e barre stabilizzatrici.<\/li>\n<li> Grazie alla sua elevata resistenza, viene spesso utilizzato nella produzione di parti chirurgiche.<\/li>\n<\/ul>\n<p> In sintesi, il palladio \u00e8 un elemento metallico di transizione bianco-argenteo, altamente duttile, poco abbondante, malleabile, morbido. Sebbene assorba grandi quantit\u00e0 di idrogeno molecolare, non si ossida nell&#8217;aria. D&#8217;altra parte, viene utilizzato in campi diversi come l&#8217;odontoiatria, la gioielleria, la medicina, l&#8217;orologeria e la farmacia.<\/p>\n","protected":false},"excerpt":{"rendered":"<p>Sapevi che il palladio ha una codifica standard internazionale per etichettarne l&#8217;uso in gioielleria? Oltre a questa applicazione, viene utilizzato nei convertitori catalitici, nell&#8217;odontoiatria, nella medicina, negli orologi, nelle candele per aerei e nei prodotti elettronici. Quindi conosci tutte le caratteristiche e le propriet\u00e0 di detto elemento. Cos&#8217;\u00e8 il palladio? \u00c8 un raro metallo di &#8230; <a title=\"Palladio\" class=\"read-more\" href=\"https:\/\/chemuza.org\/it\/palladio\/\" aria-label=\"More on Palladio\">Per saperne di pi\u00f9<\/a><\/p>\n","protected":false},"author":1,"featured_media":0,"parent":0,"menu_order":0,"comment_status":"closed","ping_status":"closed","template":"","meta":{"footnotes":""},"yoast_head":"<!-- This site is optimized with the Yoast SEO plugin v21.4 - https:\/\/yoast.com\/wordpress\/plugins\/seo\/ -->\n<title>Palladio - Chemuza<\/title>\n<meta name=\"robots\" content=\"index, follow, max-snippet:-1, max-image-preview:large, max-video-preview:-1\" \/>\n<link rel=\"canonical\" href=\"https:\/\/chemuza.org\/it\/palladio\/\" \/>\n<meta property=\"og:locale\" content=\"it_IT\" \/>\n<meta property=\"og:type\" content=\"article\" \/>\n<meta property=\"og:title\" content=\"Palladio - Chemuza\" \/>\n<meta property=\"og:description\" content=\"Sapevi che il palladio ha una codifica standard internazionale per etichettarne l&#8217;uso in gioielleria? Oltre a questa applicazione, viene utilizzato nei convertitori catalitici, nell&#8217;odontoiatria, nella medicina, negli orologi, nelle candele per aerei e nei prodotti elettronici. Quindi conosci tutte le caratteristiche e le propriet\u00e0 di detto elemento. Cos&#8217;\u00e8 il palladio? \u00c8 un raro metallo di ... Per saperne di pi\u00f9\" \/>\n<meta property=\"og:url\" content=\"https:\/\/chemuza.org\/it\/palladio\/\" \/>\n<meta property=\"og:site_name\" content=\"Chemuza\" \/>\n<meta name=\"twitter:card\" content=\"summary_large_image\" \/>\n<meta name=\"twitter:label1\" content=\"Tempo di lettura stimato\" \/>\n\t<meta name=\"twitter:data1\" content=\"3 minuti\" \/>\n<script type=\"application\/ld+json\" class=\"yoast-schema-graph\">{\"@context\":\"https:\/\/schema.org\",\"@graph\":[{\"@type\":\"WebPage\",\"@id\":\"https:\/\/chemuza.org\/it\/palladio\/\",\"url\":\"https:\/\/chemuza.org\/it\/palladio\/\",\"name\":\"Palladio - Chemuza\",\"isPartOf\":{\"@id\":\"https:\/\/chemuza.org\/it\/#website\"},\"datePublished\":\"2023-07-14T13:16:56+00:00\",\"dateModified\":\"2023-07-14T13:16:56+00:00\",\"breadcrumb\":{\"@id\":\"https:\/\/chemuza.org\/it\/palladio\/#breadcrumb\"},\"inLanguage\":\"it-IT\",\"potentialAction\":[{\"@type\":\"ReadAction\",\"target\":[\"https:\/\/chemuza.org\/it\/palladio\/\"]}]},{\"@type\":\"BreadcrumbList\",\"@id\":\"https:\/\/chemuza.org\/it\/palladio\/#breadcrumb\",\"itemListElement\":[{\"@type\":\"ListItem\",\"position\":1,\"name\":\"Casa\",\"item\":\"https:\/\/chemuza.org\/it\/\"},{\"@type\":\"ListItem\",\"position\":2,\"name\":\"Palladio\"}]},{\"@type\":\"WebSite\",\"@id\":\"https:\/\/chemuza.org\/it\/#website\",\"url\":\"https:\/\/chemuza.org\/it\/\",\"name\":\"Chemuza\",\"description\":\"La tua porta d&#039;accesso alla scoperta chimica!\",\"publisher\":{\"@id\":\"https:\/\/chemuza.org\/it\/#organization\"},\"potentialAction\":[{\"@type\":\"SearchAction\",\"target\":{\"@type\":\"EntryPoint\",\"urlTemplate\":\"https:\/\/chemuza.org\/it\/?s={search_term_string}\"},\"query-input\":\"required name=search_term_string\"}],\"inLanguage\":\"it-IT\"},{\"@type\":\"Organization\",\"@id\":\"https:\/\/chemuza.org\/it\/#organization\",\"name\":\"Chemuza\",\"url\":\"https:\/\/chemuza.org\/it\/\",\"logo\":{\"@type\":\"ImageObject\",\"inLanguage\":\"it-IT\",\"@id\":\"https:\/\/chemuza.org\/it\/#\/schema\/logo\/image\/\",\"url\":\"https:\/\/chemuza.org\/it\/wp-content\/uploads\/2023\/10\/chemuza-logo.png\",\"contentUrl\":\"https:\/\/chemuza.org\/it\/wp-content\/uploads\/2023\/10\/chemuza-logo.png\",\"width\":387,\"height\":70,\"caption\":\"Chemuza\"},\"image\":{\"@id\":\"https:\/\/chemuza.org\/it\/#\/schema\/logo\/image\/\"}}]}<\/script>\n<!-- \/ Yoast SEO plugin. -->","yoast_head_json":{"title":"Palladio - Chemuza","robots":{"index":"index","follow":"follow","max-snippet":"max-snippet:-1","max-image-preview":"max-image-preview:large","max-video-preview":"max-video-preview:-1"},"canonical":"https:\/\/chemuza.org\/it\/palladio\/","og_locale":"it_IT","og_type":"article","og_title":"Palladio - Chemuza","og_description":"Sapevi che il palladio ha una codifica standard internazionale per etichettarne l&#8217;uso in gioielleria? Oltre a questa applicazione, viene utilizzato nei convertitori catalitici, nell&#8217;odontoiatria, nella medicina, negli orologi, nelle candele per aerei e nei prodotti elettronici. Quindi conosci tutte le caratteristiche e le propriet\u00e0 di detto elemento. Cos&#8217;\u00e8 il palladio? \u00c8 un raro metallo di ... Per saperne di pi\u00f9","og_url":"https:\/\/chemuza.org\/it\/palladio\/","og_site_name":"Chemuza","twitter_card":"summary_large_image","twitter_misc":{"Tempo di lettura stimato":"3 minuti"},"schema":{"@context":"https:\/\/schema.org","@graph":[{"@type":"WebPage","@id":"https:\/\/chemuza.org\/it\/palladio\/","url":"https:\/\/chemuza.org\/it\/palladio\/","name":"Palladio - Chemuza","isPartOf":{"@id":"https:\/\/chemuza.org\/it\/#website"},"datePublished":"2023-07-14T13:16:56+00:00","dateModified":"2023-07-14T13:16:56+00:00","breadcrumb":{"@id":"https:\/\/chemuza.org\/it\/palladio\/#breadcrumb"},"inLanguage":"it-IT","potentialAction":[{"@type":"ReadAction","target":["https:\/\/chemuza.org\/it\/palladio\/"]}]},{"@type":"BreadcrumbList","@id":"https:\/\/chemuza.org\/it\/palladio\/#breadcrumb","itemListElement":[{"@type":"ListItem","position":1,"name":"Casa","item":"https:\/\/chemuza.org\/it\/"},{"@type":"ListItem","position":2,"name":"Palladio"}]},{"@type":"WebSite","@id":"https:\/\/chemuza.org\/it\/#website","url":"https:\/\/chemuza.org\/it\/","name":"Chemuza","description":"La tua porta d&#039;accesso alla scoperta chimica!","publisher":{"@id":"https:\/\/chemuza.org\/it\/#organization"},"potentialAction":[{"@type":"SearchAction","target":{"@type":"EntryPoint","urlTemplate":"https:\/\/chemuza.org\/it\/?s={search_term_string}"},"query-input":"required name=search_term_string"}],"inLanguage":"it-IT"},{"@type":"Organization","@id":"https:\/\/chemuza.org\/it\/#organization","name":"Chemuza","url":"https:\/\/chemuza.org\/it\/","logo":{"@type":"ImageObject","inLanguage":"it-IT","@id":"https:\/\/chemuza.org\/it\/#\/schema\/logo\/image\/","url":"https:\/\/chemuza.org\/it\/wp-content\/uploads\/2023\/10\/chemuza-logo.png","contentUrl":"https:\/\/chemuza.org\/it\/wp-content\/uploads\/2023\/10\/chemuza-logo.png","width":387,"height":70,"caption":"Chemuza"},"image":{"@id":"https:\/\/chemuza.org\/it\/#\/schema\/logo\/image\/"}}]}},"yoast_meta":{"yoast_wpseo_title":"","yoast_wpseo_metadesc":"","yoast_wpseo_canonical":""},"_links":{"self":[{"href":"https:\/\/chemuza.org\/it\/wp-json\/wp\/v2\/pages\/1473"}],"collection":[{"href":"https:\/\/chemuza.org\/it\/wp-json\/wp\/v2\/pages"}],"about":[{"href":"https:\/\/chemuza.org\/it\/wp-json\/wp\/v2\/types\/page"}],"author":[{"embeddable":true,"href":"https:\/\/chemuza.org\/it\/wp-json\/wp\/v2\/users\/1"}],"replies":[{"embeddable":true,"href":"https:\/\/chemuza.org\/it\/wp-json\/wp\/v2\/comments?post=1473"}],"version-history":[{"count":0,"href":"https:\/\/chemuza.org\/it\/wp-json\/wp\/v2\/pages\/1473\/revisions"}],"wp:attachment":[{"href":"https:\/\/chemuza.org\/it\/wp-json\/wp\/v2\/media?parent=1473"}],"curies":[{"name":"wp","href":"https:\/\/api.w.org\/{rel}","templated":true}]}}