{"id":1472,"date":"2023-07-14T13:58:51","date_gmt":"2023-07-14T13:58:51","guid":{"rendered":"https:\/\/chemuza.org\/it\/germanio\/"},"modified":"2023-07-14T13:58:51","modified_gmt":"2023-07-14T13:58:51","slug":"germanio","status":"publish","type":"page","link":"https:\/\/chemuza.org\/it\/germanio\/","title":{"rendered":"Germanio"},"content":{"rendered":"<p>Il germanio \u00e8 distribuito nella crosta terrestre ad una velocit\u00e0 di 6,7 ppm o parti per milione. \u00c8 comune vederlo sotto forma di solfuri o nei minerali di piombo, rame e zinco in alcune parti dell&#8217;Europa e del Nord America. Si distingue perch\u00e9 \u00e8 un metallo semiconduttore con diverse applicazioni nell&#8217;industria. Quindi conosci questo metalloide un po&#8217; pi\u00f9 da vicino.<\/p>\n<h2> <strong>Cos&#8217;\u00e8 il germanio?<\/strong><\/h2>\n<p> \u00c8 un elemento chimico che fa parte dei metalloidi o semimetalli della tavola periodica. Si trova diagonalmente tra gli elementi e separa i metalli da quelli che non lo sono. Inoltre, \u00e8 un solido duro, cristallino e fragile di colore bianco grigiastro, che presenta una caratteristica lucentezza a temperatura ambiente.<\/p>\n<h3> <strong>Simbolo del germanio<\/strong><\/h3>\n<p> <span class=\"content-chemical-element\" style=\"float: left;width: 65px;height: 65px;border: 3px solid #666; display:flex;\n    justify-content: center;align-items: center;margin-right: 15px;\"><span style=\"font-size: 38px;\">Ge<\/span><\/span> Il suo nome deriva dal latino <em>germania<\/em> , che significa Germania, dove fu scoperto. La sua esistenza \u00e8 stata notata da Mendeleev nella tavola periodica. Pi\u00f9 tardi, il tedesco Winkler ne dimostr\u00f2 le propriet\u00e0 chimiche e gli diede il nome del suo paese natale.<\/p>\n<h2> <strong>Caratteristiche del germanio<\/strong><\/h2>\n<p> L&#8217;elemento Germanio \u00e8 bivalente o tetravalente, con 2 o pi\u00f9 valenze a seconda del composto. Ha un aspetto metallico con condizioni stabili al punto di fusione, che lo rendono un eccellente semiconduttore. Inoltre le altre caratteristiche del Germanio sono:<\/p>\n<ul>\n<li> <strong>Condizione<\/strong> : solido, formato da cristalli grezzi.<\/li>\n<li> <strong>Colore<\/strong> : bianco grigiastro brillante.<\/li>\n<li> <strong>Sapore e odore<\/strong> : amaro e non ha odore caratteristico.<\/li>\n<li> <strong>Solubilit\u00e0<\/strong> : \u00c8 solubile in acqua, solfuri e acido fluoridrico.<\/li>\n<li> <strong>Tossicit\u00e0<\/strong> : bassa. Diventa tossico solo in grandi quantit\u00e0.<\/li>\n<li> <strong>Reattivit\u00e0<\/strong> : \u00c8 reattivo quando ossidato sopra i 600\u00baC e reagisce con alogenuri, alcali e acido nitrico.<\/li>\n<li> <strong>Struttura<\/strong> : Cristallino, a forma di diamante.<\/li>\n<li> <strong>Composizione<\/strong> : la struttura atomica del germanio \u00e8 di 32 protoni e 32 elettroni.<\/li>\n<\/ul>\n<h2> <strong>Propriet\u00e0 chimiche e fisiche del Germanio<\/strong><\/h2>\n<ol>\n<li> <strong>Numero atomico<\/strong> : 32<\/li>\n<li> <strong>Periodo<\/strong> : 4<\/li>\n<li> <strong>Blocco<\/strong> : P<\/li>\n<li> <strong>Gruppo<\/strong> : 14<\/li>\n<li> <strong>Raggio covalente (\u00c5):<\/strong> 122 pm<\/li>\n<li> <strong>Configurazione elettronica:<\/strong> [Ar] 3d10 4 s\u00b2 4p2<\/li>\n<li> <strong>Massa atomica (g\/mol):<\/strong> 72,64 u<\/li>\n<li> <strong>Densit\u00e0:<\/strong> 5323 kg\/m\u00b3<\/li>\n<li> <strong>Punto di ebollizione:<\/strong> 2820<strong> <\/strong>\u00b0C<\/li>\n<li> <strong>Punto di fusione:<\/strong> 938\u00b0C<\/li>\n<li> <strong>Raggio atomico:<\/strong> 125<\/li>\n<li> <strong>Raggio medio:<\/strong> 125 ore<\/li>\n<li> <strong>Elettroni per guscio:<\/strong> 2, 8, 18, 4<\/li>\n<li> <strong>Elettronegativit\u00e0:<\/strong> 2.01<\/li>\n<li> <strong>Calore specifico:<\/strong> 320 J \/ (K kg)<\/li>\n<li> <strong>Ossido:<\/strong> anfotero.<\/li>\n<li> <strong>Potenziale di prima ionizzazione eV:<\/strong> 762 kJ\/mol<\/li>\n<li> <strong>Stato di ossidazione:<\/strong> 4, 3, 2, 1, -1, -2, -3, -4<\/li>\n<li> <strong>Conduttivit\u00e0 termica:<\/strong> 59,9 W\/(Km)<\/li>\n<li> <strong>Conduttivit\u00e0 elettrica:<\/strong> 1,45 S\/m<\/li>\n<\/ol>\n<h2> <strong>Origine del germanio<\/strong><\/h2>\n<p> L&#8217;elemento chimico Germanio fu scoperto per la prima volta da Mendeleev nel 1871 e gli diede il nome eka-silicio per la sua somiglianza con questo elemento. Successivamente, nel 1886, lo scienziato Clemens Winkler ne conferm\u00f2 le propriet\u00e0 chimiche isolandolo da un minerale chiamato Argyrodite in Germania. Riusc\u00ec a ottenere un campione puro e a inserirlo nella tavola periodica.<\/p>\n<h2> <strong>A cosa serve il germanio?<\/strong><\/h2>\n<p> Sebbene i campioni di questo elemento siano costosi, vengono utilizzati nei settori chimico, medico e industriale. I composti organici del germanio vengono utilizzati nella produzione di pannelli solari e come agente di rilevamento di oggetti radioattivi negli aeroporti. Inoltre, viene utilizzato come catalizzatore principale nella sintesi dei polimeri. Inoltre, altri usi di questo metalloide sono:<\/p>\n<ul>\n<li> Produzione di fibre ottiche.<\/li>\n<li> Progettazione di amplificatori e radar per chitarre elettriche.<\/li>\n<li> Le leghe di germanato di silicio vengono utilizzate nella progettazione di circuiti ad alta velocit\u00e0.<\/li>\n<li> Produzione di ottiche a infrarossi come un metallo, ideali nei meccanismi di visione notturna e spettroscopici.<\/li>\n<li> Viene utilizzato nella creazione di lenti e microscopi.<\/li>\n<li> Altri tipi di leghe dell&#8217;elemento vengono utilizzate in oreficeria per valorizzare i metalli preziosi.<\/li>\n<li> Nel settore chimico viene utilizzato come indurente per stagno, magnesio e alluminio. Viene utilizzato anche per creare magneti.<\/li>\n<li> In campo medico viene utilizzato nei trattamenti chemioterapici.<\/li>\n<\/ul>\n<h2> <strong>Come si ottiene il germanio?<\/strong><\/h2>\n<p> Allo stato naturale questo elemento \u00e8 ottenuto dai depositi di Rame, Argento, Zinco e dal processo di combustione del Carbone. Inoltre, viene estratto da minerali come Germanite, Garnierite e Argirodite. Dopo aver ottenuto un campione puro, questo viene fatto passare attraverso tetracloruro distillato e ridotto alla forma elementare con idrogeno.<\/p>\n<h2> <strong>Germanio come semiconduttore<\/strong><\/h2>\n<p> Allo stato naturale questo elemento \u00e8 il semiconduttore per eccellenza, rispetto al Silicio. Il motivo \u00e8 che a una certa temperatura rilascia pi\u00f9 elettroni, conferendogli maggiore conduttivit\u00e0. Ha quindi diverse applicazioni.<\/p>\n<p> Ad esempio, viene utilizzato nella spettroscopia dei raggi gamma, perch\u00e9 ha un numero atomico elevato, con una perfetta risoluzione energetica e aumenta l&#8217;interazione di questi raggi. Inoltre, i semiconduttori al germanio vengono utilizzati nella produzione di circuiti elettrici, diodi luminosi, transistor e microchip.<\/p>\n<p> In breve, questo metalloide \u00e8 solido, fragile, lucido e mantiene alte temperature. Si distingue per le sue propriet\u00e0 di semiconduttore e viene quindi utilizzato nei settori chimico, medico e industriale.<\/p>\n","protected":false},"excerpt":{"rendered":"<p>Il germanio \u00e8 distribuito nella crosta terrestre ad una velocit\u00e0 di 6,7 ppm o parti per milione. \u00c8 comune vederlo sotto forma di solfuri o nei minerali di piombo, rame e zinco in alcune parti dell&#8217;Europa e del Nord America. Si distingue perch\u00e9 \u00e8 un metallo semiconduttore con diverse applicazioni nell&#8217;industria. Quindi conosci questo metalloide &#8230; <a title=\"Germanio\" class=\"read-more\" href=\"https:\/\/chemuza.org\/it\/germanio\/\" aria-label=\"More on Germanio\">Per saperne di pi\u00f9<\/a><\/p>\n","protected":false},"author":1,"featured_media":0,"parent":0,"menu_order":0,"comment_status":"closed","ping_status":"closed","template":"","meta":{"footnotes":""},"yoast_head":"<!-- This site is optimized with the Yoast SEO plugin v21.4 - https:\/\/yoast.com\/wordpress\/plugins\/seo\/ -->\n<title>Germanio - Chemuza<\/title>\n<meta name=\"robots\" content=\"index, follow, max-snippet:-1, max-image-preview:large, max-video-preview:-1\" \/>\n<link rel=\"canonical\" href=\"https:\/\/chemuza.org\/it\/germanio\/\" \/>\n<meta property=\"og:locale\" content=\"it_IT\" \/>\n<meta property=\"og:type\" content=\"article\" \/>\n<meta property=\"og:title\" content=\"Germanio - Chemuza\" \/>\n<meta property=\"og:description\" content=\"Il germanio \u00e8 distribuito nella crosta terrestre ad una velocit\u00e0 di 6,7 ppm o parti per milione. \u00c8 comune vederlo sotto forma di solfuri o nei minerali di piombo, rame e zinco in alcune parti dell&#8217;Europa e del Nord America. Si distingue perch\u00e9 \u00e8 un metallo semiconduttore con diverse applicazioni nell&#8217;industria. Quindi conosci questo metalloide ... Per saperne di pi\u00f9\" \/>\n<meta property=\"og:url\" content=\"https:\/\/chemuza.org\/it\/germanio\/\" \/>\n<meta property=\"og:site_name\" content=\"Chemuza\" \/>\n<meta name=\"twitter:card\" content=\"summary_large_image\" \/>\n<meta name=\"twitter:label1\" content=\"Tempo di lettura stimato\" \/>\n\t<meta name=\"twitter:data1\" content=\"4 minuti\" \/>\n<script type=\"application\/ld+json\" class=\"yoast-schema-graph\">{\"@context\":\"https:\/\/schema.org\",\"@graph\":[{\"@type\":\"WebPage\",\"@id\":\"https:\/\/chemuza.org\/it\/germanio\/\",\"url\":\"https:\/\/chemuza.org\/it\/germanio\/\",\"name\":\"Germanio - Chemuza\",\"isPartOf\":{\"@id\":\"https:\/\/chemuza.org\/it\/#website\"},\"datePublished\":\"2023-07-14T13:58:51+00:00\",\"dateModified\":\"2023-07-14T13:58:51+00:00\",\"breadcrumb\":{\"@id\":\"https:\/\/chemuza.org\/it\/germanio\/#breadcrumb\"},\"inLanguage\":\"it-IT\",\"potentialAction\":[{\"@type\":\"ReadAction\",\"target\":[\"https:\/\/chemuza.org\/it\/germanio\/\"]}]},{\"@type\":\"BreadcrumbList\",\"@id\":\"https:\/\/chemuza.org\/it\/germanio\/#breadcrumb\",\"itemListElement\":[{\"@type\":\"ListItem\",\"position\":1,\"name\":\"Casa\",\"item\":\"https:\/\/chemuza.org\/it\/\"},{\"@type\":\"ListItem\",\"position\":2,\"name\":\"Germanio\"}]},{\"@type\":\"WebSite\",\"@id\":\"https:\/\/chemuza.org\/it\/#website\",\"url\":\"https:\/\/chemuza.org\/it\/\",\"name\":\"Chemuza\",\"description\":\"La tua porta d&#039;accesso alla scoperta chimica!\",\"publisher\":{\"@id\":\"https:\/\/chemuza.org\/it\/#organization\"},\"potentialAction\":[{\"@type\":\"SearchAction\",\"target\":{\"@type\":\"EntryPoint\",\"urlTemplate\":\"https:\/\/chemuza.org\/it\/?s={search_term_string}\"},\"query-input\":\"required name=search_term_string\"}],\"inLanguage\":\"it-IT\"},{\"@type\":\"Organization\",\"@id\":\"https:\/\/chemuza.org\/it\/#organization\",\"name\":\"Chemuza\",\"url\":\"https:\/\/chemuza.org\/it\/\",\"logo\":{\"@type\":\"ImageObject\",\"inLanguage\":\"it-IT\",\"@id\":\"https:\/\/chemuza.org\/it\/#\/schema\/logo\/image\/\",\"url\":\"https:\/\/chemuza.org\/it\/wp-content\/uploads\/2023\/10\/chemuza-logo.png\",\"contentUrl\":\"https:\/\/chemuza.org\/it\/wp-content\/uploads\/2023\/10\/chemuza-logo.png\",\"width\":387,\"height\":70,\"caption\":\"Chemuza\"},\"image\":{\"@id\":\"https:\/\/chemuza.org\/it\/#\/schema\/logo\/image\/\"}}]}<\/script>\n<!-- \/ Yoast SEO plugin. -->","yoast_head_json":{"title":"Germanio - Chemuza","robots":{"index":"index","follow":"follow","max-snippet":"max-snippet:-1","max-image-preview":"max-image-preview:large","max-video-preview":"max-video-preview:-1"},"canonical":"https:\/\/chemuza.org\/it\/germanio\/","og_locale":"it_IT","og_type":"article","og_title":"Germanio - Chemuza","og_description":"Il germanio \u00e8 distribuito nella crosta terrestre ad una velocit\u00e0 di 6,7 ppm o parti per milione. \u00c8 comune vederlo sotto forma di solfuri o nei minerali di piombo, rame e zinco in alcune parti dell&#8217;Europa e del Nord America. Si distingue perch\u00e9 \u00e8 un metallo semiconduttore con diverse applicazioni nell&#8217;industria. Quindi conosci questo metalloide ... Per saperne di pi\u00f9","og_url":"https:\/\/chemuza.org\/it\/germanio\/","og_site_name":"Chemuza","twitter_card":"summary_large_image","twitter_misc":{"Tempo di lettura stimato":"4 minuti"},"schema":{"@context":"https:\/\/schema.org","@graph":[{"@type":"WebPage","@id":"https:\/\/chemuza.org\/it\/germanio\/","url":"https:\/\/chemuza.org\/it\/germanio\/","name":"Germanio - Chemuza","isPartOf":{"@id":"https:\/\/chemuza.org\/it\/#website"},"datePublished":"2023-07-14T13:58:51+00:00","dateModified":"2023-07-14T13:58:51+00:00","breadcrumb":{"@id":"https:\/\/chemuza.org\/it\/germanio\/#breadcrumb"},"inLanguage":"it-IT","potentialAction":[{"@type":"ReadAction","target":["https:\/\/chemuza.org\/it\/germanio\/"]}]},{"@type":"BreadcrumbList","@id":"https:\/\/chemuza.org\/it\/germanio\/#breadcrumb","itemListElement":[{"@type":"ListItem","position":1,"name":"Casa","item":"https:\/\/chemuza.org\/it\/"},{"@type":"ListItem","position":2,"name":"Germanio"}]},{"@type":"WebSite","@id":"https:\/\/chemuza.org\/it\/#website","url":"https:\/\/chemuza.org\/it\/","name":"Chemuza","description":"La tua porta d&#039;accesso alla scoperta chimica!","publisher":{"@id":"https:\/\/chemuza.org\/it\/#organization"},"potentialAction":[{"@type":"SearchAction","target":{"@type":"EntryPoint","urlTemplate":"https:\/\/chemuza.org\/it\/?s={search_term_string}"},"query-input":"required name=search_term_string"}],"inLanguage":"it-IT"},{"@type":"Organization","@id":"https:\/\/chemuza.org\/it\/#organization","name":"Chemuza","url":"https:\/\/chemuza.org\/it\/","logo":{"@type":"ImageObject","inLanguage":"it-IT","@id":"https:\/\/chemuza.org\/it\/#\/schema\/logo\/image\/","url":"https:\/\/chemuza.org\/it\/wp-content\/uploads\/2023\/10\/chemuza-logo.png","contentUrl":"https:\/\/chemuza.org\/it\/wp-content\/uploads\/2023\/10\/chemuza-logo.png","width":387,"height":70,"caption":"Chemuza"},"image":{"@id":"https:\/\/chemuza.org\/it\/#\/schema\/logo\/image\/"}}]}},"yoast_meta":{"yoast_wpseo_title":"","yoast_wpseo_metadesc":"","yoast_wpseo_canonical":""},"_links":{"self":[{"href":"https:\/\/chemuza.org\/it\/wp-json\/wp\/v2\/pages\/1472"}],"collection":[{"href":"https:\/\/chemuza.org\/it\/wp-json\/wp\/v2\/pages"}],"about":[{"href":"https:\/\/chemuza.org\/it\/wp-json\/wp\/v2\/types\/page"}],"author":[{"embeddable":true,"href":"https:\/\/chemuza.org\/it\/wp-json\/wp\/v2\/users\/1"}],"replies":[{"embeddable":true,"href":"https:\/\/chemuza.org\/it\/wp-json\/wp\/v2\/comments?post=1472"}],"version-history":[{"count":0,"href":"https:\/\/chemuza.org\/it\/wp-json\/wp\/v2\/pages\/1472\/revisions"}],"wp:attachment":[{"href":"https:\/\/chemuza.org\/it\/wp-json\/wp\/v2\/media?parent=1472"}],"curies":[{"name":"wp","href":"https:\/\/api.w.org\/{rel}","templated":true}]}}