{"id":1470,"date":"2023-07-14T14:44:08","date_gmt":"2023-07-14T14:44:08","guid":{"rendered":"https:\/\/chemuza.org\/it\/molibdeno\/"},"modified":"2023-07-14T14:44:08","modified_gmt":"2023-07-14T14:44:08","slug":"molibdeno","status":"publish","type":"page","link":"https:\/\/chemuza.org\/it\/molibdeno\/","title":{"rendered":"Molibdeno"},"content":{"rendered":"<p>Essendo un elemento chimico di transizione, \u00e8 unico nel riconoscere il suo ruolo importante per gli esseri viventi. Inoltre, viene solitamente utilizzato per le leghe, carpenteria, nell&#8217;industria automobilistica e aeronautica. Scopri cos&#8217;\u00e8 il molibdeno, quali sono le sue propriet\u00e0 e le sue applicazioni generali.<\/p>\n<h2> <strong>Cos&#8217;\u00e8 il molibdeno?<\/strong><\/h2>\n<p> \u00c8 un elemento chimico che fa parte della serie dei metalli di transizione. Ha un colore argento, caratteristiche chimiche simili al Cromo, durezza e un alto livello energetico. Inoltre, ha propriet\u00e0 magnetiche, buona conduttivit\u00e0 e resistenza alla corrosione. \u00c8 un metallo molto abbondante sul pianeta Terra, tuttavia non si trova mai allo stato puro.<\/p>\n<h3> <strong>Simbolo del molibdeno<\/strong><\/h3>\n<p> <span class=\"content-chemical-element\" style=\"float: left;width: 65px;height: 65px;border: 3px solid #666; display:flex;\n    justify-content: center;align-items: center;margin-right: 15px;\"><span style=\"font-size: 38px;\">Mo<\/span><\/span> Dal latino <em>molybdaena<\/em> , termine per minerali composti di piombo. A sua volta questa espressione deriva dal greco <em>molybdaina<\/em> , che deriva dalla parola <em>molybdos<\/em> che significa, <em>come il piombo<\/em> . Riceve questa etimologia perch\u00e9 nei tempi antichi i minerali che contenevano l&#8217;elemento molibdeno venivano confusi con i minerali del piombo.<\/p>\n<h2> <strong>Caratteristiche del molibdeno<\/strong><\/h2>\n<p> Presenta buona durabilit\u00e0, malleabilit\u00e0, resistenza alla trazione, elevata energia di legame nonch\u00e9 eccellente conduzione termica ed elettrica. Considerato un metallo refrattario, poich\u00e9 il suo punto di fusione \u00e8 superiore a quello del platino. D&#8217;altra parte ha 54 neutroni, 42 protoni e 42 elettroni. Guarda le altre caratteristiche dell&#8217;articolo:<\/p>\n<ul>\n<li> <strong>Reattivit\u00e0 chimica<\/strong> : Non reagisce con l&#8217;acqua o l&#8217;ossigeno a 20\u00b0C e forma legami quadrupli.<\/li>\n<li> <strong>Fusione<\/strong> : Ha il sesto punto di fusione pi\u00f9 alto tra tutti gli elementi chimici.<\/li>\n<li> <strong>Stato<\/strong> : In natura si trova allo stato solido.<\/li>\n<li> <strong>Struttura cristallina<\/strong> : a pressione atmosferica, i suoi atomi acquisiscono un sistema cristallino cubico centrato, ma a pressioni pi\u00f9 elevate si compatta in strutture pi\u00f9 dense.<\/li>\n<li> <strong>Caratteristiche organolettiche<\/strong> : Ha colore argenteo-biancastro grigiastro, consistenza liscia ed inodore.<\/li>\n<li> <strong>Temperatura<\/strong> : Resiste alle alte temperature e ha una bassa pressione di vapore.<\/li>\n<li> <strong>Ossidazione<\/strong> : Non si ossida a temperatura ambiente, ma lo fa rapidamente a temperature superiori a 600\u00baC.<\/li>\n<li> <strong>Solubilit\u00e0 in acqua<\/strong> : ha una bassa solubilit\u00e0 in acqua sebbene il suo ione MoO <sub>4<\/sub> <sup>-2<\/sup> sia solubile.<\/li>\n<li> <strong>Resistenza alla corrosione<\/strong> : A temperatura ambiente e fino a 400\u00b0 C riesce a mantenere la sua composizione stabile e resiste all&#8217;acido cloridrico.<\/li>\n<li> <strong>Volume<\/strong> : Presenta dilatazione termica o dilatazione con coefficiente inferiore a 5,04 x 10-6 (1\/K).<\/li>\n<\/ul>\n<h2> <strong>Propriet\u00e0 chimiche e fisiche del molibdeno<\/strong><\/h2>\n<ol>\n<li> <strong>Numero atomico<\/strong> : 42<\/li>\n<li> <strong>Densit\u00e0 (g\/ml)<\/strong> : 10280 kg\/m\u00b3<\/li>\n<li> <strong>Raggio covalente (\u00c5)<\/strong> : 154 pm<\/li>\n<li> <strong>Entalpia di fusione<\/strong> : 32 kJ\/mol<\/li>\n<li> <strong>Elettronegativit\u00e0<\/strong> : 2.16<\/li>\n<li> <strong>Calore specifico<\/strong> : 250 J\/(K-kg)<\/li>\n<li> <strong>Massa atomica (g\/mol)<\/strong> : 95,94<\/li>\n<li> <strong>Durezza<\/strong> : 5,5 (scala Mohs)<\/li>\n<li> <strong>Punto di ebollizione<\/strong> : 4639\u00b0C (4912K)<\/li>\n<li> <strong>Ruggine<\/strong> :<strong> <\/strong>acido forte<\/li>\n<li> <strong>Raggio atomico (\u00c5)<\/strong> : 190 pm<\/li>\n<li> <strong>Punto di fusione<\/strong> : 2623\u00b0C (2896K)<\/li>\n<li> <strong>Configurazione elettronica<\/strong> : [Kr]4d <sup>5<\/sup> 5s <sup>1<\/sup><\/li>\n<li> <strong>Stati di ossidazione<\/strong> : 2, 3, 4, 5, 6<\/li>\n<li> <strong>Entalpia di vaporizzazione<\/strong> : 598 kJ\/mol<\/li>\n<li> <strong>Potenziale di prima ionizzazione (eV)<\/strong> : 684,3 kJ\/mol<\/li>\n<li> <strong>Elettroni per livello<\/strong> : 2, 8, 18, 13, 1<\/li>\n<\/ol>\n<h2> <strong>Origine del molibdeno<\/strong><\/h2>\n<p> Viene attribuito al chimico svedese Carl Wilhelm Scheele nel 1778, quando fece reagire il minerale molibdenite con acido nitrico fino ad ottenere una miscela dalle propriet\u00e0 acide. Il composto risultante fu denominato <em>acidum<\/em> <em>molybdenae<\/em> , perch\u00e9 fino al XVIII secolo l&#8217;elemento si trovava solo nel carbone o nel piombo.<\/p>\n<p> Poi, quattro anni dopo la sua scoperta, nel 1782, il chimico Peter Jacob Hjelm si dedic\u00f2 ad isolarlo riducendo il composto precedente con Carbonio. Tuttavia, le propriet\u00e0 del molibdeno videro un maggiore utilizzo commerciale e industriale a partire dal XIX secolo, ad esempio come agente isolante.<\/p>\n<h2> <strong>A cosa serve il molibdeno?<\/strong><\/h2>\n<p> La sua applicazione \u00e8 comune nella produzione di cavi elettrici, grazie alla sua elevata resistenza, perfetta conduttivit\u00e0 e propriet\u00e0 meccaniche. Allo stesso modo, l\u2019industria petrolifera sfrutta i suoi composti per utilizzarli come catalizzatore per determinati processi. Scopri altri usi di questo metallo:<\/p>\n<ul>\n<li> Una delle principali funzioni del molibdeno \u00e8 nelle sue leghe, che vengono utilizzate nella costruzione di parti meccaniche e resistono al passare del tempo in attivit\u00e0 soggette ad usura o in ambienti corrosivi.<\/li>\n<li> Viene utilizzato nell&#8217;industria automobilistica per la produzione di parti di motori.<\/li>\n<li> Nelle costruzioni civili come additivo al calcestruzzo per resistere agli effetti dello zolfo.<\/li>\n<li> Viene utilizzato per creare pigmenti nella produzione di coloranti, vernici, coloranti e composti di gomma.<\/li>\n<li> Il bisolfuro di molibdeno viene utilizzato come lubrificante per i motori.<\/li>\n<li> Le leghe utilizzate per produrre l&#8217;acciaio inossidabile utilizzano circa il 6% dell&#8217;elemento.<\/li>\n<\/ul>\n<h2> <strong>Composti del molibdeno<\/strong><\/h2>\n<p> I principali composti che formano questo elemento chimico sono solfuri, ossidi e complessi. Tra questi, i pi\u00f9 utilizzati sono l&#8217;ossido di molibdeno (VI), il disolfuro di molibdeno e il triossido di molibdeno. Allo stesso modo, carburo di molibdeno e cloruro di molibdeno (II).<\/p>\n<p> In conclusione, il Molibdeno appartiene ai metalli di transizione e si caratterizza per il suo colore grigio argenteo, la sua durezza, la sua resistenza alla corrosione, la sua conduzione termica ed elettrica. Inoltre, ha una buona malleabilit\u00e0, difficile ossidazione e solubilit\u00e0 in acqua.<\/p>\n","protected":false},"excerpt":{"rendered":"<p>Essendo un elemento chimico di transizione, \u00e8 unico nel riconoscere il suo ruolo importante per gli esseri viventi. Inoltre, viene solitamente utilizzato per le leghe, carpenteria, nell&#8217;industria automobilistica e aeronautica. Scopri cos&#8217;\u00e8 il molibdeno, quali sono le sue propriet\u00e0 e le sue applicazioni generali. Cos&#8217;\u00e8 il molibdeno? \u00c8 un elemento chimico che fa parte della &#8230; <a title=\"Molibdeno\" class=\"read-more\" href=\"https:\/\/chemuza.org\/it\/molibdeno\/\" aria-label=\"More on Molibdeno\">Per saperne di pi\u00f9<\/a><\/p>\n","protected":false},"author":1,"featured_media":0,"parent":0,"menu_order":0,"comment_status":"closed","ping_status":"closed","template":"","meta":{"footnotes":""},"yoast_head":"<!-- This site is optimized with the Yoast SEO plugin v21.4 - https:\/\/yoast.com\/wordpress\/plugins\/seo\/ -->\n<title>Molibdeno - Chemuza<\/title>\n<meta name=\"robots\" content=\"index, follow, max-snippet:-1, max-image-preview:large, max-video-preview:-1\" \/>\n<link rel=\"canonical\" href=\"https:\/\/chemuza.org\/it\/molibdeno\/\" \/>\n<meta property=\"og:locale\" content=\"it_IT\" \/>\n<meta property=\"og:type\" content=\"article\" \/>\n<meta property=\"og:title\" content=\"Molibdeno - Chemuza\" \/>\n<meta property=\"og:description\" content=\"Essendo un elemento chimico di transizione, \u00e8 unico nel riconoscere il suo ruolo importante per gli esseri viventi. Inoltre, viene solitamente utilizzato per le leghe, carpenteria, nell&#8217;industria automobilistica e aeronautica. Scopri cos&#8217;\u00e8 il molibdeno, quali sono le sue propriet\u00e0 e le sue applicazioni generali. Cos&#8217;\u00e8 il molibdeno? \u00c8 un elemento chimico che fa parte della ... Per saperne di pi\u00f9\" \/>\n<meta property=\"og:url\" content=\"https:\/\/chemuza.org\/it\/molibdeno\/\" \/>\n<meta property=\"og:site_name\" content=\"Chemuza\" \/>\n<meta name=\"twitter:card\" content=\"summary_large_image\" \/>\n<meta name=\"twitter:label1\" content=\"Tempo di lettura stimato\" \/>\n\t<meta name=\"twitter:data1\" content=\"4 minuti\" \/>\n<script type=\"application\/ld+json\" class=\"yoast-schema-graph\">{\"@context\":\"https:\/\/schema.org\",\"@graph\":[{\"@type\":\"WebPage\",\"@id\":\"https:\/\/chemuza.org\/it\/molibdeno\/\",\"url\":\"https:\/\/chemuza.org\/it\/molibdeno\/\",\"name\":\"Molibdeno - Chemuza\",\"isPartOf\":{\"@id\":\"https:\/\/chemuza.org\/it\/#website\"},\"datePublished\":\"2023-07-14T14:44:08+00:00\",\"dateModified\":\"2023-07-14T14:44:08+00:00\",\"breadcrumb\":{\"@id\":\"https:\/\/chemuza.org\/it\/molibdeno\/#breadcrumb\"},\"inLanguage\":\"it-IT\",\"potentialAction\":[{\"@type\":\"ReadAction\",\"target\":[\"https:\/\/chemuza.org\/it\/molibdeno\/\"]}]},{\"@type\":\"BreadcrumbList\",\"@id\":\"https:\/\/chemuza.org\/it\/molibdeno\/#breadcrumb\",\"itemListElement\":[{\"@type\":\"ListItem\",\"position\":1,\"name\":\"Casa\",\"item\":\"https:\/\/chemuza.org\/it\/\"},{\"@type\":\"ListItem\",\"position\":2,\"name\":\"Molibdeno\"}]},{\"@type\":\"WebSite\",\"@id\":\"https:\/\/chemuza.org\/it\/#website\",\"url\":\"https:\/\/chemuza.org\/it\/\",\"name\":\"Chemuza\",\"description\":\"La tua porta d&#039;accesso alla scoperta chimica!\",\"publisher\":{\"@id\":\"https:\/\/chemuza.org\/it\/#organization\"},\"potentialAction\":[{\"@type\":\"SearchAction\",\"target\":{\"@type\":\"EntryPoint\",\"urlTemplate\":\"https:\/\/chemuza.org\/it\/?s={search_term_string}\"},\"query-input\":\"required name=search_term_string\"}],\"inLanguage\":\"it-IT\"},{\"@type\":\"Organization\",\"@id\":\"https:\/\/chemuza.org\/it\/#organization\",\"name\":\"Chemuza\",\"url\":\"https:\/\/chemuza.org\/it\/\",\"logo\":{\"@type\":\"ImageObject\",\"inLanguage\":\"it-IT\",\"@id\":\"https:\/\/chemuza.org\/it\/#\/schema\/logo\/image\/\",\"url\":\"https:\/\/chemuza.org\/it\/wp-content\/uploads\/2023\/10\/chemuza-logo.png\",\"contentUrl\":\"https:\/\/chemuza.org\/it\/wp-content\/uploads\/2023\/10\/chemuza-logo.png\",\"width\":387,\"height\":70,\"caption\":\"Chemuza\"},\"image\":{\"@id\":\"https:\/\/chemuza.org\/it\/#\/schema\/logo\/image\/\"}}]}<\/script>\n<!-- \/ Yoast SEO plugin. -->","yoast_head_json":{"title":"Molibdeno - Chemuza","robots":{"index":"index","follow":"follow","max-snippet":"max-snippet:-1","max-image-preview":"max-image-preview:large","max-video-preview":"max-video-preview:-1"},"canonical":"https:\/\/chemuza.org\/it\/molibdeno\/","og_locale":"it_IT","og_type":"article","og_title":"Molibdeno - Chemuza","og_description":"Essendo un elemento chimico di transizione, \u00e8 unico nel riconoscere il suo ruolo importante per gli esseri viventi. Inoltre, viene solitamente utilizzato per le leghe, carpenteria, nell&#8217;industria automobilistica e aeronautica. Scopri cos&#8217;\u00e8 il molibdeno, quali sono le sue propriet\u00e0 e le sue applicazioni generali. Cos&#8217;\u00e8 il molibdeno? \u00c8 un elemento chimico che fa parte della ... Per saperne di pi\u00f9","og_url":"https:\/\/chemuza.org\/it\/molibdeno\/","og_site_name":"Chemuza","twitter_card":"summary_large_image","twitter_misc":{"Tempo di lettura stimato":"4 minuti"},"schema":{"@context":"https:\/\/schema.org","@graph":[{"@type":"WebPage","@id":"https:\/\/chemuza.org\/it\/molibdeno\/","url":"https:\/\/chemuza.org\/it\/molibdeno\/","name":"Molibdeno - Chemuza","isPartOf":{"@id":"https:\/\/chemuza.org\/it\/#website"},"datePublished":"2023-07-14T14:44:08+00:00","dateModified":"2023-07-14T14:44:08+00:00","breadcrumb":{"@id":"https:\/\/chemuza.org\/it\/molibdeno\/#breadcrumb"},"inLanguage":"it-IT","potentialAction":[{"@type":"ReadAction","target":["https:\/\/chemuza.org\/it\/molibdeno\/"]}]},{"@type":"BreadcrumbList","@id":"https:\/\/chemuza.org\/it\/molibdeno\/#breadcrumb","itemListElement":[{"@type":"ListItem","position":1,"name":"Casa","item":"https:\/\/chemuza.org\/it\/"},{"@type":"ListItem","position":2,"name":"Molibdeno"}]},{"@type":"WebSite","@id":"https:\/\/chemuza.org\/it\/#website","url":"https:\/\/chemuza.org\/it\/","name":"Chemuza","description":"La tua porta d&#039;accesso alla scoperta chimica!","publisher":{"@id":"https:\/\/chemuza.org\/it\/#organization"},"potentialAction":[{"@type":"SearchAction","target":{"@type":"EntryPoint","urlTemplate":"https:\/\/chemuza.org\/it\/?s={search_term_string}"},"query-input":"required name=search_term_string"}],"inLanguage":"it-IT"},{"@type":"Organization","@id":"https:\/\/chemuza.org\/it\/#organization","name":"Chemuza","url":"https:\/\/chemuza.org\/it\/","logo":{"@type":"ImageObject","inLanguage":"it-IT","@id":"https:\/\/chemuza.org\/it\/#\/schema\/logo\/image\/","url":"https:\/\/chemuza.org\/it\/wp-content\/uploads\/2023\/10\/chemuza-logo.png","contentUrl":"https:\/\/chemuza.org\/it\/wp-content\/uploads\/2023\/10\/chemuza-logo.png","width":387,"height":70,"caption":"Chemuza"},"image":{"@id":"https:\/\/chemuza.org\/it\/#\/schema\/logo\/image\/"}}]}},"yoast_meta":{"yoast_wpseo_title":"","yoast_wpseo_metadesc":"","yoast_wpseo_canonical":""},"_links":{"self":[{"href":"https:\/\/chemuza.org\/it\/wp-json\/wp\/v2\/pages\/1470"}],"collection":[{"href":"https:\/\/chemuza.org\/it\/wp-json\/wp\/v2\/pages"}],"about":[{"href":"https:\/\/chemuza.org\/it\/wp-json\/wp\/v2\/types\/page"}],"author":[{"embeddable":true,"href":"https:\/\/chemuza.org\/it\/wp-json\/wp\/v2\/users\/1"}],"replies":[{"embeddable":true,"href":"https:\/\/chemuza.org\/it\/wp-json\/wp\/v2\/comments?post=1470"}],"version-history":[{"count":0,"href":"https:\/\/chemuza.org\/it\/wp-json\/wp\/v2\/pages\/1470\/revisions"}],"wp:attachment":[{"href":"https:\/\/chemuza.org\/it\/wp-json\/wp\/v2\/media?parent=1470"}],"curies":[{"name":"wp","href":"https:\/\/api.w.org\/{rel}","templated":true}]}}