{"id":1469,"date":"2023-07-14T15:02:53","date_gmt":"2023-07-14T15:02:53","guid":{"rendered":"https:\/\/chemuza.org\/it\/zirconio\/"},"modified":"2023-07-14T15:02:53","modified_gmt":"2023-07-14T15:02:53","slug":"zirconio","status":"publish","type":"page","link":"https:\/\/chemuza.org\/it\/zirconio\/","title":{"rendered":"Zirconio"},"content":{"rendered":"<p>Lo zirconio \u00e8 un metallo presente nelle rocce silicee come il granito, \u00e8 stato rilevato anche nei meteoriti, nel sole e in alcune stelle di tipo S. Inoltre, \u00e8 disponibile in circa 140 minerali, come Eudialite, Baddeleyite e Kosnarite. Scopri poi la sua origine, le sue caratteristiche e il suo utilizzo attuale.<\/p>\n<h2> <strong>Cos&#8217;\u00e8 lo zirconio?<\/strong><\/h2>\n<p> \u00c8 un metallo di transizione bianco-grigiastro, lucido, resistente alla corrosione, duro e simile nell&#8217;aspetto all&#8217;acciaio. Nella tavola periodica lo vedrai sopra l&#8217;afnio e sotto il titanio. Ha 4 isotopi stabili e 1 radioisotopo a lunga emivita. A causa della sua natura piroforica pu\u00f2 facilmente prendere fuoco. Tuttavia non \u00e8 tossico e non \u00e8 considerato dannoso per l\u2019ambiente.<\/p>\n<h3> <strong>Simbolo dello zirconio<\/strong><\/h3>\n<p> Il tipo metallico <span class=\"content-chemical-element\" style=\"float: left;width: 65px;height: 65px;border: 3px solid #666; display:flex;\n    justify-content: center;align-items: center;margin-right: 15px;\"><span style=\"font-size: 38px;\">Zr<\/span><\/span> appartiene al gruppo 4, con numero atomico 40 e peso atomico 91,224. I suoi composti pi\u00f9 comuni sono il carburo di zirconio, l&#8217;ossido di zirconio, il cloruro di zirconio, lo zirconio e lo ioduro di zirconio.<\/p>\n<h2> <strong>Caratteristiche dello zirconio<\/strong><\/h2>\n<p> Questo metallo di transizione forma uno strato di ossido sottile, compatto e inerte. Resiste alla corrosione di acidi, alcali e acqua salata, tra gli altri. Le leghe con zinco diventano magnetiche al di sotto di 35 K. Scopri di pi\u00f9 sulle loro particolarit\u00e0:<\/p>\n<ul>\n<li> <strong>Reattivit\u00e0 chimica<\/strong> : \u00c8 molto reattivo alle alte temperature.<\/li>\n<\/ul>\n<ul>\n<li> <strong>Malleabilit\u00e0<\/strong> : \u00e8 duttile e lavorabile, motivo per cui \u00e8 facile da forgiare e laminare.<\/li>\n<li> <strong>Conduttivit\u00e0 elettrica:<\/strong> \u00e8 rara, poich\u00e9 raggiunge solo il 4%, ma \u00e8 un buon conduttore termico.<\/li>\n<li> <strong>Punti di fusione ed ebollizione<\/strong> : Sono leggermente superiori a quelli del Titanio.<\/li>\n<li> <strong>Variazioni<\/strong> : Alle basse temperature la sua struttura \u00e8 esagonale compatta.<\/li>\n<li> <strong>Condizione<\/strong> : solido.<\/li>\n<\/ul>\n<h2> <strong>Propriet\u00e0 chimiche e fisiche dello Zirconio<\/strong><\/h2>\n<ol>\n<li> <strong>Numero atomico<\/strong> : 40<\/li>\n<li> <strong>Raggio covalente (\u00c5):<\/strong> 148 pm<\/li>\n<li> <strong>Raggio medio:<\/strong> 155 ore<\/li>\n<li> <strong>Raggio atomico:<\/strong> 206 pm<\/li>\n<li> <strong>Elettronegativit\u00e0:<\/strong> 1,33<\/li>\n<li> <strong>Densit\u00e0:<\/strong> 6,501 g\/ <sup>cm3<\/sup><\/li>\n<li> <strong>Entalpia di fusione:<\/strong> 16,9 Kj\/mol<\/li>\n<li> <strong>Punto di fusione:<\/strong> 2128K<\/li>\n<li> <strong>Configurazione elettronica:<\/strong> [Kr36] 4d <sup>2<\/sup> 5s <sup>2<\/sup><\/li>\n<li> <strong>Struttura del cristallo:<\/strong> esagonale<\/li>\n<li> <strong>Conduttivit\u00e0 elettrica:<\/strong> 2,36 10 <sup>6<\/sup> S\/m<\/li>\n<li> <strong>Entalpia di vaporizzazione:<\/strong> 58,2 kJ\/mol<\/li>\n<li> <strong>Punto di ebollizione:<\/strong> 4644K<\/li>\n<li> <strong>Velocit\u00e0 del suono:<\/strong> 3800 m\/s a 293,15 K<\/li>\n<li> <strong>Pressione di vapore:<\/strong> 0,00168 Pa a 2125 K<\/li>\n<\/ol>\n<h2> <strong>Origine dello zirconio<\/strong><\/h2>\n<p> Il nome Zirconio deriva dalla parola persiana zarg\u00fan, che significa colore dorato. Questo si estrae da una pietra chiamata zircone o, come viene anche chiamato, giacinto o jerg\u00f3n. Fu scoperto nel 1789 dal chimico tedesco Martin Heinrich Klaproth da due pietre conosciute nell&#8217;antichit\u00e0 chiamate Zircone e Baddeleyite. La scoperta \u00e8 avvenuta durante l&#8217;esame di un vaso proveniente da Ceylon, nell&#8217;Oceano Indiano, e il nuovo elemento \u00e8 stato chiamato Zirconia.<\/p>\n<p> Pi\u00f9 tardi, nel 1824, un chimico svedese di nome Jons Jakov Berzelius inizi\u00f2 a isolarlo allo stato impuro con fluoruro di potassio ridotto e zirconio. Quindi mescol\u00f2 fluoruro di potassio, zirconio e potassio e li scald\u00f2 in un tubo di ferro. Dopo averlo trattato con acqua, essiccato e riscaldato in acido cloridrico diluito, si ottiene una polvere simile al carbone.<\/p>\n<h2> <strong>A cosa serve lo Zirconio?<\/strong><\/h2>\n<p> Leghe speciali contenenti l&#8217;1,5% di stagno vengono utilizzate come materiale strutturale e rivestimento del combustibile nei reattori nucleari. Viene anche utilizzato per realizzare porcellana, acciaio e refrattari. Scopri anche altre applicazioni:<\/p>\n<h3> <strong>Medicinale<\/strong><\/h3>\n<p> La lega con altri elementi serve ad aumentare la resistenza all&#8217;usura dei denti. Inoltre, vengono utilizzati per ripristinare i denti, comprese le faccette in zirconio. Lozioni e creme sono a base di carbonato di zirconio, che neutralizza i sintomi causati dal contatto con l&#8217;edera velenosa.<\/p>\n<h3> <strong>Costruzione<\/strong><\/h3>\n<p> Produciamo materiali refrattari, porcellana, bulloneria, che hanno le caratteristiche di resistere alle forze di trazione e all&#8217;usura.<\/p>\n<h3> <strong>Tecnologia<\/strong><\/h3>\n<p> \u00c8 utile per rivestire i tubi delle centrali nucleari perch\u00e9 non assorbe neutroni. Inoltre, viene utilizzato insieme ad altri elementi nello sviluppo di magneti superconduttori essenziali per il funzionamento degli acceleratori di particelle e delle apparecchiature per eseguire risonanze. L&#8217;ossido di zirconio ha la capacit\u00e0 di resistere alle alte temperature e non si deforma n\u00e9 si usura. Per questo motivo viene utilizzato nella produzione di filtri per microonde, ceramiche e rivestimenti per forni.<\/p>\n<h3> <strong>Vita di ogni giorno<\/strong><\/h3>\n<p> Data la sua resistenza, viene utilizzato per realizzare forbici e coltelli molto particolari che non perdono la loro affilatura nel corso degli anni. Infatti, grazie alle sue propriet\u00e0 antimicrobiche, viene utilizzato per confezionare gli alimenti deperibili, in modo da mantenerli freschi pi\u00f9 a lungo. Anche la zirconia cubica \u00e8 una pietra preziosa artificiale chiamata zircone e imita il diamante. Ha un grande fascino visivo e un alto livello di rifrazione.<\/p>\n<p> Infine, sebbene lo Zirconio non si trovi naturalmente in natura, poich\u00e9 fa parte di vari minerali. Inoltre, tutte le sue leghe sono benefiche, sia in medicina, nell&#8217;industria che nella vita quotidiana.<\/p>\n","protected":false},"excerpt":{"rendered":"<p>Lo zirconio \u00e8 un metallo presente nelle rocce silicee come il granito, \u00e8 stato rilevato anche nei meteoriti, nel sole e in alcune stelle di tipo S. Inoltre, \u00e8 disponibile in circa 140 minerali, come Eudialite, Baddeleyite e Kosnarite. Scopri poi la sua origine, le sue caratteristiche e il suo utilizzo attuale. Cos&#8217;\u00e8 lo zirconio? &#8230; <a title=\"Zirconio\" class=\"read-more\" href=\"https:\/\/chemuza.org\/it\/zirconio\/\" aria-label=\"More on Zirconio\">Per saperne di pi\u00f9<\/a><\/p>\n","protected":false},"author":1,"featured_media":0,"parent":0,"menu_order":0,"comment_status":"closed","ping_status":"closed","template":"","meta":{"footnotes":""},"yoast_head":"<!-- This site is optimized with the Yoast SEO plugin v21.4 - https:\/\/yoast.com\/wordpress\/plugins\/seo\/ -->\n<title>Zirconio - Chemuza<\/title>\n<meta name=\"robots\" content=\"index, follow, max-snippet:-1, max-image-preview:large, max-video-preview:-1\" \/>\n<link rel=\"canonical\" href=\"https:\/\/chemuza.org\/it\/zirconio\/\" \/>\n<meta property=\"og:locale\" content=\"it_IT\" \/>\n<meta property=\"og:type\" content=\"article\" \/>\n<meta property=\"og:title\" content=\"Zirconio - Chemuza\" \/>\n<meta property=\"og:description\" content=\"Lo zirconio \u00e8 un metallo presente nelle rocce silicee come il granito, \u00e8 stato rilevato anche nei meteoriti, nel sole e in alcune stelle di tipo S. Inoltre, \u00e8 disponibile in circa 140 minerali, come Eudialite, Baddeleyite e Kosnarite. Scopri poi la sua origine, le sue caratteristiche e il suo utilizzo attuale. Cos&#8217;\u00e8 lo zirconio? ... Per saperne di pi\u00f9\" \/>\n<meta property=\"og:url\" content=\"https:\/\/chemuza.org\/it\/zirconio\/\" \/>\n<meta property=\"og:site_name\" content=\"Chemuza\" \/>\n<meta name=\"twitter:card\" content=\"summary_large_image\" \/>\n<meta name=\"twitter:label1\" content=\"Tempo di lettura stimato\" \/>\n\t<meta name=\"twitter:data1\" content=\"4 minuti\" \/>\n<script type=\"application\/ld+json\" class=\"yoast-schema-graph\">{\"@context\":\"https:\/\/schema.org\",\"@graph\":[{\"@type\":\"WebPage\",\"@id\":\"https:\/\/chemuza.org\/it\/zirconio\/\",\"url\":\"https:\/\/chemuza.org\/it\/zirconio\/\",\"name\":\"Zirconio - Chemuza\",\"isPartOf\":{\"@id\":\"https:\/\/chemuza.org\/it\/#website\"},\"datePublished\":\"2023-07-14T15:02:53+00:00\",\"dateModified\":\"2023-07-14T15:02:53+00:00\",\"breadcrumb\":{\"@id\":\"https:\/\/chemuza.org\/it\/zirconio\/#breadcrumb\"},\"inLanguage\":\"it-IT\",\"potentialAction\":[{\"@type\":\"ReadAction\",\"target\":[\"https:\/\/chemuza.org\/it\/zirconio\/\"]}]},{\"@type\":\"BreadcrumbList\",\"@id\":\"https:\/\/chemuza.org\/it\/zirconio\/#breadcrumb\",\"itemListElement\":[{\"@type\":\"ListItem\",\"position\":1,\"name\":\"Casa\",\"item\":\"https:\/\/chemuza.org\/it\/\"},{\"@type\":\"ListItem\",\"position\":2,\"name\":\"Zirconio\"}]},{\"@type\":\"WebSite\",\"@id\":\"https:\/\/chemuza.org\/it\/#website\",\"url\":\"https:\/\/chemuza.org\/it\/\",\"name\":\"Chemuza\",\"description\":\"La tua porta d&#039;accesso alla scoperta chimica!\",\"publisher\":{\"@id\":\"https:\/\/chemuza.org\/it\/#organization\"},\"potentialAction\":[{\"@type\":\"SearchAction\",\"target\":{\"@type\":\"EntryPoint\",\"urlTemplate\":\"https:\/\/chemuza.org\/it\/?s={search_term_string}\"},\"query-input\":\"required name=search_term_string\"}],\"inLanguage\":\"it-IT\"},{\"@type\":\"Organization\",\"@id\":\"https:\/\/chemuza.org\/it\/#organization\",\"name\":\"Chemuza\",\"url\":\"https:\/\/chemuza.org\/it\/\",\"logo\":{\"@type\":\"ImageObject\",\"inLanguage\":\"it-IT\",\"@id\":\"https:\/\/chemuza.org\/it\/#\/schema\/logo\/image\/\",\"url\":\"https:\/\/chemuza.org\/it\/wp-content\/uploads\/2023\/10\/chemuza-logo.png\",\"contentUrl\":\"https:\/\/chemuza.org\/it\/wp-content\/uploads\/2023\/10\/chemuza-logo.png\",\"width\":387,\"height\":70,\"caption\":\"Chemuza\"},\"image\":{\"@id\":\"https:\/\/chemuza.org\/it\/#\/schema\/logo\/image\/\"}}]}<\/script>\n<!-- \/ Yoast SEO plugin. -->","yoast_head_json":{"title":"Zirconio - Chemuza","robots":{"index":"index","follow":"follow","max-snippet":"max-snippet:-1","max-image-preview":"max-image-preview:large","max-video-preview":"max-video-preview:-1"},"canonical":"https:\/\/chemuza.org\/it\/zirconio\/","og_locale":"it_IT","og_type":"article","og_title":"Zirconio - Chemuza","og_description":"Lo zirconio \u00e8 un metallo presente nelle rocce silicee come il granito, \u00e8 stato rilevato anche nei meteoriti, nel sole e in alcune stelle di tipo S. Inoltre, \u00e8 disponibile in circa 140 minerali, come Eudialite, Baddeleyite e Kosnarite. Scopri poi la sua origine, le sue caratteristiche e il suo utilizzo attuale. Cos&#8217;\u00e8 lo zirconio? ... Per saperne di pi\u00f9","og_url":"https:\/\/chemuza.org\/it\/zirconio\/","og_site_name":"Chemuza","twitter_card":"summary_large_image","twitter_misc":{"Tempo di lettura stimato":"4 minuti"},"schema":{"@context":"https:\/\/schema.org","@graph":[{"@type":"WebPage","@id":"https:\/\/chemuza.org\/it\/zirconio\/","url":"https:\/\/chemuza.org\/it\/zirconio\/","name":"Zirconio - Chemuza","isPartOf":{"@id":"https:\/\/chemuza.org\/it\/#website"},"datePublished":"2023-07-14T15:02:53+00:00","dateModified":"2023-07-14T15:02:53+00:00","breadcrumb":{"@id":"https:\/\/chemuza.org\/it\/zirconio\/#breadcrumb"},"inLanguage":"it-IT","potentialAction":[{"@type":"ReadAction","target":["https:\/\/chemuza.org\/it\/zirconio\/"]}]},{"@type":"BreadcrumbList","@id":"https:\/\/chemuza.org\/it\/zirconio\/#breadcrumb","itemListElement":[{"@type":"ListItem","position":1,"name":"Casa","item":"https:\/\/chemuza.org\/it\/"},{"@type":"ListItem","position":2,"name":"Zirconio"}]},{"@type":"WebSite","@id":"https:\/\/chemuza.org\/it\/#website","url":"https:\/\/chemuza.org\/it\/","name":"Chemuza","description":"La tua porta d&#039;accesso alla scoperta chimica!","publisher":{"@id":"https:\/\/chemuza.org\/it\/#organization"},"potentialAction":[{"@type":"SearchAction","target":{"@type":"EntryPoint","urlTemplate":"https:\/\/chemuza.org\/it\/?s={search_term_string}"},"query-input":"required name=search_term_string"}],"inLanguage":"it-IT"},{"@type":"Organization","@id":"https:\/\/chemuza.org\/it\/#organization","name":"Chemuza","url":"https:\/\/chemuza.org\/it\/","logo":{"@type":"ImageObject","inLanguage":"it-IT","@id":"https:\/\/chemuza.org\/it\/#\/schema\/logo\/image\/","url":"https:\/\/chemuza.org\/it\/wp-content\/uploads\/2023\/10\/chemuza-logo.png","contentUrl":"https:\/\/chemuza.org\/it\/wp-content\/uploads\/2023\/10\/chemuza-logo.png","width":387,"height":70,"caption":"Chemuza"},"image":{"@id":"https:\/\/chemuza.org\/it\/#\/schema\/logo\/image\/"}}]}},"yoast_meta":{"yoast_wpseo_title":"","yoast_wpseo_metadesc":"","yoast_wpseo_canonical":""},"_links":{"self":[{"href":"https:\/\/chemuza.org\/it\/wp-json\/wp\/v2\/pages\/1469"}],"collection":[{"href":"https:\/\/chemuza.org\/it\/wp-json\/wp\/v2\/pages"}],"about":[{"href":"https:\/\/chemuza.org\/it\/wp-json\/wp\/v2\/types\/page"}],"author":[{"embeddable":true,"href":"https:\/\/chemuza.org\/it\/wp-json\/wp\/v2\/users\/1"}],"replies":[{"embeddable":true,"href":"https:\/\/chemuza.org\/it\/wp-json\/wp\/v2\/comments?post=1469"}],"version-history":[{"count":0,"href":"https:\/\/chemuza.org\/it\/wp-json\/wp\/v2\/pages\/1469\/revisions"}],"wp:attachment":[{"href":"https:\/\/chemuza.org\/it\/wp-json\/wp\/v2\/media?parent=1469"}],"curies":[{"name":"wp","href":"https:\/\/api.w.org\/{rel}","templated":true}]}}