{"id":1468,"date":"2023-07-14T15:27:54","date_gmt":"2023-07-14T15:27:54","guid":{"rendered":"https:\/\/chemuza.org\/it\/stronzio\/"},"modified":"2023-07-14T15:27:54","modified_gmt":"2023-07-14T15:27:54","slug":"stronzio","status":"publish","type":"page","link":"https:\/\/chemuza.org\/it\/stronzio\/","title":{"rendered":"Stronzio"},"content":{"rendered":"<p>Lo stronzio \u00e8 uno dei metalli presenti nelle proporzioni pi\u00f9 basse sulla terra nel suo stato naturale. \u00c8 pi\u00f9 comune ottenerlo sotto forma di composti presenti nelle rocce, nell&#8217;acqua, nel suolo e persino nell&#8217;aria sotto forma di polvere. Scopri alcune delle sue interessanti applicazioni e il ruolo che svolge nel corpo umano.<\/p>\n<h2> <strong>Cos&#8217;\u00e8 lo stronzio?<\/strong><\/h2>\n<p> Come elemento chimico \u00e8 un metallo alcalino terroso della tavola periodica, di colore argento brillante, tenero, poco malleabile e facilmente ossidabile all&#8217;aria. Inoltre, il suo numero atomico \u00e8 38 ed \u00e8 uno dei metalli alcalino terrosi meno abbondanti in natura nel suo stato ordinario.<\/p>\n<p> <strong>Simbolo dello stronzio<\/strong><\/p>\n<p> <span class=\"content-chemical-element\" style=\"float: left;width: 65px;height: 65px;border: 3px solid #666; display:flex;\n    justify-content: center;align-items: center;margin-right: 15px;\"><span style=\"font-size: 38px;\">Sr<\/span><\/span> Il suo nome deriva da una cittadina scozzese chiamata Strontian, dove \u00e8 stato ritrovato questo minerale. Ricevette il nome Strontianite in onore di detta citt\u00e0. Successivamente, quando fu scoperto come elemento chimico, fu chiamato Stronzio.<\/p>\n<h2> <strong>Caratteristiche dello stronzio<\/strong><\/h2>\n<p> Lo stronzio nella tavola periodica \u00e8 un elemento bivalente o che ha 2 valenze nei suoi composti. \u00c8 un agente salante in proporzione minore del calcio. Inoltre, quando viene frantumato, si ossida a causa della presenza di aria, cambiando la sua tonalit\u00e0 in giallo. Altre funzionalit\u00e0 sono descritte di seguito:<\/p>\n<ul>\n<li> <strong>Stato<\/strong> : Solido, ma essendo salato, si trova sotto forma di polvere.<\/li>\n<li> <strong>Colore<\/strong> : Argento lucido.<\/li>\n<li> <strong>Sapore e odore<\/strong> : \u00e8 salato e amaro, senza avere un odore caratteristico.<\/li>\n<li> <strong>Allotropia:<\/strong> forma tre stati allotropici <strong>.<\/strong><\/li>\n<li> <strong>Tossicit\u00e0<\/strong> : \u00e8 bassa, ma quando forma composti \u00e8 molto tossica, come nel caso del cromato di stronzio.<\/li>\n<li> <strong>Reattivit\u00e0<\/strong> : Elevata, a contatto con l&#8217;acqua reagisce violentemente liberando idrogeno. Sotto forma di polvere \u00e8 molto volatile perch\u00e9 infiammabile all&#8217;aria e d\u00e0 origine a sali di colore rosso porpora.<\/li>\n<li> <strong>Struttura<\/strong> : cubica sui lati.<\/li>\n<li> <strong>Solubilit\u00e0<\/strong> : \u00e8 solubile o insolubile a seconda del composto che forma.<\/li>\n<\/ul>\n<h2> <strong>Propriet\u00e0 chimiche e fisiche dello stronzio<\/strong><\/h2>\n<ol>\n<li> <strong>Numero atomico<\/strong> : 38<\/li>\n<li> <strong>Periodo<\/strong> : 5<\/li>\n<li> <strong>Blocco<\/strong> : S<\/li>\n<li> <strong>Gruppo<\/strong> : 2<\/li>\n<li> <strong>Stato di ossidazione<\/strong> : 2<\/li>\n<li> <strong>Raggio covalente (\u00c5):<\/strong> 195<strong> <\/strong>pomeriggio<\/li>\n<li> <strong>Radio media:<\/strong> 22:30<\/li>\n<li> <strong>Massa atomica (g\/mol):<\/strong> 87,62u<\/li>\n<li> <strong>Densit\u00e0:<\/strong> 2630 Kg\/m\u00b3<\/li>\n<li> <strong>Punto di ebollizione:<\/strong> 1382\u00b0C<\/li>\n<li> <strong>Punto di fusione:<\/strong> 777<strong> <\/strong>\u00b0C<\/li>\n<li> <strong>Raggio atomico:<\/strong> 219 pm<\/li>\n<li> <strong>Conducibilit\u00e0 termica:<\/strong> 35,3 W\/(Km)<\/li>\n<li> <strong>Potenziale di prima ionizzazione<\/strong> (eV): 5,73<\/li>\n<li> <strong>Configurazione elettronica:<\/strong> [Kr] 5 s\u00b2<\/li>\n<li> <strong>Elettroni per guscio:<\/strong> 2, 8, 18, 8, 2<\/li>\n<li> <strong>Elettronegativit\u00e0:<\/strong> 0,95<\/li>\n<li> <strong>Calore specifico:<\/strong> 300 J \/ (K kg)<\/li>\n<\/ol>\n<h2> <strong>Origine dello stronzio<\/strong><\/h2>\n<p> La storia dello stronzio risale al 1790, quando Adair Crawford lo scopr\u00ec come minerale nelle miniere di piombo di Stronzio, in Scozia. Poi, nel 1798, i chimici Klaproth e Hope lo trovarono nel suo stato naturale. Tuttavia, nel 1808 fu Humphry Davy che lo isol\u00f2 mediante elettrolisi del cloruro di stronzio e dell&#8217;ossido di mercurio e ottenne un metallo puro, che classific\u00f2 come elemento chimico.<\/p>\n<h2> <strong>A cosa serve lo stronzio?<\/strong><\/h2>\n<p> Viene utilizzato per realizzare leghe aggiunte ad altri metalli. Viene utilizzato come raffinatore dello zinco nella rimozione del piombo, ottenendo cos\u00ec composti puri. Le altre 4 applicazioni dell&#8217;elemento sono:<\/p>\n<ul>\n<li> Pirotecnica: data la sua infiammabilit\u00e0 nell&#8217;aria, viene utilizzato nella fabbricazione di fuochi e stelle filanti.<\/li>\n<li> Ceramica: i composti di questo elemento vengono utilizzati nella produzione di ceramica, vetro e lampade fluorescenti.<\/li>\n<li> Medicinali: viene utilizzato in trattamenti come i radiofarmaci contro il cancro e l\u2019osteoporosi.<\/li>\n<li> Magneti: I suoi composti vengono utilizzati nella produzione di magneti in ferrite.<\/li>\n<li> Oreficeria: il titanato di stronzio \u00e8 utilizzato come pietra preziosa, grazie al suo alto livello di rifrazione.<\/li>\n<\/ul>\n<h2> <strong>Dove si trova lo stronzio?<\/strong><\/h2>\n<p> \u00c8 presente nella crosta terrestre sotto forma di Celestino e Strontianite, raramente si trova allo stato puro. Inoltre, geograficamente, si ottiene da miniere in Messico, Turchia, Regno Unito e Spagna, paesi che esportano circa 14.000 tonnellate di questo elemento ogni anno. Il metallo viene quindi estratto mediante elettrolisi del cloruro di potassio e riduzione dell&#8217;ossido di stronzio con alluminio sotto vuoto.<\/p>\n<h2> <strong>Stronzio nel corpo umano<\/strong><\/h2>\n<p> Questo elemento entra nel corpo attraverso il contatto con la pelle e raggiunge gradualmente la circolazione sanguigna. Una volta l\u00ec, si distribuisce facilmente nelle cellule. Il suo comportamento nell&#8217;organismo \u00e8 simile a quello del Calcio poich\u00e9 aderisce alle ossa nella loro parte superficiale se \u00e8 adulto. Nei bambini, invece, ha la funzione di favorire la crescita ossea.<\/p>\n<p> In conclusione, questo metallo alcalino terroso si distingue per la sua tossicit\u00e0 e reattivit\u00e0 chimica. Rispetto ad altri alcalini \u00e8 raro trovarlo allo stato naturale, se non sotto forma di composti, come la Celestina e la Strontianite. Svolge un ruolo fondamentale nel corpo umano nella formazione di ossa sane.<\/p>\n","protected":false},"excerpt":{"rendered":"<p>Lo stronzio \u00e8 uno dei metalli presenti nelle proporzioni pi\u00f9 basse sulla terra nel suo stato naturale. \u00c8 pi\u00f9 comune ottenerlo sotto forma di composti presenti nelle rocce, nell&#8217;acqua, nel suolo e persino nell&#8217;aria sotto forma di polvere. Scopri alcune delle sue interessanti applicazioni e il ruolo che svolge nel corpo umano. Cos&#8217;\u00e8 lo stronzio? &#8230; <a title=\"Stronzio\" class=\"read-more\" href=\"https:\/\/chemuza.org\/it\/stronzio\/\" aria-label=\"More on Stronzio\">Per saperne di pi\u00f9<\/a><\/p>\n","protected":false},"author":1,"featured_media":0,"parent":0,"menu_order":0,"comment_status":"closed","ping_status":"closed","template":"","meta":{"footnotes":""},"yoast_head":"<!-- This site is optimized with the Yoast SEO plugin v21.4 - https:\/\/yoast.com\/wordpress\/plugins\/seo\/ -->\n<title>Stronzio - Chemuza<\/title>\n<meta name=\"robots\" content=\"index, follow, max-snippet:-1, max-image-preview:large, max-video-preview:-1\" \/>\n<link rel=\"canonical\" href=\"https:\/\/chemuza.org\/it\/stronzio\/\" \/>\n<meta property=\"og:locale\" content=\"it_IT\" \/>\n<meta property=\"og:type\" content=\"article\" \/>\n<meta property=\"og:title\" content=\"Stronzio - Chemuza\" \/>\n<meta property=\"og:description\" content=\"Lo stronzio \u00e8 uno dei metalli presenti nelle proporzioni pi\u00f9 basse sulla terra nel suo stato naturale. \u00c8 pi\u00f9 comune ottenerlo sotto forma di composti presenti nelle rocce, nell&#8217;acqua, nel suolo e persino nell&#8217;aria sotto forma di polvere. Scopri alcune delle sue interessanti applicazioni e il ruolo che svolge nel corpo umano. Cos&#8217;\u00e8 lo stronzio? ... Per saperne di pi\u00f9\" \/>\n<meta property=\"og:url\" content=\"https:\/\/chemuza.org\/it\/stronzio\/\" \/>\n<meta property=\"og:site_name\" content=\"Chemuza\" \/>\n<meta name=\"twitter:card\" content=\"summary_large_image\" \/>\n<meta name=\"twitter:label1\" content=\"Tempo di lettura stimato\" \/>\n\t<meta name=\"twitter:data1\" content=\"3 minuti\" \/>\n<script type=\"application\/ld+json\" class=\"yoast-schema-graph\">{\"@context\":\"https:\/\/schema.org\",\"@graph\":[{\"@type\":\"WebPage\",\"@id\":\"https:\/\/chemuza.org\/it\/stronzio\/\",\"url\":\"https:\/\/chemuza.org\/it\/stronzio\/\",\"name\":\"Stronzio - Chemuza\",\"isPartOf\":{\"@id\":\"https:\/\/chemuza.org\/it\/#website\"},\"datePublished\":\"2023-07-14T15:27:54+00:00\",\"dateModified\":\"2023-07-14T15:27:54+00:00\",\"breadcrumb\":{\"@id\":\"https:\/\/chemuza.org\/it\/stronzio\/#breadcrumb\"},\"inLanguage\":\"it-IT\",\"potentialAction\":[{\"@type\":\"ReadAction\",\"target\":[\"https:\/\/chemuza.org\/it\/stronzio\/\"]}]},{\"@type\":\"BreadcrumbList\",\"@id\":\"https:\/\/chemuza.org\/it\/stronzio\/#breadcrumb\",\"itemListElement\":[{\"@type\":\"ListItem\",\"position\":1,\"name\":\"Casa\",\"item\":\"https:\/\/chemuza.org\/it\/\"},{\"@type\":\"ListItem\",\"position\":2,\"name\":\"Stronzio\"}]},{\"@type\":\"WebSite\",\"@id\":\"https:\/\/chemuza.org\/it\/#website\",\"url\":\"https:\/\/chemuza.org\/it\/\",\"name\":\"Chemuza\",\"description\":\"La tua porta d&#039;accesso alla scoperta chimica!\",\"publisher\":{\"@id\":\"https:\/\/chemuza.org\/it\/#organization\"},\"potentialAction\":[{\"@type\":\"SearchAction\",\"target\":{\"@type\":\"EntryPoint\",\"urlTemplate\":\"https:\/\/chemuza.org\/it\/?s={search_term_string}\"},\"query-input\":\"required name=search_term_string\"}],\"inLanguage\":\"it-IT\"},{\"@type\":\"Organization\",\"@id\":\"https:\/\/chemuza.org\/it\/#organization\",\"name\":\"Chemuza\",\"url\":\"https:\/\/chemuza.org\/it\/\",\"logo\":{\"@type\":\"ImageObject\",\"inLanguage\":\"it-IT\",\"@id\":\"https:\/\/chemuza.org\/it\/#\/schema\/logo\/image\/\",\"url\":\"https:\/\/chemuza.org\/it\/wp-content\/uploads\/2023\/10\/chemuza-logo.png\",\"contentUrl\":\"https:\/\/chemuza.org\/it\/wp-content\/uploads\/2023\/10\/chemuza-logo.png\",\"width\":387,\"height\":70,\"caption\":\"Chemuza\"},\"image\":{\"@id\":\"https:\/\/chemuza.org\/it\/#\/schema\/logo\/image\/\"}}]}<\/script>\n<!-- \/ Yoast SEO plugin. -->","yoast_head_json":{"title":"Stronzio - Chemuza","robots":{"index":"index","follow":"follow","max-snippet":"max-snippet:-1","max-image-preview":"max-image-preview:large","max-video-preview":"max-video-preview:-1"},"canonical":"https:\/\/chemuza.org\/it\/stronzio\/","og_locale":"it_IT","og_type":"article","og_title":"Stronzio - Chemuza","og_description":"Lo stronzio \u00e8 uno dei metalli presenti nelle proporzioni pi\u00f9 basse sulla terra nel suo stato naturale. \u00c8 pi\u00f9 comune ottenerlo sotto forma di composti presenti nelle rocce, nell&#8217;acqua, nel suolo e persino nell&#8217;aria sotto forma di polvere. Scopri alcune delle sue interessanti applicazioni e il ruolo che svolge nel corpo umano. Cos&#8217;\u00e8 lo stronzio? ... Per saperne di pi\u00f9","og_url":"https:\/\/chemuza.org\/it\/stronzio\/","og_site_name":"Chemuza","twitter_card":"summary_large_image","twitter_misc":{"Tempo di lettura stimato":"3 minuti"},"schema":{"@context":"https:\/\/schema.org","@graph":[{"@type":"WebPage","@id":"https:\/\/chemuza.org\/it\/stronzio\/","url":"https:\/\/chemuza.org\/it\/stronzio\/","name":"Stronzio - Chemuza","isPartOf":{"@id":"https:\/\/chemuza.org\/it\/#website"},"datePublished":"2023-07-14T15:27:54+00:00","dateModified":"2023-07-14T15:27:54+00:00","breadcrumb":{"@id":"https:\/\/chemuza.org\/it\/stronzio\/#breadcrumb"},"inLanguage":"it-IT","potentialAction":[{"@type":"ReadAction","target":["https:\/\/chemuza.org\/it\/stronzio\/"]}]},{"@type":"BreadcrumbList","@id":"https:\/\/chemuza.org\/it\/stronzio\/#breadcrumb","itemListElement":[{"@type":"ListItem","position":1,"name":"Casa","item":"https:\/\/chemuza.org\/it\/"},{"@type":"ListItem","position":2,"name":"Stronzio"}]},{"@type":"WebSite","@id":"https:\/\/chemuza.org\/it\/#website","url":"https:\/\/chemuza.org\/it\/","name":"Chemuza","description":"La tua porta d&#039;accesso alla scoperta chimica!","publisher":{"@id":"https:\/\/chemuza.org\/it\/#organization"},"potentialAction":[{"@type":"SearchAction","target":{"@type":"EntryPoint","urlTemplate":"https:\/\/chemuza.org\/it\/?s={search_term_string}"},"query-input":"required name=search_term_string"}],"inLanguage":"it-IT"},{"@type":"Organization","@id":"https:\/\/chemuza.org\/it\/#organization","name":"Chemuza","url":"https:\/\/chemuza.org\/it\/","logo":{"@type":"ImageObject","inLanguage":"it-IT","@id":"https:\/\/chemuza.org\/it\/#\/schema\/logo\/image\/","url":"https:\/\/chemuza.org\/it\/wp-content\/uploads\/2023\/10\/chemuza-logo.png","contentUrl":"https:\/\/chemuza.org\/it\/wp-content\/uploads\/2023\/10\/chemuza-logo.png","width":387,"height":70,"caption":"Chemuza"},"image":{"@id":"https:\/\/chemuza.org\/it\/#\/schema\/logo\/image\/"}}]}},"yoast_meta":{"yoast_wpseo_title":"","yoast_wpseo_metadesc":"","yoast_wpseo_canonical":""},"_links":{"self":[{"href":"https:\/\/chemuza.org\/it\/wp-json\/wp\/v2\/pages\/1468"}],"collection":[{"href":"https:\/\/chemuza.org\/it\/wp-json\/wp\/v2\/pages"}],"about":[{"href":"https:\/\/chemuza.org\/it\/wp-json\/wp\/v2\/types\/page"}],"author":[{"embeddable":true,"href":"https:\/\/chemuza.org\/it\/wp-json\/wp\/v2\/users\/1"}],"replies":[{"embeddable":true,"href":"https:\/\/chemuza.org\/it\/wp-json\/wp\/v2\/comments?post=1468"}],"version-history":[{"count":0,"href":"https:\/\/chemuza.org\/it\/wp-json\/wp\/v2\/pages\/1468\/revisions"}],"wp:attachment":[{"href":"https:\/\/chemuza.org\/it\/wp-json\/wp\/v2\/media?parent=1468"}],"curies":[{"name":"wp","href":"https:\/\/api.w.org\/{rel}","templated":true}]}}