{"id":1467,"date":"2023-07-14T15:43:12","date_gmt":"2023-07-14T15:43:12","guid":{"rendered":"https:\/\/chemuza.org\/it\/rubidio\/"},"modified":"2023-07-14T15:43:12","modified_gmt":"2023-07-14T15:43:12","slug":"rubidio","status":"publish","type":"page","link":"https:\/\/chemuza.org\/it\/rubidio\/","title":{"rendered":"Rubidio"},"content":{"rendered":"<p>Il rubidio \u00e8 uno degli elementi maggiormente presenti nell&#8217;ambiente, pi\u00f9 precisamente nella crosta terrestre, dove viene ottenuto sotto forma di ossido e trasformato in minerali, come leucite, pollucite e zinwaldite. Si trova anche in alcuni tipi di rocce come l&#8217;argilla, il basalto o il granito. Scopri di pi\u00f9 su questo elemento che la natura ti offre.<\/p>\n<h2> <strong>Cos&#8217;\u00e8 il rubidio?<\/strong><\/h2>\n<p> \u00c8 uno dei metalli alcalini della tavola periodica, di colore bianco argenteo, morbido e leggero. All&#8217;aria pu\u00f2 bruciare spontaneamente con una fiamma giallo-viola. Inoltre, con l&#8217;acqua o il ghiaccio pu\u00f2 agire violentemente producendo idrogeno e gas idrogeno. Inoltre, a livello di energia esterna, ha un elettrone che pu\u00f2 essere perso perch\u00e9 ha una bassa energia di ionizzazione e la sua affinit\u00e0 elettronica \u00e8 bassa.<\/p>\n<h3> <strong>Simbolo del rubidio<\/strong><\/h3>\n<p> <span class=\"content-chemical-element\" style=\"float: left;width: 65px;height: 65px;border: 3px solid #666; display:flex;\n    justify-content: center;align-items: center;margin-right: 15px;\"><span style=\"font-size: 38px;\">Rb<\/span><\/span> Il suo posto nella tavola periodica \u00e8 il gruppo uno, con un peso atomico di 85,47 e un numero atomico di 37. \u00c8 reattivo e ha un punto di fusione relativamente basso. Di questo metallo si conoscono 24 isotopi e in natura se ne trovano solo 2, ovvero il Rubidio 85 e l&#8217;Rb-87, che sono radioattivi.<\/p>\n<h2> <strong>Caratteristiche del rubidio<\/strong><\/h2>\n<p> Individua questo metallo nella tavola periodica nella prima colonna accanto a sodio, litio e potassio. In termini di aspetto, \u00e8 delicato e contribuisce effettivamente al metabolismo di diversi esseri viventi. Le altre caratteristiche di questo elemento alcalino sono:<\/p>\n<ul>\n<li> <strong>Reattivit\u00e0 chimica<\/strong> : \u00c8 molto reattivo, poich\u00e9 pu\u00f2 bruciare con aria, acqua o ghiaccio. Anche a temperature inferiori a -100\u00b0C reagisce violentemente.<\/li>\n<li> <strong>Condizione<\/strong> : solido.<\/li>\n<li> <strong>Densit\u00e0<\/strong> : a differenza degli altri metalli, ha una densit\u00e0 maggiore di quella dell&#8217;acqua e pu\u00f2 affondare.<\/li>\n<li> <strong>Temperatura<\/strong> : Diventa facilmente liquido a temperatura ambiente.<\/li>\n<\/ul>\n<h2> <strong>Propriet\u00e0 chimiche e fisiche del Rubidio<\/strong><\/h2>\n<ol>\n<li> <strong>Numero atomico<\/strong> : 27<\/li>\n<li> <strong>Periodo:<\/strong> 5<\/li>\n<li> <strong>Blocco:<\/strong> s<\/li>\n<li> <strong>Raggio covalente (\u00c5):<\/strong> 211<\/li>\n<li> <strong>Valenza:<\/strong> 1<\/li>\n<li> <strong>Densit\u00e0:<\/strong> 1532 kg\/m\u00b3<\/li>\n<li> <strong>Raggio atomico:<\/strong> 265<\/li>\n<li> <strong>Elettronegativit\u00e0:<\/strong> 0,82<\/li>\n<li> <strong>Massa atomica (g\/mol):<\/strong> 85,4678<\/li>\n<li> <strong>Stato di ossidazione:<\/strong> +1<\/li>\n<li> <strong>Punto di fusione:<\/strong> 312,46<\/li>\n<li> <strong>Punto di ebollizione:<\/strong> 961<\/li>\n<li> <strong>Entalpia di vaporizzazione:<\/strong> 72.216 kJ\/mol<\/li>\n<li> <strong>Entalpia di fusione:<\/strong> 2.192 Kj\/mol<\/li>\n<li> <strong>Velocit\u00e0 del suono:<\/strong> 1300 m\/s a 293,15 K<\/li>\n<li> <strong>Pressione di vapore:<\/strong> 1,56 10 <sup>-4<\/sup> Pa a 312,6 K<\/li>\n<li> <strong>Configurazione elettronica:<\/strong> [Kr] 5s <sup>1<\/sup><\/li>\n<li> <strong>Potenziale di prima ionizzazione:<\/strong> 4.19<\/li>\n<\/ol>\n<h2> <strong>Origine del rubidio<\/strong><\/h2>\n<p> Fu scoperto in Germania nel 1861 dal fisico Gustav Kirchhoff e dal chimico Robert Bunsen, mentre stavano analizzando altri minerali con uno strumento. Successivamente, hanno distinto due linee di colore rosso intenso nella Lepidolite, caratteristica comune al Rubidio. Per questo motivo gli diedero il nome <em>rubidius<\/em> , che deriva da una parola latina il cui significato \u00e8 rosso scuro.<\/p>\n<h2> <strong>A cosa serve il Rubidio?<\/strong><\/h2>\n<p> L&#8217;uso di questo metallo nei motori ionici per l&#8217;industria aerospaziale \u00e8 stato studiato perch\u00e9 pu\u00f2 ionizzarsi facilmente. Inoltre, viene utilizzato nei fuochi d&#8217;artificio per conferirgli il colore viola. Inoltre, ha altri usi:<\/p>\n<h3> <strong>industrie biochimiche<\/strong><strong><\/strong><\/h3>\n<p> Il cloruro di rubidio \u00e8 utile per stimolare le cellule e catturare l&#8217;acido desossiribonucleico. Inoltre, pu\u00f2 aiutare come biomarcatore a sostituire il potassio e ad aumentare il pH delle cellule tumorali, il che rappresenta un vantaggio nella lotta contro i tumori maligni.<\/p>\n<h3> <strong>Medicinale<\/strong><\/h3>\n<p> Tutti gli isotopi del rubidio sono utili in medicina, aiutano ad arricchire le immagini, a localizzare i tumori al cervello e vengono utilizzati per valutare il cuore dei pazienti obesi. Allo stesso modo, \u00e8 efficace nel trattamento dell&#8217;epilessia, nella tomografia a emissione di positroni e per la separazione di virus e acidi nucleici mediante ultracentrifugazione. Si sostiene addirittura che possa essere efficace come medicinale contro la depressione.<\/p>\n<h3> <strong>Tecnologia<\/strong><\/h3>\n<p> Il suo utilizzo nella tecnologia laser aiuta a raffreddare le strutture molecolari e atomiche. Inoltre, nei tubi a vuoto \u00e8 in grado di catturare tracce di residui gassosi. Viene utilizzato per produrre cristalli speciali nell&#8217;industria delle telecomunicazioni. Gli orologi atomici al rubidio vengono anche prodotti e utilizzati nei sistemi di navigazione GPS, nelle stazioni radio, nella televisione e nei telefoni cellulari.<\/p>\n<h2> <strong>In quali alimenti si trova il Rubidio?<\/strong><\/h2>\n<p> Questo minerale \u00e8 un oligoelemento con importanti propriet\u00e0 nutrizionali. Inoltre non \u00e8 tossico per l\u2019uomo e si trova in buone quantit\u00e0 in alcuni alimenti comuni come il t\u00e8 nero e il caff\u00e8. Inoltre, altre fonti in cui lo troverai:<\/p>\n<ul>\n<li> Noce.<\/li>\n<li> Soia.<\/li>\n<li> Verdure come gli asparagi.<\/li>\n<li> Arance, pomodorini dell&#8217;orto e cocco.<\/li>\n<li> Pollo e pesce.<\/li>\n<\/ul>\n<p> In conclusione, il rubidio \u00e8 un minerale chiamato metallo di transizione nella tavola periodica. A causa della sua reattivit\u00e0 si trova in natura come cloruro o ossido accompagnato da altri anioni e anche nei depositi di carbonio. Spiccano alcune moderne applicazioni, in campo medico per la diagnosi dei tumori e in campo tecnologico. Infine, \u00e8 facile reperirlo in diversi alimenti, poich\u00e9 non \u00e8 tossico.<\/p>\n","protected":false},"excerpt":{"rendered":"<p>Il rubidio \u00e8 uno degli elementi maggiormente presenti nell&#8217;ambiente, pi\u00f9 precisamente nella crosta terrestre, dove viene ottenuto sotto forma di ossido e trasformato in minerali, come leucite, pollucite e zinwaldite. Si trova anche in alcuni tipi di rocce come l&#8217;argilla, il basalto o il granito. Scopri di pi\u00f9 su questo elemento che la natura ti &#8230; <a title=\"Rubidio\" class=\"read-more\" href=\"https:\/\/chemuza.org\/it\/rubidio\/\" aria-label=\"More on Rubidio\">Per saperne di pi\u00f9<\/a><\/p>\n","protected":false},"author":1,"featured_media":0,"parent":0,"menu_order":0,"comment_status":"closed","ping_status":"closed","template":"","meta":{"footnotes":""},"yoast_head":"<!-- This site is optimized with the Yoast SEO plugin v21.4 - https:\/\/yoast.com\/wordpress\/plugins\/seo\/ -->\n<title>Rubidio - Chemuza<\/title>\n<meta name=\"robots\" content=\"index, follow, max-snippet:-1, max-image-preview:large, max-video-preview:-1\" \/>\n<link rel=\"canonical\" href=\"https:\/\/chemuza.org\/it\/rubidio\/\" \/>\n<meta property=\"og:locale\" content=\"it_IT\" \/>\n<meta property=\"og:type\" content=\"article\" \/>\n<meta property=\"og:title\" content=\"Rubidio - Chemuza\" \/>\n<meta property=\"og:description\" content=\"Il rubidio \u00e8 uno degli elementi maggiormente presenti nell&#8217;ambiente, pi\u00f9 precisamente nella crosta terrestre, dove viene ottenuto sotto forma di ossido e trasformato in minerali, come leucite, pollucite e zinwaldite. Si trova anche in alcuni tipi di rocce come l&#8217;argilla, il basalto o il granito. Scopri di pi\u00f9 su questo elemento che la natura ti ... Per saperne di pi\u00f9\" \/>\n<meta property=\"og:url\" content=\"https:\/\/chemuza.org\/it\/rubidio\/\" \/>\n<meta property=\"og:site_name\" content=\"Chemuza\" \/>\n<meta name=\"twitter:card\" content=\"summary_large_image\" \/>\n<meta name=\"twitter:label1\" content=\"Tempo di lettura stimato\" \/>\n\t<meta name=\"twitter:data1\" content=\"4 minuti\" \/>\n<script type=\"application\/ld+json\" class=\"yoast-schema-graph\">{\"@context\":\"https:\/\/schema.org\",\"@graph\":[{\"@type\":\"WebPage\",\"@id\":\"https:\/\/chemuza.org\/it\/rubidio\/\",\"url\":\"https:\/\/chemuza.org\/it\/rubidio\/\",\"name\":\"Rubidio - Chemuza\",\"isPartOf\":{\"@id\":\"https:\/\/chemuza.org\/it\/#website\"},\"datePublished\":\"2023-07-14T15:43:12+00:00\",\"dateModified\":\"2023-07-14T15:43:12+00:00\",\"breadcrumb\":{\"@id\":\"https:\/\/chemuza.org\/it\/rubidio\/#breadcrumb\"},\"inLanguage\":\"it-IT\",\"potentialAction\":[{\"@type\":\"ReadAction\",\"target\":[\"https:\/\/chemuza.org\/it\/rubidio\/\"]}]},{\"@type\":\"BreadcrumbList\",\"@id\":\"https:\/\/chemuza.org\/it\/rubidio\/#breadcrumb\",\"itemListElement\":[{\"@type\":\"ListItem\",\"position\":1,\"name\":\"Casa\",\"item\":\"https:\/\/chemuza.org\/it\/\"},{\"@type\":\"ListItem\",\"position\":2,\"name\":\"Rubidio\"}]},{\"@type\":\"WebSite\",\"@id\":\"https:\/\/chemuza.org\/it\/#website\",\"url\":\"https:\/\/chemuza.org\/it\/\",\"name\":\"Chemuza\",\"description\":\"La tua porta d&#039;accesso alla scoperta chimica!\",\"publisher\":{\"@id\":\"https:\/\/chemuza.org\/it\/#organization\"},\"potentialAction\":[{\"@type\":\"SearchAction\",\"target\":{\"@type\":\"EntryPoint\",\"urlTemplate\":\"https:\/\/chemuza.org\/it\/?s={search_term_string}\"},\"query-input\":\"required name=search_term_string\"}],\"inLanguage\":\"it-IT\"},{\"@type\":\"Organization\",\"@id\":\"https:\/\/chemuza.org\/it\/#organization\",\"name\":\"Chemuza\",\"url\":\"https:\/\/chemuza.org\/it\/\",\"logo\":{\"@type\":\"ImageObject\",\"inLanguage\":\"it-IT\",\"@id\":\"https:\/\/chemuza.org\/it\/#\/schema\/logo\/image\/\",\"url\":\"https:\/\/chemuza.org\/it\/wp-content\/uploads\/2023\/10\/chemuza-logo.png\",\"contentUrl\":\"https:\/\/chemuza.org\/it\/wp-content\/uploads\/2023\/10\/chemuza-logo.png\",\"width\":387,\"height\":70,\"caption\":\"Chemuza\"},\"image\":{\"@id\":\"https:\/\/chemuza.org\/it\/#\/schema\/logo\/image\/\"}}]}<\/script>\n<!-- \/ Yoast SEO plugin. -->","yoast_head_json":{"title":"Rubidio - Chemuza","robots":{"index":"index","follow":"follow","max-snippet":"max-snippet:-1","max-image-preview":"max-image-preview:large","max-video-preview":"max-video-preview:-1"},"canonical":"https:\/\/chemuza.org\/it\/rubidio\/","og_locale":"it_IT","og_type":"article","og_title":"Rubidio - Chemuza","og_description":"Il rubidio \u00e8 uno degli elementi maggiormente presenti nell&#8217;ambiente, pi\u00f9 precisamente nella crosta terrestre, dove viene ottenuto sotto forma di ossido e trasformato in minerali, come leucite, pollucite e zinwaldite. Si trova anche in alcuni tipi di rocce come l&#8217;argilla, il basalto o il granito. Scopri di pi\u00f9 su questo elemento che la natura ti ... Per saperne di pi\u00f9","og_url":"https:\/\/chemuza.org\/it\/rubidio\/","og_site_name":"Chemuza","twitter_card":"summary_large_image","twitter_misc":{"Tempo di lettura stimato":"4 minuti"},"schema":{"@context":"https:\/\/schema.org","@graph":[{"@type":"WebPage","@id":"https:\/\/chemuza.org\/it\/rubidio\/","url":"https:\/\/chemuza.org\/it\/rubidio\/","name":"Rubidio - Chemuza","isPartOf":{"@id":"https:\/\/chemuza.org\/it\/#website"},"datePublished":"2023-07-14T15:43:12+00:00","dateModified":"2023-07-14T15:43:12+00:00","breadcrumb":{"@id":"https:\/\/chemuza.org\/it\/rubidio\/#breadcrumb"},"inLanguage":"it-IT","potentialAction":[{"@type":"ReadAction","target":["https:\/\/chemuza.org\/it\/rubidio\/"]}]},{"@type":"BreadcrumbList","@id":"https:\/\/chemuza.org\/it\/rubidio\/#breadcrumb","itemListElement":[{"@type":"ListItem","position":1,"name":"Casa","item":"https:\/\/chemuza.org\/it\/"},{"@type":"ListItem","position":2,"name":"Rubidio"}]},{"@type":"WebSite","@id":"https:\/\/chemuza.org\/it\/#website","url":"https:\/\/chemuza.org\/it\/","name":"Chemuza","description":"La tua porta d&#039;accesso alla scoperta chimica!","publisher":{"@id":"https:\/\/chemuza.org\/it\/#organization"},"potentialAction":[{"@type":"SearchAction","target":{"@type":"EntryPoint","urlTemplate":"https:\/\/chemuza.org\/it\/?s={search_term_string}"},"query-input":"required name=search_term_string"}],"inLanguage":"it-IT"},{"@type":"Organization","@id":"https:\/\/chemuza.org\/it\/#organization","name":"Chemuza","url":"https:\/\/chemuza.org\/it\/","logo":{"@type":"ImageObject","inLanguage":"it-IT","@id":"https:\/\/chemuza.org\/it\/#\/schema\/logo\/image\/","url":"https:\/\/chemuza.org\/it\/wp-content\/uploads\/2023\/10\/chemuza-logo.png","contentUrl":"https:\/\/chemuza.org\/it\/wp-content\/uploads\/2023\/10\/chemuza-logo.png","width":387,"height":70,"caption":"Chemuza"},"image":{"@id":"https:\/\/chemuza.org\/it\/#\/schema\/logo\/image\/"}}]}},"yoast_meta":{"yoast_wpseo_title":"","yoast_wpseo_metadesc":"","yoast_wpseo_canonical":""},"_links":{"self":[{"href":"https:\/\/chemuza.org\/it\/wp-json\/wp\/v2\/pages\/1467"}],"collection":[{"href":"https:\/\/chemuza.org\/it\/wp-json\/wp\/v2\/pages"}],"about":[{"href":"https:\/\/chemuza.org\/it\/wp-json\/wp\/v2\/types\/page"}],"author":[{"embeddable":true,"href":"https:\/\/chemuza.org\/it\/wp-json\/wp\/v2\/users\/1"}],"replies":[{"embeddable":true,"href":"https:\/\/chemuza.org\/it\/wp-json\/wp\/v2\/comments?post=1467"}],"version-history":[{"count":0,"href":"https:\/\/chemuza.org\/it\/wp-json\/wp\/v2\/pages\/1467\/revisions"}],"wp:attachment":[{"href":"https:\/\/chemuza.org\/it\/wp-json\/wp\/v2\/media?parent=1467"}],"curies":[{"name":"wp","href":"https:\/\/api.w.org\/{rel}","templated":true}]}}