{"id":1466,"date":"2023-07-14T16:13:18","date_gmt":"2023-07-14T16:13:18","guid":{"rendered":"https:\/\/chemuza.org\/it\/selenio\/"},"modified":"2023-07-14T16:13:18","modified_gmt":"2023-07-14T16:13:18","slug":"selenio","status":"publish","type":"page","link":"https:\/\/chemuza.org\/it\/selenio\/","title":{"rendered":"Selenio"},"content":{"rendered":"<p>Il selenio \u00e8 presente nella crosta terrestre, principalmente nei terreni e nelle rocce. Di solito si trova come seleniuri negli elementi pesanti e in quantit\u00e0 minori con un elemento libero e con lo zolfo elementare. Inoltre, pu\u00f2 essere ottenuto biologicamente in alcune verdure, cereali e frutta. Conosci la sua origine, le sue propriet\u00e0 e i suoi ampi usi.<\/p>\n<h2> <strong>Cos&#8217;\u00e8 il selenio?<\/strong><\/h2>\n<p> \u00c8 un elemento chimico della tavola periodica e fa parte del gruppo dei non metalli, insieme all&#8217;azoto, all&#8217;idrogeno e al fosforo. Il colore del Selenio \u00e8 grigio metallizzato, allo stato puro si ottiene sotto forma di cristalli esagonali, ma in natura \u00e8 combinato con lo Zolfo o con alcuni minerali come Piombo, Rame, Nichel o Argento.<\/p>\n<h3> <strong>Simbolo del selenio<\/strong><\/h3>\n<p> <span class=\"content-chemical-element\" style=\"float: left;width: 65px;height: 65px;border: 3px solid #666; display:flex;\n    justify-content: center;align-items: center;margin-right: 15px;\"><span style=\"font-size: 38px;\">Si<\/span><\/span> trova nel gruppo 34 con un peso atomico di 78,96. Alcuni dei suoi composti sono l&#8217;esafluoruro di selenio e gli isotopi del selenio, di cui ce ne sono sei, cinque dei quali stabili.<\/p>\n<h2> <strong>Caratteristiche del selenio<\/strong><\/h2>\n<p> Questo non metallo ha diverse forme allotropiche, che sono nero vetroso, rosso colloidale e grigio cristallino. Inoltre, \u00e8 un cattivo conduttore di elettricit\u00e0 e calore. Grazie all&#8217;effetto fotoelettrico di questo non metallo, lo utilizzano come conduttore elettrico in grado di convertire la luce in elettricit\u00e0. Le altre caratteristiche del selenio sono:<\/p>\n<ul>\n<li> <strong>Solubilit\u00e0:<\/strong> nell&#8217;alcool e nell&#8217;acqua \u00e8 insolubile, nell&#8217;etere \u00e8 solubile e il disolfuro di carbonio \u00e8 leggermente solubile.<\/li>\n<li> <strong>Condizione:<\/strong> solido.<\/li>\n<li> <strong>Punto di fusione:<\/strong> sotto il suo punto \u00e8 un semiconduttore di tipo p.<\/li>\n<li> <strong>Malleabilit\u00e0<\/strong> : mancanza di duttilit\u00e0 e malleabilit\u00e0.<\/li>\n<\/ul>\n<h2> <strong>Propriet\u00e0 chimiche e fisiche del selenio<\/strong><\/h2>\n<ol>\n<li> <strong>Numero atomico<\/strong> : 34<\/li>\n<li> <strong>Raggio atomico:<\/strong> 22:30<\/li>\n<li> <strong>Raggio covalente (\u00c5):<\/strong> 116 pm<\/li>\n<li> <strong>Densit\u00e0:<\/strong> 4790 kg\/m\u00b3<\/li>\n<li> <strong>Elettronegativit\u00e0:<\/strong> 2,48<\/li>\n<li> <strong>Massa atomica (g\/mol):<\/strong> 78,96<\/li>\n<li> <strong>Punto di fusione:<\/strong> 494K<\/li>\n<li> <strong>Punto di ebollizione:<\/strong> 957,8K<\/li>\n<li> <strong>Entalpia di vaporizzazione:<\/strong> 26,3 kJ\/mol<\/li>\n<li> <strong>Entalpia di fusione:<\/strong> 6.694 Kj\/mol<\/li>\n<li> <strong>Velocit\u00e0 del suono:<\/strong> 3350 m\/s a 293,15 K<\/li>\n<li> <strong>Pressione di vapore:<\/strong> 0,695 Pa a 494 K<\/li>\n<li> <strong>Calore specifico:<\/strong> 320 J<\/li>\n<li> <strong>Configurazione elettronica:<\/strong> [Ar] 3d <sup>10<\/sup> 4s <sup>2<\/sup> 4p <sup>4<\/sup><\/li>\n<\/ol>\n<h2> <strong>Origine del selenio<\/strong><\/h2>\n<p> Il suo nome deriva dalla parola greca Selenion in onore della dea greca della luna e degli animali, nonch\u00e9 della luminosit\u00e0 della luna. Fu scoperto nel 1817 dal chimico svedese Jons Jacob Berzelius. Durante una visita ad una fabbrica di acido solforico, not\u00f2 un liquido bruno-rossastro che, riscaldato con una fiamma ossidrica, emanava un odore sgradevole simile a quello del tellurio.<\/p>\n<h2> <strong>A cosa serve il selenio?<\/strong><\/h2>\n<p> Il Solfuro di Selenio viene utilizzato contro il prurito ed elimina tutte le particelle secche presenti sul cuoio capelluto e che chiamiamo forfora. Viene utilizzato anche in diversi ambiti, quali:<\/p>\n<h3> <strong>Industria<\/strong><\/h3>\n<p> Il biossido di selenio, noto anche come ossido di selenio, viene utilizzato come colorante nel vetro. Ad esempio, il cobalto, nel vetro, ha un colore blu, ma diventa incolore quando gli viene aggiunto un po&#8217; di biossido. Se invece si aggiunge pi\u00f9 anidride, il cristallo diventa rosso rubino. Questo biossido viene utilizzato anche nel vetro del semaforo e nel vetro artistico. Il disolfuro di selenio \u00e8 un ingrediente principale nella produzione di farmaci veterinari.<\/p>\n<h3> <strong>Medicinale<\/strong><\/h3>\n<p> Aiuta a prevenire o curare le carenze di metalli nel corpo ed \u00e8 vitale per il corretto funzionamento della ghiandola tiroidea e per abbassare i livelli di colesterolo. Protegge il corpo dalle infezioni e aiuta nella produzione di acido desossiribonucleico.<\/p>\n<p> Inoltre, neutralizza i radicali liberi in eccesso e protegge le cellule dai danni dovuti allo stress ossidativo. Allo stesso modo, \u00e8 in grado di ridurre le malattie cardiache e ridurre l\u2019infiammazione e l\u2019accumulo di placche nelle arterie.<\/p>\n<h3> <strong>pigmenti<\/strong><\/h3>\n<p> I pigmenti sono a base di selenio, resistente all&#8217;umidit\u00e0 e in grado di resistere alla corrosione delle sostanze chimiche. Ad esempio, ai contenitori di plastica vengono aggiunti contenitori di plastica, smalti, vernici, gomme, inchiostri, ceramiche e vernici.<\/p>\n<h3> <strong>elettronico<\/strong><\/h3>\n<p> Grazie alle sue propriet\u00e0 fotoelettriche e fotoconduttive, il selenito di cadmio consente la produzione di anelli elettrici, fotoraddrizzatori per fotocopiatrici e contatori raddrizzatori. Viene utilizzato anche per rivestire cilindri metallici utilizzati nella produzione di immagini fotografiche, nel processo di xerografia.<\/p>\n<h3> <strong>agricoltura<\/strong><\/h3>\n<p> Svolge un ruolo importante nei processi fisiologici delle piante e contribuisce alla loro buona crescita. Inoltre, li protegge dagli agenti patogeni, dallo stress idrico e dai predatori. In breve, selenio<strong> <\/strong>\u00c8 un non metallo nella tavola periodica e si trova in natura. Viene rilasciato da processi naturali e dalle attivit\u00e0 umane. Inoltre, grazie alle sue diverse leghe, le sue propriet\u00e0 vengono utilizzate per la fabbricazione di pigmenti, in medicina veterinaria e come elemento benefico per l&#8217;organismo.<\/p>\n","protected":false},"excerpt":{"rendered":"<p>Il selenio \u00e8 presente nella crosta terrestre, principalmente nei terreni e nelle rocce. Di solito si trova come seleniuri negli elementi pesanti e in quantit\u00e0 minori con un elemento libero e con lo zolfo elementare. Inoltre, pu\u00f2 essere ottenuto biologicamente in alcune verdure, cereali e frutta. Conosci la sua origine, le sue propriet\u00e0 e i &#8230; <a title=\"Selenio\" class=\"read-more\" href=\"https:\/\/chemuza.org\/it\/selenio\/\" aria-label=\"More on Selenio\">Per saperne di pi\u00f9<\/a><\/p>\n","protected":false},"author":1,"featured_media":0,"parent":0,"menu_order":0,"comment_status":"closed","ping_status":"closed","template":"","meta":{"footnotes":""},"yoast_head":"<!-- This site is optimized with the Yoast SEO plugin v21.4 - https:\/\/yoast.com\/wordpress\/plugins\/seo\/ -->\n<title>Selenio - Chemuza<\/title>\n<meta name=\"robots\" content=\"index, follow, max-snippet:-1, max-image-preview:large, max-video-preview:-1\" \/>\n<link rel=\"canonical\" href=\"https:\/\/chemuza.org\/it\/selenio\/\" \/>\n<meta property=\"og:locale\" content=\"it_IT\" \/>\n<meta property=\"og:type\" content=\"article\" \/>\n<meta property=\"og:title\" content=\"Selenio - Chemuza\" \/>\n<meta property=\"og:description\" content=\"Il selenio \u00e8 presente nella crosta terrestre, principalmente nei terreni e nelle rocce. Di solito si trova come seleniuri negli elementi pesanti e in quantit\u00e0 minori con un elemento libero e con lo zolfo elementare. Inoltre, pu\u00f2 essere ottenuto biologicamente in alcune verdure, cereali e frutta. Conosci la sua origine, le sue propriet\u00e0 e i ... Per saperne di pi\u00f9\" \/>\n<meta property=\"og:url\" content=\"https:\/\/chemuza.org\/it\/selenio\/\" \/>\n<meta property=\"og:site_name\" content=\"Chemuza\" \/>\n<meta name=\"twitter:card\" content=\"summary_large_image\" \/>\n<meta name=\"twitter:label1\" content=\"Tempo di lettura stimato\" \/>\n\t<meta name=\"twitter:data1\" content=\"4 minuti\" \/>\n<script type=\"application\/ld+json\" class=\"yoast-schema-graph\">{\"@context\":\"https:\/\/schema.org\",\"@graph\":[{\"@type\":\"WebPage\",\"@id\":\"https:\/\/chemuza.org\/it\/selenio\/\",\"url\":\"https:\/\/chemuza.org\/it\/selenio\/\",\"name\":\"Selenio - Chemuza\",\"isPartOf\":{\"@id\":\"https:\/\/chemuza.org\/it\/#website\"},\"datePublished\":\"2023-07-14T16:13:18+00:00\",\"dateModified\":\"2023-07-14T16:13:18+00:00\",\"breadcrumb\":{\"@id\":\"https:\/\/chemuza.org\/it\/selenio\/#breadcrumb\"},\"inLanguage\":\"it-IT\",\"potentialAction\":[{\"@type\":\"ReadAction\",\"target\":[\"https:\/\/chemuza.org\/it\/selenio\/\"]}]},{\"@type\":\"BreadcrumbList\",\"@id\":\"https:\/\/chemuza.org\/it\/selenio\/#breadcrumb\",\"itemListElement\":[{\"@type\":\"ListItem\",\"position\":1,\"name\":\"Casa\",\"item\":\"https:\/\/chemuza.org\/it\/\"},{\"@type\":\"ListItem\",\"position\":2,\"name\":\"Selenio\"}]},{\"@type\":\"WebSite\",\"@id\":\"https:\/\/chemuza.org\/it\/#website\",\"url\":\"https:\/\/chemuza.org\/it\/\",\"name\":\"Chemuza\",\"description\":\"La tua porta d&#039;accesso alla scoperta chimica!\",\"publisher\":{\"@id\":\"https:\/\/chemuza.org\/it\/#organization\"},\"potentialAction\":[{\"@type\":\"SearchAction\",\"target\":{\"@type\":\"EntryPoint\",\"urlTemplate\":\"https:\/\/chemuza.org\/it\/?s={search_term_string}\"},\"query-input\":\"required name=search_term_string\"}],\"inLanguage\":\"it-IT\"},{\"@type\":\"Organization\",\"@id\":\"https:\/\/chemuza.org\/it\/#organization\",\"name\":\"Chemuza\",\"url\":\"https:\/\/chemuza.org\/it\/\",\"logo\":{\"@type\":\"ImageObject\",\"inLanguage\":\"it-IT\",\"@id\":\"https:\/\/chemuza.org\/it\/#\/schema\/logo\/image\/\",\"url\":\"https:\/\/chemuza.org\/it\/wp-content\/uploads\/2023\/10\/chemuza-logo.png\",\"contentUrl\":\"https:\/\/chemuza.org\/it\/wp-content\/uploads\/2023\/10\/chemuza-logo.png\",\"width\":387,\"height\":70,\"caption\":\"Chemuza\"},\"image\":{\"@id\":\"https:\/\/chemuza.org\/it\/#\/schema\/logo\/image\/\"}}]}<\/script>\n<!-- \/ Yoast SEO plugin. -->","yoast_head_json":{"title":"Selenio - Chemuza","robots":{"index":"index","follow":"follow","max-snippet":"max-snippet:-1","max-image-preview":"max-image-preview:large","max-video-preview":"max-video-preview:-1"},"canonical":"https:\/\/chemuza.org\/it\/selenio\/","og_locale":"it_IT","og_type":"article","og_title":"Selenio - Chemuza","og_description":"Il selenio \u00e8 presente nella crosta terrestre, principalmente nei terreni e nelle rocce. Di solito si trova come seleniuri negli elementi pesanti e in quantit\u00e0 minori con un elemento libero e con lo zolfo elementare. Inoltre, pu\u00f2 essere ottenuto biologicamente in alcune verdure, cereali e frutta. Conosci la sua origine, le sue propriet\u00e0 e i ... Per saperne di pi\u00f9","og_url":"https:\/\/chemuza.org\/it\/selenio\/","og_site_name":"Chemuza","twitter_card":"summary_large_image","twitter_misc":{"Tempo di lettura stimato":"4 minuti"},"schema":{"@context":"https:\/\/schema.org","@graph":[{"@type":"WebPage","@id":"https:\/\/chemuza.org\/it\/selenio\/","url":"https:\/\/chemuza.org\/it\/selenio\/","name":"Selenio - Chemuza","isPartOf":{"@id":"https:\/\/chemuza.org\/it\/#website"},"datePublished":"2023-07-14T16:13:18+00:00","dateModified":"2023-07-14T16:13:18+00:00","breadcrumb":{"@id":"https:\/\/chemuza.org\/it\/selenio\/#breadcrumb"},"inLanguage":"it-IT","potentialAction":[{"@type":"ReadAction","target":["https:\/\/chemuza.org\/it\/selenio\/"]}]},{"@type":"BreadcrumbList","@id":"https:\/\/chemuza.org\/it\/selenio\/#breadcrumb","itemListElement":[{"@type":"ListItem","position":1,"name":"Casa","item":"https:\/\/chemuza.org\/it\/"},{"@type":"ListItem","position":2,"name":"Selenio"}]},{"@type":"WebSite","@id":"https:\/\/chemuza.org\/it\/#website","url":"https:\/\/chemuza.org\/it\/","name":"Chemuza","description":"La tua porta d&#039;accesso alla scoperta chimica!","publisher":{"@id":"https:\/\/chemuza.org\/it\/#organization"},"potentialAction":[{"@type":"SearchAction","target":{"@type":"EntryPoint","urlTemplate":"https:\/\/chemuza.org\/it\/?s={search_term_string}"},"query-input":"required name=search_term_string"}],"inLanguage":"it-IT"},{"@type":"Organization","@id":"https:\/\/chemuza.org\/it\/#organization","name":"Chemuza","url":"https:\/\/chemuza.org\/it\/","logo":{"@type":"ImageObject","inLanguage":"it-IT","@id":"https:\/\/chemuza.org\/it\/#\/schema\/logo\/image\/","url":"https:\/\/chemuza.org\/it\/wp-content\/uploads\/2023\/10\/chemuza-logo.png","contentUrl":"https:\/\/chemuza.org\/it\/wp-content\/uploads\/2023\/10\/chemuza-logo.png","width":387,"height":70,"caption":"Chemuza"},"image":{"@id":"https:\/\/chemuza.org\/it\/#\/schema\/logo\/image\/"}}]}},"yoast_meta":{"yoast_wpseo_title":"","yoast_wpseo_metadesc":"","yoast_wpseo_canonical":""},"_links":{"self":[{"href":"https:\/\/chemuza.org\/it\/wp-json\/wp\/v2\/pages\/1466"}],"collection":[{"href":"https:\/\/chemuza.org\/it\/wp-json\/wp\/v2\/pages"}],"about":[{"href":"https:\/\/chemuza.org\/it\/wp-json\/wp\/v2\/types\/page"}],"author":[{"embeddable":true,"href":"https:\/\/chemuza.org\/it\/wp-json\/wp\/v2\/users\/1"}],"replies":[{"embeddable":true,"href":"https:\/\/chemuza.org\/it\/wp-json\/wp\/v2\/comments?post=1466"}],"version-history":[{"count":0,"href":"https:\/\/chemuza.org\/it\/wp-json\/wp\/v2\/pages\/1466\/revisions"}],"wp:attachment":[{"href":"https:\/\/chemuza.org\/it\/wp-json\/wp\/v2\/media?parent=1466"}],"curies":[{"name":"wp","href":"https:\/\/api.w.org\/{rel}","templated":true}]}}