{"id":1465,"date":"2023-07-14T16:36:05","date_gmt":"2023-07-14T16:36:05","guid":{"rendered":"https:\/\/chemuza.org\/it\/rutenio\/"},"modified":"2023-07-14T16:36:05","modified_gmt":"2023-07-14T16:36:05","slug":"rutenio","status":"publish","type":"page","link":"https:\/\/chemuza.org\/it\/rutenio\/","title":{"rendered":"Rutenio"},"content":{"rendered":"<p>Il rutenio \u00e8 uno dei metalli pi\u00f9 rari della crosta terrestre e si trova in natura allo stato grezzo. Tuttavia, \u00e8 associato ad altri metalli come il platino e minerali come la pirossenite e la pentlandite, che \u00e8 un solfuro di ferro e nichel. Viene anche utilizzato come catalizzatore in alcune leghe di platino. Scopri cosa significa, a cosa serve e le sue propriet\u00e0.<\/p>\n<h2> <strong>Cos&#8217;\u00e8 il rutenio?<\/strong><\/h2>\n<p> \u00c8 un metallo di transizione bianco duro, fragile e brillante che ha quattro diverse forme cristalline. \u00c8 solubile nelle basi fuse ea temperatura ambiente non viene attaccato dagli acidi. D&#8217;altra parte, ad alte temperature, pu\u00f2 reagire con idrogeni e alogeni.<\/p>\n<h3> <strong>Simbolo del rutenio<\/strong><\/h3>\n<p> <span class=\"content-chemical-element\" style=\"float: left;width: 65px;height: 65px;border: 3px solid #666; display:flex;\n    justify-content: center;align-items: center;margin-right: 15px;\"><span style=\"font-size: 38px;\">Ru<\/span><\/span> Si trova nel gruppo 8 della tavola periodica con numero atomico 44 e peso atomico 101,07. I suoi stati di ossidazione sono +2, +3, +4 e possono esserci composti in cui il suo stato di ossidazione \u00e8 compreso tra 0 e +8.<\/p>\n<h2> <strong>Caratteristiche del rutenio<\/strong><\/h2>\n<p> Questo metallo di transizione \u00e8 resistente alla maggior parte degli acidi ed \u00e8 uno dei meno comuni, anche in chimica. Alcune delle caratteristiche principali che lo contraddistinguono sono:<\/p>\n<ul>\n<li> <strong>Magnetico:<\/strong> a temperatura ambiente ha propriet\u00e0 ferromagnetiche.<\/li>\n<li> <strong>Malleabilit\u00e0:<\/strong> se trovato ad alte temperature.<\/li>\n<li> <strong>Durezza:<\/strong> \u00e8 duro e molto fragile, motivo per cui \u00e8 difficile da motorizzare.<\/li>\n<li> <strong>Solubilit\u00e0:<\/strong> Negli acidi non \u00e8 solubile, ma in acqua \u00e8 solubile.<\/li>\n<li> <strong>Condizione<\/strong> : solido.<\/li>\n<\/ul>\n<h2> <strong>Propriet\u00e0 chimiche e fisiche del rutenio<\/strong><\/h2>\n<ol>\n<li> <strong>Numero atomico<\/strong> : 44<\/li>\n<li> <strong>Valencia:<\/strong> 2, 3, 4, 6, 8<\/li>\n<li> <strong>Punto di fusione:<\/strong> 2607K<\/li>\n<li> <strong>Punto di ebollizione:<\/strong> 4423 K<\/li>\n<li> <strong>Calore specifico:<\/strong> 238 J<\/li>\n<li> <strong>Entalpia di fusione:<\/strong> 24 Kj\/mol<\/li>\n<li> <strong>Densit\u00e0:<\/strong> 12370 kg\/m\u00b3<\/li>\n<li> <strong>Elettronegativit\u00e0:<\/strong> 2.2<\/li>\n<li> <strong>Velocit\u00e0 del suono:<\/strong> 5970 m\/s a 293,15 K<\/li>\n<li> <strong>Massa atomica (g\/mol):<\/strong> 101,07<\/li>\n<li> <strong>Raggio covalente (\u00c5):<\/strong> 126<\/li>\n<li> <strong>Struttura del cristallo:<\/strong> esagonale<\/li>\n<li> <strong>Pressione di vapore:<\/strong> 1,4 Pa a 2523 K<\/li>\n<li> <strong>Configurazione elettronica:<\/strong> [Kr] 4d <sup>7<\/sup> 5s <sup>1<\/sup><\/li>\n<li> <strong>Entalpia di vaporizzazione:<\/strong> 505 kJ\/mol<\/li>\n<\/ol>\n<h2> <strong>Origine del rutenio<\/strong><\/h2>\n<p> Il nome deriva dalla parola latina Ruthenia, che significa Russia. I chimici Gottfried Osann e Jons Berzelius quasi scoprirono questo metallo nel 1827, mentre analizzavano i residui rimasti dopo aver sciolto un campione di platino con acqua regia. Gottfried pens\u00f2 che in quel momento aveva trovato 3 nuovi metalli e chiam\u00f2 uno di loro Rutenio. Tuttavia, fu nel 1844 che il chimico russo Karl Ernst Claus si rese conto che l&#8217;ossido di platino conteneva un nuovo metallo e ne estrasse sei grammi.<\/p>\n<h2> <strong>A cosa serve il rutenio?<\/strong><\/h2>\n<p> Le leghe insieme ad altri metalli vengono utilizzate per contatti elettrici e resistori a chip. Inoltre, viene utilizzato come catalizzatore in diversi processi ed \u00e8 possibile incorporarlo nel titanio sotto forma di lega, per renderlo pi\u00f9 resistente alla corrosione. Altre app includono anche:<\/p>\n<h3> <strong>Industrie elettroniche e chimiche<\/strong><\/h3>\n<p> Le lastre di rutenio vengono applicate agli elettrodi metallici mediante zincatura. Inoltre, l&#8217;ossido di rutenio viene utilizzato nella formulazione del cloro, viene utilizzato nei catalizzatori per produrre acido acetico e ammoniaca. D&#8217;altra parte, i composti trovano la loro applicazione nelle celle solari per ottenere energia elettrica. Il nitruro di rutenio funge da elettrodo nelle batterie al litio e agli ioni.<\/p>\n<p> Con questo metallo sono realizzati transistor per porte metalliche, strati di elettrodi e per parti zincate. Inoltre, il vapore ha propriet\u00e0 ferromagnetiche, che vengono utilizzate per formare uno strato sottile sui dischi rigidi. Infine, questo metallo viene utilizzato per realizzare penne stilografiche.<\/p>\n<p> <strong>Medicinale<\/strong><\/p>\n<p> La dissezione beta dell&#8217;isotopo 106 di questo metallo viene utilizzata per effettuare la radioterapia, con lo scopo di rilevare tumori oculari e diagnosticare il cancro uveale. Per determinare il livello di calcitonina nel sangue, questo metallo \u00e8 ideale per diagnosticare e curare le malattie della tiroide. Inoltre, \u00e8 efficace nel trattamento delle malattie parassitarie e le sue leghe vengono utilizzate come materiale per impianti negli studi dentistici.<\/p>\n<h3> <strong>Gioielliere<\/strong><\/h3>\n<p> Viene spesso utilizzato per rivestire gioielli in argento perch\u00e9 \u00e8 un metallo lucido ed estremamente duro. Lo scopo \u00e8 quello di proteggere il pezzo da eventuali graffi o ossidazioni e dargli una forma naturale.<\/p>\n<h2> <strong>Dove si trova il rutenio?<\/strong><\/h2>\n<p> Si trova liberamente in natura e in altri metalli come Anduoite e Pentlandite. \u00c8 interessante notare che pu\u00f2 essere ottenuto da combustibile nucleare inutilizzato, ma conterr\u00e0 radioattivit\u00e0 negli isotopi. In questi casi occorre conservarlo per almeno dieci anni, per poterlo utilizzare in tutta sicurezza.<\/p>\n<p> In breve, il rutenio \u00e8 un metallo di transizione abbastanza raro che si trova in natura. Viene utilizzato sia nell&#8217;industria chimica che in medicina; inoltre alcuni dei suoi composti, come l&#8217;ossido, sono volatili e tossici.<\/p>\n","protected":false},"excerpt":{"rendered":"<p>Il rutenio \u00e8 uno dei metalli pi\u00f9 rari della crosta terrestre e si trova in natura allo stato grezzo. Tuttavia, \u00e8 associato ad altri metalli come il platino e minerali come la pirossenite e la pentlandite, che \u00e8 un solfuro di ferro e nichel. Viene anche utilizzato come catalizzatore in alcune leghe di platino. Scopri &#8230; <a title=\"Rutenio\" class=\"read-more\" href=\"https:\/\/chemuza.org\/it\/rutenio\/\" aria-label=\"More on Rutenio\">Per saperne di pi\u00f9<\/a><\/p>\n","protected":false},"author":1,"featured_media":0,"parent":0,"menu_order":0,"comment_status":"closed","ping_status":"closed","template":"","meta":{"footnotes":""},"yoast_head":"<!-- This site is optimized with the Yoast SEO plugin v21.4 - https:\/\/yoast.com\/wordpress\/plugins\/seo\/ -->\n<title>Rutenio - Chemuza<\/title>\n<meta name=\"robots\" content=\"index, follow, max-snippet:-1, max-image-preview:large, max-video-preview:-1\" \/>\n<link rel=\"canonical\" href=\"https:\/\/chemuza.org\/it\/rutenio\/\" \/>\n<meta property=\"og:locale\" content=\"it_IT\" \/>\n<meta property=\"og:type\" content=\"article\" \/>\n<meta property=\"og:title\" content=\"Rutenio - Chemuza\" \/>\n<meta property=\"og:description\" content=\"Il rutenio \u00e8 uno dei metalli pi\u00f9 rari della crosta terrestre e si trova in natura allo stato grezzo. Tuttavia, \u00e8 associato ad altri metalli come il platino e minerali come la pirossenite e la pentlandite, che \u00e8 un solfuro di ferro e nichel. Viene anche utilizzato come catalizzatore in alcune leghe di platino. Scopri ... Per saperne di pi\u00f9\" \/>\n<meta property=\"og:url\" content=\"https:\/\/chemuza.org\/it\/rutenio\/\" \/>\n<meta property=\"og:site_name\" content=\"Chemuza\" \/>\n<meta name=\"twitter:card\" content=\"summary_large_image\" \/>\n<meta name=\"twitter:label1\" content=\"Tempo di lettura stimato\" \/>\n\t<meta name=\"twitter:data1\" content=\"3 minuti\" \/>\n<script type=\"application\/ld+json\" class=\"yoast-schema-graph\">{\"@context\":\"https:\/\/schema.org\",\"@graph\":[{\"@type\":\"WebPage\",\"@id\":\"https:\/\/chemuza.org\/it\/rutenio\/\",\"url\":\"https:\/\/chemuza.org\/it\/rutenio\/\",\"name\":\"Rutenio - Chemuza\",\"isPartOf\":{\"@id\":\"https:\/\/chemuza.org\/it\/#website\"},\"datePublished\":\"2023-07-14T16:36:05+00:00\",\"dateModified\":\"2023-07-14T16:36:05+00:00\",\"breadcrumb\":{\"@id\":\"https:\/\/chemuza.org\/it\/rutenio\/#breadcrumb\"},\"inLanguage\":\"it-IT\",\"potentialAction\":[{\"@type\":\"ReadAction\",\"target\":[\"https:\/\/chemuza.org\/it\/rutenio\/\"]}]},{\"@type\":\"BreadcrumbList\",\"@id\":\"https:\/\/chemuza.org\/it\/rutenio\/#breadcrumb\",\"itemListElement\":[{\"@type\":\"ListItem\",\"position\":1,\"name\":\"Casa\",\"item\":\"https:\/\/chemuza.org\/it\/\"},{\"@type\":\"ListItem\",\"position\":2,\"name\":\"Rutenio\"}]},{\"@type\":\"WebSite\",\"@id\":\"https:\/\/chemuza.org\/it\/#website\",\"url\":\"https:\/\/chemuza.org\/it\/\",\"name\":\"Chemuza\",\"description\":\"La tua porta d&#039;accesso alla scoperta chimica!\",\"publisher\":{\"@id\":\"https:\/\/chemuza.org\/it\/#organization\"},\"potentialAction\":[{\"@type\":\"SearchAction\",\"target\":{\"@type\":\"EntryPoint\",\"urlTemplate\":\"https:\/\/chemuza.org\/it\/?s={search_term_string}\"},\"query-input\":\"required name=search_term_string\"}],\"inLanguage\":\"it-IT\"},{\"@type\":\"Organization\",\"@id\":\"https:\/\/chemuza.org\/it\/#organization\",\"name\":\"Chemuza\",\"url\":\"https:\/\/chemuza.org\/it\/\",\"logo\":{\"@type\":\"ImageObject\",\"inLanguage\":\"it-IT\",\"@id\":\"https:\/\/chemuza.org\/it\/#\/schema\/logo\/image\/\",\"url\":\"https:\/\/chemuza.org\/it\/wp-content\/uploads\/2023\/10\/chemuza-logo.png\",\"contentUrl\":\"https:\/\/chemuza.org\/it\/wp-content\/uploads\/2023\/10\/chemuza-logo.png\",\"width\":387,\"height\":70,\"caption\":\"Chemuza\"},\"image\":{\"@id\":\"https:\/\/chemuza.org\/it\/#\/schema\/logo\/image\/\"}}]}<\/script>\n<!-- \/ Yoast SEO plugin. -->","yoast_head_json":{"title":"Rutenio - Chemuza","robots":{"index":"index","follow":"follow","max-snippet":"max-snippet:-1","max-image-preview":"max-image-preview:large","max-video-preview":"max-video-preview:-1"},"canonical":"https:\/\/chemuza.org\/it\/rutenio\/","og_locale":"it_IT","og_type":"article","og_title":"Rutenio - Chemuza","og_description":"Il rutenio \u00e8 uno dei metalli pi\u00f9 rari della crosta terrestre e si trova in natura allo stato grezzo. Tuttavia, \u00e8 associato ad altri metalli come il platino e minerali come la pirossenite e la pentlandite, che \u00e8 un solfuro di ferro e nichel. Viene anche utilizzato come catalizzatore in alcune leghe di platino. Scopri ... Per saperne di pi\u00f9","og_url":"https:\/\/chemuza.org\/it\/rutenio\/","og_site_name":"Chemuza","twitter_card":"summary_large_image","twitter_misc":{"Tempo di lettura stimato":"3 minuti"},"schema":{"@context":"https:\/\/schema.org","@graph":[{"@type":"WebPage","@id":"https:\/\/chemuza.org\/it\/rutenio\/","url":"https:\/\/chemuza.org\/it\/rutenio\/","name":"Rutenio - Chemuza","isPartOf":{"@id":"https:\/\/chemuza.org\/it\/#website"},"datePublished":"2023-07-14T16:36:05+00:00","dateModified":"2023-07-14T16:36:05+00:00","breadcrumb":{"@id":"https:\/\/chemuza.org\/it\/rutenio\/#breadcrumb"},"inLanguage":"it-IT","potentialAction":[{"@type":"ReadAction","target":["https:\/\/chemuza.org\/it\/rutenio\/"]}]},{"@type":"BreadcrumbList","@id":"https:\/\/chemuza.org\/it\/rutenio\/#breadcrumb","itemListElement":[{"@type":"ListItem","position":1,"name":"Casa","item":"https:\/\/chemuza.org\/it\/"},{"@type":"ListItem","position":2,"name":"Rutenio"}]},{"@type":"WebSite","@id":"https:\/\/chemuza.org\/it\/#website","url":"https:\/\/chemuza.org\/it\/","name":"Chemuza","description":"La tua porta d&#039;accesso alla scoperta chimica!","publisher":{"@id":"https:\/\/chemuza.org\/it\/#organization"},"potentialAction":[{"@type":"SearchAction","target":{"@type":"EntryPoint","urlTemplate":"https:\/\/chemuza.org\/it\/?s={search_term_string}"},"query-input":"required name=search_term_string"}],"inLanguage":"it-IT"},{"@type":"Organization","@id":"https:\/\/chemuza.org\/it\/#organization","name":"Chemuza","url":"https:\/\/chemuza.org\/it\/","logo":{"@type":"ImageObject","inLanguage":"it-IT","@id":"https:\/\/chemuza.org\/it\/#\/schema\/logo\/image\/","url":"https:\/\/chemuza.org\/it\/wp-content\/uploads\/2023\/10\/chemuza-logo.png","contentUrl":"https:\/\/chemuza.org\/it\/wp-content\/uploads\/2023\/10\/chemuza-logo.png","width":387,"height":70,"caption":"Chemuza"},"image":{"@id":"https:\/\/chemuza.org\/it\/#\/schema\/logo\/image\/"}}]}},"yoast_meta":{"yoast_wpseo_title":"","yoast_wpseo_metadesc":"","yoast_wpseo_canonical":""},"_links":{"self":[{"href":"https:\/\/chemuza.org\/it\/wp-json\/wp\/v2\/pages\/1465"}],"collection":[{"href":"https:\/\/chemuza.org\/it\/wp-json\/wp\/v2\/pages"}],"about":[{"href":"https:\/\/chemuza.org\/it\/wp-json\/wp\/v2\/types\/page"}],"author":[{"embeddable":true,"href":"https:\/\/chemuza.org\/it\/wp-json\/wp\/v2\/users\/1"}],"replies":[{"embeddable":true,"href":"https:\/\/chemuza.org\/it\/wp-json\/wp\/v2\/comments?post=1465"}],"version-history":[{"count":0,"href":"https:\/\/chemuza.org\/it\/wp-json\/wp\/v2\/pages\/1465\/revisions"}],"wp:attachment":[{"href":"https:\/\/chemuza.org\/it\/wp-json\/wp\/v2\/media?parent=1465"}],"curies":[{"name":"wp","href":"https:\/\/api.w.org\/{rel}","templated":true}]}}