{"id":1463,"date":"2023-07-14T17:14:44","date_gmt":"2023-07-14T17:14:44","guid":{"rendered":"https:\/\/chemuza.org\/it\/krypton\/"},"modified":"2023-07-14T17:14:44","modified_gmt":"2023-07-14T17:14:44","slug":"krypton","status":"publish","type":"page","link":"https:\/\/chemuza.org\/it\/krypton\/","title":{"rendered":"Krypton"},"content":{"rendered":"<p>Sapevi che circa 1 ppm di aria, ovvero lo 0,0001% dell&#8217;atmosfera terrestre, contiene l&#8217;elemento Krypton? Tuttavia, questo di solito non si ottiene molto facilmente. Inoltre, grazie alle sue propriet\u00e0, ha contribuito allo sviluppo degli studi sulla fusione nucleare. Scopri di seguito cos&#8217;\u00e8, le sue caratteristiche e i suoi utilizzi.<\/p>\n<h2> <strong>Cos&#8217;\u00e8 Krypton o Krypton?<\/strong><\/h2>\n<p> Il kripton \u00e8 un gas nobile che, a differenza degli altri elementi del Gruppo 18, emette una luce bianca incandescente quando eccitato in un campo elettrico. Infatti emette una propria luce o spettro giallo-verde e rosso-arancione. La sua struttura solida \u00e8 di colore bianco, tuttavia \u00e8 generalmente incolore, insapore e inodore quando \u00e8 in forma gassosa. Inoltre, \u00e8 monoatomico, con una reattivit\u00e0 molto bassa e tre volte pi\u00f9 denso dell&#8217;aria.<\/p>\n<h3> <strong>Simbolo di Kripton<\/strong><\/h3>\n<p> <span class=\"content-chemical-element\" style=\"float: left;width: 65px;height: 65px;border: 3px solid #666; display:flex;\n    justify-content: center;align-items: center;margin-right: 15px;\"><span style=\"font-size: 38px;\">Kr<\/span><\/span> Il simbolo di Krypton deriva dalla parola greca <em>kryptos<\/em> , che significa &#8221; <em>nascosto&#8221;.<\/em> Il gas riceve questo nome per la sua presenza estremamente ridotta, tanto da essere considerato nascosto, celato o occultato. Anche perch\u00e9 era difficile isolarlo.<\/p>\n<h2> <strong>Caratteristiche di Krypton<\/strong><\/h2>\n<p> Tra le caratteristiche del Krypton si distinguono la sua bassa solubilit\u00e0 in acqua, la sua densit\u00e0 di 2.413 g\/cm\u00b3 al punto di ebollizione e la sua difficolt\u00e0 a polarizzare i suoi atomi. Ha una struttura cristallina cubica a facce centrate, come il resto dei gas nobili. Controlla altri dati:<\/p>\n<ul>\n<li> <strong>Reattivit\u00e0 chimica<\/strong> : necessaria per formare composti, 6 isotopi stabili e 17 radioisotopi.<\/li>\n<li> <strong>Colore<\/strong> : allo stato gassoso \u00e8 incolore, allo stato solido \u00e8 bianco.<\/li>\n<li> <strong>Fusione e ebollizione<\/strong> : Pu\u00f2 cristallizzare a -157\u00baC, anche se richiede una temperatura vicina a -273,15\u00b0C per condensarsi allo stato liquido.<\/li>\n<li> <strong>Stato<\/strong> : In generale la sua fase ordinaria \u00e8 gassosa.<\/li>\n<li> <strong>Cambiamenti<\/strong> : Se la temperatura diminuisce, i suoi atomi si uniscono lentamente fino a formare un cristallo bianco. Possono anche essere contenuti nei clatrati, reti di molecole d&#8217;acqua.<\/li>\n<li> <strong>Temperatura<\/strong> : Con una temperatura di -189,15\u00b0 C visualizza una pressione di 1 kPa.<\/li>\n<li> <strong>Elettronegativit\u00e0<\/strong> : \u00e8 il primo gas raro a ricevere un valore di elettronegativit\u00e0 sulla scala di Pauling.<\/li>\n<li> <strong>Ordine magnetico<\/strong> : \u00e8 diamagnetico.<\/li>\n<li> <strong>Punto critico<\/strong> : 209,48 K<\/li>\n<li> <strong>Indice di ossidazione<\/strong> : nonostante i suoi atomi siano neutri, pu\u00f2 perdere elettroni creando legami con il fluoro, l&#8217;elemento pi\u00f9 elettronegativo.<\/li>\n<\/ul>\n<h2> <strong>Propriet\u00e0 chimiche e fisiche del kripton<\/strong><\/h2>\n<ol>\n<li> <strong>Numero atomico<\/strong> : 36<\/li>\n<li> <strong>Raggio covalente (\u00c5)<\/strong> : 230 pm<\/li>\n<li> <strong>Calore specifico<\/strong> : 248 J\/(K-kg)<\/li>\n<li> <strong>Massa atomica (g\/mol)<\/strong> : 83,80<\/li>\n<li> <strong>Entalpia di vaporizzazione<\/strong> : 9.029 kJ\/mol<\/li>\n<li> <strong>Stati di ossidazione<\/strong> : no<\/li>\n<li> <strong>Punto di fusione<\/strong> : \u2212157\u00b0C (115,79K)<\/li>\n<li> <strong>Entalpia di fusione<\/strong> : 1.638 kJ\/mol<\/li>\n<li> <strong>Ruggine<\/strong> : No<\/li>\n<li> <strong>Elettroni per livello<\/strong> : 2, 8, 18, 8<\/li>\n<li> <strong>Raggio atomico (\u00c5)<\/strong> : 88 pm<\/li>\n<li> <strong>Elettronegativit\u00e0<\/strong> : 3,00<\/li>\n<li> <strong>Densit\u00e0 (g\/ml)<\/strong> : (273 K) 3,708 kg\/m <sup>3<\/sup><\/li>\n<li> <strong>Punto di ebollizione<\/strong> : \u2212153\u00b0C (119,93K)<\/li>\n<li> <strong>Potenziale di prima ionizzazione (eV)<\/strong> : 1350,8 kJ\/mol<\/li>\n<li> <strong>Configurazione elettronica<\/strong> : [Ar]3d <sup>10<\/sup> 4s <sup>2<\/sup> 4p <sup>6<\/sup><\/li>\n<li> <strong>Velocit\u00e0 del suono<\/strong> : 1120 m\/s a 293,15 K<\/li>\n<\/ol>\n<h2> <strong>Origine di Krypton<\/strong><\/h2>\n<p> Fu scoperto dal chimico Sir William Ramsay, insieme al suo assistente Morris W. Travers, il 30 maggio 1898. Questi due inglesi liquefarono l&#8217;aria quindi effettuarono la distillazione frazionata. In questo modo, riscaldando eccessivamente l&#8217;aria liquida ed evaporando gran parte del campione, si ottennero le propriet\u00e0 del gas in questione.<\/p>\n<h2> <strong>A cosa serve Krypton?<\/strong><\/h2>\n<p> Esistono molte applicazioni, ad esempio viene utilizzato in dispositivi o dispositivi fabbricati per l&#8217;illuminazione come lampade flash ad alta velocit\u00e0. Allo stesso modo, la sua luce bianca viene utilizzata all&#8217;interno dei tubi del gas per creare l&#8217;effetto Neon. Osservare altri usi di questo gas:<\/p>\n<ul>\n<li> La luce bianca proveniente dall&#8217;elemento chimico Krypton viene utilizzata negli aeroporti come flash istantaneo per le piste.<\/li>\n<li> Viene aggiunto alle lampade fluorescenti ad Argon per aumentarne la durata, la luminosit\u00e0 e il costo.<\/li>\n<li> In alta definizione proiettori per spettacoli di luci o laser.<\/li>\n<li> Viene utilizzato nella produzione di laser a radiazione ultravioletta per chirurgia medica, fotolitografia, ricerca sulla fusione nucleare, modifica di composti solidi e microlavorazione di materiali.<\/li>\n<li> In medicina come anestesia, rilevatore di anomalie cardiache, risonanza magnetica e assorbitore di raggi X.<\/li>\n<\/ul>\n<h2> <strong>Da dove viene Krypton?<\/strong><\/h2>\n<p> \u00c8 un gas presente in tutta l&#8217;atmosfera terrestre e dal quale non pu\u00f2 fuoriuscire a causa del campo gravitazionale. Inoltre, si trova tra gas vulcanici, geyser, sorgenti termali, depositi di gas naturale e alcuni minerali, ma in piccole quantit\u00e0. Viene estratto dall&#8217;aria mediante liquefazione e distillazione frazionata. Un altro metodo prevede la fusione nucleare di uranio e plutonio.<\/p>\n<p> In conclusione, Krypton \u00e8 noto per il suo interessante spettro di colori verdi, nonostante sia un elemento chimico gassoso, il che significa che \u00e8 incolore, inodore e insapore. Inoltre ha poca reattivit\u00e0, una densit\u00e0 tre volte maggiore di quella dell&#8217;aria e un aspetto bianco allo stato solido.<\/p>\n","protected":false},"excerpt":{"rendered":"<p>Sapevi che circa 1 ppm di aria, ovvero lo 0,0001% dell&#8217;atmosfera terrestre, contiene l&#8217;elemento Krypton? Tuttavia, questo di solito non si ottiene molto facilmente. Inoltre, grazie alle sue propriet\u00e0, ha contribuito allo sviluppo degli studi sulla fusione nucleare. Scopri di seguito cos&#8217;\u00e8, le sue caratteristiche e i suoi utilizzi. Cos&#8217;\u00e8 Krypton o Krypton? Il kripton &#8230; <a title=\"Krypton\" class=\"read-more\" href=\"https:\/\/chemuza.org\/it\/krypton\/\" aria-label=\"More on Krypton\">Per saperne di pi\u00f9<\/a><\/p>\n","protected":false},"author":1,"featured_media":0,"parent":0,"menu_order":0,"comment_status":"closed","ping_status":"closed","template":"","meta":{"footnotes":""},"yoast_head":"<!-- This site is optimized with the Yoast SEO plugin v21.4 - https:\/\/yoast.com\/wordpress\/plugins\/seo\/ -->\n<title>Kripton-Chemuza<\/title>\n<meta name=\"robots\" content=\"index, follow, max-snippet:-1, max-image-preview:large, max-video-preview:-1\" \/>\n<link rel=\"canonical\" href=\"https:\/\/chemuza.org\/it\/krypton\/\" \/>\n<meta property=\"og:locale\" content=\"it_IT\" \/>\n<meta property=\"og:type\" content=\"article\" \/>\n<meta property=\"og:title\" content=\"Kripton-Chemuza\" \/>\n<meta property=\"og:description\" content=\"Sapevi che circa 1 ppm di aria, ovvero lo 0,0001% dell&#8217;atmosfera terrestre, contiene l&#8217;elemento Krypton? Tuttavia, questo di solito non si ottiene molto facilmente. Inoltre, grazie alle sue propriet\u00e0, ha contribuito allo sviluppo degli studi sulla fusione nucleare. Scopri di seguito cos&#8217;\u00e8, le sue caratteristiche e i suoi utilizzi. Cos&#8217;\u00e8 Krypton o Krypton? Il kripton ... Per saperne di pi\u00f9\" \/>\n<meta property=\"og:url\" content=\"https:\/\/chemuza.org\/it\/krypton\/\" \/>\n<meta property=\"og:site_name\" content=\"Chemuza\" \/>\n<meta name=\"twitter:card\" content=\"summary_large_image\" \/>\n<meta name=\"twitter:label1\" content=\"Tempo di lettura stimato\" \/>\n\t<meta name=\"twitter:data1\" content=\"4 minuti\" \/>\n<script type=\"application\/ld+json\" class=\"yoast-schema-graph\">{\"@context\":\"https:\/\/schema.org\",\"@graph\":[{\"@type\":\"WebPage\",\"@id\":\"https:\/\/chemuza.org\/it\/krypton\/\",\"url\":\"https:\/\/chemuza.org\/it\/krypton\/\",\"name\":\"Kripton-Chemuza\",\"isPartOf\":{\"@id\":\"https:\/\/chemuza.org\/it\/#website\"},\"datePublished\":\"2023-07-14T17:14:44+00:00\",\"dateModified\":\"2023-07-14T17:14:44+00:00\",\"breadcrumb\":{\"@id\":\"https:\/\/chemuza.org\/it\/krypton\/#breadcrumb\"},\"inLanguage\":\"it-IT\",\"potentialAction\":[{\"@type\":\"ReadAction\",\"target\":[\"https:\/\/chemuza.org\/it\/krypton\/\"]}]},{\"@type\":\"BreadcrumbList\",\"@id\":\"https:\/\/chemuza.org\/it\/krypton\/#breadcrumb\",\"itemListElement\":[{\"@type\":\"ListItem\",\"position\":1,\"name\":\"Casa\",\"item\":\"https:\/\/chemuza.org\/it\/\"},{\"@type\":\"ListItem\",\"position\":2,\"name\":\"Krypton\"}]},{\"@type\":\"WebSite\",\"@id\":\"https:\/\/chemuza.org\/it\/#website\",\"url\":\"https:\/\/chemuza.org\/it\/\",\"name\":\"Chemuza\",\"description\":\"La tua porta d&#039;accesso alla scoperta chimica!\",\"publisher\":{\"@id\":\"https:\/\/chemuza.org\/it\/#organization\"},\"potentialAction\":[{\"@type\":\"SearchAction\",\"target\":{\"@type\":\"EntryPoint\",\"urlTemplate\":\"https:\/\/chemuza.org\/it\/?s={search_term_string}\"},\"query-input\":\"required name=search_term_string\"}],\"inLanguage\":\"it-IT\"},{\"@type\":\"Organization\",\"@id\":\"https:\/\/chemuza.org\/it\/#organization\",\"name\":\"Chemuza\",\"url\":\"https:\/\/chemuza.org\/it\/\",\"logo\":{\"@type\":\"ImageObject\",\"inLanguage\":\"it-IT\",\"@id\":\"https:\/\/chemuza.org\/it\/#\/schema\/logo\/image\/\",\"url\":\"https:\/\/chemuza.org\/it\/wp-content\/uploads\/2023\/10\/chemuza-logo.png\",\"contentUrl\":\"https:\/\/chemuza.org\/it\/wp-content\/uploads\/2023\/10\/chemuza-logo.png\",\"width\":387,\"height\":70,\"caption\":\"Chemuza\"},\"image\":{\"@id\":\"https:\/\/chemuza.org\/it\/#\/schema\/logo\/image\/\"}}]}<\/script>\n<!-- \/ Yoast SEO plugin. -->","yoast_head_json":{"title":"Kripton-Chemuza","robots":{"index":"index","follow":"follow","max-snippet":"max-snippet:-1","max-image-preview":"max-image-preview:large","max-video-preview":"max-video-preview:-1"},"canonical":"https:\/\/chemuza.org\/it\/krypton\/","og_locale":"it_IT","og_type":"article","og_title":"Kripton-Chemuza","og_description":"Sapevi che circa 1 ppm di aria, ovvero lo 0,0001% dell&#8217;atmosfera terrestre, contiene l&#8217;elemento Krypton? Tuttavia, questo di solito non si ottiene molto facilmente. Inoltre, grazie alle sue propriet\u00e0, ha contribuito allo sviluppo degli studi sulla fusione nucleare. Scopri di seguito cos&#8217;\u00e8, le sue caratteristiche e i suoi utilizzi. Cos&#8217;\u00e8 Krypton o Krypton? Il kripton ... Per saperne di pi\u00f9","og_url":"https:\/\/chemuza.org\/it\/krypton\/","og_site_name":"Chemuza","twitter_card":"summary_large_image","twitter_misc":{"Tempo di lettura stimato":"4 minuti"},"schema":{"@context":"https:\/\/schema.org","@graph":[{"@type":"WebPage","@id":"https:\/\/chemuza.org\/it\/krypton\/","url":"https:\/\/chemuza.org\/it\/krypton\/","name":"Kripton-Chemuza","isPartOf":{"@id":"https:\/\/chemuza.org\/it\/#website"},"datePublished":"2023-07-14T17:14:44+00:00","dateModified":"2023-07-14T17:14:44+00:00","breadcrumb":{"@id":"https:\/\/chemuza.org\/it\/krypton\/#breadcrumb"},"inLanguage":"it-IT","potentialAction":[{"@type":"ReadAction","target":["https:\/\/chemuza.org\/it\/krypton\/"]}]},{"@type":"BreadcrumbList","@id":"https:\/\/chemuza.org\/it\/krypton\/#breadcrumb","itemListElement":[{"@type":"ListItem","position":1,"name":"Casa","item":"https:\/\/chemuza.org\/it\/"},{"@type":"ListItem","position":2,"name":"Krypton"}]},{"@type":"WebSite","@id":"https:\/\/chemuza.org\/it\/#website","url":"https:\/\/chemuza.org\/it\/","name":"Chemuza","description":"La tua porta d&#039;accesso alla scoperta chimica!","publisher":{"@id":"https:\/\/chemuza.org\/it\/#organization"},"potentialAction":[{"@type":"SearchAction","target":{"@type":"EntryPoint","urlTemplate":"https:\/\/chemuza.org\/it\/?s={search_term_string}"},"query-input":"required name=search_term_string"}],"inLanguage":"it-IT"},{"@type":"Organization","@id":"https:\/\/chemuza.org\/it\/#organization","name":"Chemuza","url":"https:\/\/chemuza.org\/it\/","logo":{"@type":"ImageObject","inLanguage":"it-IT","@id":"https:\/\/chemuza.org\/it\/#\/schema\/logo\/image\/","url":"https:\/\/chemuza.org\/it\/wp-content\/uploads\/2023\/10\/chemuza-logo.png","contentUrl":"https:\/\/chemuza.org\/it\/wp-content\/uploads\/2023\/10\/chemuza-logo.png","width":387,"height":70,"caption":"Chemuza"},"image":{"@id":"https:\/\/chemuza.org\/it\/#\/schema\/logo\/image\/"}}]}},"yoast_meta":{"yoast_wpseo_title":"","yoast_wpseo_metadesc":"","yoast_wpseo_canonical":""},"_links":{"self":[{"href":"https:\/\/chemuza.org\/it\/wp-json\/wp\/v2\/pages\/1463"}],"collection":[{"href":"https:\/\/chemuza.org\/it\/wp-json\/wp\/v2\/pages"}],"about":[{"href":"https:\/\/chemuza.org\/it\/wp-json\/wp\/v2\/types\/page"}],"author":[{"embeddable":true,"href":"https:\/\/chemuza.org\/it\/wp-json\/wp\/v2\/users\/1"}],"replies":[{"embeddable":true,"href":"https:\/\/chemuza.org\/it\/wp-json\/wp\/v2\/comments?post=1463"}],"version-history":[{"count":0,"href":"https:\/\/chemuza.org\/it\/wp-json\/wp\/v2\/pages\/1463\/revisions"}],"wp:attachment":[{"href":"https:\/\/chemuza.org\/it\/wp-json\/wp\/v2\/media?parent=1463"}],"curies":[{"name":"wp","href":"https:\/\/api.w.org\/{rel}","templated":true}]}}