{"id":1462,"date":"2023-07-14T17:36:59","date_gmt":"2023-07-14T17:36:59","guid":{"rendered":"https:\/\/chemuza.org\/it\/bromo\/"},"modified":"2023-07-14T17:36:59","modified_gmt":"2023-07-14T17:36:59","slug":"bromo","status":"publish","type":"page","link":"https:\/\/chemuza.org\/it\/bromo\/","title":{"rendered":"Bromo"},"content":{"rendered":"<p>Allo stato naturale il Bromo \u00e8 presente nei mari sotto forma di bromuri. Inoltre, si trova nei depositi sotterranei di salamoia, che si ossidano con il cloro durante la sua estrazione. \u00c8 un elemento liquido irritante a temperatura ambiente, molto corrosivo. Scopri di pi\u00f9 sulle sue caratteristiche chimiche e su come vengono utilizzate le sue propriet\u00e0.<\/p>\n<h2> <strong>Cos&#8217;\u00e8 il bromo?<\/strong><\/h2>\n<p> \u00c8 un elemento chimico segnato con il numero atomico 35 nella tavola periodica, appartenente agli alogenuri. \u00c8 di consistenza liquida, di colore rosso, denso, molto volatile, con elevata reattivit\u00e0 chimica, intermedia tra iodio e cloro. Inoltre, \u00e8 l&#8217;unico composto fluido non metallico che presenta pressione e temperatura stabili.<\/p>\n<h3> <strong>Simbolo del bromo<\/strong><\/h3>\n<p> <span class=\"content-chemical-element\" style=\"float: left; width: 65px; height: 65px; border: 3px solid #666; display: flex; justify-content: center; align-items: center; margin-right: 15px;\"><span style=\"font-size: 38px;\">Br<\/span><\/span> il nome deriva dal greco bromos, il cui significato \u00e8 fetore, fetore o pestilenza. Nel 1826 fu scoperto dal chimico Antoine-J\u00e9r\u00f4me Balard, il quale not\u00f2 che allo stato naturale emanava vapori dagli odori forti e molto sgradevoli.<\/p>\n<h2> <strong>Caratteristiche del bromo<\/strong><\/h2>\n<p> \u00c8 un alogeno situato nel gruppo 17, periodo 4 e blocco p della tavola periodica. Ha un nucleo stabile di 35 protoni. Volatilizza facilmente alle alte temperature formando un gas di colore rosso intenso. Inoltre, altre propriet\u00e0 sono:<\/p>\n<ul>\n<li> <strong>Stato<\/strong> : liquido, denso con elevata volatilit\u00e0. Durante l&#8217;ebollizione si trasforma allo stato gassoso.<\/li>\n<li> <strong>Colore<\/strong> : rosso scuro metallizzato.<\/li>\n<li> <strong>Sapore e odore<\/strong> : \u00e8 amaro, con odore soffocante e intollerabile.<\/li>\n<li> <strong>Composizione<\/strong> : \u00c8 costituito da molecole biatomiche molto attive.<\/li>\n<li> <strong>Tossicit\u00e0<\/strong> : \u00e8 elevata e provoca notevoli danni agli organi vitali e all&#8217;atmosfera.<\/li>\n<li> <strong>Reattivit\u00e0<\/strong> : Molto corrosivo per i metalli ferrosi.<\/li>\n<li> <strong>Solubilit\u00e0<\/strong> : \u00e8 debole in acqua, ma attivo in etere, cloroformio, alcool e tetracloruro di carbonio.<\/li>\n<li> <strong>Cristallizzazione<\/strong> : Allo stato gassoso le molecole dell&#8217;elemento chimico Bromo si separano. Tuttavia, al di sotto del punto di fusione, congela e forma cristalli ortorombici rossi.<\/li>\n<\/ul>\n<h2> <strong>Propriet\u00e0 chimiche e fisiche del bromo<\/strong><\/h2>\n<ol>\n<li> <strong>Numero atomico<\/strong> : 35<\/li>\n<li> <strong>Periodo<\/strong> : 4<\/li>\n<li> <strong>Blocca<\/strong> \ud83d\ude1b<\/li>\n<li> <strong>Gruppo<\/strong> : 17<\/li>\n<li> <strong>Raggio covalente (\u00c5):<\/strong> 114 pm<\/li>\n<li> <strong>Densit\u00e0: 3119<\/strong> Kg\/m3<\/li>\n<li> <strong>punto di ebollizione:<\/strong> 59\u00b0C<\/li>\n<li> <strong>Punto di fusione:<\/strong> -7\u00b0C<\/li>\n<li> <strong>Raggio atomico:<\/strong> 94 ore<\/li>\n<li> <strong>Radio media:<\/strong> 23:00<\/li>\n<li> <strong>Elettroni per guscio:<\/strong> 2, 8, 18, 7<\/li>\n<li> <strong>Elettronegativit\u00e0:<\/strong> 2,96<\/li>\n<li> <strong>Calore specifico:<\/strong> 480 J \/ (K kg)<\/li>\n<li> <strong>Stato di ossidazione<\/strong> : -1, +1, +3, +5<\/li>\n<li> <strong>Configurazione elettronica:<\/strong> [Ar] 4s23d104p5<\/li>\n<li> <strong>Massa atomica (g\/mol):<\/strong> 79.904 u<\/li>\n<li> <strong>Conduttivit\u00e0 termica:<\/strong> 0,122 W\/(Km)<\/li>\n<\/ol>\n<h2> <strong>Origine del bromo<\/strong><\/h2>\n<p> Fu scoperto dai chimici Carl Jacob L\u00f6wig e Antoine Balard all&#8217;incirca negli anni 1825 e 1826. Nel caso di Carl L\u00f6wig, raccolse l&#8217;acqua da un lago, vi aggiunse cloro ed etere che, una volta mescolati, divennero un colore rossastro e sostanza densa.<\/p>\n<p> Da parte sua, Antoine Balard ha combinato le ceneri con la salamoia per isolare l&#8217;elemento. Poi lo distill\u00f2 con biossido di manganese, ottenendo la formazione di vapori rossi che, condensati, rivelarono un liquido rossastro molto scuro. Successivamente, a partire dal 1958, si cominci\u00f2 a produrlo in quantit\u00e0 maggiori, perch\u00e9 in quell&#8217;anno furono scoperti giacimenti di sali ricchi di questo elemento.<\/p>\n<h2> <strong>A cosa serve il bromo?<\/strong><\/h2>\n<p> Questo elemento forma composti inorganici e organici utilizzati industrialmente per purificare l&#8217;acqua, rimuovere i parassiti e ossidare i composti del petrolio. Viene inoltre utilizzato come colorante per sostanze chimiche e per le seguenti applicazioni:<\/p>\n<h3> <strong>additivo per benzina<\/strong><\/h3>\n<p> Il composto dibromuro di etilene elimina i residui di piombo nei motori delle automobili. In questo modo il carburante funziona in modo pi\u00f9 preciso e la vita del veicolo si allunga.<\/p>\n<h3> <strong>Minimizzare l&#8217;azione di Mercurio<\/strong><\/h3>\n<p> Viene utilizzato in impianti particolari per ridurre l&#8217;azione del mercurio, metallo che si distingue per la sua tossicit\u00e0. Ci\u00f2 \u00e8 dovuto all&#8217;azione corrosiva del bromo sui metalli.<\/p>\n<h3> <strong>azioni medicinali<\/strong><\/h3>\n<p> I bromuri sotto forma di sali vengono utilizzati nella preparazione di anticonvulsivanti. Inoltre, i composti bromurati vengono utilizzati come ingredienti nei farmaci analgesici, sedativi e antistaminici. Inoltre, vengono utilizzati nei farmaci per il trattamento della polmonite e della tossicodipendenza.<\/p>\n<h3> <strong>ritardante di fiamma<\/strong><\/h3>\n<p> Quando il liquido entra in contatto con le fiamme, si trasforma in acido bromidrico, un composto che impedisce al fuoco di ossidarsi e lo spegne. Questa propriet\u00e0 lo rende utile nell&#8217;utilizzo di polimeri e resine che ritardano l&#8217;azione del fuoco.<\/p>\n<h2> <strong>Dove si trova il bromo?<\/strong><\/h2>\n<p> Di solito viene estratto commercialmente dalle miniere di sale e dalle salamoie trovate in Arkansas e Utah, negli Stati Uniti. Durante il processo di estrazione, alla salamoia viene aggiunto cloro gassoso caldo per ossidare i composti del bromuro. L&#8217;obiettivo \u00e8 ottenere Bromo puro.<\/p>\n<p> In sintesi, il bromo \u00e8 un elemento alogenuro, denso, liquido, rosso e stabile a temperatura ambiente. Si distingue per l&#8217;odore irritante, la tossicit\u00e0 e la reattivit\u00e0, pertanto va utilizzato con cautela. Tuttavia, i suoi composti organici e inorganici sono vitali nel settore industriale e medico.<\/p>\n","protected":false},"excerpt":{"rendered":"<p>Allo stato naturale il Bromo \u00e8 presente nei mari sotto forma di bromuri. Inoltre, si trova nei depositi sotterranei di salamoia, che si ossidano con il cloro durante la sua estrazione. \u00c8 un elemento liquido irritante a temperatura ambiente, molto corrosivo. Scopri di pi\u00f9 sulle sue caratteristiche chimiche e su come vengono utilizzate le sue &#8230; <a title=\"Bromo\" class=\"read-more\" href=\"https:\/\/chemuza.org\/it\/bromo\/\" aria-label=\"More on Bromo\">Per saperne di pi\u00f9<\/a><\/p>\n","protected":false},"author":1,"featured_media":0,"parent":0,"menu_order":0,"comment_status":"closed","ping_status":"closed","template":"","meta":{"footnotes":""},"yoast_head":"<!-- This site is optimized with the Yoast SEO plugin v21.4 - https:\/\/yoast.com\/wordpress\/plugins\/seo\/ -->\n<title>Bromo - Chemuza<\/title>\n<meta name=\"robots\" content=\"index, follow, max-snippet:-1, max-image-preview:large, max-video-preview:-1\" \/>\n<link rel=\"canonical\" href=\"https:\/\/chemuza.org\/it\/bromo\/\" \/>\n<meta property=\"og:locale\" content=\"it_IT\" \/>\n<meta property=\"og:type\" content=\"article\" \/>\n<meta property=\"og:title\" content=\"Bromo - Chemuza\" \/>\n<meta property=\"og:description\" content=\"Allo stato naturale il Bromo \u00e8 presente nei mari sotto forma di bromuri. Inoltre, si trova nei depositi sotterranei di salamoia, che si ossidano con il cloro durante la sua estrazione. \u00c8 un elemento liquido irritante a temperatura ambiente, molto corrosivo. Scopri di pi\u00f9 sulle sue caratteristiche chimiche e su come vengono utilizzate le sue ... Per saperne di pi\u00f9\" \/>\n<meta property=\"og:url\" content=\"https:\/\/chemuza.org\/it\/bromo\/\" \/>\n<meta property=\"og:site_name\" content=\"Chemuza\" \/>\n<meta name=\"twitter:card\" content=\"summary_large_image\" \/>\n<meta name=\"twitter:label1\" content=\"Tempo di lettura stimato\" \/>\n\t<meta name=\"twitter:data1\" content=\"4 minuti\" \/>\n<script type=\"application\/ld+json\" class=\"yoast-schema-graph\">{\"@context\":\"https:\/\/schema.org\",\"@graph\":[{\"@type\":\"WebPage\",\"@id\":\"https:\/\/chemuza.org\/it\/bromo\/\",\"url\":\"https:\/\/chemuza.org\/it\/bromo\/\",\"name\":\"Bromo - Chemuza\",\"isPartOf\":{\"@id\":\"https:\/\/chemuza.org\/it\/#website\"},\"datePublished\":\"2023-07-14T17:36:59+00:00\",\"dateModified\":\"2023-07-14T17:36:59+00:00\",\"breadcrumb\":{\"@id\":\"https:\/\/chemuza.org\/it\/bromo\/#breadcrumb\"},\"inLanguage\":\"it-IT\",\"potentialAction\":[{\"@type\":\"ReadAction\",\"target\":[\"https:\/\/chemuza.org\/it\/bromo\/\"]}]},{\"@type\":\"BreadcrumbList\",\"@id\":\"https:\/\/chemuza.org\/it\/bromo\/#breadcrumb\",\"itemListElement\":[{\"@type\":\"ListItem\",\"position\":1,\"name\":\"Casa\",\"item\":\"https:\/\/chemuza.org\/it\/\"},{\"@type\":\"ListItem\",\"position\":2,\"name\":\"Bromo\"}]},{\"@type\":\"WebSite\",\"@id\":\"https:\/\/chemuza.org\/it\/#website\",\"url\":\"https:\/\/chemuza.org\/it\/\",\"name\":\"Chemuza\",\"description\":\"La tua porta d&#039;accesso alla scoperta chimica!\",\"publisher\":{\"@id\":\"https:\/\/chemuza.org\/it\/#organization\"},\"potentialAction\":[{\"@type\":\"SearchAction\",\"target\":{\"@type\":\"EntryPoint\",\"urlTemplate\":\"https:\/\/chemuza.org\/it\/?s={search_term_string}\"},\"query-input\":\"required name=search_term_string\"}],\"inLanguage\":\"it-IT\"},{\"@type\":\"Organization\",\"@id\":\"https:\/\/chemuza.org\/it\/#organization\",\"name\":\"Chemuza\",\"url\":\"https:\/\/chemuza.org\/it\/\",\"logo\":{\"@type\":\"ImageObject\",\"inLanguage\":\"it-IT\",\"@id\":\"https:\/\/chemuza.org\/it\/#\/schema\/logo\/image\/\",\"url\":\"https:\/\/chemuza.org\/it\/wp-content\/uploads\/2023\/10\/chemuza-logo.png\",\"contentUrl\":\"https:\/\/chemuza.org\/it\/wp-content\/uploads\/2023\/10\/chemuza-logo.png\",\"width\":387,\"height\":70,\"caption\":\"Chemuza\"},\"image\":{\"@id\":\"https:\/\/chemuza.org\/it\/#\/schema\/logo\/image\/\"}}]}<\/script>\n<!-- \/ Yoast SEO plugin. -->","yoast_head_json":{"title":"Bromo - Chemuza","robots":{"index":"index","follow":"follow","max-snippet":"max-snippet:-1","max-image-preview":"max-image-preview:large","max-video-preview":"max-video-preview:-1"},"canonical":"https:\/\/chemuza.org\/it\/bromo\/","og_locale":"it_IT","og_type":"article","og_title":"Bromo - Chemuza","og_description":"Allo stato naturale il Bromo \u00e8 presente nei mari sotto forma di bromuri. Inoltre, si trova nei depositi sotterranei di salamoia, che si ossidano con il cloro durante la sua estrazione. \u00c8 un elemento liquido irritante a temperatura ambiente, molto corrosivo. Scopri di pi\u00f9 sulle sue caratteristiche chimiche e su come vengono utilizzate le sue ... Per saperne di pi\u00f9","og_url":"https:\/\/chemuza.org\/it\/bromo\/","og_site_name":"Chemuza","twitter_card":"summary_large_image","twitter_misc":{"Tempo di lettura stimato":"4 minuti"},"schema":{"@context":"https:\/\/schema.org","@graph":[{"@type":"WebPage","@id":"https:\/\/chemuza.org\/it\/bromo\/","url":"https:\/\/chemuza.org\/it\/bromo\/","name":"Bromo - Chemuza","isPartOf":{"@id":"https:\/\/chemuza.org\/it\/#website"},"datePublished":"2023-07-14T17:36:59+00:00","dateModified":"2023-07-14T17:36:59+00:00","breadcrumb":{"@id":"https:\/\/chemuza.org\/it\/bromo\/#breadcrumb"},"inLanguage":"it-IT","potentialAction":[{"@type":"ReadAction","target":["https:\/\/chemuza.org\/it\/bromo\/"]}]},{"@type":"BreadcrumbList","@id":"https:\/\/chemuza.org\/it\/bromo\/#breadcrumb","itemListElement":[{"@type":"ListItem","position":1,"name":"Casa","item":"https:\/\/chemuza.org\/it\/"},{"@type":"ListItem","position":2,"name":"Bromo"}]},{"@type":"WebSite","@id":"https:\/\/chemuza.org\/it\/#website","url":"https:\/\/chemuza.org\/it\/","name":"Chemuza","description":"La tua porta d&#039;accesso alla scoperta chimica!","publisher":{"@id":"https:\/\/chemuza.org\/it\/#organization"},"potentialAction":[{"@type":"SearchAction","target":{"@type":"EntryPoint","urlTemplate":"https:\/\/chemuza.org\/it\/?s={search_term_string}"},"query-input":"required name=search_term_string"}],"inLanguage":"it-IT"},{"@type":"Organization","@id":"https:\/\/chemuza.org\/it\/#organization","name":"Chemuza","url":"https:\/\/chemuza.org\/it\/","logo":{"@type":"ImageObject","inLanguage":"it-IT","@id":"https:\/\/chemuza.org\/it\/#\/schema\/logo\/image\/","url":"https:\/\/chemuza.org\/it\/wp-content\/uploads\/2023\/10\/chemuza-logo.png","contentUrl":"https:\/\/chemuza.org\/it\/wp-content\/uploads\/2023\/10\/chemuza-logo.png","width":387,"height":70,"caption":"Chemuza"},"image":{"@id":"https:\/\/chemuza.org\/it\/#\/schema\/logo\/image\/"}}]}},"yoast_meta":{"yoast_wpseo_title":"","yoast_wpseo_metadesc":"","yoast_wpseo_canonical":""},"_links":{"self":[{"href":"https:\/\/chemuza.org\/it\/wp-json\/wp\/v2\/pages\/1462"}],"collection":[{"href":"https:\/\/chemuza.org\/it\/wp-json\/wp\/v2\/pages"}],"about":[{"href":"https:\/\/chemuza.org\/it\/wp-json\/wp\/v2\/types\/page"}],"author":[{"embeddable":true,"href":"https:\/\/chemuza.org\/it\/wp-json\/wp\/v2\/users\/1"}],"replies":[{"embeddable":true,"href":"https:\/\/chemuza.org\/it\/wp-json\/wp\/v2\/comments?post=1462"}],"version-history":[{"count":0,"href":"https:\/\/chemuza.org\/it\/wp-json\/wp\/v2\/pages\/1462\/revisions"}],"wp:attachment":[{"href":"https:\/\/chemuza.org\/it\/wp-json\/wp\/v2\/media?parent=1462"}],"curies":[{"name":"wp","href":"https:\/\/api.w.org\/{rel}","templated":true}]}}