{"id":1461,"date":"2023-07-14T18:16:44","date_gmt":"2023-07-14T18:16:44","guid":{"rendered":"https:\/\/chemuza.org\/it\/arsenico\/"},"modified":"2023-07-14T18:16:44","modified_gmt":"2023-07-14T18:16:44","slug":"arsenico","status":"publish","type":"page","link":"https:\/\/chemuza.org\/it\/arsenico\/","title":{"rendered":"Arsenico"},"content":{"rendered":"<p>L&#8217;arsenico \u00e8 un elemento e un minerale ampiamente distribuito in natura. Le sue fonti principali sono l\u2019acqua, il suolo, il cibo e l\u2019aria. \u00c8 resistente senza deteriorarsi e si combina nella sua forma naturale con altri minerali per formare composti ampiamente utilizzati nell&#8217;industria. Di seguito sono elencate le sue caratteristiche, usi e altro.<\/p>\n<h2> <strong>Cos&#8217;\u00e8 l&#8217;arsenico?<\/strong><\/h2>\n<p> \u00c8 un elemento chimico appartenente alla famiglia dei metalloidi o semimetalli della tavola periodica. \u00c8 di colore grigio brillante con numero atomico 33, capace di formare composti tossici a causa della sua elevata tossicit\u00e0. Inoltre, si presenta allo stato solido sotto forma di solfuri utilizzati nella produzione di cristalli come depuratori dalle impurit\u00e0 e nella produzione di gas tossici.<\/p>\n<h3> <strong>Simbolo dell&#8217;arsenico<\/strong><\/h3>\n<p> <span class=\"content-chemical-element\" style=\"float: left;width: 65px;height: 65px;border: 3px solid #666; display:flex;\n    justify-content: center;align-items: center;margin-right: 15px;\"><span style=\"font-size: 38px;\">Perch\u00e9<\/span><\/span> il nome deriva dal persiano zarnikh, orpimento giallo e dal greco arsenikon che significa virile. Nell&#8217;antichit\u00e0 veniva utilizzato come pigmento giallo che i Greci associavano al sesso maschile, da qui il suo nome. Inoltre i romani gli diedero il titolo di orpimente data la sua tonalit\u00e0 giallo intenso.<\/p>\n<h2> <strong>Caratteristiche dell&#8217;arsenico<\/strong><\/h2>\n<p> \u00c8 un metalloide perch\u00e9 ha propriet\u00e0 medie tra i metalli di transizione e i non metalli. Si trova nel periodo 4 e gruppo 15 della tavola periodica sotto il simbolo A. Le altre caratteristiche dell&#8217;Arsenico sono:<\/p>\n<ul>\n<li> <strong>Condizione<\/strong> : solido ordinario.<\/li>\n<li> <strong>Colore<\/strong> : grigio metallizzato.<\/li>\n<li> <strong>Sapore e odore<\/strong> : non ha un sapore caratteristico, ma il suo odore \u00e8 simile a quello dell&#8217;aglio.<\/li>\n<li> <strong>Allotropia:<\/strong> presenta tre stati allotropici, grigio, giallo e nero. In queste tre sfaccettature conduce elettricit\u00e0, calore e forma gas durante l&#8217;evaporazione.<\/li>\n<li> <strong>Tossicit\u00e0<\/strong> : Varia a seconda dei composti che forma, a seconda che siano organici, i pi\u00f9 tossici, inorganici e arsinici.<\/li>\n<li> <strong>Reattivit\u00e0<\/strong> : Molto violenta, soprattutto con alogeni e forti ossidanti, al punto da provocare incendi.<\/li>\n<li> <strong>Struttura<\/strong> : varia a seconda della sua forma allotropica. Il grigio e il giallo sono romboedrici e il nero \u00e8 esagonale.<\/li>\n<li> <strong>Solubilit\u00e0<\/strong> : l&#8217;arsenico in acqua \u00e8 insolubile, ma si dissolve facilmente negli acidi forti.<\/li>\n<\/ul>\n<h2> <strong>Propriet\u00e0 chimiche e fisiche dell&#8217;arsenico<\/strong><\/h2>\n<ol>\n<li> <strong>Numero atomico<\/strong> : 33<\/li>\n<li> <strong>Periodo<\/strong> : 4<\/li>\n<li> <strong>Blocca<\/strong> \ud83d\ude1b<\/li>\n<li> <strong>Gruppo<\/strong> : 15<\/li>\n<li> <strong>Stato di ossidazione<\/strong> : +3, -3, 5<\/li>\n<li> <strong>Raggio covalente (\u00c5):<\/strong> 13:19<\/li>\n<li> <strong>Raggio ionico:<\/strong> 0,47<\/li>\n<li> <strong>Raggio medio:<\/strong> 13:15<\/li>\n<li> <strong>Densit\u00e0:<\/strong> 5,72 Kg\/m3<\/li>\n<li> <strong>Potenziale di prima ionizzazione<\/strong> (eV): 10.08 <strong>&nbsp;<\/strong><\/li>\n<li> <strong>Punto di ebollizione:<\/strong> 613\u00b0C<\/li>\n<li> <strong>Punto di fusione:<\/strong> 817\u00b0C<\/li>\n<li> <strong>Raggio atomico:<\/strong> 13:39<\/li>\n<li> <strong>Elettroni per guscio:<\/strong> 2, 8, 18 <strong>,<\/strong> 5<\/li>\n<li> <strong>Elettronegativit\u00e0:<\/strong> 2.1<\/li>\n<li> <strong>Calore specifico:<\/strong> 330 J \/ (K kg)<\/li>\n<li> <strong>Configurazione elettronica:<\/strong> [Ar] 3d104s24p3<\/li>\n<li> <strong>Massa atomica (g\/mol):<\/strong> 74.922u<\/li>\n<li> <strong>Conduttivit\u00e0 termica:<\/strong> 50 W\/(Km)<\/li>\n<\/ol>\n<h2> <strong>Origine dell&#8217;arsenico<\/strong><\/h2>\n<p> Questo elemento risale al BC come era conosciuto nella cultura egiziana e veniva utilizzato come colorante metallico. Inoltre, nel IV secolo ricevette il nome di Arsenico, per il suo colore giallo simile all&#8217;oro. Successivamente, nel 1250, fu scoperto grazie al chimico tedesco Alberto Magno, che lo classific\u00f2 come elemento e minerale. Tuttavia, nel 1633, fu Brandt a studiarlo a fondo e riusc\u00ec a isolarlo per formare dei composti.<\/p>\n<h2> <strong>A cosa serve l&#8217;arsenico?<\/strong><\/h2>\n<p> Le applicazioni dell&#8217;arsenico si estendono alla produzione di leghe di rame e piombo, pigmenti, tessuti, adesivi metallici, nonch\u00e9 alla lavorazione di carta e vetro. Inoltre, viene utilizzato nella concia delle pelli, nella produzione additiva, nei prodotti farmaceutici e nei pesticidi. Altri usi comuni sono:<\/p>\n<ul>\n<li> I composti di piombo e arseniato di cromo vengono utilizzati per preservare il legno.<\/li>\n<li> L&#8217;arseniuro di gallio \u00e8 utilizzato come semiconduttore nei circuiti elettrici.<\/li>\n<li> L&#8217;arsenico \u00e8 utilizzato nella costruzione di LED e diodi laser.<\/li>\n<li> Viene utilizzato nella produzione di potenti veleni ed erbicidi.<\/li>\n<li> Viene utilizzato per decorare vetri e cristalli.<\/li>\n<li> \u00c8 un principio attivo degli alimenti di origine animale nella prevenzione delle malattie.<\/li>\n<li> Viene utilizzato in piccole quantit\u00e0 nei trattamenti contro i tumori di tipo leucemia.<\/li>\n<li> Viene utilizzato nella produzione di soluzioni mediche contro la psoriasi.<\/li>\n<\/ul>\n<h2> <strong>Cosa fa l&#8217;arsenico nel corpo umano?<\/strong><\/h2>\n<p> \u00c8 noto che questo elemento chimico \u00e8 presente in alcuni alimenti e nell&#8217;acqua in basse concentrazioni. Tuttavia, un\u2019esposizione elevata e prolungata pu\u00f2 essere dannosa per la salute. Non \u00e8 esagerato affermare che provoca gravi lesioni cutanee, tumori, diabete, neurotossicit\u00e0 e malattie cardiovascolari. Altri effetti dell&#8217;avvelenamento da arsenico sono:<\/p>\n<ul>\n<li> Irritazione dello stomaco e dell&#8217;intestino.<\/li>\n<li> Diminuzione della formazione di globuli rossi e bianchi.<\/li>\n<li> Ci\u00f2 colpisce la pelle, causando eruzioni cutanee.<\/li>\n<li> Ci\u00f2 provoca infertilit\u00e0 e aborti.<\/li>\n<li> Provoca danni cerebrali nelle donne e negli uomini.<\/li>\n<li> Nel suo stato inorganico danneggia il DNA umano.<\/li>\n<li> Indebolisce il sistema immunitario contro le infezioni.<\/li>\n<li> Ci\u00f2 influisce in modo significativo sul sistema nervoso.<\/li>\n<\/ul>\n<p> In conclusione, questo elemento \u00e8 un metalloide forte che presenta tre forme allotropiche nella formazione dei composti. Contiene alti livelli di tossicit\u00e0 utilizzati nella produzione di veleni e pesticidi. Va per\u00f2 usato con cautela perch\u00e9 pericoloso per l\u2019uomo.<\/p>\n","protected":false},"excerpt":{"rendered":"<p>L&#8217;arsenico \u00e8 un elemento e un minerale ampiamente distribuito in natura. Le sue fonti principali sono l\u2019acqua, il suolo, il cibo e l\u2019aria. \u00c8 resistente senza deteriorarsi e si combina nella sua forma naturale con altri minerali per formare composti ampiamente utilizzati nell&#8217;industria. Di seguito sono elencate le sue caratteristiche, usi e altro. Cos&#8217;\u00e8 l&#8217;arsenico? &#8230; <a title=\"Arsenico\" class=\"read-more\" href=\"https:\/\/chemuza.org\/it\/arsenico\/\" aria-label=\"More on Arsenico\">Per saperne di pi\u00f9<\/a><\/p>\n","protected":false},"author":1,"featured_media":0,"parent":0,"menu_order":0,"comment_status":"closed","ping_status":"closed","template":"","meta":{"footnotes":""},"yoast_head":"<!-- This site is optimized with the Yoast SEO plugin v21.4 - https:\/\/yoast.com\/wordpress\/plugins\/seo\/ -->\n<title>Arsenico - Chemuza<\/title>\n<meta name=\"robots\" content=\"index, follow, max-snippet:-1, max-image-preview:large, max-video-preview:-1\" \/>\n<link rel=\"canonical\" href=\"https:\/\/chemuza.org\/it\/arsenico\/\" \/>\n<meta property=\"og:locale\" content=\"it_IT\" \/>\n<meta property=\"og:type\" content=\"article\" \/>\n<meta property=\"og:title\" content=\"Arsenico - Chemuza\" \/>\n<meta property=\"og:description\" content=\"L&#8217;arsenico \u00e8 un elemento e un minerale ampiamente distribuito in natura. Le sue fonti principali sono l\u2019acqua, il suolo, il cibo e l\u2019aria. \u00c8 resistente senza deteriorarsi e si combina nella sua forma naturale con altri minerali per formare composti ampiamente utilizzati nell&#8217;industria. Di seguito sono elencate le sue caratteristiche, usi e altro. Cos&#8217;\u00e8 l&#8217;arsenico? ... Per saperne di pi\u00f9\" \/>\n<meta property=\"og:url\" content=\"https:\/\/chemuza.org\/it\/arsenico\/\" \/>\n<meta property=\"og:site_name\" content=\"Chemuza\" \/>\n<meta name=\"twitter:card\" content=\"summary_large_image\" \/>\n<meta name=\"twitter:label1\" content=\"Tempo di lettura stimato\" \/>\n\t<meta name=\"twitter:data1\" content=\"4 minuti\" \/>\n<script type=\"application\/ld+json\" class=\"yoast-schema-graph\">{\"@context\":\"https:\/\/schema.org\",\"@graph\":[{\"@type\":\"WebPage\",\"@id\":\"https:\/\/chemuza.org\/it\/arsenico\/\",\"url\":\"https:\/\/chemuza.org\/it\/arsenico\/\",\"name\":\"Arsenico - Chemuza\",\"isPartOf\":{\"@id\":\"https:\/\/chemuza.org\/it\/#website\"},\"datePublished\":\"2023-07-14T18:16:44+00:00\",\"dateModified\":\"2023-07-14T18:16:44+00:00\",\"breadcrumb\":{\"@id\":\"https:\/\/chemuza.org\/it\/arsenico\/#breadcrumb\"},\"inLanguage\":\"it-IT\",\"potentialAction\":[{\"@type\":\"ReadAction\",\"target\":[\"https:\/\/chemuza.org\/it\/arsenico\/\"]}]},{\"@type\":\"BreadcrumbList\",\"@id\":\"https:\/\/chemuza.org\/it\/arsenico\/#breadcrumb\",\"itemListElement\":[{\"@type\":\"ListItem\",\"position\":1,\"name\":\"Casa\",\"item\":\"https:\/\/chemuza.org\/it\/\"},{\"@type\":\"ListItem\",\"position\":2,\"name\":\"Arsenico\"}]},{\"@type\":\"WebSite\",\"@id\":\"https:\/\/chemuza.org\/it\/#website\",\"url\":\"https:\/\/chemuza.org\/it\/\",\"name\":\"Chemuza\",\"description\":\"La tua porta d&#039;accesso alla scoperta chimica!\",\"publisher\":{\"@id\":\"https:\/\/chemuza.org\/it\/#organization\"},\"potentialAction\":[{\"@type\":\"SearchAction\",\"target\":{\"@type\":\"EntryPoint\",\"urlTemplate\":\"https:\/\/chemuza.org\/it\/?s={search_term_string}\"},\"query-input\":\"required name=search_term_string\"}],\"inLanguage\":\"it-IT\"},{\"@type\":\"Organization\",\"@id\":\"https:\/\/chemuza.org\/it\/#organization\",\"name\":\"Chemuza\",\"url\":\"https:\/\/chemuza.org\/it\/\",\"logo\":{\"@type\":\"ImageObject\",\"inLanguage\":\"it-IT\",\"@id\":\"https:\/\/chemuza.org\/it\/#\/schema\/logo\/image\/\",\"url\":\"https:\/\/chemuza.org\/it\/wp-content\/uploads\/2023\/10\/chemuza-logo.png\",\"contentUrl\":\"https:\/\/chemuza.org\/it\/wp-content\/uploads\/2023\/10\/chemuza-logo.png\",\"width\":387,\"height\":70,\"caption\":\"Chemuza\"},\"image\":{\"@id\":\"https:\/\/chemuza.org\/it\/#\/schema\/logo\/image\/\"}}]}<\/script>\n<!-- \/ Yoast SEO plugin. -->","yoast_head_json":{"title":"Arsenico - Chemuza","robots":{"index":"index","follow":"follow","max-snippet":"max-snippet:-1","max-image-preview":"max-image-preview:large","max-video-preview":"max-video-preview:-1"},"canonical":"https:\/\/chemuza.org\/it\/arsenico\/","og_locale":"it_IT","og_type":"article","og_title":"Arsenico - Chemuza","og_description":"L&#8217;arsenico \u00e8 un elemento e un minerale ampiamente distribuito in natura. Le sue fonti principali sono l\u2019acqua, il suolo, il cibo e l\u2019aria. \u00c8 resistente senza deteriorarsi e si combina nella sua forma naturale con altri minerali per formare composti ampiamente utilizzati nell&#8217;industria. Di seguito sono elencate le sue caratteristiche, usi e altro. Cos&#8217;\u00e8 l&#8217;arsenico? ... Per saperne di pi\u00f9","og_url":"https:\/\/chemuza.org\/it\/arsenico\/","og_site_name":"Chemuza","twitter_card":"summary_large_image","twitter_misc":{"Tempo di lettura stimato":"4 minuti"},"schema":{"@context":"https:\/\/schema.org","@graph":[{"@type":"WebPage","@id":"https:\/\/chemuza.org\/it\/arsenico\/","url":"https:\/\/chemuza.org\/it\/arsenico\/","name":"Arsenico - Chemuza","isPartOf":{"@id":"https:\/\/chemuza.org\/it\/#website"},"datePublished":"2023-07-14T18:16:44+00:00","dateModified":"2023-07-14T18:16:44+00:00","breadcrumb":{"@id":"https:\/\/chemuza.org\/it\/arsenico\/#breadcrumb"},"inLanguage":"it-IT","potentialAction":[{"@type":"ReadAction","target":["https:\/\/chemuza.org\/it\/arsenico\/"]}]},{"@type":"BreadcrumbList","@id":"https:\/\/chemuza.org\/it\/arsenico\/#breadcrumb","itemListElement":[{"@type":"ListItem","position":1,"name":"Casa","item":"https:\/\/chemuza.org\/it\/"},{"@type":"ListItem","position":2,"name":"Arsenico"}]},{"@type":"WebSite","@id":"https:\/\/chemuza.org\/it\/#website","url":"https:\/\/chemuza.org\/it\/","name":"Chemuza","description":"La tua porta d&#039;accesso alla scoperta chimica!","publisher":{"@id":"https:\/\/chemuza.org\/it\/#organization"},"potentialAction":[{"@type":"SearchAction","target":{"@type":"EntryPoint","urlTemplate":"https:\/\/chemuza.org\/it\/?s={search_term_string}"},"query-input":"required name=search_term_string"}],"inLanguage":"it-IT"},{"@type":"Organization","@id":"https:\/\/chemuza.org\/it\/#organization","name":"Chemuza","url":"https:\/\/chemuza.org\/it\/","logo":{"@type":"ImageObject","inLanguage":"it-IT","@id":"https:\/\/chemuza.org\/it\/#\/schema\/logo\/image\/","url":"https:\/\/chemuza.org\/it\/wp-content\/uploads\/2023\/10\/chemuza-logo.png","contentUrl":"https:\/\/chemuza.org\/it\/wp-content\/uploads\/2023\/10\/chemuza-logo.png","width":387,"height":70,"caption":"Chemuza"},"image":{"@id":"https:\/\/chemuza.org\/it\/#\/schema\/logo\/image\/"}}]}},"yoast_meta":{"yoast_wpseo_title":"","yoast_wpseo_metadesc":"","yoast_wpseo_canonical":""},"_links":{"self":[{"href":"https:\/\/chemuza.org\/it\/wp-json\/wp\/v2\/pages\/1461"}],"collection":[{"href":"https:\/\/chemuza.org\/it\/wp-json\/wp\/v2\/pages"}],"about":[{"href":"https:\/\/chemuza.org\/it\/wp-json\/wp\/v2\/types\/page"}],"author":[{"embeddable":true,"href":"https:\/\/chemuza.org\/it\/wp-json\/wp\/v2\/users\/1"}],"replies":[{"embeddable":true,"href":"https:\/\/chemuza.org\/it\/wp-json\/wp\/v2\/comments?post=1461"}],"version-history":[{"count":0,"href":"https:\/\/chemuza.org\/it\/wp-json\/wp\/v2\/pages\/1461\/revisions"}],"wp:attachment":[{"href":"https:\/\/chemuza.org\/it\/wp-json\/wp\/v2\/media?parent=1461"}],"curies":[{"name":"wp","href":"https:\/\/api.w.org\/{rel}","templated":true}]}}