{"id":1460,"date":"2023-07-14T18:28:00","date_gmt":"2023-07-14T18:28:00","guid":{"rendered":"https:\/\/chemuza.org\/it\/tecnezio\/"},"modified":"2023-07-14T18:28:00","modified_gmt":"2023-07-14T18:28:00","slug":"tecnezio","status":"publish","type":"page","link":"https:\/\/chemuza.org\/it\/tecnezio\/","title":{"rendered":"Tecnezio"},"content":{"rendered":"<p>Di tutti i metalli della tavola periodica, il tecnezio sostiene di essere il primo elemento prodotto artificialmente. Un altro fatto interessante \u00e8 che si trova naturalmente in piccole concentrazioni negli asteroidi e nelle stelle. D&#8217;altra parte, alcune delle sue applicazioni moderne sono legate alla fusione nucleare. Scopri altri aspetti di questo elemento chimico argenteo e cristallino.<\/p>\n<h2> <strong>Cos&#8217;\u00e8 il tecnezio?<\/strong><\/h2>\n<p> \u00c8 l&#8217;elemento pi\u00f9 leggero della tavola periodica e capace di emettere raggi gamma di breve durata. A contatto con l&#8217;aria umida si appanna facilmente. Inoltre, nei liquidi pu\u00f2 essere facilmente sciolto sotto forma di acqua regia, acido solforico e acido nitrico.<\/p>\n<h3> <strong>Simbolo del tecnezio<\/strong><\/h3>\n<p> <span class=\"content-chemical-element\" style=\"float: left;width: 65px;height: 65px;border: 3px solid #666; display:flex;\n    justify-content: center;align-items: center;margin-right: 15px;\"><span style=\"font-size: 38px;\">Tc<\/span><\/span> Si trova nel gruppo 7 della categoria metalli di transizione. Il suo numero atomico \u00e8 43, il suo punto di fusione \u00e8 2430 K e il suo punto di ebollizione \u00e8 4538 K. I suoi composti pi\u00f9 comuni sono tecnezio eptafluoruro, tecnezio biossido, tecnezio eptaidruro e tecnezio eptaioduro.<\/p>\n<h2> <strong>Caratteristiche del tecnezio<\/strong><\/h2>\n<p> Non possiede isotopi stabili, quindi \u00e8 molto difficile da trovare in natura. Nella tavola periodica si trova tra il Renio e il Manganese. Se inalato potrebbe provocare il cancro ai polmoni. Inoltre \u00e8 caratterizzato da:<\/p>\n<ul>\n<li> <strong>Reattivit\u00e0 chimica<\/strong> : \u00e8 un metallo reattivo simile nell&#8217;aspetto al platino.<\/li>\n<li> <strong>Magnetismo<\/strong> : Sebbene non sia magnetico, la sua forma metallica \u00e8 in qualche modo paramagnetica: ci\u00f2 significa che i suoi due poli si allineano con i campi magnetici.<\/li>\n<li> <strong>Solubilit\u00e0<\/strong> : Nell&#8217;acido nitrico, nell&#8217;acqua regia e nell&#8217;acido solforico \u00e8 solubile, ma nell&#8217;acido cloridrico non \u00e8 solubile.<\/li>\n<\/ul>\n<ul>\n<li> <strong>Condizione<\/strong> : \u00e8 solido, nel suo stato naturale.<\/li>\n<li> <strong>Struttura<\/strong> : esagonale e compatta.<\/li>\n<\/ul>\n<h2> <strong>Propriet\u00e0 chimiche e fisiche del tecnezio<\/strong><\/h2>\n<ol>\n<li> <strong>Numero atomico<\/strong> : 43<\/li>\n<li> <strong>Gruppo:<\/strong> 7<\/li>\n<li> <strong>blocco:<\/strong> d<\/li>\n<li> <strong>Raggio covalente:<\/strong> 156 pm<\/li>\n<li> <strong>Raggio atomico:<\/strong> 183 pm<\/li>\n<li> <strong>Raggio medio:<\/strong> 135h<\/li>\n<li> <strong>Entalpia di fusione:<\/strong> 24 Kj\/mol<\/li>\n<li> <strong>Elettronegativit\u00e0:<\/strong> 1.9<\/li>\n<li> <strong>Massa atomica (g\/mol):<\/strong> 98,9063 <sup>1<\/sup><\/li>\n<li> <strong>Entalpia di vaporizzazione:<\/strong> 660 kJ\/mol<\/li>\n<li> <strong>Configurazione elettronica:<\/strong> [Kr] 4d <sup>5<\/sup> 5s <sup>2<\/sup><\/li>\n<li> <strong>Pressione di vapore:<\/strong> 0,0229 Pa a 2473 K<\/li>\n<li> <strong>Struttura del cristallo:<\/strong> esagonale<\/li>\n<li> <strong>Densit\u00e0:<\/strong> 11500 Kg\/m\u00b3<\/li>\n<li> <strong>Elettroni per livello:<\/strong> 2, 8, 18, 14, 1<\/li>\n<\/ol>\n<h2> <strong>Origine del tecnezio<\/strong><\/h2>\n<p> Fu scoperto ufficialmente nel 1937, quando il chimico e mineralogista italiano Carlos Perrier e il fisico italiano vincitore del premio Nobel Emilio Segr\u00e9 eseguirono un esperimento presso l&#8217;Universit\u00e0 di Palermo in Sicilia. Con qualche difficolt\u00e0, isolarono tre diversi periodi di decadimento, 90, 80 e 50 giorni, che appartenevano agli isotopi<sup> <\/sup><sup>95<\/sup> Tc e <sup>97<\/sup> metallo.<\/p>\n<p> L&#8217;Universit\u00e0 di Palermo volle chiamarlo Panormio, poich\u00e9 il nome latino di Palermo era Panormus. Tuttavia, i ricercatori hanno deciso di aggiungere <em>Technetos<\/em> , che \u00e8 una parola greca che significa artificiale, poich\u00e9 \u00e8 il primo elemento ottenuto artificialmente dall&#8217;uomo.<\/p>\n<h2> <strong>A cosa serve il tecnezio?<\/strong><\/h2>\n<p> Viene utilizzato in diverse leghe di acciaio, che hanno il vantaggio di essere resistenti all&#8217;usura. Tuttavia, il suo utilizzo resta molto limitato, perch\u00e9 \u00e8 radioattivo e il suo grado di manipolazione deve essere controllato. Tuttavia, \u00e8 utile nei seguenti ambiti:<\/p>\n<h3> <strong>Medicina nucleare<\/strong><\/h3>\n<p> Il tecnezio 99 metastabile \u00e8 maggiormente utilizzato in medicina nucleare come tracciante radioattivo. Inoltre, se combinato con un composto di stagno, pu\u00f2 legarsi agli eritrociti ed essere utilizzato per localizzare alcuni disturbi del sistema circolatorio. Inoltre, viene utilizzato per rilevare il sanguinamento digestivo. Allo stesso modo, insieme ai pirofosfati, pu\u00f2 aderire ai depositi di calcio nei muscoli cardiaci danneggiati, risultando efficace nel rilevare i danni dopo un infarto.<\/p>\n<h3> <strong>Industria<\/strong><\/h3>\n<p> Una delle sue propriet\u00e0 \u00e8 che il tecnezio 99m pu\u00f2 decadere emettendo particelle beta senza alcuna presenza di raggi gamma a bassa energia. \u00c8 quindi molto utile per calibrare apparecchiature scientifiche. Inoltre, viene utilizzato come catalizzatore nonostante la sua elevata reattivit\u00e0. \u00c8 anche un agente protettivo contro la corrosione attraverso l&#8217;uso di anioni, che lo rende ideale per l&#8217;uso nei reattori ad acqua bollente.<\/p>\n<h2> <strong>Dove si trova il tecnezio?<\/strong><\/h2>\n<p> Nel 1999, David Curtis calcol\u00f2 che in un chilogrammo di uranio c&#8217;era circa 1 ng. Tecnezio. Inoltre, attraverso valutazioni dello spettro delle luci emesse dalle grandi stelle rosse di tipo M, N e S, si \u00e8 ottenuto questo elemento. D&#8217;altronde, essendo un metallo instabile, se ne trovano naturalmente poche tracce nella crosta terrestre, che sono il prodotto della fissione spontanea con l&#8217;uranio.<\/p>\n<p> In conclusione, il Tecnezio \u00e8 l&#8217;unico elemento creato artificialmente dalle mani dell&#8217;uomo. La maggior parte delle sue applicazioni riguardano il campo della medicina nucleare. Inoltre, \u00e8 importante fare attenzione, poich\u00e9 la sua esposizione \u00e8 dannosa per la salute.<\/p>\n","protected":false},"excerpt":{"rendered":"<p>Di tutti i metalli della tavola periodica, il tecnezio sostiene di essere il primo elemento prodotto artificialmente. Un altro fatto interessante \u00e8 che si trova naturalmente in piccole concentrazioni negli asteroidi e nelle stelle. D&#8217;altra parte, alcune delle sue applicazioni moderne sono legate alla fusione nucleare. Scopri altri aspetti di questo elemento chimico argenteo e &#8230; <a title=\"Tecnezio\" class=\"read-more\" href=\"https:\/\/chemuza.org\/it\/tecnezio\/\" aria-label=\"More on Tecnezio\">Per saperne di pi\u00f9<\/a><\/p>\n","protected":false},"author":1,"featured_media":0,"parent":0,"menu_order":0,"comment_status":"closed","ping_status":"closed","template":"","meta":{"footnotes":""},"yoast_head":"<!-- This site is optimized with the Yoast SEO plugin v21.4 - https:\/\/yoast.com\/wordpress\/plugins\/seo\/ -->\n<title>Tecnezio - Chemuza<\/title>\n<meta name=\"robots\" content=\"index, follow, max-snippet:-1, max-image-preview:large, max-video-preview:-1\" \/>\n<link rel=\"canonical\" href=\"https:\/\/chemuza.org\/it\/tecnezio\/\" \/>\n<meta property=\"og:locale\" content=\"it_IT\" \/>\n<meta property=\"og:type\" content=\"article\" \/>\n<meta property=\"og:title\" content=\"Tecnezio - Chemuza\" \/>\n<meta property=\"og:description\" content=\"Di tutti i metalli della tavola periodica, il tecnezio sostiene di essere il primo elemento prodotto artificialmente. Un altro fatto interessante \u00e8 che si trova naturalmente in piccole concentrazioni negli asteroidi e nelle stelle. D&#8217;altra parte, alcune delle sue applicazioni moderne sono legate alla fusione nucleare. Scopri altri aspetti di questo elemento chimico argenteo e ... Per saperne di pi\u00f9\" \/>\n<meta property=\"og:url\" content=\"https:\/\/chemuza.org\/it\/tecnezio\/\" \/>\n<meta property=\"og:site_name\" content=\"Chemuza\" \/>\n<meta name=\"twitter:card\" content=\"summary_large_image\" \/>\n<meta name=\"twitter:label1\" content=\"Tempo di lettura stimato\" \/>\n\t<meta name=\"twitter:data1\" content=\"3 minuti\" \/>\n<script type=\"application\/ld+json\" class=\"yoast-schema-graph\">{\"@context\":\"https:\/\/schema.org\",\"@graph\":[{\"@type\":\"WebPage\",\"@id\":\"https:\/\/chemuza.org\/it\/tecnezio\/\",\"url\":\"https:\/\/chemuza.org\/it\/tecnezio\/\",\"name\":\"Tecnezio - Chemuza\",\"isPartOf\":{\"@id\":\"https:\/\/chemuza.org\/it\/#website\"},\"datePublished\":\"2023-07-14T18:28:00+00:00\",\"dateModified\":\"2023-07-14T18:28:00+00:00\",\"breadcrumb\":{\"@id\":\"https:\/\/chemuza.org\/it\/tecnezio\/#breadcrumb\"},\"inLanguage\":\"it-IT\",\"potentialAction\":[{\"@type\":\"ReadAction\",\"target\":[\"https:\/\/chemuza.org\/it\/tecnezio\/\"]}]},{\"@type\":\"BreadcrumbList\",\"@id\":\"https:\/\/chemuza.org\/it\/tecnezio\/#breadcrumb\",\"itemListElement\":[{\"@type\":\"ListItem\",\"position\":1,\"name\":\"Casa\",\"item\":\"https:\/\/chemuza.org\/it\/\"},{\"@type\":\"ListItem\",\"position\":2,\"name\":\"Tecnezio\"}]},{\"@type\":\"WebSite\",\"@id\":\"https:\/\/chemuza.org\/it\/#website\",\"url\":\"https:\/\/chemuza.org\/it\/\",\"name\":\"Chemuza\",\"description\":\"La tua porta d&#039;accesso alla scoperta chimica!\",\"publisher\":{\"@id\":\"https:\/\/chemuza.org\/it\/#organization\"},\"potentialAction\":[{\"@type\":\"SearchAction\",\"target\":{\"@type\":\"EntryPoint\",\"urlTemplate\":\"https:\/\/chemuza.org\/it\/?s={search_term_string}\"},\"query-input\":\"required name=search_term_string\"}],\"inLanguage\":\"it-IT\"},{\"@type\":\"Organization\",\"@id\":\"https:\/\/chemuza.org\/it\/#organization\",\"name\":\"Chemuza\",\"url\":\"https:\/\/chemuza.org\/it\/\",\"logo\":{\"@type\":\"ImageObject\",\"inLanguage\":\"it-IT\",\"@id\":\"https:\/\/chemuza.org\/it\/#\/schema\/logo\/image\/\",\"url\":\"https:\/\/chemuza.org\/it\/wp-content\/uploads\/2023\/10\/chemuza-logo.png\",\"contentUrl\":\"https:\/\/chemuza.org\/it\/wp-content\/uploads\/2023\/10\/chemuza-logo.png\",\"width\":387,\"height\":70,\"caption\":\"Chemuza\"},\"image\":{\"@id\":\"https:\/\/chemuza.org\/it\/#\/schema\/logo\/image\/\"}}]}<\/script>\n<!-- \/ Yoast SEO plugin. -->","yoast_head_json":{"title":"Tecnezio - Chemuza","robots":{"index":"index","follow":"follow","max-snippet":"max-snippet:-1","max-image-preview":"max-image-preview:large","max-video-preview":"max-video-preview:-1"},"canonical":"https:\/\/chemuza.org\/it\/tecnezio\/","og_locale":"it_IT","og_type":"article","og_title":"Tecnezio - Chemuza","og_description":"Di tutti i metalli della tavola periodica, il tecnezio sostiene di essere il primo elemento prodotto artificialmente. Un altro fatto interessante \u00e8 che si trova naturalmente in piccole concentrazioni negli asteroidi e nelle stelle. D&#8217;altra parte, alcune delle sue applicazioni moderne sono legate alla fusione nucleare. Scopri altri aspetti di questo elemento chimico argenteo e ... Per saperne di pi\u00f9","og_url":"https:\/\/chemuza.org\/it\/tecnezio\/","og_site_name":"Chemuza","twitter_card":"summary_large_image","twitter_misc":{"Tempo di lettura stimato":"3 minuti"},"schema":{"@context":"https:\/\/schema.org","@graph":[{"@type":"WebPage","@id":"https:\/\/chemuza.org\/it\/tecnezio\/","url":"https:\/\/chemuza.org\/it\/tecnezio\/","name":"Tecnezio - Chemuza","isPartOf":{"@id":"https:\/\/chemuza.org\/it\/#website"},"datePublished":"2023-07-14T18:28:00+00:00","dateModified":"2023-07-14T18:28:00+00:00","breadcrumb":{"@id":"https:\/\/chemuza.org\/it\/tecnezio\/#breadcrumb"},"inLanguage":"it-IT","potentialAction":[{"@type":"ReadAction","target":["https:\/\/chemuza.org\/it\/tecnezio\/"]}]},{"@type":"BreadcrumbList","@id":"https:\/\/chemuza.org\/it\/tecnezio\/#breadcrumb","itemListElement":[{"@type":"ListItem","position":1,"name":"Casa","item":"https:\/\/chemuza.org\/it\/"},{"@type":"ListItem","position":2,"name":"Tecnezio"}]},{"@type":"WebSite","@id":"https:\/\/chemuza.org\/it\/#website","url":"https:\/\/chemuza.org\/it\/","name":"Chemuza","description":"La tua porta d&#039;accesso alla scoperta chimica!","publisher":{"@id":"https:\/\/chemuza.org\/it\/#organization"},"potentialAction":[{"@type":"SearchAction","target":{"@type":"EntryPoint","urlTemplate":"https:\/\/chemuza.org\/it\/?s={search_term_string}"},"query-input":"required name=search_term_string"}],"inLanguage":"it-IT"},{"@type":"Organization","@id":"https:\/\/chemuza.org\/it\/#organization","name":"Chemuza","url":"https:\/\/chemuza.org\/it\/","logo":{"@type":"ImageObject","inLanguage":"it-IT","@id":"https:\/\/chemuza.org\/it\/#\/schema\/logo\/image\/","url":"https:\/\/chemuza.org\/it\/wp-content\/uploads\/2023\/10\/chemuza-logo.png","contentUrl":"https:\/\/chemuza.org\/it\/wp-content\/uploads\/2023\/10\/chemuza-logo.png","width":387,"height":70,"caption":"Chemuza"},"image":{"@id":"https:\/\/chemuza.org\/it\/#\/schema\/logo\/image\/"}}]}},"yoast_meta":{"yoast_wpseo_title":"","yoast_wpseo_metadesc":"","yoast_wpseo_canonical":""},"_links":{"self":[{"href":"https:\/\/chemuza.org\/it\/wp-json\/wp\/v2\/pages\/1460"}],"collection":[{"href":"https:\/\/chemuza.org\/it\/wp-json\/wp\/v2\/pages"}],"about":[{"href":"https:\/\/chemuza.org\/it\/wp-json\/wp\/v2\/types\/page"}],"author":[{"embeddable":true,"href":"https:\/\/chemuza.org\/it\/wp-json\/wp\/v2\/users\/1"}],"replies":[{"embeddable":true,"href":"https:\/\/chemuza.org\/it\/wp-json\/wp\/v2\/comments?post=1460"}],"version-history":[{"count":0,"href":"https:\/\/chemuza.org\/it\/wp-json\/wp\/v2\/pages\/1460\/revisions"}],"wp:attachment":[{"href":"https:\/\/chemuza.org\/it\/wp-json\/wp\/v2\/media?parent=1460"}],"curies":[{"name":"wp","href":"https:\/\/api.w.org\/{rel}","templated":true}]}}