{"id":1458,"date":"2023-07-14T19:26:30","date_gmt":"2023-07-14T19:26:30","guid":{"rendered":"https:\/\/chemuza.org\/it\/gallio\/"},"modified":"2023-07-14T19:26:30","modified_gmt":"2023-07-14T19:26:30","slug":"gallio","status":"publish","type":"page","link":"https:\/\/chemuza.org\/it\/gallio\/","title":{"rendered":"Gallio"},"content":{"rendered":"<p>Questo elemento non \u00e8 molto diffuso nella crosta terrestre, presenta diversi stati di ossidazione e libera numerosi elettroni. Infatti il Gallio \u00e8 forse l&#8217;unico metallo con la caratteristica di sciogliersi nel palmo della mano e di raggiungere una tonalit\u00e0 blu metallizzata. Scopri di pi\u00f9 su questo elemento e sulle sue propriet\u00e0 chimiche simili all&#8217;alluminio.<\/p>\n<h2> <strong>Cos&#8217;\u00e8 il gallio?<\/strong><\/h2>\n<p> Come elemento chimico, \u00e8 un metallo della famiglia dei blocchi P della tavola periodica. Si trova vicino ai metalloidi, \u00e8 morbido e ha un punto di fusione molto basso. Inoltre, ha il numero atomico 31 e allo stato solido presenta un bellissimo colore argento brillante o bianco, ampiamente utilizzato nella creazione di leghe.<\/p>\n<h3> <strong>Simbolo del Gallio<\/strong><\/h3>\n<p> <span class=\"content-chemical-element\" style=\"float: left;width: 65px;height: 65px;border: 3px solid #666; display:flex;\n    justify-content: center;align-items: center;margin-right: 15px;\"><span style=\"font-size: 38px;\">Ga<\/span><\/span> il suo nome deriva dal latino Gallia o gallus, antico popolo della Francia, che significa gallo. Fu la residenza del suo scopritore Paul-\u00c9mile Lecoq de Boisbraudran, che gli diede questo nome per le sue rare propriet\u00e0 chimiche.<\/p>\n<h2> <strong>Caratteristiche del gallio<\/strong><\/h2>\n<p> Si trova nel gruppo 13, periodo 4 con il simbolo Ga nella tavola periodica. Ha una base vetrosa ed \u00e8 uno dei 4 elementi capaci di passare allo stato liquido e rimanere a temperatura ambiente. Le altre propriet\u00e0 del Gallio sono:<\/p>\n<ul>\n<li> <strong>Condizione<\/strong> : solido, fragile e liquido.<\/li>\n<li> <strong>Colore<\/strong> : Argento brillante, ma quando diventa liquido \u00e8 un blu metallizzato intenso.<\/li>\n<li> <strong>Sapore e odore<\/strong> : \u00e8 astringente o secco, senza odore caratteristico.<\/li>\n<li> <strong>Tossicit\u00e0<\/strong> : moderata, perch\u00e9 distrugge facilmente altri metalli.<\/li>\n<li> <strong>Reattivit\u00e0<\/strong> : bassa a temperatura ambiente, ma elevata quando ossidato.<\/li>\n<li> <strong>Struttura<\/strong> : Forma cristalli ortorombici, con 8 atomi sulle facce.<\/li>\n<li> <strong>Solubilit\u00e0<\/strong> : \u00e8 solubile in acqua.<\/li>\n<\/ul>\n<h2> <strong>Propriet\u00e0 chimiche e fisiche del gallio<\/strong><\/h2>\n<ol>\n<li> <strong>Numero atomico<\/strong> : 31<\/li>\n<li> <strong>Periodo<\/strong> : 4<\/li>\n<li> <strong>Blocco<\/strong> : P<\/li>\n<li> <strong>Gruppo<\/strong> : 13<\/li>\n<li> <strong>Stato di ossidazione<\/strong> : 3<\/li>\n<li> <strong>Raggio covalente (\u00c5):<\/strong> 126<strong> <\/strong>pomeriggio<\/li>\n<li> <strong>Raggio medio:<\/strong> 130h<\/li>\n<li> <strong>Densit\u00e0:<\/strong> 5904 Kg\/m3<\/li>\n<li> <strong>Conduttivit\u00e0 termica:<\/strong> 40,6 W\/(Km)<\/li>\n<li> <strong>Configurazione elettronica:<\/strong> [Ar] 4 s\u00b2 3d10 4p1<\/li>\n<li> <strong>Massa atomica (g\/mol):<\/strong> 69.723 u<\/li>\n<li> <strong>Potenziale di prima ionizzazione:<\/strong> (eV): 6,02 <strong>&nbsp;<\/strong><\/li>\n<li> <strong>Punto di ebollizione:<\/strong> 2204\u00b0C<\/li>\n<li> <strong>Punto di fusione:<\/strong> 30<strong> <\/strong>\u00b0C<\/li>\n<li> <strong>Raggio atomico:<\/strong> 136 pm<\/li>\n<li> <strong>Elettroni per guscio:<\/strong> 2, 8, 18, 3<\/li>\n<li> <strong>Elettronegativit\u00e0:<\/strong> 1,81<\/li>\n<li> <strong>Calore specifico:<\/strong> 370 J \/ (K kg)<\/li>\n<\/ol>\n<h2> <strong>Origine del gallio<\/strong><\/h2>\n<p> Mendeleev, creatore della tavola periodica, si imbatt\u00e9 in questo elemento e osserv\u00f2 che aveva propriet\u00e0 simili all&#8217;alluminio e gli diede il nome eka-alluminio. Tuttavia, nel 1875, il chimico francese Paul-\u00c9mile Lecoq de Boisbaudran lo scopr\u00ec utilizzando la spettroscopia o 2 linee ultraviolette, che rivelarono l&#8217;elemento. Quindi lo isol\u00f2 mediante elettrolisi dell&#8217;idrossido di potassio e ottenne il primo campione naturale dell&#8217;elemento chimico Gallio. Dopo averne verificate le propriet\u00e0 chimiche, gli diede il nome del suo paese, Gallia.<\/p>\n<h2> <strong>A cosa serve il gallio?<\/strong><\/h2>\n<p> Gallium Build \u00e8 utilizzato in varie leghe con altri elementi della tavola periodica. A causa del loro basso punto di fusione, i loro composti sono semiconduttori e vengono utilizzati nella produzione di diodi per display LED, transistor, chip, celle e lettori Blu-Ray. Gli altri elementi di questo elemento sono:<\/p>\n<h3> <strong>Produzione di termometri<\/strong><\/h3>\n<p> La lega Galinstan nella sua fase liquida viene utilizzata per leggere la temperatura indicata dal termometro. Questo ha un punto di fusione di -18\u00baC, che consente una lettura accurata della temperatura per misurare i livelli di febbre.<\/p>\n<h3> <strong>Produzione di specchi<\/strong><\/h3>\n<p> Le leghe sono generalmente umide e si diffondono rapidamente nei supporti di porcellana o vetro. Sono quindi utili per realizzare specchi d&#8217;argento realizzati versando un campione liquido su una superficie.<\/p>\n<h3> <strong>Produzione di farmaci<\/strong><\/h3>\n<p> Il gallio viene utilizzato nella produzione di medicinali che trattano le infezioni causate da batteri e parassiti. I suoi sali inorganici sono usati anche per trattare l&#8217;ipercalcemia e il cancro alle ossa.<\/p>\n<h3> <strong>elemento catalizzatore<\/strong><\/h3>\n<p> I catalizzatori sono responsabili della dispersione degli atomi di altri metalli. Uno di questi \u00e8 il Gallio-Palladio, utilizzato nella trasformazione del butano in particelle insature molto reattive, essenziali per i processi industriali. In questo caso il catalizzatore funge da supporto per gli atomi di Palladio.<\/p>\n<h2> <strong>Come ottenere Gallio?<\/strong><\/h2>\n<p> Questo elemento si trova in quantit\u00e0 minime nello Zinco, Piombo, Ferro, Alluminio e Germanio. Nella crosta terrestre \u00e8 presente all&#8217;1% in composti come Bauxiti, Piriti, Carboni e Germaniti. Successivamente si ottiene attraverso un processo metallurgico tracce dei metalli precedenti, dove vengono ripulite da impurit\u00e0 e solfuri, per ottenere un campione pulito.<\/p>\n<p> Ora sai che il gallio \u00e8 raro in natura, si trova solo con altri composti ed elementi. Si distinguono per lo stato solido e liquido, con basso punto di fusione, ideali per creare leghe in diversi settori industriali. La sua tossicit\u00e0 \u00e8 moderata, il che d\u00e0 luogo alla creazione di farmaci.<\/p>\n","protected":false},"excerpt":{"rendered":"<p>Questo elemento non \u00e8 molto diffuso nella crosta terrestre, presenta diversi stati di ossidazione e libera numerosi elettroni. Infatti il Gallio \u00e8 forse l&#8217;unico metallo con la caratteristica di sciogliersi nel palmo della mano e di raggiungere una tonalit\u00e0 blu metallizzata. Scopri di pi\u00f9 su questo elemento e sulle sue propriet\u00e0 chimiche simili all&#8217;alluminio. Cos&#8217;\u00e8 &#8230; <a title=\"Gallio\" class=\"read-more\" href=\"https:\/\/chemuza.org\/it\/gallio\/\" aria-label=\"More on Gallio\">Per saperne di pi\u00f9<\/a><\/p>\n","protected":false},"author":1,"featured_media":0,"parent":0,"menu_order":0,"comment_status":"closed","ping_status":"closed","template":"","meta":{"footnotes":""},"yoast_head":"<!-- This site is optimized with the Yoast SEO plugin v21.4 - https:\/\/yoast.com\/wordpress\/plugins\/seo\/ -->\n<title>Gallio - Chemuza<\/title>\n<meta name=\"robots\" content=\"index, follow, max-snippet:-1, max-image-preview:large, max-video-preview:-1\" \/>\n<link rel=\"canonical\" href=\"https:\/\/chemuza.org\/it\/gallio\/\" \/>\n<meta property=\"og:locale\" content=\"it_IT\" \/>\n<meta property=\"og:type\" content=\"article\" \/>\n<meta property=\"og:title\" content=\"Gallio - Chemuza\" \/>\n<meta property=\"og:description\" content=\"Questo elemento non \u00e8 molto diffuso nella crosta terrestre, presenta diversi stati di ossidazione e libera numerosi elettroni. Infatti il Gallio \u00e8 forse l&#8217;unico metallo con la caratteristica di sciogliersi nel palmo della mano e di raggiungere una tonalit\u00e0 blu metallizzata. Scopri di pi\u00f9 su questo elemento e sulle sue propriet\u00e0 chimiche simili all&#8217;alluminio. Cos&#8217;\u00e8 ... Per saperne di pi\u00f9\" \/>\n<meta property=\"og:url\" content=\"https:\/\/chemuza.org\/it\/gallio\/\" \/>\n<meta property=\"og:site_name\" content=\"Chemuza\" \/>\n<meta name=\"twitter:card\" content=\"summary_large_image\" \/>\n<meta name=\"twitter:label1\" content=\"Tempo di lettura stimato\" \/>\n\t<meta name=\"twitter:data1\" content=\"3 minuti\" \/>\n<script type=\"application\/ld+json\" class=\"yoast-schema-graph\">{\"@context\":\"https:\/\/schema.org\",\"@graph\":[{\"@type\":\"WebPage\",\"@id\":\"https:\/\/chemuza.org\/it\/gallio\/\",\"url\":\"https:\/\/chemuza.org\/it\/gallio\/\",\"name\":\"Gallio - Chemuza\",\"isPartOf\":{\"@id\":\"https:\/\/chemuza.org\/it\/#website\"},\"datePublished\":\"2023-07-14T19:26:30+00:00\",\"dateModified\":\"2023-07-14T19:26:30+00:00\",\"breadcrumb\":{\"@id\":\"https:\/\/chemuza.org\/it\/gallio\/#breadcrumb\"},\"inLanguage\":\"it-IT\",\"potentialAction\":[{\"@type\":\"ReadAction\",\"target\":[\"https:\/\/chemuza.org\/it\/gallio\/\"]}]},{\"@type\":\"BreadcrumbList\",\"@id\":\"https:\/\/chemuza.org\/it\/gallio\/#breadcrumb\",\"itemListElement\":[{\"@type\":\"ListItem\",\"position\":1,\"name\":\"Casa\",\"item\":\"https:\/\/chemuza.org\/it\/\"},{\"@type\":\"ListItem\",\"position\":2,\"name\":\"Gallio\"}]},{\"@type\":\"WebSite\",\"@id\":\"https:\/\/chemuza.org\/it\/#website\",\"url\":\"https:\/\/chemuza.org\/it\/\",\"name\":\"Chemuza\",\"description\":\"La tua porta d&#039;accesso alla scoperta chimica!\",\"publisher\":{\"@id\":\"https:\/\/chemuza.org\/it\/#organization\"},\"potentialAction\":[{\"@type\":\"SearchAction\",\"target\":{\"@type\":\"EntryPoint\",\"urlTemplate\":\"https:\/\/chemuza.org\/it\/?s={search_term_string}\"},\"query-input\":\"required name=search_term_string\"}],\"inLanguage\":\"it-IT\"},{\"@type\":\"Organization\",\"@id\":\"https:\/\/chemuza.org\/it\/#organization\",\"name\":\"Chemuza\",\"url\":\"https:\/\/chemuza.org\/it\/\",\"logo\":{\"@type\":\"ImageObject\",\"inLanguage\":\"it-IT\",\"@id\":\"https:\/\/chemuza.org\/it\/#\/schema\/logo\/image\/\",\"url\":\"https:\/\/chemuza.org\/it\/wp-content\/uploads\/2023\/10\/chemuza-logo.png\",\"contentUrl\":\"https:\/\/chemuza.org\/it\/wp-content\/uploads\/2023\/10\/chemuza-logo.png\",\"width\":387,\"height\":70,\"caption\":\"Chemuza\"},\"image\":{\"@id\":\"https:\/\/chemuza.org\/it\/#\/schema\/logo\/image\/\"}}]}<\/script>\n<!-- \/ Yoast SEO plugin. -->","yoast_head_json":{"title":"Gallio - Chemuza","robots":{"index":"index","follow":"follow","max-snippet":"max-snippet:-1","max-image-preview":"max-image-preview:large","max-video-preview":"max-video-preview:-1"},"canonical":"https:\/\/chemuza.org\/it\/gallio\/","og_locale":"it_IT","og_type":"article","og_title":"Gallio - Chemuza","og_description":"Questo elemento non \u00e8 molto diffuso nella crosta terrestre, presenta diversi stati di ossidazione e libera numerosi elettroni. Infatti il Gallio \u00e8 forse l&#8217;unico metallo con la caratteristica di sciogliersi nel palmo della mano e di raggiungere una tonalit\u00e0 blu metallizzata. Scopri di pi\u00f9 su questo elemento e sulle sue propriet\u00e0 chimiche simili all&#8217;alluminio. Cos&#8217;\u00e8 ... Per saperne di pi\u00f9","og_url":"https:\/\/chemuza.org\/it\/gallio\/","og_site_name":"Chemuza","twitter_card":"summary_large_image","twitter_misc":{"Tempo di lettura stimato":"3 minuti"},"schema":{"@context":"https:\/\/schema.org","@graph":[{"@type":"WebPage","@id":"https:\/\/chemuza.org\/it\/gallio\/","url":"https:\/\/chemuza.org\/it\/gallio\/","name":"Gallio - Chemuza","isPartOf":{"@id":"https:\/\/chemuza.org\/it\/#website"},"datePublished":"2023-07-14T19:26:30+00:00","dateModified":"2023-07-14T19:26:30+00:00","breadcrumb":{"@id":"https:\/\/chemuza.org\/it\/gallio\/#breadcrumb"},"inLanguage":"it-IT","potentialAction":[{"@type":"ReadAction","target":["https:\/\/chemuza.org\/it\/gallio\/"]}]},{"@type":"BreadcrumbList","@id":"https:\/\/chemuza.org\/it\/gallio\/#breadcrumb","itemListElement":[{"@type":"ListItem","position":1,"name":"Casa","item":"https:\/\/chemuza.org\/it\/"},{"@type":"ListItem","position":2,"name":"Gallio"}]},{"@type":"WebSite","@id":"https:\/\/chemuza.org\/it\/#website","url":"https:\/\/chemuza.org\/it\/","name":"Chemuza","description":"La tua porta d&#039;accesso alla scoperta chimica!","publisher":{"@id":"https:\/\/chemuza.org\/it\/#organization"},"potentialAction":[{"@type":"SearchAction","target":{"@type":"EntryPoint","urlTemplate":"https:\/\/chemuza.org\/it\/?s={search_term_string}"},"query-input":"required name=search_term_string"}],"inLanguage":"it-IT"},{"@type":"Organization","@id":"https:\/\/chemuza.org\/it\/#organization","name":"Chemuza","url":"https:\/\/chemuza.org\/it\/","logo":{"@type":"ImageObject","inLanguage":"it-IT","@id":"https:\/\/chemuza.org\/it\/#\/schema\/logo\/image\/","url":"https:\/\/chemuza.org\/it\/wp-content\/uploads\/2023\/10\/chemuza-logo.png","contentUrl":"https:\/\/chemuza.org\/it\/wp-content\/uploads\/2023\/10\/chemuza-logo.png","width":387,"height":70,"caption":"Chemuza"},"image":{"@id":"https:\/\/chemuza.org\/it\/#\/schema\/logo\/image\/"}}]}},"yoast_meta":{"yoast_wpseo_title":"","yoast_wpseo_metadesc":"","yoast_wpseo_canonical":""},"_links":{"self":[{"href":"https:\/\/chemuza.org\/it\/wp-json\/wp\/v2\/pages\/1458"}],"collection":[{"href":"https:\/\/chemuza.org\/it\/wp-json\/wp\/v2\/pages"}],"about":[{"href":"https:\/\/chemuza.org\/it\/wp-json\/wp\/v2\/types\/page"}],"author":[{"embeddable":true,"href":"https:\/\/chemuza.org\/it\/wp-json\/wp\/v2\/users\/1"}],"replies":[{"embeddable":true,"href":"https:\/\/chemuza.org\/it\/wp-json\/wp\/v2\/comments?post=1458"}],"version-history":[{"count":0,"href":"https:\/\/chemuza.org\/it\/wp-json\/wp\/v2\/pages\/1458\/revisions"}],"wp:attachment":[{"href":"https:\/\/chemuza.org\/it\/wp-json\/wp\/v2\/media?parent=1458"}],"curies":[{"name":"wp","href":"https:\/\/api.w.org\/{rel}","templated":true}]}}