{"id":1457,"date":"2023-07-14T19:36:02","date_gmt":"2023-07-14T19:36:02","guid":{"rendered":"https:\/\/chemuza.org\/it\/zinco\/"},"modified":"2023-07-14T19:36:02","modified_gmt":"2023-07-14T19:36:02","slug":"zinco","status":"publish","type":"page","link":"https:\/\/chemuza.org\/it\/zinco\/","title":{"rendered":"Zinco"},"content":{"rendered":"<p>Lo zinco \u00e8 un elemento della tavola periodica e si trova naturalmente nell&#8217;acqua, nel suolo, nelle rocce, nell&#8217;aria ed \u00e8 vitale per il benessere di tutti gli esseri viventi. Inoltre, svolge un ruolo importante in alcuni prodotti e applicazioni industriali. Viene utilizzato anche per proteggere l&#8217;acciaio dalla corrosione e per altre applicazioni di cui puoi conoscere qui.<\/p>\n<h2> <strong>Cos&#8217;\u00e8 lo zinco?<\/strong><\/h2>\n<p> \u00c8 un metallo di transizione duttile e malleabile e allo stato puro \u00e8 di colore bianco bluastro che brucia all&#8217;aria con una fiamma verde bluastra. L&#8217;aria secca non pu\u00f2 attaccarlo, ma sotto l&#8217;umidit\u00e0 forma uno strato superficiale di ossido che lo isola e lo protegge dalla corrosione. Resiste alla deformazione plastica a freddo, che diminuisce a caldo, consentendone la laminazione sopra i 100\u00b0C.<\/p>\n<h3> <strong>Simbolo dello zinco<\/strong><\/h3>\n<p> <span class=\"content-chemical-element\" style=\"float: left;width: 65px;height: 65px;border: 3px solid #666; display:flex;\n    justify-content: center;align-items: center;margin-right: 15px;\"><span style=\"font-size: 38px;\">Zn<\/span><\/span> \u00c8 un elemento chimico della tavola periodica, situato nel gruppo 12, il suo peso atomico \u00e8 65,37 e il suo numero atomico \u00e8 30. Esistono 15 isotopi dello zinco, di cui 5 stabili.<\/p>\n<h2> <strong>Caratteristiche dello zinco<\/strong><\/h2>\n<p> Curiosamente venne utilizzato molto prima della sua scoperta, perch\u00e9 in alcune rovine della lontana Transilvania fu ritrovato ottone contenente l&#8217;87% di Zinco. Altre funzionalit\u00e0 sono descritte qui:<\/p>\n<ul>\n<li> <strong>Reattivit\u00e0 chimica<\/strong> : \u00e8 reattivo e presenta 4 stati metastabili e isotopi radioattivi della durata di 14 ore.<\/li>\n<li> <strong>Solubilit\u00e0<\/strong> : \u00c8 solubile negli acidi che rilasciano atomi di idrogeno formando cationi.<\/li>\n<li> <strong>Condizione<\/strong> : in natura la sua condizione \u00e8 solida.<\/li>\n<li> <strong>Conduttivit\u00e0 elettrica:<\/strong> \u00e8 un conduttore di elettricit\u00e0 e calore.<\/li>\n<\/ul>\n<h2> <strong>Propriet\u00e0 chimiche e fisiche dello zinco<\/strong><\/h2>\n<ol>\n<li> <strong>Numero atomico<\/strong> : 30<\/li>\n<li> <strong>Periodo:<\/strong> 4<\/li>\n<li> <strong>Blocco:<\/strong> d<\/li>\n<li> <strong>Densit\u00e0:<\/strong> 7140<\/li>\n<li> <strong>Raggio covalente:<\/strong> 131<\/li>\n<li> <strong>Elettroni per livello:<\/strong> 2.8,12.2<\/li>\n<li> <strong>Raggio atomico:<\/strong> 142<\/li>\n<li> <strong>Calore specifico:<\/strong> 390 J<\/li>\n<li> <strong>Elettronegativit\u00e0:<\/strong> 1.6<\/li>\n<li> <strong>Entalpia di vaporizzazione:<\/strong> 115,3 kJ\/mol<\/li>\n<li> <strong>Punto di fusione:<\/strong> 692,68K<\/li>\n<li> <strong>Punto di ebollizione:<\/strong> 1180K<\/li>\n<li> <strong>Entalpia di fusione:<\/strong> 7.322 Kj\/mol<\/li>\n<li> <strong>Velocit\u00e0 del suono:<\/strong> 3700 m\/s a 293,15 K<\/li>\n<li> <strong>Pressione di vapore:<\/strong> 192,2 Pa a 692,73 K<\/li>\n<li> <strong>Configurazione elettronica:<\/strong> [Ar]4s <sup>2<\/sup> 3d <sup>10<\/sup><\/li>\n<li> <strong>Conduttivit\u00e0 elettrica:<\/strong> 16,6 10 <sup>6<\/sup> S\/m<\/li>\n<\/ol>\n<h2> <strong>Origine dello zinco<\/strong><\/h2>\n<p> Il suo nome deriva dalla parola tedesca zinco, designata da uno dei metalli derivati dall&#8217;ottone, risultato di una lega tra Rame e Zinco. Inoltre deriva dalla parola tedesca zinke che significa punta acuminata per la forma che aveva quando veniva depositato negli altiforni.<\/p>\n<p> Tutte le fonderie di zinco e rame furono scoperte a Cipro e furono successivamente utilizzate dai Romani. Fu ottenuto metallicamente in India nel XIII secolo attraverso la riduzione del carbonato di zinco con il legno. Poi in Europa, nel 1746, Andreas Marggraf lo riscopr\u00ec riducendone le squame con il carbone.<\/p>\n<h2> <strong>A cosa serve lo zinco?<\/strong><\/h2>\n<p> Fin dall&#8217;antichit\u00e0 \u00e8 stato utilizzato nella fabbricazione di parti per elementi ornamentali. Oggi viene utilizzato nei processi industriali, nonch\u00e9 nell&#8217;edilizia e in medicina, come descritto di seguito:<\/p>\n<h3> <strong>Medicina e Cosmetica<\/strong><\/h3>\n<p> L&#8217;ossido di zinco viene utilizzato per prevenire danni all&#8217;epidermide, accelera il sollievo da infiammazioni e ferite e aderisce alla superficie della pelle creando uno strato sottile. Pertanto, viene utilizzato in deodoranti, lozioni, medicazioni, shampoo, dentifrici, creme per la pelle e i piedi. Inoltre, \u00e8 utile per il corretto funzionamento dell\u2019organismo, poich\u00e9 aiuta a prevenire malattie come polmonite e diarrea. \u00c8 anche essenziale per lo sviluppo delle ossa nei neonati.<\/p>\n<h3> <strong>usi industriali<\/strong><\/h3>\n<p> Viene utilizzato per galvanizzare il ferro o l&#8217;acciaio, poich\u00e9 la sua funzione \u00e8 quella di ridurre la corrosione dei metalli. Inoltre, viene utilizzato nella costruzione di lamiere ondulate e lisce per tetti, tubi, canali, cornicioni o cisterne e, insieme ad altri metalli, nella produzione di pezzi ornamentali.<\/p>\n<p> Inoltre, viene utilizzato nella produzione di colori ad olio bianco e per produrre trasparenza nella vernice. L&#8217;anodo di zinco viene utilizzato per prevenire la corrosione delle parti metalliche delle navi o dei serbatoi dell&#8217;acqua. Le leghe sono utili nella fabbricazione di getti per il settore automobilistico.<\/p>\n<h3> <strong>Industria aerospaziale<\/strong><\/h3>\n<p> Nelle applicazioni aerospaziali, le batterie vengono utilizzate per produrre capsule spaziali e missili grazie alle loro eccellenti prestazioni in unit\u00e0 di peso. Inoltre, \u00e8 comune nei componenti dei laptop.<\/p>\n<h2> <strong>Alimenti che contengono zinco<\/strong><\/h2>\n<p> Gli alimenti ricchi di zinco sono i seguenti:<\/p>\n<ul>\n<li> Riso completo.<\/li>\n<li> Uova.<\/li>\n<li> Crostacei, come ostriche, vongole e granchi.<\/li>\n<li> Carni magre e carne di maiale.<\/li>\n<li> zucche.<\/li>\n<li> Formaggi.<\/li>\n<li> Semi di anguria.<\/li>\n<li> Pollo e tacchino.<\/li>\n<li> arachidi.<\/li>\n<li> Nocciole e mandorle.<\/li>\n<li> Cioccolato fondente.<\/li>\n<\/ul>\n<p> In conclusione, lo zinco \u00e8 un elemento chimico vitale simile ad altri come il cadmio e il magnesio. \u00c8 il pi\u00f9 abbondante nella crosta terrestre ed \u00e8 uno dei 23 elementi ricercati dal settore industriale, poich\u00e9 \u00e8 un metallo duttile e malleabile.<\/p>\n","protected":false},"excerpt":{"rendered":"<p>Lo zinco \u00e8 un elemento della tavola periodica e si trova naturalmente nell&#8217;acqua, nel suolo, nelle rocce, nell&#8217;aria ed \u00e8 vitale per il benessere di tutti gli esseri viventi. Inoltre, svolge un ruolo importante in alcuni prodotti e applicazioni industriali. Viene utilizzato anche per proteggere l&#8217;acciaio dalla corrosione e per altre applicazioni di cui puoi &#8230; <a title=\"Zinco\" class=\"read-more\" href=\"https:\/\/chemuza.org\/it\/zinco\/\" aria-label=\"More on Zinco\">Per saperne di pi\u00f9<\/a><\/p>\n","protected":false},"author":1,"featured_media":0,"parent":0,"menu_order":0,"comment_status":"closed","ping_status":"closed","template":"","meta":{"footnotes":""},"yoast_head":"<!-- This site is optimized with the Yoast SEO plugin v21.4 - https:\/\/yoast.com\/wordpress\/plugins\/seo\/ -->\n<title>Zinco - Chemuza<\/title>\n<meta name=\"robots\" content=\"index, follow, max-snippet:-1, max-image-preview:large, max-video-preview:-1\" \/>\n<link rel=\"canonical\" href=\"https:\/\/chemuza.org\/it\/zinco\/\" \/>\n<meta property=\"og:locale\" content=\"it_IT\" \/>\n<meta property=\"og:type\" content=\"article\" \/>\n<meta property=\"og:title\" content=\"Zinco - Chemuza\" \/>\n<meta property=\"og:description\" content=\"Lo zinco \u00e8 un elemento della tavola periodica e si trova naturalmente nell&#8217;acqua, nel suolo, nelle rocce, nell&#8217;aria ed \u00e8 vitale per il benessere di tutti gli esseri viventi. Inoltre, svolge un ruolo importante in alcuni prodotti e applicazioni industriali. Viene utilizzato anche per proteggere l&#8217;acciaio dalla corrosione e per altre applicazioni di cui puoi ... Per saperne di pi\u00f9\" \/>\n<meta property=\"og:url\" content=\"https:\/\/chemuza.org\/it\/zinco\/\" \/>\n<meta property=\"og:site_name\" content=\"Chemuza\" \/>\n<meta name=\"twitter:card\" content=\"summary_large_image\" \/>\n<meta name=\"twitter:label1\" content=\"Tempo di lettura stimato\" \/>\n\t<meta name=\"twitter:data1\" content=\"3 minuti\" \/>\n<script type=\"application\/ld+json\" class=\"yoast-schema-graph\">{\"@context\":\"https:\/\/schema.org\",\"@graph\":[{\"@type\":\"WebPage\",\"@id\":\"https:\/\/chemuza.org\/it\/zinco\/\",\"url\":\"https:\/\/chemuza.org\/it\/zinco\/\",\"name\":\"Zinco - Chemuza\",\"isPartOf\":{\"@id\":\"https:\/\/chemuza.org\/it\/#website\"},\"datePublished\":\"2023-07-14T19:36:02+00:00\",\"dateModified\":\"2023-07-14T19:36:02+00:00\",\"breadcrumb\":{\"@id\":\"https:\/\/chemuza.org\/it\/zinco\/#breadcrumb\"},\"inLanguage\":\"it-IT\",\"potentialAction\":[{\"@type\":\"ReadAction\",\"target\":[\"https:\/\/chemuza.org\/it\/zinco\/\"]}]},{\"@type\":\"BreadcrumbList\",\"@id\":\"https:\/\/chemuza.org\/it\/zinco\/#breadcrumb\",\"itemListElement\":[{\"@type\":\"ListItem\",\"position\":1,\"name\":\"Casa\",\"item\":\"https:\/\/chemuza.org\/it\/\"},{\"@type\":\"ListItem\",\"position\":2,\"name\":\"Zinco\"}]},{\"@type\":\"WebSite\",\"@id\":\"https:\/\/chemuza.org\/it\/#website\",\"url\":\"https:\/\/chemuza.org\/it\/\",\"name\":\"Chemuza\",\"description\":\"La tua porta d&#039;accesso alla scoperta chimica!\",\"publisher\":{\"@id\":\"https:\/\/chemuza.org\/it\/#organization\"},\"potentialAction\":[{\"@type\":\"SearchAction\",\"target\":{\"@type\":\"EntryPoint\",\"urlTemplate\":\"https:\/\/chemuza.org\/it\/?s={search_term_string}\"},\"query-input\":\"required name=search_term_string\"}],\"inLanguage\":\"it-IT\"},{\"@type\":\"Organization\",\"@id\":\"https:\/\/chemuza.org\/it\/#organization\",\"name\":\"Chemuza\",\"url\":\"https:\/\/chemuza.org\/it\/\",\"logo\":{\"@type\":\"ImageObject\",\"inLanguage\":\"it-IT\",\"@id\":\"https:\/\/chemuza.org\/it\/#\/schema\/logo\/image\/\",\"url\":\"https:\/\/chemuza.org\/it\/wp-content\/uploads\/2023\/10\/chemuza-logo.png\",\"contentUrl\":\"https:\/\/chemuza.org\/it\/wp-content\/uploads\/2023\/10\/chemuza-logo.png\",\"width\":387,\"height\":70,\"caption\":\"Chemuza\"},\"image\":{\"@id\":\"https:\/\/chemuza.org\/it\/#\/schema\/logo\/image\/\"}}]}<\/script>\n<!-- \/ Yoast SEO plugin. -->","yoast_head_json":{"title":"Zinco - Chemuza","robots":{"index":"index","follow":"follow","max-snippet":"max-snippet:-1","max-image-preview":"max-image-preview:large","max-video-preview":"max-video-preview:-1"},"canonical":"https:\/\/chemuza.org\/it\/zinco\/","og_locale":"it_IT","og_type":"article","og_title":"Zinco - Chemuza","og_description":"Lo zinco \u00e8 un elemento della tavola periodica e si trova naturalmente nell&#8217;acqua, nel suolo, nelle rocce, nell&#8217;aria ed \u00e8 vitale per il benessere di tutti gli esseri viventi. Inoltre, svolge un ruolo importante in alcuni prodotti e applicazioni industriali. Viene utilizzato anche per proteggere l&#8217;acciaio dalla corrosione e per altre applicazioni di cui puoi ... Per saperne di pi\u00f9","og_url":"https:\/\/chemuza.org\/it\/zinco\/","og_site_name":"Chemuza","twitter_card":"summary_large_image","twitter_misc":{"Tempo di lettura stimato":"3 minuti"},"schema":{"@context":"https:\/\/schema.org","@graph":[{"@type":"WebPage","@id":"https:\/\/chemuza.org\/it\/zinco\/","url":"https:\/\/chemuza.org\/it\/zinco\/","name":"Zinco - Chemuza","isPartOf":{"@id":"https:\/\/chemuza.org\/it\/#website"},"datePublished":"2023-07-14T19:36:02+00:00","dateModified":"2023-07-14T19:36:02+00:00","breadcrumb":{"@id":"https:\/\/chemuza.org\/it\/zinco\/#breadcrumb"},"inLanguage":"it-IT","potentialAction":[{"@type":"ReadAction","target":["https:\/\/chemuza.org\/it\/zinco\/"]}]},{"@type":"BreadcrumbList","@id":"https:\/\/chemuza.org\/it\/zinco\/#breadcrumb","itemListElement":[{"@type":"ListItem","position":1,"name":"Casa","item":"https:\/\/chemuza.org\/it\/"},{"@type":"ListItem","position":2,"name":"Zinco"}]},{"@type":"WebSite","@id":"https:\/\/chemuza.org\/it\/#website","url":"https:\/\/chemuza.org\/it\/","name":"Chemuza","description":"La tua porta d&#039;accesso alla scoperta chimica!","publisher":{"@id":"https:\/\/chemuza.org\/it\/#organization"},"potentialAction":[{"@type":"SearchAction","target":{"@type":"EntryPoint","urlTemplate":"https:\/\/chemuza.org\/it\/?s={search_term_string}"},"query-input":"required name=search_term_string"}],"inLanguage":"it-IT"},{"@type":"Organization","@id":"https:\/\/chemuza.org\/it\/#organization","name":"Chemuza","url":"https:\/\/chemuza.org\/it\/","logo":{"@type":"ImageObject","inLanguage":"it-IT","@id":"https:\/\/chemuza.org\/it\/#\/schema\/logo\/image\/","url":"https:\/\/chemuza.org\/it\/wp-content\/uploads\/2023\/10\/chemuza-logo.png","contentUrl":"https:\/\/chemuza.org\/it\/wp-content\/uploads\/2023\/10\/chemuza-logo.png","width":387,"height":70,"caption":"Chemuza"},"image":{"@id":"https:\/\/chemuza.org\/it\/#\/schema\/logo\/image\/"}}]}},"yoast_meta":{"yoast_wpseo_title":"","yoast_wpseo_metadesc":"","yoast_wpseo_canonical":""},"_links":{"self":[{"href":"https:\/\/chemuza.org\/it\/wp-json\/wp\/v2\/pages\/1457"}],"collection":[{"href":"https:\/\/chemuza.org\/it\/wp-json\/wp\/v2\/pages"}],"about":[{"href":"https:\/\/chemuza.org\/it\/wp-json\/wp\/v2\/types\/page"}],"author":[{"embeddable":true,"href":"https:\/\/chemuza.org\/it\/wp-json\/wp\/v2\/users\/1"}],"replies":[{"embeddable":true,"href":"https:\/\/chemuza.org\/it\/wp-json\/wp\/v2\/comments?post=1457"}],"version-history":[{"count":0,"href":"https:\/\/chemuza.org\/it\/wp-json\/wp\/v2\/pages\/1457\/revisions"}],"wp:attachment":[{"href":"https:\/\/chemuza.org\/it\/wp-json\/wp\/v2\/media?parent=1457"}],"curies":[{"name":"wp","href":"https:\/\/api.w.org\/{rel}","templated":true}]}}