{"id":1456,"date":"2023-07-14T20:16:02","date_gmt":"2023-07-14T20:16:02","guid":{"rendered":"https:\/\/chemuza.org\/it\/cobalto\/"},"modified":"2023-07-14T20:16:02","modified_gmt":"2023-07-14T20:16:02","slug":"cobalto","status":"publish","type":"page","link":"https:\/\/chemuza.org\/it\/cobalto\/","title":{"rendered":"Cobalto"},"content":{"rendered":"<p>Un elemento ampiamente distribuito in natura con una proporzione dello 0,001%. Si trova nelle rocce ignee, nelle stelle, nei meteoriti, nell&#8217;acqua dolce, nelle piante, nei mari e negli animali. \u00c8 molto stabile nell&#8217;ambiente e si ossida se esposto ad alte temperature, virando al rosso. Di seguito una breve descrizione del cobalto e di tutti i dettagli metallici.<\/p>\n<h2> <strong>Cos&#8217;\u00e8 il cobalto?<\/strong><\/h2>\n<p> \u00c8 un elemento chimico contrassegnato con il numero atomico 27 appartenente ai metalli di transizione della tavola periodica. Il suo peso atomico \u00e8 58,93 ed \u00e8 magnetico con bassa duttilit\u00e0 e resistenza a temperature normali. Inoltre, ha caratteristiche ferromagnetiche che gli permettono di formare varie leghe per creare il colore blu di vetro, vernici e smalti.<\/p>\n<h3> <strong>Simbolo del cobalto<\/strong><\/h3>\n<p> <span class=\"content-chemical-element\" style=\"float: left;width: 65px;height: 65px;border: 3px solid #666; display:flex;\n    justify-content: center;align-items: center;margin-right: 15px;\"><span style=\"font-size: 38px;\">Co<\/span><\/span> Il nome deriva dal tedesco Kobalt, che significa elfo. Riceve questo nome perch\u00e9 i minatori lo consideravano un metallo che i folletti mescolavano con argento e nichel per farli ammalare e causare problemi nell&#8217;estrazione di altri minerali, data la sua tossicit\u00e0 e il suo colore.<\/p>\n<h2> <strong>Caratteristiche del cobalto<\/strong><\/h2>\n<p> Questo metallo si trova nel gruppo 9 della tavola periodica. Ha propriet\u00e0 ferromagnetiche bianco-bluastre con elevata resistenza alla tensione. Inoltre \u00e8 termico e ha una buona conduzione elettrochimica, proprio come il Nichel e il Ferro. Altre caratteristiche del metallo sono:<\/p>\n<ul>\n<li> <strong>Condizione<\/strong> : solido.<\/li>\n<li> <strong>Sapore e odore<\/strong> : Metallico, senza odore caratteristico.<\/li>\n<li> <strong>Composizione<\/strong> : Modello atomico di 32 neutroni, 27 protoni e 27 elettroni.<\/li>\n<li> <strong>Struttura<\/strong> : Presenta 2 forme allotropiche, una cristallina con geometria esagonale e un&#8217;altra cubica sulle facce.<\/li>\n<li> <strong>Resistenza<\/strong> : Elevata e resiste all&#8217;usura dovuta all&#8217;acqua o al vento, ma \u00e8 debole agli acidi nitrico, cloridrico e solforico.<\/li>\n<li> <strong>Tossicit\u00e0<\/strong> : \u00e8 elevata e sotto forma di polvere \u00e8 molto infiammabile.<\/li>\n<li> <strong>Solubilit\u00e0<\/strong> : \u00e8 solubile in acqua a seconda del suo pH.<\/li>\n<\/ul>\n<h2> <strong>Propriet\u00e0 chimiche e fisiche del cobalto<\/strong><\/h2>\n<ol>\n<li> <strong>Numero atomico<\/strong> : 27<\/li>\n<li> <strong>Periodo<\/strong> : 4<\/li>\n<li> <strong>Blocca<\/strong> \ud83d\ude00<\/li>\n<li> <strong>Gruppo<\/strong> : 9<\/li>\n<li> <strong>Raggio covalente (\u00c5):<\/strong> 126<strong> <\/strong>pomeriggio<\/li>\n<li> <strong>Calore specifico:<\/strong> 420 J \/ (K kg)<\/li>\n<li> <strong>Massa atomica (g\/mol):<\/strong> 58,93<\/li>\n<li> <strong>Densit\u00e0:<\/strong> 8,9 Kg\/m3<\/li>\n<li> <strong>Punto di ebollizione:<\/strong> 2900<strong> <\/strong>\u00b0C<\/li>\n<li> <strong>Punto di fusione:<\/strong> 1495\u00b0C<\/li>\n<li> <strong>Raggio atomico:<\/strong> 152 ore<\/li>\n<li> <strong>Raggio medio:<\/strong> 135h<\/li>\n<li> <strong>Stato di ossidazione:<\/strong> 5, 4, 3, 2, 1, -1<\/li>\n<li> <strong>Potenziale di prima ionizzazione eV:<\/strong> 7,90<\/li>\n<li> <strong>Configurazione elettronica:<\/strong> [Ar]3d74s2<\/li>\n<li> <strong>Conducibilit\u00e0 termica:<\/strong> 0-100 C (W m-1 K-1)<\/li>\n<li> <strong>Elettroni per guscio:<\/strong> 2, 8, 15, 2<\/li>\n<li> <strong>Elettronegativit\u00e0:<\/strong> 1,8<\/li>\n<\/ol>\n<h2> <strong>Origine del cobalto<\/strong><\/h2>\n<p> Questo metallo risale a tempi immemorabili prima di Cristo nelle culture persiana ed egiziana, dove veniva utilizzato nella realizzazione di figurine. Fu scoperto come elemento chimico nel 1730 da George Brandt, il quale, attraverso un esperimento, dimostr\u00f2 che questo elemento dava un colore blu al vetro.<\/p>\n<p> Una volta dimostrate le sue propriet\u00e0, divenne il primo composto metallico scoperto in epoca preistorica, quando altri metalli non erano stati registrati come elementi.<\/p>\n<h2> <strong>A cosa serve il Cobalto?<\/strong><\/h2>\n<p> Ottenendo il metallo viene utilizzato nel settore industriale e metallurgico nella produzione di leghe. Questi migliorano le prestazioni di turbine, carburi e diamanti. Altri usi includono:<\/p>\n<h3> <strong>Leghe<\/strong><\/h3>\n<p> Sono miscele di uno o pi\u00f9 elementi e quelle del cobalto vengono utilizzate nella fabbricazione di macchine, utensili, guarnizioni di vetro e parti dentali. Inoltre, la miscela tra cobalto e nichel viene utilizzata nella produzione di nastri magnetici e magneti. Altri sono destinati alla realizzazione di impianti ortopedici per la vita e le ginocchia.<\/p>\n<h3> <strong>campo medico<\/strong><\/h3>\n<p> Il cobalto 60 viene utilizzato in medicina nella produzione di raggi gamma, ideali per la cura dei tumori cancerosi. Inoltre, \u00e8 efficace per la sterilizzazione di apparecchiature mediche, rifiuti, pulizia degli alimenti, radioterapia e per misurazioni della densit\u00e0 di oggetti.<\/p>\n<h3> <strong>Settore industriale<\/strong><\/h3>\n<p> I composti di questo elemento vengono utilizzati nella produzione di smalti, coloranti per vetro e ceramiche. Viene utilizzato come agente protettivo durante il rivestimento dei gioielli, prevenendone l&#8217;ossidazione. Inoltre nel settore chimico viene utilizzato come catalizzatore omogeneo ed eterogeneo nella sintesi dei combustibili.<\/p>\n<h2> <strong>Come si ottiene il cobalto?<\/strong><\/h2>\n<p> Ottenere il Cobalto consiste nel separarlo da Ferro, Rame e Nichel mediante arrostimento parziale dei materiali solforati. Nel processo chimico gli altri metalli vengono ossidati e rimane una materia prima contenente solfuri. Quindi, la lisciviazione o l&#8217;estrazione del materiale solubile viene effettuata sotto l&#8217;azione di un solvente liquido. Questa tecnica separa gli elementi poco a poco, fino ad ottenere un campione puro dell&#8217;elemento.<\/p>\n<h2> <strong>Alimenti contenenti cobalto<\/strong><\/h2>\n<p> Questo composto \u00e8 un oligoelemento vitale per l&#8217;organismo e il metabolismo cellulare. Lo puoi trovare nel pesce, nel fegato, nella carne, nei cereali, nel grano, nelle noci, nel latte, nelle lenticchie, nella cipolla, nel riso e nelle barbabietole. \u00c8 anche una parte importante della vitamina B12, che apporta benefici al corpo.<\/p>\n<p> In sintesi, \u00e8 uno dei metalli di transizione pi\u00f9 resistenti e capace di formare varie leghe con applicazioni in metallurgia, medicina ed elettronica. Inoltre, le funzioni naturali del Cobalto apportano benefici alla salute e al sistema immunitario.<\/p>\n","protected":false},"excerpt":{"rendered":"<p>Un elemento ampiamente distribuito in natura con una proporzione dello 0,001%. Si trova nelle rocce ignee, nelle stelle, nei meteoriti, nell&#8217;acqua dolce, nelle piante, nei mari e negli animali. \u00c8 molto stabile nell&#8217;ambiente e si ossida se esposto ad alte temperature, virando al rosso. Di seguito una breve descrizione del cobalto e di tutti i &#8230; <a title=\"Cobalto\" class=\"read-more\" href=\"https:\/\/chemuza.org\/it\/cobalto\/\" aria-label=\"More on Cobalto\">Per saperne di pi\u00f9<\/a><\/p>\n","protected":false},"author":1,"featured_media":0,"parent":0,"menu_order":0,"comment_status":"closed","ping_status":"closed","template":"","meta":{"footnotes":""},"yoast_head":"<!-- This site is optimized with the Yoast SEO plugin v21.4 - https:\/\/yoast.com\/wordpress\/plugins\/seo\/ -->\n<title>Cobalto - Chemuza<\/title>\n<meta name=\"robots\" content=\"index, follow, max-snippet:-1, max-image-preview:large, max-video-preview:-1\" \/>\n<link rel=\"canonical\" href=\"https:\/\/chemuza.org\/it\/cobalto\/\" \/>\n<meta property=\"og:locale\" content=\"it_IT\" \/>\n<meta property=\"og:type\" content=\"article\" \/>\n<meta property=\"og:title\" content=\"Cobalto - Chemuza\" \/>\n<meta property=\"og:description\" content=\"Un elemento ampiamente distribuito in natura con una proporzione dello 0,001%. Si trova nelle rocce ignee, nelle stelle, nei meteoriti, nell&#8217;acqua dolce, nelle piante, nei mari e negli animali. \u00c8 molto stabile nell&#8217;ambiente e si ossida se esposto ad alte temperature, virando al rosso. Di seguito una breve descrizione del cobalto e di tutti i ... Per saperne di pi\u00f9\" \/>\n<meta property=\"og:url\" content=\"https:\/\/chemuza.org\/it\/cobalto\/\" \/>\n<meta property=\"og:site_name\" content=\"Chemuza\" \/>\n<meta name=\"twitter:card\" content=\"summary_large_image\" \/>\n<meta name=\"twitter:label1\" content=\"Tempo di lettura stimato\" \/>\n\t<meta name=\"twitter:data1\" content=\"4 minuti\" \/>\n<script type=\"application\/ld+json\" class=\"yoast-schema-graph\">{\"@context\":\"https:\/\/schema.org\",\"@graph\":[{\"@type\":\"WebPage\",\"@id\":\"https:\/\/chemuza.org\/it\/cobalto\/\",\"url\":\"https:\/\/chemuza.org\/it\/cobalto\/\",\"name\":\"Cobalto - Chemuza\",\"isPartOf\":{\"@id\":\"https:\/\/chemuza.org\/it\/#website\"},\"datePublished\":\"2023-07-14T20:16:02+00:00\",\"dateModified\":\"2023-07-14T20:16:02+00:00\",\"breadcrumb\":{\"@id\":\"https:\/\/chemuza.org\/it\/cobalto\/#breadcrumb\"},\"inLanguage\":\"it-IT\",\"potentialAction\":[{\"@type\":\"ReadAction\",\"target\":[\"https:\/\/chemuza.org\/it\/cobalto\/\"]}]},{\"@type\":\"BreadcrumbList\",\"@id\":\"https:\/\/chemuza.org\/it\/cobalto\/#breadcrumb\",\"itemListElement\":[{\"@type\":\"ListItem\",\"position\":1,\"name\":\"Casa\",\"item\":\"https:\/\/chemuza.org\/it\/\"},{\"@type\":\"ListItem\",\"position\":2,\"name\":\"Cobalto\"}]},{\"@type\":\"WebSite\",\"@id\":\"https:\/\/chemuza.org\/it\/#website\",\"url\":\"https:\/\/chemuza.org\/it\/\",\"name\":\"Chemuza\",\"description\":\"La tua porta d&#039;accesso alla scoperta chimica!\",\"publisher\":{\"@id\":\"https:\/\/chemuza.org\/it\/#organization\"},\"potentialAction\":[{\"@type\":\"SearchAction\",\"target\":{\"@type\":\"EntryPoint\",\"urlTemplate\":\"https:\/\/chemuza.org\/it\/?s={search_term_string}\"},\"query-input\":\"required name=search_term_string\"}],\"inLanguage\":\"it-IT\"},{\"@type\":\"Organization\",\"@id\":\"https:\/\/chemuza.org\/it\/#organization\",\"name\":\"Chemuza\",\"url\":\"https:\/\/chemuza.org\/it\/\",\"logo\":{\"@type\":\"ImageObject\",\"inLanguage\":\"it-IT\",\"@id\":\"https:\/\/chemuza.org\/it\/#\/schema\/logo\/image\/\",\"url\":\"https:\/\/chemuza.org\/it\/wp-content\/uploads\/2023\/10\/chemuza-logo.png\",\"contentUrl\":\"https:\/\/chemuza.org\/it\/wp-content\/uploads\/2023\/10\/chemuza-logo.png\",\"width\":387,\"height\":70,\"caption\":\"Chemuza\"},\"image\":{\"@id\":\"https:\/\/chemuza.org\/it\/#\/schema\/logo\/image\/\"}}]}<\/script>\n<!-- \/ Yoast SEO plugin. -->","yoast_head_json":{"title":"Cobalto - Chemuza","robots":{"index":"index","follow":"follow","max-snippet":"max-snippet:-1","max-image-preview":"max-image-preview:large","max-video-preview":"max-video-preview:-1"},"canonical":"https:\/\/chemuza.org\/it\/cobalto\/","og_locale":"it_IT","og_type":"article","og_title":"Cobalto - Chemuza","og_description":"Un elemento ampiamente distribuito in natura con una proporzione dello 0,001%. Si trova nelle rocce ignee, nelle stelle, nei meteoriti, nell&#8217;acqua dolce, nelle piante, nei mari e negli animali. \u00c8 molto stabile nell&#8217;ambiente e si ossida se esposto ad alte temperature, virando al rosso. Di seguito una breve descrizione del cobalto e di tutti i ... Per saperne di pi\u00f9","og_url":"https:\/\/chemuza.org\/it\/cobalto\/","og_site_name":"Chemuza","twitter_card":"summary_large_image","twitter_misc":{"Tempo di lettura stimato":"4 minuti"},"schema":{"@context":"https:\/\/schema.org","@graph":[{"@type":"WebPage","@id":"https:\/\/chemuza.org\/it\/cobalto\/","url":"https:\/\/chemuza.org\/it\/cobalto\/","name":"Cobalto - Chemuza","isPartOf":{"@id":"https:\/\/chemuza.org\/it\/#website"},"datePublished":"2023-07-14T20:16:02+00:00","dateModified":"2023-07-14T20:16:02+00:00","breadcrumb":{"@id":"https:\/\/chemuza.org\/it\/cobalto\/#breadcrumb"},"inLanguage":"it-IT","potentialAction":[{"@type":"ReadAction","target":["https:\/\/chemuza.org\/it\/cobalto\/"]}]},{"@type":"BreadcrumbList","@id":"https:\/\/chemuza.org\/it\/cobalto\/#breadcrumb","itemListElement":[{"@type":"ListItem","position":1,"name":"Casa","item":"https:\/\/chemuza.org\/it\/"},{"@type":"ListItem","position":2,"name":"Cobalto"}]},{"@type":"WebSite","@id":"https:\/\/chemuza.org\/it\/#website","url":"https:\/\/chemuza.org\/it\/","name":"Chemuza","description":"La tua porta d&#039;accesso alla scoperta chimica!","publisher":{"@id":"https:\/\/chemuza.org\/it\/#organization"},"potentialAction":[{"@type":"SearchAction","target":{"@type":"EntryPoint","urlTemplate":"https:\/\/chemuza.org\/it\/?s={search_term_string}"},"query-input":"required name=search_term_string"}],"inLanguage":"it-IT"},{"@type":"Organization","@id":"https:\/\/chemuza.org\/it\/#organization","name":"Chemuza","url":"https:\/\/chemuza.org\/it\/","logo":{"@type":"ImageObject","inLanguage":"it-IT","@id":"https:\/\/chemuza.org\/it\/#\/schema\/logo\/image\/","url":"https:\/\/chemuza.org\/it\/wp-content\/uploads\/2023\/10\/chemuza-logo.png","contentUrl":"https:\/\/chemuza.org\/it\/wp-content\/uploads\/2023\/10\/chemuza-logo.png","width":387,"height":70,"caption":"Chemuza"},"image":{"@id":"https:\/\/chemuza.org\/it\/#\/schema\/logo\/image\/"}}]}},"yoast_meta":{"yoast_wpseo_title":"","yoast_wpseo_metadesc":"","yoast_wpseo_canonical":""},"_links":{"self":[{"href":"https:\/\/chemuza.org\/it\/wp-json\/wp\/v2\/pages\/1456"}],"collection":[{"href":"https:\/\/chemuza.org\/it\/wp-json\/wp\/v2\/pages"}],"about":[{"href":"https:\/\/chemuza.org\/it\/wp-json\/wp\/v2\/types\/page"}],"author":[{"embeddable":true,"href":"https:\/\/chemuza.org\/it\/wp-json\/wp\/v2\/users\/1"}],"replies":[{"embeddable":true,"href":"https:\/\/chemuza.org\/it\/wp-json\/wp\/v2\/comments?post=1456"}],"version-history":[{"count":0,"href":"https:\/\/chemuza.org\/it\/wp-json\/wp\/v2\/pages\/1456\/revisions"}],"wp:attachment":[{"href":"https:\/\/chemuza.org\/it\/wp-json\/wp\/v2\/media?parent=1456"}],"curies":[{"name":"wp","href":"https:\/\/api.w.org\/{rel}","templated":true}]}}