{"id":1455,"date":"2023-07-14T20:41:58","date_gmt":"2023-07-14T20:41:58","guid":{"rendered":"https:\/\/chemuza.org\/it\/manganese\/"},"modified":"2023-07-14T20:41:58","modified_gmt":"2023-07-14T20:41:58","slug":"manganese","status":"publish","type":"page","link":"https:\/\/chemuza.org\/it\/manganese\/","title":{"rendered":"Manganese"},"content":{"rendered":"<p>Sapevi che oltre il 90% del manganese viene utilizzato nelle applicazioni metallurgiche e siderurgiche? Il motivo \u00e8 la sua utile reattivit\u00e0 chimica. D\u2019altronde svolge un ruolo essenziale per gli organismi viventi, anche se non \u00e8 possibile trovarlo allo stato puro in natura. Conosci la sua storia, quali sono le sue caratteristiche, chi lo ha scoperto, tra le altre informazioni.<\/p>\n<h2> <strong>Cos&#8217;\u00e8 il manganese?<\/strong><\/h2>\n<p> \u00c8 un metallo di transizione simile al ferro, reattivo, refrattario e altamente ossidabile. Sebbene sia duro, generalmente \u00e8 un elemento chimico fragile. A causa dei molteplici stati di ossidazione dei suoi composti, pu\u00f2 essere distinto dagli altri elementi. D&#8217;altra parte, si trova in una variet\u00e0 di minerali, i pi\u00f9 comuni sono il biossido di manganese e il carbonato.<\/p>\n<h3> <strong>Simbolo del manganese<\/strong><\/h3>\n<p> <span class=\"content-chemical-element\" style=\"float: left;width: 65px;height: 65px;border: 3px solid #666; display:flex;\n    justify-content: center;align-items: center;margin-right: 15px;\"><span style=\"font-size: 38px;\">Mn<\/span><\/span> Questa simbologia deriva dalla magnesia nera, che oggi \u00e8 il minerale pirolusite, anticamente chiamato <em>magnes<\/em> perch\u00e9 confuso con la pietra magnetite. Nel XVI secolo i vetrai aggiunsero due n al nome e successivamente venne riconosciuto con il nome attuale.<\/p>\n<h2> <strong>Caratteristiche del manganese<\/strong><\/h2>\n<p> Ha una massa atomica di 54,93 g\/mol e una densit\u00e0 di 7.430 kg\/m\u00b3 a 20\u00b0C. Inoltre l&#8217;elemento allo stato puro presenta quattro forme allotropiche, le pi\u00f9 conosciute delle quali sono alfa e gamma. Poi notiamo le altre caratteristiche del metallo:<\/p>\n<ul>\n<li> <strong>Reattivit\u00e0 chimica<\/strong> : ad alte temperature reagisce con la maggior parte degli elementi non metallici, acqua, acidi e alogeni.<\/li>\n<li> <strong>Fusione e ebollizione<\/strong> : ha punti di fusione e di ebollizione elevati.<\/li>\n<li> <strong>Condizione<\/strong> : a temperatura ambiente \u00e8 solido.<\/li>\n<li> <strong>Cambiamenti<\/strong> : Si ossida e brucia all&#8217;aria mentre con aria umida forma ossidi.<\/li>\n<li> <strong>Colore<\/strong> : quando puro \u00e8 bianco brillante, ma \u00e8 noto che i suoi composti sono colorati.<\/li>\n<li> <strong>Texture<\/strong> : cristallina e morbida.<\/li>\n<li> <strong>Odore<\/strong> : \u00e8 inodore.<\/li>\n<li> <strong>Temperatura<\/strong> : Cambia la sua struttura cristallina se sottoposto a cambiamenti climatici.<\/li>\n<li> <strong>Durezza<\/strong> : Presenta un valore 6 della scala Mohs, ma allo stesso tempo \u00e8 fragile.<\/li>\n<li> <strong>Ordine magnetico<\/strong> : Generalmente non \u00e8 un elemento ferromagnetico, anche se pu\u00f2 cambiare se sottoposto a trattamenti particolari.<\/li>\n<li> <strong>Condizione:<\/strong> solido.<\/li>\n<\/ul>\n<h2> <strong>Propriet\u00e0 chimiche e fisiche del manganese<\/strong><\/h2>\n<ol>\n<li> <strong>Numero atomico<\/strong> : 25<\/li>\n<li> <strong>Densit\u00e0<\/strong> : 7430 kg\/m\u00b3<\/li>\n<li> <strong>Ruggine<\/strong> : acido forte<\/li>\n<li> <strong>Raggio covalente (\u00c5)<\/strong> : 139 pm<\/li>\n<li> <strong>Configurazione elettronica<\/strong> : [Ar]3d <sup>5<\/sup> 4s <sup>2<\/sup><\/li>\n<li> <strong>Punto di ebollizione<\/strong> : 2061 \u00b0C (2334 K)<\/li>\n<li> <strong>Massa atomica (g\/mol)<\/strong> : 54,938049 u<\/li>\n<li> <strong>Entalpia di fusione<\/strong> : 12,05 kJ\/mol<\/li>\n<li> <strong>Velocit\u00e0 del suono<\/strong> : 5150 m\/s a 293,15 K<\/li>\n<li> <strong>Potenziale di prima ionizzazione (eV)<\/strong> : 717,3 kJ\/mol<\/li>\n<li> <strong>Punto di fusione<\/strong> : 1246\u00b0C (1519K)<\/li>\n<li> <strong>Entalpia di vaporizzazione<\/strong> : 226 kJ\/mol<\/li>\n<li> <strong>Raggio atomico (\u00c5)<\/strong> : 161 pm (raggio di Bohr)<\/li>\n<li> <strong>Calore specifico<\/strong> : 480 J\/(K-kg)<\/li>\n<li> <strong>Stati di ossidazione<\/strong> : 7, 6, 4, 2, 3<\/li>\n<li> <strong>Elettronegativit\u00e0<\/strong> : 1,55 (scala Pauling)<\/li>\n<li> <strong>Elettroni per livello<\/strong> : 2, 8, 13, 2<\/li>\n<\/ol>\n<h2> <strong>Origine del manganese<\/strong><\/h2>\n<p> Gli Egizi e i Romani utilizzavano composti dell&#8217;elemento per scolorire o dare colore al vetro, secondo la storia del manganese. Inoltre, sono state scoperte pitture rupestri francesi contenenti resti dell&#8217;elemento. Anche in alcune miniere di ferro degli antichi spartani, che utilizzavano questo materiale per indurire le loro spade.<\/p>\n<p> Successivamente, la sua scoperta avvenne ad opera di Carl Wilhem Scheele nel 1771. Tuttavia il merito ufficiale va al chimico Johan Gottlieb Gahn, poich\u00e9 riusc\u00ec a isolarlo nel 1774. Lo svedese effettu\u00f2 la riduzione dell&#8217;ossido di manganese in un elemento combinandolo con il carbonio.<\/p>\n<h2> <strong>A cosa serve il manganese?<\/strong><\/h2>\n<p> \u00c8 un metallo utilizzato per applicazioni chimiche e metallurgiche. Costituisce inoltre un elemento vitale del corpo umano perch\u00e9 partecipa alla formazione e allo sviluppo del tessuto osseo. Gli altri usi di questo metallo riguardano:<\/p>\n<ul>\n<li> Riduce il rumore del motore e aumenta il numero di ottani del carburante.<\/li>\n<li> Viene utilizzato nella produzione di acciaio inossidabile a basso budget.<\/li>\n<li> Generalmente viene legato con l&#8217;alluminio per ottenere una maggiore resistenza alla corrosione.<\/li>\n<li> Nelle batterie usa e getta standard.<\/li>\n<li> Il suo ossido viene utilizzato per ossidare l&#8217;alcol benzilico.<\/li>\n<li> Il biossido di manganese \u00e8 un composto utilizzato per creare vernici.<\/li>\n<li> Un composto dell&#8217;elemento viene utilizzato per contrastare l&#8217;effetto contaminante del ferro nel vetro.<\/li>\n<li> Vari composti possono dipingere ceramica e vetro.<\/li>\n<li> Alcuni paesi lo utilizzano come materia prima per la produzione di monete.<\/li>\n<\/ul>\n<h2> <strong>Composti del manganese<\/strong><\/h2>\n<p> Tutti i composti di questo elemento chimico, ad eccezione del permanganato, sono paramagnetici. In altre parole, sono attratti dal campo magnetico perch\u00e9 hanno elettroni spaiati. Alcuni esempi sono:<\/p>\n<ul>\n<li> Ossido di manganese IV.<\/li>\n<li> Manganato di potassio.<\/li>\n<li> Permanganato di Potassio.<\/li>\n<li> Permanganato di calcio.<\/li>\n<li> Permanganato di sodio.<\/li>\n<\/ul>\n<p> In sintesi, il manganese \u00e8 un elemento chimico reattivo, ossidabile, refrattario, duro e fragile, che fa parte dei metalli di transizione. Sebbene non si trovi nella sua forma pura, pu\u00f2 essere ottenuto da molti minerali, come la pirolusite. Inoltre, i suoi usi includono l\u2019eliminazione dei colpi del motore, la produzione di batterie usa e getta e l\u2019acciaio inossidabile pi\u00f9 economico.<\/p>\n","protected":false},"excerpt":{"rendered":"<p>Sapevi che oltre il 90% del manganese viene utilizzato nelle applicazioni metallurgiche e siderurgiche? Il motivo \u00e8 la sua utile reattivit\u00e0 chimica. D\u2019altronde svolge un ruolo essenziale per gli organismi viventi, anche se non \u00e8 possibile trovarlo allo stato puro in natura. Conosci la sua storia, quali sono le sue caratteristiche, chi lo ha scoperto, &#8230; <a title=\"Manganese\" class=\"read-more\" href=\"https:\/\/chemuza.org\/it\/manganese\/\" aria-label=\"More on Manganese\">Per saperne di pi\u00f9<\/a><\/p>\n","protected":false},"author":1,"featured_media":0,"parent":0,"menu_order":0,"comment_status":"closed","ping_status":"closed","template":"","meta":{"footnotes":""},"yoast_head":"<!-- This site is optimized with the Yoast SEO plugin v21.4 - https:\/\/yoast.com\/wordpress\/plugins\/seo\/ -->\n<title>Manganese - Chemuza<\/title>\n<meta name=\"robots\" content=\"index, follow, max-snippet:-1, max-image-preview:large, max-video-preview:-1\" \/>\n<link rel=\"canonical\" href=\"https:\/\/chemuza.org\/it\/manganese\/\" \/>\n<meta property=\"og:locale\" content=\"it_IT\" \/>\n<meta property=\"og:type\" content=\"article\" \/>\n<meta property=\"og:title\" content=\"Manganese - Chemuza\" \/>\n<meta property=\"og:description\" content=\"Sapevi che oltre il 90% del manganese viene utilizzato nelle applicazioni metallurgiche e siderurgiche? Il motivo \u00e8 la sua utile reattivit\u00e0 chimica. D\u2019altronde svolge un ruolo essenziale per gli organismi viventi, anche se non \u00e8 possibile trovarlo allo stato puro in natura. Conosci la sua storia, quali sono le sue caratteristiche, chi lo ha scoperto, ... Per saperne di pi\u00f9\" \/>\n<meta property=\"og:url\" content=\"https:\/\/chemuza.org\/it\/manganese\/\" \/>\n<meta property=\"og:site_name\" content=\"Chemuza\" \/>\n<meta name=\"twitter:card\" content=\"summary_large_image\" \/>\n<meta name=\"twitter:label1\" content=\"Tempo di lettura stimato\" \/>\n\t<meta name=\"twitter:data1\" content=\"4 minuti\" \/>\n<script type=\"application\/ld+json\" class=\"yoast-schema-graph\">{\"@context\":\"https:\/\/schema.org\",\"@graph\":[{\"@type\":\"WebPage\",\"@id\":\"https:\/\/chemuza.org\/it\/manganese\/\",\"url\":\"https:\/\/chemuza.org\/it\/manganese\/\",\"name\":\"Manganese - Chemuza\",\"isPartOf\":{\"@id\":\"https:\/\/chemuza.org\/it\/#website\"},\"datePublished\":\"2023-07-14T20:41:58+00:00\",\"dateModified\":\"2023-07-14T20:41:58+00:00\",\"breadcrumb\":{\"@id\":\"https:\/\/chemuza.org\/it\/manganese\/#breadcrumb\"},\"inLanguage\":\"it-IT\",\"potentialAction\":[{\"@type\":\"ReadAction\",\"target\":[\"https:\/\/chemuza.org\/it\/manganese\/\"]}]},{\"@type\":\"BreadcrumbList\",\"@id\":\"https:\/\/chemuza.org\/it\/manganese\/#breadcrumb\",\"itemListElement\":[{\"@type\":\"ListItem\",\"position\":1,\"name\":\"Casa\",\"item\":\"https:\/\/chemuza.org\/it\/\"},{\"@type\":\"ListItem\",\"position\":2,\"name\":\"Manganese\"}]},{\"@type\":\"WebSite\",\"@id\":\"https:\/\/chemuza.org\/it\/#website\",\"url\":\"https:\/\/chemuza.org\/it\/\",\"name\":\"Chemuza\",\"description\":\"La tua porta d&#039;accesso alla scoperta chimica!\",\"publisher\":{\"@id\":\"https:\/\/chemuza.org\/it\/#organization\"},\"potentialAction\":[{\"@type\":\"SearchAction\",\"target\":{\"@type\":\"EntryPoint\",\"urlTemplate\":\"https:\/\/chemuza.org\/it\/?s={search_term_string}\"},\"query-input\":\"required name=search_term_string\"}],\"inLanguage\":\"it-IT\"},{\"@type\":\"Organization\",\"@id\":\"https:\/\/chemuza.org\/it\/#organization\",\"name\":\"Chemuza\",\"url\":\"https:\/\/chemuza.org\/it\/\",\"logo\":{\"@type\":\"ImageObject\",\"inLanguage\":\"it-IT\",\"@id\":\"https:\/\/chemuza.org\/it\/#\/schema\/logo\/image\/\",\"url\":\"https:\/\/chemuza.org\/it\/wp-content\/uploads\/2023\/10\/chemuza-logo.png\",\"contentUrl\":\"https:\/\/chemuza.org\/it\/wp-content\/uploads\/2023\/10\/chemuza-logo.png\",\"width\":387,\"height\":70,\"caption\":\"Chemuza\"},\"image\":{\"@id\":\"https:\/\/chemuza.org\/it\/#\/schema\/logo\/image\/\"}}]}<\/script>\n<!-- \/ Yoast SEO plugin. -->","yoast_head_json":{"title":"Manganese - Chemuza","robots":{"index":"index","follow":"follow","max-snippet":"max-snippet:-1","max-image-preview":"max-image-preview:large","max-video-preview":"max-video-preview:-1"},"canonical":"https:\/\/chemuza.org\/it\/manganese\/","og_locale":"it_IT","og_type":"article","og_title":"Manganese - Chemuza","og_description":"Sapevi che oltre il 90% del manganese viene utilizzato nelle applicazioni metallurgiche e siderurgiche? Il motivo \u00e8 la sua utile reattivit\u00e0 chimica. D\u2019altronde svolge un ruolo essenziale per gli organismi viventi, anche se non \u00e8 possibile trovarlo allo stato puro in natura. Conosci la sua storia, quali sono le sue caratteristiche, chi lo ha scoperto, ... Per saperne di pi\u00f9","og_url":"https:\/\/chemuza.org\/it\/manganese\/","og_site_name":"Chemuza","twitter_card":"summary_large_image","twitter_misc":{"Tempo di lettura stimato":"4 minuti"},"schema":{"@context":"https:\/\/schema.org","@graph":[{"@type":"WebPage","@id":"https:\/\/chemuza.org\/it\/manganese\/","url":"https:\/\/chemuza.org\/it\/manganese\/","name":"Manganese - Chemuza","isPartOf":{"@id":"https:\/\/chemuza.org\/it\/#website"},"datePublished":"2023-07-14T20:41:58+00:00","dateModified":"2023-07-14T20:41:58+00:00","breadcrumb":{"@id":"https:\/\/chemuza.org\/it\/manganese\/#breadcrumb"},"inLanguage":"it-IT","potentialAction":[{"@type":"ReadAction","target":["https:\/\/chemuza.org\/it\/manganese\/"]}]},{"@type":"BreadcrumbList","@id":"https:\/\/chemuza.org\/it\/manganese\/#breadcrumb","itemListElement":[{"@type":"ListItem","position":1,"name":"Casa","item":"https:\/\/chemuza.org\/it\/"},{"@type":"ListItem","position":2,"name":"Manganese"}]},{"@type":"WebSite","@id":"https:\/\/chemuza.org\/it\/#website","url":"https:\/\/chemuza.org\/it\/","name":"Chemuza","description":"La tua porta d&#039;accesso alla scoperta chimica!","publisher":{"@id":"https:\/\/chemuza.org\/it\/#organization"},"potentialAction":[{"@type":"SearchAction","target":{"@type":"EntryPoint","urlTemplate":"https:\/\/chemuza.org\/it\/?s={search_term_string}"},"query-input":"required name=search_term_string"}],"inLanguage":"it-IT"},{"@type":"Organization","@id":"https:\/\/chemuza.org\/it\/#organization","name":"Chemuza","url":"https:\/\/chemuza.org\/it\/","logo":{"@type":"ImageObject","inLanguage":"it-IT","@id":"https:\/\/chemuza.org\/it\/#\/schema\/logo\/image\/","url":"https:\/\/chemuza.org\/it\/wp-content\/uploads\/2023\/10\/chemuza-logo.png","contentUrl":"https:\/\/chemuza.org\/it\/wp-content\/uploads\/2023\/10\/chemuza-logo.png","width":387,"height":70,"caption":"Chemuza"},"image":{"@id":"https:\/\/chemuza.org\/it\/#\/schema\/logo\/image\/"}}]}},"yoast_meta":{"yoast_wpseo_title":"","yoast_wpseo_metadesc":"","yoast_wpseo_canonical":""},"_links":{"self":[{"href":"https:\/\/chemuza.org\/it\/wp-json\/wp\/v2\/pages\/1455"}],"collection":[{"href":"https:\/\/chemuza.org\/it\/wp-json\/wp\/v2\/pages"}],"about":[{"href":"https:\/\/chemuza.org\/it\/wp-json\/wp\/v2\/types\/page"}],"author":[{"embeddable":true,"href":"https:\/\/chemuza.org\/it\/wp-json\/wp\/v2\/users\/1"}],"replies":[{"embeddable":true,"href":"https:\/\/chemuza.org\/it\/wp-json\/wp\/v2\/comments?post=1455"}],"version-history":[{"count":0,"href":"https:\/\/chemuza.org\/it\/wp-json\/wp\/v2\/pages\/1455\/revisions"}],"wp:attachment":[{"href":"https:\/\/chemuza.org\/it\/wp-json\/wp\/v2\/media?parent=1455"}],"curies":[{"name":"wp","href":"https:\/\/api.w.org\/{rel}","templated":true}]}}