{"id":1454,"date":"2023-07-14T20:50:52","date_gmt":"2023-07-14T20:50:52","guid":{"rendered":"https:\/\/chemuza.org\/it\/titanio\/"},"modified":"2023-07-14T20:50:52","modified_gmt":"2023-07-14T20:50:52","slug":"titanio","status":"publish","type":"page","link":"https:\/\/chemuza.org\/it\/titanio\/","title":{"rendered":"Titanio"},"content":{"rendered":"<p>Il titanio \u00e8 l&#8217;elemento numero 9 pi\u00f9 abbondante nella crosta terrestre, \u00e8 presente in vari corpi idrici naturali e nella vita. Si trova anche nella maggior parte delle rocce ignee e sedimentarie. Le sue leghe sono utilizzate in un&#8217;ampia variet\u00e0 di modi, tra cui nella moderna industria aerospaziale e in applicazioni in gioielleria, dispositivi mobili e medicina. Scopri di pi\u00f9 su cosa comporta questo elemento della tavola periodica.<\/p>\n<h2> <strong>Cos&#8217;\u00e8 il titanio?<\/strong><\/h2>\n<p> \u00c8 un metallo di transizione grigio che presenta elevata durezza e bassa densit\u00e0. Quando \u00e8 allo stato puro, l&#8217;acqua di mare o il cloro non possono corroderlo perch\u00e9 \u00e8 molto resistente e forte come l&#8217;acciaio. Il suo punto di fusione \u00e8 elevato, utile in caso di bassa conduttivit\u00e0 termica ed elettrica.<\/p>\n<h3> <strong>Simbolo del titanio<\/strong><\/h3>\n<p> <span class=\"content-chemical-element\" style=\"float: left;width: 65px;height: 65px;border: 3px solid #666; display:flex;\n    justify-content: center;align-items: center;margin-right: 15px;\"><span style=\"font-size: 38px;\">Ti<\/span><\/span> Si trova nel gruppo 4 della tavola periodica con numero atomico 22 e peso 47,90. I suoi composti pi\u00f9 comuni sono il biossido di titanio, il tetracloruro di titanio e il tricloruro di titanio. Inoltre, ha due forme allotropiche e 5 isotopi naturali.<\/p>\n<h2> <strong>Caratteristiche del titanio<\/strong><\/h2>\n<p> Come altri metalli, si combina per formare leghe con, tra gli altri, vanadio, alluminio, ferro e molibdeno. Scopri di pi\u00f9 sulle sue particolarit\u00e0 come metallo di transizione:<\/p>\n<ul>\n<li> <strong>Reattivit\u00e0 chimica<\/strong> : Elevata perch\u00e9 inizia a bruciare prima di raggiungere il punto di fusione.<\/li>\n<\/ul>\n<ul>\n<li> <strong>Punto di fusione<\/strong> : \u00e8 alto quindi viene utilizzato come metallo refrattario.<\/li>\n<li> <strong>Condizione<\/strong> : solido e naturale.<\/li>\n<li> <strong>Variazioni<\/strong> : A basse temperature cristallizza in una forma esagonale compatta ma il clima elevato gli conferisce una forma cubica.<\/li>\n<li> <strong>Resistenza<\/strong> : Il suo limite superiore \u00e8 538\u00b0C e il limite inferiore \u00e8 -253\u00b0C. Per brevi periodi pu\u00f2 essere utilizzato fino a circa 1100\u00b0C.<\/li>\n<\/ul>\n<h2> <strong>Propriet\u00e0 chimiche e fisiche del titanio<\/strong><\/h2>\n<ol>\n<li> <strong>Numero atomico<\/strong> : 22<\/li>\n<li> <strong>Elettronegativit\u00e0:<\/strong> 1,5<\/li>\n<li> <strong>Raggio covalente (\u00c5):<\/strong> 1,36<\/li>\n<li> <strong>Massa atomica (g\/mol):<\/strong> 47,90<\/li>\n<li> <strong>Configurazione elettronica:<\/strong> [Ar] 3d <sup>2<\/sup> 4s <sup>2<\/sup><\/li>\n<li> <strong>Potenziale di prima ionizzazione (eV):<\/strong> 6,89<\/li>\n<li> <strong>Entalpia di vaporizzazione:<\/strong> 421 kJ\/mol<\/li>\n<li> <strong>Entalpia di fusione:<\/strong> 15,45 Kj\/mol<\/li>\n<li> <strong>Punto di fusione:<\/strong> 1668 <strong>&nbsp;<\/strong><\/li>\n<li> <strong>Velocit\u00e0 del suono:<\/strong> 4140 m\/s a 293,15 K<\/li>\n<li> <strong>Pressione di vapore:<\/strong> 0,49 Pa a 1933 K<\/li>\n<li> <strong>Struttura del cristallo:<\/strong> esagonale<\/li>\n<li> <strong>Punto di ebollizione:<\/strong> 3260<\/li>\n<li> <strong>Densit\u00e0 del titanio:<\/strong> 4,51<\/li>\n<\/ol>\n<h2> <strong>Origine del titanio<\/strong><\/h2>\n<p> Il nome deriva dalla parola latina Titani che forse significa figli della terra. La sua scoperta risale al 1791 ad opera del pastore William Gregor. Questo mineralogista trov\u00f2 una specie di sabbia nera in un ruscello e osserv\u00f2 che una calamita la attraeva. Poi lo analizz\u00f2 e vide due ossidi metallici, uno era di ferro e l&#8217;altro divenne titanio, anche se all&#8217;epoca non riusc\u00ec a identificarlo.<\/p>\n<p> Pi\u00f9 tardi, nel 1795, il chimico Martin Heinrich Klaproth stava lavorando con un minerale rutilo e si imbatt\u00e9 in questo metallo che chiam\u00f2 Titanio <strong>,<\/strong> in onore dei titani della mitologia greca.<\/p>\n<h2> <strong>A cosa serve il titanio?<\/strong><\/h2>\n<p> \u00c8 comune utilizzarlo nelle leghe di acciaio inossidabile per ridurre il contenuto di carbonio. I pi\u00f9 comuni sono ferro, manganese, vanadio, rame e altri metalli. Inoltre, \u00e8 possibile trovarlo nelle seguenti aree:<\/p>\n<h3> <strong>Industria aerospaziale e aeronautica<\/strong><\/h3>\n<p> Poich\u00e9 \u00e8 resistente alle alte temperature e non si deforma, viene utilizzato nella fabbricazione di navi, missili, razzi, imbarcazioni e armature per automobili. Viene utilizzato anche nei carrelli di atterraggio, nei sistemi idraulici e nei condotti di scarico.<\/p>\n<h3> <strong>Medicinale<\/strong><\/h3>\n<p> In questo campo le sue applicazioni riguardano gli impianti dentali e gli strumenti chirurgici. Poich\u00e9 si integra con le ossa, \u00e8 ideale nella produzione di parti ortopediche. Si possono realizzare anche viti, chiodi, sedie a rotelle e stampelle.<\/p>\n<h3> <strong>Industria chimica<\/strong><\/h3>\n<p> Viene utilizzato in apparecchiature come serbatoi e scambiatori di calore. A causa della sua durezza, viene utilizzato nella perforazione e nelle applicazioni siderurgiche e metallurgiche. Inoltre, viene utilizzato nella saldatura a ultrasuoni, nello sputtering, nella saldatura ad onda, nelle cortine fumogene e nei vetri iridescenti.<\/p>\n<h3> <strong>Additivi e pigmenti<\/strong><\/h3>\n<p> Diossido di carbonio<strong> <\/strong>Viene utilizzato per dare un colore bianco a vernici, plastica e dentifrici. Viene utilizzato anche nel cemento, nelle pietre preziose, nella carta, per dare durezza alle canne da pesca e come ingrediente nelle creme solari.<\/p>\n<h3> <strong>Gioielliere<\/strong><\/h3>\n<p> A causa della sua durabilit\u00e0 e propriet\u00e0 inerti, viene utilizzato come lega con l&#8217;oro per realizzare detto metallo. Inoltre, viene utilizzato nelle coperture di orologi, sculture, mobili e oggetti decorativi. Inoltre, poich\u00e9 \u00e8 in grado di acquisire diversi colori, \u00e8 comune utilizzarlo nei piercing.<\/p>\n<h3> <strong>Vita di ogni giorno<\/strong><\/h3>\n<p> Viene utilizzato in molte attrezzature sportive come mazze da golf, racchette da tennis, telai di biciclette e impugnature per mazze da lacrosse. Inoltre, viene utilizzato nelle montature degli occhiali, nelle torce elettriche, negli utensili da cucina, nella realizzazione di ferri di cavallo e nelle custodie per laptop. Per la sua resistenza alla corrosione, viene utilizzato nella fabbricazione di alberi di trasmissione, scambiatori di calore in impianti di desalinizzazione, coltelli da immersione, ami e lenze da pesca. In breve, Titanio<strong> <\/strong>\u00c8 un metallo di transizione che appartiene al gruppo 4 della tavola periodica ed \u00e8 disponibile nel suolo, nell&#8217;acqua e nelle rocce. Il suo utilizzo \u00e8 molto vario nell&#8217;industria chimica, nella medicina per apparecchi ortopedici e in oggetti di uso quotidiano come gli articoli sportivi.<\/p>\n","protected":false},"excerpt":{"rendered":"<p>Il titanio \u00e8 l&#8217;elemento numero 9 pi\u00f9 abbondante nella crosta terrestre, \u00e8 presente in vari corpi idrici naturali e nella vita. Si trova anche nella maggior parte delle rocce ignee e sedimentarie. Le sue leghe sono utilizzate in un&#8217;ampia variet\u00e0 di modi, tra cui nella moderna industria aerospaziale e in applicazioni in gioielleria, dispositivi mobili &#8230; <a title=\"Titanio\" class=\"read-more\" href=\"https:\/\/chemuza.org\/it\/titanio\/\" aria-label=\"More on Titanio\">Per saperne di pi\u00f9<\/a><\/p>\n","protected":false},"author":1,"featured_media":0,"parent":0,"menu_order":0,"comment_status":"closed","ping_status":"closed","template":"","meta":{"footnotes":""},"yoast_head":"<!-- This site is optimized with the Yoast SEO plugin v21.4 - https:\/\/yoast.com\/wordpress\/plugins\/seo\/ -->\n<title>Titanio - Chemuza<\/title>\n<meta name=\"robots\" content=\"index, follow, max-snippet:-1, max-image-preview:large, max-video-preview:-1\" \/>\n<link rel=\"canonical\" href=\"https:\/\/chemuza.org\/it\/titanio\/\" \/>\n<meta property=\"og:locale\" content=\"it_IT\" \/>\n<meta property=\"og:type\" content=\"article\" \/>\n<meta property=\"og:title\" content=\"Titanio - Chemuza\" \/>\n<meta property=\"og:description\" content=\"Il titanio \u00e8 l&#8217;elemento numero 9 pi\u00f9 abbondante nella crosta terrestre, \u00e8 presente in vari corpi idrici naturali e nella vita. Si trova anche nella maggior parte delle rocce ignee e sedimentarie. Le sue leghe sono utilizzate in un&#8217;ampia variet\u00e0 di modi, tra cui nella moderna industria aerospaziale e in applicazioni in gioielleria, dispositivi mobili ... Per saperne di pi\u00f9\" \/>\n<meta property=\"og:url\" content=\"https:\/\/chemuza.org\/it\/titanio\/\" \/>\n<meta property=\"og:site_name\" content=\"Chemuza\" \/>\n<meta name=\"twitter:card\" content=\"summary_large_image\" \/>\n<meta name=\"twitter:label1\" content=\"Tempo di lettura stimato\" \/>\n\t<meta name=\"twitter:data1\" content=\"4 minuti\" \/>\n<script type=\"application\/ld+json\" class=\"yoast-schema-graph\">{\"@context\":\"https:\/\/schema.org\",\"@graph\":[{\"@type\":\"WebPage\",\"@id\":\"https:\/\/chemuza.org\/it\/titanio\/\",\"url\":\"https:\/\/chemuza.org\/it\/titanio\/\",\"name\":\"Titanio - Chemuza\",\"isPartOf\":{\"@id\":\"https:\/\/chemuza.org\/it\/#website\"},\"datePublished\":\"2023-07-14T20:50:52+00:00\",\"dateModified\":\"2023-07-14T20:50:52+00:00\",\"breadcrumb\":{\"@id\":\"https:\/\/chemuza.org\/it\/titanio\/#breadcrumb\"},\"inLanguage\":\"it-IT\",\"potentialAction\":[{\"@type\":\"ReadAction\",\"target\":[\"https:\/\/chemuza.org\/it\/titanio\/\"]}]},{\"@type\":\"BreadcrumbList\",\"@id\":\"https:\/\/chemuza.org\/it\/titanio\/#breadcrumb\",\"itemListElement\":[{\"@type\":\"ListItem\",\"position\":1,\"name\":\"Casa\",\"item\":\"https:\/\/chemuza.org\/it\/\"},{\"@type\":\"ListItem\",\"position\":2,\"name\":\"Titanio\"}]},{\"@type\":\"WebSite\",\"@id\":\"https:\/\/chemuza.org\/it\/#website\",\"url\":\"https:\/\/chemuza.org\/it\/\",\"name\":\"Chemuza\",\"description\":\"La tua porta d&#039;accesso alla scoperta chimica!\",\"publisher\":{\"@id\":\"https:\/\/chemuza.org\/it\/#organization\"},\"potentialAction\":[{\"@type\":\"SearchAction\",\"target\":{\"@type\":\"EntryPoint\",\"urlTemplate\":\"https:\/\/chemuza.org\/it\/?s={search_term_string}\"},\"query-input\":\"required name=search_term_string\"}],\"inLanguage\":\"it-IT\"},{\"@type\":\"Organization\",\"@id\":\"https:\/\/chemuza.org\/it\/#organization\",\"name\":\"Chemuza\",\"url\":\"https:\/\/chemuza.org\/it\/\",\"logo\":{\"@type\":\"ImageObject\",\"inLanguage\":\"it-IT\",\"@id\":\"https:\/\/chemuza.org\/it\/#\/schema\/logo\/image\/\",\"url\":\"https:\/\/chemuza.org\/it\/wp-content\/uploads\/2023\/10\/chemuza-logo.png\",\"contentUrl\":\"https:\/\/chemuza.org\/it\/wp-content\/uploads\/2023\/10\/chemuza-logo.png\",\"width\":387,\"height\":70,\"caption\":\"Chemuza\"},\"image\":{\"@id\":\"https:\/\/chemuza.org\/it\/#\/schema\/logo\/image\/\"}}]}<\/script>\n<!-- \/ Yoast SEO plugin. -->","yoast_head_json":{"title":"Titanio - Chemuza","robots":{"index":"index","follow":"follow","max-snippet":"max-snippet:-1","max-image-preview":"max-image-preview:large","max-video-preview":"max-video-preview:-1"},"canonical":"https:\/\/chemuza.org\/it\/titanio\/","og_locale":"it_IT","og_type":"article","og_title":"Titanio - Chemuza","og_description":"Il titanio \u00e8 l&#8217;elemento numero 9 pi\u00f9 abbondante nella crosta terrestre, \u00e8 presente in vari corpi idrici naturali e nella vita. Si trova anche nella maggior parte delle rocce ignee e sedimentarie. Le sue leghe sono utilizzate in un&#8217;ampia variet\u00e0 di modi, tra cui nella moderna industria aerospaziale e in applicazioni in gioielleria, dispositivi mobili ... Per saperne di pi\u00f9","og_url":"https:\/\/chemuza.org\/it\/titanio\/","og_site_name":"Chemuza","twitter_card":"summary_large_image","twitter_misc":{"Tempo di lettura stimato":"4 minuti"},"schema":{"@context":"https:\/\/schema.org","@graph":[{"@type":"WebPage","@id":"https:\/\/chemuza.org\/it\/titanio\/","url":"https:\/\/chemuza.org\/it\/titanio\/","name":"Titanio - Chemuza","isPartOf":{"@id":"https:\/\/chemuza.org\/it\/#website"},"datePublished":"2023-07-14T20:50:52+00:00","dateModified":"2023-07-14T20:50:52+00:00","breadcrumb":{"@id":"https:\/\/chemuza.org\/it\/titanio\/#breadcrumb"},"inLanguage":"it-IT","potentialAction":[{"@type":"ReadAction","target":["https:\/\/chemuza.org\/it\/titanio\/"]}]},{"@type":"BreadcrumbList","@id":"https:\/\/chemuza.org\/it\/titanio\/#breadcrumb","itemListElement":[{"@type":"ListItem","position":1,"name":"Casa","item":"https:\/\/chemuza.org\/it\/"},{"@type":"ListItem","position":2,"name":"Titanio"}]},{"@type":"WebSite","@id":"https:\/\/chemuza.org\/it\/#website","url":"https:\/\/chemuza.org\/it\/","name":"Chemuza","description":"La tua porta d&#039;accesso alla scoperta chimica!","publisher":{"@id":"https:\/\/chemuza.org\/it\/#organization"},"potentialAction":[{"@type":"SearchAction","target":{"@type":"EntryPoint","urlTemplate":"https:\/\/chemuza.org\/it\/?s={search_term_string}"},"query-input":"required name=search_term_string"}],"inLanguage":"it-IT"},{"@type":"Organization","@id":"https:\/\/chemuza.org\/it\/#organization","name":"Chemuza","url":"https:\/\/chemuza.org\/it\/","logo":{"@type":"ImageObject","inLanguage":"it-IT","@id":"https:\/\/chemuza.org\/it\/#\/schema\/logo\/image\/","url":"https:\/\/chemuza.org\/it\/wp-content\/uploads\/2023\/10\/chemuza-logo.png","contentUrl":"https:\/\/chemuza.org\/it\/wp-content\/uploads\/2023\/10\/chemuza-logo.png","width":387,"height":70,"caption":"Chemuza"},"image":{"@id":"https:\/\/chemuza.org\/it\/#\/schema\/logo\/image\/"}}]}},"yoast_meta":{"yoast_wpseo_title":"","yoast_wpseo_metadesc":"","yoast_wpseo_canonical":""},"_links":{"self":[{"href":"https:\/\/chemuza.org\/it\/wp-json\/wp\/v2\/pages\/1454"}],"collection":[{"href":"https:\/\/chemuza.org\/it\/wp-json\/wp\/v2\/pages"}],"about":[{"href":"https:\/\/chemuza.org\/it\/wp-json\/wp\/v2\/types\/page"}],"author":[{"embeddable":true,"href":"https:\/\/chemuza.org\/it\/wp-json\/wp\/v2\/users\/1"}],"replies":[{"embeddable":true,"href":"https:\/\/chemuza.org\/it\/wp-json\/wp\/v2\/comments?post=1454"}],"version-history":[{"count":0,"href":"https:\/\/chemuza.org\/it\/wp-json\/wp\/v2\/pages\/1454\/revisions"}],"wp:attachment":[{"href":"https:\/\/chemuza.org\/it\/wp-json\/wp\/v2\/media?parent=1454"}],"curies":[{"name":"wp","href":"https:\/\/api.w.org\/{rel}","templated":true}]}}