{"id":1453,"date":"2023-07-14T21:22:26","date_gmt":"2023-07-14T21:22:26","guid":{"rendered":"https:\/\/chemuza.org\/it\/potassio\/"},"modified":"2023-07-14T21:22:26","modified_gmt":"2023-07-14T21:22:26","slug":"potassio","status":"publish","type":"page","link":"https:\/\/chemuza.org\/it\/potassio\/","title":{"rendered":"Potassio"},"content":{"rendered":"<p>Il potassio \u00e8 un minerale ed elettrolita vitale che aiuta a condurre l&#8217;elettricit\u00e0 nel corpo, insieme a calcio, cloruro, sodio e magnesio. \u00c8 essenziale per il corretto funzionamento delle cellule viventi, motivo per cui si trova nei tessuti di animali e piante. Il corpo umano regola anche il livello di questo elemento nelle cellule, generando un benessere generale. \u00c8 giunto il momento di conoscere a fondo le propriet\u00e0, le caratteristiche e gli altri usi di detto ingrediente.<\/p>\n<h2> <strong>Cos&#8217;\u00e8 il potassio?<\/strong><\/h2>\n<p> \u00c8 un metallo alcalino, di colore bianco argenteo e ricco di elementi legati ad altri minerali e all&#8217;acqua salata. Nell&#8217;aria si ossida velocemente, nell&#8217;acqua \u00e8 reattivo e chimicamente simile al sodio. Inoltre, \u00e8 un elettrolita e contribuisce alla concentrazione delle sostanze nelle cellule e alla pressione, proprio come il cloro e il sodio.<\/p>\n<h3> <strong>Simbolo del potassio<\/strong><\/h3>\n<p> <span class=\"content-chemical-element\" style=\"float: left;width: 65px;height: 65px;border: 3px solid #666; display:flex;\n    justify-content: center;align-items: center;margin-right: 15px;\"><span style=\"font-size: 38px;\">K<\/span><\/span> Nella tavola periodica gli viene assegnato il numero atomico 19. Appartiene al gruppo 1 dei metalli alcalini con sodio e rubidio. In natura si trova allo stato solido. La sua massa atomica \u00e8 circa 39.098 e la sua configurazione elettronica \u00e8 [Ar]4S <sup>1<\/sup> .<\/p>\n<h2> <strong>Caratteristiche del potassio<\/strong><\/h2>\n<p> Dopo il calcio e il fosforo, il potassio \u00e8 presente in maggiore quantit\u00e0 nell&#8217;organismo ed \u00e8 associato al sodio. Ecco alcune delle sue caratteristiche:<\/p>\n<ul>\n<li> <strong>Reattivit\u00e0<\/strong> : \u00c8 molto reattivo, motivo per cui si ossida rapidamente se esposto all&#8217;aria.<\/li>\n<li> <strong>Solubilit\u00e0<\/strong> : la maggior parte dei suoi minerali sono insolubili.<\/li>\n<li> <strong>Fusione:<\/strong> rispetto ad altri metalli alcalini, il suo punto di fusione \u00e8 basso.<\/li>\n<li> <strong>Malleabilit\u00e0:<\/strong> \u00e8 leggero e malleabile, il che lo rende pi\u00f9 facile da tagliare.<\/li>\n<li> <strong>Densit\u00e0:<\/strong> \u00c8 di circa 0,862 grammi per cm <sup>2<\/sup> , inferiore a quella dell&#8217;acqua che ne contiene 1,00 grammi, ci\u00f2 significa che pu\u00f2 galleggiare in acqua.<\/li>\n<\/ul>\n<h2> <strong>Propriet\u00e0 chimiche e fisiche del potassio<\/strong><\/h2>\n<ol>\n<li> <strong>Numero atomico<\/strong> : 19<\/li>\n<li> <strong>Raggio covalente (\u00c5):<\/strong> 13,96<\/li>\n<li> <strong>Raggio atomico:<\/strong> 243 pm<\/li>\n<li> <strong>Numero di neutroni:<\/strong> 20<\/li>\n<li> <strong>Numero di protoni:<\/strong> 19<\/li>\n<li> <strong>Punto di ebollizione (\u00b0C):<\/strong> 760<\/li>\n<li> <strong>Punto di fusione (\u00b0C):<\/strong> 97,80<\/li>\n<li> <strong>Condizione ordinaria:<\/strong> solido<\/li>\n<li> <strong>Conduttivit\u00e0 termica:<\/strong> 102,4 W\/(Km)<\/li>\n<li> <strong>Entalpia di vaporizzazione:<\/strong> 79,87 Kj\/mol<\/li>\n<li> <strong>Entalpia di fusione:<\/strong> 2.334 Kj\/mol<\/li>\n<li> <strong>Velocit\u00e0 del suono:<\/strong> 2000 m\/s a 293,15 K<\/li>\n<li> <strong>Pressione di vapore:<\/strong> 1,06\u00d710 <sup>-4<\/sup> Pa a 336,5 K.<\/li>\n<\/ol>\n<h2> <strong>Origine del potassio<\/strong><\/h2>\n<p> Il nome deriva dal latino potassio e dal tedesco pottasche che significa cenere di pentola. Cos\u00ec lo chiam\u00f2 il chimico britannico Humphry Davy quando lo scopr\u00ec nel 1807. D&#8217;altra parte, fu il primo elemento metallico ad essere isolato mediante elettrolisi nel caso dell&#8217;idrossido di potassio, che \u00e8 un composto chimico inorganico con la formula KOH . .<\/p>\n<p> La sua scoperta conferm\u00f2 l&#8217;ipotesi del padre della chimica moderna Antoine Lavoisier. Questo scienziato sosteneva che la potassa e la soda reagiscono con gli acidi allo stesso modo dell&#8217;argento e degli ossidi di piombo, attraverso la combinazione dell&#8217;ossigeno con un metallo. Questa teoria \u00e8 stata confermata isolando il potassio e poi il sodio mediante elettrolisi della soda.<\/p>\n<h2> <strong>A cosa serve il potassio?<\/strong><\/h2>\n<p> \u00c8 un minerale essenziale per l&#8217;organismo perch\u00e9 svolge molteplici funzioni. Inoltre, viene utilizzato in altre aree come quelle descritte di seguito:<\/p>\n<h3> <strong>Uso industriale<\/strong><\/h3>\n<p> Solfato, cloruro e nitrato vengono utilizzati per produrre fertilizzanti o compost per stimolare la crescita delle piante. Il clorato di potassio viene utilizzato in alcuni esplosivi e fiammiferi, il cianuro di potassio viene utilizzato per sciogliere metalli preziosi come rame, oro e argento. Inoltre, il carbonato di potassio viene utilizzato per produrre vetro temperato, lampade fluorescenti, tubi televisivi e coloranti. Inoltre, insieme al sodio, lo usano nei refrigeranti delle centrali nucleari.<\/p>\n<h3> <strong>Vita di ogni giorno<\/strong><\/h3>\n<p> L&#8217;idrossido di potassio viene utilizzato per produrre saponi morbidi e disinfettanti. Inoltre, \u00e8 essenziale per il corretto funzionamento di reni, nervi, cuore, sistema digestivo e muscoli. Il cloruro di potassio viene utilizzato anche nei farmaci per trattare i bassi livelli di potassio nel sangue e nelle gocce saline.<\/p>\n<h3> <strong>additivi del cibo<\/strong><\/h3>\n<p> Il bromato di potassio viene utilizzato per migliorare la resistenza e aumentare la densit\u00e0 dell&#8217;impasto. Il bisolfato di potassio agisce come conservante in alimenti come birra e vino. Viene utilizzato anche nella concia delle pelli e per il candeggio della paglia e dei tessuti.<\/p>\n<h2> <strong>Alimenti che contengono potassio<\/strong><\/h2>\n<p> Questo minerale si trova in vari alimenti, quindi \u00e8 possibile assorbirlo se aggiungi i seguenti alimenti alla tua dieta:<\/p>\n<ul>\n<li> Fagioli rossi, noci, lenticchie, soia.<\/li>\n<li> Yogurt e latte.<\/li>\n<li> Pesce, carne e pollame.<\/li>\n<li> Verdure come spinaci, patate, broccoli, pomodori e zucca.<\/li>\n<li> Frutta come prugne, banane, succo d&#8217;arancia e albicocche.<\/li>\n<\/ul>\n<p> In conclusione il potassio \u00e8 un elemento chimicamente simile al sodio, dotato di rapida ossidazione. Si trova sul pianeta al 2,59% della crosta terrestre. Alcuni dei suoi usi sono nell&#8217;industria, nella medicina, nel cibo e negli additivi.<\/p>\n<h2> Maggiori informazioni sul potassio<\/h2>\n","protected":false},"excerpt":{"rendered":"<p>Il potassio \u00e8 un minerale ed elettrolita vitale che aiuta a condurre l&#8217;elettricit\u00e0 nel corpo, insieme a calcio, cloruro, sodio e magnesio. \u00c8 essenziale per il corretto funzionamento delle cellule viventi, motivo per cui si trova nei tessuti di animali e piante. Il corpo umano regola anche il livello di questo elemento nelle cellule, generando &#8230; <a title=\"Potassio\" class=\"read-more\" href=\"https:\/\/chemuza.org\/it\/potassio\/\" aria-label=\"More on Potassio\">Per saperne di pi\u00f9<\/a><\/p>\n","protected":false},"author":1,"featured_media":0,"parent":0,"menu_order":0,"comment_status":"closed","ping_status":"closed","template":"","meta":{"footnotes":""},"yoast_head":"<!-- This site is optimized with the Yoast SEO plugin v21.4 - https:\/\/yoast.com\/wordpress\/plugins\/seo\/ -->\n<title>Potassio - Chemuza<\/title>\n<meta name=\"robots\" content=\"index, follow, max-snippet:-1, max-image-preview:large, max-video-preview:-1\" \/>\n<link rel=\"canonical\" href=\"https:\/\/chemuza.org\/it\/potassio\/\" \/>\n<meta property=\"og:locale\" content=\"it_IT\" \/>\n<meta property=\"og:type\" content=\"article\" \/>\n<meta property=\"og:title\" content=\"Potassio - Chemuza\" \/>\n<meta property=\"og:description\" content=\"Il potassio \u00e8 un minerale ed elettrolita vitale che aiuta a condurre l&#8217;elettricit\u00e0 nel corpo, insieme a calcio, cloruro, sodio e magnesio. \u00c8 essenziale per il corretto funzionamento delle cellule viventi, motivo per cui si trova nei tessuti di animali e piante. Il corpo umano regola anche il livello di questo elemento nelle cellule, generando ... Per saperne di pi\u00f9\" \/>\n<meta property=\"og:url\" content=\"https:\/\/chemuza.org\/it\/potassio\/\" \/>\n<meta property=\"og:site_name\" content=\"Chemuza\" \/>\n<meta name=\"twitter:card\" content=\"summary_large_image\" \/>\n<meta name=\"twitter:label1\" content=\"Tempo di lettura stimato\" \/>\n\t<meta name=\"twitter:data1\" content=\"4 minuti\" \/>\n<script type=\"application\/ld+json\" class=\"yoast-schema-graph\">{\"@context\":\"https:\/\/schema.org\",\"@graph\":[{\"@type\":\"WebPage\",\"@id\":\"https:\/\/chemuza.org\/it\/potassio\/\",\"url\":\"https:\/\/chemuza.org\/it\/potassio\/\",\"name\":\"Potassio - Chemuza\",\"isPartOf\":{\"@id\":\"https:\/\/chemuza.org\/it\/#website\"},\"datePublished\":\"2023-07-14T21:22:26+00:00\",\"dateModified\":\"2023-07-14T21:22:26+00:00\",\"breadcrumb\":{\"@id\":\"https:\/\/chemuza.org\/it\/potassio\/#breadcrumb\"},\"inLanguage\":\"it-IT\",\"potentialAction\":[{\"@type\":\"ReadAction\",\"target\":[\"https:\/\/chemuza.org\/it\/potassio\/\"]}]},{\"@type\":\"BreadcrumbList\",\"@id\":\"https:\/\/chemuza.org\/it\/potassio\/#breadcrumb\",\"itemListElement\":[{\"@type\":\"ListItem\",\"position\":1,\"name\":\"Casa\",\"item\":\"https:\/\/chemuza.org\/it\/\"},{\"@type\":\"ListItem\",\"position\":2,\"name\":\"Potassio\"}]},{\"@type\":\"WebSite\",\"@id\":\"https:\/\/chemuza.org\/it\/#website\",\"url\":\"https:\/\/chemuza.org\/it\/\",\"name\":\"Chemuza\",\"description\":\"La tua porta d&#039;accesso alla scoperta chimica!\",\"publisher\":{\"@id\":\"https:\/\/chemuza.org\/it\/#organization\"},\"potentialAction\":[{\"@type\":\"SearchAction\",\"target\":{\"@type\":\"EntryPoint\",\"urlTemplate\":\"https:\/\/chemuza.org\/it\/?s={search_term_string}\"},\"query-input\":\"required name=search_term_string\"}],\"inLanguage\":\"it-IT\"},{\"@type\":\"Organization\",\"@id\":\"https:\/\/chemuza.org\/it\/#organization\",\"name\":\"Chemuza\",\"url\":\"https:\/\/chemuza.org\/it\/\",\"logo\":{\"@type\":\"ImageObject\",\"inLanguage\":\"it-IT\",\"@id\":\"https:\/\/chemuza.org\/it\/#\/schema\/logo\/image\/\",\"url\":\"https:\/\/chemuza.org\/it\/wp-content\/uploads\/2023\/10\/chemuza-logo.png\",\"contentUrl\":\"https:\/\/chemuza.org\/it\/wp-content\/uploads\/2023\/10\/chemuza-logo.png\",\"width\":387,\"height\":70,\"caption\":\"Chemuza\"},\"image\":{\"@id\":\"https:\/\/chemuza.org\/it\/#\/schema\/logo\/image\/\"}}]}<\/script>\n<!-- \/ Yoast SEO plugin. -->","yoast_head_json":{"title":"Potassio - Chemuza","robots":{"index":"index","follow":"follow","max-snippet":"max-snippet:-1","max-image-preview":"max-image-preview:large","max-video-preview":"max-video-preview:-1"},"canonical":"https:\/\/chemuza.org\/it\/potassio\/","og_locale":"it_IT","og_type":"article","og_title":"Potassio - Chemuza","og_description":"Il potassio \u00e8 un minerale ed elettrolita vitale che aiuta a condurre l&#8217;elettricit\u00e0 nel corpo, insieme a calcio, cloruro, sodio e magnesio. \u00c8 essenziale per il corretto funzionamento delle cellule viventi, motivo per cui si trova nei tessuti di animali e piante. Il corpo umano regola anche il livello di questo elemento nelle cellule, generando ... Per saperne di pi\u00f9","og_url":"https:\/\/chemuza.org\/it\/potassio\/","og_site_name":"Chemuza","twitter_card":"summary_large_image","twitter_misc":{"Tempo di lettura stimato":"4 minuti"},"schema":{"@context":"https:\/\/schema.org","@graph":[{"@type":"WebPage","@id":"https:\/\/chemuza.org\/it\/potassio\/","url":"https:\/\/chemuza.org\/it\/potassio\/","name":"Potassio - Chemuza","isPartOf":{"@id":"https:\/\/chemuza.org\/it\/#website"},"datePublished":"2023-07-14T21:22:26+00:00","dateModified":"2023-07-14T21:22:26+00:00","breadcrumb":{"@id":"https:\/\/chemuza.org\/it\/potassio\/#breadcrumb"},"inLanguage":"it-IT","potentialAction":[{"@type":"ReadAction","target":["https:\/\/chemuza.org\/it\/potassio\/"]}]},{"@type":"BreadcrumbList","@id":"https:\/\/chemuza.org\/it\/potassio\/#breadcrumb","itemListElement":[{"@type":"ListItem","position":1,"name":"Casa","item":"https:\/\/chemuza.org\/it\/"},{"@type":"ListItem","position":2,"name":"Potassio"}]},{"@type":"WebSite","@id":"https:\/\/chemuza.org\/it\/#website","url":"https:\/\/chemuza.org\/it\/","name":"Chemuza","description":"La tua porta d&#039;accesso alla scoperta chimica!","publisher":{"@id":"https:\/\/chemuza.org\/it\/#organization"},"potentialAction":[{"@type":"SearchAction","target":{"@type":"EntryPoint","urlTemplate":"https:\/\/chemuza.org\/it\/?s={search_term_string}"},"query-input":"required name=search_term_string"}],"inLanguage":"it-IT"},{"@type":"Organization","@id":"https:\/\/chemuza.org\/it\/#organization","name":"Chemuza","url":"https:\/\/chemuza.org\/it\/","logo":{"@type":"ImageObject","inLanguage":"it-IT","@id":"https:\/\/chemuza.org\/it\/#\/schema\/logo\/image\/","url":"https:\/\/chemuza.org\/it\/wp-content\/uploads\/2023\/10\/chemuza-logo.png","contentUrl":"https:\/\/chemuza.org\/it\/wp-content\/uploads\/2023\/10\/chemuza-logo.png","width":387,"height":70,"caption":"Chemuza"},"image":{"@id":"https:\/\/chemuza.org\/it\/#\/schema\/logo\/image\/"}}]}},"yoast_meta":{"yoast_wpseo_title":"","yoast_wpseo_metadesc":"","yoast_wpseo_canonical":""},"_links":{"self":[{"href":"https:\/\/chemuza.org\/it\/wp-json\/wp\/v2\/pages\/1453"}],"collection":[{"href":"https:\/\/chemuza.org\/it\/wp-json\/wp\/v2\/pages"}],"about":[{"href":"https:\/\/chemuza.org\/it\/wp-json\/wp\/v2\/types\/page"}],"author":[{"embeddable":true,"href":"https:\/\/chemuza.org\/it\/wp-json\/wp\/v2\/users\/1"}],"replies":[{"embeddable":true,"href":"https:\/\/chemuza.org\/it\/wp-json\/wp\/v2\/comments?post=1453"}],"version-history":[{"count":0,"href":"https:\/\/chemuza.org\/it\/wp-json\/wp\/v2\/pages\/1453\/revisions"}],"wp:attachment":[{"href":"https:\/\/chemuza.org\/it\/wp-json\/wp\/v2\/media?parent=1453"}],"curies":[{"name":"wp","href":"https:\/\/api.w.org\/{rel}","templated":true}]}}