{"id":1451,"date":"2023-07-14T21:54:11","date_gmt":"2023-07-14T21:54:11","guid":{"rendered":"https:\/\/chemuza.org\/it\/cloro\/"},"modified":"2023-07-14T21:54:11","modified_gmt":"2023-07-14T21:54:11","slug":"cloro","status":"publish","type":"page","link":"https:\/\/chemuza.org\/it\/cloro\/","title":{"rendered":"Cloro"},"content":{"rendered":"<p>Il cloro \u00e8 un gas alogenuro che esiste nell&#8217;ambiente ad alte temperature ed \u00e8 considerato il secondo elemento pi\u00f9 radioattivo di questa famiglia. Costituisce lo 0,045% della crosta terrestre ed \u00e8 in grado di mescolarsi con materiali organici e metalli per formare vari composti. Inoltre, \u00e8 presente nei tessuti animali, nelle piante, nell&#8217;acqua e nei depositi salini. Scopri tutto su questo elemento.<\/p>\n<h2> <strong>Cos&#8217;\u00e8 il cloro?<\/strong><\/h2>\n<p> \u00c8 un elemento chimico appartenente agli alogeni o sali della tavola periodica. \u00c8 un gas tossico con numero atomico 17, di colore giallo verdastro e strutturato in molecole biatomiche o doppie. Inoltre \u00e8 due volte pi\u00f9 denso dell&#8217;aria ed emana un odore sgradevole.<\/p>\n<h3> <strong>Simbolo del cloro<\/strong><\/h3>\n<p> <span class=\"content-chemical-element\" style=\"float: left; width: 65px; height: 65px; border: 3px solid #666; display: flex; justify-content: center; align-items: center; margin-right: 15px;\"><span style=\"font-size: 38px;\">Cl<\/span><\/span> Il suo nome deriva dal greco Chloros, il cui significato \u00e8 verde pallido, che si riferisce chiaramente al colore del gas in condizioni normali di pressione e temperatura. Questa tonalit\u00e0 \u00e8 stata osservata quando il chimico Scheele ha fatto reagire il biossido di manganese con acido cloridrico. Il risultato era un gas verdastro molto soffocante.<\/p>\n<h2> <strong>Caratteristiche del cloro<\/strong><\/h2>\n<p> Questo elemento chimico \u00e8 un gas tossico verde giallastro, che non si trova allo stato puro in natura, a causa della sua elevata reattivit\u00e0. Si trova formando composti come cloriti, clorati, cloruro di sodio e anche disciolti in mare. Inoltre, altre caratteristiche di questo elemento sono:<\/p>\n<ul>\n<li> <strong>Stato<\/strong> : gassoso, ma passa allo stato liquido e diventa arancione.<\/li>\n<li> <strong>Sapore e odore<\/strong> : Ha un sapore amaro con un odore molto irritante.<\/li>\n<li> <strong>Composizione:<\/strong> Le sue molecole sono biatomiche o doppie, molto attive nel loro nucleo.<\/li>\n<li> <strong>Struttura:<\/strong> \u00e8 ortorombica o anulare.<\/li>\n<li> <strong>Solubilit\u00e0<\/strong> : \u00e8 solubile in acqua.<\/li>\n<li> <strong>Tossicit\u00e0<\/strong> : Molto elevata, perch\u00e9 provoca avvelenamento se ingerito o inalato in grandi quantit\u00e0.<\/li>\n<li> <strong>Reattivit\u00e0<\/strong> : Si attiva chimicamente con altri elementi. Inoltre, pu\u00f2 essere violento ed esplosivo, come nel caso dell&#8217;idrogeno.<\/li>\n<\/ul>\n<h2> <strong>Propriet\u00e0 chimiche e fisiche del cloro<\/strong><\/h2>\n<ol>\n<li> <strong>Numero atomico<\/strong> : 17<\/li>\n<li> <strong>Periodo<\/strong> : 3<\/li>\n<li> <strong>Blocca<\/strong> \ud83d\ude1b<\/li>\n<li> <strong>Gruppo<\/strong> : 17<\/li>\n<li> <strong>Raggio covalente (\u00c5):<\/strong> 99 pm<\/li>\n<li> <strong>Configurazione elettronica:<\/strong> [Ne] 3 s\u00b2 3p4<\/li>\n<li> <strong>Massa atomica (g\/mol):<\/strong> 34.453 u<\/li>\n<li> <strong>Densit\u00e0:<\/strong> 3,214 Kg\/m3<\/li>\n<li> <strong>Punto di ebollizione:<\/strong> -34\u00b0C<\/li>\n<li> <strong>Punto di fusione:<\/strong> -102\u00b0C<\/li>\n<li> <strong>Raggio atomico:<\/strong> 79 ore<\/li>\n<li> <strong>Raggio medio:<\/strong> 22:00<\/li>\n<li> <strong>Elettroni per livello:<\/strong> 2.7.8<\/li>\n<li> <strong>Elettronegativit\u00e0:<\/strong> 3,16<\/li>\n<li> <strong>Stato di ossidazione:<\/strong> 1, 3, +5, 7<\/li>\n<li> <strong>Calore specifico:<\/strong> 480 J \/ (K kg)<\/li>\n<li> <strong>Entalpia di vaporizzazione:<\/strong> 10,2 kJ\/mol<\/li>\n<li> <strong>Potenziale di prima ionizzazione eV:<\/strong> 1251,2<\/li>\n<li> <strong>Conduttivit\u00e0 termica:<\/strong> 0,0089 Wm-\u00b9K-\u00b9<\/li>\n<\/ol>\n<h2> <strong>Origine del cloro<\/strong><\/h2>\n<p> L&#8217;elemento fu scoperto da Carl Wilhelm Scheele nel 1774 allo stato gassoso e credeva che fosse un composto formato con l&#8217;ossigeno. Il chimico ne not\u00f2 il potere soffocante e scoloriva i pigmenti vegetali. Successivamente, lo scienziato Claude Louis Berthollet conferm\u00f2 le propriet\u00e0 del cloro come agente sbiancante per i tessuti quando sciolto in acqua.<\/p>\n<p> Successivamente, scienziati come L\u00e9onard Alban e Mathieu Vallet riuscirono a sciogliere l&#8217;elemento in una soluzione di acqua e potassio per ridurre al minimo l&#8217;emissione di gas tossici. Infine, nel 1810, fu il chimico Humphry Davy a dimostrare che si trattava di un elemento chimico grazie alle sue combinazioni e reazioni. \u00c8 noto che il gas cloro \u00e8 stato utilizzato come arma tossica durante la prima guerra mondiale.<\/p>\n<h2> <strong>A cosa serve il cloro?<\/strong><\/h2>\n<p> Viene utilizzato in campo industriale per la disinfezione e depurazione delle acque destinate al consumo umano con acido ipocloroso. Inoltre, altri usi sono:<\/p>\n<ul>\n<li> Viene utilizzato nella produzione di coloranti, tessuti, carta, prodotti petroliferi, antisettici, medicinali e insetticidi.<\/li>\n<li> In quantit\u00e0 industriali viene utilizzato nella produzione di prodotti sanitari, disinfettanti, compresse di cloro e candeggina.<\/li>\n<li> Composti come l&#8217;acido cloridrico e il tetracloruro di carbonio vengono utilizzati per produrre plastica, refrigeranti e propellenti.<\/li>\n<li> Da questo elemento viene sintetizzata la produzione di PVC o cloruro di polivinile.<\/li>\n<\/ul>\n<h2> <strong>10 sintomi di avvelenamento da cloro<\/strong><\/h2>\n<p> \u00c8 noto che questo elemento pu\u00f2 causare ustioni da lievi a gravi al derma, agli occhi e alle vie respiratorie. L&#8217;esposizione del corpo a concentrazioni elevate o prolungate provoca edema polmonare e indebolisce la funzione polmonare fino a provocare bronchite cronica. Altri sintomi di avvelenamento sono:<\/p>\n<ul>\n<li> Dilatazione delle pupille, sia molto grandi che piccole.<\/li>\n<li> Frequenza cardiaca alterata.<\/li>\n<li> Difficolt\u00e0 respiratoria acuta.<\/li>\n<li> Secchezza delle fauci o salivazione costante.<\/li>\n<li> Mal di stomaco accompagnato da nausea, vomito e feci pesanti.<\/li>\n<li> Iperattivit\u00e0 o sonnolenza.<\/li>\n<li> Confusione.<\/li>\n<li> Difficolt\u00e0 a parlare.<\/li>\n<li> Bruciore spiacevole in bocca.<\/li>\n<li> Infiammazione alla gola.<\/li>\n<\/ul>\n<p> In sintesi, questo gas alogeno si distingue per la sua reattivit\u00e0 chimica e la sua capacit\u00e0 di formare vari composti. Trova largo impiego nel settore industriale per le sue propriet\u00e0 antisettiche. Tuttavia, va usato con estrema cautela in quanto nuoce alla salute essendo in continuo contatto con l&#8217;elemento.<\/p>\n<h2> Maggiori informazioni sul cloro<\/h2>\n","protected":false},"excerpt":{"rendered":"<p>Il cloro \u00e8 un gas alogenuro che esiste nell&#8217;ambiente ad alte temperature ed \u00e8 considerato il secondo elemento pi\u00f9 radioattivo di questa famiglia. Costituisce lo 0,045% della crosta terrestre ed \u00e8 in grado di mescolarsi con materiali organici e metalli per formare vari composti. Inoltre, \u00e8 presente nei tessuti animali, nelle piante, nell&#8217;acqua e nei &#8230; <a title=\"Cloro\" class=\"read-more\" href=\"https:\/\/chemuza.org\/it\/cloro\/\" aria-label=\"More on Cloro\">Per saperne di pi\u00f9<\/a><\/p>\n","protected":false},"author":1,"featured_media":0,"parent":0,"menu_order":0,"comment_status":"closed","ping_status":"closed","template":"","meta":{"footnotes":""},"yoast_head":"<!-- This site is optimized with the Yoast SEO plugin v21.4 - https:\/\/yoast.com\/wordpress\/plugins\/seo\/ -->\n<title>Cloro - Chemuza<\/title>\n<meta name=\"robots\" content=\"index, follow, max-snippet:-1, max-image-preview:large, max-video-preview:-1\" \/>\n<link rel=\"canonical\" href=\"https:\/\/chemuza.org\/it\/cloro\/\" \/>\n<meta property=\"og:locale\" content=\"it_IT\" \/>\n<meta property=\"og:type\" content=\"article\" \/>\n<meta property=\"og:title\" content=\"Cloro - Chemuza\" \/>\n<meta property=\"og:description\" content=\"Il cloro \u00e8 un gas alogenuro che esiste nell&#8217;ambiente ad alte temperature ed \u00e8 considerato il secondo elemento pi\u00f9 radioattivo di questa famiglia. Costituisce lo 0,045% della crosta terrestre ed \u00e8 in grado di mescolarsi con materiali organici e metalli per formare vari composti. Inoltre, \u00e8 presente nei tessuti animali, nelle piante, nell&#8217;acqua e nei ... Per saperne di pi\u00f9\" \/>\n<meta property=\"og:url\" content=\"https:\/\/chemuza.org\/it\/cloro\/\" \/>\n<meta property=\"og:site_name\" content=\"Chemuza\" \/>\n<meta name=\"twitter:card\" content=\"summary_large_image\" \/>\n<meta name=\"twitter:label1\" content=\"Tempo di lettura stimato\" \/>\n\t<meta name=\"twitter:data1\" content=\"4 minuti\" \/>\n<script type=\"application\/ld+json\" class=\"yoast-schema-graph\">{\"@context\":\"https:\/\/schema.org\",\"@graph\":[{\"@type\":\"WebPage\",\"@id\":\"https:\/\/chemuza.org\/it\/cloro\/\",\"url\":\"https:\/\/chemuza.org\/it\/cloro\/\",\"name\":\"Cloro - Chemuza\",\"isPartOf\":{\"@id\":\"https:\/\/chemuza.org\/it\/#website\"},\"datePublished\":\"2023-07-14T21:54:11+00:00\",\"dateModified\":\"2023-07-14T21:54:11+00:00\",\"breadcrumb\":{\"@id\":\"https:\/\/chemuza.org\/it\/cloro\/#breadcrumb\"},\"inLanguage\":\"it-IT\",\"potentialAction\":[{\"@type\":\"ReadAction\",\"target\":[\"https:\/\/chemuza.org\/it\/cloro\/\"]}]},{\"@type\":\"BreadcrumbList\",\"@id\":\"https:\/\/chemuza.org\/it\/cloro\/#breadcrumb\",\"itemListElement\":[{\"@type\":\"ListItem\",\"position\":1,\"name\":\"Casa\",\"item\":\"https:\/\/chemuza.org\/it\/\"},{\"@type\":\"ListItem\",\"position\":2,\"name\":\"Cloro\"}]},{\"@type\":\"WebSite\",\"@id\":\"https:\/\/chemuza.org\/it\/#website\",\"url\":\"https:\/\/chemuza.org\/it\/\",\"name\":\"Chemuza\",\"description\":\"La tua porta d&#039;accesso alla scoperta chimica!\",\"publisher\":{\"@id\":\"https:\/\/chemuza.org\/it\/#organization\"},\"potentialAction\":[{\"@type\":\"SearchAction\",\"target\":{\"@type\":\"EntryPoint\",\"urlTemplate\":\"https:\/\/chemuza.org\/it\/?s={search_term_string}\"},\"query-input\":\"required name=search_term_string\"}],\"inLanguage\":\"it-IT\"},{\"@type\":\"Organization\",\"@id\":\"https:\/\/chemuza.org\/it\/#organization\",\"name\":\"Chemuza\",\"url\":\"https:\/\/chemuza.org\/it\/\",\"logo\":{\"@type\":\"ImageObject\",\"inLanguage\":\"it-IT\",\"@id\":\"https:\/\/chemuza.org\/it\/#\/schema\/logo\/image\/\",\"url\":\"https:\/\/chemuza.org\/it\/wp-content\/uploads\/2023\/10\/chemuza-logo.png\",\"contentUrl\":\"https:\/\/chemuza.org\/it\/wp-content\/uploads\/2023\/10\/chemuza-logo.png\",\"width\":387,\"height\":70,\"caption\":\"Chemuza\"},\"image\":{\"@id\":\"https:\/\/chemuza.org\/it\/#\/schema\/logo\/image\/\"}}]}<\/script>\n<!-- \/ Yoast SEO plugin. -->","yoast_head_json":{"title":"Cloro - Chemuza","robots":{"index":"index","follow":"follow","max-snippet":"max-snippet:-1","max-image-preview":"max-image-preview:large","max-video-preview":"max-video-preview:-1"},"canonical":"https:\/\/chemuza.org\/it\/cloro\/","og_locale":"it_IT","og_type":"article","og_title":"Cloro - Chemuza","og_description":"Il cloro \u00e8 un gas alogenuro che esiste nell&#8217;ambiente ad alte temperature ed \u00e8 considerato il secondo elemento pi\u00f9 radioattivo di questa famiglia. Costituisce lo 0,045% della crosta terrestre ed \u00e8 in grado di mescolarsi con materiali organici e metalli per formare vari composti. Inoltre, \u00e8 presente nei tessuti animali, nelle piante, nell&#8217;acqua e nei ... Per saperne di pi\u00f9","og_url":"https:\/\/chemuza.org\/it\/cloro\/","og_site_name":"Chemuza","twitter_card":"summary_large_image","twitter_misc":{"Tempo di lettura stimato":"4 minuti"},"schema":{"@context":"https:\/\/schema.org","@graph":[{"@type":"WebPage","@id":"https:\/\/chemuza.org\/it\/cloro\/","url":"https:\/\/chemuza.org\/it\/cloro\/","name":"Cloro - Chemuza","isPartOf":{"@id":"https:\/\/chemuza.org\/it\/#website"},"datePublished":"2023-07-14T21:54:11+00:00","dateModified":"2023-07-14T21:54:11+00:00","breadcrumb":{"@id":"https:\/\/chemuza.org\/it\/cloro\/#breadcrumb"},"inLanguage":"it-IT","potentialAction":[{"@type":"ReadAction","target":["https:\/\/chemuza.org\/it\/cloro\/"]}]},{"@type":"BreadcrumbList","@id":"https:\/\/chemuza.org\/it\/cloro\/#breadcrumb","itemListElement":[{"@type":"ListItem","position":1,"name":"Casa","item":"https:\/\/chemuza.org\/it\/"},{"@type":"ListItem","position":2,"name":"Cloro"}]},{"@type":"WebSite","@id":"https:\/\/chemuza.org\/it\/#website","url":"https:\/\/chemuza.org\/it\/","name":"Chemuza","description":"La tua porta d&#039;accesso alla scoperta chimica!","publisher":{"@id":"https:\/\/chemuza.org\/it\/#organization"},"potentialAction":[{"@type":"SearchAction","target":{"@type":"EntryPoint","urlTemplate":"https:\/\/chemuza.org\/it\/?s={search_term_string}"},"query-input":"required name=search_term_string"}],"inLanguage":"it-IT"},{"@type":"Organization","@id":"https:\/\/chemuza.org\/it\/#organization","name":"Chemuza","url":"https:\/\/chemuza.org\/it\/","logo":{"@type":"ImageObject","inLanguage":"it-IT","@id":"https:\/\/chemuza.org\/it\/#\/schema\/logo\/image\/","url":"https:\/\/chemuza.org\/it\/wp-content\/uploads\/2023\/10\/chemuza-logo.png","contentUrl":"https:\/\/chemuza.org\/it\/wp-content\/uploads\/2023\/10\/chemuza-logo.png","width":387,"height":70,"caption":"Chemuza"},"image":{"@id":"https:\/\/chemuza.org\/it\/#\/schema\/logo\/image\/"}}]}},"yoast_meta":{"yoast_wpseo_title":"","yoast_wpseo_metadesc":"","yoast_wpseo_canonical":""},"_links":{"self":[{"href":"https:\/\/chemuza.org\/it\/wp-json\/wp\/v2\/pages\/1451"}],"collection":[{"href":"https:\/\/chemuza.org\/it\/wp-json\/wp\/v2\/pages"}],"about":[{"href":"https:\/\/chemuza.org\/it\/wp-json\/wp\/v2\/types\/page"}],"author":[{"embeddable":true,"href":"https:\/\/chemuza.org\/it\/wp-json\/wp\/v2\/users\/1"}],"replies":[{"embeddable":true,"href":"https:\/\/chemuza.org\/it\/wp-json\/wp\/v2\/comments?post=1451"}],"version-history":[{"count":0,"href":"https:\/\/chemuza.org\/it\/wp-json\/wp\/v2\/pages\/1451\/revisions"}],"wp:attachment":[{"href":"https:\/\/chemuza.org\/it\/wp-json\/wp\/v2\/media?parent=1451"}],"curies":[{"name":"wp","href":"https:\/\/api.w.org\/{rel}","templated":true}]}}