{"id":1449,"date":"2023-07-14T22:44:47","date_gmt":"2023-07-14T22:44:47","guid":{"rendered":"https:\/\/chemuza.org\/it\/calcio\/"},"modified":"2023-07-14T22:44:47","modified_gmt":"2023-07-14T22:44:47","slug":"calcio","status":"publish","type":"page","link":"https:\/\/chemuza.org\/it\/calcio\/","title":{"rendered":"Calcio"},"content":{"rendered":"<p>Il calcio \u00e8 un macroelemento abbondante nel corpo umano e nella crosta terrestre in misura pari al 3,64%. Fa parte della struttura dentale e ossea e svolge funzioni scheletriche e regolatrici nel corpo. Inoltre, date le sue propriet\u00e0 chimiche stabili, ha diversi composti applicabili nell&#8217;industria e nella medicina. Scopri di pi\u00f9 sulle sue caratteristiche, storia e propriet\u00e0 di seguito.<\/p>\n<h2> <strong>Cos&#8217;\u00e8 il calcio?<\/strong><\/h2>\n<p> \u00c8 un elemento chimico della famiglia dei metalli alcalino-terrosi della tavola periodica. \u00c8 segnato con il numero atomico 20 e una massa atomica di 40.078. \u00c8 considerato il quinto elemento pi\u00f9 abbondante nella crosta terrestre. \u00c8 un metallo morbido, bianco-argenteo con un nucleo pieno di energia stabile.<\/p>\n<h3> <strong>Simbolo del calcio<\/strong><\/h3>\n<p> <span class=\"content-chemical-element\" style=\"float: left; width: 65px; height: 65px; border: 3px solid #666; display: flex; justify-content: center; align-items: center; margin-right: 15px;\"><span style=\"font-size: 38px;\">Deriva<\/span><\/span> dal latino calx, calis, che significa calce. Questo elemento veniva utilizzato nell&#8217;Antichit\u00e0 dai Romani sotto forma di pietra calcarea nelle malte da costruzione. Il suo nome deriva quindi dalle sue diverse applicazioni e dalla sua consistenza.<\/p>\n<h2> <strong>Caratteristiche del calcio<\/strong><\/h2>\n<p> Come elemento, \u00e8 un metallo alcalino terroso o un metallo che ha propriet\u00e0 chimiche di base. \u00c8 trimorfico, cio\u00e8 forma cristalli con strutture triple. Inoltre, la sua reattivit\u00e0 chimica \u00e8 bassa rispetto ad altri alcali. Altre caratteristiche che lo contraddistinguono sono:<\/p>\n<ul>\n<li> <strong>Condizione<\/strong> : solido.<\/li>\n<li> <strong>Colore<\/strong> : bianco argenteo, pu\u00f2 ingiallire se esposto all&#8217;aria.<\/li>\n<li> <strong>Sapore e odore<\/strong> : Ha un sapore amaro un po&#8217; sgradevole e un odore curioso simile all&#8217;aglio.<\/li>\n<li> <strong>Durezza<\/strong> : \u00e8 un po&#8217; duro rispetto ad altri alcali, fino a 1,75 sulla scala Mohs.<\/li>\n<li> <strong>Tossicit\u00e0<\/strong> : \u00e8 bassa, ma ad alte concentrazioni provoca avvelenamento e decalcificazione.<\/li>\n<li> <strong>Composizione<\/strong> : Il metabolismo del calcio \u00e8 composto da 20 elettroni, 20 protoni e 20 neutroni pieni di energia.<\/li>\n<li> <strong>Reattivit\u00e0<\/strong> : \u00c8 bassa, come indicato nel carbonato di calcio. Tuttavia, allo stato puro, reagisce in modo esplosivo con l&#8217;acqua per formare idrossido di calcio.<\/li>\n<li> <strong>Solubilit\u00e0<\/strong> : \u00e8 elevata in presenza di acqua contenente anidride carbonica.<\/li>\n<li> <strong>Struttura<\/strong> : cristallina e trimorfa.<\/li>\n<\/ul>\n<h2> <strong>Propriet\u00e0 chimiche e fisiche del calcio<\/strong><\/h2>\n<ol>\n<li> <strong>Numero atomico<\/strong> : 20<\/li>\n<li> <strong>Periodo<\/strong> : 4<\/li>\n<li> <strong>Blocco<\/strong> : S<\/li>\n<li> <strong>Gruppo<\/strong> : 2<\/li>\n<li> <strong>Raggio covalente (\u00c5):<\/strong> 1,74<\/li>\n<li> <strong>Configurazione elettronica:<\/strong> [Ar] 4 s\u00b2<\/li>\n<li> <strong>Massa atomica (g\/mol):<\/strong> 40.078 oro<\/li>\n<li> <strong>Densit\u00e0:<\/strong> 1,55 kg\/m<\/li>\n<li> <strong>Punto di ebollizione:<\/strong> 1440\u00b0C<\/li>\n<li> <strong>Punto di fusione:<\/strong> 838\u00b0C<\/li>\n<li> <strong>Raggio atomico:<\/strong> 194 pm<\/li>\n<li> <strong>Raggio medio:<\/strong> 180h<\/li>\n<li> <strong>Raggio ionico (\u00c5):<\/strong> 0,99<\/li>\n<li> <strong>Elettroni per guscio:<\/strong> 2,8, 8,2<\/li>\n<li> <strong>Elettronegativit\u00e0:<\/strong> 1.0<\/li>\n<li> <strong>Stato di ossidazione:<\/strong> 2<\/li>\n<li> <strong>Potenziale di prima ionizzazione eV:<\/strong> 6,15<\/li>\n<li> <strong>Calore specifico:<\/strong> 0,632 J \/ (K kg)<\/li>\n<li> <strong>Conduttivit\u00e0 termica:<\/strong> 201 W\/(Km)<\/li>\n<li> <strong>Conduttivit\u00e0 elettrica:<\/strong> 29,8 106S\/m<\/li>\n<\/ol>\n<h2> <strong>Origine del calcio<\/strong><\/h2>\n<p> Nel 1808, lo scienziato Humphrey Davy scopr\u00ec il calcio attraverso l&#8217;elettrolisi di un amalgama di mercurio e calce. L&#8217;esperimento consisteva nel mescolare calce umida con ossido di mercurio che provocava la formazione di una placca contenente residui ossidabili. Sebbene non fossero sicuri di aver ottenuto un elemento puro, gli scienziati Bunsen e Matthiessen riuscirono a estrarre il minerale mediante elettrolisi del cloruro di calcio. Successivamente fu il chimico Heri Moissan che riusc\u00ec per la prima volta a isolare il metallo all&#8217;inizio del XX secolo.<\/p>\n<h2> <strong>A cosa serve il calcio?<\/strong><\/h2>\n<p> Viene utilizzato per estrarre metalli come zirconio, uranio e torio a causa delle loro propriet\u00e0 riducenti. Inoltre, agisce come disossidante nelle leghe ferrose e non ferrose. Da qui si ricava la pietra calcarea, largamente utilizzata in edilizia.<\/p>\n<p> Allo stesso modo, queste sono caratteristiche spettrali utilizzate nella produzione di archi luminosi ad alta intensit\u00e0. Perch\u00e9 agisce come principio attivo del cemento, necessario per la produzione del calcestruzzo e della malta in edilizia. Oltre a questo, alcuni dei suoi composti vengono utilizzati come medicinali, additivi e integratori alimentari.<\/p>\n<h2> <strong>10 alimenti che contengono calcio<\/strong><\/h2>\n<p> Le propriet\u00e0 del calcio rafforzano le ossa, i tessuti e migliorano le funzioni vitali dell&#8217;organismo. Inoltre, \u00e8 fondamentale durante la gravidanza per la corretta formazione del feto e rafforza il sistema immunitario della madre. Ora, dai un&#8217;occhiata a questo elenco di alimenti ricchi di calcio che ti mantengono in salute:<\/p>\n<ul>\n<li> Formaggi: forniscono circa 800 mg. per 100 grammi e il pi\u00f9 ricco \u00e8 il parmigiano.<\/li>\n<li> Latte: contiene 300 mg.<\/li>\n<li> Yogurt: gli yogurt magri forniscono circa 150 mg. minerali e favoriscono il transito intestinale e la formazione dei tessuti.<\/li>\n<li> Sardine: Fornire 350 mg. dell&#8217;articolo in questione.<\/li>\n<li> Gamberetti: forniscono all&#8217;organismo 220 mg. minerale.<\/li>\n<li> Fico secco: Se \u00e8 secco apportano 170 mg.<\/li>\n<li> Pomodori secchi: contengono 110 grammi di sostanza minerale.<\/li>\n<li> Mandorle: contiene una dose elevata, 264 mg. circa.<\/li>\n<li> Nocciole: fonte naturale del macrominerale, per 10 grammi si ottengono 230 mg.<\/li>\n<li> Pistacchi: forniscono 135 grammi di calcio.<\/li>\n<\/ul>\n<p> In sintesi, questo metallo alcalino terroso si trova in natura sotto forma di composti da cui derivano materiali edili e medicali. La funzione del calcio \u00e8 vitale per l&#8217;organismo in termini di struttura delle ossa e dei denti, formazione dei tessuti e sviluppo sano del bambino.<\/p>\n","protected":false},"excerpt":{"rendered":"<p>Il calcio \u00e8 un macroelemento abbondante nel corpo umano e nella crosta terrestre in misura pari al 3,64%. Fa parte della struttura dentale e ossea e svolge funzioni scheletriche e regolatrici nel corpo. Inoltre, date le sue propriet\u00e0 chimiche stabili, ha diversi composti applicabili nell&#8217;industria e nella medicina. Scopri di pi\u00f9 sulle sue caratteristiche, storia &#8230; <a title=\"Calcio\" class=\"read-more\" href=\"https:\/\/chemuza.org\/it\/calcio\/\" aria-label=\"More on Calcio\">Per saperne di pi\u00f9<\/a><\/p>\n","protected":false},"author":1,"featured_media":0,"parent":0,"menu_order":0,"comment_status":"closed","ping_status":"closed","template":"","meta":{"footnotes":""},"yoast_head":"<!-- This site is optimized with the Yoast SEO plugin v21.4 - https:\/\/yoast.com\/wordpress\/plugins\/seo\/ -->\n<title>Calcio - Chemuza<\/title>\n<meta name=\"robots\" content=\"index, follow, max-snippet:-1, max-image-preview:large, max-video-preview:-1\" \/>\n<link rel=\"canonical\" href=\"https:\/\/chemuza.org\/it\/calcio\/\" \/>\n<meta property=\"og:locale\" content=\"it_IT\" \/>\n<meta property=\"og:type\" content=\"article\" \/>\n<meta property=\"og:title\" content=\"Calcio - Chemuza\" \/>\n<meta property=\"og:description\" content=\"Il calcio \u00e8 un macroelemento abbondante nel corpo umano e nella crosta terrestre in misura pari al 3,64%. Fa parte della struttura dentale e ossea e svolge funzioni scheletriche e regolatrici nel corpo. Inoltre, date le sue propriet\u00e0 chimiche stabili, ha diversi composti applicabili nell&#8217;industria e nella medicina. Scopri di pi\u00f9 sulle sue caratteristiche, storia ... Per saperne di pi\u00f9\" \/>\n<meta property=\"og:url\" content=\"https:\/\/chemuza.org\/it\/calcio\/\" \/>\n<meta property=\"og:site_name\" content=\"Chemuza\" \/>\n<meta name=\"twitter:card\" content=\"summary_large_image\" \/>\n<meta name=\"twitter:label1\" content=\"Tempo di lettura stimato\" \/>\n\t<meta name=\"twitter:data1\" content=\"4 minuti\" \/>\n<script type=\"application\/ld+json\" class=\"yoast-schema-graph\">{\"@context\":\"https:\/\/schema.org\",\"@graph\":[{\"@type\":\"WebPage\",\"@id\":\"https:\/\/chemuza.org\/it\/calcio\/\",\"url\":\"https:\/\/chemuza.org\/it\/calcio\/\",\"name\":\"Calcio - Chemuza\",\"isPartOf\":{\"@id\":\"https:\/\/chemuza.org\/it\/#website\"},\"datePublished\":\"2023-07-14T22:44:47+00:00\",\"dateModified\":\"2023-07-14T22:44:47+00:00\",\"breadcrumb\":{\"@id\":\"https:\/\/chemuza.org\/it\/calcio\/#breadcrumb\"},\"inLanguage\":\"it-IT\",\"potentialAction\":[{\"@type\":\"ReadAction\",\"target\":[\"https:\/\/chemuza.org\/it\/calcio\/\"]}]},{\"@type\":\"BreadcrumbList\",\"@id\":\"https:\/\/chemuza.org\/it\/calcio\/#breadcrumb\",\"itemListElement\":[{\"@type\":\"ListItem\",\"position\":1,\"name\":\"Casa\",\"item\":\"https:\/\/chemuza.org\/it\/\"},{\"@type\":\"ListItem\",\"position\":2,\"name\":\"Calcio\"}]},{\"@type\":\"WebSite\",\"@id\":\"https:\/\/chemuza.org\/it\/#website\",\"url\":\"https:\/\/chemuza.org\/it\/\",\"name\":\"Chemuza\",\"description\":\"La tua porta d&#039;accesso alla scoperta chimica!\",\"publisher\":{\"@id\":\"https:\/\/chemuza.org\/it\/#organization\"},\"potentialAction\":[{\"@type\":\"SearchAction\",\"target\":{\"@type\":\"EntryPoint\",\"urlTemplate\":\"https:\/\/chemuza.org\/it\/?s={search_term_string}\"},\"query-input\":\"required name=search_term_string\"}],\"inLanguage\":\"it-IT\"},{\"@type\":\"Organization\",\"@id\":\"https:\/\/chemuza.org\/it\/#organization\",\"name\":\"Chemuza\",\"url\":\"https:\/\/chemuza.org\/it\/\",\"logo\":{\"@type\":\"ImageObject\",\"inLanguage\":\"it-IT\",\"@id\":\"https:\/\/chemuza.org\/it\/#\/schema\/logo\/image\/\",\"url\":\"https:\/\/chemuza.org\/it\/wp-content\/uploads\/2023\/10\/chemuza-logo.png\",\"contentUrl\":\"https:\/\/chemuza.org\/it\/wp-content\/uploads\/2023\/10\/chemuza-logo.png\",\"width\":387,\"height\":70,\"caption\":\"Chemuza\"},\"image\":{\"@id\":\"https:\/\/chemuza.org\/it\/#\/schema\/logo\/image\/\"}}]}<\/script>\n<!-- \/ Yoast SEO plugin. -->","yoast_head_json":{"title":"Calcio - Chemuza","robots":{"index":"index","follow":"follow","max-snippet":"max-snippet:-1","max-image-preview":"max-image-preview:large","max-video-preview":"max-video-preview:-1"},"canonical":"https:\/\/chemuza.org\/it\/calcio\/","og_locale":"it_IT","og_type":"article","og_title":"Calcio - Chemuza","og_description":"Il calcio \u00e8 un macroelemento abbondante nel corpo umano e nella crosta terrestre in misura pari al 3,64%. Fa parte della struttura dentale e ossea e svolge funzioni scheletriche e regolatrici nel corpo. Inoltre, date le sue propriet\u00e0 chimiche stabili, ha diversi composti applicabili nell&#8217;industria e nella medicina. Scopri di pi\u00f9 sulle sue caratteristiche, storia ... Per saperne di pi\u00f9","og_url":"https:\/\/chemuza.org\/it\/calcio\/","og_site_name":"Chemuza","twitter_card":"summary_large_image","twitter_misc":{"Tempo di lettura stimato":"4 minuti"},"schema":{"@context":"https:\/\/schema.org","@graph":[{"@type":"WebPage","@id":"https:\/\/chemuza.org\/it\/calcio\/","url":"https:\/\/chemuza.org\/it\/calcio\/","name":"Calcio - Chemuza","isPartOf":{"@id":"https:\/\/chemuza.org\/it\/#website"},"datePublished":"2023-07-14T22:44:47+00:00","dateModified":"2023-07-14T22:44:47+00:00","breadcrumb":{"@id":"https:\/\/chemuza.org\/it\/calcio\/#breadcrumb"},"inLanguage":"it-IT","potentialAction":[{"@type":"ReadAction","target":["https:\/\/chemuza.org\/it\/calcio\/"]}]},{"@type":"BreadcrumbList","@id":"https:\/\/chemuza.org\/it\/calcio\/#breadcrumb","itemListElement":[{"@type":"ListItem","position":1,"name":"Casa","item":"https:\/\/chemuza.org\/it\/"},{"@type":"ListItem","position":2,"name":"Calcio"}]},{"@type":"WebSite","@id":"https:\/\/chemuza.org\/it\/#website","url":"https:\/\/chemuza.org\/it\/","name":"Chemuza","description":"La tua porta d&#039;accesso alla scoperta chimica!","publisher":{"@id":"https:\/\/chemuza.org\/it\/#organization"},"potentialAction":[{"@type":"SearchAction","target":{"@type":"EntryPoint","urlTemplate":"https:\/\/chemuza.org\/it\/?s={search_term_string}"},"query-input":"required name=search_term_string"}],"inLanguage":"it-IT"},{"@type":"Organization","@id":"https:\/\/chemuza.org\/it\/#organization","name":"Chemuza","url":"https:\/\/chemuza.org\/it\/","logo":{"@type":"ImageObject","inLanguage":"it-IT","@id":"https:\/\/chemuza.org\/it\/#\/schema\/logo\/image\/","url":"https:\/\/chemuza.org\/it\/wp-content\/uploads\/2023\/10\/chemuza-logo.png","contentUrl":"https:\/\/chemuza.org\/it\/wp-content\/uploads\/2023\/10\/chemuza-logo.png","width":387,"height":70,"caption":"Chemuza"},"image":{"@id":"https:\/\/chemuza.org\/it\/#\/schema\/logo\/image\/"}}]}},"yoast_meta":{"yoast_wpseo_title":"","yoast_wpseo_metadesc":"","yoast_wpseo_canonical":""},"_links":{"self":[{"href":"https:\/\/chemuza.org\/it\/wp-json\/wp\/v2\/pages\/1449"}],"collection":[{"href":"https:\/\/chemuza.org\/it\/wp-json\/wp\/v2\/pages"}],"about":[{"href":"https:\/\/chemuza.org\/it\/wp-json\/wp\/v2\/types\/page"}],"author":[{"embeddable":true,"href":"https:\/\/chemuza.org\/it\/wp-json\/wp\/v2\/users\/1"}],"replies":[{"embeddable":true,"href":"https:\/\/chemuza.org\/it\/wp-json\/wp\/v2\/comments?post=1449"}],"version-history":[{"count":0,"href":"https:\/\/chemuza.org\/it\/wp-json\/wp\/v2\/pages\/1449\/revisions"}],"wp:attachment":[{"href":"https:\/\/chemuza.org\/it\/wp-json\/wp\/v2\/media?parent=1449"}],"curies":[{"name":"wp","href":"https:\/\/api.w.org\/{rel}","templated":true}]}}