{"id":1448,"date":"2023-07-14T22:59:00","date_gmt":"2023-07-14T22:59:00","guid":{"rendered":"https:\/\/chemuza.org\/it\/nichel\/"},"modified":"2023-07-14T22:59:00","modified_gmt":"2023-07-14T22:59:00","slug":"nichel","status":"publish","type":"page","link":"https:\/\/chemuza.org\/it\/nichel\/","title":{"rendered":"Nichel"},"content":{"rendered":"<p>Il nichel \u00e8 un elemento abbondante, costituendo lo 0,008% della crosta terrestre e circa lo 0,01% delle rocce. In alcuni meteoriti si trovano in grandi quantit\u00e0 e si ritiene che esistano anche nel nucleo terrestre. Viene utilizzato in applicazioni architettoniche, industrie chimiche, motori aerospaziali e marini. Guarda altri aspetti come la sua origine, le propriet\u00e0 e gli usi quotidiani.<\/p>\n<h2> <strong>Cos&#8217;\u00e8 il nichel?<\/strong><\/h2>\n<p> \u00c8 un metallo bianco-argento, duro ma flessibile. Nell&#8217;ambiente si trova combinato con lo zolfo o l&#8217;ossigeno sotto forma di solfuri o ossidi. Puramente, assume solitamente un tono brillante e resistente all&#8217;appannamento.<\/p>\n<h3> <strong>Simbolo del nichel<\/strong><\/h3>\n<p> <span class=\"content-chemical-element\" style=\"float: left;width: 65px;height: 65px;border: 3px solid #666; display:flex;\n    justify-content: center;align-items: center;margin-right: 15px;\"><span style=\"font-size: 38px;\">Ni<\/span><\/span> Questo elemento chimico si trova nella tavola periodica e fa parte del gruppo 10, blocco d. Il suo numero atomico \u00e8 28 ed \u00e8 uno dei metalli di transizione come il mercurio, il cadmio e lo zinco. Inoltre, contiene 5 isotopi ed \u00e8 un metallo leggero.<\/p>\n<h2> <strong>Caratteristiche del nichel<\/strong><\/h2>\n<p> Alcuni dei suoi composti possono dissolversi in acqua e ha un caratteristico colore verde. Non hanno odore n\u00e9 sapore e possono essere combinati con rame, zinco, ferro e cromo. Inoltre a temperatura ambiente \u00e8 allo stato solido e altri aspetti che lo identificano sono:<\/p>\n<ul>\n<li> <strong>Densit\u00e0 del nichel:<\/strong> \u00c8 8,9 volte maggiore di quella dell&#8217;acqua a 20\u00b0C.<\/li>\n<li> <strong>Malleabilit\u00e0:<\/strong> \u00e8 duttile e malleabile, quindi pu\u00f2 essere facilmente laminato, lucidato e forgiato.<\/li>\n<li> <strong>Dilatazione termica:<\/strong> Il suo coefficiente \u00e8 basso (13\u00b710 <sup>-6<\/sup> \u00b0C <sup>-1<\/sup> ) che ne consente l&#8217;utilizzo per la fabbricazione di metalli.<\/li>\n<li> <strong>Fusione e ebollizione<\/strong> : sono molto elevati ed \u00e8 un buon conduttore di elettricit\u00e0 e calore.<\/li>\n<\/ul>\n<h2> <strong>Propriet\u00e0 chimiche e fisiche del Nichel<\/strong><\/h2>\n<ol>\n<li> <strong>Raggio covalente (\u00c5):<\/strong> 1,21<\/li>\n<li> <strong>Raggio atomico:<\/strong> 1,24<\/li>\n<li> <strong>Raggio ionico.<\/strong> 0,78<\/li>\n<li> <strong>Valenza:<\/strong> 2, 3<\/li>\n<li> <strong>Stato di ossidazione:<\/strong> +3, +2, 0<\/li>\n<li> <strong>Massa atomica (g\/mol):<\/strong> 58,71 <strong>&nbsp;<\/strong><\/li>\n<li> <strong>Punto di ebollizione (\u00b0C):<\/strong> 2730<\/li>\n<li> <strong>Punto di fusione (\u00b0C):<\/strong> 1453<\/li>\n<li> <strong>Configurazione elettronica:<\/strong> [Ar]3d <sup>8<\/sup> 4s <sup>2<\/sup><\/li>\n<li> <strong>Potenziale di prima ionizzazione (eV):<\/strong> 7,68<\/li>\n<li> <strong>Stato ordinario:<\/strong> solido (ferromagnetico)<\/li>\n<li> <strong>Conduttivit\u00e0 elettrica:<\/strong> 14,3 x106S\/m<\/li>\n<li> <strong>Conduttivit\u00e0 termica:<\/strong> 90,7 W\/(Km)<\/li>\n<li> <strong>Pressione di vapore:<\/strong> 237 Pa a 1726 k<\/li>\n<li> <strong>Entalpia di vaporizzazione:<\/strong> 17,47 Kj\/mol<\/li>\n<\/ol>\n<h2> <strong>Origine del nichel<\/strong><\/h2>\n<p> La sua origine risale all&#8217;incirca al IV secolo a.C., con quella del rame. Tuttavia, la scoperta del nichel avvenne nel 1751 da parte del mineralogista e chimico svedese Axel Fredrik Cronstedt, che lo trov\u00f2 nei minerali di nichel, mentre tentava di estrarre il rame. Il nome deriva dalla parola tedesca kupfernickel, che si traduce come falso rame, perch\u00e9 nell&#8217;antichit\u00e0 i mineralogisti svedesi lo consideravano il diavolo. Era addirittura chiamato il metallo che non si poteva lavorare.<\/p>\n<h2> <strong>A cosa serve il nichel?<\/strong><strong><\/strong><\/h2>\n<p> L&#8217;ossido di nichel e il solfato di nichel sono utilizzati in tutti i tipi di prodotti e alcune delle loro aree di utilizzo sono descritte qui:<\/p>\n<h3> <strong>Tecnologia<\/strong><\/h3>\n<p> Grazie alle sue propriet\u00e0 magnetiche, \u00e8 un materiale essenziale per la produzione di magneti, batterie ricaricabili, dischi rigidi di computer e pu\u00f2 essere utilizzato anche per realizzare corde di chitarra elettrica.<\/p>\n<h3> <strong>Uso industriale<\/strong><\/h3>\n<p> Una lega di<strong> <\/strong>Il nichel e il rame vengono utilizzati negli impianti di desalinizzazione, che trasformano l&#8217;acqua di mare in acqua dolce. Inoltre, viene utilizzato per armature e altre leghe vengono utilizzate per realizzare pale di turbine e alberi di navi. Viene utilizzato anche come catalizzatore e per idrogenare gli oli vegetali.<\/p>\n<h3> <strong>attivit\u00e0 aerospaziale<\/strong><\/h3>\n<p> \u00c8 ideale per la produzione di parti aeronautiche, turbine a gas, supporti di motori e componenti per missili e bombe.<\/p>\n<h3> <strong>Vita quotidiana<\/strong><\/h3>\n<p> Viene utilizzato come elemento di lega del ferro nella produzione di acciaio inossidabile. Ecco gli oggetti di uso quotidiano<strong> <\/strong>asso<strong> <\/strong>utensili da cucina, utensili e strumenti chirurgici. Allo stesso modo vengono fabbricati oleodotti, serbatoi di stoccaggio, orologi, gioielli e alcuni componenti di veicoli. Inoltre, potresti aver sentito parlare di monete di nichel, sanitari, soffioni di docce e dispositivi mobili contenenti nichel.<\/p>\n<h2> <strong>Dove si trova il nichel?<\/strong><\/h2>\n<p> Si ottiene in diversi metalli come meteoriti e ferro. Inoltre si trova nel cuore della terra e, unito all&#8217;iridio, all&#8217;osmio e al ferro, forma una lega dalla struttura metallica. Inoltre, i principali produttori di metallo sono Indonesia, Filippine, Nuova Caledonia, Russia, Australia, Canada e Cina. Gli altri paesi sono Brasile, Cuba e Guatemala.<\/p>\n<h2> <strong>Alimenti contenenti nichel<\/strong><\/h2>\n<p> Poich\u00e9 si tratta di un elemento naturale, \u00e8 ragionevole che sia presente in alcuni alimenti. Ci sono anche persone allergiche a questo metallo, quindi devono fare attenzione alla loro esposizione ai prodotti che lo contengono. Tra gli alimenti ricchi di nichel possiamo trovare:<\/p>\n<ul>\n<li> Liquirizia.<\/li>\n<li> Cacao e tutti i suoi derivati.<\/li>\n<li> Frutta a guscio come mandorle, nocciole, noci e arachidi.<\/li>\n<li> Verdure, tra cui piselli, lenticchie, soia e fagioli.<\/li>\n<li> Pesce e crostacei tra cui cozze, salmone e ostriche.<\/li>\n<li> Cereali di avena, mais, pasta sfoglia.<\/li>\n<li> Frutti tropicali come pera, uva, uva passa, kiwi e pesca.<\/li>\n<\/ul>\n<p> In conclusione, il nichel \u00e8 presente nell&#8217;acqua, in alcuni terreni e negli alimenti. Inoltre, si trova in oggetti metallici e non metallici, nonch\u00e9 nelle industrie e attivit\u00e0 aerospaziali.<\/p>\n","protected":false},"excerpt":{"rendered":"<p>Il nichel \u00e8 un elemento abbondante, costituendo lo 0,008% della crosta terrestre e circa lo 0,01% delle rocce. In alcuni meteoriti si trovano in grandi quantit\u00e0 e si ritiene che esistano anche nel nucleo terrestre. Viene utilizzato in applicazioni architettoniche, industrie chimiche, motori aerospaziali e marini. Guarda altri aspetti come la sua origine, le propriet\u00e0 &#8230; <a title=\"Nichel\" class=\"read-more\" href=\"https:\/\/chemuza.org\/it\/nichel\/\" aria-label=\"More on Nichel\">Per saperne di pi\u00f9<\/a><\/p>\n","protected":false},"author":1,"featured_media":0,"parent":0,"menu_order":0,"comment_status":"closed","ping_status":"closed","template":"","meta":{"footnotes":""},"yoast_head":"<!-- This site is optimized with the Yoast SEO plugin v21.4 - https:\/\/yoast.com\/wordpress\/plugins\/seo\/ -->\n<title>Nichel - Chemuza<\/title>\n<meta name=\"robots\" content=\"index, follow, max-snippet:-1, max-image-preview:large, max-video-preview:-1\" \/>\n<link rel=\"canonical\" href=\"https:\/\/chemuza.org\/it\/nichel\/\" \/>\n<meta property=\"og:locale\" content=\"it_IT\" \/>\n<meta property=\"og:type\" content=\"article\" \/>\n<meta property=\"og:title\" content=\"Nichel - Chemuza\" \/>\n<meta property=\"og:description\" content=\"Il nichel \u00e8 un elemento abbondante, costituendo lo 0,008% della crosta terrestre e circa lo 0,01% delle rocce. In alcuni meteoriti si trovano in grandi quantit\u00e0 e si ritiene che esistano anche nel nucleo terrestre. Viene utilizzato in applicazioni architettoniche, industrie chimiche, motori aerospaziali e marini. Guarda altri aspetti come la sua origine, le propriet\u00e0 ... Per saperne di pi\u00f9\" \/>\n<meta property=\"og:url\" content=\"https:\/\/chemuza.org\/it\/nichel\/\" \/>\n<meta property=\"og:site_name\" content=\"Chemuza\" \/>\n<meta name=\"twitter:card\" content=\"summary_large_image\" \/>\n<meta name=\"twitter:label1\" content=\"Tempo di lettura stimato\" \/>\n\t<meta name=\"twitter:data1\" content=\"4 minuti\" \/>\n<script type=\"application\/ld+json\" class=\"yoast-schema-graph\">{\"@context\":\"https:\/\/schema.org\",\"@graph\":[{\"@type\":\"WebPage\",\"@id\":\"https:\/\/chemuza.org\/it\/nichel\/\",\"url\":\"https:\/\/chemuza.org\/it\/nichel\/\",\"name\":\"Nichel - Chemuza\",\"isPartOf\":{\"@id\":\"https:\/\/chemuza.org\/it\/#website\"},\"datePublished\":\"2023-07-14T22:59:00+00:00\",\"dateModified\":\"2023-07-14T22:59:00+00:00\",\"breadcrumb\":{\"@id\":\"https:\/\/chemuza.org\/it\/nichel\/#breadcrumb\"},\"inLanguage\":\"it-IT\",\"potentialAction\":[{\"@type\":\"ReadAction\",\"target\":[\"https:\/\/chemuza.org\/it\/nichel\/\"]}]},{\"@type\":\"BreadcrumbList\",\"@id\":\"https:\/\/chemuza.org\/it\/nichel\/#breadcrumb\",\"itemListElement\":[{\"@type\":\"ListItem\",\"position\":1,\"name\":\"Casa\",\"item\":\"https:\/\/chemuza.org\/it\/\"},{\"@type\":\"ListItem\",\"position\":2,\"name\":\"Nichel\"}]},{\"@type\":\"WebSite\",\"@id\":\"https:\/\/chemuza.org\/it\/#website\",\"url\":\"https:\/\/chemuza.org\/it\/\",\"name\":\"Chemuza\",\"description\":\"La tua porta d&#039;accesso alla scoperta chimica!\",\"publisher\":{\"@id\":\"https:\/\/chemuza.org\/it\/#organization\"},\"potentialAction\":[{\"@type\":\"SearchAction\",\"target\":{\"@type\":\"EntryPoint\",\"urlTemplate\":\"https:\/\/chemuza.org\/it\/?s={search_term_string}\"},\"query-input\":\"required name=search_term_string\"}],\"inLanguage\":\"it-IT\"},{\"@type\":\"Organization\",\"@id\":\"https:\/\/chemuza.org\/it\/#organization\",\"name\":\"Chemuza\",\"url\":\"https:\/\/chemuza.org\/it\/\",\"logo\":{\"@type\":\"ImageObject\",\"inLanguage\":\"it-IT\",\"@id\":\"https:\/\/chemuza.org\/it\/#\/schema\/logo\/image\/\",\"url\":\"https:\/\/chemuza.org\/it\/wp-content\/uploads\/2023\/10\/chemuza-logo.png\",\"contentUrl\":\"https:\/\/chemuza.org\/it\/wp-content\/uploads\/2023\/10\/chemuza-logo.png\",\"width\":387,\"height\":70,\"caption\":\"Chemuza\"},\"image\":{\"@id\":\"https:\/\/chemuza.org\/it\/#\/schema\/logo\/image\/\"}}]}<\/script>\n<!-- \/ Yoast SEO plugin. -->","yoast_head_json":{"title":"Nichel - Chemuza","robots":{"index":"index","follow":"follow","max-snippet":"max-snippet:-1","max-image-preview":"max-image-preview:large","max-video-preview":"max-video-preview:-1"},"canonical":"https:\/\/chemuza.org\/it\/nichel\/","og_locale":"it_IT","og_type":"article","og_title":"Nichel - Chemuza","og_description":"Il nichel \u00e8 un elemento abbondante, costituendo lo 0,008% della crosta terrestre e circa lo 0,01% delle rocce. In alcuni meteoriti si trovano in grandi quantit\u00e0 e si ritiene che esistano anche nel nucleo terrestre. Viene utilizzato in applicazioni architettoniche, industrie chimiche, motori aerospaziali e marini. Guarda altri aspetti come la sua origine, le propriet\u00e0 ... Per saperne di pi\u00f9","og_url":"https:\/\/chemuza.org\/it\/nichel\/","og_site_name":"Chemuza","twitter_card":"summary_large_image","twitter_misc":{"Tempo di lettura stimato":"4 minuti"},"schema":{"@context":"https:\/\/schema.org","@graph":[{"@type":"WebPage","@id":"https:\/\/chemuza.org\/it\/nichel\/","url":"https:\/\/chemuza.org\/it\/nichel\/","name":"Nichel - Chemuza","isPartOf":{"@id":"https:\/\/chemuza.org\/it\/#website"},"datePublished":"2023-07-14T22:59:00+00:00","dateModified":"2023-07-14T22:59:00+00:00","breadcrumb":{"@id":"https:\/\/chemuza.org\/it\/nichel\/#breadcrumb"},"inLanguage":"it-IT","potentialAction":[{"@type":"ReadAction","target":["https:\/\/chemuza.org\/it\/nichel\/"]}]},{"@type":"BreadcrumbList","@id":"https:\/\/chemuza.org\/it\/nichel\/#breadcrumb","itemListElement":[{"@type":"ListItem","position":1,"name":"Casa","item":"https:\/\/chemuza.org\/it\/"},{"@type":"ListItem","position":2,"name":"Nichel"}]},{"@type":"WebSite","@id":"https:\/\/chemuza.org\/it\/#website","url":"https:\/\/chemuza.org\/it\/","name":"Chemuza","description":"La tua porta d&#039;accesso alla scoperta chimica!","publisher":{"@id":"https:\/\/chemuza.org\/it\/#organization"},"potentialAction":[{"@type":"SearchAction","target":{"@type":"EntryPoint","urlTemplate":"https:\/\/chemuza.org\/it\/?s={search_term_string}"},"query-input":"required name=search_term_string"}],"inLanguage":"it-IT"},{"@type":"Organization","@id":"https:\/\/chemuza.org\/it\/#organization","name":"Chemuza","url":"https:\/\/chemuza.org\/it\/","logo":{"@type":"ImageObject","inLanguage":"it-IT","@id":"https:\/\/chemuza.org\/it\/#\/schema\/logo\/image\/","url":"https:\/\/chemuza.org\/it\/wp-content\/uploads\/2023\/10\/chemuza-logo.png","contentUrl":"https:\/\/chemuza.org\/it\/wp-content\/uploads\/2023\/10\/chemuza-logo.png","width":387,"height":70,"caption":"Chemuza"},"image":{"@id":"https:\/\/chemuza.org\/it\/#\/schema\/logo\/image\/"}}]}},"yoast_meta":{"yoast_wpseo_title":"","yoast_wpseo_metadesc":"","yoast_wpseo_canonical":""},"_links":{"self":[{"href":"https:\/\/chemuza.org\/it\/wp-json\/wp\/v2\/pages\/1448"}],"collection":[{"href":"https:\/\/chemuza.org\/it\/wp-json\/wp\/v2\/pages"}],"about":[{"href":"https:\/\/chemuza.org\/it\/wp-json\/wp\/v2\/types\/page"}],"author":[{"embeddable":true,"href":"https:\/\/chemuza.org\/it\/wp-json\/wp\/v2\/users\/1"}],"replies":[{"embeddable":true,"href":"https:\/\/chemuza.org\/it\/wp-json\/wp\/v2\/comments?post=1448"}],"version-history":[{"count":0,"href":"https:\/\/chemuza.org\/it\/wp-json\/wp\/v2\/pages\/1448\/revisions"}],"wp:attachment":[{"href":"https:\/\/chemuza.org\/it\/wp-json\/wp\/v2\/media?parent=1448"}],"curies":[{"name":"wp","href":"https:\/\/api.w.org\/{rel}","templated":true}]}}