{"id":1447,"date":"2023-07-14T23:15:18","date_gmt":"2023-07-14T23:15:18","guid":{"rendered":"https:\/\/chemuza.org\/it\/incontro\/"},"modified":"2023-07-14T23:15:18","modified_gmt":"2023-07-14T23:15:18","slug":"incontro","status":"publish","type":"page","link":"https:\/\/chemuza.org\/it\/incontro\/","title":{"rendered":"Incontro"},"content":{"rendered":"<p>Le analisi chimiche indicano che il fosforo pu\u00f2 contenere diversi composti chimici, oltre al carbonio, i pi\u00f9 elementari dei quali sono i fosfati. Inoltre, il suo ruolo \u00e8 molto importante in tutte le forme di vita, ad esempio circa il 60% delle ossa contengono fosfato di calcio. Scopri tutto su questo elemento, le sue funzioni, caratteristiche e propriet\u00e0.<\/p>\n<h2> <strong>Cos&#8217;\u00e8 il fosforo?<\/strong><\/h2>\n<p> L&#8217;elemento fosforo \u00e8 un non metallo essenziale, incolore allo stato puro. Fa parte del gruppo 15 o azoti della tavola periodica, ha molteplici valenze e grande reattivit\u00e0. Inoltre, a contatto con l&#8217;ossigeno atmosferico, si ossida facilmente fino a emettere luce. D&#8217;altra parte non si trova puro in natura, ma si trova negli organismi viventi e nei fosfati inorganici.<\/p>\n<h3> <strong>Simbolo del fosforo<\/strong><\/h3>\n<p> <span class=\"content-chemical-element\" style=\"float: left;width: 65px;height: 65px;border: 3px solid #666; display:flex;\n    justify-content: center;align-items: center;margin-right: 15px;\"><span style=\"font-size: 38px;\">P<\/span><\/span> La lettera utilizzata come simbolo per identificare l&#8217;elemento deriva dalla parola latina <em>fosforo<\/em> . A sua volta questo deriva dal greco <em>fosforos<\/em> , dove <em>phos<\/em> significa luce e <em>phoros<\/em> portatore, cio\u00e8 portatore di luce. Riceve questo nome in onore dell&#8217;antico nome del pianeta Venere, poich\u00e9 entrambi emettono luce o brillano nell&#8217;oscurit\u00e0.<\/p>\n<h2> <strong>Caratteristiche del fosforo<\/strong><\/h2>\n<p> Una delle sue caratteristiche particolari \u00e8 la facilit\u00e0 all&#8217;infiammabilit\u00e0. Inoltre, pu\u00f2 emettere luce grazie al fenomeno chiamato fosforescenza. D&#8217;altra parte, questo elemento \u00e8 generalmente insolubile in acqua. Guarda altri dati che lo rappresentano:<\/p>\n<ul>\n<li> <strong>Reattivit\u00e0 chimica<\/strong> : reagisce con quasi tutti gli elementi, sia elettronegativi che elettropositivi, ad esempio combinandosi con gli alogeni per formare alogenuri.<\/li>\n<li> <strong>Colore<\/strong> : pu\u00f2 essere incolore, bianco brillante o rosso, a seconda dei cambiamenti chimici.<\/li>\n<li> <strong>Fusione<\/strong> : il suo punto di fusione \u00e8 basso.<\/li>\n<li> <strong>Condizione<\/strong> : la sua forma naturale \u00e8 solida e cerosa, sebbene possa trasformarsi in gas e liquido.<\/li>\n<li> <strong>Modifiche<\/strong> : La sua ossidazione avviene in presenza di aria atmosferica.<\/li>\n<li> <strong>Odore<\/strong> : Ha uno sgradevole odore di lega.<\/li>\n<li> <strong>Ordine magnetico<\/strong> : \u00e8 un elemento diamagnetico.<\/li>\n<li> <strong>Conduttore elettrico e termico<\/strong> : Non ha queste caratteristiche.<\/li>\n<li> <strong>Livello di tossicit\u00e0<\/strong> : a seconda delle sue variet\u00e0 allotropiche, pu\u00f2 essere o meno molto tossico.<\/li>\n<li> <strong>Fragilit\u00e0<\/strong> : non pu\u00f2 essere arrotolato, appiattito o allungato in fili.<\/li>\n<\/ul>\n<h2> <strong>Propriet\u00e0 chimiche e fisiche del fosforo<\/strong><\/h2>\n<ol>\n<li> <strong>Numero atomico<\/strong> : 15<\/li>\n<li> <strong>Densit\u00e0<\/strong> : 1823 kg\/ <sup>m3<\/sup><\/li>\n<li> <strong>Calore specifico<\/strong> : 769 J\/ (K-kg)<\/li>\n<li> <strong>Raggio covalente (\u00c5)<\/strong> : 106 pm<\/li>\n<li> <strong>Configurazione elettronica<\/strong> : [Ne]3s <sup>2<\/sup> 3p <sup>3<\/sup><\/li>\n<li> <strong>Potenziale di prima ionizzazione (eV)<\/strong> : 1011,8 kJ\/mol<\/li>\n<li> <strong>Massa atomica (g\/mol)<\/strong> : 30,9737620<\/li>\n<li> <strong>Entalpia di vaporizzazione<\/strong> : 12.129 kJ\/mol<\/li>\n<li> <strong>Punto di ebollizione<\/strong> : 277\u00b0C (550K)<\/li>\n<li> <strong>Entalpia di fusione<\/strong> : 0,657 kJ\/mol<\/li>\n<li> <strong>Raggio atomico (\u00c5):<\/strong> 98 pm (raggio di Bohr)<\/li>\n<li> <strong>Punto di fusione<\/strong> : 44\u00b0C (317,3K)<\/li>\n<li> <strong>Stato ordinario<\/strong> : solido<\/li>\n<li> <strong>Ruggine<\/strong> : Leggermente acida<\/li>\n<li> <strong>Elettroni per livello<\/strong> : 2, 8, 5<\/li>\n<li> <strong>Stati di ossidazione<\/strong> : +3,5<\/li>\n<li> <strong>Pressione di vapore<\/strong> : 20,8 Pa a 294 K<\/li>\n<li> <strong>Elettronegativit\u00e0<\/strong> : 2,19 (scala Pauling)<\/li>\n<\/ol>\n<h2> <strong>Origine del fosforo<\/strong><\/h2>\n<p> La persona che scopr\u00ec il fosforo fu il mercante alchimista Hennig Brand nel 1669, una scoperta che fece mentre cercava di trovare la pietra filosofale. Durante la sua spedizione, distill\u00f2 la miscela di urina evaporata con sabbia. Ottiene cos\u00ec un materiale che brucia e brilla nell&#8217;oscurit\u00e0.<\/p>\n<p> Questa sostanza veniva estratta esclusivamente dall&#8217;urea finch\u00e9, un secolo dopo, il chimico Carl Wilhelm Scheele la produsse e la isol\u00f2 dalle ossa calcinate. Successivamente gli venne dato il nome di fosforo dopo che Antoine Lavoisier riusc\u00ec a dimostrare che si trattava di un elemento. A quanto pare, anche Robert Boyle lo scopr\u00ec e contatt\u00f2 un industriale tedesco, che inizi\u00f2 a procurarselo a Londra.<\/p>\n<h2> <strong>A cosa serve il fosforo?<\/strong><\/h2>\n<p> L&#8217;applicazione di acido fosforico concentrato \u00e8 destinata all&#8217;agricoltura come fertilizzante, poich\u00e9 stimola lo sviluppo, la maturazione precoce e la produzione delle piante. Altri usi del fosforo includono:<\/p>\n<ul>\n<li> Produrre bronzo e acciaio.<\/li>\n<li> \u00c8 usato come lievito nella sua forma di fosfato monocalcico.<\/li>\n<li> Quando si creano cristalli speciali.<\/li>\n<li> Sul rivestimento interno delle lampade fluorescenti.<\/li>\n<li> Fosfato trisodico come detergente per prevenire la corrosione e addolcire l&#8217;acqua<\/li>\n<li> Il fosforo bianco \u00e8 spesso utilizzato nelle bombe fumogene, nelle bombe incendiarie e nei proiettili traccianti.<\/li>\n<li> \u00c8 comune per fuochi d&#8217;artificio, fiammiferi, dentifricio, detersivi, medicinali e additivi alimentari.<\/li>\n<\/ul>\n<h2> <strong>3 principali allotropi del fosforo<\/strong><\/h2>\n<p> \u00c8 un elemento chimico che, allo stato solido ed elementare, contiene diverse forme allotropiche. I pi\u00f9 conosciuti sono il bianco, il rosso e il nero, anche se esistono anche il viola e il blu. Ognuno di essi ha propriet\u00e0 chimiche e fisiche diverse.<\/p>\n<ul>\n<li> Fosforo bianco: Ha struttura tetraedrica, \u00e8 molto tossico, infiammabile, metastabile e a contatto con il calore del sole si trasforma in fosforo rosso.<\/li>\n<li> Fosforo rosso: Composto da catene tetraedriche lineari, \u00e8 meno reattivo, volatile e pi\u00f9 stabile. Utilizzato per realizzare abbinamenti ad attrito.<\/li>\n<li> Fosforo nero: si ottiene riscaldando l&#8217;allotropo bianco ad alte temperature e il mercurio come catalizzatore. Non si accende, \u00e8 denso e conduce l&#8217;elettricit\u00e0.<\/li>\n<\/ul>\n<p> In sintesi, il fosforo \u00e8 un elemento chimico non metallico con una buona reattivit\u00e0. Inoltre, nel suo stato ordinario \u00e8 solitamente incolore, sebbene possa avere una tinta bianca brillante o rosso violaceo. \u00c8 molto infiammabile, motivo per cui viene utilizzato per partite ad attrito e articoli pirotecnici. Inoltre, contiene varie forme allotropiche.<\/p>\n<h2> Maggiori informazioni sul fosforo<\/h2>\n","protected":false},"excerpt":{"rendered":"<p>Le analisi chimiche indicano che il fosforo pu\u00f2 contenere diversi composti chimici, oltre al carbonio, i pi\u00f9 elementari dei quali sono i fosfati. Inoltre, il suo ruolo \u00e8 molto importante in tutte le forme di vita, ad esempio circa il 60% delle ossa contengono fosfato di calcio. Scopri tutto su questo elemento, le sue funzioni, &#8230; <a title=\"Incontro\" class=\"read-more\" href=\"https:\/\/chemuza.org\/it\/incontro\/\" aria-label=\"More on Incontro\">Per saperne di pi\u00f9<\/a><\/p>\n","protected":false},"author":1,"featured_media":0,"parent":0,"menu_order":0,"comment_status":"closed","ping_status":"closed","template":"","meta":{"footnotes":""},"yoast_head":"<!-- This site is optimized with the Yoast SEO plugin v21.4 - https:\/\/yoast.com\/wordpress\/plugins\/seo\/ -->\n<title>Partita \u2013 Chemuza<\/title>\n<meta name=\"robots\" content=\"index, follow, max-snippet:-1, max-image-preview:large, max-video-preview:-1\" \/>\n<link rel=\"canonical\" href=\"https:\/\/chemuza.org\/it\/incontro\/\" \/>\n<meta property=\"og:locale\" content=\"it_IT\" \/>\n<meta property=\"og:type\" content=\"article\" \/>\n<meta property=\"og:title\" content=\"Partita \u2013 Chemuza\" \/>\n<meta property=\"og:description\" content=\"Le analisi chimiche indicano che il fosforo pu\u00f2 contenere diversi composti chimici, oltre al carbonio, i pi\u00f9 elementari dei quali sono i fosfati. Inoltre, il suo ruolo \u00e8 molto importante in tutte le forme di vita, ad esempio circa il 60% delle ossa contengono fosfato di calcio. Scopri tutto su questo elemento, le sue funzioni, ... Per saperne di pi\u00f9\" \/>\n<meta property=\"og:url\" content=\"https:\/\/chemuza.org\/it\/incontro\/\" \/>\n<meta property=\"og:site_name\" content=\"Chemuza\" \/>\n<meta name=\"twitter:card\" content=\"summary_large_image\" \/>\n<meta name=\"twitter:label1\" content=\"Tempo di lettura stimato\" \/>\n\t<meta name=\"twitter:data1\" content=\"4 minuti\" \/>\n<script type=\"application\/ld+json\" class=\"yoast-schema-graph\">{\"@context\":\"https:\/\/schema.org\",\"@graph\":[{\"@type\":\"WebPage\",\"@id\":\"https:\/\/chemuza.org\/it\/incontro\/\",\"url\":\"https:\/\/chemuza.org\/it\/incontro\/\",\"name\":\"Partita \u2013 Chemuza\",\"isPartOf\":{\"@id\":\"https:\/\/chemuza.org\/it\/#website\"},\"datePublished\":\"2023-07-14T23:15:18+00:00\",\"dateModified\":\"2023-07-14T23:15:18+00:00\",\"breadcrumb\":{\"@id\":\"https:\/\/chemuza.org\/it\/incontro\/#breadcrumb\"},\"inLanguage\":\"it-IT\",\"potentialAction\":[{\"@type\":\"ReadAction\",\"target\":[\"https:\/\/chemuza.org\/it\/incontro\/\"]}]},{\"@type\":\"BreadcrumbList\",\"@id\":\"https:\/\/chemuza.org\/it\/incontro\/#breadcrumb\",\"itemListElement\":[{\"@type\":\"ListItem\",\"position\":1,\"name\":\"Casa\",\"item\":\"https:\/\/chemuza.org\/it\/\"},{\"@type\":\"ListItem\",\"position\":2,\"name\":\"Incontro\"}]},{\"@type\":\"WebSite\",\"@id\":\"https:\/\/chemuza.org\/it\/#website\",\"url\":\"https:\/\/chemuza.org\/it\/\",\"name\":\"Chemuza\",\"description\":\"La tua porta d&#039;accesso alla scoperta chimica!\",\"publisher\":{\"@id\":\"https:\/\/chemuza.org\/it\/#organization\"},\"potentialAction\":[{\"@type\":\"SearchAction\",\"target\":{\"@type\":\"EntryPoint\",\"urlTemplate\":\"https:\/\/chemuza.org\/it\/?s={search_term_string}\"},\"query-input\":\"required name=search_term_string\"}],\"inLanguage\":\"it-IT\"},{\"@type\":\"Organization\",\"@id\":\"https:\/\/chemuza.org\/it\/#organization\",\"name\":\"Chemuza\",\"url\":\"https:\/\/chemuza.org\/it\/\",\"logo\":{\"@type\":\"ImageObject\",\"inLanguage\":\"it-IT\",\"@id\":\"https:\/\/chemuza.org\/it\/#\/schema\/logo\/image\/\",\"url\":\"https:\/\/chemuza.org\/it\/wp-content\/uploads\/2023\/10\/chemuza-logo.png\",\"contentUrl\":\"https:\/\/chemuza.org\/it\/wp-content\/uploads\/2023\/10\/chemuza-logo.png\",\"width\":387,\"height\":70,\"caption\":\"Chemuza\"},\"image\":{\"@id\":\"https:\/\/chemuza.org\/it\/#\/schema\/logo\/image\/\"}}]}<\/script>\n<!-- \/ Yoast SEO plugin. -->","yoast_head_json":{"title":"Partita \u2013 Chemuza","robots":{"index":"index","follow":"follow","max-snippet":"max-snippet:-1","max-image-preview":"max-image-preview:large","max-video-preview":"max-video-preview:-1"},"canonical":"https:\/\/chemuza.org\/it\/incontro\/","og_locale":"it_IT","og_type":"article","og_title":"Partita \u2013 Chemuza","og_description":"Le analisi chimiche indicano che il fosforo pu\u00f2 contenere diversi composti chimici, oltre al carbonio, i pi\u00f9 elementari dei quali sono i fosfati. Inoltre, il suo ruolo \u00e8 molto importante in tutte le forme di vita, ad esempio circa il 60% delle ossa contengono fosfato di calcio. Scopri tutto su questo elemento, le sue funzioni, ... Per saperne di pi\u00f9","og_url":"https:\/\/chemuza.org\/it\/incontro\/","og_site_name":"Chemuza","twitter_card":"summary_large_image","twitter_misc":{"Tempo di lettura stimato":"4 minuti"},"schema":{"@context":"https:\/\/schema.org","@graph":[{"@type":"WebPage","@id":"https:\/\/chemuza.org\/it\/incontro\/","url":"https:\/\/chemuza.org\/it\/incontro\/","name":"Partita \u2013 Chemuza","isPartOf":{"@id":"https:\/\/chemuza.org\/it\/#website"},"datePublished":"2023-07-14T23:15:18+00:00","dateModified":"2023-07-14T23:15:18+00:00","breadcrumb":{"@id":"https:\/\/chemuza.org\/it\/incontro\/#breadcrumb"},"inLanguage":"it-IT","potentialAction":[{"@type":"ReadAction","target":["https:\/\/chemuza.org\/it\/incontro\/"]}]},{"@type":"BreadcrumbList","@id":"https:\/\/chemuza.org\/it\/incontro\/#breadcrumb","itemListElement":[{"@type":"ListItem","position":1,"name":"Casa","item":"https:\/\/chemuza.org\/it\/"},{"@type":"ListItem","position":2,"name":"Incontro"}]},{"@type":"WebSite","@id":"https:\/\/chemuza.org\/it\/#website","url":"https:\/\/chemuza.org\/it\/","name":"Chemuza","description":"La tua porta d&#039;accesso alla scoperta chimica!","publisher":{"@id":"https:\/\/chemuza.org\/it\/#organization"},"potentialAction":[{"@type":"SearchAction","target":{"@type":"EntryPoint","urlTemplate":"https:\/\/chemuza.org\/it\/?s={search_term_string}"},"query-input":"required name=search_term_string"}],"inLanguage":"it-IT"},{"@type":"Organization","@id":"https:\/\/chemuza.org\/it\/#organization","name":"Chemuza","url":"https:\/\/chemuza.org\/it\/","logo":{"@type":"ImageObject","inLanguage":"it-IT","@id":"https:\/\/chemuza.org\/it\/#\/schema\/logo\/image\/","url":"https:\/\/chemuza.org\/it\/wp-content\/uploads\/2023\/10\/chemuza-logo.png","contentUrl":"https:\/\/chemuza.org\/it\/wp-content\/uploads\/2023\/10\/chemuza-logo.png","width":387,"height":70,"caption":"Chemuza"},"image":{"@id":"https:\/\/chemuza.org\/it\/#\/schema\/logo\/image\/"}}]}},"yoast_meta":{"yoast_wpseo_title":"","yoast_wpseo_metadesc":"","yoast_wpseo_canonical":""},"_links":{"self":[{"href":"https:\/\/chemuza.org\/it\/wp-json\/wp\/v2\/pages\/1447"}],"collection":[{"href":"https:\/\/chemuza.org\/it\/wp-json\/wp\/v2\/pages"}],"about":[{"href":"https:\/\/chemuza.org\/it\/wp-json\/wp\/v2\/types\/page"}],"author":[{"embeddable":true,"href":"https:\/\/chemuza.org\/it\/wp-json\/wp\/v2\/users\/1"}],"replies":[{"embeddable":true,"href":"https:\/\/chemuza.org\/it\/wp-json\/wp\/v2\/comments?post=1447"}],"version-history":[{"count":0,"href":"https:\/\/chemuza.org\/it\/wp-json\/wp\/v2\/pages\/1447\/revisions"}],"wp:attachment":[{"href":"https:\/\/chemuza.org\/it\/wp-json\/wp\/v2\/media?parent=1447"}],"curies":[{"name":"wp","href":"https:\/\/api.w.org\/{rel}","templated":true}]}}