{"id":1446,"date":"2023-07-14T23:41:06","date_gmt":"2023-07-14T23:41:06","guid":{"rendered":"https:\/\/chemuza.org\/it\/scandio\/"},"modified":"2023-07-14T23:41:06","modified_gmt":"2023-07-14T23:41:06","slug":"scandio","status":"publish","type":"page","link":"https:\/\/chemuza.org\/it\/scandio\/","title":{"rendered":"Scandio"},"content":{"rendered":"<p>Un elemento che domina i metalli di transizione nella tavola periodica. Tuttavia, condivide caratteristiche non solo con questo blocco ma anche con le terre rare. Inoltre, \u00e8 considerato un membro di entrambe le serie. Tra i suoi quattro poteri principali ci sono leggerezza, forza, durezza e luminosit\u00e0. Stiamo parlando dello scandio e qui vedrai a cosa serve e quali sono le sue propriet\u00e0.<\/p>\n<h2> <strong>Cos&#8217;\u00e8 lo scandio?<\/strong><\/h2>\n<p> \u00c8 un elemento chimico incluso nella serie dei metalli di transizione, che generalmente \u00e8 un metallo molto leggero, tenero e ferroso con acido fluoridrico e nitrico. Inoltre, presenta un colore pallido, bianco o argentato, anche se pu\u00f2 apparire leggermente rosato e giallastro se esposto all&#8217;aria. D&#8217;altra parte, le propriet\u00e0 dello scandio hanno somiglianze con quelle dell&#8217;ittrio e dei lantanidi.<\/p>\n<h3> <strong>Simbolo dello scandio<\/strong><\/h3>\n<p> <span class=\"content-chemical-element\" style=\"float: left;width: 65px;height: 65px;border: 3px solid #666; display:flex;\n    justify-content: center;align-items: center;margin-right: 15px;\"><span style=\"font-size: 38px;\">Sc<\/span><\/span> Il simbolo chimico dello scandio deriva dalla parola scandinava, la cui origine etimologica deriva dal latino <em>Scandia<\/em> . Prende questo nome perch\u00e9 nella penisola scandinava si trovano grandi quantit\u00e0 di questo elemento, soprattutto tra i suoi minerali.<\/p>\n<h2> <strong>Caratteristiche dello scandio<\/strong><\/h2>\n<p> Uno di questi pu\u00f2 essere la sua struttura atomica, composta da 21 elettroni, 21 protoni e 24 neutroni. Dove i suoi elettroni oscillano in quattro livelli energetici. Quando invece brucia forma una fiamma rosso-giallastra. Vedi altre descrizioni di questo metallo:<\/p>\n<ul>\n<li> <strong>Reattivit\u00e0 chimica<\/strong> : \u00c8 un elemento reattivo che aumenta in proporzione alla sua dimensione atomica, reagisce con l&#8217;acqua, gli acidi forti e tutti gli alogeni.<\/li>\n<li> <strong>Fusione ed ebollizione<\/strong> : questi punti sono molto alti.<\/li>\n<li> <strong>Stato<\/strong> : A temperatura ambiente la sua forma ordinaria \u00e8 solida.<\/li>\n<li> <strong>Cambiamenti<\/strong> : allo stato nativo ha una consistenza morbida e liscia, ma quando viene legato mostra grande resistenza e durezza.<\/li>\n<li> <strong>Temperatura<\/strong> : Ha una buona resistenza alle alte temperature.<\/li>\n<li> <strong>Stabilit\u00e0<\/strong> : \u00e8 stabile, ma se riscaldato si decompone e se esposto all&#8217;aria si ossida.<\/li>\n<li> <strong>Ordine magnetico<\/strong> : introduce il paramagnetismo.<\/li>\n<li> <strong>Livello di tossicit\u00e0<\/strong> : Non considerato un metallo tossico.<\/li>\n<li> <strong>Densit\u00e0<\/strong> : \u00e8 generalmente leggero, con una densit\u00e0 vicina a quella dell&#8217;alluminio.<\/li>\n<li> <strong>Stato di ossidazione<\/strong> : il pi\u00f9 utilizzato \u00e8 +3, anche se esistono 0, +1 e +2.<\/li>\n<\/ul>\n<h2> <strong>Propriet\u00e0 chimiche e fisiche dello scandio<\/strong><\/h2>\n<ol>\n<li> <strong>Numero atomico<\/strong> : 21<\/li>\n<li> <strong>Raggio covalente (\u00c5)<\/strong> : 1,44<\/li>\n<li> <strong>Massa atomica (g\/mol)<\/strong> : 44.955<\/li>\n<li> <strong>Densit\u00e0 (g\/ml)<\/strong> : 3,0<\/li>\n<li> <strong>Stati di ossidazione<\/strong> : 3<\/li>\n<li> <strong>Elettronegativit\u00e0<\/strong> : 1,36<\/li>\n<li> <strong>Stato ordinario<\/strong> : solido<\/li>\n<li> <strong>Calore specifico<\/strong> : 568 J\/(K-kg)<\/li>\n<li> <strong>Entalpia di vaporizzazione<\/strong> : 314,2 kJ\/mol<\/li>\n<li> <strong>Configurazione elettronica<\/strong> : [Ar]4 s\u00b2 3d <sup>1<\/sup><\/li>\n<li> <strong>Potenziale di prima ionizzazione (eV)<\/strong> : 633,1 kJ\/mol<\/li>\n<li> <strong>Punto di fusione<\/strong> : 1541\u00b0C (1814K)<\/li>\n<li> <strong>Entalpia di fusione<\/strong> : 14,1 kJ\/mol<\/li>\n<li> <strong>Ossido<\/strong> : base debole<\/li>\n<li> <strong>Raggio atomico (\u00c5)<\/strong> : 1,84<\/li>\n<li> <strong>Elettroni per livello<\/strong> : 2, 8, 9, 2<\/li>\n<li> <strong>Punto di ebollizione<\/strong> : 2830 \u00b0C (3103 K)<\/li>\n<li> <strong>Velocit\u00e0 del suono<\/strong> : Nessun dato m\/s 293,15 K<\/li>\n<\/ol>\n<h2> <strong>Origine dello scandio<\/strong><\/h2>\n<p> Lo scopritore dello scandio fu Lars Fredrick Nilson nel 1879, che con la sua squadra effettu\u00f2 un&#8217;analisi spettrale dei minerali gadolinite e Ilsenite. Questo \u00e8 successo mentre stavo facendo ricerche sui metalli delle terre rare. Per isolarlo inizi\u00f2 a processare 10 kg di exenite e residui di altri elementi. Il risultato finale fu di 2 grammi di ossido di scandio puro.<\/p>\n<p> Tuttavia, nel 1937, Dmitri Mendeleyev predisse in anticipo l&#8217;esistenza di un nuovo elemento, che avrebbe avuto propriet\u00e0 simili al boro e lo chiam\u00f2 <em>Ekaboro<\/em> . Successivamente, il chimico Per Theodor Cleve conferm\u00f2 che l&#8217;ossido di scandio era l&#8217; <em>Ekaboro<\/em> previsto. Successivamente \u00e8 stato isolato per la prima volta mediante elettrolisi.<\/p>\n<h2> <strong>A cosa serve lo Scandio?<\/strong><\/h2>\n<p> Sebbene sia un oggetto insolito, \u00e8 un metallo molto versatile. Viene infatti utilizzato nell&#8217;industria chimica, aerospaziale e agricola. Ad esempio, Sc2(SO4)3 migliora la germinazione di diverse verdure. Scopri altri usi di questo ingrediente chimico:<\/p>\n<ul>\n<li> Permette di ottenere leghe con alluminio che mantengono la loro leggerezza, resistenza alle alte temperature e alla corrosione, utilizzate nell&#8217;industria aerospaziale.<\/li>\n<li> Sc <sub>2<\/sub> O <sub>3<\/sub> viene utilizzato nella produzione di luci ad alta intensit\u00e0.<\/li>\n<li> Aumenta la qualit\u00e0 della luce artificiale nelle lampade a vapori di mercurio, come stadi, campi sportivi, fotocamere digitali, monitor di computer e schermi televisivi.<\/li>\n<li> Agisce come tracciante durante il cracking del petrolio.<\/li>\n<li> Nell&#8217;industria chimica viene utilizzato come catalizzatore durante la produzione di propanolo, convertendo gli acidi dicarbossilici in composti ciclici e l&#8217;acido acetico in acetone.<\/li>\n<\/ul>\n<h2> <strong>Dove si trova lo Scandio?<\/strong><\/h2>\n<p> Tracce di questo elemento si trovano in pi\u00f9 di 800 minerali, come eusenite, thortveitite e gadolinite, in Svezia, Danimarca, Norvegia e Madagascar. Inoltre, appare come residuo dopo l&#8217;estrazione della wolframite. Tuttavia \u00e8 pi\u00f9 abbondante nel Sole e nelle stelle giganti del centro galattico.<\/p>\n<p> In sintesi, lo scandio \u00e8 un elemento chimico che ha propriet\u00e0 di metallo di transizione simili ai lantanidi. Inoltre, \u00e8 bianco argento, leggero, resistente e morbido. Ha una massa atomica di 44,95 e il numero 21. D&#8217;altra parte, produce leghe di alluminio utilizzate negli aerei, tra gli altri usi comuni e rari.<\/p>\n","protected":false},"excerpt":{"rendered":"<p>Un elemento che domina i metalli di transizione nella tavola periodica. Tuttavia, condivide caratteristiche non solo con questo blocco ma anche con le terre rare. Inoltre, \u00e8 considerato un membro di entrambe le serie. Tra i suoi quattro poteri principali ci sono leggerezza, forza, durezza e luminosit\u00e0. Stiamo parlando dello scandio e qui vedrai a &#8230; <a title=\"Scandio\" class=\"read-more\" href=\"https:\/\/chemuza.org\/it\/scandio\/\" aria-label=\"More on Scandio\">Per saperne di pi\u00f9<\/a><\/p>\n","protected":false},"author":1,"featured_media":0,"parent":0,"menu_order":0,"comment_status":"closed","ping_status":"closed","template":"","meta":{"footnotes":""},"yoast_head":"<!-- This site is optimized with the Yoast SEO plugin v21.4 - https:\/\/yoast.com\/wordpress\/plugins\/seo\/ -->\n<title>Scandio - Chemuza<\/title>\n<meta name=\"robots\" content=\"index, follow, max-snippet:-1, max-image-preview:large, max-video-preview:-1\" \/>\n<link rel=\"canonical\" href=\"https:\/\/chemuza.org\/it\/scandio\/\" \/>\n<meta property=\"og:locale\" content=\"it_IT\" \/>\n<meta property=\"og:type\" content=\"article\" \/>\n<meta property=\"og:title\" content=\"Scandio - Chemuza\" \/>\n<meta property=\"og:description\" content=\"Un elemento che domina i metalli di transizione nella tavola periodica. Tuttavia, condivide caratteristiche non solo con questo blocco ma anche con le terre rare. Inoltre, \u00e8 considerato un membro di entrambe le serie. Tra i suoi quattro poteri principali ci sono leggerezza, forza, durezza e luminosit\u00e0. Stiamo parlando dello scandio e qui vedrai a ... Per saperne di pi\u00f9\" \/>\n<meta property=\"og:url\" content=\"https:\/\/chemuza.org\/it\/scandio\/\" \/>\n<meta property=\"og:site_name\" content=\"Chemuza\" \/>\n<meta name=\"twitter:card\" content=\"summary_large_image\" \/>\n<meta name=\"twitter:label1\" content=\"Tempo di lettura stimato\" \/>\n\t<meta name=\"twitter:data1\" content=\"4 minuti\" \/>\n<script type=\"application\/ld+json\" class=\"yoast-schema-graph\">{\"@context\":\"https:\/\/schema.org\",\"@graph\":[{\"@type\":\"WebPage\",\"@id\":\"https:\/\/chemuza.org\/it\/scandio\/\",\"url\":\"https:\/\/chemuza.org\/it\/scandio\/\",\"name\":\"Scandio - Chemuza\",\"isPartOf\":{\"@id\":\"https:\/\/chemuza.org\/it\/#website\"},\"datePublished\":\"2023-07-14T23:41:06+00:00\",\"dateModified\":\"2023-07-14T23:41:06+00:00\",\"breadcrumb\":{\"@id\":\"https:\/\/chemuza.org\/it\/scandio\/#breadcrumb\"},\"inLanguage\":\"it-IT\",\"potentialAction\":[{\"@type\":\"ReadAction\",\"target\":[\"https:\/\/chemuza.org\/it\/scandio\/\"]}]},{\"@type\":\"BreadcrumbList\",\"@id\":\"https:\/\/chemuza.org\/it\/scandio\/#breadcrumb\",\"itemListElement\":[{\"@type\":\"ListItem\",\"position\":1,\"name\":\"Casa\",\"item\":\"https:\/\/chemuza.org\/it\/\"},{\"@type\":\"ListItem\",\"position\":2,\"name\":\"Scandio\"}]},{\"@type\":\"WebSite\",\"@id\":\"https:\/\/chemuza.org\/it\/#website\",\"url\":\"https:\/\/chemuza.org\/it\/\",\"name\":\"Chemuza\",\"description\":\"La tua porta d&#039;accesso alla scoperta chimica!\",\"publisher\":{\"@id\":\"https:\/\/chemuza.org\/it\/#organization\"},\"potentialAction\":[{\"@type\":\"SearchAction\",\"target\":{\"@type\":\"EntryPoint\",\"urlTemplate\":\"https:\/\/chemuza.org\/it\/?s={search_term_string}\"},\"query-input\":\"required name=search_term_string\"}],\"inLanguage\":\"it-IT\"},{\"@type\":\"Organization\",\"@id\":\"https:\/\/chemuza.org\/it\/#organization\",\"name\":\"Chemuza\",\"url\":\"https:\/\/chemuza.org\/it\/\",\"logo\":{\"@type\":\"ImageObject\",\"inLanguage\":\"it-IT\",\"@id\":\"https:\/\/chemuza.org\/it\/#\/schema\/logo\/image\/\",\"url\":\"https:\/\/chemuza.org\/it\/wp-content\/uploads\/2023\/10\/chemuza-logo.png\",\"contentUrl\":\"https:\/\/chemuza.org\/it\/wp-content\/uploads\/2023\/10\/chemuza-logo.png\",\"width\":387,\"height\":70,\"caption\":\"Chemuza\"},\"image\":{\"@id\":\"https:\/\/chemuza.org\/it\/#\/schema\/logo\/image\/\"}}]}<\/script>\n<!-- \/ Yoast SEO plugin. -->","yoast_head_json":{"title":"Scandio - Chemuza","robots":{"index":"index","follow":"follow","max-snippet":"max-snippet:-1","max-image-preview":"max-image-preview:large","max-video-preview":"max-video-preview:-1"},"canonical":"https:\/\/chemuza.org\/it\/scandio\/","og_locale":"it_IT","og_type":"article","og_title":"Scandio - Chemuza","og_description":"Un elemento che domina i metalli di transizione nella tavola periodica. Tuttavia, condivide caratteristiche non solo con questo blocco ma anche con le terre rare. Inoltre, \u00e8 considerato un membro di entrambe le serie. Tra i suoi quattro poteri principali ci sono leggerezza, forza, durezza e luminosit\u00e0. Stiamo parlando dello scandio e qui vedrai a ... Per saperne di pi\u00f9","og_url":"https:\/\/chemuza.org\/it\/scandio\/","og_site_name":"Chemuza","twitter_card":"summary_large_image","twitter_misc":{"Tempo di lettura stimato":"4 minuti"},"schema":{"@context":"https:\/\/schema.org","@graph":[{"@type":"WebPage","@id":"https:\/\/chemuza.org\/it\/scandio\/","url":"https:\/\/chemuza.org\/it\/scandio\/","name":"Scandio - Chemuza","isPartOf":{"@id":"https:\/\/chemuza.org\/it\/#website"},"datePublished":"2023-07-14T23:41:06+00:00","dateModified":"2023-07-14T23:41:06+00:00","breadcrumb":{"@id":"https:\/\/chemuza.org\/it\/scandio\/#breadcrumb"},"inLanguage":"it-IT","potentialAction":[{"@type":"ReadAction","target":["https:\/\/chemuza.org\/it\/scandio\/"]}]},{"@type":"BreadcrumbList","@id":"https:\/\/chemuza.org\/it\/scandio\/#breadcrumb","itemListElement":[{"@type":"ListItem","position":1,"name":"Casa","item":"https:\/\/chemuza.org\/it\/"},{"@type":"ListItem","position":2,"name":"Scandio"}]},{"@type":"WebSite","@id":"https:\/\/chemuza.org\/it\/#website","url":"https:\/\/chemuza.org\/it\/","name":"Chemuza","description":"La tua porta d&#039;accesso alla scoperta chimica!","publisher":{"@id":"https:\/\/chemuza.org\/it\/#organization"},"potentialAction":[{"@type":"SearchAction","target":{"@type":"EntryPoint","urlTemplate":"https:\/\/chemuza.org\/it\/?s={search_term_string}"},"query-input":"required name=search_term_string"}],"inLanguage":"it-IT"},{"@type":"Organization","@id":"https:\/\/chemuza.org\/it\/#organization","name":"Chemuza","url":"https:\/\/chemuza.org\/it\/","logo":{"@type":"ImageObject","inLanguage":"it-IT","@id":"https:\/\/chemuza.org\/it\/#\/schema\/logo\/image\/","url":"https:\/\/chemuza.org\/it\/wp-content\/uploads\/2023\/10\/chemuza-logo.png","contentUrl":"https:\/\/chemuza.org\/it\/wp-content\/uploads\/2023\/10\/chemuza-logo.png","width":387,"height":70,"caption":"Chemuza"},"image":{"@id":"https:\/\/chemuza.org\/it\/#\/schema\/logo\/image\/"}}]}},"yoast_meta":{"yoast_wpseo_title":"","yoast_wpseo_metadesc":"","yoast_wpseo_canonical":""},"_links":{"self":[{"href":"https:\/\/chemuza.org\/it\/wp-json\/wp\/v2\/pages\/1446"}],"collection":[{"href":"https:\/\/chemuza.org\/it\/wp-json\/wp\/v2\/pages"}],"about":[{"href":"https:\/\/chemuza.org\/it\/wp-json\/wp\/v2\/types\/page"}],"author":[{"embeddable":true,"href":"https:\/\/chemuza.org\/it\/wp-json\/wp\/v2\/users\/1"}],"replies":[{"embeddable":true,"href":"https:\/\/chemuza.org\/it\/wp-json\/wp\/v2\/comments?post=1446"}],"version-history":[{"count":0,"href":"https:\/\/chemuza.org\/it\/wp-json\/wp\/v2\/pages\/1446\/revisions"}],"wp:attachment":[{"href":"https:\/\/chemuza.org\/it\/wp-json\/wp\/v2\/media?parent=1446"}],"curies":[{"name":"wp","href":"https:\/\/api.w.org\/{rel}","templated":true}]}}