{"id":1445,"date":"2023-07-15T00:43:03","date_gmt":"2023-07-15T00:43:03","guid":{"rendered":"https:\/\/chemuza.org\/it\/argon\/"},"modified":"2023-07-15T00:43:03","modified_gmt":"2023-07-15T00:43:03","slug":"argon","status":"publish","type":"page","link":"https:\/\/chemuza.org\/it\/argon\/","title":{"rendered":"Argon"},"content":{"rendered":"<p>L&#8217;argon \u00e8 uno dei gas inerti pi\u00f9 abbondanti nell&#8217;atmosfera e costituisce l&#8217;1% del volume totale. \u00c8 il 30% pi\u00f9 pesante dell&#8217;aria, fisicamente e chimicamente stabile indipendentemente dalla temperatura o dalla pressione. Si trova anche in particelle minerali, meteoriti e allo stato naturale grazie all&#8217;isotopo K 40 o potassio. Scopri di pi\u00f9 su questo elemento chimico.<\/p>\n<h2> <strong>Cos&#8217;\u00e8 l&#8217;Argon?<\/strong><\/h2>\n<p> \u00c8 un elemento chimico appartenente al gruppo dei gas rari della tavola periodica. \u00c8 il terzo di essi ed \u00e8 un gas inerte, incolore e insapore con una bassa percentuale di reattivit\u00e0 con altri composti. Inoltre rappresenta lo 0,934% dell&#8217;aria secca, il suo numero atomico \u00e8 18 con struttura monoatomica,<\/p>\n<h3> <strong>Simbolo dell&#8217;argon<\/strong><\/h3>\n<p> <span class=\"content-chemical-element\" style=\"float: left;width: 65px;height: 65px;border: 3px solid #666; display:flex;\n    justify-content: center;align-items: center;margin-right: 15px;\"><span style=\"font-size: 38px;\">Ar<\/span><\/span> Il suo nome deriva dal greco \u1f00\u03c1\u03b3\u03cc\u03c2 o argos il cui significato \u00e8 inattivo o non reattivo. Nel 1785, lo scienziato Henry Cavendish osserv\u00f2 che nell&#8217;aria era abbondante un elemento simile all&#8217;azoto, ma con una densit\u00e0 maggiore e senza reazioni chimiche. Per questo motivo \u00e8 considerato un elemento pigro.<\/p>\n<h2> <strong>Caratteristiche dell&#8217;argon<\/strong><\/h2>\n<p> \u00c8 un elemento chimico, \u00e8 incolore, inodore e insapore. Data la sua bassa carica negativa, non forma tanti composti quanto altri elementi, ad eccezione del fenolo e dell&#8217;idrochinone. Altre caratteristiche della tavola periodica dell&#8217;argon sono:<\/p>\n<ul>\n<li> <strong>Stato<\/strong> : Gassoso, ma se sottoposto alla pressione atmosferica con una temperatura di -186\u00baC pu\u00f2 diventare liquido.<\/li>\n<li> <strong>Tossicit\u00e0<\/strong> : il gas argon \u00e8 inerte e non pu\u00f2 causare reazioni tossiche.<\/li>\n<li> <strong>Reattivit\u00e0<\/strong> : \u00c8 zero, perch\u00e9 \u00e8 un gas raro.<\/li>\n<li> <strong>Struttura<\/strong> : \u00c8 monoatomico, cio\u00e8 i suoi atomi nel nucleo sono uniti senza frammentarsi. Nei suoi gusci di valenza ha 8 elettroni, con tutti gli orbitali pieni di energia.<\/li>\n<li> <strong>Solubilit\u00e0<\/strong> : \u00e8 solubile in acqua, senza sapore n\u00e9 colore.<\/li>\n<li> <strong>Cristallizzazione<\/strong> : i suoi atomi si condensano quando la temperatura scende a -186\u00b0C, formando piccoli cristalli.<\/li>\n<\/ul>\n<h2> <strong>Propriet\u00e0 chimiche e fisiche dell&#8217;Argon<\/strong><\/h2>\n<ol>\n<li> <strong>Numero atomico<\/strong> : 18<\/li>\n<li> <strong>Periodo<\/strong> : 3<\/li>\n<li> <strong>Blocco<\/strong> : P<\/li>\n<li> <strong>Gruppo<\/strong> : 0<\/li>\n<li> <strong>Raggio covalente (\u00c5):<\/strong> 97 pm<\/li>\n<li> <strong>Densit\u00e0:<\/strong> 1,784 Kg\/m3<\/li>\n<li> <strong>Punto di ebollizione: \u2013<\/strong> 185,85\u00b0C<\/li>\n<li> <strong>Punto di fusione:<\/strong> -189,35\u00b0C<\/li>\n<li> <strong>Raggio atomico:<\/strong> 71<\/li>\n<li> <strong>Elettroni per livello:<\/strong> 2.8.8<\/li>\n<li> <strong>Elettronegativit\u00e0:<\/strong> zero<\/li>\n<li> <strong>Calore specifico:<\/strong> 520 J\/(K kg)<\/li>\n<li> <strong>Configurazione elettronica:<\/strong> [Ne]3s23p6<\/li>\n<li> <strong>Massa atomica (g\/mol):<\/strong> 39.948 u<\/li>\n<li> <strong>Conduttivit\u00e0 termica:<\/strong> (300K) 0,01772 W\/(Km)<\/li>\n<li> <strong>Pressione critica:<\/strong> 4.898.106<\/li>\n<\/ol>\n<h2> <strong>Origine dell&#8217;Argon<\/strong><\/h2>\n<p> Nel 1785 il chimico Henry Cavendish not\u00f2 che nella composizione dell&#8217;aria era presente un altro gas simile all&#8217;azoto. Si trattava dell&#8217;elemento argon, molto pi\u00f9 denso e meno reattivo del precedente. Poi, nel 1894, i chimici Ramsey e Rayleigh riuscirono a isolarlo rimuovendo ossigeno, anidride carbonica e azoto dall&#8217;aria.<\/p>\n<p> Quindi era visibile da alcune linee che emetteva durante lo studio spettroscopico. Ci\u00f2 ne ha confermato le propriet\u00e0 come composto, collocandolo nella categoria dei gas con poche reazioni chimiche. \u00c8 stato anche il primo gas inerte o raro isolato sul pianeta, che non ha mostrato inattivit\u00e0.<\/p>\n<h2> <strong>A cosa serve l&#8217;Argon?<\/strong><\/h2>\n<p> Il suo utilizzo si estende ai campi industriali, medici e scientifici nella creazione di atmosfere non reattive. In questo modo non si verificano effetti chimici tossici nelle sue diverse applicazioni, che sono:<\/p>\n<h3> <strong>Industriale<\/strong><\/h3>\n<p> \u00c8 utile nella produzione di lampadine a incandescenza, poich\u00e9 ne protegge i filamenti e ne prolunga la durata. Inoltre, viene utilizzato nei tubi fluorescenti simili al neon, con luci tra il blu e il viola. Inoltre, viene utilizzato nella saldatura dei metalli, prevenendo cos\u00ec l&#8217;azione negativa dell&#8217;ossigeno e dell&#8217;azoto su di essi.<\/p>\n<h3> <strong>Medicinale<\/strong><\/h3>\n<p> In campo medico viene utilizzato in chirurgia per rimuovere il tessuto canceroso, funzionando come un liquido criogenico. Inoltre, viene utilizzato per correggere condizioni oculari come distacco della retina, emorragie, glaucoma e usura della macula.<\/p>\n<h3> <strong>Scienziato<\/strong><\/h3>\n<p> \u00c8 comune utilizzare l&#8217;argon nella creazione di apparecchiature di laboratorio mescolato con elio e neon per rivestire i contenitori Geiger con radioattivit\u00e0. Inoltre, viene utilizzato come gas vettore nella gascromatografia o nella volatilizzazione di campioni chimici. Anche altre applicazioni riguardano la produzione di titanio e altri tipi di elementi reattivi.<\/p>\n<h2> <strong>Dove prendiamo l&#8217;argon?<\/strong><\/h2>\n<p> Nella sua forma naturale si ottiene grazie all&#8217;isotopo K 40 del potassio, presente in natura. Inoltre, ci\u00f2 si ottiene attraverso la separazione dell&#8217;aria in impianti speciali, l&#8217;aria risultante viene liquefatta e distillata in frazioni. Poich\u00e9 il suo punto di ebollizione \u00e8 simile a quello dell&#8217;azoto, il campione puro viene riscaldato e bruciato con l&#8217;idrogeno, eliminando cos\u00ec l&#8217;ossigeno. Il processo si conclude con la distillazione per isolare l&#8217;elemento allo stato puro.<\/p>\n<p> In breve, l&#8217;argon \u00e8 un gas nobile e inerte, senza sapore n\u00e9 odore. Data la mancanza di reazioni chimiche, \u00e8 ampiamente utilizzato nell&#8217;industria, nella medicina e nella scienza per i progressi tecnologici e la creazione di oggetti leggeri.<\/p>\n","protected":false},"excerpt":{"rendered":"<p>L&#8217;argon \u00e8 uno dei gas inerti pi\u00f9 abbondanti nell&#8217;atmosfera e costituisce l&#8217;1% del volume totale. \u00c8 il 30% pi\u00f9 pesante dell&#8217;aria, fisicamente e chimicamente stabile indipendentemente dalla temperatura o dalla pressione. Si trova anche in particelle minerali, meteoriti e allo stato naturale grazie all&#8217;isotopo K 40 o potassio. Scopri di pi\u00f9 su questo elemento chimico. &#8230; <a title=\"Argon\" class=\"read-more\" href=\"https:\/\/chemuza.org\/it\/argon\/\" aria-label=\"More on Argon\">Per saperne di pi\u00f9<\/a><\/p>\n","protected":false},"author":1,"featured_media":0,"parent":0,"menu_order":0,"comment_status":"closed","ping_status":"closed","template":"","meta":{"footnotes":""},"yoast_head":"<!-- This site is optimized with the Yoast SEO plugin v21.4 - https:\/\/yoast.com\/wordpress\/plugins\/seo\/ -->\n<title>Argon-Chemuza<\/title>\n<meta name=\"robots\" content=\"index, follow, max-snippet:-1, max-image-preview:large, max-video-preview:-1\" \/>\n<link rel=\"canonical\" href=\"https:\/\/chemuza.org\/it\/argon\/\" \/>\n<meta property=\"og:locale\" content=\"it_IT\" \/>\n<meta property=\"og:type\" content=\"article\" \/>\n<meta property=\"og:title\" content=\"Argon-Chemuza\" \/>\n<meta property=\"og:description\" content=\"L&#8217;argon \u00e8 uno dei gas inerti pi\u00f9 abbondanti nell&#8217;atmosfera e costituisce l&#8217;1% del volume totale. \u00c8 il 30% pi\u00f9 pesante dell&#8217;aria, fisicamente e chimicamente stabile indipendentemente dalla temperatura o dalla pressione. Si trova anche in particelle minerali, meteoriti e allo stato naturale grazie all&#8217;isotopo K 40 o potassio. Scopri di pi\u00f9 su questo elemento chimico. ... Per saperne di pi\u00f9\" \/>\n<meta property=\"og:url\" content=\"https:\/\/chemuza.org\/it\/argon\/\" \/>\n<meta property=\"og:site_name\" content=\"Chemuza\" \/>\n<meta name=\"twitter:card\" content=\"summary_large_image\" \/>\n<meta name=\"twitter:label1\" content=\"Tempo di lettura stimato\" \/>\n\t<meta name=\"twitter:data1\" content=\"3 minuti\" \/>\n<script type=\"application\/ld+json\" class=\"yoast-schema-graph\">{\"@context\":\"https:\/\/schema.org\",\"@graph\":[{\"@type\":\"WebPage\",\"@id\":\"https:\/\/chemuza.org\/it\/argon\/\",\"url\":\"https:\/\/chemuza.org\/it\/argon\/\",\"name\":\"Argon-Chemuza\",\"isPartOf\":{\"@id\":\"https:\/\/chemuza.org\/it\/#website\"},\"datePublished\":\"2023-07-15T00:43:03+00:00\",\"dateModified\":\"2023-07-15T00:43:03+00:00\",\"breadcrumb\":{\"@id\":\"https:\/\/chemuza.org\/it\/argon\/#breadcrumb\"},\"inLanguage\":\"it-IT\",\"potentialAction\":[{\"@type\":\"ReadAction\",\"target\":[\"https:\/\/chemuza.org\/it\/argon\/\"]}]},{\"@type\":\"BreadcrumbList\",\"@id\":\"https:\/\/chemuza.org\/it\/argon\/#breadcrumb\",\"itemListElement\":[{\"@type\":\"ListItem\",\"position\":1,\"name\":\"Casa\",\"item\":\"https:\/\/chemuza.org\/it\/\"},{\"@type\":\"ListItem\",\"position\":2,\"name\":\"Argon\"}]},{\"@type\":\"WebSite\",\"@id\":\"https:\/\/chemuza.org\/it\/#website\",\"url\":\"https:\/\/chemuza.org\/it\/\",\"name\":\"Chemuza\",\"description\":\"La tua porta d&#039;accesso alla scoperta chimica!\",\"publisher\":{\"@id\":\"https:\/\/chemuza.org\/it\/#organization\"},\"potentialAction\":[{\"@type\":\"SearchAction\",\"target\":{\"@type\":\"EntryPoint\",\"urlTemplate\":\"https:\/\/chemuza.org\/it\/?s={search_term_string}\"},\"query-input\":\"required name=search_term_string\"}],\"inLanguage\":\"it-IT\"},{\"@type\":\"Organization\",\"@id\":\"https:\/\/chemuza.org\/it\/#organization\",\"name\":\"Chemuza\",\"url\":\"https:\/\/chemuza.org\/it\/\",\"logo\":{\"@type\":\"ImageObject\",\"inLanguage\":\"it-IT\",\"@id\":\"https:\/\/chemuza.org\/it\/#\/schema\/logo\/image\/\",\"url\":\"https:\/\/chemuza.org\/it\/wp-content\/uploads\/2023\/10\/chemuza-logo.png\",\"contentUrl\":\"https:\/\/chemuza.org\/it\/wp-content\/uploads\/2023\/10\/chemuza-logo.png\",\"width\":387,\"height\":70,\"caption\":\"Chemuza\"},\"image\":{\"@id\":\"https:\/\/chemuza.org\/it\/#\/schema\/logo\/image\/\"}}]}<\/script>\n<!-- \/ Yoast SEO plugin. -->","yoast_head_json":{"title":"Argon-Chemuza","robots":{"index":"index","follow":"follow","max-snippet":"max-snippet:-1","max-image-preview":"max-image-preview:large","max-video-preview":"max-video-preview:-1"},"canonical":"https:\/\/chemuza.org\/it\/argon\/","og_locale":"it_IT","og_type":"article","og_title":"Argon-Chemuza","og_description":"L&#8217;argon \u00e8 uno dei gas inerti pi\u00f9 abbondanti nell&#8217;atmosfera e costituisce l&#8217;1% del volume totale. \u00c8 il 30% pi\u00f9 pesante dell&#8217;aria, fisicamente e chimicamente stabile indipendentemente dalla temperatura o dalla pressione. Si trova anche in particelle minerali, meteoriti e allo stato naturale grazie all&#8217;isotopo K 40 o potassio. Scopri di pi\u00f9 su questo elemento chimico. ... Per saperne di pi\u00f9","og_url":"https:\/\/chemuza.org\/it\/argon\/","og_site_name":"Chemuza","twitter_card":"summary_large_image","twitter_misc":{"Tempo di lettura stimato":"3 minuti"},"schema":{"@context":"https:\/\/schema.org","@graph":[{"@type":"WebPage","@id":"https:\/\/chemuza.org\/it\/argon\/","url":"https:\/\/chemuza.org\/it\/argon\/","name":"Argon-Chemuza","isPartOf":{"@id":"https:\/\/chemuza.org\/it\/#website"},"datePublished":"2023-07-15T00:43:03+00:00","dateModified":"2023-07-15T00:43:03+00:00","breadcrumb":{"@id":"https:\/\/chemuza.org\/it\/argon\/#breadcrumb"},"inLanguage":"it-IT","potentialAction":[{"@type":"ReadAction","target":["https:\/\/chemuza.org\/it\/argon\/"]}]},{"@type":"BreadcrumbList","@id":"https:\/\/chemuza.org\/it\/argon\/#breadcrumb","itemListElement":[{"@type":"ListItem","position":1,"name":"Casa","item":"https:\/\/chemuza.org\/it\/"},{"@type":"ListItem","position":2,"name":"Argon"}]},{"@type":"WebSite","@id":"https:\/\/chemuza.org\/it\/#website","url":"https:\/\/chemuza.org\/it\/","name":"Chemuza","description":"La tua porta d&#039;accesso alla scoperta chimica!","publisher":{"@id":"https:\/\/chemuza.org\/it\/#organization"},"potentialAction":[{"@type":"SearchAction","target":{"@type":"EntryPoint","urlTemplate":"https:\/\/chemuza.org\/it\/?s={search_term_string}"},"query-input":"required name=search_term_string"}],"inLanguage":"it-IT"},{"@type":"Organization","@id":"https:\/\/chemuza.org\/it\/#organization","name":"Chemuza","url":"https:\/\/chemuza.org\/it\/","logo":{"@type":"ImageObject","inLanguage":"it-IT","@id":"https:\/\/chemuza.org\/it\/#\/schema\/logo\/image\/","url":"https:\/\/chemuza.org\/it\/wp-content\/uploads\/2023\/10\/chemuza-logo.png","contentUrl":"https:\/\/chemuza.org\/it\/wp-content\/uploads\/2023\/10\/chemuza-logo.png","width":387,"height":70,"caption":"Chemuza"},"image":{"@id":"https:\/\/chemuza.org\/it\/#\/schema\/logo\/image\/"}}]}},"yoast_meta":{"yoast_wpseo_title":"","yoast_wpseo_metadesc":"","yoast_wpseo_canonical":""},"_links":{"self":[{"href":"https:\/\/chemuza.org\/it\/wp-json\/wp\/v2\/pages\/1445"}],"collection":[{"href":"https:\/\/chemuza.org\/it\/wp-json\/wp\/v2\/pages"}],"about":[{"href":"https:\/\/chemuza.org\/it\/wp-json\/wp\/v2\/types\/page"}],"author":[{"embeddable":true,"href":"https:\/\/chemuza.org\/it\/wp-json\/wp\/v2\/users\/1"}],"replies":[{"embeddable":true,"href":"https:\/\/chemuza.org\/it\/wp-json\/wp\/v2\/comments?post=1445"}],"version-history":[{"count":0,"href":"https:\/\/chemuza.org\/it\/wp-json\/wp\/v2\/pages\/1445\/revisions"}],"wp:attachment":[{"href":"https:\/\/chemuza.org\/it\/wp-json\/wp\/v2\/media?parent=1445"}],"curies":[{"name":"wp","href":"https:\/\/api.w.org\/{rel}","templated":true}]}}