{"id":1444,"date":"2023-07-15T02:16:00","date_gmt":"2023-07-15T02:16:00","guid":{"rendered":"https:\/\/chemuza.org\/it\/cromo\/"},"modified":"2023-07-15T02:16:00","modified_gmt":"2023-07-15T02:16:00","slug":"cromo","status":"publish","type":"page","link":"https:\/\/chemuza.org\/it\/cromo\/","title":{"rendered":"Cromo"},"content":{"rendered":"<p>Durante gli anni &#8217;20, dopo la prima guerra mondiale, Harry Brearley ricav\u00f2 la ricetta originale per l&#8217;acciaio inossidabile che consisteva al 18% di cromo e all&#8217;8% di nichel. \u00c8 cos\u00ec che hanno iniziato a produrre in serie le prime forchette, coltelli e cucchiai in acciaio inossidabile. Oggi viene utilizzato per un gran numero di creazioni, perch\u00e9 pu\u00f2 essere arrotolato e mescolato con l&#8217;acciaio. Scopri di pi\u00f9 su questo metallo.<\/p>\n<h2> <strong>Cos&#8217;\u00e8 Chrome?<\/strong><\/h2>\n<p> \u00c8 un elemento chimico del tipo metallo duro, ma fragile e di aspetto bianco-argenteo. Quando puro \u00e8 duttile, relativamente tenero e tende a formare composti minerali. Si distingue per essere produttrice di leghe anticorrosive, caratterizzate da resistenza al calore, elevata durezza e rivestimento. Tuttavia in natura non si trova allo stato elementare.<\/p>\n<h3> <strong>Simbolo del cromo<\/strong><\/h3>\n<p> <span class=\"content-chemical-element\" style=\"float: left;width: 65px;height: 65px;border: 3px solid #666; display:flex;\n    justify-content: center;align-items: center;margin-right: 15px;\"><span style=\"font-size: 38px;\">Cr<\/span><\/span> \u00c8 un elemento che appartiene al gruppo 6 della tavola periodica, i noti metalli di transizione, situato tra il vanadio e il manganese. Il suo simbolo chimico \u00e8 l&#8217;abbreviazione della parola latina <em>Chromium<\/em> e della parola greca <em>Chroma<\/em> , che significa colore. Cos\u00ec chiamato perch\u00e9 i suoi composti esibiscono tra loro una straordinaria variet\u00e0 di colori.<\/p>\n<h2> <strong>Funzionalit\u00e0 di Chrome<\/strong><\/h2>\n<p> La caratteristica principale \u00e8 l&#8217;elevata resistenza alla corrosione. \u00c8 uno dei metalli pi\u00f9 densi esistenti, grazie alla sua struttura cristallina. Inoltre, i suoi composti formano varie tonalit\u00e0 cromatiche come rossastro, arancione, giallastro, verdastro, bluastro, viola e nerastro. Controlla altri dettagli dell&#8217;articolo:<\/p>\n<ul>\n<li> <strong>Reattivit\u00e0 chimica<\/strong> : pu\u00f2 formare legami con la maggior parte degli elementi chimici, come l&#8217;ossigeno, per formare ossidi.<\/li>\n<li> <strong>Fusione e ebollizione<\/strong> : i suoi punti di fusione e di ebollizione sono elevati.<\/li>\n<li> <strong>Condizione<\/strong> : nella sua forma naturale \u00e8 solido.<\/li>\n<li> <strong>Cambiamenti<\/strong> : Quando reagisce con un elemento, produce forti legami chimici e, a seconda delle condizioni, pu\u00f2 cambiare.<\/li>\n<li> <strong>Configurazione elettronica<\/strong> : poich\u00e9 ha tutti elettroni spaiati, presenta propriet\u00e0 paramagnetiche, ma a basse temperature pu\u00f2 acquisire antiferromagnetismo.<\/li>\n<li> <strong>Numero di ossidazione<\/strong> : puoi guadagnare fino a due elettroni e perderli per ottenere numeri di ossidazione diversi.<\/li>\n<li> <strong>Struttura chimica<\/strong> : Ha una struttura cristallina cubica centrata.<\/li>\n<li> <strong>Stati di ossidazione<\/strong> : I pi\u00f9 stabili per ottenere i composti sono +2 e +3. Il +4 e il +5 hanno una bassa frequenza e il +6 ha molta ossidazione.<\/li>\n<\/ul>\n<h2> <strong>Propriet\u00e0 chimiche e fisiche del cromo<\/strong><\/h2>\n<ol>\n<li> <strong>Numero atomico<\/strong> : 24<\/li>\n<li> <strong>Raggio covalente (\u00c5)<\/strong> : 1,27<\/li>\n<li> <strong>Stati di ossidazione<\/strong> : 6, 3, 2<\/li>\n<li> <strong>Densit\u00e0 (g\/ml)<\/strong> : 7.140<\/li>\n<li> <strong>Configurazione elettronica<\/strong> : [Ar]3d <sup>5<\/sup> 4s <sup>1<\/sup><\/li>\n<li> <strong>Velocit\u00e0 del suono:<\/strong> 5940 m\/s a 293,15 K<\/li>\n<li> <strong>Potenziale di prima ionizzazione (eV)<\/strong> : 6.529<\/li>\n<li> <strong>Punto di ebollizione<\/strong> : 2672 \u00b0C (2945 K)<\/li>\n<li> <strong>Massa atomica (g\/mol)<\/strong> : 51,99<\/li>\n<li> <strong>Elettronegativit\u00e0<\/strong> : 1,66<\/li>\n<li> <strong>Raggio atomico (\u00c5)<\/strong> : 1,66<\/li>\n<li> <strong>Elettroni per livello<\/strong> : 2, 8, 13, 1<\/li>\n<li> <strong>Entalpia di fusione:<\/strong> 16,9 Kj\/mol<\/li>\n<li> <strong>Ossido<\/strong> : acido forte<\/li>\n<li> <strong>Calore specifico<\/strong> : 450 J\/(K-kg)<\/li>\n<li> <strong>Entalpia di vaporizzazione:<\/strong> 344,3 Kj\/mol<\/li>\n<li> <strong>Punto di fusione<\/strong> : 1857\u00b0C (2130 K)<\/li>\n<\/ol>\n<h2> <strong>Origine del cromo<\/strong><\/h2>\n<p> Studi archeologici collocano il metallo nell&#8217;esercito Qin, durante l&#8217;anno 210 a.C., quando usavano un rivestimento metallico sulle loro armi. Successivamente il mineralogista Johann Gottlob Lehmann osserv\u00f2 tra i suoi minerali una roccia dai toni rosso-arancio, che conteneva piombo e un altro elemento. Tuttavia non ottenne risultati migliori.<\/p>\n<p> Successivamente, Louis Nicolas Vauquelin ottenne nuovi campioni nel 1797. Riusc\u00ec anche a far precipitare il piombo utilizzando un processo con carbonato di potassio. Poi, nel 1798, riusc\u00ec a isolarlo riscaldando la ruggine con polvere di carbone. Per questo motivo a questo chimico viene attribuito il titolo di scopritore dell&#8217;elemento.<\/p>\n<h2> <strong>A cosa serve Chrome?<\/strong><\/h2>\n<p> Fin dal XIX secolo \u00e8 stato associato a diverse applicazioni artistiche e decorazioni basate sulla possibilit\u00e0 di ottenerlo allo stato metallico grazie all&#8217;alluminotermia. Oggi costituisce l&#8217;85% delle leghe metalliche multiple. Osserva i diversi usi del metallo:<\/p>\n<ul>\n<li> In metallurgia viene utilizzato per conferire finitura lucida, resistenza alla corrosione, effetto alfagenico e trattamento antiossidante.<\/li>\n<li> I cromati e gli ossidi sono utilizzati in coloranti, vernici e mordenti.<\/li>\n<li> Il reagente bicromato di potassio viene utilizzato come titolante nelle analisi volumetriche e nella pulizia della vetreria di laboratorio.<\/li>\n<li> \u00c8 usato come catalizzatore.<\/li>\n<li> La cromite viene utilizzata per realizzare materiali refrattari, come stampi per mattoni.<\/li>\n<li> L&#8217;idrossisolfato di cromo III \u00e8 generalmente utilizzato nella concia delle pelli.<\/li>\n<li> L&#8217;ossido di cromo \u00e8 una sostanza chimica utilizzata per preservare il legno.<\/li>\n<li> Il rubino si ottiene sostituendo nel corindone diversi ioni di alluminio con ioni di cromo.<\/li>\n<li> Il biossido di cromo viene utilizzato per realizzare cassette magnetiche.<\/li>\n<\/ul>\n<h2> <strong>Dove si trova il cromo?<\/strong><\/h2>\n<p> In natura, ma quasi sempre sotto forma di composti, dove uno dei minerali pi\u00f9 importanti \u00e8 la cromite. La maggior parte dell&#8217;elemento viene estratto da Sud Africa, Turchia, Cuba, Kazakistan, India e Sud Africa, a profondit\u00e0 superiori a 5 metri.<\/p>\n<p> In conclusione, il cromo \u00e8 un metallo di transizione utilizzato abbastanza frequentemente in metallurgia. Si distingue per l&#8217;elevata resistenza alla corrosione e le sue variegate tonalit\u00e0 cromatiche. Inoltre, mostra durezza, fragilit\u00e0 e integra la maggior parte degli altri elementi attraverso forti legami chimici.<\/p>\n","protected":false},"excerpt":{"rendered":"<p>Durante gli anni &#8217;20, dopo la prima guerra mondiale, Harry Brearley ricav\u00f2 la ricetta originale per l&#8217;acciaio inossidabile che consisteva al 18% di cromo e all&#8217;8% di nichel. \u00c8 cos\u00ec che hanno iniziato a produrre in serie le prime forchette, coltelli e cucchiai in acciaio inossidabile. Oggi viene utilizzato per un gran numero di creazioni, &#8230; <a title=\"Cromo\" class=\"read-more\" href=\"https:\/\/chemuza.org\/it\/cromo\/\" aria-label=\"More on Cromo\">Per saperne di pi\u00f9<\/a><\/p>\n","protected":false},"author":1,"featured_media":0,"parent":0,"menu_order":0,"comment_status":"closed","ping_status":"closed","template":"","meta":{"footnotes":""},"yoast_head":"<!-- This site is optimized with the Yoast SEO plugin v21.4 - https:\/\/yoast.com\/wordpress\/plugins\/seo\/ -->\n<title>Cromo - Chemuza<\/title>\n<meta name=\"robots\" content=\"index, follow, max-snippet:-1, max-image-preview:large, max-video-preview:-1\" \/>\n<link rel=\"canonical\" href=\"https:\/\/chemuza.org\/it\/cromo\/\" \/>\n<meta property=\"og:locale\" content=\"it_IT\" \/>\n<meta property=\"og:type\" content=\"article\" \/>\n<meta property=\"og:title\" content=\"Cromo - Chemuza\" \/>\n<meta property=\"og:description\" content=\"Durante gli anni &#8217;20, dopo la prima guerra mondiale, Harry Brearley ricav\u00f2 la ricetta originale per l&#8217;acciaio inossidabile che consisteva al 18% di cromo e all&#8217;8% di nichel. \u00c8 cos\u00ec che hanno iniziato a produrre in serie le prime forchette, coltelli e cucchiai in acciaio inossidabile. Oggi viene utilizzato per un gran numero di creazioni, ... Per saperne di pi\u00f9\" \/>\n<meta property=\"og:url\" content=\"https:\/\/chemuza.org\/it\/cromo\/\" \/>\n<meta property=\"og:site_name\" content=\"Chemuza\" \/>\n<meta name=\"twitter:card\" content=\"summary_large_image\" \/>\n<meta name=\"twitter:label1\" content=\"Tempo di lettura stimato\" \/>\n\t<meta name=\"twitter:data1\" content=\"4 minuti\" \/>\n<script type=\"application\/ld+json\" class=\"yoast-schema-graph\">{\"@context\":\"https:\/\/schema.org\",\"@graph\":[{\"@type\":\"WebPage\",\"@id\":\"https:\/\/chemuza.org\/it\/cromo\/\",\"url\":\"https:\/\/chemuza.org\/it\/cromo\/\",\"name\":\"Cromo - Chemuza\",\"isPartOf\":{\"@id\":\"https:\/\/chemuza.org\/it\/#website\"},\"datePublished\":\"2023-07-15T02:16:00+00:00\",\"dateModified\":\"2023-07-15T02:16:00+00:00\",\"breadcrumb\":{\"@id\":\"https:\/\/chemuza.org\/it\/cromo\/#breadcrumb\"},\"inLanguage\":\"it-IT\",\"potentialAction\":[{\"@type\":\"ReadAction\",\"target\":[\"https:\/\/chemuza.org\/it\/cromo\/\"]}]},{\"@type\":\"BreadcrumbList\",\"@id\":\"https:\/\/chemuza.org\/it\/cromo\/#breadcrumb\",\"itemListElement\":[{\"@type\":\"ListItem\",\"position\":1,\"name\":\"Casa\",\"item\":\"https:\/\/chemuza.org\/it\/\"},{\"@type\":\"ListItem\",\"position\":2,\"name\":\"Cromo\"}]},{\"@type\":\"WebSite\",\"@id\":\"https:\/\/chemuza.org\/it\/#website\",\"url\":\"https:\/\/chemuza.org\/it\/\",\"name\":\"Chemuza\",\"description\":\"La tua porta d&#039;accesso alla scoperta chimica!\",\"publisher\":{\"@id\":\"https:\/\/chemuza.org\/it\/#organization\"},\"potentialAction\":[{\"@type\":\"SearchAction\",\"target\":{\"@type\":\"EntryPoint\",\"urlTemplate\":\"https:\/\/chemuza.org\/it\/?s={search_term_string}\"},\"query-input\":\"required name=search_term_string\"}],\"inLanguage\":\"it-IT\"},{\"@type\":\"Organization\",\"@id\":\"https:\/\/chemuza.org\/it\/#organization\",\"name\":\"Chemuza\",\"url\":\"https:\/\/chemuza.org\/it\/\",\"logo\":{\"@type\":\"ImageObject\",\"inLanguage\":\"it-IT\",\"@id\":\"https:\/\/chemuza.org\/it\/#\/schema\/logo\/image\/\",\"url\":\"https:\/\/chemuza.org\/it\/wp-content\/uploads\/2023\/10\/chemuza-logo.png\",\"contentUrl\":\"https:\/\/chemuza.org\/it\/wp-content\/uploads\/2023\/10\/chemuza-logo.png\",\"width\":387,\"height\":70,\"caption\":\"Chemuza\"},\"image\":{\"@id\":\"https:\/\/chemuza.org\/it\/#\/schema\/logo\/image\/\"}}]}<\/script>\n<!-- \/ Yoast SEO plugin. -->","yoast_head_json":{"title":"Cromo - Chemuza","robots":{"index":"index","follow":"follow","max-snippet":"max-snippet:-1","max-image-preview":"max-image-preview:large","max-video-preview":"max-video-preview:-1"},"canonical":"https:\/\/chemuza.org\/it\/cromo\/","og_locale":"it_IT","og_type":"article","og_title":"Cromo - Chemuza","og_description":"Durante gli anni &#8217;20, dopo la prima guerra mondiale, Harry Brearley ricav\u00f2 la ricetta originale per l&#8217;acciaio inossidabile che consisteva al 18% di cromo e all&#8217;8% di nichel. \u00c8 cos\u00ec che hanno iniziato a produrre in serie le prime forchette, coltelli e cucchiai in acciaio inossidabile. Oggi viene utilizzato per un gran numero di creazioni, ... Per saperne di pi\u00f9","og_url":"https:\/\/chemuza.org\/it\/cromo\/","og_site_name":"Chemuza","twitter_card":"summary_large_image","twitter_misc":{"Tempo di lettura stimato":"4 minuti"},"schema":{"@context":"https:\/\/schema.org","@graph":[{"@type":"WebPage","@id":"https:\/\/chemuza.org\/it\/cromo\/","url":"https:\/\/chemuza.org\/it\/cromo\/","name":"Cromo - Chemuza","isPartOf":{"@id":"https:\/\/chemuza.org\/it\/#website"},"datePublished":"2023-07-15T02:16:00+00:00","dateModified":"2023-07-15T02:16:00+00:00","breadcrumb":{"@id":"https:\/\/chemuza.org\/it\/cromo\/#breadcrumb"},"inLanguage":"it-IT","potentialAction":[{"@type":"ReadAction","target":["https:\/\/chemuza.org\/it\/cromo\/"]}]},{"@type":"BreadcrumbList","@id":"https:\/\/chemuza.org\/it\/cromo\/#breadcrumb","itemListElement":[{"@type":"ListItem","position":1,"name":"Casa","item":"https:\/\/chemuza.org\/it\/"},{"@type":"ListItem","position":2,"name":"Cromo"}]},{"@type":"WebSite","@id":"https:\/\/chemuza.org\/it\/#website","url":"https:\/\/chemuza.org\/it\/","name":"Chemuza","description":"La tua porta d&#039;accesso alla scoperta chimica!","publisher":{"@id":"https:\/\/chemuza.org\/it\/#organization"},"potentialAction":[{"@type":"SearchAction","target":{"@type":"EntryPoint","urlTemplate":"https:\/\/chemuza.org\/it\/?s={search_term_string}"},"query-input":"required name=search_term_string"}],"inLanguage":"it-IT"},{"@type":"Organization","@id":"https:\/\/chemuza.org\/it\/#organization","name":"Chemuza","url":"https:\/\/chemuza.org\/it\/","logo":{"@type":"ImageObject","inLanguage":"it-IT","@id":"https:\/\/chemuza.org\/it\/#\/schema\/logo\/image\/","url":"https:\/\/chemuza.org\/it\/wp-content\/uploads\/2023\/10\/chemuza-logo.png","contentUrl":"https:\/\/chemuza.org\/it\/wp-content\/uploads\/2023\/10\/chemuza-logo.png","width":387,"height":70,"caption":"Chemuza"},"image":{"@id":"https:\/\/chemuza.org\/it\/#\/schema\/logo\/image\/"}}]}},"yoast_meta":{"yoast_wpseo_title":"","yoast_wpseo_metadesc":"","yoast_wpseo_canonical":""},"_links":{"self":[{"href":"https:\/\/chemuza.org\/it\/wp-json\/wp\/v2\/pages\/1444"}],"collection":[{"href":"https:\/\/chemuza.org\/it\/wp-json\/wp\/v2\/pages"}],"about":[{"href":"https:\/\/chemuza.org\/it\/wp-json\/wp\/v2\/types\/page"}],"author":[{"embeddable":true,"href":"https:\/\/chemuza.org\/it\/wp-json\/wp\/v2\/users\/1"}],"replies":[{"embeddable":true,"href":"https:\/\/chemuza.org\/it\/wp-json\/wp\/v2\/comments?post=1444"}],"version-history":[{"count":0,"href":"https:\/\/chemuza.org\/it\/wp-json\/wp\/v2\/pages\/1444\/revisions"}],"wp:attachment":[{"href":"https:\/\/chemuza.org\/it\/wp-json\/wp\/v2\/media?parent=1444"}],"curies":[{"name":"wp","href":"https:\/\/api.w.org\/{rel}","templated":true}]}}