{"id":1443,"date":"2023-07-15T02:37:18","date_gmt":"2023-07-15T02:37:18","guid":{"rendered":"https:\/\/chemuza.org\/it\/rame\/"},"modified":"2023-07-15T02:37:18","modified_gmt":"2023-07-15T02:37:18","slug":"rame","status":"publish","type":"page","link":"https:\/\/chemuza.org\/it\/rame\/","title":{"rendered":"Rame"},"content":{"rendered":"<p>Sapevate che il rame si caratterizza in particolare per il fatto di essere un ottimo conduttore di calore ed elettricit\u00e0? Per questo motivo \u00e8 considerato il terzo metallo non ferroso necessario per la vita quotidiana. Nota di che tipo di articolo si tratta, quali sono le sue principali applicazioni e dove si trova.<\/p>\n<h2> <strong>Cos&#8217;\u00e8 il rame?<\/strong><\/h2>\n<p> \u00c8 un metallo di transizione dalla caratteristica tonalit\u00e0 rosso-arancio brillante, che occupa il primo posto tra gli elementi della famiglia del rame. Ha buona duttilit\u00e0, malleabilit\u00e0, conduttivit\u00e0 elettrica e forma diverse leghe. Inoltre pu\u00f2 essere riciclato senza il rischio di perdere le sue propriet\u00e0 meccaniche. Inoltre, \u00e8 uno dei pochi metalli presenti in natura come rame nativo.<\/p>\n<h3> <strong>Simbolo del rame<\/strong><\/h3>\n<p> <span class=\"content-chemical-element\" style=\"float: left;width: 65px;height: 65px;border: 3px solid #666; display:flex;\n    justify-content: center;align-items: center;margin-right: 15px;\"><span style=\"font-size: 38px;\">Cu<\/span><\/span> Secoli fa, la rappresentazione di questo elemento chimico era simboleggiata dal \u2640, simbolo distintivo del genere femminile, del pianeta Venere e della dea Afrodite. Secondo la storia, la dea Astarte, simile ad Afrodite, era adorata sull&#8217;isola mineraria di rame di Cipro.<\/p>\n<h2> <strong>Caratteristiche del rame<\/strong><\/h2>\n<p> \u00c8 un metallo diamagnetico, resistente alla corrosione e all&#8217;ossidazione. L&#8217;orbitale d nella sua configurazione elettronica \u00e8 pieno di elettroni. D\u2019altro canto, \u00e8 generalmente economico, pu\u00f2 essere riciclato all\u2019infinito e si combina chimicamente con alcuni dei suoi stati di valenza. Scopri le altre funzionalit\u00e0 di seguito:<\/p>\n<ul>\n<li> <strong>Reattivit\u00e0 chimica<\/strong> : Non \u00e8 un metallo reattivo, ma reagisce con l&#8217;atmosfera, anche se molto lentamente.<\/li>\n<li> <strong>Fusione ed ebollizione<\/strong> : per raggiungere questi punti, le temperature richieste devono essere estremamente elevate.<\/li>\n<li> <strong>Condizione<\/strong> : la sua forma abituale in natura \u00e8 solida.<\/li>\n<li> <strong>Duttilit\u00e0:<\/strong> Le sue molecole hanno la funzione di scivolare su di esso e di allungarsi per ottenere fili o fili.<\/li>\n<li> <strong>Malleabilit\u00e0<\/strong> : pu\u00f2 essere allungato, schiacciato, martellato o deformato a temperatura ambiente senza rompersi.<\/li>\n<li> <strong>Durezza<\/strong> : Resiste agli urti, ai tagli, alle forze di trazione e di spinta.<\/li>\n<li> <strong>Fragilit\u00e0<\/strong> : se sottoposto a temperature estremamente basse, mostra fragilit\u00e0.<\/li>\n<li> <strong>Conduttivit\u00e0 elettrica<\/strong> : gli elettroni nella sua struttura hanno legami deboli, quindi le sue particelle si muovono facilmente per generare un campo magnetico.<\/li>\n<\/ul>\n<h2> <strong>Propriet\u00e0 chimiche e fisiche del rame<\/strong><\/h2>\n<ol>\n<li> <strong>Numero atomico<\/strong> : 29<\/li>\n<li> <strong>Raggio covalente (\u00c5):<\/strong> 138<\/li>\n<li> <strong>Stato ordinario:<\/strong> Solido<\/li>\n<li> <strong>Entalpia di fusione:<\/strong> 13,1\u200b Kj\/mol<\/li>\n<li> <strong>Configurazione elettronica:<\/strong> [Ar]3d <sup>10<\/sup> 4s <sup>1<\/sup><\/li>\n<li> <strong>Potenza di prima ionizzazione (eV):<\/strong> 745,5<\/li>\n<li> <strong>Stati di ossidazione<\/strong> : +1, +2, +3, +4<\/li>\n<li> <strong>Densit\u00e0 relativa rispetto all&#8217;aria:<\/strong> 8.960 g\/ml<\/li>\n<li> <strong>Punto di ebollizione:<\/strong> 2562\u00b0C (2835K)<\/li>\n<li> <strong>Punto di fusione:<\/strong> 1085\u00b0C (1357,77 K)<\/li>\n<li> <strong>Entalpia di vaporizzazione:<\/strong> 300\u200b Kj\/mol<\/li>\n<li> <strong>Velocit\u00e0 del suono:<\/strong> 3570 m\/s a 293,15 K<\/li>\n<li> <strong>Durezza minerale Mohs<\/strong> : 3,0<\/li>\n<li> <strong>Raggio atomico (\u00c5)<\/strong> : 1,45<\/li>\n<li> <strong>Elettroni per livello<\/strong> : 2, 8, 18, 1<\/li>\n<li> <strong>Massa atomica (g\/mol):<\/strong> 63.546<\/li>\n<li> <strong>Calore specifico<\/strong> : 385 J\/(K-kg)<\/li>\n<li> <strong>Elettronegativit\u00e0<\/strong> : 1.9<\/li>\n<\/ol>\n<h2> <strong>Origine del rame<\/strong><\/h2>\n<p> Le sue propriet\u00e0 sono state utilizzate dall&#8217;uomo fin dall&#8217;antichit\u00e0. In effetti, questo metallo, combinato con lo stagno, era cos\u00ec importante che gli storici chiamarono un certo periodo preistorico l&#8217;et\u00e0 del rame. Il suo utilizzo continu\u00f2, ma senza grande valore, finch\u00e9, a partire dal XIX secolo, divent\u00f2 un metallo strategico.<\/p>\n<p> D&#8217;altra parte, durante il mondo greco-romano, nell&#8217;isola di Cipro furono scoperte numerose miniere dell&#8217;elemento chimico. Per questo gli attribuirono l&#8217;espressione latina <em>cuprum<\/em> , che deriva dall&#8217;espressione <em>aes cyprium<\/em> , che significa da Cipro.<\/p>\n<h2> <strong>A cosa serve il Rame?<\/strong><\/h2>\n<p> Dopo ferro e alluminio, \u00e8 il terzo metallo pi\u00f9 consumato al mondo, perch\u00e9 le sue applicazioni nell&#8217;industria elettronica, elettrica e siderurgica sono numerose e sfaccettate. Osserva alcuni usi moderni di questo metallo:<\/p>\n<h3> <strong>Prodotti elettrici ed elettronici<\/strong><\/h3>\n<p> Un&#8217;applicazione \u00e8 la sua utilit\u00e0 come conduttore elettrico per realizzare cavi coassiali ed elettrici. Viene utilizzato anche in motori, generatori e trasformatori elettrici. Anche nei circuiti integrati e nei molteplici componenti degli attuali sistemi informatici.<\/p>\n<h3> <strong>Trasporti<\/strong><\/h3>\n<p> Vari veicoli automobilistici richiedono questo elemento chimico nei loro pezzi di ricambio e pezzi di ricambio. Ad esempio, viene spesso utilizzato per freni, radiatori e cuscini. Inoltre, viene utilizzato nel cablaggio dei suoi componenti elettrici. Inoltre, parti degli scafi delle navi sono realizzate in metallo.<\/p>\n<h3> <strong>monete di rame<\/strong><\/h3>\n<p> La maggior parte dei paesi del mondo produce valuta composta da questo elemento chimico e in diverse leghe. Infatti questa miscela viene solitamente utilizzata con stagno, nichel, alluminio o bronzo. Ad esempio le monete da 1, 2 e 5 centesimi di euro.<\/p>\n<h3> <strong>edifici<\/strong><\/h3>\n<p> Grazie alla sua resistenza alla corrosione, viene utilizzato al posto del piombo per le tubazioni dell&#8217;acqua, sia in complessi residenziali che commerciali e industriali. Inoltre, viene scelto come materiale architettonico per maniglie di porte, statue in piazze, campane di chiese, tra le altre costruzioni.<\/p>\n<h3> <strong>leghe di rame<\/strong><\/h3>\n<p> Serve come materia prima per ottenere altri metalli specifici. Un esempio di lega \u00e8 l&#8217;ottone, ottenuto da una miscela con zinco. Altri sono il bronzo, legato allo stagno, e l&#8217;alpacca, una combinazione dell&#8217;elemento nichel e zinco.<\/p>\n<p> In breve, il rame \u00e8 un metallo di transizione che conduce molto bene l\u2019elettricit\u00e0 e il calore. Inoltre, \u00e8 generalmente molto resistente alla ruggine. Presenta inoltre buona duttilit\u00e0, malleabilit\u00e0 e resistenza a colpi, tagli e spinte, ma a temperature estremamente basse risulta fragile.<\/p>\n","protected":false},"excerpt":{"rendered":"<p>Sapevate che il rame si caratterizza in particolare per il fatto di essere un ottimo conduttore di calore ed elettricit\u00e0? Per questo motivo \u00e8 considerato il terzo metallo non ferroso necessario per la vita quotidiana. Nota di che tipo di articolo si tratta, quali sono le sue principali applicazioni e dove si trova. Cos&#8217;\u00e8 il &#8230; <a title=\"Rame\" class=\"read-more\" href=\"https:\/\/chemuza.org\/it\/rame\/\" aria-label=\"More on Rame\">Per saperne di pi\u00f9<\/a><\/p>\n","protected":false},"author":1,"featured_media":0,"parent":0,"menu_order":0,"comment_status":"closed","ping_status":"closed","template":"","meta":{"footnotes":""},"yoast_head":"<!-- This site is optimized with the Yoast SEO plugin v21.4 - https:\/\/yoast.com\/wordpress\/plugins\/seo\/ -->\n<title>Rame - Chemuza<\/title>\n<meta name=\"robots\" content=\"index, follow, max-snippet:-1, max-image-preview:large, max-video-preview:-1\" \/>\n<link rel=\"canonical\" href=\"https:\/\/chemuza.org\/it\/rame\/\" \/>\n<meta property=\"og:locale\" content=\"it_IT\" \/>\n<meta property=\"og:type\" content=\"article\" \/>\n<meta property=\"og:title\" content=\"Rame - Chemuza\" \/>\n<meta property=\"og:description\" content=\"Sapevate che il rame si caratterizza in particolare per il fatto di essere un ottimo conduttore di calore ed elettricit\u00e0? Per questo motivo \u00e8 considerato il terzo metallo non ferroso necessario per la vita quotidiana. Nota di che tipo di articolo si tratta, quali sono le sue principali applicazioni e dove si trova. Cos&#8217;\u00e8 il ... Per saperne di pi\u00f9\" \/>\n<meta property=\"og:url\" content=\"https:\/\/chemuza.org\/it\/rame\/\" \/>\n<meta property=\"og:site_name\" content=\"Chemuza\" \/>\n<meta name=\"twitter:card\" content=\"summary_large_image\" \/>\n<meta name=\"twitter:label1\" content=\"Tempo di lettura stimato\" \/>\n\t<meta name=\"twitter:data1\" content=\"4 minuti\" \/>\n<script type=\"application\/ld+json\" class=\"yoast-schema-graph\">{\"@context\":\"https:\/\/schema.org\",\"@graph\":[{\"@type\":\"WebPage\",\"@id\":\"https:\/\/chemuza.org\/it\/rame\/\",\"url\":\"https:\/\/chemuza.org\/it\/rame\/\",\"name\":\"Rame - Chemuza\",\"isPartOf\":{\"@id\":\"https:\/\/chemuza.org\/it\/#website\"},\"datePublished\":\"2023-07-15T02:37:18+00:00\",\"dateModified\":\"2023-07-15T02:37:18+00:00\",\"breadcrumb\":{\"@id\":\"https:\/\/chemuza.org\/it\/rame\/#breadcrumb\"},\"inLanguage\":\"it-IT\",\"potentialAction\":[{\"@type\":\"ReadAction\",\"target\":[\"https:\/\/chemuza.org\/it\/rame\/\"]}]},{\"@type\":\"BreadcrumbList\",\"@id\":\"https:\/\/chemuza.org\/it\/rame\/#breadcrumb\",\"itemListElement\":[{\"@type\":\"ListItem\",\"position\":1,\"name\":\"Casa\",\"item\":\"https:\/\/chemuza.org\/it\/\"},{\"@type\":\"ListItem\",\"position\":2,\"name\":\"Rame\"}]},{\"@type\":\"WebSite\",\"@id\":\"https:\/\/chemuza.org\/it\/#website\",\"url\":\"https:\/\/chemuza.org\/it\/\",\"name\":\"Chemuza\",\"description\":\"La tua porta d&#039;accesso alla scoperta chimica!\",\"publisher\":{\"@id\":\"https:\/\/chemuza.org\/it\/#organization\"},\"potentialAction\":[{\"@type\":\"SearchAction\",\"target\":{\"@type\":\"EntryPoint\",\"urlTemplate\":\"https:\/\/chemuza.org\/it\/?s={search_term_string}\"},\"query-input\":\"required name=search_term_string\"}],\"inLanguage\":\"it-IT\"},{\"@type\":\"Organization\",\"@id\":\"https:\/\/chemuza.org\/it\/#organization\",\"name\":\"Chemuza\",\"url\":\"https:\/\/chemuza.org\/it\/\",\"logo\":{\"@type\":\"ImageObject\",\"inLanguage\":\"it-IT\",\"@id\":\"https:\/\/chemuza.org\/it\/#\/schema\/logo\/image\/\",\"url\":\"https:\/\/chemuza.org\/it\/wp-content\/uploads\/2023\/10\/chemuza-logo.png\",\"contentUrl\":\"https:\/\/chemuza.org\/it\/wp-content\/uploads\/2023\/10\/chemuza-logo.png\",\"width\":387,\"height\":70,\"caption\":\"Chemuza\"},\"image\":{\"@id\":\"https:\/\/chemuza.org\/it\/#\/schema\/logo\/image\/\"}}]}<\/script>\n<!-- \/ Yoast SEO plugin. -->","yoast_head_json":{"title":"Rame - Chemuza","robots":{"index":"index","follow":"follow","max-snippet":"max-snippet:-1","max-image-preview":"max-image-preview:large","max-video-preview":"max-video-preview:-1"},"canonical":"https:\/\/chemuza.org\/it\/rame\/","og_locale":"it_IT","og_type":"article","og_title":"Rame - Chemuza","og_description":"Sapevate che il rame si caratterizza in particolare per il fatto di essere un ottimo conduttore di calore ed elettricit\u00e0? Per questo motivo \u00e8 considerato il terzo metallo non ferroso necessario per la vita quotidiana. Nota di che tipo di articolo si tratta, quali sono le sue principali applicazioni e dove si trova. Cos&#8217;\u00e8 il ... Per saperne di pi\u00f9","og_url":"https:\/\/chemuza.org\/it\/rame\/","og_site_name":"Chemuza","twitter_card":"summary_large_image","twitter_misc":{"Tempo di lettura stimato":"4 minuti"},"schema":{"@context":"https:\/\/schema.org","@graph":[{"@type":"WebPage","@id":"https:\/\/chemuza.org\/it\/rame\/","url":"https:\/\/chemuza.org\/it\/rame\/","name":"Rame - Chemuza","isPartOf":{"@id":"https:\/\/chemuza.org\/it\/#website"},"datePublished":"2023-07-15T02:37:18+00:00","dateModified":"2023-07-15T02:37:18+00:00","breadcrumb":{"@id":"https:\/\/chemuza.org\/it\/rame\/#breadcrumb"},"inLanguage":"it-IT","potentialAction":[{"@type":"ReadAction","target":["https:\/\/chemuza.org\/it\/rame\/"]}]},{"@type":"BreadcrumbList","@id":"https:\/\/chemuza.org\/it\/rame\/#breadcrumb","itemListElement":[{"@type":"ListItem","position":1,"name":"Casa","item":"https:\/\/chemuza.org\/it\/"},{"@type":"ListItem","position":2,"name":"Rame"}]},{"@type":"WebSite","@id":"https:\/\/chemuza.org\/it\/#website","url":"https:\/\/chemuza.org\/it\/","name":"Chemuza","description":"La tua porta d&#039;accesso alla scoperta chimica!","publisher":{"@id":"https:\/\/chemuza.org\/it\/#organization"},"potentialAction":[{"@type":"SearchAction","target":{"@type":"EntryPoint","urlTemplate":"https:\/\/chemuza.org\/it\/?s={search_term_string}"},"query-input":"required name=search_term_string"}],"inLanguage":"it-IT"},{"@type":"Organization","@id":"https:\/\/chemuza.org\/it\/#organization","name":"Chemuza","url":"https:\/\/chemuza.org\/it\/","logo":{"@type":"ImageObject","inLanguage":"it-IT","@id":"https:\/\/chemuza.org\/it\/#\/schema\/logo\/image\/","url":"https:\/\/chemuza.org\/it\/wp-content\/uploads\/2023\/10\/chemuza-logo.png","contentUrl":"https:\/\/chemuza.org\/it\/wp-content\/uploads\/2023\/10\/chemuza-logo.png","width":387,"height":70,"caption":"Chemuza"},"image":{"@id":"https:\/\/chemuza.org\/it\/#\/schema\/logo\/image\/"}}]}},"yoast_meta":{"yoast_wpseo_title":"","yoast_wpseo_metadesc":"","yoast_wpseo_canonical":""},"_links":{"self":[{"href":"https:\/\/chemuza.org\/it\/wp-json\/wp\/v2\/pages\/1443"}],"collection":[{"href":"https:\/\/chemuza.org\/it\/wp-json\/wp\/v2\/pages"}],"about":[{"href":"https:\/\/chemuza.org\/it\/wp-json\/wp\/v2\/types\/page"}],"author":[{"embeddable":true,"href":"https:\/\/chemuza.org\/it\/wp-json\/wp\/v2\/users\/1"}],"replies":[{"embeddable":true,"href":"https:\/\/chemuza.org\/it\/wp-json\/wp\/v2\/comments?post=1443"}],"version-history":[{"count":0,"href":"https:\/\/chemuza.org\/it\/wp-json\/wp\/v2\/pages\/1443\/revisions"}],"wp:attachment":[{"href":"https:\/\/chemuza.org\/it\/wp-json\/wp\/v2\/media?parent=1443"}],"curies":[{"name":"wp","href":"https:\/\/api.w.org\/{rel}","templated":true}]}}