{"id":1442,"date":"2023-07-15T03:59:17","date_gmt":"2023-07-15T03:59:17","guid":{"rendered":"https:\/\/chemuza.org\/it\/zolfo\/"},"modified":"2023-07-15T03:59:17","modified_gmt":"2023-07-15T03:59:17","slug":"zolfo","status":"publish","type":"page","link":"https:\/\/chemuza.org\/it\/zolfo\/","title":{"rendered":"Zolfo"},"content":{"rendered":"<p>Lo zolfo \u00e8 un composto chimico essenziale che \u00e8 uno degli amminoacidi necessari per la sintesi proteica nel corpo. Allo stato naturale \u00e8 presente nelle aree vulcaniche sotto forma di solfuri, solfosali e solfati. Le sue applicazioni industriali, mediche e nutrizionali sono diverse. Che puoi scoprire qui sotto.<\/p>\n<h2> <strong>Cos&#8217;\u00e8 lo zolfo?<\/strong><\/h2>\n<p> \u00c8 un elemento chimico con numero atomico 16 che fa parte del gruppo dei non metalli della tavola periodica. Si distingue per l&#8217;odore sgradevole, \u00e8 di colore giallo paglierino con qualche riflesso aranciato. Inoltre, si combina facilmente con altri elementi, formando composti come diossidi e triossidi, che hanno molte applicazioni nell&#8217;industria.<\/p>\n<h3> <strong>Simbolo dello zolfo<\/strong><\/h3>\n<p> <span class=\"content-chemical-element\" style=\"float: left;width: 65px;height: 65px;border: 3px solid #666; display:flex;\n    justify-content: center;align-items: center;margin-right: 15px;\"><span style=\"font-size: 38px;\">S<\/span><\/span> La parola deriva dal latino zolfo, che significa pietra infiammabile o ardente. Questa espressione \u00e8 legata al sanscrito \u015bulb\u0101ri, nel senso che perde il suo valore se mescolato con il rame, date le sue propriet\u00e0 infiammabili.<\/p>\n<h2> <strong>Caratteristiche dello zolfo<\/strong><\/h2>\n<p> Questo elemento chimico ha una massa atomica di 32.064, si trova nel gruppo 16 della tavola periodica. \u00c8 un elemento attivo che si mescola facilmente con altri composti. Esiste negli stati di ossidazione positiva e negativa ed \u00e8 multivalente nella formazione di miscele ioniche. Scopri altri vantaggi di questo non metallo:<\/p>\n<ul>\n<li> <strong>Stato<\/strong> : presenta tre forme allotropiche, liquida, solida e gassosa.<\/li>\n<li> <strong>Colore<\/strong> : Giallo intenso, con riflessi bruni e aranciati spenti che virano al blu quando fuso.<\/li>\n<li> <strong>Gusto e olfatto<\/strong> : ha un sapore dolce, ma ha un odore soffocante e molto sgradevole.<\/li>\n<li> <strong>Solubilit\u00e0<\/strong> : \u00e8 insolubile in acqua, ma si dissolve facilmente in benzene e disolfuro di carbonio.<\/li>\n<li> <strong>Tenacia<\/strong> : Raro, \u00e8 un elemento fragile che si polverizza rapidamente.<\/li>\n<li> <strong>Tossicit\u00e0<\/strong> : Bassa in piccole concentrazioni, ma se aumenta \u00e8 molto irritante.<\/li>\n<li> <strong>Struttura<\/strong> : si presenta sotto forma di molecole ortorombiche o cristalline, di tipo reticolare o di anelli intrecciati.<\/li>\n<\/ul>\n<h2> <strong>Propriet\u00e0 chimiche e fisiche dello zolfo<\/strong><\/h2>\n<ol>\n<li> <strong>Numero atomico<\/strong> : 16<\/li>\n<li> <strong>Periodo<\/strong> : 3<\/li>\n<li> <strong>Blocco<\/strong> : P<\/li>\n<li> <strong>Gruppo<\/strong> : 16<\/li>\n<li> <strong>Raggio covalente (\u00c5):<\/strong> 102 pm<\/li>\n<li> <strong>Densit\u00e0:<\/strong> 2,07 kg\/m<\/li>\n<li> <strong>Punto di ebollizione:<\/strong> 444,6\u00b0C<\/li>\n<li> <strong>Punto di fusione:<\/strong> 119,0\u00b0C<\/li>\n<li> <strong>Raggio atomico:<\/strong> 88 ore<\/li>\n<li> <strong>Raggio medio:<\/strong> 22:00<\/li>\n<li> <strong>Elettroni per livello:<\/strong> 2.8.6 <strong>&nbsp;<\/strong><\/li>\n<li> <strong>Elettronegativit\u00e0:<\/strong> 2,58<\/li>\n<li> <strong>Configurazione elettronica:<\/strong> [Ne] 3 s\u00b2 3p4<\/li>\n<li> <strong>Massa atomica (g\/mol):<\/strong> 32.065(5) u<\/li>\n<li> <strong>Stato di ossidazione:<\/strong> -2, +2, 4, 6 acido forte<\/li>\n<li> <strong>Potenziale di prima ionizzazione eV:<\/strong> 10,36<\/li>\n<li> <strong>Calore specifico:<\/strong> 710J\/(Kkg)<\/li>\n<li> <strong>Conduttivit\u00e0 termica:<\/strong> 0,269 W\/(Km)<\/li>\n<\/ol>\n<h2> <strong>Origine dello zolfo<\/strong><\/h2>\n<p> Questo elemento risale a tempi immemorabili prima di Cristo, poich\u00e9 era ampiamente utilizzato nella cultura romana e greca per le sue propriet\u00e0 medicinali. Inoltre, veniva usato come candeggina e purificatore per tessuti nei templi egizi. L&#8217;alchimista Henning Brand lo scopr\u00ec allo stato naturale. Poi, nel 1777, il chimico Antoine Lavoisier condusse diversi esperimenti e lo classific\u00f2 come un elemento capace di mescolarsi, formando ossido di zolfo e altri composti.<\/p>\n<h2> <strong>A cosa serve lo zolfo?<\/strong><\/h2>\n<p> I suoi usi si estendono al campo industriale e medico. Innanzitutto, dall&#8217;acido solforico vengono prodotte batterie, polvere da sparo e gomma vulcanizzata. Inoltre, il sapone allo zolfo, la candeggina e i fiammiferi sono realizzati con solfito. In forma di tiosolfato, viene utilizzato nella produzione fotografica come fissativo per sciogliere il bromuro d&#8217;argento. Allo stesso modo, \u00e8 ampiamente utilizzato come antisettico sotto forma di anidride solforosa nel trattamento dell\u2019acne e delle allergie cutanee. Viene utilizzato anche come ingrediente attivo in fungicidi e fertilizzanti.<\/p>\n<h2> <strong>Cos&#8217;\u00e8 il ciclo dello zolfo?<\/strong><\/h2>\n<p> Questo \u00e8 un ciclo biogeochimico attraverso il quale questo elemento si ritrova nell&#8217;ambiente. \u00c8 considerato un processo chimico complesso perch\u00e9 attraversa diversi ecosistemi e sperimenta diversi stati di ossidazione, soprattutto quando si lega all&#8217;ossigeno. Inoltre, circola nell&#8217;ambiente nel modo seguente:<\/p>\n<ul>\n<li> Si sposta per assorbimento dal terreno all&#8217;aria e all&#8217;acqua.<\/li>\n<li> Viaggia dalle verdure agli animali dopo l&#8217;ingestione.<\/li>\n<li> \u00c8 presente nell&#8217;atmosfera allo stato gassoso in seguito alla decomposizione di materiali organici, come l&#8217;idrogeno solforato e l&#8217;anidride solforosa.<\/li>\n<li> Ritorna nel suolo e nell&#8217;acqua a causa del degrado, delle piogge acide o dell&#8217;anidride solforosa e dei gas che entrano nell&#8217;atmosfera.<\/li>\n<\/ul>\n<h2> <strong>Che funzione ha lo zolfo nel corpo umano?<\/strong><\/h2>\n<p> Nel corpo umano favorisce la produzione di collagene, una proteina necessaria alla pelle, ai tendini, alle ossa e ai legamenti. Inoltre, favorisce la coagulazione del sangue, rafforza i tessuti e la funzionalit\u00e0 epatica. Inoltre, mantiene il trasporto di ossigeno al cervello, aiuta la funzione dell\u2019insulina e converte i carboidrati in energia.<\/p>\n<p> Allo stesso modo, \u00e8 un principio attivo della vitamina D, che favorisce la pace mentale. Contribuisce alla formazione di nuovi tessuti nell&#8217;organismo, grazie alla sua azione sugli aminoacidi.<\/p>\n<p> In sintesi, lo zolfo \u00e8 un elemento non metallico che presenta diversi stati di ossidazione in vari composti. \u00c8 essenziale per la formazione degli aminoacidi metionina e cisteina, necessari per la sintesi proteica in tutti gli esseri viventi.<\/p>\n","protected":false},"excerpt":{"rendered":"<p>Lo zolfo \u00e8 un composto chimico essenziale che \u00e8 uno degli amminoacidi necessari per la sintesi proteica nel corpo. Allo stato naturale \u00e8 presente nelle aree vulcaniche sotto forma di solfuri, solfosali e solfati. Le sue applicazioni industriali, mediche e nutrizionali sono diverse. Che puoi scoprire qui sotto. Cos&#8217;\u00e8 lo zolfo? \u00c8 un elemento chimico &#8230; <a title=\"Zolfo\" class=\"read-more\" href=\"https:\/\/chemuza.org\/it\/zolfo\/\" aria-label=\"More on Zolfo\">Per saperne di pi\u00f9<\/a><\/p>\n","protected":false},"author":1,"featured_media":0,"parent":0,"menu_order":0,"comment_status":"closed","ping_status":"closed","template":"","meta":{"footnotes":""},"yoast_head":"<!-- This site is optimized with the Yoast SEO plugin v21.4 - https:\/\/yoast.com\/wordpress\/plugins\/seo\/ -->\n<title>Zolfo - Chemuza<\/title>\n<meta name=\"robots\" content=\"index, follow, max-snippet:-1, max-image-preview:large, max-video-preview:-1\" \/>\n<link rel=\"canonical\" href=\"https:\/\/chemuza.org\/it\/zolfo\/\" \/>\n<meta property=\"og:locale\" content=\"it_IT\" \/>\n<meta property=\"og:type\" content=\"article\" \/>\n<meta property=\"og:title\" content=\"Zolfo - Chemuza\" \/>\n<meta property=\"og:description\" content=\"Lo zolfo \u00e8 un composto chimico essenziale che \u00e8 uno degli amminoacidi necessari per la sintesi proteica nel corpo. Allo stato naturale \u00e8 presente nelle aree vulcaniche sotto forma di solfuri, solfosali e solfati. Le sue applicazioni industriali, mediche e nutrizionali sono diverse. Che puoi scoprire qui sotto. Cos&#8217;\u00e8 lo zolfo? \u00c8 un elemento chimico ... Per saperne di pi\u00f9\" \/>\n<meta property=\"og:url\" content=\"https:\/\/chemuza.org\/it\/zolfo\/\" \/>\n<meta property=\"og:site_name\" content=\"Chemuza\" \/>\n<meta name=\"twitter:card\" content=\"summary_large_image\" \/>\n<meta name=\"twitter:label1\" content=\"Tempo di lettura stimato\" \/>\n\t<meta name=\"twitter:data1\" content=\"4 minuti\" \/>\n<script type=\"application\/ld+json\" class=\"yoast-schema-graph\">{\"@context\":\"https:\/\/schema.org\",\"@graph\":[{\"@type\":\"WebPage\",\"@id\":\"https:\/\/chemuza.org\/it\/zolfo\/\",\"url\":\"https:\/\/chemuza.org\/it\/zolfo\/\",\"name\":\"Zolfo - Chemuza\",\"isPartOf\":{\"@id\":\"https:\/\/chemuza.org\/it\/#website\"},\"datePublished\":\"2023-07-15T03:59:17+00:00\",\"dateModified\":\"2023-07-15T03:59:17+00:00\",\"breadcrumb\":{\"@id\":\"https:\/\/chemuza.org\/it\/zolfo\/#breadcrumb\"},\"inLanguage\":\"it-IT\",\"potentialAction\":[{\"@type\":\"ReadAction\",\"target\":[\"https:\/\/chemuza.org\/it\/zolfo\/\"]}]},{\"@type\":\"BreadcrumbList\",\"@id\":\"https:\/\/chemuza.org\/it\/zolfo\/#breadcrumb\",\"itemListElement\":[{\"@type\":\"ListItem\",\"position\":1,\"name\":\"Casa\",\"item\":\"https:\/\/chemuza.org\/it\/\"},{\"@type\":\"ListItem\",\"position\":2,\"name\":\"Zolfo\"}]},{\"@type\":\"WebSite\",\"@id\":\"https:\/\/chemuza.org\/it\/#website\",\"url\":\"https:\/\/chemuza.org\/it\/\",\"name\":\"Chemuza\",\"description\":\"La tua porta d&#039;accesso alla scoperta chimica!\",\"publisher\":{\"@id\":\"https:\/\/chemuza.org\/it\/#organization\"},\"potentialAction\":[{\"@type\":\"SearchAction\",\"target\":{\"@type\":\"EntryPoint\",\"urlTemplate\":\"https:\/\/chemuza.org\/it\/?s={search_term_string}\"},\"query-input\":\"required name=search_term_string\"}],\"inLanguage\":\"it-IT\"},{\"@type\":\"Organization\",\"@id\":\"https:\/\/chemuza.org\/it\/#organization\",\"name\":\"Chemuza\",\"url\":\"https:\/\/chemuza.org\/it\/\",\"logo\":{\"@type\":\"ImageObject\",\"inLanguage\":\"it-IT\",\"@id\":\"https:\/\/chemuza.org\/it\/#\/schema\/logo\/image\/\",\"url\":\"https:\/\/chemuza.org\/it\/wp-content\/uploads\/2023\/10\/chemuza-logo.png\",\"contentUrl\":\"https:\/\/chemuza.org\/it\/wp-content\/uploads\/2023\/10\/chemuza-logo.png\",\"width\":387,\"height\":70,\"caption\":\"Chemuza\"},\"image\":{\"@id\":\"https:\/\/chemuza.org\/it\/#\/schema\/logo\/image\/\"}}]}<\/script>\n<!-- \/ Yoast SEO plugin. -->","yoast_head_json":{"title":"Zolfo - Chemuza","robots":{"index":"index","follow":"follow","max-snippet":"max-snippet:-1","max-image-preview":"max-image-preview:large","max-video-preview":"max-video-preview:-1"},"canonical":"https:\/\/chemuza.org\/it\/zolfo\/","og_locale":"it_IT","og_type":"article","og_title":"Zolfo - Chemuza","og_description":"Lo zolfo \u00e8 un composto chimico essenziale che \u00e8 uno degli amminoacidi necessari per la sintesi proteica nel corpo. Allo stato naturale \u00e8 presente nelle aree vulcaniche sotto forma di solfuri, solfosali e solfati. Le sue applicazioni industriali, mediche e nutrizionali sono diverse. Che puoi scoprire qui sotto. Cos&#8217;\u00e8 lo zolfo? \u00c8 un elemento chimico ... Per saperne di pi\u00f9","og_url":"https:\/\/chemuza.org\/it\/zolfo\/","og_site_name":"Chemuza","twitter_card":"summary_large_image","twitter_misc":{"Tempo di lettura stimato":"4 minuti"},"schema":{"@context":"https:\/\/schema.org","@graph":[{"@type":"WebPage","@id":"https:\/\/chemuza.org\/it\/zolfo\/","url":"https:\/\/chemuza.org\/it\/zolfo\/","name":"Zolfo - Chemuza","isPartOf":{"@id":"https:\/\/chemuza.org\/it\/#website"},"datePublished":"2023-07-15T03:59:17+00:00","dateModified":"2023-07-15T03:59:17+00:00","breadcrumb":{"@id":"https:\/\/chemuza.org\/it\/zolfo\/#breadcrumb"},"inLanguage":"it-IT","potentialAction":[{"@type":"ReadAction","target":["https:\/\/chemuza.org\/it\/zolfo\/"]}]},{"@type":"BreadcrumbList","@id":"https:\/\/chemuza.org\/it\/zolfo\/#breadcrumb","itemListElement":[{"@type":"ListItem","position":1,"name":"Casa","item":"https:\/\/chemuza.org\/it\/"},{"@type":"ListItem","position":2,"name":"Zolfo"}]},{"@type":"WebSite","@id":"https:\/\/chemuza.org\/it\/#website","url":"https:\/\/chemuza.org\/it\/","name":"Chemuza","description":"La tua porta d&#039;accesso alla scoperta chimica!","publisher":{"@id":"https:\/\/chemuza.org\/it\/#organization"},"potentialAction":[{"@type":"SearchAction","target":{"@type":"EntryPoint","urlTemplate":"https:\/\/chemuza.org\/it\/?s={search_term_string}"},"query-input":"required name=search_term_string"}],"inLanguage":"it-IT"},{"@type":"Organization","@id":"https:\/\/chemuza.org\/it\/#organization","name":"Chemuza","url":"https:\/\/chemuza.org\/it\/","logo":{"@type":"ImageObject","inLanguage":"it-IT","@id":"https:\/\/chemuza.org\/it\/#\/schema\/logo\/image\/","url":"https:\/\/chemuza.org\/it\/wp-content\/uploads\/2023\/10\/chemuza-logo.png","contentUrl":"https:\/\/chemuza.org\/it\/wp-content\/uploads\/2023\/10\/chemuza-logo.png","width":387,"height":70,"caption":"Chemuza"},"image":{"@id":"https:\/\/chemuza.org\/it\/#\/schema\/logo\/image\/"}}]}},"yoast_meta":{"yoast_wpseo_title":"","yoast_wpseo_metadesc":"","yoast_wpseo_canonical":""},"_links":{"self":[{"href":"https:\/\/chemuza.org\/it\/wp-json\/wp\/v2\/pages\/1442"}],"collection":[{"href":"https:\/\/chemuza.org\/it\/wp-json\/wp\/v2\/pages"}],"about":[{"href":"https:\/\/chemuza.org\/it\/wp-json\/wp\/v2\/types\/page"}],"author":[{"embeddable":true,"href":"https:\/\/chemuza.org\/it\/wp-json\/wp\/v2\/users\/1"}],"replies":[{"embeddable":true,"href":"https:\/\/chemuza.org\/it\/wp-json\/wp\/v2\/comments?post=1442"}],"version-history":[{"count":0,"href":"https:\/\/chemuza.org\/it\/wp-json\/wp\/v2\/pages\/1442\/revisions"}],"wp:attachment":[{"href":"https:\/\/chemuza.org\/it\/wp-json\/wp\/v2\/media?parent=1442"}],"curies":[{"name":"wp","href":"https:\/\/api.w.org\/{rel}","templated":true}]}}