{"id":1441,"date":"2023-07-15T05:18:09","date_gmt":"2023-07-15T05:18:09","guid":{"rendered":"https:\/\/chemuza.org\/it\/idrogeno\/"},"modified":"2023-07-15T05:18:09","modified_gmt":"2023-07-15T05:18:09","slug":"idrogeno","status":"publish","type":"page","link":"https:\/\/chemuza.org\/it\/idrogeno\/","title":{"rendered":"Idrogeno"},"content":{"rendered":"<p>L&#8217;idrogeno occupa il primo posto tra gli elementi della tavola periodica e lo localizzi facilmente nell&#8217;angolo in alto a sinistra. D&#8217;altra parte, non contiene caratteristiche o propriet\u00e0 che lo classificano in gruppi o serie chimiche. Fa parte della famiglia AI, anche se di solito ha il suo gruppo. Scopri di pi\u00f9 su questo elemento di seguito, quali sono le sue caratteristiche, chi lo ha scoperto, oltre ad altre informazioni.<\/p>\n<h2> <strong>Cos&#8217;\u00e8 l&#8217;idrogeno?<\/strong><\/h2>\n<p> \u00c8 l&#8217;elemento chimico pi\u00f9 conosciuto, con numero atomico 1 e massa atomica 1,00784. \u00c8 un gas leggero, inodore, incolore, infiammabile e insolubile che generalmente si presenta in forma molecolare. Inoltre, fa parte del gruppo dei non metalli. Contiene un singolo elettrone nel suo guscio superiore o di valenza.<\/p>\n<h3> <strong>Simbolo dell&#8217;idrogeno<\/strong><\/h3>\n<p> <span class=\"content-chemical-element\" style=\"float: left;width: 65px;height: 65px;border: 3px solid #666; display:flex;\n    justify-content: center;align-items: center;margin-right: 15px;\"><span style=\"font-size: 38px;\">H<\/span><\/span> Il nome deriva dalla combinazione delle due parole greche <em>Hydros<\/em> , che significa acqua, e <em>Genos<\/em> , nascita. Da questa unione risulta l&#8217;espressione che <em>produce, genera o fa nascere l&#8217;acqua<\/em> . A quanto pare, questa \u00e8 una frase che menziona il suo contributo alla molecola H\u2082O.<\/p>\n<h2> <strong>Caratteristiche dell&#8217;idrogeno<\/strong><\/h2>\n<p> Questo gas produce un circuito di energia rinnovabile innocuo per l\u2019ambiente. Inoltre, la sua densit\u00e0 \u00e8 14 volte inferiore a quella dell&#8217;aria. Allo stesso modo, a temperature ordinarie contiene poca reattivit\u00e0, ma ad un livello termico elevato \u00e8 generalmente molto reattivo. Scopri altri immobili qui sotto:<\/p>\n<ul>\n<li> <strong>Allotropico<\/strong> : presenta due tipi di allotropi, idrogeno molecolare o H <sub>2<\/sub> e metallo.<\/li>\n<li> <strong>Malleabile<\/strong> : mostra fragilit\u00e0 pur mancando di duttilit\u00e0, forza e lucentezza, quindi non pu\u00f2 essere appiattito nella creazione o allungato in fili.<\/li>\n<li> <strong>Magnetismo<\/strong> : L&#8217;atomo di idrogeno \u00e8 diamagnetico.<\/li>\n<li> <strong>Durezza<\/strong> : non contiene dati sulla durezza minerale sulla scala Bohs.<\/li>\n<li> <strong>Colore<\/strong> : questo non metallo \u00e8 incolore.<\/li>\n<li> <strong>Stato<\/strong> : Il suo stato ordinario o naturale \u00e8 gassoso, sebbene possa trasformarsi in solido e liquido.<\/li>\n<li> <strong>Sapore e odore<\/strong> : Ha un sapore insapore e non ha odore.<\/li>\n<li> <strong>Solubilit\u00e0<\/strong> : \u00e8 insolubile in acqua, ma pu\u00f2 dissolversi nei metalli di transizione, amorfi e cristallini.<\/li>\n<li> <strong>Infiammabilit\u00e0<\/strong> : Reagisce spontaneamente con elementi ossidanti, cloro, ossigeno, fluoro e generalmente si integra in composti combustibili come gli idrocarburi.<\/li>\n<li> <strong>Sostenibilit\u00e0 ambientale<\/strong> : Non produce emissioni nocive, piogge acide e non riduce lo strato di ozono.<\/li>\n<\/ul>\n<h2> <strong>Propriet\u00e0 chimiche e fisiche dell&#8217;idrogeno<\/strong><\/h2>\n<ol>\n<li> <strong>Numero atomico<\/strong> : 1<\/li>\n<li> <strong>Gruppo<\/strong> : 1<\/li>\n<li> <strong>Periodo<\/strong> : 1<\/li>\n<li> <strong>Blocco<\/strong> : s<\/li>\n<li> <strong>Peso atomico<\/strong> : 1.00784<\/li>\n<li> <strong>Densit\u00e0<\/strong> : 0,0899 kg\/m\u00b3<\/li>\n<li> <strong>Stato<\/strong> : Gas<\/li>\n<li> <strong>Ossido<\/strong> : anfotero<\/li>\n<li> <strong>Stati di ossidazione<\/strong> : -1, 1, 0<\/li>\n<li> <strong>Punto di fusione<\/strong> : -259\u00b0C<\/li>\n<li> <strong>Punto di ebollizione<\/strong> : -253\u00b0C<\/li>\n<li> <strong>Elettronegativit\u00e0<\/strong> : 2.2<\/li>\n<li> <strong>Raggio medio<\/strong> : 25h<\/li>\n<li> <strong>Raggio covalente<\/strong> : 37h<\/li>\n<li> <strong>Raggio atomico<\/strong> : 53 ore<\/li>\n<li> <strong>Elettroni per guscio<\/strong> : 1<\/li>\n<li> <strong>Configurazione elettronica<\/strong> : 1s <sup>1<\/sup><\/li>\n<li> <strong>Calore specifico<\/strong> : 1.4304-10 <sup>4<\/sup> J\/(K-kg)<\/li>\n<\/ol>\n<h2> <strong>Origine dell&#8217;idrogeno<\/strong><\/h2>\n<p> L&#8217;idrogeno molecolare o <sub>H2<\/sub> fu descritto per la prima volta dall&#8217;alchimista T. Von Hohenheim, noto anche come Paracelso, mescolando artificialmente metalli con acidi forti. Successivamente, Robert Boyle descrisse le reazioni formate tra acidi diluiti e depositi di ferro nel 1671. Questo alla fine produsse gas idrogeno.<\/p>\n<p> Tuttavia, colui che scopr\u00ec l&#8217;idrogeno nella sua forma pura fu il fisico Henry Cavendish nel 1766. Inoltre, lo riconobbe come una sostanza discreta. Il suo esperimento consisteva nel mettere dell&#8217;acido su alcuni metalli, poi osserv\u00f2 che veniva rilasciato un gas sconosciuto e infiammabile. Successivamente, Antoine Lavoisier diede il nome all&#8217;elemento.<\/p>\n<h2> <strong>A cosa serve l&#8217;idrogeno?<\/strong><\/h2>\n<p> La funzione dell&#8217;idrogeno \u00e8 quella di contribuire alla chimica applicata ai fertilizzanti, agli idrocarburi e ai carburanti spaziali. Anche con la fisica durante la produzione di energia elettrica, il campo farmacologico e i trasporti. Altri usi dell&#8217;idrogeno sono:<\/p>\n<ul>\n<li> Trattare con i combustibili fossili.<\/li>\n<li> Produci metanolo e converti grassi e oli insaturi e malsani in grassi saturi come agente idrogenante.<\/li>\n<li> Prepara l&#8217;ammoniaca per i prodotti per la pulizia della casa.<\/li>\n<li> Calibrare i termometri con il loro punto triplo.<\/li>\n<li> Crea bombe all&#8217;idrogeno ed emetti radiazioni in dipinti luminosi con l&#8217;isotopo radioattivo trizio.<\/li>\n<li> Agire come refrigerante nei generatori elettrici.<\/li>\n<li> Agisce come gas protettivo durante la saldatura dell&#8217;idrogeno atomico.<\/li>\n<li> Riduce i minerali metallici.<\/li>\n<\/ul>\n<h2> Maggiori informazioni sull&#8217;idrogeno<\/h2>\n<h2> <strong>Dove si trova l&#8217;idrogeno?<\/strong><\/h2>\n<p> \u00c8 l&#8217;elemento principale pi\u00f9 abbondante nell&#8217;universo, poich\u00e9 il 70% della materia \u00e8 composta da questo gas. Inoltre, si trova generalmente come elemento puro nelle giovani stelle e nell&#8217;atmosfera dei pianeti gassosi. Anche sotto forma di tracce provenienti dalla superficie terrestre e di molti composti organici e inorganici presenti nell&#8217;ambiente.<\/p>\n<h2> <strong>Isotopi dell&#8217;idrogeno<\/strong><\/h2>\n<p> Contiene tre varianti atomiche, cio\u00e8 isotopi dal peso pi\u00f9 basso a quello pi\u00f9 alto: la prima si chiama Protium, una versione comune dell&#8217;elemento, che contiene un protone e una carica elettrica positiva. Il secondo \u00e8 noto come Deuterio e comprende nel suo nucleo un neutrone attaccato al protone. Infine il Tririo, accanto al protone due neutroni.<\/p>\n<p> In sintesi, l&#8217;idrogeno \u00e8 l&#8217;elemento chimico pi\u00f9 abbondante nell&#8217;universo, si trova allo stato gassoso e si trova al primo posto nella tavola periodica. \u00c8 descritto come un elemento inodore, incolore, insapore e insolubile. Inoltre reagisce con gli elementi ossidanti, pu\u00f2 essere reattivo ed \u00e8 pi\u00f9 leggero dell&#8217;aria.<\/p>\n","protected":false},"excerpt":{"rendered":"<p>L&#8217;idrogeno occupa il primo posto tra gli elementi della tavola periodica e lo localizzi facilmente nell&#8217;angolo in alto a sinistra. D&#8217;altra parte, non contiene caratteristiche o propriet\u00e0 che lo classificano in gruppi o serie chimiche. Fa parte della famiglia AI, anche se di solito ha il suo gruppo. Scopri di pi\u00f9 su questo elemento di &#8230; <a title=\"Idrogeno\" class=\"read-more\" href=\"https:\/\/chemuza.org\/it\/idrogeno\/\" aria-label=\"More on Idrogeno\">Per saperne di pi\u00f9<\/a><\/p>\n","protected":false},"author":1,"featured_media":0,"parent":0,"menu_order":0,"comment_status":"closed","ping_status":"closed","template":"","meta":{"footnotes":""},"yoast_head":"<!-- This site is optimized with the Yoast SEO plugin v21.4 - https:\/\/yoast.com\/wordpress\/plugins\/seo\/ -->\n<title>Idrogeno - Chemuza<\/title>\n<meta name=\"robots\" content=\"index, follow, max-snippet:-1, max-image-preview:large, max-video-preview:-1\" \/>\n<link rel=\"canonical\" href=\"https:\/\/chemuza.org\/it\/idrogeno\/\" \/>\n<meta property=\"og:locale\" content=\"it_IT\" \/>\n<meta property=\"og:type\" content=\"article\" \/>\n<meta property=\"og:title\" content=\"Idrogeno - Chemuza\" \/>\n<meta property=\"og:description\" content=\"L&#8217;idrogeno occupa il primo posto tra gli elementi della tavola periodica e lo localizzi facilmente nell&#8217;angolo in alto a sinistra. D&#8217;altra parte, non contiene caratteristiche o propriet\u00e0 che lo classificano in gruppi o serie chimiche. Fa parte della famiglia AI, anche se di solito ha il suo gruppo. Scopri di pi\u00f9 su questo elemento di ... Per saperne di pi\u00f9\" \/>\n<meta property=\"og:url\" content=\"https:\/\/chemuza.org\/it\/idrogeno\/\" \/>\n<meta property=\"og:site_name\" content=\"Chemuza\" \/>\n<meta name=\"twitter:card\" content=\"summary_large_image\" \/>\n<meta name=\"twitter:label1\" content=\"Tempo di lettura stimato\" \/>\n\t<meta name=\"twitter:data1\" content=\"4 minuti\" \/>\n<script type=\"application\/ld+json\" class=\"yoast-schema-graph\">{\"@context\":\"https:\/\/schema.org\",\"@graph\":[{\"@type\":\"WebPage\",\"@id\":\"https:\/\/chemuza.org\/it\/idrogeno\/\",\"url\":\"https:\/\/chemuza.org\/it\/idrogeno\/\",\"name\":\"Idrogeno - Chemuza\",\"isPartOf\":{\"@id\":\"https:\/\/chemuza.org\/it\/#website\"},\"datePublished\":\"2023-07-15T05:18:09+00:00\",\"dateModified\":\"2023-07-15T05:18:09+00:00\",\"breadcrumb\":{\"@id\":\"https:\/\/chemuza.org\/it\/idrogeno\/#breadcrumb\"},\"inLanguage\":\"it-IT\",\"potentialAction\":[{\"@type\":\"ReadAction\",\"target\":[\"https:\/\/chemuza.org\/it\/idrogeno\/\"]}]},{\"@type\":\"BreadcrumbList\",\"@id\":\"https:\/\/chemuza.org\/it\/idrogeno\/#breadcrumb\",\"itemListElement\":[{\"@type\":\"ListItem\",\"position\":1,\"name\":\"Casa\",\"item\":\"https:\/\/chemuza.org\/it\/\"},{\"@type\":\"ListItem\",\"position\":2,\"name\":\"Idrogeno\"}]},{\"@type\":\"WebSite\",\"@id\":\"https:\/\/chemuza.org\/it\/#website\",\"url\":\"https:\/\/chemuza.org\/it\/\",\"name\":\"Chemuza\",\"description\":\"La tua porta d&#039;accesso alla scoperta chimica!\",\"publisher\":{\"@id\":\"https:\/\/chemuza.org\/it\/#organization\"},\"potentialAction\":[{\"@type\":\"SearchAction\",\"target\":{\"@type\":\"EntryPoint\",\"urlTemplate\":\"https:\/\/chemuza.org\/it\/?s={search_term_string}\"},\"query-input\":\"required name=search_term_string\"}],\"inLanguage\":\"it-IT\"},{\"@type\":\"Organization\",\"@id\":\"https:\/\/chemuza.org\/it\/#organization\",\"name\":\"Chemuza\",\"url\":\"https:\/\/chemuza.org\/it\/\",\"logo\":{\"@type\":\"ImageObject\",\"inLanguage\":\"it-IT\",\"@id\":\"https:\/\/chemuza.org\/it\/#\/schema\/logo\/image\/\",\"url\":\"https:\/\/chemuza.org\/it\/wp-content\/uploads\/2023\/10\/chemuza-logo.png\",\"contentUrl\":\"https:\/\/chemuza.org\/it\/wp-content\/uploads\/2023\/10\/chemuza-logo.png\",\"width\":387,\"height\":70,\"caption\":\"Chemuza\"},\"image\":{\"@id\":\"https:\/\/chemuza.org\/it\/#\/schema\/logo\/image\/\"}}]}<\/script>\n<!-- \/ Yoast SEO plugin. -->","yoast_head_json":{"title":"Idrogeno - Chemuza","robots":{"index":"index","follow":"follow","max-snippet":"max-snippet:-1","max-image-preview":"max-image-preview:large","max-video-preview":"max-video-preview:-1"},"canonical":"https:\/\/chemuza.org\/it\/idrogeno\/","og_locale":"it_IT","og_type":"article","og_title":"Idrogeno - Chemuza","og_description":"L&#8217;idrogeno occupa il primo posto tra gli elementi della tavola periodica e lo localizzi facilmente nell&#8217;angolo in alto a sinistra. D&#8217;altra parte, non contiene caratteristiche o propriet\u00e0 che lo classificano in gruppi o serie chimiche. Fa parte della famiglia AI, anche se di solito ha il suo gruppo. Scopri di pi\u00f9 su questo elemento di ... Per saperne di pi\u00f9","og_url":"https:\/\/chemuza.org\/it\/idrogeno\/","og_site_name":"Chemuza","twitter_card":"summary_large_image","twitter_misc":{"Tempo di lettura stimato":"4 minuti"},"schema":{"@context":"https:\/\/schema.org","@graph":[{"@type":"WebPage","@id":"https:\/\/chemuza.org\/it\/idrogeno\/","url":"https:\/\/chemuza.org\/it\/idrogeno\/","name":"Idrogeno - Chemuza","isPartOf":{"@id":"https:\/\/chemuza.org\/it\/#website"},"datePublished":"2023-07-15T05:18:09+00:00","dateModified":"2023-07-15T05:18:09+00:00","breadcrumb":{"@id":"https:\/\/chemuza.org\/it\/idrogeno\/#breadcrumb"},"inLanguage":"it-IT","potentialAction":[{"@type":"ReadAction","target":["https:\/\/chemuza.org\/it\/idrogeno\/"]}]},{"@type":"BreadcrumbList","@id":"https:\/\/chemuza.org\/it\/idrogeno\/#breadcrumb","itemListElement":[{"@type":"ListItem","position":1,"name":"Casa","item":"https:\/\/chemuza.org\/it\/"},{"@type":"ListItem","position":2,"name":"Idrogeno"}]},{"@type":"WebSite","@id":"https:\/\/chemuza.org\/it\/#website","url":"https:\/\/chemuza.org\/it\/","name":"Chemuza","description":"La tua porta d&#039;accesso alla scoperta chimica!","publisher":{"@id":"https:\/\/chemuza.org\/it\/#organization"},"potentialAction":[{"@type":"SearchAction","target":{"@type":"EntryPoint","urlTemplate":"https:\/\/chemuza.org\/it\/?s={search_term_string}"},"query-input":"required name=search_term_string"}],"inLanguage":"it-IT"},{"@type":"Organization","@id":"https:\/\/chemuza.org\/it\/#organization","name":"Chemuza","url":"https:\/\/chemuza.org\/it\/","logo":{"@type":"ImageObject","inLanguage":"it-IT","@id":"https:\/\/chemuza.org\/it\/#\/schema\/logo\/image\/","url":"https:\/\/chemuza.org\/it\/wp-content\/uploads\/2023\/10\/chemuza-logo.png","contentUrl":"https:\/\/chemuza.org\/it\/wp-content\/uploads\/2023\/10\/chemuza-logo.png","width":387,"height":70,"caption":"Chemuza"},"image":{"@id":"https:\/\/chemuza.org\/it\/#\/schema\/logo\/image\/"}}]}},"yoast_meta":{"yoast_wpseo_title":"","yoast_wpseo_metadesc":"","yoast_wpseo_canonical":""},"_links":{"self":[{"href":"https:\/\/chemuza.org\/it\/wp-json\/wp\/v2\/pages\/1441"}],"collection":[{"href":"https:\/\/chemuza.org\/it\/wp-json\/wp\/v2\/pages"}],"about":[{"href":"https:\/\/chemuza.org\/it\/wp-json\/wp\/v2\/types\/page"}],"author":[{"embeddable":true,"href":"https:\/\/chemuza.org\/it\/wp-json\/wp\/v2\/users\/1"}],"replies":[{"embeddable":true,"href":"https:\/\/chemuza.org\/it\/wp-json\/wp\/v2\/comments?post=1441"}],"version-history":[{"count":0,"href":"https:\/\/chemuza.org\/it\/wp-json\/wp\/v2\/pages\/1441\/revisions"}],"wp:attachment":[{"href":"https:\/\/chemuza.org\/it\/wp-json\/wp\/v2\/media?parent=1441"}],"curies":[{"name":"wp","href":"https:\/\/api.w.org\/{rel}","templated":true}]}}