{"id":1439,"date":"2023-07-15T06:33:10","date_gmt":"2023-07-15T06:33:10","guid":{"rendered":"https:\/\/chemuza.org\/it\/alluminio\/"},"modified":"2023-07-15T06:33:10","modified_gmt":"2023-07-15T06:33:10","slug":"alluminio","status":"publish","type":"page","link":"https:\/\/chemuza.org\/it\/alluminio\/","title":{"rendered":"Alluminio"},"content":{"rendered":"<p>L\u2019alluminio \u00e8 uno dei metalli pi\u00f9 abbondanti sulla terra dopo l\u2019ossigeno e il silicio. Rappresenta poco pi\u00f9 dell&#8217;8% della massa totale della crosta terrestre ed \u00e8 presente nella maggior parte delle rocce e nel corpo umano. Tuttavia, a causa della sua elevata attivit\u00e0 chimica, non si trova in natura allo stato puro. Scopri le sue caratteristiche, propriet\u00e0 e utilizzi.<\/p>\n<h2> <strong>Cos&#8217;\u00e8 l&#8217;alluminio?<\/strong><\/h2>\n<p> \u00c8 un elemento chimico metallico della tavola periodica, il suo stato naturale \u00e8 raggiunto in molti silicati come miche, feldspati e plagioclasio. Si estrae dalla bauxite mediante trasformazione prima in allumina e poi mediante elettrolisi in alluminio metallico.<\/p>\n<h3> <strong>Simbolo dell&#8217;alluminio<\/strong><\/h3>\n<p> <span class=\"content-chemical-element\" style=\"float: left;width: 65px;height: 65px;border: 3px solid #666; display:flex;\n    justify-content: center;align-items: center;margin-right: 15px;\"><span style=\"font-size: 38px;\">Al<\/span><\/span> Simbolo che deriva dal latino alumen e significa allume, mettendolo in relazione ad un doppio solfato utilizzato nei coloranti e negli astringenti.<\/p>\n<h2> <strong>Caratteristiche dell&#8217;alluminio<\/strong><\/h2>\n<p> \u00c8 un metallo che, sia a temperatura ambiente che sotto zero, resiste alle alterazioni fisiche, come colpi, perforazioni o tagli. Tuttavia, quando si presenta sotto forma di leghe come il duralluminio, la sua resistenza aumenta, in modo simile al titanio o all&#8217;acciaio, ma un po&#8217; pi\u00f9 leggera. Inoltre, ha altre funzionalit\u00e0:<\/p>\n<ul>\n<li> <strong>Colore:<\/strong> Bianco argenteo e brillante.<\/li>\n<li> <strong>Riutilizzo:<\/strong> le sue leghe hanno la capacit\u00e0 di essere fuse ripetutamente senza perdere alcuna caratteristica meccanica.<\/li>\n<li> <strong>Leggerezza:<\/strong> Rispetto al ferro \u00e8 tre volte pi\u00f9 leggero, pesa 2,7 grammi\/cm\u00b3.<\/li>\n<li> <strong>Conduttivit\u00e0:<\/strong> \u00e8 in grado di trasmettere elettricit\u00e0.<\/li>\n<li> <strong>Elasticit\u00e0:<\/strong> Ha una duttilit\u00e0 intermedia tra il ferro e l&#8217;argento. \u00c8 deformabile, quindi \u00e8 possibile realizzare cavi e fili.<\/li>\n<li> <strong>Malleabilit\u00e0:<\/strong> consente di laminarlo in strati sottili come lattine o fogli di alluminio.<\/li>\n<li> <strong>Resistenza:<\/strong> Si ossida facilmente, tuttavia forma uno strato di ossido che protegge la superficie quando viene attaccata dalla corrosione.<\/li>\n<li> <strong>Non combustibile:<\/strong> non brucia e non produce sostanze tossiche.<\/li>\n<\/ul>\n<h2> <strong>Propriet\u00e0 chimiche e fisiche dell&#8217;alluminio<\/strong><\/h2>\n<ol>\n<li> <strong>Numero atomico:<\/strong> 13<\/li>\n<li> <strong>Valenza:<\/strong> 3<\/li>\n<li> <strong>Punto di ebollizione (\u00b0C):<\/strong> 2467<\/li>\n<li> <strong>Punto di fusione (\u00b0C):<\/strong> 660<\/li>\n<li> <strong>Elettronegativit\u00e0:<\/strong> 1,5<\/li>\n<li> <strong>Raggio covalente (A):<\/strong> 0,50 (+3)<\/li>\n<li> <strong>Raggio ionico (A):<\/strong> 0,535 A<\/li>\n<li> <strong>Raggio atomico (A):<\/strong> 1,43<\/li>\n<li> <strong>Elettroni:<\/strong> 13 senza carica<\/li>\n<li> <strong>Protoni:<\/strong> 13<\/li>\n<li> <strong>Volume atomico:<\/strong> 10 cm\u00b3\/mol<\/li>\n<li> <strong>Stato di ossidazione:<\/strong> 3<\/li>\n<li> <strong>Massa atomica:<\/strong> 26,9815<\/li>\n<li> <strong>Densit\u00e0:<\/strong> 2,70<\/li>\n<li> <strong>Riflettivit\u00e0 ottica:<\/strong> 71%<\/li>\n<li> <strong>Configurazione elettronica:<\/strong> [Ne] 3s23p <sup>1<\/sup><\/li>\n<li> <strong>Potenziale di prima ionizzazione<\/strong> (eV): 6,00<\/li>\n<li> <strong>Conduttivit\u00e0 termica:<\/strong> 2,37 w\/cmk<\/li>\n<li> <strong>Conduttivit\u00e0 elettrica:<\/strong> 0,377 10 <sup>6<\/sup> \/cm<\/li>\n<\/ol>\n<h2> <strong>Origine dell&#8217;alluminio<\/strong><\/h2>\n<p> Fu scoperto dal chimico tedesco Friedrich Wohler nel 1827, che lo estrasse sotto forma di polvere facendo reagire alluminio e cloruro di potassio. Poi, nel 1845, egli stesso determin\u00f2 le propriet\u00e0 del metallo scoperto, come leggerezza, densit\u00e0, e le separ\u00f2 in sfere.<\/p>\n<h2> <strong>A cosa serve l&#8217;alluminio?<\/strong><\/h2>\n<p> Le sue propriet\u00e0 ottiche vengono utilizzate nella produzione di specchi domestici e industriali, come i telescopi riflettori. Viene utilizzato anche per produrre fogli di alluminio, cosmetici, medicinali, cibi pronti, tabacco, caff\u00e8 e vaccini.<\/p>\n<p> Allo stesso modo, viene utilizzato per realizzare lattine e contenitori Tetra Briks, realizzati in polietilene, cartone e alluminio. Grazie alle leghe metalliche, viene utilizzato nella fabbricazione di caldaie e veicoli, nonch\u00e9 di strutture architettoniche. Si trova anche in alcuni strumenti domestici come gli utensili da cucina.<\/p>\n<p> Grazie alle sue buone prestazioni alle basse temperature, lo usano per realizzare contenitori criogenici. Allo stesso modo, viene utilizzato nella saldatura alluminotermica nonch\u00e9 come combustibile esplosivo e chimico, grazie alla sua elevata reattivit\u00e0. L&#8217;ossido di alluminio viene utilizzato in forma cristallina o amorfa e si pu\u00f2 ottenere il corindone, una pietra preziosa rossa o blu chiamata in seguito rubino o zaffiro.<\/p>\n<h2> <strong>Come riciclare l&#8217;alluminio?<\/strong><\/h2>\n<p> Il riciclaggio di questo metallo consiste in un processo in cui tutti i rifiuti vengono trasformati in altri prodotti. Per raggiungere questo obiettivo, il metallo viene rifuso, il che \u00e8 pi\u00f9 economico e consuma meno energia, a differenza della produzione dell&#8217;alluminio mediante elettrolisi dell&#8217;allumina. I passaggi per riciclarlo sono:<\/p>\n<ul>\n<li> Raccogli il metallo.<\/li>\n<li> Trasferirlo all&#8217;impianto di riciclaggio<\/li>\n<li> Separazione e pulizia.<\/li>\n<li> I blocchi vengono creati frantumando il materiale.<\/li>\n<li> Nuovi fogli di materiale vengono fusi per l&#8217;uso.<\/li>\n<\/ul>\n<h2> <strong>Malattie causate dall&#8217;alluminio<\/strong><\/h2>\n<p> Si ritiene che possa causare gravi danni alla salute se usato ad alti livelli. Tuttavia, non \u00e8 chiaro a quale livello ci\u00f2 potrebbe causare danni. Ci\u00f2 \u00e8 stato collegato ad alcune malattie come il morbo di Alzheimer, tumori maligni, allergie alimentari e malattie renali.<\/p>\n<p> In conclusione, l\u2019alluminio \u00e8 il metallo pi\u00f9 disponibile sulla terra e viene utilizzato dopo l\u2019acciaio. Per le sue caratteristiche, viene utilizzato per molteplici scopi come trasporti, medicina, edilizia, satelliti, imballaggi, tra gli altri.<\/p>\n<h2> Maggiori informazioni sull&#8217;alluminio<\/h2>\n","protected":false},"excerpt":{"rendered":"<p>L\u2019alluminio \u00e8 uno dei metalli pi\u00f9 abbondanti sulla terra dopo l\u2019ossigeno e il silicio. Rappresenta poco pi\u00f9 dell&#8217;8% della massa totale della crosta terrestre ed \u00e8 presente nella maggior parte delle rocce e nel corpo umano. Tuttavia, a causa della sua elevata attivit\u00e0 chimica, non si trova in natura allo stato puro. Scopri le sue &#8230; <a title=\"Alluminio\" class=\"read-more\" href=\"https:\/\/chemuza.org\/it\/alluminio\/\" aria-label=\"More on Alluminio\">Per saperne di pi\u00f9<\/a><\/p>\n","protected":false},"author":1,"featured_media":0,"parent":0,"menu_order":0,"comment_status":"closed","ping_status":"closed","template":"","meta":{"footnotes":""},"yoast_head":"<!-- This site is optimized with the Yoast SEO plugin v21.4 - https:\/\/yoast.com\/wordpress\/plugins\/seo\/ -->\n<title>Alluminio - Chemuza<\/title>\n<meta name=\"robots\" content=\"index, follow, max-snippet:-1, max-image-preview:large, max-video-preview:-1\" \/>\n<link rel=\"canonical\" href=\"https:\/\/chemuza.org\/it\/alluminio\/\" \/>\n<meta property=\"og:locale\" content=\"it_IT\" \/>\n<meta property=\"og:type\" content=\"article\" \/>\n<meta property=\"og:title\" content=\"Alluminio - Chemuza\" \/>\n<meta property=\"og:description\" content=\"L\u2019alluminio \u00e8 uno dei metalli pi\u00f9 abbondanti sulla terra dopo l\u2019ossigeno e il silicio. Rappresenta poco pi\u00f9 dell&#8217;8% della massa totale della crosta terrestre ed \u00e8 presente nella maggior parte delle rocce e nel corpo umano. Tuttavia, a causa della sua elevata attivit\u00e0 chimica, non si trova in natura allo stato puro. Scopri le sue ... Per saperne di pi\u00f9\" \/>\n<meta property=\"og:url\" content=\"https:\/\/chemuza.org\/it\/alluminio\/\" \/>\n<meta property=\"og:site_name\" content=\"Chemuza\" \/>\n<meta name=\"twitter:card\" content=\"summary_large_image\" \/>\n<meta name=\"twitter:label1\" content=\"Tempo di lettura stimato\" \/>\n\t<meta name=\"twitter:data1\" content=\"3 minuti\" \/>\n<script type=\"application\/ld+json\" class=\"yoast-schema-graph\">{\"@context\":\"https:\/\/schema.org\",\"@graph\":[{\"@type\":\"WebPage\",\"@id\":\"https:\/\/chemuza.org\/it\/alluminio\/\",\"url\":\"https:\/\/chemuza.org\/it\/alluminio\/\",\"name\":\"Alluminio - Chemuza\",\"isPartOf\":{\"@id\":\"https:\/\/chemuza.org\/it\/#website\"},\"datePublished\":\"2023-07-15T06:33:10+00:00\",\"dateModified\":\"2023-07-15T06:33:10+00:00\",\"breadcrumb\":{\"@id\":\"https:\/\/chemuza.org\/it\/alluminio\/#breadcrumb\"},\"inLanguage\":\"it-IT\",\"potentialAction\":[{\"@type\":\"ReadAction\",\"target\":[\"https:\/\/chemuza.org\/it\/alluminio\/\"]}]},{\"@type\":\"BreadcrumbList\",\"@id\":\"https:\/\/chemuza.org\/it\/alluminio\/#breadcrumb\",\"itemListElement\":[{\"@type\":\"ListItem\",\"position\":1,\"name\":\"Casa\",\"item\":\"https:\/\/chemuza.org\/it\/\"},{\"@type\":\"ListItem\",\"position\":2,\"name\":\"Alluminio\"}]},{\"@type\":\"WebSite\",\"@id\":\"https:\/\/chemuza.org\/it\/#website\",\"url\":\"https:\/\/chemuza.org\/it\/\",\"name\":\"Chemuza\",\"description\":\"La tua porta d&#039;accesso alla scoperta chimica!\",\"publisher\":{\"@id\":\"https:\/\/chemuza.org\/it\/#organization\"},\"potentialAction\":[{\"@type\":\"SearchAction\",\"target\":{\"@type\":\"EntryPoint\",\"urlTemplate\":\"https:\/\/chemuza.org\/it\/?s={search_term_string}\"},\"query-input\":\"required name=search_term_string\"}],\"inLanguage\":\"it-IT\"},{\"@type\":\"Organization\",\"@id\":\"https:\/\/chemuza.org\/it\/#organization\",\"name\":\"Chemuza\",\"url\":\"https:\/\/chemuza.org\/it\/\",\"logo\":{\"@type\":\"ImageObject\",\"inLanguage\":\"it-IT\",\"@id\":\"https:\/\/chemuza.org\/it\/#\/schema\/logo\/image\/\",\"url\":\"https:\/\/chemuza.org\/it\/wp-content\/uploads\/2023\/10\/chemuza-logo.png\",\"contentUrl\":\"https:\/\/chemuza.org\/it\/wp-content\/uploads\/2023\/10\/chemuza-logo.png\",\"width\":387,\"height\":70,\"caption\":\"Chemuza\"},\"image\":{\"@id\":\"https:\/\/chemuza.org\/it\/#\/schema\/logo\/image\/\"}}]}<\/script>\n<!-- \/ Yoast SEO plugin. -->","yoast_head_json":{"title":"Alluminio - Chemuza","robots":{"index":"index","follow":"follow","max-snippet":"max-snippet:-1","max-image-preview":"max-image-preview:large","max-video-preview":"max-video-preview:-1"},"canonical":"https:\/\/chemuza.org\/it\/alluminio\/","og_locale":"it_IT","og_type":"article","og_title":"Alluminio - Chemuza","og_description":"L\u2019alluminio \u00e8 uno dei metalli pi\u00f9 abbondanti sulla terra dopo l\u2019ossigeno e il silicio. Rappresenta poco pi\u00f9 dell&#8217;8% della massa totale della crosta terrestre ed \u00e8 presente nella maggior parte delle rocce e nel corpo umano. Tuttavia, a causa della sua elevata attivit\u00e0 chimica, non si trova in natura allo stato puro. Scopri le sue ... Per saperne di pi\u00f9","og_url":"https:\/\/chemuza.org\/it\/alluminio\/","og_site_name":"Chemuza","twitter_card":"summary_large_image","twitter_misc":{"Tempo di lettura stimato":"3 minuti"},"schema":{"@context":"https:\/\/schema.org","@graph":[{"@type":"WebPage","@id":"https:\/\/chemuza.org\/it\/alluminio\/","url":"https:\/\/chemuza.org\/it\/alluminio\/","name":"Alluminio - Chemuza","isPartOf":{"@id":"https:\/\/chemuza.org\/it\/#website"},"datePublished":"2023-07-15T06:33:10+00:00","dateModified":"2023-07-15T06:33:10+00:00","breadcrumb":{"@id":"https:\/\/chemuza.org\/it\/alluminio\/#breadcrumb"},"inLanguage":"it-IT","potentialAction":[{"@type":"ReadAction","target":["https:\/\/chemuza.org\/it\/alluminio\/"]}]},{"@type":"BreadcrumbList","@id":"https:\/\/chemuza.org\/it\/alluminio\/#breadcrumb","itemListElement":[{"@type":"ListItem","position":1,"name":"Casa","item":"https:\/\/chemuza.org\/it\/"},{"@type":"ListItem","position":2,"name":"Alluminio"}]},{"@type":"WebSite","@id":"https:\/\/chemuza.org\/it\/#website","url":"https:\/\/chemuza.org\/it\/","name":"Chemuza","description":"La tua porta d&#039;accesso alla scoperta chimica!","publisher":{"@id":"https:\/\/chemuza.org\/it\/#organization"},"potentialAction":[{"@type":"SearchAction","target":{"@type":"EntryPoint","urlTemplate":"https:\/\/chemuza.org\/it\/?s={search_term_string}"},"query-input":"required name=search_term_string"}],"inLanguage":"it-IT"},{"@type":"Organization","@id":"https:\/\/chemuza.org\/it\/#organization","name":"Chemuza","url":"https:\/\/chemuza.org\/it\/","logo":{"@type":"ImageObject","inLanguage":"it-IT","@id":"https:\/\/chemuza.org\/it\/#\/schema\/logo\/image\/","url":"https:\/\/chemuza.org\/it\/wp-content\/uploads\/2023\/10\/chemuza-logo.png","contentUrl":"https:\/\/chemuza.org\/it\/wp-content\/uploads\/2023\/10\/chemuza-logo.png","width":387,"height":70,"caption":"Chemuza"},"image":{"@id":"https:\/\/chemuza.org\/it\/#\/schema\/logo\/image\/"}}]}},"yoast_meta":{"yoast_wpseo_title":"","yoast_wpseo_metadesc":"","yoast_wpseo_canonical":""},"_links":{"self":[{"href":"https:\/\/chemuza.org\/it\/wp-json\/wp\/v2\/pages\/1439"}],"collection":[{"href":"https:\/\/chemuza.org\/it\/wp-json\/wp\/v2\/pages"}],"about":[{"href":"https:\/\/chemuza.org\/it\/wp-json\/wp\/v2\/types\/page"}],"author":[{"embeddable":true,"href":"https:\/\/chemuza.org\/it\/wp-json\/wp\/v2\/users\/1"}],"replies":[{"embeddable":true,"href":"https:\/\/chemuza.org\/it\/wp-json\/wp\/v2\/comments?post=1439"}],"version-history":[{"count":0,"href":"https:\/\/chemuza.org\/it\/wp-json\/wp\/v2\/pages\/1439\/revisions"}],"wp:attachment":[{"href":"https:\/\/chemuza.org\/it\/wp-json\/wp\/v2\/media?parent=1439"}],"curies":[{"name":"wp","href":"https:\/\/api.w.org\/{rel}","templated":true}]}}