{"id":1438,"date":"2023-07-15T07:56:51","date_gmt":"2023-07-15T07:56:51","guid":{"rendered":"https:\/\/chemuza.org\/it\/magnesio\/"},"modified":"2023-07-15T07:56:51","modified_gmt":"2023-07-15T07:56:51","slug":"magnesio","status":"publish","type":"page","link":"https:\/\/chemuza.org\/it\/magnesio\/","title":{"rendered":"Magnesio"},"content":{"rendered":"<p>Sapevi che il magnesio viene utilizzato per realizzare i famosi fuochi d&#8217;artificio che generano scintille, fiamme e fumo? Ci\u00f2 \u00e8 possibile grazie alle sue propriet\u00e0 fisico-chimiche. Inoltre, pu\u00f2 essere molto utile nei settori medico, industriale ed edile. Scopri di pi\u00f9 su questo elemento fondamentale.<\/p>\n<h2> <strong>Cos&#8217;\u00e8 il magnesio?<\/strong><\/h2>\n<p> Si riferisce all&#8217;elemento chimico con numero atomico 12 nella tavola periodica. Fa parte del gruppo chimico o della serie dei metalli alcalino terrosi. Ha un aspetto bianco argenteo e pu\u00f2 essere insolubile, moderatamente forte, leggero e ben reattivo. D&#8217;altra parte, \u00e8 costituito da ioni molecolari essenziali per la vita e ottenuti per elettrolisi del cloruro di magnesio fuso.<\/p>\n<h3> <strong>Simbolo del magnesio<\/strong><\/h3>\n<p> <span class=\"content-chemical-element\" style=\"float: left; width: 65px; height: 65px; border: 3px solid #666; display: flex; justify-content: center; align-items: center; margin-right: 15px;\"><span style=\"font-size: 38px;\">Mg<\/span><\/span> Questa simbologia identificativa deriva dalla parola latina <em>Magnesium<\/em> , la cui definizione \u00e8 Magnesio. Prende questo nome perch\u00e9 grandi quantit\u00e0 di metallo furono trovate nella prefettura di Magnesia, una regione dell&#8217;antica Tessaglia. Tuttavia, inizialmente fu proposto il nome <em>Magnium<\/em> , anche se in seguito mantenne il nome attuale.<\/p>\n<h2> <strong>Caratteristiche del magnesio<\/strong><\/h2>\n<p> Le caratteristiche includono una valenza di 2, un&#8217;elettronegativit\u00e0 di 1,31 e una durezza minerale di 2,5 sulla scala di Mohs. Infatti la durezza dell&#8217;acqua \u00e8 dovuta alla presenza di sali di calcio e magnesio. Inoltre, \u00e8 altamente infiammabile e produce un&#8217;intensa fiamma bianca difficile da spegnere una volta accesa. Inoltre altri aspetti che lo identificano sono:<\/p>\n<ul>\n<li> <strong>Allotropia:<\/strong> questo metallo non ha strutture allotropiche.<\/li>\n<li> <strong>Malleabile<\/strong> : \u00e8 un elemento malleabile e quando riscaldato pu\u00f2 essere duttile.<\/li>\n<li> <strong>Magnetico<\/strong> : Come reagisce ai campi magnetici, presenta un sistema paramagnetico.<\/li>\n<li> <strong>Tenacia<\/strong> : bassa.<\/li>\n<li> <strong>Durezza<\/strong> : Buona resistenza al peso, agli urti e agli urti.<\/li>\n<li> <strong>Colore<\/strong> : Il suo aspetto \u00e8 bianco argenteo.<\/li>\n<li> <strong>Condizione<\/strong> : lo stato ordinario dell&#8217;elemento \u00e8 solido.<\/li>\n<li> <strong>Sapore e odore<\/strong> : Ha un sapore metallico e nessun odore.<\/li>\n<li> <strong>Solubilit\u00e0<\/strong> : \u00e8 insolubile, anche se a temperatura ambiente reagisce lentamente con l&#8217;acqua.<\/li>\n<li> <strong>Sostenibilit\u00e0 ambientale<\/strong> : \u00e8 un metallo ecologico al 100%, riciclabile e impegnato nella protezione dell&#8217;ambiente.<\/li>\n<\/ul>\n<h2> <strong>Propriet\u00e0 chimiche e fisiche del magnesio<\/strong><\/h2>\n<ol>\n<li> <strong>Numero atomico<\/strong> : 12<\/li>\n<li> <strong>Gruppo<\/strong> : 2<\/li>\n<li> <strong>Periodo<\/strong> : 3<\/li>\n<li> <strong>Blocco<\/strong> : s<\/li>\n<li> <strong>Peso atomico<\/strong> : 24.312<\/li>\n<li> <strong>Densit\u00e0<\/strong> : 1738 kg\/m\u00b3<\/li>\n<li> <strong>Condizione<\/strong> : solido<\/li>\n<li> <strong>Ruggine<\/strong> : semplice<\/li>\n<li> <strong>Stati di ossidazione<\/strong> : +2<\/li>\n<li> <strong>Punto di fusione<\/strong> : 650\u00b0C<\/li>\n<li> <strong>Punto di ebollizione<\/strong> : 1090\u00b0C<\/li>\n<li> <strong>Calore specifico<\/strong> : 1020 J\/(K-kg)<\/li>\n<li> <strong>Elettronegativit\u00e0<\/strong> : 1,31<\/li>\n<li> <strong>Raggio medio<\/strong> : 150 ore<\/li>\n<li> <strong>Raggio covalente<\/strong> : 130h<\/li>\n<li> <strong>Raggio atomico<\/strong> : 145 ore<\/li>\n<li> <strong>Elettroni per strato<\/strong> : 2, 8, 2<\/li>\n<li> <strong>Configurazione elettronica<\/strong> : [Ne]3 s\u00b2<\/li>\n<\/ol>\n<h2> <strong>Origine del magnesio<\/strong><\/h2>\n<p> Nel 1618 un contadino inglese ottenne da un pozzo un&#8217;acqua dalle propriet\u00e0 curative. La verit\u00e0 \u00e8 che contenevano solfato di magnesio idrato, noto come sali di Epsom. Successivamente, nel 1755, il medico scozzese Joseph Black lo ratific\u00f2 come elemento chimico.<\/p>\n<p> Successivamente, nel 1808, l&#8217;elemento fu isolato, cio\u00e8 prodotto per la prima volta grazie al chimico britannico Sir Humphry Davy, riconosciuto come il suo scopritore ufficiale. Successivamente, il francese Antoine Alexandre Bussy ottenne la prima forma stabile e coerente dell&#8217;elemento nel 1831.<\/p>\n<h2> <strong>A cosa serve il magnesio?<\/strong><\/h2>\n<p> Una caratteristica molto utile sono i razzi, i flash fotografici, le bombe incendiarie e i fuochi d&#8217;artificio. Inoltre, poich\u00e9 \u00e8 leggero e resistente, viene generalmente utilizzato in diversi tipi di leghe, come nella costruzione di aerei, missili e pneumatici.<\/p>\n<p> Inoltre, altre applicazioni si trovano nel suo contributo alla produzione di grafite nodulare, propellenti convenzionali, lavorazione dell&#8217;uranio puro e altri metalli. Inoltre, viene spesso utilizzato in medicina per scopi diversi, ad esempio come minerale per l&#8217;alimentazione, il peso e l&#8217;altezza.<\/p>\n<h2> <strong>Dove si trova il magnesio?<\/strong><\/h2>\n<p> Poich\u00e9 \u00e8 classificato all&#8217;ottavo posto tra gli elementi della tavola periodica, \u00e8 un agente abbondante sul pianeta e occupa il 2% della crosta terrestre. Nella terra si ottiene sotto forma di composti organici e inorganici, come magnesite, brucite, dolomite, olivina, carnallite, tra altri minerali, sebbene non si trovi allo stato puro.<\/p>\n<p> D&#8217;altro canto ci sono alimenti che lo contengono, in particolare quelli di origine vegetale. Gli esempi includono noci, semi ed erbe essiccate. A sua volta, fa parte dei nutrienti essenziali del corpo umano, poich\u00e9 contribuisce alla formazione delle ossa, degli acidi grassi, delle proteine, tra gli altri.<\/p>\n<h2> <strong>Composizione del magnesio<\/strong><\/h2>\n<p> Crea composti bivalenti come il carbonato di magnesio, utilizzato come essiccante dagli atleti. Allo stesso modo, forma idrossido di magnesio, un noto antiacido e lassativo. Anche nitrato di magnesio, sale inorganico, cloruro di magnesio, integratori alimentari e altri sotto forma di ossido, bromuro, solfato e fluoro di magnesio.<\/p>\n<p> In sintesi, il magnesio corrisponde ad un&#8217;entit\u00e0 chimica che allo stato ordinario \u00e8 solida. Fa parte del gruppo dei metalli alcalino terrosi con il numero 12 e una massa atomica di 24.312. Non mostra solubilit\u00e0 o tenacit\u00e0, ma mostra malleabilit\u00e0, elevata reattivit\u00e0 e svolge un importante ruolo nutrizionale per gli esseri umani.<\/p>\n","protected":false},"excerpt":{"rendered":"<p>Sapevi che il magnesio viene utilizzato per realizzare i famosi fuochi d&#8217;artificio che generano scintille, fiamme e fumo? Ci\u00f2 \u00e8 possibile grazie alle sue propriet\u00e0 fisico-chimiche. Inoltre, pu\u00f2 essere molto utile nei settori medico, industriale ed edile. Scopri di pi\u00f9 su questo elemento fondamentale. Cos&#8217;\u00e8 il magnesio? Si riferisce all&#8217;elemento chimico con numero atomico 12 &#8230; <a title=\"Magnesio\" class=\"read-more\" href=\"https:\/\/chemuza.org\/it\/magnesio\/\" aria-label=\"More on Magnesio\">Per saperne di pi\u00f9<\/a><\/p>\n","protected":false},"author":1,"featured_media":0,"parent":0,"menu_order":0,"comment_status":"closed","ping_status":"closed","template":"","meta":{"footnotes":""},"yoast_head":"<!-- This site is optimized with the Yoast SEO plugin v21.4 - https:\/\/yoast.com\/wordpress\/plugins\/seo\/ -->\n<title>Magnesio - Chemuza<\/title>\n<meta name=\"robots\" content=\"index, follow, max-snippet:-1, max-image-preview:large, max-video-preview:-1\" \/>\n<link rel=\"canonical\" href=\"https:\/\/chemuza.org\/it\/magnesio\/\" \/>\n<meta property=\"og:locale\" content=\"it_IT\" \/>\n<meta property=\"og:type\" content=\"article\" \/>\n<meta property=\"og:title\" content=\"Magnesio - Chemuza\" \/>\n<meta property=\"og:description\" content=\"Sapevi che il magnesio viene utilizzato per realizzare i famosi fuochi d&#8217;artificio che generano scintille, fiamme e fumo? Ci\u00f2 \u00e8 possibile grazie alle sue propriet\u00e0 fisico-chimiche. Inoltre, pu\u00f2 essere molto utile nei settori medico, industriale ed edile. Scopri di pi\u00f9 su questo elemento fondamentale. Cos&#8217;\u00e8 il magnesio? Si riferisce all&#8217;elemento chimico con numero atomico 12 ... Per saperne di pi\u00f9\" \/>\n<meta property=\"og:url\" content=\"https:\/\/chemuza.org\/it\/magnesio\/\" \/>\n<meta property=\"og:site_name\" content=\"Chemuza\" \/>\n<meta name=\"twitter:card\" content=\"summary_large_image\" \/>\n<meta name=\"twitter:label1\" content=\"Tempo di lettura stimato\" \/>\n\t<meta name=\"twitter:data1\" content=\"4 minuti\" \/>\n<script type=\"application\/ld+json\" class=\"yoast-schema-graph\">{\"@context\":\"https:\/\/schema.org\",\"@graph\":[{\"@type\":\"WebPage\",\"@id\":\"https:\/\/chemuza.org\/it\/magnesio\/\",\"url\":\"https:\/\/chemuza.org\/it\/magnesio\/\",\"name\":\"Magnesio - Chemuza\",\"isPartOf\":{\"@id\":\"https:\/\/chemuza.org\/it\/#website\"},\"datePublished\":\"2023-07-15T07:56:51+00:00\",\"dateModified\":\"2023-07-15T07:56:51+00:00\",\"breadcrumb\":{\"@id\":\"https:\/\/chemuza.org\/it\/magnesio\/#breadcrumb\"},\"inLanguage\":\"it-IT\",\"potentialAction\":[{\"@type\":\"ReadAction\",\"target\":[\"https:\/\/chemuza.org\/it\/magnesio\/\"]}]},{\"@type\":\"BreadcrumbList\",\"@id\":\"https:\/\/chemuza.org\/it\/magnesio\/#breadcrumb\",\"itemListElement\":[{\"@type\":\"ListItem\",\"position\":1,\"name\":\"Casa\",\"item\":\"https:\/\/chemuza.org\/it\/\"},{\"@type\":\"ListItem\",\"position\":2,\"name\":\"Magnesio\"}]},{\"@type\":\"WebSite\",\"@id\":\"https:\/\/chemuza.org\/it\/#website\",\"url\":\"https:\/\/chemuza.org\/it\/\",\"name\":\"Chemuza\",\"description\":\"La tua porta d&#039;accesso alla scoperta chimica!\",\"publisher\":{\"@id\":\"https:\/\/chemuza.org\/it\/#organization\"},\"potentialAction\":[{\"@type\":\"SearchAction\",\"target\":{\"@type\":\"EntryPoint\",\"urlTemplate\":\"https:\/\/chemuza.org\/it\/?s={search_term_string}\"},\"query-input\":\"required name=search_term_string\"}],\"inLanguage\":\"it-IT\"},{\"@type\":\"Organization\",\"@id\":\"https:\/\/chemuza.org\/it\/#organization\",\"name\":\"Chemuza\",\"url\":\"https:\/\/chemuza.org\/it\/\",\"logo\":{\"@type\":\"ImageObject\",\"inLanguage\":\"it-IT\",\"@id\":\"https:\/\/chemuza.org\/it\/#\/schema\/logo\/image\/\",\"url\":\"https:\/\/chemuza.org\/it\/wp-content\/uploads\/2023\/10\/chemuza-logo.png\",\"contentUrl\":\"https:\/\/chemuza.org\/it\/wp-content\/uploads\/2023\/10\/chemuza-logo.png\",\"width\":387,\"height\":70,\"caption\":\"Chemuza\"},\"image\":{\"@id\":\"https:\/\/chemuza.org\/it\/#\/schema\/logo\/image\/\"}}]}<\/script>\n<!-- \/ Yoast SEO plugin. -->","yoast_head_json":{"title":"Magnesio - Chemuza","robots":{"index":"index","follow":"follow","max-snippet":"max-snippet:-1","max-image-preview":"max-image-preview:large","max-video-preview":"max-video-preview:-1"},"canonical":"https:\/\/chemuza.org\/it\/magnesio\/","og_locale":"it_IT","og_type":"article","og_title":"Magnesio - Chemuza","og_description":"Sapevi che il magnesio viene utilizzato per realizzare i famosi fuochi d&#8217;artificio che generano scintille, fiamme e fumo? Ci\u00f2 \u00e8 possibile grazie alle sue propriet\u00e0 fisico-chimiche. Inoltre, pu\u00f2 essere molto utile nei settori medico, industriale ed edile. Scopri di pi\u00f9 su questo elemento fondamentale. Cos&#8217;\u00e8 il magnesio? Si riferisce all&#8217;elemento chimico con numero atomico 12 ... Per saperne di pi\u00f9","og_url":"https:\/\/chemuza.org\/it\/magnesio\/","og_site_name":"Chemuza","twitter_card":"summary_large_image","twitter_misc":{"Tempo di lettura stimato":"4 minuti"},"schema":{"@context":"https:\/\/schema.org","@graph":[{"@type":"WebPage","@id":"https:\/\/chemuza.org\/it\/magnesio\/","url":"https:\/\/chemuza.org\/it\/magnesio\/","name":"Magnesio - Chemuza","isPartOf":{"@id":"https:\/\/chemuza.org\/it\/#website"},"datePublished":"2023-07-15T07:56:51+00:00","dateModified":"2023-07-15T07:56:51+00:00","breadcrumb":{"@id":"https:\/\/chemuza.org\/it\/magnesio\/#breadcrumb"},"inLanguage":"it-IT","potentialAction":[{"@type":"ReadAction","target":["https:\/\/chemuza.org\/it\/magnesio\/"]}]},{"@type":"BreadcrumbList","@id":"https:\/\/chemuza.org\/it\/magnesio\/#breadcrumb","itemListElement":[{"@type":"ListItem","position":1,"name":"Casa","item":"https:\/\/chemuza.org\/it\/"},{"@type":"ListItem","position":2,"name":"Magnesio"}]},{"@type":"WebSite","@id":"https:\/\/chemuza.org\/it\/#website","url":"https:\/\/chemuza.org\/it\/","name":"Chemuza","description":"La tua porta d&#039;accesso alla scoperta chimica!","publisher":{"@id":"https:\/\/chemuza.org\/it\/#organization"},"potentialAction":[{"@type":"SearchAction","target":{"@type":"EntryPoint","urlTemplate":"https:\/\/chemuza.org\/it\/?s={search_term_string}"},"query-input":"required name=search_term_string"}],"inLanguage":"it-IT"},{"@type":"Organization","@id":"https:\/\/chemuza.org\/it\/#organization","name":"Chemuza","url":"https:\/\/chemuza.org\/it\/","logo":{"@type":"ImageObject","inLanguage":"it-IT","@id":"https:\/\/chemuza.org\/it\/#\/schema\/logo\/image\/","url":"https:\/\/chemuza.org\/it\/wp-content\/uploads\/2023\/10\/chemuza-logo.png","contentUrl":"https:\/\/chemuza.org\/it\/wp-content\/uploads\/2023\/10\/chemuza-logo.png","width":387,"height":70,"caption":"Chemuza"},"image":{"@id":"https:\/\/chemuza.org\/it\/#\/schema\/logo\/image\/"}}]}},"yoast_meta":{"yoast_wpseo_title":"","yoast_wpseo_metadesc":"","yoast_wpseo_canonical":""},"_links":{"self":[{"href":"https:\/\/chemuza.org\/it\/wp-json\/wp\/v2\/pages\/1438"}],"collection":[{"href":"https:\/\/chemuza.org\/it\/wp-json\/wp\/v2\/pages"}],"about":[{"href":"https:\/\/chemuza.org\/it\/wp-json\/wp\/v2\/types\/page"}],"author":[{"embeddable":true,"href":"https:\/\/chemuza.org\/it\/wp-json\/wp\/v2\/users\/1"}],"replies":[{"embeddable":true,"href":"https:\/\/chemuza.org\/it\/wp-json\/wp\/v2\/comments?post=1438"}],"version-history":[{"count":0,"href":"https:\/\/chemuza.org\/it\/wp-json\/wp\/v2\/pages\/1438\/revisions"}],"wp:attachment":[{"href":"https:\/\/chemuza.org\/it\/wp-json\/wp\/v2\/media?parent=1438"}],"curies":[{"name":"wp","href":"https:\/\/api.w.org\/{rel}","templated":true}]}}