{"id":1437,"date":"2023-07-15T08:56:28","date_gmt":"2023-07-15T08:56:28","guid":{"rendered":"https:\/\/chemuza.org\/it\/neon\/"},"modified":"2023-07-15T08:56:28","modified_gmt":"2023-07-15T08:56:28","slug":"neon","status":"publish","type":"page","link":"https:\/\/chemuza.org\/it\/neon\/","title":{"rendered":"Neon"},"content":{"rendered":"<p>L\u2019utilizzo pi\u00f9 famoso del neon nel mondo riguarda l\u2019utilizzo dei suoi colori come strumento di proposta pubblicitaria. D&#8217;altra parte, sebbene sia un elemento quasi impossibile da trovare nell&#8217;aria, \u00e8 abbondante nell&#8217;universo. Scopri di pi\u00f9 su questo interessante elemento, come le sue propriet\u00e0, caratteristiche e applicazioni.<\/p>\n<h2> <strong>Cos&#8217;\u00e8 Neon?<\/strong><\/h2>\n<p> \u00c8 un elemento chimico allo stato gassoso e con numero atomico 10, il gas pi\u00f9 leggero dopo l&#8217;elio. \u00c8 inodore, insapore, incolore e fa parte della serie chimica dei gas nobili. Inoltre, mantiene il livello termico del corpo meglio dell&#8217;idrogeno e conferisce il tono rosso-arancione ai tubi fluorescenti.<\/p>\n<h3> <strong>Insegna al neon<\/strong><\/h3>\n<p> <span class=\"content-chemical-element\" style=\"float: left;width: 65px;height: 65px;border: 3px solid #666; display:flex;\n    justify-content: center;align-items: center;margin-right: 15px;\"><span style=\"font-size: 38px;\">Ne<\/span><\/span> Questo nome deriva dalla parola greca <em>Neos<\/em> il cui significato \u00e8 Nuovo. Questo termine fu designato per l&#8217;elemento chimico dopo la scoperta dell&#8217;Argon e del Krypton. Per questo motivo hanno aggiunto il finale alla fine.<\/p>\n<h2> <strong>Caratteristiche del neon<\/strong><\/h2>\n<p> Questo elemento \u00e8 caratterizzato dal suo carattere isolato, anche se pu\u00f2 reagire con elementi meno inerti, ma ci\u00f2 accade raramente. Inoltre, ha uno strato elettronico completo. Scopri altre funzionalit\u00e0 in questo elenco:<\/p>\n<ul>\n<li> <strong>Allotropi<\/strong> : questo elemento chimico non ha allotropi.<\/li>\n<li> <strong>Malleabile<\/strong> : mancano di duttilit\u00e0 e malleabilit\u00e0.<\/li>\n<li> <strong>Magnetismo<\/strong> : \u00e8 un conduttore elettrico, ma solo quando ionizzato.<\/li>\n<li> <strong>Durezza<\/strong> : non contiene dati sulla durezza minerale sulla scala Mohs.<\/li>\n<li> <strong>Colore<\/strong> : \u00c8 incolore, ma se ionizzato emette fotoni di energia con lampi rossastri e arancioni.<\/li>\n<li> <strong>Stato<\/strong> : La sua fase ordinaria \u00e8 gassosa.<\/li>\n<li> <strong>Sapore e odore<\/strong> : Ha un sapore insapore e non ha odore.<\/li>\n<li> <strong>Solubilit\u00e0<\/strong> : elemento che non \u00e8 solubile.<\/li>\n<li> <strong>Densit\u00e0<\/strong> : \u00e8 1,4 meno denso dell&#8217;aria.<\/li>\n<li> <strong>Reattivit\u00e0<\/strong> : La sua reattivit\u00e0 \u00e8 zero, poich\u00e9 non guadagna n\u00e9 perde elettroni.<\/li>\n<\/ul>\n<h2> <strong>Propriet\u00e0 chimiche e fisiche del Neon<\/strong><\/h2>\n<ol>\n<li> <strong>Numero atomico<\/strong> : 10<\/li>\n<li> <strong>Gruppo<\/strong> : 18<\/li>\n<li> <strong>Periodo<\/strong> : 2<\/li>\n<li> <strong>Blocco<\/strong> : pag<\/li>\n<li> <strong>Peso atomico<\/strong> : 20,1797<\/li>\n<li> <strong>Densit\u00e0<\/strong> : 0,8999 kg\/m\u00b3<\/li>\n<li> <strong>Stato<\/strong> : Gas<\/li>\n<li> <strong>Ruggine<\/strong> : No<\/li>\n<li> <strong>Punto di fusione<\/strong> : -249\u00b0C<\/li>\n<li> <strong>Punto di ebollizione<\/strong> : -246\u00b0C<\/li>\n<li> <strong>Calore specifico<\/strong> : 103 J\/(K-kg)<\/li>\n<li> <strong>Elettronegativit\u00e0<\/strong> : non ce l&#8217;ha<\/li>\n<li> <strong>Raggio medio<\/strong> : no<\/li>\n<li> <strong>Raggio covalente<\/strong> : 69h<\/li>\n<li> <strong>Raggio atomico<\/strong> : 38 ore<\/li>\n<li> <strong>Elettroni per guscio<\/strong> : 2,8<\/li>\n<li> <strong>Stati di ossidazione<\/strong> : no<\/li>\n<li> <strong>Configurazione elettronica<\/strong> : [He]2s <sup>2<\/sup> 2p <sup>6<\/sup><\/li>\n<\/ol>\n<h2> <strong>Origine del neon<\/strong><\/h2>\n<p> La scoperta \u00e8 stata fatta dal chimico scozzese Sir William Ramsay, nell&#8217;ambito di un lavoro svolto con il britannico Morris William Travers. Ci\u00f2 \u00e8 accaduto poco dopo aver identificato e isolato kripton, xeno ed elio. Secondo la storia, questa scoperta avvenne all\u2019University College di Londra nel 1898.<\/p>\n<h2> <strong>A cosa serve il Neon?<\/strong><\/h2>\n<p> Grandi quantit\u00e0 di questo elemento vengono utilizzate nelle procedure di fisica delle alte energie. Infatti le camere a scintillazione vengono riempite con questo elemento e vengono rilevate le particelle nucleari in transito. Un altro utilizzo del neon \u00e8 il suo funzionamento come refrigerante criogenico allo stato liquefatto. Allo stesso modo, viene generalmente utilizzato allo stato liquido per i sistemi di raffreddamento.<\/p>\n<p> D&#8217;altra parte, viene utilizzato con l&#8217;elio per produrre un tipo di laser. Inoltre, permette di realizzare i famosi tubi al neon ad incandescenza che possono essere piegati. Viene utilizzato anche nelle lampade per indicare la corrente ad alta tensione.<\/p>\n<h2> <strong>Come si ottiene Neon?<\/strong><\/h2>\n<p> \u00c8 un elemento ottenuto mediante metodi di liquefazione e distillazione frazionata. Questo processo avviene intrappolando l&#8217;aria all&#8217;interno di un contenitore e quindi raffreddandolo fino alla formazione di aria liquida. Quindi, aumenta la temperatura che separa i gas emessi quando l&#8217;aria evapora.<\/p>\n<p> Quindi, tutti i campioni di gas emessi vengono isolati in tubi di vetro. Ci\u00f2 \u00e8 possibile con elettrodi a ciascuna estremit\u00e0 e a bassa pressione, chiamati anche tubi Geissler. Infine, il Neon si presenta sotto forma di intensi toni viola.<\/p>\n<h2> <strong>Dove possiamo trovare Neon?<\/strong><\/h2>\n<p> Allo stato ordinario o naturale, che \u00e8 gassoso, si trova generalmente nei minerali, nelle meteoriti, nelle novae, nelle supernovae e nell&#8217;atmosfera terrestre. La proporzione di questo elemento nella sfera terrestre \u00e8 solo dello 0,0018%. Al contrario, porta il titolo di quinto elemento pi\u00f9 abbondante nell&#8217;universo.<\/p>\n<h2> <strong>Effetti del Neon sulla salute<\/strong><\/h2>\n<p> Sembra che non causi alcun danno ambientale o ecologico. Tuttavia, in pochi secondi, organi come la pelle e gli occhi possono congelarsi al contatto con questo elemento chimico. Pertanto, se una persona viene esposta all&#8217;elemento in elevate concentrazioni, attraverso l&#8217;inalazione, pu\u00f2 provocare nausea, vertigini, vomito, perdita di coscienza, convulsioni, stato comatoso e persino la morte. I primi sintomi osservati sono:<\/p>\n<ul>\n<li> Respirazione rapida.<\/li>\n<li> Difficolt\u00e0 respiratoria.<\/li>\n<li> Perdita di prontezza mentale.<\/li>\n<li> Diminuzione della coordinazione muscolare.<\/li>\n<li> Prostrazione.<\/li>\n<li> Incoscienza.<\/li>\n<\/ul>\n<p> In conclusione, il neon \u00e8 un gas altamente inerte, che non presenta reattivit\u00e0, tossicit\u00e0, durezza minerale, solubilit\u00e0 o malleabilit\u00e0. \u00c8 tra i gas rari della tavola periodica con il numero 10, porta il simbolo Ne e ha una massa atomica di 20.179. Inoltre, questo elemento chimico \u00e8 incolore, inodore e insapore.<\/p>\n","protected":false},"excerpt":{"rendered":"<p>L\u2019utilizzo pi\u00f9 famoso del neon nel mondo riguarda l\u2019utilizzo dei suoi colori come strumento di proposta pubblicitaria. D&#8217;altra parte, sebbene sia un elemento quasi impossibile da trovare nell&#8217;aria, \u00e8 abbondante nell&#8217;universo. Scopri di pi\u00f9 su questo interessante elemento, come le sue propriet\u00e0, caratteristiche e applicazioni. Cos&#8217;\u00e8 Neon? \u00c8 un elemento chimico allo stato gassoso e &#8230; <a title=\"Neon\" class=\"read-more\" href=\"https:\/\/chemuza.org\/it\/neon\/\" aria-label=\"More on Neon\">Per saperne di pi\u00f9<\/a><\/p>\n","protected":false},"author":1,"featured_media":0,"parent":0,"menu_order":0,"comment_status":"closed","ping_status":"closed","template":"","meta":{"footnotes":""},"yoast_head":"<!-- This site is optimized with the Yoast SEO plugin v21.4 - https:\/\/yoast.com\/wordpress\/plugins\/seo\/ -->\n<title>Neon - Chemuza<\/title>\n<meta name=\"robots\" content=\"index, follow, max-snippet:-1, max-image-preview:large, max-video-preview:-1\" \/>\n<link rel=\"canonical\" href=\"https:\/\/chemuza.org\/it\/neon\/\" \/>\n<meta property=\"og:locale\" content=\"it_IT\" \/>\n<meta property=\"og:type\" content=\"article\" \/>\n<meta property=\"og:title\" content=\"Neon - Chemuza\" \/>\n<meta property=\"og:description\" content=\"L\u2019utilizzo pi\u00f9 famoso del neon nel mondo riguarda l\u2019utilizzo dei suoi colori come strumento di proposta pubblicitaria. D&#8217;altra parte, sebbene sia un elemento quasi impossibile da trovare nell&#8217;aria, \u00e8 abbondante nell&#8217;universo. Scopri di pi\u00f9 su questo interessante elemento, come le sue propriet\u00e0, caratteristiche e applicazioni. Cos&#8217;\u00e8 Neon? \u00c8 un elemento chimico allo stato gassoso e ... Per saperne di pi\u00f9\" \/>\n<meta property=\"og:url\" content=\"https:\/\/chemuza.org\/it\/neon\/\" \/>\n<meta property=\"og:site_name\" content=\"Chemuza\" \/>\n<meta name=\"twitter:card\" content=\"summary_large_image\" \/>\n<meta name=\"twitter:label1\" content=\"Tempo di lettura stimato\" \/>\n\t<meta name=\"twitter:data1\" content=\"4 minuti\" \/>\n<script type=\"application\/ld+json\" class=\"yoast-schema-graph\">{\"@context\":\"https:\/\/schema.org\",\"@graph\":[{\"@type\":\"WebPage\",\"@id\":\"https:\/\/chemuza.org\/it\/neon\/\",\"url\":\"https:\/\/chemuza.org\/it\/neon\/\",\"name\":\"Neon - Chemuza\",\"isPartOf\":{\"@id\":\"https:\/\/chemuza.org\/it\/#website\"},\"datePublished\":\"2023-07-15T08:56:28+00:00\",\"dateModified\":\"2023-07-15T08:56:28+00:00\",\"breadcrumb\":{\"@id\":\"https:\/\/chemuza.org\/it\/neon\/#breadcrumb\"},\"inLanguage\":\"it-IT\",\"potentialAction\":[{\"@type\":\"ReadAction\",\"target\":[\"https:\/\/chemuza.org\/it\/neon\/\"]}]},{\"@type\":\"BreadcrumbList\",\"@id\":\"https:\/\/chemuza.org\/it\/neon\/#breadcrumb\",\"itemListElement\":[{\"@type\":\"ListItem\",\"position\":1,\"name\":\"Casa\",\"item\":\"https:\/\/chemuza.org\/it\/\"},{\"@type\":\"ListItem\",\"position\":2,\"name\":\"Neon\"}]},{\"@type\":\"WebSite\",\"@id\":\"https:\/\/chemuza.org\/it\/#website\",\"url\":\"https:\/\/chemuza.org\/it\/\",\"name\":\"Chemuza\",\"description\":\"La tua porta d&#039;accesso alla scoperta chimica!\",\"publisher\":{\"@id\":\"https:\/\/chemuza.org\/it\/#organization\"},\"potentialAction\":[{\"@type\":\"SearchAction\",\"target\":{\"@type\":\"EntryPoint\",\"urlTemplate\":\"https:\/\/chemuza.org\/it\/?s={search_term_string}\"},\"query-input\":\"required name=search_term_string\"}],\"inLanguage\":\"it-IT\"},{\"@type\":\"Organization\",\"@id\":\"https:\/\/chemuza.org\/it\/#organization\",\"name\":\"Chemuza\",\"url\":\"https:\/\/chemuza.org\/it\/\",\"logo\":{\"@type\":\"ImageObject\",\"inLanguage\":\"it-IT\",\"@id\":\"https:\/\/chemuza.org\/it\/#\/schema\/logo\/image\/\",\"url\":\"https:\/\/chemuza.org\/it\/wp-content\/uploads\/2023\/10\/chemuza-logo.png\",\"contentUrl\":\"https:\/\/chemuza.org\/it\/wp-content\/uploads\/2023\/10\/chemuza-logo.png\",\"width\":387,\"height\":70,\"caption\":\"Chemuza\"},\"image\":{\"@id\":\"https:\/\/chemuza.org\/it\/#\/schema\/logo\/image\/\"}}]}<\/script>\n<!-- \/ Yoast SEO plugin. -->","yoast_head_json":{"title":"Neon - Chemuza","robots":{"index":"index","follow":"follow","max-snippet":"max-snippet:-1","max-image-preview":"max-image-preview:large","max-video-preview":"max-video-preview:-1"},"canonical":"https:\/\/chemuza.org\/it\/neon\/","og_locale":"it_IT","og_type":"article","og_title":"Neon - Chemuza","og_description":"L\u2019utilizzo pi\u00f9 famoso del neon nel mondo riguarda l\u2019utilizzo dei suoi colori come strumento di proposta pubblicitaria. D&#8217;altra parte, sebbene sia un elemento quasi impossibile da trovare nell&#8217;aria, \u00e8 abbondante nell&#8217;universo. Scopri di pi\u00f9 su questo interessante elemento, come le sue propriet\u00e0, caratteristiche e applicazioni. Cos&#8217;\u00e8 Neon? \u00c8 un elemento chimico allo stato gassoso e ... Per saperne di pi\u00f9","og_url":"https:\/\/chemuza.org\/it\/neon\/","og_site_name":"Chemuza","twitter_card":"summary_large_image","twitter_misc":{"Tempo di lettura stimato":"4 minuti"},"schema":{"@context":"https:\/\/schema.org","@graph":[{"@type":"WebPage","@id":"https:\/\/chemuza.org\/it\/neon\/","url":"https:\/\/chemuza.org\/it\/neon\/","name":"Neon - Chemuza","isPartOf":{"@id":"https:\/\/chemuza.org\/it\/#website"},"datePublished":"2023-07-15T08:56:28+00:00","dateModified":"2023-07-15T08:56:28+00:00","breadcrumb":{"@id":"https:\/\/chemuza.org\/it\/neon\/#breadcrumb"},"inLanguage":"it-IT","potentialAction":[{"@type":"ReadAction","target":["https:\/\/chemuza.org\/it\/neon\/"]}]},{"@type":"BreadcrumbList","@id":"https:\/\/chemuza.org\/it\/neon\/#breadcrumb","itemListElement":[{"@type":"ListItem","position":1,"name":"Casa","item":"https:\/\/chemuza.org\/it\/"},{"@type":"ListItem","position":2,"name":"Neon"}]},{"@type":"WebSite","@id":"https:\/\/chemuza.org\/it\/#website","url":"https:\/\/chemuza.org\/it\/","name":"Chemuza","description":"La tua porta d&#039;accesso alla scoperta chimica!","publisher":{"@id":"https:\/\/chemuza.org\/it\/#organization"},"potentialAction":[{"@type":"SearchAction","target":{"@type":"EntryPoint","urlTemplate":"https:\/\/chemuza.org\/it\/?s={search_term_string}"},"query-input":"required name=search_term_string"}],"inLanguage":"it-IT"},{"@type":"Organization","@id":"https:\/\/chemuza.org\/it\/#organization","name":"Chemuza","url":"https:\/\/chemuza.org\/it\/","logo":{"@type":"ImageObject","inLanguage":"it-IT","@id":"https:\/\/chemuza.org\/it\/#\/schema\/logo\/image\/","url":"https:\/\/chemuza.org\/it\/wp-content\/uploads\/2023\/10\/chemuza-logo.png","contentUrl":"https:\/\/chemuza.org\/it\/wp-content\/uploads\/2023\/10\/chemuza-logo.png","width":387,"height":70,"caption":"Chemuza"},"image":{"@id":"https:\/\/chemuza.org\/it\/#\/schema\/logo\/image\/"}}]}},"yoast_meta":{"yoast_wpseo_title":"","yoast_wpseo_metadesc":"","yoast_wpseo_canonical":""},"_links":{"self":[{"href":"https:\/\/chemuza.org\/it\/wp-json\/wp\/v2\/pages\/1437"}],"collection":[{"href":"https:\/\/chemuza.org\/it\/wp-json\/wp\/v2\/pages"}],"about":[{"href":"https:\/\/chemuza.org\/it\/wp-json\/wp\/v2\/types\/page"}],"author":[{"embeddable":true,"href":"https:\/\/chemuza.org\/it\/wp-json\/wp\/v2\/users\/1"}],"replies":[{"embeddable":true,"href":"https:\/\/chemuza.org\/it\/wp-json\/wp\/v2\/comments?post=1437"}],"version-history":[{"count":0,"href":"https:\/\/chemuza.org\/it\/wp-json\/wp\/v2\/pages\/1437\/revisions"}],"wp:attachment":[{"href":"https:\/\/chemuza.org\/it\/wp-json\/wp\/v2\/media?parent=1437"}],"curies":[{"name":"wp","href":"https:\/\/api.w.org\/{rel}","templated":true}]}}