{"id":1436,"date":"2023-07-15T10:02:34","date_gmt":"2023-07-15T10:02:34","guid":{"rendered":"https:\/\/chemuza.org\/it\/fluoro\/"},"modified":"2023-07-15T10:02:34","modified_gmt":"2023-07-15T10:02:34","slug":"fluoro","status":"publish","type":"page","link":"https:\/\/chemuza.org\/it\/fluoro\/","title":{"rendered":"Fluorite"},"content":{"rendered":"<p>Il fluoro \u00e8 uno degli alogeni o sali pi\u00f9 abbondanti nella crosta terrestre. La sua concentrazione pi\u00f9 alta si trova nei mari in una proporzione di 1,3 ppm. Il suo stato \u00e8 gassoso, ma si trova anche come fluorite o fluoruro di calcio sotto forma di cristalli, abbondante in Alaska, California e Argentina. Scopri di pi\u00f9 sulle caratteristiche di questo elemento e sulle sue applicazioni.<\/p>\n<h2> <strong>Cos&#8217;\u00e8 il fluoro?<\/strong><\/h2>\n<p> \u00c8 un elemento chimico appartenente alla famiglia degli alogeni della tavola periodica. \u00c8 un gas a temperatura ambiente, di colore verde giallastro chiaro, altamente elettronegativo e reattivo rispetto agli altri componenti. Inoltre, il suo numero atomico \u00e8 9 ed \u00e8 strutturato con particelle biatomiche o doppie.<\/p>\n<h3> <strong>Simbolo della fluorite<\/strong><\/h3>\n<p> <span class=\"content-chemical-element\" style=\"float: left;width: 65px;height: 65px;border: 3px solid #666; display:flex;\n    justify-content: center;align-items: center;margin-right: 15px;\"><span style=\"font-size: 38px;\">F<\/span><\/span> Deriva dal latino fluere, il cui significato \u00e8 scorrere. Il suo nome deriva dalla difficolt\u00e0 di separarlo dai suoi composti, a causa della sua elevata reattivit\u00e0 chimica. Successivamente venne isolato dal chimico Moissan grazie all&#8217;elettrolisi del fluoruro di potassio, azione che consentiva il flusso del gas.<\/p>\n<h2> <strong>Caratteristiche della fluorite<\/strong><\/h2>\n<p> Questo elemento appartiene al gruppo 17, periodo 3, \u00e8 un materiale tossico e reattivo, poich\u00e9 i suoi composti sono inorganici. Inoltre, si combina con quasi tutti gli elementi, compresi il radon e lo xeno. Altre funzionalit\u00e0 sono elencate qui:<\/p>\n<ul>\n<li> <strong>Stato<\/strong> : Gassoso.<\/li>\n<li> <strong>Colore<\/strong> : Presenta una tonalit\u00e0 chiara tra il giallo e il verde.<\/li>\n<li> <strong>Sapore e odore<\/strong> : Ha un odore molto forte e irritante, insapore.<\/li>\n<li> <strong>Tossicit\u00e0<\/strong> : \u00c8 un gas molto corrosivo, con elevati livelli di tossicit\u00e0.<\/li>\n<li> <strong>Composizione<\/strong> : \u00c8 formato da 7 elettroni nel suo ultimo strato, con tendenza a salire data la sua stabilit\u00e0 chimica.<\/li>\n<li> <strong>Struttura<\/strong> : Presenta molecole in forma biatomica o doppia nello stesso atomo.<\/li>\n<li> <strong>Sintesi<\/strong> : \u00e8 in grado di sintetizzare composti organici fluorurati.<\/li>\n<li> <strong>Solubilit\u00e0<\/strong> : \u00e8 solubile in acqua.<\/li>\n<\/ul>\n<h2> <strong>Propriet\u00e0 chimiche e fisiche del fluoro<\/strong><\/h2>\n<ol>\n<li> <strong>Numero atomico<\/strong> : 9<\/li>\n<li> <strong>Peso atomico:<\/strong> 18,9984032 u<\/li>\n<li> <strong>Stato di ossidazione:<\/strong> -1<\/li>\n<li> <strong>Elettronegativit\u00e0:<\/strong> 3,98<\/li>\n<li> <strong>Elettroni per strato:<\/strong> 2,7<\/li>\n<li> <strong>Gruppo:<\/strong> 17<\/li>\n<li> <strong>Densit\u00e0:<\/strong> 1.696 kg\/m3<\/li>\n<li> <strong>Punto di fusione:<\/strong> -219,67\u00b0C<\/li>\n<li> <strong>Raggio medio:<\/strong> 50 ore<\/li>\n<li> <strong>Periodo:<\/strong> 3<\/li>\n<li> <strong>Stato:<\/strong> Gassoso<\/li>\n<li> <strong>Raggio covalente: 71 ore<\/strong><\/li>\n<li> <strong>Blocco:<\/strong> p<\/li>\n<li> <strong>Ossido:<\/strong> acido<\/li>\n<li> <strong>Raggio atomico:<\/strong> 42<\/li>\n<li> <strong>Calore specifico:<\/strong> 824 J\/(K-kg)<\/li>\n<li> <strong>Punto di ebollizione:<\/strong> -188,12\u00b0C<\/li>\n<li> <strong>Configurazione elettronica:<\/strong> [He] 2s22p5<\/li>\n<\/ol>\n<h2> <strong>Origine della fluorite<\/strong><\/h2>\n<p> Il fluoro fu scoperto nel 1529 da Georgius Agricola che lo descrisse come un flusso, perch\u00e9 riesce a sciogliere minerali o metalli. Poi, nel 1670, il chimico Schwandhard not\u00f2 che era in grado di incidere o marcare il vetro quando veniva applicato come fluorite o acido. Successivamente Henri Moissan riusc\u00ec nel 1886 a isolarlo dai suoi componenti e cominci\u00f2 a reagire con altre sostanze.<\/p>\n<p> Tra le sue applicazioni, il suo primo utilizzo commerciale fu la bomba atomica di Manhattan. L\u00ec fu ottenuto l&#8217;esafluoruro di uranio, un metodo ottenuto separando gli isotopi dell&#8217;uranio. Da allora, questo elemento \u00e8 stato utilizzato nell&#8217;energia nucleare e nella creazione del fluoro dentale.<\/p>\n<h2> <strong>A cosa serve il fluoro?<\/strong><\/h2>\n<p> Il suo utilizzo si estende alla produzione di uranio. Inoltre, contiene pi\u00f9 di 100 composti fluorurati utilizzati nella produzione di diversi tipi di plastica. Inoltre, l&#8217;acido fluoridrico viene utilizzato nell&#8217;incisione di materiali come vetro o cristalli, mentre i clorofluorocarburi vengono utilizzati nei dispositivi di condizionamento e refrigerazione. Altri usi del fluoro sono:<\/p>\n<ul>\n<li> I composti fluoruro di sodio, fluoruro stannoso e monofluorofosfato di sodio vengono utilizzati per produrre dentifrici.<\/li>\n<li> Alcuni dei suoi composti sono utilizzati nella produzione di anestetici generali.<\/li>\n<li> Viene utilizzato nella produzione di schermi piatti, schermi al plasma e meccanismi microelettromeccanici.<\/li>\n<li> Viene utilizzato nella produzione di gas estinguenti o halon.<\/li>\n<li> Viene utilizzato nell&#8217;elettrolisi dell&#8217;alluminio, ottenendo cos\u00ec questo elemento completamente puro.<\/li>\n<\/ul>\n<h2> <strong>Alimenti contenenti fluoro<\/strong><\/h2>\n<p> \u00c8 un minerale necessario per il corpo umano, poich\u00e9 influisce sulla formazione delle ossa e sul mantenimento dello smalto dei denti, prevenendo la formazione della carie dentale. Si trova nell\u2019acqua e anche nei seguenti alimenti:<\/p>\n<ul>\n<li> Verdure verdi e verdure verdi, come lattuga, spinaci, germogli di soia e cavoli.<\/li>\n<li> Frutti di mare.<\/li>\n<li> Infusi di erbe.<\/li>\n<li> Frutta.<\/li>\n<li> Grano.<\/li>\n<li> Cereali come riso e avena.<\/li>\n<\/ul>\n<h2> <strong>Cosa fa il fluoro per proteggere i denti?<\/strong><\/h2>\n<p> Essendo un principio attivo, forma una barriera contro gli acidi e rinforza i denti prevenendo la formazione di carie. Cio\u00e8, a contatto con lo smalto, il minerale inibisce la demineralizzazione, aumentando cos\u00ec la rimineralizzazione, che fornisce forza ai denti. Anche se lo smalto dei denti \u00e8 gi\u00e0 indebolito, i tipi di fluoro presenti nei dentifrici lo ricostruiscono gradualmente e invertono l\u2019aspetto della carie.<\/p>\n<p> In conclusione, il fluoro \u00e8 un elemento altamente radioattivo che fa parte degli alogeni. Poich\u00e9 \u00e8 isolato dai suoi componenti principali, forma centinaia di composti con diverse applicazioni commerciali. Allo stato naturale \u00e8 gassoso e si combina con altri minerali presenti nella crosta terrestre.<\/p>\n","protected":false},"excerpt":{"rendered":"<p>Il fluoro \u00e8 uno degli alogeni o sali pi\u00f9 abbondanti nella crosta terrestre. La sua concentrazione pi\u00f9 alta si trova nei mari in una proporzione di 1,3 ppm. Il suo stato \u00e8 gassoso, ma si trova anche come fluorite o fluoruro di calcio sotto forma di cristalli, abbondante in Alaska, California e Argentina. Scopri di &#8230; <a title=\"Fluorite\" class=\"read-more\" href=\"https:\/\/chemuza.org\/it\/fluoro\/\" aria-label=\"More on Fluorite\">Per saperne di pi\u00f9<\/a><\/p>\n","protected":false},"author":1,"featured_media":0,"parent":0,"menu_order":0,"comment_status":"closed","ping_status":"closed","template":"","meta":{"footnotes":""},"yoast_head":"<!-- This site is optimized with the Yoast SEO plugin v21.4 - https:\/\/yoast.com\/wordpress\/plugins\/seo\/ -->\n<title>Fluorite - Chemuza<\/title>\n<meta name=\"robots\" content=\"index, follow, max-snippet:-1, max-image-preview:large, max-video-preview:-1\" \/>\n<link rel=\"canonical\" href=\"https:\/\/chemuza.org\/it\/fluoro\/\" \/>\n<meta property=\"og:locale\" content=\"it_IT\" \/>\n<meta property=\"og:type\" content=\"article\" \/>\n<meta property=\"og:title\" content=\"Fluorite - Chemuza\" \/>\n<meta property=\"og:description\" content=\"Il fluoro \u00e8 uno degli alogeni o sali pi\u00f9 abbondanti nella crosta terrestre. La sua concentrazione pi\u00f9 alta si trova nei mari in una proporzione di 1,3 ppm. Il suo stato \u00e8 gassoso, ma si trova anche come fluorite o fluoruro di calcio sotto forma di cristalli, abbondante in Alaska, California e Argentina. Scopri di ... Per saperne di pi\u00f9\" \/>\n<meta property=\"og:url\" content=\"https:\/\/chemuza.org\/it\/fluoro\/\" \/>\n<meta property=\"og:site_name\" content=\"Chemuza\" \/>\n<meta name=\"twitter:card\" content=\"summary_large_image\" \/>\n<meta name=\"twitter:label1\" content=\"Tempo di lettura stimato\" \/>\n\t<meta name=\"twitter:data1\" content=\"4 minuti\" \/>\n<script type=\"application\/ld+json\" class=\"yoast-schema-graph\">{\"@context\":\"https:\/\/schema.org\",\"@graph\":[{\"@type\":\"WebPage\",\"@id\":\"https:\/\/chemuza.org\/it\/fluoro\/\",\"url\":\"https:\/\/chemuza.org\/it\/fluoro\/\",\"name\":\"Fluorite - Chemuza\",\"isPartOf\":{\"@id\":\"https:\/\/chemuza.org\/it\/#website\"},\"datePublished\":\"2023-07-15T10:02:34+00:00\",\"dateModified\":\"2023-07-15T10:02:34+00:00\",\"breadcrumb\":{\"@id\":\"https:\/\/chemuza.org\/it\/fluoro\/#breadcrumb\"},\"inLanguage\":\"it-IT\",\"potentialAction\":[{\"@type\":\"ReadAction\",\"target\":[\"https:\/\/chemuza.org\/it\/fluoro\/\"]}]},{\"@type\":\"BreadcrumbList\",\"@id\":\"https:\/\/chemuza.org\/it\/fluoro\/#breadcrumb\",\"itemListElement\":[{\"@type\":\"ListItem\",\"position\":1,\"name\":\"Casa\",\"item\":\"https:\/\/chemuza.org\/it\/\"},{\"@type\":\"ListItem\",\"position\":2,\"name\":\"Fluorite\"}]},{\"@type\":\"WebSite\",\"@id\":\"https:\/\/chemuza.org\/it\/#website\",\"url\":\"https:\/\/chemuza.org\/it\/\",\"name\":\"Chemuza\",\"description\":\"La tua porta d&#039;accesso alla scoperta chimica!\",\"publisher\":{\"@id\":\"https:\/\/chemuza.org\/it\/#organization\"},\"potentialAction\":[{\"@type\":\"SearchAction\",\"target\":{\"@type\":\"EntryPoint\",\"urlTemplate\":\"https:\/\/chemuza.org\/it\/?s={search_term_string}\"},\"query-input\":\"required name=search_term_string\"}],\"inLanguage\":\"it-IT\"},{\"@type\":\"Organization\",\"@id\":\"https:\/\/chemuza.org\/it\/#organization\",\"name\":\"Chemuza\",\"url\":\"https:\/\/chemuza.org\/it\/\",\"logo\":{\"@type\":\"ImageObject\",\"inLanguage\":\"it-IT\",\"@id\":\"https:\/\/chemuza.org\/it\/#\/schema\/logo\/image\/\",\"url\":\"https:\/\/chemuza.org\/it\/wp-content\/uploads\/2023\/10\/chemuza-logo.png\",\"contentUrl\":\"https:\/\/chemuza.org\/it\/wp-content\/uploads\/2023\/10\/chemuza-logo.png\",\"width\":387,\"height\":70,\"caption\":\"Chemuza\"},\"image\":{\"@id\":\"https:\/\/chemuza.org\/it\/#\/schema\/logo\/image\/\"}}]}<\/script>\n<!-- \/ Yoast SEO plugin. -->","yoast_head_json":{"title":"Fluorite - Chemuza","robots":{"index":"index","follow":"follow","max-snippet":"max-snippet:-1","max-image-preview":"max-image-preview:large","max-video-preview":"max-video-preview:-1"},"canonical":"https:\/\/chemuza.org\/it\/fluoro\/","og_locale":"it_IT","og_type":"article","og_title":"Fluorite - Chemuza","og_description":"Il fluoro \u00e8 uno degli alogeni o sali pi\u00f9 abbondanti nella crosta terrestre. La sua concentrazione pi\u00f9 alta si trova nei mari in una proporzione di 1,3 ppm. Il suo stato \u00e8 gassoso, ma si trova anche come fluorite o fluoruro di calcio sotto forma di cristalli, abbondante in Alaska, California e Argentina. Scopri di ... Per saperne di pi\u00f9","og_url":"https:\/\/chemuza.org\/it\/fluoro\/","og_site_name":"Chemuza","twitter_card":"summary_large_image","twitter_misc":{"Tempo di lettura stimato":"4 minuti"},"schema":{"@context":"https:\/\/schema.org","@graph":[{"@type":"WebPage","@id":"https:\/\/chemuza.org\/it\/fluoro\/","url":"https:\/\/chemuza.org\/it\/fluoro\/","name":"Fluorite - Chemuza","isPartOf":{"@id":"https:\/\/chemuza.org\/it\/#website"},"datePublished":"2023-07-15T10:02:34+00:00","dateModified":"2023-07-15T10:02:34+00:00","breadcrumb":{"@id":"https:\/\/chemuza.org\/it\/fluoro\/#breadcrumb"},"inLanguage":"it-IT","potentialAction":[{"@type":"ReadAction","target":["https:\/\/chemuza.org\/it\/fluoro\/"]}]},{"@type":"BreadcrumbList","@id":"https:\/\/chemuza.org\/it\/fluoro\/#breadcrumb","itemListElement":[{"@type":"ListItem","position":1,"name":"Casa","item":"https:\/\/chemuza.org\/it\/"},{"@type":"ListItem","position":2,"name":"Fluorite"}]},{"@type":"WebSite","@id":"https:\/\/chemuza.org\/it\/#website","url":"https:\/\/chemuza.org\/it\/","name":"Chemuza","description":"La tua porta d&#039;accesso alla scoperta chimica!","publisher":{"@id":"https:\/\/chemuza.org\/it\/#organization"},"potentialAction":[{"@type":"SearchAction","target":{"@type":"EntryPoint","urlTemplate":"https:\/\/chemuza.org\/it\/?s={search_term_string}"},"query-input":"required name=search_term_string"}],"inLanguage":"it-IT"},{"@type":"Organization","@id":"https:\/\/chemuza.org\/it\/#organization","name":"Chemuza","url":"https:\/\/chemuza.org\/it\/","logo":{"@type":"ImageObject","inLanguage":"it-IT","@id":"https:\/\/chemuza.org\/it\/#\/schema\/logo\/image\/","url":"https:\/\/chemuza.org\/it\/wp-content\/uploads\/2023\/10\/chemuza-logo.png","contentUrl":"https:\/\/chemuza.org\/it\/wp-content\/uploads\/2023\/10\/chemuza-logo.png","width":387,"height":70,"caption":"Chemuza"},"image":{"@id":"https:\/\/chemuza.org\/it\/#\/schema\/logo\/image\/"}}]}},"yoast_meta":{"yoast_wpseo_title":"","yoast_wpseo_metadesc":"","yoast_wpseo_canonical":""},"_links":{"self":[{"href":"https:\/\/chemuza.org\/it\/wp-json\/wp\/v2\/pages\/1436"}],"collection":[{"href":"https:\/\/chemuza.org\/it\/wp-json\/wp\/v2\/pages"}],"about":[{"href":"https:\/\/chemuza.org\/it\/wp-json\/wp\/v2\/types\/page"}],"author":[{"embeddable":true,"href":"https:\/\/chemuza.org\/it\/wp-json\/wp\/v2\/users\/1"}],"replies":[{"embeddable":true,"href":"https:\/\/chemuza.org\/it\/wp-json\/wp\/v2\/comments?post=1436"}],"version-history":[{"count":0,"href":"https:\/\/chemuza.org\/it\/wp-json\/wp\/v2\/pages\/1436\/revisions"}],"wp:attachment":[{"href":"https:\/\/chemuza.org\/it\/wp-json\/wp\/v2\/media?parent=1436"}],"curies":[{"name":"wp","href":"https:\/\/api.w.org\/{rel}","templated":true}]}}