{"id":1435,"date":"2023-07-15T11:24:03","date_gmt":"2023-07-15T11:24:03","guid":{"rendered":"https:\/\/chemuza.org\/it\/litio\/"},"modified":"2023-07-15T11:24:03","modified_gmt":"2023-07-15T11:24:03","slug":"litio","status":"publish","type":"page","link":"https:\/\/chemuza.org\/it\/litio\/","title":{"rendered":"Litio"},"content":{"rendered":"<p>Secondo l&#8217;analisi scientifica, il litio, insieme all&#8217;idrogeno e all&#8217;elio, \u00e8 tra i primi elementi dell&#8217;Universo e la sua composizione chimica \u00e8 simile a quella del sodio. Inoltre, \u00e8 abbondante nelle saline e nelle strade vulcaniche, tanto che circa l&#8217;85% delle sue riserve si trovano in Cile, Bolivia e Argentina. Scopri di pi\u00f9 su questo minerale, le sue propriet\u00e0, usi comuni, composti e caratteristiche.<\/p>\n<h2> <strong>Cos&#8217;\u00e8 il litio?<\/strong><\/h2>\n<p> \u00c8 un elemento chimico solido, estremamente reattivo e leggero, situato con numero atomico 3 e nel gruppo 1 della tavola periodica dei cosiddetti metalli alcalini. D&#8217;altro canto presenta una rapida ossidazione con acqua o aria e non \u00e8 libero in natura. Il suo aspetto di metallo puro \u00e8 bianco argenteo, morbido e leggero.<\/p>\n<h3> <strong>Simbolo del litio<\/strong><\/h3>\n<p> <span class=\"content-chemical-element\" style=\"float: left;width: 65px;height: 65px;border: 3px solid #666; display:flex;\n    justify-content: center;align-items: center;margin-right: 15px;\"><span style=\"font-size: 38px;\">Li<\/span><\/span> Questo simbolo deriva da una parola greca che significa ciottolo o piccola pietra. Questo elemento chimico prende il nome dal fatto che \u00e8 stato scoperto in forma minerale, a differenza di altri metalli alcalini rinvenuti nei tessuti vegetali.<\/p>\n<h2> <strong>Caratteristiche del litio<\/strong><\/h2>\n<p> Una delle sue caratteristiche \u00e8 che non presenta propriet\u00e0 chimiche e fisiche simili a quelle del suo gruppo e ai metalli alcalino terrosi. Inoltre, subisce molteplici reazioni organiche e inorganiche. Allo stesso modo, \u00e8 anche:<\/p>\n<ul>\n<li> <strong>Allotropico<\/strong> : a seconda dello stato dell&#8217;ambiente, pu\u00f2 essere soggetto alla pressione antropica.<\/li>\n<li> <strong>Malleabile<\/strong> : \u00e8 un elemento chimico morbido e duttile.<\/li>\n<li> <strong>Magnetico<\/strong> : \u00e8 privo di magnetismo, ma \u00e8 un ottimo conduttore di elettricit\u00e0 e calore.<\/li>\n<li> <strong>Durezza<\/strong> : secondo la scala di Mohs, ha una durezza minerale pari a 0,6, che permette di ottenere leghe resistenti.<\/li>\n<li> <strong>Colore<\/strong> : Ha un aspetto bianco argenteo.<\/li>\n<li> <strong>Stato<\/strong> : il suo stato di fase o aggregazione ordinaria \u00e8 solido.<\/li>\n<li> <strong>Sapore e odore<\/strong> : non ha odore, sebbene contenga un sapore metallico.<\/li>\n<li> <strong>Solubilit\u00e0<\/strong> : l&#8217;elementale non \u00e8 molto solubile in acqua, ma reagisce con essa, mentre il metallico pu\u00f2 essere solubile e insolubile.<\/li>\n<li> <strong>Infiammabilit\u00e0<\/strong> : \u00c8 un elemento estremamente infiammabile ed esplosivo.<\/li>\n<\/ul>\n<h2> <strong>Propriet\u00e0 chimiche e fisiche del litio<\/strong><\/h2>\n<ol>\n<li> <strong>Numero atomico<\/strong> : 3<\/li>\n<li> <strong>Gruppo<\/strong> : 1<\/li>\n<li> <strong>Periodo<\/strong> : 2<\/li>\n<li> <strong>Blocco<\/strong> : s<\/li>\n<li> <strong>Peso atomico<\/strong> : 6,94174064<\/li>\n<li> <strong>Densit\u00e0<\/strong> : 535 kg\/m\u00b3<\/li>\n<li> <strong>Condizione<\/strong> : solido<\/li>\n<li> <strong>Ruggine<\/strong> : semplice<\/li>\n<li> <strong>Stati di ossidazione<\/strong> : +1<\/li>\n<li> <strong>Punto di fusione<\/strong> : 181\u00b0C<\/li>\n<li> <strong>Calore specifico<\/strong> : 3582 J\/(K-kg)<\/li>\n<li> <strong>Elettronegativit\u00e0<\/strong> : 0,98<\/li>\n<li> <strong>Raggio medio<\/strong> : 145 ore<\/li>\n<li> <strong>Raggio covalente<\/strong> : 134 pm<\/li>\n<li> <strong>Raggio atomico<\/strong> : 167 pm<\/li>\n<li> <strong>Elettroni per strato<\/strong> : 2, 1<\/li>\n<li> <strong>Punto di ebollizione<\/strong> : 1342\u00b0C<\/li>\n<li> <strong>Configurazione elettronica<\/strong> : [He]2s <sup>1<\/sup><\/li>\n<\/ol>\n<h2> <strong>Origine del litio<\/strong><\/h2>\n<p> Il chimico svedese Johann Arfvedson scopr\u00ec questo materiale nel 1817 su un&#8217;isola della Svezia, tra la lepidolite e lo spodumene di una miniera. Successivamente, nel 1818, Christian Gmelin osserv\u00f2 una particolarit\u00e0 dei sali di litio, che trasformavano la fiamma in un rosso brillante.<\/p>\n<p> Tuttavia, nessuno dei due riusc\u00ec a isolare l&#8217;elemento chimico dai suoi sali, sebbene entrambi ci provassero. Pi\u00f9 tardi, i chimici William Thomas Brande e Sir Humphrey Davy riuscirono a raggiungere questo obiettivo. Per ottenerlo hanno utilizzato l&#8217;ossido di litio mediante elettrolisi.<\/p>\n<h2> <strong>A cosa serve il litio?<\/strong><\/h2>\n<p> Viene utilizzato in medicina psichiatrica per stabilizzare l&#8217;umore, inibire gli episodi maniacali e prevenire la depressione associata a disturbi dell&#8217;umore e malattia bipolare. D&#8217;altra parte, alcuni dei suoi composti vengono spesso utilizzati come essiccanti, cio\u00e8 assorbono l&#8217;umidit\u00e0 atmosferica e seccano l&#8217;aria negli ambienti chiusi.<\/p>\n<p> Nel caso dell\u2019industria, funge da depuratore per estrarre l\u2019anidride carbonica dall\u2019aria; viene utilizzato anche all&#8217;interno di veicoli spaziali e sottomarini. Inoltre, viene utilizzato in leghe con cadmio, alluminio, manganese e rame per realizzare lenti, ceramica e costruzioni aeronautiche.<\/p>\n<p> Allo stesso modo, alcuni sali di litio e acido stearico vengono utilizzati ad alte temperature per produrre lubrificanti. Inoltre, viene utilizzato durante la produzione delle batterie perch\u00e9 ha un potenziale elettrochimico ideale per l&#8217;anodo o il polo positivo delle batterie elettriche.<\/p>\n<h2> <strong>litio nel corpo umano<\/strong><\/h2>\n<p> Se l&#8217;oggetto entra in contatto con la pelle, pu\u00f2 provocare ustioni poich\u00e9 disidrata rapidamente l&#8217;umidit\u00e0. D\u2019altro canto, un consumo prolungato ed eccessivo dei suoi composti provoca una tossicit\u00e0 su larga scala, perch\u00e9 sostituisce il sodio all\u2019interno delle membrane cellulari.<\/p>\n<h2> Maggiori informazioni sul litio<\/h2>\n<h2> <strong>Dove si trova il litio?<\/strong><\/h2>\n<p> Ha una concentrazione di 0,1 ppm nell&#8217;acqua di mare. Allo stesso modo, costituisce circa lo 0,002% della crosta terrestre. Tuttavia, i raggruppamenti pi\u00f9 grandi si trovano nei minerali perch\u00e9 non \u00e8 un elemento libero, come petalite, pegmatite, spodumene, amblygonite e lepidolite.<\/p>\n<h2> <strong>Composti del litio<\/strong><\/h2>\n<p> Alcuni possono essere il cloruro come eccellente agente essiccante, il bromuro e il nitrato di litio. C&#8217;\u00e8 anche il Carbonato come stabilizzatore dell&#8217;umore. Allo stesso modo, troviamo lo stearato, l\u2019idrossido come purificatore d\u2019aria a CO\u2082 e l\u2019idruro di litio.<\/p>\n<p> In conclusione il Litio \u00e8 un elemento chimico di tipo metallico, alcalino, leggero, tenero, reattivo, duttile, solido e dall&#8217;aspetto bianco brillante. Inoltre, ha applicazioni benefiche nel trattamento della depressione o della malattia mentale.<\/p>\n","protected":false},"excerpt":{"rendered":"<p>Secondo l&#8217;analisi scientifica, il litio, insieme all&#8217;idrogeno e all&#8217;elio, \u00e8 tra i primi elementi dell&#8217;Universo e la sua composizione chimica \u00e8 simile a quella del sodio. Inoltre, \u00e8 abbondante nelle saline e nelle strade vulcaniche, tanto che circa l&#8217;85% delle sue riserve si trovano in Cile, Bolivia e Argentina. Scopri di pi\u00f9 su questo minerale, &#8230; <a title=\"Litio\" class=\"read-more\" href=\"https:\/\/chemuza.org\/it\/litio\/\" aria-label=\"More on Litio\">Per saperne di pi\u00f9<\/a><\/p>\n","protected":false},"author":1,"featured_media":0,"parent":0,"menu_order":0,"comment_status":"closed","ping_status":"closed","template":"","meta":{"footnotes":""},"yoast_head":"<!-- This site is optimized with the Yoast SEO plugin v21.4 - https:\/\/yoast.com\/wordpress\/plugins\/seo\/ -->\n<title>Litio - Chemuza<\/title>\n<meta name=\"robots\" content=\"index, follow, max-snippet:-1, max-image-preview:large, max-video-preview:-1\" \/>\n<link rel=\"canonical\" href=\"https:\/\/chemuza.org\/it\/litio\/\" \/>\n<meta property=\"og:locale\" content=\"it_IT\" \/>\n<meta property=\"og:type\" content=\"article\" \/>\n<meta property=\"og:title\" content=\"Litio - Chemuza\" \/>\n<meta property=\"og:description\" content=\"Secondo l&#8217;analisi scientifica, il litio, insieme all&#8217;idrogeno e all&#8217;elio, \u00e8 tra i primi elementi dell&#8217;Universo e la sua composizione chimica \u00e8 simile a quella del sodio. Inoltre, \u00e8 abbondante nelle saline e nelle strade vulcaniche, tanto che circa l&#8217;85% delle sue riserve si trovano in Cile, Bolivia e Argentina. Scopri di pi\u00f9 su questo minerale, ... Per saperne di pi\u00f9\" \/>\n<meta property=\"og:url\" content=\"https:\/\/chemuza.org\/it\/litio\/\" \/>\n<meta property=\"og:site_name\" content=\"Chemuza\" \/>\n<meta name=\"twitter:card\" content=\"summary_large_image\" \/>\n<meta name=\"twitter:label1\" content=\"Tempo di lettura stimato\" \/>\n\t<meta name=\"twitter:data1\" content=\"4 minuti\" \/>\n<script type=\"application\/ld+json\" class=\"yoast-schema-graph\">{\"@context\":\"https:\/\/schema.org\",\"@graph\":[{\"@type\":\"WebPage\",\"@id\":\"https:\/\/chemuza.org\/it\/litio\/\",\"url\":\"https:\/\/chemuza.org\/it\/litio\/\",\"name\":\"Litio - Chemuza\",\"isPartOf\":{\"@id\":\"https:\/\/chemuza.org\/it\/#website\"},\"datePublished\":\"2023-07-15T11:24:03+00:00\",\"dateModified\":\"2023-07-15T11:24:03+00:00\",\"breadcrumb\":{\"@id\":\"https:\/\/chemuza.org\/it\/litio\/#breadcrumb\"},\"inLanguage\":\"it-IT\",\"potentialAction\":[{\"@type\":\"ReadAction\",\"target\":[\"https:\/\/chemuza.org\/it\/litio\/\"]}]},{\"@type\":\"BreadcrumbList\",\"@id\":\"https:\/\/chemuza.org\/it\/litio\/#breadcrumb\",\"itemListElement\":[{\"@type\":\"ListItem\",\"position\":1,\"name\":\"Casa\",\"item\":\"https:\/\/chemuza.org\/it\/\"},{\"@type\":\"ListItem\",\"position\":2,\"name\":\"Litio\"}]},{\"@type\":\"WebSite\",\"@id\":\"https:\/\/chemuza.org\/it\/#website\",\"url\":\"https:\/\/chemuza.org\/it\/\",\"name\":\"Chemuza\",\"description\":\"La tua porta d&#039;accesso alla scoperta chimica!\",\"publisher\":{\"@id\":\"https:\/\/chemuza.org\/it\/#organization\"},\"potentialAction\":[{\"@type\":\"SearchAction\",\"target\":{\"@type\":\"EntryPoint\",\"urlTemplate\":\"https:\/\/chemuza.org\/it\/?s={search_term_string}\"},\"query-input\":\"required name=search_term_string\"}],\"inLanguage\":\"it-IT\"},{\"@type\":\"Organization\",\"@id\":\"https:\/\/chemuza.org\/it\/#organization\",\"name\":\"Chemuza\",\"url\":\"https:\/\/chemuza.org\/it\/\",\"logo\":{\"@type\":\"ImageObject\",\"inLanguage\":\"it-IT\",\"@id\":\"https:\/\/chemuza.org\/it\/#\/schema\/logo\/image\/\",\"url\":\"https:\/\/chemuza.org\/it\/wp-content\/uploads\/2023\/10\/chemuza-logo.png\",\"contentUrl\":\"https:\/\/chemuza.org\/it\/wp-content\/uploads\/2023\/10\/chemuza-logo.png\",\"width\":387,\"height\":70,\"caption\":\"Chemuza\"},\"image\":{\"@id\":\"https:\/\/chemuza.org\/it\/#\/schema\/logo\/image\/\"}}]}<\/script>\n<!-- \/ Yoast SEO plugin. -->","yoast_head_json":{"title":"Litio - Chemuza","robots":{"index":"index","follow":"follow","max-snippet":"max-snippet:-1","max-image-preview":"max-image-preview:large","max-video-preview":"max-video-preview:-1"},"canonical":"https:\/\/chemuza.org\/it\/litio\/","og_locale":"it_IT","og_type":"article","og_title":"Litio - Chemuza","og_description":"Secondo l&#8217;analisi scientifica, il litio, insieme all&#8217;idrogeno e all&#8217;elio, \u00e8 tra i primi elementi dell&#8217;Universo e la sua composizione chimica \u00e8 simile a quella del sodio. Inoltre, \u00e8 abbondante nelle saline e nelle strade vulcaniche, tanto che circa l&#8217;85% delle sue riserve si trovano in Cile, Bolivia e Argentina. Scopri di pi\u00f9 su questo minerale, ... Per saperne di pi\u00f9","og_url":"https:\/\/chemuza.org\/it\/litio\/","og_site_name":"Chemuza","twitter_card":"summary_large_image","twitter_misc":{"Tempo di lettura stimato":"4 minuti"},"schema":{"@context":"https:\/\/schema.org","@graph":[{"@type":"WebPage","@id":"https:\/\/chemuza.org\/it\/litio\/","url":"https:\/\/chemuza.org\/it\/litio\/","name":"Litio - Chemuza","isPartOf":{"@id":"https:\/\/chemuza.org\/it\/#website"},"datePublished":"2023-07-15T11:24:03+00:00","dateModified":"2023-07-15T11:24:03+00:00","breadcrumb":{"@id":"https:\/\/chemuza.org\/it\/litio\/#breadcrumb"},"inLanguage":"it-IT","potentialAction":[{"@type":"ReadAction","target":["https:\/\/chemuza.org\/it\/litio\/"]}]},{"@type":"BreadcrumbList","@id":"https:\/\/chemuza.org\/it\/litio\/#breadcrumb","itemListElement":[{"@type":"ListItem","position":1,"name":"Casa","item":"https:\/\/chemuza.org\/it\/"},{"@type":"ListItem","position":2,"name":"Litio"}]},{"@type":"WebSite","@id":"https:\/\/chemuza.org\/it\/#website","url":"https:\/\/chemuza.org\/it\/","name":"Chemuza","description":"La tua porta d&#039;accesso alla scoperta chimica!","publisher":{"@id":"https:\/\/chemuza.org\/it\/#organization"},"potentialAction":[{"@type":"SearchAction","target":{"@type":"EntryPoint","urlTemplate":"https:\/\/chemuza.org\/it\/?s={search_term_string}"},"query-input":"required name=search_term_string"}],"inLanguage":"it-IT"},{"@type":"Organization","@id":"https:\/\/chemuza.org\/it\/#organization","name":"Chemuza","url":"https:\/\/chemuza.org\/it\/","logo":{"@type":"ImageObject","inLanguage":"it-IT","@id":"https:\/\/chemuza.org\/it\/#\/schema\/logo\/image\/","url":"https:\/\/chemuza.org\/it\/wp-content\/uploads\/2023\/10\/chemuza-logo.png","contentUrl":"https:\/\/chemuza.org\/it\/wp-content\/uploads\/2023\/10\/chemuza-logo.png","width":387,"height":70,"caption":"Chemuza"},"image":{"@id":"https:\/\/chemuza.org\/it\/#\/schema\/logo\/image\/"}}]}},"yoast_meta":{"yoast_wpseo_title":"","yoast_wpseo_metadesc":"","yoast_wpseo_canonical":""},"_links":{"self":[{"href":"https:\/\/chemuza.org\/it\/wp-json\/wp\/v2\/pages\/1435"}],"collection":[{"href":"https:\/\/chemuza.org\/it\/wp-json\/wp\/v2\/pages"}],"about":[{"href":"https:\/\/chemuza.org\/it\/wp-json\/wp\/v2\/types\/page"}],"author":[{"embeddable":true,"href":"https:\/\/chemuza.org\/it\/wp-json\/wp\/v2\/users\/1"}],"replies":[{"embeddable":true,"href":"https:\/\/chemuza.org\/it\/wp-json\/wp\/v2\/comments?post=1435"}],"version-history":[{"count":0,"href":"https:\/\/chemuza.org\/it\/wp-json\/wp\/v2\/pages\/1435\/revisions"}],"wp:attachment":[{"href":"https:\/\/chemuza.org\/it\/wp-json\/wp\/v2\/media?parent=1435"}],"curies":[{"name":"wp","href":"https:\/\/api.w.org\/{rel}","templated":true}]}}