{"id":1434,"date":"2023-07-15T12:08:19","date_gmt":"2023-07-15T12:08:19","guid":{"rendered":"https:\/\/chemuza.org\/it\/elio\/"},"modified":"2023-07-15T12:08:19","modified_gmt":"2023-07-15T12:08:19","slug":"elio","status":"publish","type":"page","link":"https:\/\/chemuza.org\/it\/elio\/","title":{"rendered":"Elio"},"content":{"rendered":"<p>L&#8217;elio \u00e8 uno degli elementi naturali pi\u00f9 versatili nell&#8217;industria siderurgica e nella scienza medica \u00e8 utile nel funzionamento dei dispositivi diagnostici nucleari. Svolge anche un ruolo importante nell&#8217;aeronautica spaziale, nel funzionamento dei monitor delle radiazioni e dei telescopi.<\/p>\n<h2> <strong>Cos&#8217;\u00e8 l&#8217;elio?<\/strong><\/h2>\n<p> Questo gas \u00e8 7 volte pi\u00f9 leggero dell&#8217;aria, non ha sapore n\u00e9 odore ed \u00e8 incolore. \u00c8 sospeso a basse concentrazioni di soli 5 ppm. \u00c8 inerte, cio\u00e8 non reagisce (salvo alcune eccezioni), \u00e8 meno solubile degli altri gas presenti nei liquidi e non \u00e8 infiammabile. Il suo punto di ebollizione \u00e8 il pi\u00f9 basso tra gli elementi chimici, inoltre non congela e solidifica solo sotto forte pressione. Dopo l&#8217;idrogeno, \u00e8 il pi\u00f9 abbondante nell&#8217;universo.<\/p>\n<h3> <strong>Simbolo dell&#8217;elio<\/strong><\/h3>\n<p> <span class=\"content-chemical-element\" style=\"float: left; width: 65px; height: 65px; border: 3px solid #666; display: flex; justify-content: center; align-items: center; margin-right: 15px;\"><span style=\"font-size: 38px;\">\u00c8<\/span><\/span> un elemento chimico gassoso e fa parte del gruppo O. \u00c8 stato stabilito come monoatomico con il numero 2 e peso standard 4.0026. L&#8217;elio nella tavola periodica occupa il 18\u00b0 posto accanto all&#8217;idrogeno, ma nel blocco p, identificato come gas nobile perch\u00e9 a livello energetico pieno.<\/p>\n<h2> <strong>Caratteristiche dell&#8217;elio<\/strong><\/h2>\n<p> Si tratta di un gas le cui tipologie sono molto particolari e che di seguito vengono descritte:<\/p>\n<ul>\n<li> <strong>Reattivit\u00e0 chimica<\/strong> : Bassa o addirittura nulla perch\u00e9 l&#8217;ultimo strato elettronico \u00e8 completo.<\/li>\n<li> <strong>Fusione e ebollizione<\/strong> : Il suo calore specifico \u00e8 molto elevato e il suo vapore \u00e8 molto denso, si espande rapidamente a temperatura ambiente.<\/li>\n<li> <strong>Stato<\/strong> : Gassoso per la maggior parte del tempo.<\/li>\n<li> <strong>Modifiche<\/strong> : Pu\u00f2 cristallizzare sotto una pressione di -248,15\u00b0C e diventare liquido a temperature molto specifiche.<\/li>\n<li> <strong>Temperatura<\/strong> : 1 atm e 0\u00b0C perch\u00e9 le sue particelle non interagiscono.<\/li>\n<li> <strong>Punto critico<\/strong> : 5,19 K.<\/li>\n<li> <strong>Volume<\/strong> : solo nei solidi 3He e 4He con pressione crescente.<\/li>\n<\/ul>\n<h2> <strong>Propriet\u00e0 chimiche e fisiche dell&#8217;elio<\/strong><\/h2>\n<ol>\n<li> <strong>Numero atomico<\/strong> : 2<\/li>\n<li> <strong>Raggio covalente (\u00c5):<\/strong> 0,93<\/li>\n<li> <strong>Configurazione elettronica:<\/strong> 1 s\u00b2<\/li>\n<li> <strong>Massa atomica (g\/mol):<\/strong> 4,0026<\/li>\n<li> <strong>Potenza di prima ionizzazione (eV):<\/strong> 24,73<\/li>\n<li> <strong>Densit\u00e0 relativa all&#8217;aria:<\/strong> 0,138 (15\u00baC)<\/li>\n<li> <strong>Punto di ebollizione:<\/strong> -268,9\u00b0C (4,22K)<\/li>\n<li> <strong>Punto di fusione:<\/strong> -272,2\u00b0C (0,95K) (26 atm)<\/li>\n<li> <strong>Stato ordinario:<\/strong> Gas<\/li>\n<li> <strong>Entalpia di vaporizzazione:<\/strong> 0,0835 kJ\/mol<\/li>\n<li> <strong>Entalpia di fusione:<\/strong> 5,23 Kj\/mol<\/li>\n<li> <strong>Velocit\u00e0 del suono:<\/strong> 970 m\/s a 293,15 K<\/li>\n<li> <strong>Peso molecolare:<\/strong> 4,00026 g\/mol<\/li>\n<\/ol>\n<h2> <strong>Origine dell&#8217;elio<\/strong><\/h2>\n<p> La parola per questo elemento deriva dal greco Helios, che significa sole. Infatti, fu scoperto nello spettro della corona solare nel 1868, mentre era in corso un&#8217;eclissi. Gli astronomi Pierre Janssen e Norman Lockyer, inglesi e svedesi, ne confermarono l&#8217;esistenza notando una linea gialla sopra l&#8217;India.<\/p>\n<p> Nel 1895, l&#8217;elemento gassoso Elio fu scoperto e isolato sulla Terra dal chimico William Ramsay, grazie alla raccolta di claveite (minerale di uranio), che reagisce con alcuni acidi inorganici. Da parte loro, William Crookes e Lockyer hanno confermato il nuovo elemento con una lunghezza d&#8217;onda di 587,49 nm. Quasi contemporaneamente i chimici Per Theodor Cleve e Nils Langlet riuscirono a isolarlo indipendentemente dalla clavite.<\/p>\n<h2> <strong>A cosa serve l&#8217;elio?<\/strong><\/h2>\n<p> Ha molteplici usi, dal pi\u00f9 grande al quotidiano, anche se non te ne accorgi. Viene generalmente utilizzato nei seguenti ambiti:<\/p>\n<h3> <strong>Scienze e tecnologia<\/strong><\/h3>\n<p> \u00c8 stato utilizzato per costruire microscopi e magneti superconduttori, realizzare immagini di risonanza magnetica e ha applicazioni nella nanotecnologia.<\/p>\n<h3> <strong>Attivit\u00e0 aerospaziale<\/strong><\/h3>\n<p> Con questo elemento vengono manutenute le parti del satellite, viene prodotto il carburante e vengono puliti i motori dei razzi. Inoltre, \u00e8 stato utilizzato per raffreddare l&#8217;idrogeno liquido e l&#8217;ossigeno sulla navicella spaziale Apollo della NASA.<\/p>\n<h3> <strong>Energia nucleare<\/strong><\/h3>\n<p> Alcuni paesi come la Cina vogliono riprodurre l\u2019azione solare o la fusione nucleare, dove l\u2019elio gioca un ruolo di primo piano. L\u2019obiettivo \u00e8 creare energia pulita e quasi inesauribile. Hanno gi\u00e0 un dispositivo molto avanzato, il tokamak, conosciuto come HL-2M, cio\u00e8 un sole artificiale.<\/p>\n<h3> <strong>Uso industriale<\/strong><\/h3>\n<p> Viene utilizzato per individuare perdite utilizzando tecniche di pressurizzazione, vuoto e ultravuoto quando l&#8217;immersione idraulica o il test di pressione non sono sufficienti. \u00c8 anche ampiamente utilizzato nella saldatura ad arco, come l&#8217;argon, perch\u00e9 \u00e8 inerte.<\/p>\n<p> La sua elevata capacit\u00e0 di ionizzazione consente un maggiore apporto di calore, rendendo possibili miscele Ar\/He nella saldatura dell&#8217;alluminio e di altri materiali spessi. D&#8217;altro canto \u00e8 anche un gas protettivo nella produzione di cristalli di germanio, silicio, titanio e zirconio.<\/p>\n<h3> <strong>Vita di ogni giorno<\/strong><\/h3>\n<p> I codici a barre dei registratori di cassa commerciali sono costituiti da elio e neon. Viene utilizzato anche nelle miscele di bombole per immersioni subacquee. Inoltre, viene utilizzato per riempire i dirigibili e i famosi palloncini da festa.<\/p>\n<h2> Maggiori informazioni sull&#8217;elio<\/h2>\n<h2> <strong>Dove trovare l&#8217;elio?<\/strong><\/h2>\n<p> Proviene dall&#8217;estrazione del gas naturale, quindi \u00e8 un sottoprodotto di quest&#8217;ultimo. Questo gas da solo \u00e8 difficile da immagazzinare e il processo \u00e8 estremamente costoso. I paesi produttori di questo elemento sono Stati Uniti, Algeria, Qatar e Russia.<\/p>\n<p> In conclusione, l\u2019elio \u00e8 il secondo gas pi\u00f9 leggero al mondo. Questa condizione lo contrassegna come uno degli elementi naturali in pericolo di estinzione.<\/p>\n","protected":false},"excerpt":{"rendered":"<p>L&#8217;elio \u00e8 uno degli elementi naturali pi\u00f9 versatili nell&#8217;industria siderurgica e nella scienza medica \u00e8 utile nel funzionamento dei dispositivi diagnostici nucleari. Svolge anche un ruolo importante nell&#8217;aeronautica spaziale, nel funzionamento dei monitor delle radiazioni e dei telescopi. Cos&#8217;\u00e8 l&#8217;elio? Questo gas \u00e8 7 volte pi\u00f9 leggero dell&#8217;aria, non ha sapore n\u00e9 odore ed \u00e8 &#8230; <a title=\"Elio\" class=\"read-more\" href=\"https:\/\/chemuza.org\/it\/elio\/\" aria-label=\"More on Elio\">Per saperne di pi\u00f9<\/a><\/p>\n","protected":false},"author":1,"featured_media":0,"parent":0,"menu_order":0,"comment_status":"closed","ping_status":"closed","template":"","meta":{"footnotes":""},"yoast_head":"<!-- This site is optimized with the Yoast SEO plugin v21.4 - https:\/\/yoast.com\/wordpress\/plugins\/seo\/ -->\n<title>Elio - Chemuza<\/title>\n<meta name=\"robots\" content=\"index, follow, max-snippet:-1, max-image-preview:large, max-video-preview:-1\" \/>\n<link rel=\"canonical\" href=\"https:\/\/chemuza.org\/it\/elio\/\" \/>\n<meta property=\"og:locale\" content=\"it_IT\" \/>\n<meta property=\"og:type\" content=\"article\" \/>\n<meta property=\"og:title\" content=\"Elio - Chemuza\" \/>\n<meta property=\"og:description\" content=\"L&#8217;elio \u00e8 uno degli elementi naturali pi\u00f9 versatili nell&#8217;industria siderurgica e nella scienza medica \u00e8 utile nel funzionamento dei dispositivi diagnostici nucleari. Svolge anche un ruolo importante nell&#8217;aeronautica spaziale, nel funzionamento dei monitor delle radiazioni e dei telescopi. Cos&#8217;\u00e8 l&#8217;elio? Questo gas \u00e8 7 volte pi\u00f9 leggero dell&#8217;aria, non ha sapore n\u00e9 odore ed \u00e8 ... Per saperne di pi\u00f9\" \/>\n<meta property=\"og:url\" content=\"https:\/\/chemuza.org\/it\/elio\/\" \/>\n<meta property=\"og:site_name\" content=\"Chemuza\" \/>\n<meta name=\"twitter:card\" content=\"summary_large_image\" \/>\n<meta name=\"twitter:label1\" content=\"Tempo di lettura stimato\" \/>\n\t<meta name=\"twitter:data1\" content=\"4 minuti\" \/>\n<script type=\"application\/ld+json\" class=\"yoast-schema-graph\">{\"@context\":\"https:\/\/schema.org\",\"@graph\":[{\"@type\":\"WebPage\",\"@id\":\"https:\/\/chemuza.org\/it\/elio\/\",\"url\":\"https:\/\/chemuza.org\/it\/elio\/\",\"name\":\"Elio - Chemuza\",\"isPartOf\":{\"@id\":\"https:\/\/chemuza.org\/it\/#website\"},\"datePublished\":\"2023-07-15T12:08:19+00:00\",\"dateModified\":\"2023-07-15T12:08:19+00:00\",\"breadcrumb\":{\"@id\":\"https:\/\/chemuza.org\/it\/elio\/#breadcrumb\"},\"inLanguage\":\"it-IT\",\"potentialAction\":[{\"@type\":\"ReadAction\",\"target\":[\"https:\/\/chemuza.org\/it\/elio\/\"]}]},{\"@type\":\"BreadcrumbList\",\"@id\":\"https:\/\/chemuza.org\/it\/elio\/#breadcrumb\",\"itemListElement\":[{\"@type\":\"ListItem\",\"position\":1,\"name\":\"Casa\",\"item\":\"https:\/\/chemuza.org\/it\/\"},{\"@type\":\"ListItem\",\"position\":2,\"name\":\"Elio\"}]},{\"@type\":\"WebSite\",\"@id\":\"https:\/\/chemuza.org\/it\/#website\",\"url\":\"https:\/\/chemuza.org\/it\/\",\"name\":\"Chemuza\",\"description\":\"La tua porta d&#039;accesso alla scoperta chimica!\",\"publisher\":{\"@id\":\"https:\/\/chemuza.org\/it\/#organization\"},\"potentialAction\":[{\"@type\":\"SearchAction\",\"target\":{\"@type\":\"EntryPoint\",\"urlTemplate\":\"https:\/\/chemuza.org\/it\/?s={search_term_string}\"},\"query-input\":\"required name=search_term_string\"}],\"inLanguage\":\"it-IT\"},{\"@type\":\"Organization\",\"@id\":\"https:\/\/chemuza.org\/it\/#organization\",\"name\":\"Chemuza\",\"url\":\"https:\/\/chemuza.org\/it\/\",\"logo\":{\"@type\":\"ImageObject\",\"inLanguage\":\"it-IT\",\"@id\":\"https:\/\/chemuza.org\/it\/#\/schema\/logo\/image\/\",\"url\":\"https:\/\/chemuza.org\/it\/wp-content\/uploads\/2023\/10\/chemuza-logo.png\",\"contentUrl\":\"https:\/\/chemuza.org\/it\/wp-content\/uploads\/2023\/10\/chemuza-logo.png\",\"width\":387,\"height\":70,\"caption\":\"Chemuza\"},\"image\":{\"@id\":\"https:\/\/chemuza.org\/it\/#\/schema\/logo\/image\/\"}}]}<\/script>\n<!-- \/ Yoast SEO plugin. -->","yoast_head_json":{"title":"Elio - Chemuza","robots":{"index":"index","follow":"follow","max-snippet":"max-snippet:-1","max-image-preview":"max-image-preview:large","max-video-preview":"max-video-preview:-1"},"canonical":"https:\/\/chemuza.org\/it\/elio\/","og_locale":"it_IT","og_type":"article","og_title":"Elio - Chemuza","og_description":"L&#8217;elio \u00e8 uno degli elementi naturali pi\u00f9 versatili nell&#8217;industria siderurgica e nella scienza medica \u00e8 utile nel funzionamento dei dispositivi diagnostici nucleari. Svolge anche un ruolo importante nell&#8217;aeronautica spaziale, nel funzionamento dei monitor delle radiazioni e dei telescopi. Cos&#8217;\u00e8 l&#8217;elio? Questo gas \u00e8 7 volte pi\u00f9 leggero dell&#8217;aria, non ha sapore n\u00e9 odore ed \u00e8 ... Per saperne di pi\u00f9","og_url":"https:\/\/chemuza.org\/it\/elio\/","og_site_name":"Chemuza","twitter_card":"summary_large_image","twitter_misc":{"Tempo di lettura stimato":"4 minuti"},"schema":{"@context":"https:\/\/schema.org","@graph":[{"@type":"WebPage","@id":"https:\/\/chemuza.org\/it\/elio\/","url":"https:\/\/chemuza.org\/it\/elio\/","name":"Elio - Chemuza","isPartOf":{"@id":"https:\/\/chemuza.org\/it\/#website"},"datePublished":"2023-07-15T12:08:19+00:00","dateModified":"2023-07-15T12:08:19+00:00","breadcrumb":{"@id":"https:\/\/chemuza.org\/it\/elio\/#breadcrumb"},"inLanguage":"it-IT","potentialAction":[{"@type":"ReadAction","target":["https:\/\/chemuza.org\/it\/elio\/"]}]},{"@type":"BreadcrumbList","@id":"https:\/\/chemuza.org\/it\/elio\/#breadcrumb","itemListElement":[{"@type":"ListItem","position":1,"name":"Casa","item":"https:\/\/chemuza.org\/it\/"},{"@type":"ListItem","position":2,"name":"Elio"}]},{"@type":"WebSite","@id":"https:\/\/chemuza.org\/it\/#website","url":"https:\/\/chemuza.org\/it\/","name":"Chemuza","description":"La tua porta d&#039;accesso alla scoperta chimica!","publisher":{"@id":"https:\/\/chemuza.org\/it\/#organization"},"potentialAction":[{"@type":"SearchAction","target":{"@type":"EntryPoint","urlTemplate":"https:\/\/chemuza.org\/it\/?s={search_term_string}"},"query-input":"required name=search_term_string"}],"inLanguage":"it-IT"},{"@type":"Organization","@id":"https:\/\/chemuza.org\/it\/#organization","name":"Chemuza","url":"https:\/\/chemuza.org\/it\/","logo":{"@type":"ImageObject","inLanguage":"it-IT","@id":"https:\/\/chemuza.org\/it\/#\/schema\/logo\/image\/","url":"https:\/\/chemuza.org\/it\/wp-content\/uploads\/2023\/10\/chemuza-logo.png","contentUrl":"https:\/\/chemuza.org\/it\/wp-content\/uploads\/2023\/10\/chemuza-logo.png","width":387,"height":70,"caption":"Chemuza"},"image":{"@id":"https:\/\/chemuza.org\/it\/#\/schema\/logo\/image\/"}}]}},"yoast_meta":{"yoast_wpseo_title":"","yoast_wpseo_metadesc":"","yoast_wpseo_canonical":""},"_links":{"self":[{"href":"https:\/\/chemuza.org\/it\/wp-json\/wp\/v2\/pages\/1434"}],"collection":[{"href":"https:\/\/chemuza.org\/it\/wp-json\/wp\/v2\/pages"}],"about":[{"href":"https:\/\/chemuza.org\/it\/wp-json\/wp\/v2\/types\/page"}],"author":[{"embeddable":true,"href":"https:\/\/chemuza.org\/it\/wp-json\/wp\/v2\/users\/1"}],"replies":[{"embeddable":true,"href":"https:\/\/chemuza.org\/it\/wp-json\/wp\/v2\/comments?post=1434"}],"version-history":[{"count":0,"href":"https:\/\/chemuza.org\/it\/wp-json\/wp\/v2\/pages\/1434\/revisions"}],"wp:attachment":[{"href":"https:\/\/chemuza.org\/it\/wp-json\/wp\/v2\/media?parent=1434"}],"curies":[{"name":"wp","href":"https:\/\/api.w.org\/{rel}","templated":true}]}}