{"id":1433,"date":"2023-07-15T12:58:52","date_gmt":"2023-07-15T12:58:52","guid":{"rendered":"https:\/\/chemuza.org\/it\/azoto\/"},"modified":"2023-07-15T12:58:52","modified_gmt":"2023-07-15T12:58:52","slug":"azoto","status":"publish","type":"page","link":"https:\/\/chemuza.org\/it\/azoto\/","title":{"rendered":"Azoto"},"content":{"rendered":"<p>Sapevi che esiste un elemento chimico responsabile dei toni blu, verdi, arancioni, rossi e viola che appaiono nel cielo? S\u00ec, \u00e8 l&#8217;azoto la cui massa corporea rappresenta il 3% degli atomi combinati con altri elementi. Scopri di pi\u00f9 su questo gas, che aspetto ha, a cosa serve e chi lo ha scoperto.<\/p>\n<h2> <strong>Cos&#8217;\u00e8 l&#8217;azoto?<\/strong><\/h2>\n<p> \u00c8 un elemento chimico gassoso in condizioni normali, che non ha colore, odore, sapore o reattivit\u00e0. Si trova nel gruppo dei non metalli. \u00c8 un agente diluente dell&#8217;ossigeno che ha un&#8217;elevata carica elettronegativa e 7 protoni nel suo nucleo. I suoi composti pi\u00f9 noti sono il biossido di azoto, l&#8217;ossido nitrico e il gas esilarante.<\/p>\n<h3> <strong>Simbolo dell&#8217;azoto<\/strong><\/h3>\n<p> <span class=\"content-chemical-element\" style=\"float: left;width: 65px;height: 65px;border: 3px solid #666; display:flex;\n    justify-content: center;align-items: center;margin-right: 15px;\"><span style=\"font-size: 38px;\">N<\/span><\/span> Precedentemente, Az era usato come simbolo, poich\u00e9 era conosciuto come <em>\u00c1zoe<\/em> . Tuttavia, quando viene rinominato, viene rappresentato dalla lettera N. Il termine deriva dalle parole latine <em>nitrum<\/em> , nitro o composti di sodio, e <em>gene<\/em> , generare. In termini semplici, ci\u00f2 significa che genera salnitro.<\/p>\n<h2> <strong>Caratteristiche dell&#8217;azoto<\/strong><\/h2>\n<p> Si trova nel gruppo 15 e periodo 2 della tavola chimica degli elementi ed \u00e8 identificato dalla lettera N. Come gas esiste inesauribilmente nell&#8217;atmosfera grazie al noto ciclo dell&#8217;azoto. Inoltre, presenta stati di ossidazione comuni e stabili. Le altre caratteristiche che gli vengono attribuite sono:<\/p>\n<ul>\n<li> <strong>Allotropi<\/strong> : ne presenta due, molecolare e polimerico.<\/li>\n<li> <strong>Malleabile<\/strong> : mancanza di malleabilit\u00e0 e duttilit\u00e0.<\/li>\n<li> <strong>Magnetismo<\/strong> : non \u00e8 un buon conduttore di calore ed elettricit\u00e0, come il resto dei cosiddetti non metalli.<\/li>\n<li> <strong>Durezza<\/strong> : appare senza dati sulla durezza minerale.<\/li>\n<li> <strong>Colore<\/strong> : non visualizza alcun colore.<\/li>\n<li> <strong>Condizione<\/strong> : Gas normale, anche se pu\u00f2 essere trasformato in azoto solido o liquido.<\/li>\n<li> <strong>Sapore e odore<\/strong> : insapore e inodore.<\/li>\n<li> <strong>Solubilit\u00e0<\/strong> : A contatto con l&#8217;acqua.<\/li>\n<\/ul>\n<h2> <strong>Propriet\u00e0 chimiche e fisiche dell&#8217;azoto<\/strong><\/h2>\n<ol>\n<li> <strong>Numero atomico<\/strong> : 7<\/li>\n<li> <strong>Gruppo<\/strong> : 15<\/li>\n<li> <strong>Periodo<\/strong> : 2<\/li>\n<li> <strong>blocco<\/strong> : p<\/li>\n<li> <strong>Peso atomico<\/strong> : 14.007<\/li>\n<li> <strong>Densit\u00e0<\/strong> : 1,2506 kg\/m\u00b3<\/li>\n<li> <strong>Condizione<\/strong> : Gas<\/li>\n<li> <strong>Ossido<\/strong> : Non presente<\/li>\n<li> <strong>Punto di fusione<\/strong> : -210\u00b0C<\/li>\n<li> <strong>Punto di ebollizione<\/strong> : -196\u00b0C<\/li>\n<li> <strong>Calore specifico<\/strong> : 1040 J\/(K-kg)<\/li>\n<li> <strong>Elettronegativit\u00e0<\/strong> : 3.04<\/li>\n<li> <strong>Raggio medio<\/strong> : 65 ore<\/li>\n<li> <strong>Raggio covalente<\/strong> : 75h<\/li>\n<li> <strong>Raggio atomico<\/strong> : 56 ore<\/li>\n<li> <strong>Elettroni per guscio<\/strong> : 2,5<\/li>\n<li> <strong>Stati di ossidazione<\/strong> : +3, 5, 4, 2, 1<\/li>\n<li> <strong>Configurazione elettronica<\/strong> : [He]2s <sup>2<\/sup> 2p <sup>3<\/sup><\/li>\n<\/ol>\n<h2> <strong>Origine dell&#8217;azoto<\/strong><\/h2>\n<p> Fu scoperto ufficialmente nel 1772 dallo scozzese Daniel Rutherford. Questa sostanza chimica ha mostrato alcune delle sue propriet\u00e0, come il fatto che non ha la capacit\u00e0 di sostenere la vita, n\u00e9 di bruciare. Successivamente il francese Antoine Lavoisier lo chiam\u00f2 aria mefitica e poi azo\u00e9, cio\u00e8 senza vita. Pi\u00f9 tardi, il dottor Jean Chaptal suggerir\u00e0 il nome azoto per la sua presenza nel salnitro o nitro.<\/p>\n<h2> <strong>A cosa serve l&#8217;azoto?<\/strong><\/h2>\n<p> Uno degli usi pi\u00f9 pratici \u00e8 quello di conservare gli alimenti confezionati, poich\u00e9 ne sospende l&#8217;ossidazione. Allo stesso modo, viene utilizzato negli esplosivi chimici per interromperne l&#8217;esplosione, consumare lampadine, produrre acciaio inossidabile e realizzare parti elettroniche come circuiti integrati o transistor.<\/p>\n<p> Inoltre, viene utilizzato nei carburanti per aerei perch\u00e9 previene l&#8217;esposizione agli incendi. Inoltre viene utilizzato durante la produzione di fertilizzanti e, allo stato liquido, \u00e8 utile nella conservazione delle piastrine e del sangue. Inoltre, \u00e8 incluso nella maggior parte dei farmaci farmacologici, inclusa l&#8217;anestesia.<\/p>\n<h2> <strong>operare in natura<\/strong><\/h2>\n<p> Il suo contributo all&#8217;ambiente \u00e8 fondamentale, perch\u00e9 l&#8217;assenza del ciclo dell&#8217;azoto pu\u00f2 influenzare negativamente la vita sulla terra. La verit\u00e0 \u00e8 che questo elemento permette ai batteri di fertilizzare il terreno. Viene quindi immagazzinato in piante che servono come cibo per la fauna selvatica.<\/p>\n<h2> <strong>Dove si trova questo minerale?<\/strong><\/h2>\n<p> Questo elemento \u00e8 abbondante nell&#8217;atmosfera terrestre, poich\u00e9 l&#8217;80% dell&#8217;aria \u00e8 composta da diazoto (N2). Inoltre, \u00e8 presente nelle piante, negli alimenti, nelle sostanze tossiche, nei fertilizzanti e persino negli esplosivi chimici.<\/p>\n<h2> <strong>Struttura dell&#8217;azoto<\/strong><\/h2>\n<p> \u00c8 generalmente costituito da due tipi di isotopi stabili, vale a dire N14, prodotto nel ciclo CNO, e N15. Possiamo trovarne anche altri di origine radioattiva, ad esempio N12, N13, N16 e N17, che sono prodotti di varie reazioni nucleari.<\/p>\n<h2> <strong>Ottenere azoto azoto<\/strong><\/h2>\n<p> Di solito viene acquisito nell&#8217;atmosfera quando l&#8217;aria passa attraverso il ferro caldo o il rame, separando cos\u00ec l&#8217;ossigeno dall&#8217;aria per lasciare l&#8217;N mescolato con gas non reattivi. Inoltre, \u00e8 possibile isolarlo mediante distillazione frazionata dell&#8217;aria allo stato liquido. In questo modo \u00e8 possibile separarlo dall&#8217;ossigeno liquido.<\/p>\n<h2> <strong>Effetti sul corpo umano<\/strong><\/h2>\n<p> \u00c8 in grado di provocare effetti dannosi per la salute, grazie ai nitriti e ai nitrati presenti nell\u2019acqua, come la riduzione del flusso di ossigeno nel sangue. Allo stesso modo, riduce il corretto funzionamento della ghiandola tiroidea, impedisce l\u2019immagazzinamento di vitamina A e produce nitrosammine, responsabili del cancro.<\/p>\n<p> In breve, la parola azoto si riferisce ad un elemento chimico gassoso, incolore, inodore e insapore. Tra le sue caratteristiche manca reattivit\u00e0, duttilit\u00e0 e malleabilit\u00e0. Le sue numerose applicazioni includono il carburante per aerei e il suo potere di prevenire l&#8217;ossidazione degli alimenti.<\/p>\n<h2> Maggiori informazioni sull&#8217;azoto<\/h2>\n","protected":false},"excerpt":{"rendered":"<p>Sapevi che esiste un elemento chimico responsabile dei toni blu, verdi, arancioni, rossi e viola che appaiono nel cielo? S\u00ec, \u00e8 l&#8217;azoto la cui massa corporea rappresenta il 3% degli atomi combinati con altri elementi. Scopri di pi\u00f9 su questo gas, che aspetto ha, a cosa serve e chi lo ha scoperto. Cos&#8217;\u00e8 l&#8217;azoto? \u00c8 &#8230; <a title=\"Azoto\" class=\"read-more\" href=\"https:\/\/chemuza.org\/it\/azoto\/\" aria-label=\"More on Azoto\">Per saperne di pi\u00f9<\/a><\/p>\n","protected":false},"author":1,"featured_media":0,"parent":0,"menu_order":0,"comment_status":"closed","ping_status":"closed","template":"","meta":{"footnotes":""},"yoast_head":"<!-- This site is optimized with the Yoast SEO plugin v21.4 - https:\/\/yoast.com\/wordpress\/plugins\/seo\/ -->\n<title>Azoto - Chemuza<\/title>\n<meta name=\"robots\" content=\"index, follow, max-snippet:-1, max-image-preview:large, max-video-preview:-1\" \/>\n<link rel=\"canonical\" href=\"https:\/\/chemuza.org\/it\/azoto\/\" \/>\n<meta property=\"og:locale\" content=\"it_IT\" \/>\n<meta property=\"og:type\" content=\"article\" \/>\n<meta property=\"og:title\" content=\"Azoto - Chemuza\" \/>\n<meta property=\"og:description\" content=\"Sapevi che esiste un elemento chimico responsabile dei toni blu, verdi, arancioni, rossi e viola che appaiono nel cielo? S\u00ec, \u00e8 l&#8217;azoto la cui massa corporea rappresenta il 3% degli atomi combinati con altri elementi. Scopri di pi\u00f9 su questo gas, che aspetto ha, a cosa serve e chi lo ha scoperto. Cos&#8217;\u00e8 l&#8217;azoto? \u00c8 ... Per saperne di pi\u00f9\" \/>\n<meta property=\"og:url\" content=\"https:\/\/chemuza.org\/it\/azoto\/\" \/>\n<meta property=\"og:site_name\" content=\"Chemuza\" \/>\n<meta name=\"twitter:card\" content=\"summary_large_image\" \/>\n<meta name=\"twitter:label1\" content=\"Tempo di lettura stimato\" \/>\n\t<meta name=\"twitter:data1\" content=\"4 minuti\" \/>\n<script type=\"application\/ld+json\" class=\"yoast-schema-graph\">{\"@context\":\"https:\/\/schema.org\",\"@graph\":[{\"@type\":\"WebPage\",\"@id\":\"https:\/\/chemuza.org\/it\/azoto\/\",\"url\":\"https:\/\/chemuza.org\/it\/azoto\/\",\"name\":\"Azoto - Chemuza\",\"isPartOf\":{\"@id\":\"https:\/\/chemuza.org\/it\/#website\"},\"datePublished\":\"2023-07-15T12:58:52+00:00\",\"dateModified\":\"2023-07-15T12:58:52+00:00\",\"breadcrumb\":{\"@id\":\"https:\/\/chemuza.org\/it\/azoto\/#breadcrumb\"},\"inLanguage\":\"it-IT\",\"potentialAction\":[{\"@type\":\"ReadAction\",\"target\":[\"https:\/\/chemuza.org\/it\/azoto\/\"]}]},{\"@type\":\"BreadcrumbList\",\"@id\":\"https:\/\/chemuza.org\/it\/azoto\/#breadcrumb\",\"itemListElement\":[{\"@type\":\"ListItem\",\"position\":1,\"name\":\"Casa\",\"item\":\"https:\/\/chemuza.org\/it\/\"},{\"@type\":\"ListItem\",\"position\":2,\"name\":\"Azoto\"}]},{\"@type\":\"WebSite\",\"@id\":\"https:\/\/chemuza.org\/it\/#website\",\"url\":\"https:\/\/chemuza.org\/it\/\",\"name\":\"Chemuza\",\"description\":\"La tua porta d&#039;accesso alla scoperta chimica!\",\"publisher\":{\"@id\":\"https:\/\/chemuza.org\/it\/#organization\"},\"potentialAction\":[{\"@type\":\"SearchAction\",\"target\":{\"@type\":\"EntryPoint\",\"urlTemplate\":\"https:\/\/chemuza.org\/it\/?s={search_term_string}\"},\"query-input\":\"required name=search_term_string\"}],\"inLanguage\":\"it-IT\"},{\"@type\":\"Organization\",\"@id\":\"https:\/\/chemuza.org\/it\/#organization\",\"name\":\"Chemuza\",\"url\":\"https:\/\/chemuza.org\/it\/\",\"logo\":{\"@type\":\"ImageObject\",\"inLanguage\":\"it-IT\",\"@id\":\"https:\/\/chemuza.org\/it\/#\/schema\/logo\/image\/\",\"url\":\"https:\/\/chemuza.org\/it\/wp-content\/uploads\/2023\/10\/chemuza-logo.png\",\"contentUrl\":\"https:\/\/chemuza.org\/it\/wp-content\/uploads\/2023\/10\/chemuza-logo.png\",\"width\":387,\"height\":70,\"caption\":\"Chemuza\"},\"image\":{\"@id\":\"https:\/\/chemuza.org\/it\/#\/schema\/logo\/image\/\"}}]}<\/script>\n<!-- \/ Yoast SEO plugin. -->","yoast_head_json":{"title":"Azoto - Chemuza","robots":{"index":"index","follow":"follow","max-snippet":"max-snippet:-1","max-image-preview":"max-image-preview:large","max-video-preview":"max-video-preview:-1"},"canonical":"https:\/\/chemuza.org\/it\/azoto\/","og_locale":"it_IT","og_type":"article","og_title":"Azoto - Chemuza","og_description":"Sapevi che esiste un elemento chimico responsabile dei toni blu, verdi, arancioni, rossi e viola che appaiono nel cielo? S\u00ec, \u00e8 l&#8217;azoto la cui massa corporea rappresenta il 3% degli atomi combinati con altri elementi. Scopri di pi\u00f9 su questo gas, che aspetto ha, a cosa serve e chi lo ha scoperto. Cos&#8217;\u00e8 l&#8217;azoto? \u00c8 ... Per saperne di pi\u00f9","og_url":"https:\/\/chemuza.org\/it\/azoto\/","og_site_name":"Chemuza","twitter_card":"summary_large_image","twitter_misc":{"Tempo di lettura stimato":"4 minuti"},"schema":{"@context":"https:\/\/schema.org","@graph":[{"@type":"WebPage","@id":"https:\/\/chemuza.org\/it\/azoto\/","url":"https:\/\/chemuza.org\/it\/azoto\/","name":"Azoto - Chemuza","isPartOf":{"@id":"https:\/\/chemuza.org\/it\/#website"},"datePublished":"2023-07-15T12:58:52+00:00","dateModified":"2023-07-15T12:58:52+00:00","breadcrumb":{"@id":"https:\/\/chemuza.org\/it\/azoto\/#breadcrumb"},"inLanguage":"it-IT","potentialAction":[{"@type":"ReadAction","target":["https:\/\/chemuza.org\/it\/azoto\/"]}]},{"@type":"BreadcrumbList","@id":"https:\/\/chemuza.org\/it\/azoto\/#breadcrumb","itemListElement":[{"@type":"ListItem","position":1,"name":"Casa","item":"https:\/\/chemuza.org\/it\/"},{"@type":"ListItem","position":2,"name":"Azoto"}]},{"@type":"WebSite","@id":"https:\/\/chemuza.org\/it\/#website","url":"https:\/\/chemuza.org\/it\/","name":"Chemuza","description":"La tua porta d&#039;accesso alla scoperta chimica!","publisher":{"@id":"https:\/\/chemuza.org\/it\/#organization"},"potentialAction":[{"@type":"SearchAction","target":{"@type":"EntryPoint","urlTemplate":"https:\/\/chemuza.org\/it\/?s={search_term_string}"},"query-input":"required name=search_term_string"}],"inLanguage":"it-IT"},{"@type":"Organization","@id":"https:\/\/chemuza.org\/it\/#organization","name":"Chemuza","url":"https:\/\/chemuza.org\/it\/","logo":{"@type":"ImageObject","inLanguage":"it-IT","@id":"https:\/\/chemuza.org\/it\/#\/schema\/logo\/image\/","url":"https:\/\/chemuza.org\/it\/wp-content\/uploads\/2023\/10\/chemuza-logo.png","contentUrl":"https:\/\/chemuza.org\/it\/wp-content\/uploads\/2023\/10\/chemuza-logo.png","width":387,"height":70,"caption":"Chemuza"},"image":{"@id":"https:\/\/chemuza.org\/it\/#\/schema\/logo\/image\/"}}]}},"yoast_meta":{"yoast_wpseo_title":"","yoast_wpseo_metadesc":"","yoast_wpseo_canonical":""},"_links":{"self":[{"href":"https:\/\/chemuza.org\/it\/wp-json\/wp\/v2\/pages\/1433"}],"collection":[{"href":"https:\/\/chemuza.org\/it\/wp-json\/wp\/v2\/pages"}],"about":[{"href":"https:\/\/chemuza.org\/it\/wp-json\/wp\/v2\/types\/page"}],"author":[{"embeddable":true,"href":"https:\/\/chemuza.org\/it\/wp-json\/wp\/v2\/users\/1"}],"replies":[{"embeddable":true,"href":"https:\/\/chemuza.org\/it\/wp-json\/wp\/v2\/comments?post=1433"}],"version-history":[{"count":0,"href":"https:\/\/chemuza.org\/it\/wp-json\/wp\/v2\/pages\/1433\/revisions"}],"wp:attachment":[{"href":"https:\/\/chemuza.org\/it\/wp-json\/wp\/v2\/media?parent=1433"}],"curies":[{"name":"wp","href":"https:\/\/api.w.org\/{rel}","templated":true}]}}