{"id":1432,"date":"2023-07-15T14:45:00","date_gmt":"2023-07-15T14:45:00","guid":{"rendered":"https:\/\/chemuza.org\/it\/boro\/"},"modified":"2023-07-15T14:45:00","modified_gmt":"2023-07-15T14:45:00","slug":"boro","status":"publish","type":"page","link":"https:\/\/chemuza.org\/it\/boro\/","title":{"rendered":"Boro"},"content":{"rendered":"<p>Il boro \u00e8 un elemento della tavola periodica ed esiste naturalmente nell&#8217;ambiente. Si combina con l&#8217;ossigeno e altri elementi per formare i cosiddetti borati. Allo stesso modo, luoghi come il suolo, le rocce, gli oceani e persino il carbone contengono questo composto chimico. Scopri i dettagli riguardanti l&#8217;origine, le propriet\u00e0 e i vantaggi di questo metalloide.<\/p>\n<h2> <strong>Cos&#8217;\u00e8 il boro?<\/strong><\/h2>\n<p> \u00c8 un elemento chimico metalloide e semiconduttore che esiste abbondantemente nel borace minerale. Questo composto \u00e8 costituito da due componenti B amorfi e metallici. La prima \u00e8 una polvere marrone e la seconda \u00e8 nera, dura e poco conduttiva a temperatura ambiente.<\/p>\n<h3> <strong>Simbolo del boro<\/strong><\/h3>\n<p> <span class=\"content-chemical-element\" style=\"float: left; width: 65px; height: 65px; border: 3px solid #666; display: flex; justify-content: center; align-items: center; margin-right: 15px;\"><span style=\"font-size: 38px;\">B<\/span><\/span> \u00c8 identificato nella tavola periodica dal simbolo B. Inoltre, la sua massa \u00e8 circa 10,811 ed \u00e8 contrassegnato con il numero atomico 5. Il suo nome deriva dalla parola araba buraq o dal persiano burah, che significa borace. .<\/p>\n<h2> <strong>Caratteristiche del boro<\/strong><\/h2>\n<p> \u00c8 un elemento molto raro, sia nella crosta terrestre che nel sistema solare. \u00c8 dotato di trasmissione di radiazioni infrarosse. La sua conduttivit\u00e0 elettrica \u00e8 elevata se sottoposto a temperature elevate. Altre particolarit\u00e0 sono:<\/p>\n<ul>\n<li> <strong>Colore:<\/strong> Scuro \u00e8 lo stato puro.<\/li>\n<li> <strong>Aspetto:<\/strong> duro.<\/li>\n<li> <strong>Conduttivit\u00e0 elettrica:<\/strong> \u00e8 un semiconduttore.<\/li>\n<li> <strong>Forma:<\/strong> Cristalli rossi con una densit\u00e0 di circa 2,46 grammi.<\/li>\n<li> <strong>Metalloide:<\/strong> ci\u00f2 significa che contiene elementi metallici e non metallici.<\/li>\n<li> <strong>Condizione:<\/strong> nella sua forma naturale, \u00e8 solido.<\/li>\n<li> <strong>Magneticit\u00e0:<\/strong> Non presente.<\/li>\n<li> <strong>Solubilit\u00e0:<\/strong> \u00e8 insolubile in acqua, etere e alcol, ma \u00e8 solubile in acidi nitrici.<\/li>\n<\/ul>\n<h2> <strong>Propriet\u00e0 chimiche e fisiche del boro<\/strong><\/h2>\n<ol>\n<li> <strong>Numero atomico:<\/strong> 5<\/li>\n<li> <strong>Stato di ossidazione:<\/strong> +3<\/li>\n<li> <strong>Valenza:<\/strong> 3<\/li>\n<li> <strong>Elettronegativit\u00e0:<\/strong> 2.0<\/li>\n<li> <strong>Raggio atomico (A):<\/strong> 0,98<\/li>\n<li> <strong>Raggio covalente (A):<\/strong> 0,82<\/li>\n<li> <strong>Raggio ionico (A):<\/strong> 0,20<\/li>\n<li> <strong>Massa atomica:<\/strong> 10.811<\/li>\n<li> <strong>Stato di ossidazione:<\/strong> +3<\/li>\n<li> <strong>Punto di ebollizione (\u00b0C):<\/strong> 4000<\/li>\n<li> <strong>Punto di fusione (\u00b0C):<\/strong> 2030<\/li>\n<li> <strong>blocco:<\/strong> pag<\/li>\n<li> <strong>Protoni:<\/strong> 5<\/li>\n<li> <strong>Livello degli elettroni:<\/strong> 2, 3<\/li>\n<li> <strong>Neutroni:<\/strong> 6<\/li>\n<li> <strong>Periodo:<\/strong> 2<\/li>\n<li> <strong>Densit\u00e0 (g\/ml):<\/strong> 2,34<\/li>\n<li> <strong>Potenziale di prima ionizzazione<\/strong> (eV): 8,33<\/li>\n<li> <strong>Configurazione elettronica:<\/strong> [He] 2s <sup>2<\/sup> 2p <sup>1<\/sup><\/li>\n<\/ol>\n<h2> <strong>Origine del boro<\/strong><\/h2>\n<p> La sua scoperta risale al 1808 ed \u00e8 attribuita a Davy Humphry, Lussac Gay e Thernand L. Questi scienziati sperimentarono trattando l&#8217;acido borico con il potassio, perch\u00e9 a quel tempo era nota l&#8217;affinit\u00e0 del potassio con l&#8217;ossigeno.<\/p>\n<h2> <strong>A cosa serve Boro?<\/strong><\/h2>\n<p> Tutti i derivati dell&#8217;elemento sono utilizzati dall&#8217;industria nella produzione di smalti, fibre di vetro isolanti, strumenti dentistici e vetro borosilicato. Inoltre, l&#8217;acido borico viene utilizzato nei prodotti tessili e il borace \u00e8 comune nei prodotti per la pulizia e negli antisettici. Anche in campo medico \u00e8 efficace nel trattamento dell&#8217;artrite e nella sua forma amorfa viene utilizzato per fuochi d&#8217;artificio che lampeggiano di colori verde brillante.<\/p>\n<p> D&#8217;altronde \u00e8 un elemento solido, resistente e solido, motivo per cui i suoi filamenti vengono utilizzati nella costruzione di strutture e armature aerospaziali. Con il nitruro di boro, infatti, si pu\u00f2 formare un diamante solido che ha propriet\u00e0 per il processo di raffinazione dell&#8217;alluminio.<\/p>\n<h2> <strong>Boro e salute<\/strong><\/h2>\n<p> Questo composto viene rapidamente eliminato dal corpo, anche se piccole frazioni si legano alle ossa e contribuiscono a diverse importanti funzioni del corpo. Scopri la relazione di questo elemento con la salute:<\/p>\n<h3> <strong>Migliora l&#8217;attivit\u00e0 ormonale<\/strong><\/h3>\n<p> Un buon livello di vitamina B nel corpo pu\u00f2 fare la differenza nella quantit\u00e0 di ormoni sessuali maschili e femminili, che sono testosterone e progesterone.<\/p>\n<h3> <strong>Aiuta la funzione cerebrale<\/strong><\/h3>\n<p> \u00c8 stato dimostrato che questo composto influenza l&#8217;aumento delle capacit\u00e0 cognitive, della memoria a breve termine e dell&#8217;attivit\u00e0 elettrica del cervello, in particolare negli anziani.<\/p>\n<h3> <strong>trattamento per il cancro<\/strong><\/h3>\n<p> Esiste un trattamento sperimentale approvato dalla Commissione Europea ad Amsterdam che irradia il boro-10 nei pazienti affetti da cancro al cervello. Il principio \u00e8 quello di garantire che la radioterapia faccia attenzione a non danneggiare le cellule sane del corpo. Si prevede inoltre che possa aiutare a prevenire il cancro alla cervice, alla tiroide e al fegato.<\/p>\n<h3> <strong>guarisce le ferite<\/strong><\/h3>\n<p> Come derivato, l&#8217;acido borico \u00e8 efficace nel trattamento dell&#8217;acne e delle malattie comuni della pelle come il piede d&#8217;atleta, come antisettico per le ustioni e nella guarigione di ferite minori.<\/p>\n<h2> <strong>Alimenti contenenti boro<\/strong><\/h2>\n<p> Guarda alcuni alimenti ricchi di B e beneficia dei suoi benefici consumandoli naturalmente in:<\/p>\n<ul>\n<li> <strong>Frutta<\/strong> : come pesche, uva, prugne, uva, mele e arance.<\/li>\n<li> <strong>Verdure<\/strong> : patate, avocado e broccoli.<\/li>\n<li> <strong>Bevande<\/strong> : vino, birra, latte, caff\u00e8 e miele.<\/li>\n<li> <strong>Verdura<\/strong> : piselli, arachidi e fagioli.<\/li>\n<\/ul>\n<p> In conclusione, il boro \u00e8 un elemento naturale non abbondante e disponibile nel carbone, nelle rocce e negli oceani. Inoltre, \u00e8 stato scoperto nel XVIII secolo e alcune delle sue applicazioni riguardano l&#8217;industria tessile e il miglioramento della salute.<\/p>\n","protected":false},"excerpt":{"rendered":"<p>Il boro \u00e8 un elemento della tavola periodica ed esiste naturalmente nell&#8217;ambiente. Si combina con l&#8217;ossigeno e altri elementi per formare i cosiddetti borati. Allo stesso modo, luoghi come il suolo, le rocce, gli oceani e persino il carbone contengono questo composto chimico. Scopri i dettagli riguardanti l&#8217;origine, le propriet\u00e0 e i vantaggi di questo &#8230; <a title=\"Boro\" class=\"read-more\" href=\"https:\/\/chemuza.org\/it\/boro\/\" aria-label=\"More on Boro\">Per saperne di pi\u00f9<\/a><\/p>\n","protected":false},"author":1,"featured_media":0,"parent":0,"menu_order":0,"comment_status":"closed","ping_status":"closed","template":"","meta":{"footnotes":""},"yoast_head":"<!-- This site is optimized with the Yoast SEO plugin v21.4 - https:\/\/yoast.com\/wordpress\/plugins\/seo\/ -->\n<title>Boro - Chemuza<\/title>\n<meta name=\"robots\" content=\"index, follow, max-snippet:-1, max-image-preview:large, max-video-preview:-1\" \/>\n<link rel=\"canonical\" href=\"https:\/\/chemuza.org\/it\/boro\/\" \/>\n<meta property=\"og:locale\" content=\"it_IT\" \/>\n<meta property=\"og:type\" content=\"article\" \/>\n<meta property=\"og:title\" content=\"Boro - Chemuza\" \/>\n<meta property=\"og:description\" content=\"Il boro \u00e8 un elemento della tavola periodica ed esiste naturalmente nell&#8217;ambiente. Si combina con l&#8217;ossigeno e altri elementi per formare i cosiddetti borati. Allo stesso modo, luoghi come il suolo, le rocce, gli oceani e persino il carbone contengono questo composto chimico. Scopri i dettagli riguardanti l&#8217;origine, le propriet\u00e0 e i vantaggi di questo ... Per saperne di pi\u00f9\" \/>\n<meta property=\"og:url\" content=\"https:\/\/chemuza.org\/it\/boro\/\" \/>\n<meta property=\"og:site_name\" content=\"Chemuza\" \/>\n<meta name=\"twitter:card\" content=\"summary_large_image\" \/>\n<meta name=\"twitter:label1\" content=\"Tempo di lettura stimato\" \/>\n\t<meta name=\"twitter:data1\" content=\"3 minuti\" \/>\n<script type=\"application\/ld+json\" class=\"yoast-schema-graph\">{\"@context\":\"https:\/\/schema.org\",\"@graph\":[{\"@type\":\"WebPage\",\"@id\":\"https:\/\/chemuza.org\/it\/boro\/\",\"url\":\"https:\/\/chemuza.org\/it\/boro\/\",\"name\":\"Boro - Chemuza\",\"isPartOf\":{\"@id\":\"https:\/\/chemuza.org\/it\/#website\"},\"datePublished\":\"2023-07-15T14:45:00+00:00\",\"dateModified\":\"2023-07-15T14:45:00+00:00\",\"breadcrumb\":{\"@id\":\"https:\/\/chemuza.org\/it\/boro\/#breadcrumb\"},\"inLanguage\":\"it-IT\",\"potentialAction\":[{\"@type\":\"ReadAction\",\"target\":[\"https:\/\/chemuza.org\/it\/boro\/\"]}]},{\"@type\":\"BreadcrumbList\",\"@id\":\"https:\/\/chemuza.org\/it\/boro\/#breadcrumb\",\"itemListElement\":[{\"@type\":\"ListItem\",\"position\":1,\"name\":\"Casa\",\"item\":\"https:\/\/chemuza.org\/it\/\"},{\"@type\":\"ListItem\",\"position\":2,\"name\":\"Boro\"}]},{\"@type\":\"WebSite\",\"@id\":\"https:\/\/chemuza.org\/it\/#website\",\"url\":\"https:\/\/chemuza.org\/it\/\",\"name\":\"Chemuza\",\"description\":\"La tua porta d&#039;accesso alla scoperta chimica!\",\"publisher\":{\"@id\":\"https:\/\/chemuza.org\/it\/#organization\"},\"potentialAction\":[{\"@type\":\"SearchAction\",\"target\":{\"@type\":\"EntryPoint\",\"urlTemplate\":\"https:\/\/chemuza.org\/it\/?s={search_term_string}\"},\"query-input\":\"required name=search_term_string\"}],\"inLanguage\":\"it-IT\"},{\"@type\":\"Organization\",\"@id\":\"https:\/\/chemuza.org\/it\/#organization\",\"name\":\"Chemuza\",\"url\":\"https:\/\/chemuza.org\/it\/\",\"logo\":{\"@type\":\"ImageObject\",\"inLanguage\":\"it-IT\",\"@id\":\"https:\/\/chemuza.org\/it\/#\/schema\/logo\/image\/\",\"url\":\"https:\/\/chemuza.org\/it\/wp-content\/uploads\/2023\/10\/chemuza-logo.png\",\"contentUrl\":\"https:\/\/chemuza.org\/it\/wp-content\/uploads\/2023\/10\/chemuza-logo.png\",\"width\":387,\"height\":70,\"caption\":\"Chemuza\"},\"image\":{\"@id\":\"https:\/\/chemuza.org\/it\/#\/schema\/logo\/image\/\"}}]}<\/script>\n<!-- \/ Yoast SEO plugin. -->","yoast_head_json":{"title":"Boro - Chemuza","robots":{"index":"index","follow":"follow","max-snippet":"max-snippet:-1","max-image-preview":"max-image-preview:large","max-video-preview":"max-video-preview:-1"},"canonical":"https:\/\/chemuza.org\/it\/boro\/","og_locale":"it_IT","og_type":"article","og_title":"Boro - Chemuza","og_description":"Il boro \u00e8 un elemento della tavola periodica ed esiste naturalmente nell&#8217;ambiente. Si combina con l&#8217;ossigeno e altri elementi per formare i cosiddetti borati. Allo stesso modo, luoghi come il suolo, le rocce, gli oceani e persino il carbone contengono questo composto chimico. Scopri i dettagli riguardanti l&#8217;origine, le propriet\u00e0 e i vantaggi di questo ... Per saperne di pi\u00f9","og_url":"https:\/\/chemuza.org\/it\/boro\/","og_site_name":"Chemuza","twitter_card":"summary_large_image","twitter_misc":{"Tempo di lettura stimato":"3 minuti"},"schema":{"@context":"https:\/\/schema.org","@graph":[{"@type":"WebPage","@id":"https:\/\/chemuza.org\/it\/boro\/","url":"https:\/\/chemuza.org\/it\/boro\/","name":"Boro - Chemuza","isPartOf":{"@id":"https:\/\/chemuza.org\/it\/#website"},"datePublished":"2023-07-15T14:45:00+00:00","dateModified":"2023-07-15T14:45:00+00:00","breadcrumb":{"@id":"https:\/\/chemuza.org\/it\/boro\/#breadcrumb"},"inLanguage":"it-IT","potentialAction":[{"@type":"ReadAction","target":["https:\/\/chemuza.org\/it\/boro\/"]}]},{"@type":"BreadcrumbList","@id":"https:\/\/chemuza.org\/it\/boro\/#breadcrumb","itemListElement":[{"@type":"ListItem","position":1,"name":"Casa","item":"https:\/\/chemuza.org\/it\/"},{"@type":"ListItem","position":2,"name":"Boro"}]},{"@type":"WebSite","@id":"https:\/\/chemuza.org\/it\/#website","url":"https:\/\/chemuza.org\/it\/","name":"Chemuza","description":"La tua porta d&#039;accesso alla scoperta chimica!","publisher":{"@id":"https:\/\/chemuza.org\/it\/#organization"},"potentialAction":[{"@type":"SearchAction","target":{"@type":"EntryPoint","urlTemplate":"https:\/\/chemuza.org\/it\/?s={search_term_string}"},"query-input":"required name=search_term_string"}],"inLanguage":"it-IT"},{"@type":"Organization","@id":"https:\/\/chemuza.org\/it\/#organization","name":"Chemuza","url":"https:\/\/chemuza.org\/it\/","logo":{"@type":"ImageObject","inLanguage":"it-IT","@id":"https:\/\/chemuza.org\/it\/#\/schema\/logo\/image\/","url":"https:\/\/chemuza.org\/it\/wp-content\/uploads\/2023\/10\/chemuza-logo.png","contentUrl":"https:\/\/chemuza.org\/it\/wp-content\/uploads\/2023\/10\/chemuza-logo.png","width":387,"height":70,"caption":"Chemuza"},"image":{"@id":"https:\/\/chemuza.org\/it\/#\/schema\/logo\/image\/"}}]}},"yoast_meta":{"yoast_wpseo_title":"","yoast_wpseo_metadesc":"","yoast_wpseo_canonical":""},"_links":{"self":[{"href":"https:\/\/chemuza.org\/it\/wp-json\/wp\/v2\/pages\/1432"}],"collection":[{"href":"https:\/\/chemuza.org\/it\/wp-json\/wp\/v2\/pages"}],"about":[{"href":"https:\/\/chemuza.org\/it\/wp-json\/wp\/v2\/types\/page"}],"author":[{"embeddable":true,"href":"https:\/\/chemuza.org\/it\/wp-json\/wp\/v2\/users\/1"}],"replies":[{"embeddable":true,"href":"https:\/\/chemuza.org\/it\/wp-json\/wp\/v2\/comments?post=1432"}],"version-history":[{"count":0,"href":"https:\/\/chemuza.org\/it\/wp-json\/wp\/v2\/pages\/1432\/revisions"}],"wp:attachment":[{"href":"https:\/\/chemuza.org\/it\/wp-json\/wp\/v2\/media?parent=1432"}],"curies":[{"name":"wp","href":"https:\/\/api.w.org\/{rel}","templated":true}]}}